{"id":381,"date":"2023-03-15T17:35:24","date_gmt":"2023-03-15T17:35:24","guid":{"rendered":"https:\/\/livecasinofinder.com\/?page_id=381"},"modified":"2025-06-03T11:06:50","modified_gmt":"2025-06-03T11:06:50","slug":"about-us","status":"publish","type":"page","link":"https:\/\/livecasinofinder.com\/tr\/about-us\/","title":{"rendered":"Hakk\u0131m\u0131zda"},"content":{"rendered":"<p>Tarafs\u0131z ve bilgilendirici live casino incelemeleri i\u00e7in g\u00fcvenilir kayna\u011f\u0131n\u0131z livecasinofinder.com'a ho\u015f geldiniz. Birincil misyonumuz, sorumlu kumar uygulamalar\u0131n\u0131 te\u015fvik etmeye odaklanarak okuyucular\u0131m\u0131za en g\u00fcvenilir ve g\u00fcvenilir \u00e7evrimi\u00e7i kumarhaneler hakk\u0131nda do\u011fru ve g\u00fcncel bilgiler sa\u011flamakt\u0131r.<\/p>\n<p>livecasinofinder.com'da, size \u00e7evrimi\u00e7i olarak mevcut en iyi live casino'ler hakk\u0131nda do\u011fru ve bilgilendirici incelemeler sunmaya kendimizi adad\u0131k. \u00d6ncelikli misyonumuz, \u00e7evrimi\u00e7i olarak nerede kumar oynayaca\u011f\u0131n\u0131z konusunda bilin\u00e7li kararlar vermenize yard\u0131mc\u0131 olmakt\u0131r.<\/p>\n<h2>Bizim Tak\u0131m\u0131m\u0131z<\/h2>\n<p><a href=\"\/tr\/recommends\/reg\/\" target=\"_blank\" rel=\"noreferrer noopener nofollow\"><img decoding=\"async\" class=\"wp-image-392 alignright\" src=\"https:\/\/livecasinofinder.com\/wp-content\/uploads\/2023\/03\/team.jpg\" alt=\"Canl\u0131 casino ekibi.\" width=\"346\" height=\"192\" srcset=\"https:\/\/livecasinofinder.com\/wp-content\/uploads\/2023\/03\/team.jpg 597w, https:\/\/livecasinofinder.com\/wp-content\/uploads\/2023\/03\/team-300x166.jpg 300w, https:\/\/livecasinofinder.com\/wp-content\/uploads\/2023\/03\/team-18x10.jpg 18w, https:\/\/livecasinofinder.com\/wp-content\/uploads\/2023\/03\/team-72x40.jpg 72w, https:\/\/livecasinofinder.com\/wp-content\/uploads\/2023\/03\/team-58x32.jpg 58w, https:\/\/livecasinofinder.com\/wp-content\/uploads\/2023\/03\/team-144x80.jpg 144w, https:\/\/livecasinofinder.com\/wp-content\/uploads\/2023\/03\/team-243x135.jpg 243w\" sizes=\"(max-width: 346px) 100vw, 346px\" \/><\/a><\/p>\n<p>Deneyimli ve bilgili yorumculardan olu\u015fan ekibimiz, okuyucular\u0131m\u0131za m\u00fcmk\u00fcn olan en iyi bilgileri sunmaya kendini adam\u0131\u015ft\u0131r. Kapsaml\u0131 ara\u015ft\u0131rma ve analizin \u00f6nemine inan\u0131yor ve bulgular\u0131m\u0131za dayanarak d\u00fcr\u00fcst ve tarafs\u0131z incelemeler sunmaya \u00e7al\u0131\u015f\u0131yoruz.<\/p>\n<h2>Avantajlar\u0131m\u0131z<\/h2>\n<p><a href=\"\/tr\/recommends\/reg\/\" target=\"_blank\" rel=\"noreferrer noopener nofollow\"><img decoding=\"async\" class=\"wp-image-384 alignleft\" src=\"https:\/\/livecasinofinder.com\/wp-content\/uploads\/2023\/03\/advantages.jpg\" alt=\"Lucasoilraceway.com avantajlar\u0131.\" width=\"496\" height=\"498\" srcset=\"https:\/\/livecasinofinder.com\/wp-content\/uploads\/2023\/03\/advantages.jpg 463w, https:\/\/livecasinofinder.com\/wp-content\/uploads\/2023\/03\/advantages-300x300.jpg 300w, https:\/\/livecasinofinder.com\/wp-content\/uploads\/2023\/03\/advantages-150x150.jpg 150w, https:\/\/livecasinofinder.com\/wp-content\/uploads\/2023\/03\/advantages-12x12.jpg 12w, https:\/\/livecasinofinder.com\/wp-content\/uploads\/2023\/03\/advantages-40x40.jpg 40w, https:\/\/livecasinofinder.com\/wp-content\/uploads\/2023\/03\/advantages-50x50.jpg 50w, https:\/\/livecasinofinder.com\/wp-content\/uploads\/2023\/03\/advantages-100x100.jpg 100w, https:\/\/livecasinofinder.com\/wp-content\/uploads\/2023\/03\/advantages-120x120.jpg 120w, https:\/\/livecasinofinder.com\/wp-content\/uploads\/2023\/03\/advantages-135x135.jpg 135w, https:\/\/livecasinofinder.com\/wp-content\/uploads\/2023\/03\/advantages-270x270.jpg 270w, https:\/\/livecasinofinder.com\/wp-content\/uploads\/2023\/03\/advantages-32x32.jpg 32w, https:\/\/livecasinofinder.com\/wp-content\/uploads\/2023\/03\/advantages-80x80.jpg 80w, https:\/\/livecasinofinder.com\/wp-content\/uploads\/2023\/03\/advantages-134x135.jpg 134w\" sizes=\"(max-width: 496px) 100vw, 496px\" \/><\/a><\/p>\n<p>livecasinofinder.com'u se\u00e7menin avantajlar\u0131ndan biri de sorumlu kumar oynamaya olan ba\u011fl\u0131l\u0131\u011f\u0131m\u0131zd\u0131r. G\u00fcvenli ve kontroll\u00fc oyun uygulamalar\u0131n\u0131 te\u015fvik etmekten gurur duyuyoruz ve okuyucular\u0131m\u0131za \u00e7evrimi\u00e7i kumarla ilgili bilin\u00e7li kararlar vermelerine yard\u0131mc\u0131 olmak i\u00e7in do\u011fru ve g\u00fcncel bilgiler sunmay\u0131 ama\u00e7l\u0131yoruz.<\/p>\n<p>Bir di\u011fer avantaj\u0131m\u0131z da bilgilendirici i\u00e7eri\u011fe odaklanmam\u0131zd\u0131r. \u0130\u00e7eri\u011fimiz, okuyucular\u0131m\u0131za \u00e7evrimi\u00e7i olarak nerede kumar oynayacaklar\u0131na karar vermeleri i\u00e7in ihtiya\u00e7 duyduklar\u0131 bilgileri vererek yard\u0131mc\u0131 ve bilgilendirici olacak \u015fekilde tasarlanm\u0131\u015ft\u0131r. \u00c7evrimi\u00e7i kumar\u0131n hem heyecan verici hem de bunalt\u0131c\u0131 olabilece\u011fini anl\u0131yoruz ve ayr\u0131nt\u0131l\u0131 ve anla\u015f\u0131lmas\u0131 kolay incelemeler sunarak s\u00fcreci basitle\u015ftirmeye \u00e7al\u0131\u015f\u0131yoruz.<\/p>\n<p>Ba\u011f\u0131ms\u0131z bir site olarak, inceledi\u011fimiz \u00e7evrimi\u00e7i casinolar\u0131n hi\u00e7birine ba\u011fl\u0131 de\u011filiz, bu da kapsaml\u0131 ara\u015ft\u0131rma ve analizlere dayanan tarafs\u0131z ve objektif incelemeler sunmam\u0131z\u0131 sa\u011fl\u0131yor. Sorumlu kumar uygulamalar\u0131n\u0131 te\u015fvik etme taahh\u00fcd\u00fcm\u00fczden ve sa\u011fl\u0131kl\u0131 ve keyifli bir oyun deneyimini te\u015fvik etmeye odaklanmam\u0131zdan gurur duyuyoruz.<\/p>\n<p>Online casino pazar\u0131n\u0131 s\u00fcrekli olarak izliyor ve incelemelerimizi buna g\u00f6re g\u00fcncelliyoruz, b\u00f6ylece okuyucular\u0131m\u0131z e\u011frinin \u00f6n\u00fcnde kalabilir ve bilin\u00e7li kararlar verebilirler. Okurlar\u0131m\u0131za ve ortaklar\u0131m\u0131za m\u00fcmk\u00fcn olan en iyi hizmeti sunmaya kararl\u0131y\u0131z ve geri bildirim ve \u00f6nerileri memnuniyetle kar\u015f\u0131l\u0131yoruz. Herhangi bir sorunuz veya yorumunuz varsa, l\u00fctfen bizimle ileti\u015fime ge\u00e7mekten \u00e7ekinmeyin.<\/p>\n<h2>Sonu\u00e7<\/h2>\n<p>live casino incelemeleri i\u00e7in g\u00fcvenilir kayna\u011f\u0131n\u0131z olarak livecasinofinder.com'u se\u00e7ti\u011finiz i\u00e7in te\u015fekk\u00fcr ederiz. Okuyucular\u0131m\u0131za ve ortaklar\u0131m\u0131za m\u00fcmk\u00fcn olan en iyi hizmeti sunmay\u0131 taahh\u00fct ediyoruz ve geri bildirim ve \u00f6nerileri memnuniyetle kar\u015f\u0131l\u0131yoruz. Herhangi bir sorunuz veya yorumunuz varsa, l\u00fctfen bizimle ileti\u015fime ge\u00e7mekten \u00e7ekinmeyin. Bilin\u00e7li kararlar vermenize ve keyifli ve g\u00fcvenli bir \u00e7evrimi\u00e7i kumar deneyimi ya\u015faman\u0131za yard\u0131mc\u0131 olmay\u0131 d\u00f6rt g\u00f6zle bekliyoruz.<\/p>","protected":false},"excerpt":{"rendered":"<p>Tarafs\u0131z ve bilgilendirici live casino incelemeleri i\u00e7in g\u00fcvenilir kayna\u011f\u0131n\u0131z livecasinofinder.com'a ho\u015f geldiniz. Birincil misyonumuz, sorumlu kumar uygulamalar\u0131n\u0131 te\u015fvik etmeye odaklanarak okuyucular\u0131m\u0131za en g\u00fcvenilir ve g\u00fcvenilir \u00e7evrimi\u00e7i kumarhaneler hakk\u0131nda do\u011fru ve g\u00fcncel bilgiler sa\u011flamakt\u0131r. Livecasinofinder.com'da, size do\u011fru ve bilgilendirici incelemeler sunmaya kendimizi adad\u0131k [...]<\/p>","protected":false},"author":1,"featured_media":0,"parent":0,"menu_order":0,"comment_status":"closed","ping_status":"closed","template":"page-full-width.php","meta":{"_lmt_disableupdate":"no","_lmt_disable":"no","footnotes":""},"class_list":["post-381","page","type-page","status-publish","hentry"],"yoast_head":"<!-- This site is optimized with the Yoast SEO plugin v26.4 - https:\/\/yoast.com\/wordpress\/plugins\/seo\/ -->\n<title>About Us - Live Casino Finder Team and Mission<\/title>\n<meta name=\"description\" content=\"Learn how Live Casino Finder helps you choose the best live casinos with trusted reviews and expert guidance for a confident gaming experience.\" \/>\n<meta name=\"robots\" content=\"index, follow, max-snippet:-1, max-image-preview:large, max-video-preview:-1\" \/>\n<link rel=\"canonical\" href=\"https:\/\/livecasinofinder.com\/wp-json\/wp\/v2\/pages\/381\/\" \/>\n<meta property=\"og:locale\" content=\"tr_TR\" \/>\n<meta property=\"og:type\" content=\"article\" \/>\n<meta property=\"og:title\" content=\"About Us - Live Casino Finder Team and Mission\" \/>\n<meta property=\"og:description\" content=\"Learn how Live Casino Finder helps you choose the best live casinos with trusted reviews and expert guidance for a confident gaming experience.\" \/>\n<meta property=\"og:url\" content=\"https:\/\/livecasinofinder.com\/tr\/about-us\/\" \/>\n<meta property=\"og:site_name\" content=\"livecasinofinder.com\" \/>\n<meta property=\"article:modified_time\" content=\"2025-06-03T11:06:50+00:00\" \/>\n<meta property=\"og:image\" content=\"https:\/\/livecasinofinder.com\/wp-content\/uploads\/2023\/03\/team.jpg\" \/>\n\t<meta property=\"og:image:width\" content=\"597\" \/>\n\t<meta property=\"og:image:height\" content=\"331\" \/>\n\t<meta property=\"og:image:type\" content=\"image\/jpeg\" \/>\n<meta name=\"twitter:card\" content=\"summary_large_image\" \/>\n<meta name=\"twitter:label1\" content=\"Tahmini okuma s\u00fcresi\" \/>\n\t<meta name=\"twitter:data1\" content=\"3 dakika\" \/>\n<!-- \/ Yoast SEO plugin. -->","yoast_head_json":{"title":"About Us - Live Casino Finder Team and Mission","description":"Learn how Live Casino Finder helps you choose the best live casinos with trusted reviews and expert guidance for a confident gaming experience.","robots":{"index":"index","follow":"follow","max-snippet":"max-snippet:-1","max-image-preview":"max-image-preview:large","max-video-preview":"max-video-preview:-1"},"canonical":"https:\/\/livecasinofinder.com\/wp-json\/wp\/v2\/pages\/381\/","og_locale":"tr_TR","og_type":"article","og_title":"About Us - Live Casino Finder Team and Mission","og_description":"Learn how Live Casino Finder helps you choose the best live casinos with trusted reviews and expert guidance for a confident gaming experience.","og_url":"https:\/\/livecasinofinder.com\/tr\/about-us\/","og_site_name":"livecasinofinder.com","article_modified_time":"2025-06-03T11:06:50+00:00","og_image":[{"width":597,"height":331,"url":"https:\/\/livecasinofinder.com\/wp-content\/uploads\/2023\/03\/team.jpg","type":"image\/jpeg"}],"twitter_card":"summary_large_image","twitter_misc":{"Tahmini okuma s\u00fcresi":"3 dakika"},"schema":{"@context":"https:\/\/schema.org","@graph":[{"@type":"WebPage","@id":"https:\/\/livecasinofinder.com\/about-us\/","url":"https:\/\/livecasinofinder.com\/about-us\/","name":"About Us - Live Casino Finder Team and Mission","isPartOf":{"@id":"https:\/\/livecasinofinder.com\/ja\/#website"},"primaryImageOfPage":{"@id":"https:\/\/livecasinofinder.com\/about-us\/#primaryimage"},"image":{"@id":"https:\/\/livecasinofinder.com\/about-us\/#primaryimage"},"thumbnailUrl":"https:\/\/livecasinofinder.com\/wp-content\/uploads\/2023\/03\/team.jpg","datePublished":"2023-03-15T17:35:24+00:00","dateModified":"2025-06-03T11:06:50+00:00","description":"Learn how Live Casino Finder helps you choose the best live casinos with trusted reviews and expert guidance for a confident gaming experience.","breadcrumb":{"@id":"https:\/\/livecasinofinder.com\/about-us\/#breadcrumb"},"inLanguage":"tr","potentialAction":[{"@type":"ReadAction","target":["https:\/\/livecasinofinder.com\/about-us\/"]}]},{"@type":"ImageObject","inLanguage":"tr","@id":"https:\/\/livecasinofinder.com\/about-us\/#primaryimage","url":"https:\/\/livecasinofinder.com\/wp-content\/uploads\/2023\/03\/team.jpg","contentUrl":"https:\/\/livecasinofinder.com\/wp-content\/uploads\/2023\/03\/team.jpg"},{"@type":"BreadcrumbList","@id":"https:\/\/livecasinofinder.com\/about-us\/#breadcrumb","itemListElement":[{"@type":"ListItem","position":1,"name":"LiveCasinoFinder.com","item":"https:\/\/livecasinofinder.com\/fr\/"},{"@type":"ListItem","position":2,"name":"About Us"}]},{"@type":"WebSite","@id":"https:\/\/livecasinofinder.com\/ja\/#website","url":"https:\/\/livecasinofinder.com\/ja\/","name":"livecasinofinder","description":"","publisher":{"@id":"https:\/\/livecasinofinder.com\/ja\/#organization"},"alternateName":"Lucas oil raceway live casino","potentialAction":[{"@type":"SearchAction","target":{"@type":"EntryPoint","urlTemplate":"https:\/\/livecasinofinder.com\/ja\/?s={search_term_string}"},"query-input":{"@type":"PropertyValueSpecification","valueRequired":true,"valueName":"search_term_string"}}],"inLanguage":"tr"},{"@type":"Organization","@id":"https:\/\/livecasinofinder.com\/ja\/#organization","name":"Canl\u0131 Casino Bulucu","alternateName":"Lucas oil raceway live casino","url":"https:\/\/livecasinofinder.com\/ja\/","logo":{"@type":"ImageObject","inLanguage":"tr","@id":"https:\/\/livecasinofinder.com\/ja\/#\/schema\/logo\/image\/","url":"https:\/\/livecasinofinder.com\/wp-content\/uploads\/2023\/04\/livecasinofinder-logo.png","contentUrl":"https:\/\/livecasinofinder.com\/wp-content\/uploads\/2023\/04\/livecasinofinder-logo.png","width":1600,"height":453,"caption":"Live Casino Finder"},"image":{"@id":"https:\/\/livecasinofinder.com\/ja\/#\/schema\/logo\/image\/"}}]}},"_links":{"self":[{"href":"https:\/\/livecasinofinder.com\/tr\/wp-json\/wp\/v2\/pages\/381","targetHints":{"allow":["GET"]}}],"collection":[{"href":"https:\/\/livecasinofinder.com\/tr\/wp-json\/wp\/v2\/pages"}],"about":[{"href":"https:\/\/livecasinofinder.com\/tr\/wp-json\/wp\/v2\/types\/page"}],"author":[{"embeddable":true,"href":"https:\/\/livecasinofinder.com\/tr\/wp-json\/wp\/v2\/users\/1"}],"replies":[{"embeddable":true,"href":"https:\/\/livecasinofinder.com\/tr\/wp-json\/wp\/v2\/comments?post=381"}],"version-history":[{"count":0,"href":"https:\/\/livecasinofinder.com\/tr\/wp-json\/wp\/v2\/pages\/381\/revisions"}],"wp:attachment":[{"href":"https:\/\/livecasinofinder.com\/tr\/wp-json\/wp\/v2\/media?parent=381"}],"curies":[{"name":"wp","href":"https:\/\/api.w.org\/{rel}","templated":true}]}}