{"id":2113,"date":"2023-06-20T14:28:59","date_gmt":"2023-06-20T14:28:59","guid":{"rendered":"https:\/\/livecasinofinder.com\/?page_id=2113"},"modified":"2025-06-03T11:11:51","modified_gmt":"2025-06-03T11:11:51","slug":"terms-and-conditions","status":"publish","type":"page","link":"https:\/\/livecasinofinder.com\/tr\/terms-and-conditions\/","title":{"rendered":"\u015eartlar ve Ko\u015fullar"},"content":{"rendered":"<p>LiveCasinoFinder.com'a ho\u015f geldiniz. A\u015fa\u011f\u0131daki H\u00fck\u00fcm ve Ko\u015fullar, bu sitenin kullan\u0131m\u0131n\u0131 d\u00fczenler <a href=\"\/tr\/\">LiveCasinoFinder.com web sitesi<\/a>. Hizmetlerimizi kullanmadan \u00f6nce bu H\u00fck\u00fcm ve Ko\u015fullar\u0131 okuyup anlaman\u0131z zorunludur.<\/p>\n<div id=\"ez-toc-container\" class=\"ez-toc-v2_0_63 counter-hierarchy ez-toc-counter ez-toc-grey ez-toc-container-direction\">\n<label for=\"ez-toc-cssicon-toggle-item-69e0dc41e0580\" class=\"ez-toc-cssicon-toggle-label\"><span class=\"ez-toc-cssicon\"><span class=\"eztoc-hide\" style=\"display:none;\">Ge\u00e7i\u015f<\/span><span class=\"ez-toc-icon-toggle-span\"><svg style=\"fill: #999;color:#999\" xmlns=\"http:\/\/www.w3.org\/2000\/svg\" class=\"list-377408\" width=\"20px\" height=\"20px\" viewbox=\"0 0 24 24\" fill=\"none\"><path d=\"M6 6H4v2h2V6zm14 0H8v2h12V6zM4 11h2v2H4v-2zm16 0H8v2h12v-2zM4 16h2v2H4v-2zm16 0H8v2h12v-2z\" fill=\"currentColor\"><\/path><\/svg><svg style=\"fill: #999;color:#999\" class=\"arrow-unsorted-368013\" xmlns=\"http:\/\/www.w3.org\/2000\/svg\" width=\"10px\" height=\"10px\" viewbox=\"0 0 24 24\" version=\"1.2\" baseprofile=\"tiny\"><path d=\"M18.2 9.3l-6.2-6.3-6.2 6.3c-.2.2-.3.4-.3.7s.1.5.3.7c.2.2.4.3.7.3h11c.3 0 .5-.1.7-.3.2-.2.3-.5.3-.7s-.1-.5-.3-.7zM5.8 14.7l6.2 6.3 6.2-6.3c.2-.2.3-.5.3-.7s-.1-.5-.3-.7c-.2-.2-.4-.3-.7-.3h-11c-.3 0-.5.1-.7.3-.2.2-.3.5-.3.7s.1.5.3.7z\"\/><\/svg><\/span><\/span><\/label><input type=\"checkbox\"  id=\"ez-toc-cssicon-toggle-item-69e0dc41e0580\" checked aria-label=\"Ge\u00e7i\u015f\" \/><nav><ul class='ez-toc-list ez-toc-list-level-1' ><li class='ez-toc-page-1 ez-toc-heading-level-2'><a class=\"ez-toc-link ez-toc-heading-1\" href=\"https:\/\/livecasinofinder.com\/tr\/terms-and-conditions\/#Purpose_of_the_Terms_and_Conditions_and_Information\" title=\"H\u00fck\u00fcm ve Ko\u015fullar\u0131n Amac\u0131 ve Bilgilendirme\">H\u00fck\u00fcm ve Ko\u015fullar\u0131n Amac\u0131 ve Bilgilendirme<\/a><\/li><li class='ez-toc-page-1 ez-toc-heading-level-2'><a class=\"ez-toc-link ez-toc-heading-2\" href=\"https:\/\/livecasinofinder.com\/tr\/terms-and-conditions\/#Disclaimer_and_Legal_Advice\" title=\"Sorumluluk Reddi ve Yasal Tavsiye\">Sorumluluk Reddi ve Yasal Tavsiye<\/a><\/li><li class='ez-toc-page-1 ez-toc-heading-level-2'><a class=\"ez-toc-link ez-toc-heading-3\" href=\"https:\/\/livecasinofinder.com\/tr\/terms-and-conditions\/#LiveCasinoFindercom_as_an_Independent_Gambling_Directory_and_Information_Service\" title=\"Ba\u011f\u0131ms\u0131z Bir Kumar Rehberi ve Bilgi Hizmeti Olarak LiveCasinoFinder.com\">Ba\u011f\u0131ms\u0131z Bir Kumar Rehberi ve Bilgi Hizmeti Olarak LiveCasinoFinder.com<\/a><\/li><li class='ez-toc-page-1 ez-toc-heading-level-2'><a class=\"ez-toc-link ez-toc-heading-4\" href=\"https:\/\/livecasinofinder.com\/tr\/terms-and-conditions\/#Accuracy_of_Information\" title=\"Bilgilerin Do\u011frulu\u011fu\">Bilgilerin Do\u011frulu\u011fu<\/a><\/li><li class='ez-toc-page-1 ez-toc-heading-level-2'><a class=\"ez-toc-link ez-toc-heading-5\" href=\"https:\/\/livecasinofinder.com\/tr\/terms-and-conditions\/#User_Responsibility_for_Legality_of_Games_and_Wagers\" title=\"Oyunlar\u0131n ve Bahislerin Yasall\u0131\u011f\u0131 Konusunda Kullan\u0131c\u0131 Sorumlulu\u011fu\">Oyunlar\u0131n ve Bahislerin Yasall\u0131\u011f\u0131 Konusunda Kullan\u0131c\u0131 Sorumlulu\u011fu<\/a><\/li><li class='ez-toc-page-1 ez-toc-heading-level-2'><a class=\"ez-toc-link ez-toc-heading-6\" href=\"https:\/\/livecasinofinder.com\/tr\/terms-and-conditions\/#Limitation_of_Liability\" title=\"Sorumlulu\u011fun S\u0131n\u0131rland\u0131r\u0131lmas\u0131\">Sorumlulu\u011fun S\u0131n\u0131rland\u0131r\u0131lmas\u0131<\/a><\/li><li class='ez-toc-page-1 ez-toc-heading-level-2'><a class=\"ez-toc-link ez-toc-heading-7\" href=\"https:\/\/livecasinofinder.com\/tr\/terms-and-conditions\/#Modification_of_Information_and_Future_Obligations\" title=\"Bilgilerin ve Gelecekteki Y\u00fck\u00fcml\u00fcl\u00fcklerin De\u011fi\u015ftirilmesi\">Bilgilerin ve Gelecekteki Y\u00fck\u00fcml\u00fcl\u00fcklerin De\u011fi\u015ftirilmesi<\/a><\/li><li class='ez-toc-page-1 ez-toc-heading-level-2'><a class=\"ez-toc-link ez-toc-heading-8\" href=\"https:\/\/livecasinofinder.com\/tr\/terms-and-conditions\/#Trademarks_and_Copyrights\" title=\"Ticari Markalar ve Telif Haklar\u0131\">Ticari Markalar ve Telif Haklar\u0131<\/a><\/li><li class='ez-toc-page-1 ez-toc-heading-level-2'><a class=\"ez-toc-link ez-toc-heading-9\" href=\"https:\/\/livecasinofinder.com\/tr\/terms-and-conditions\/#Copying_and_Transmission_Restrictions\" title=\"Kopyalama ve \u0130letim K\u0131s\u0131tlamalar\u0131\">Kopyalama ve \u0130letim K\u0131s\u0131tlamalar\u0131<\/a><\/li><li class='ez-toc-page-1 ez-toc-heading-level-2'><a class=\"ez-toc-link ez-toc-heading-10\" href=\"https:\/\/livecasinofinder.com\/tr\/terms-and-conditions\/#Intellectual_Property_Rights\" title=\"Fikri M\u00fclkiyet Haklar\u0131\">Fikri M\u00fclkiyet Haklar\u0131<\/a><\/li><li class='ez-toc-page-1 ez-toc-heading-level-2'><a class=\"ez-toc-link ez-toc-heading-11\" href=\"https:\/\/livecasinofinder.com\/tr\/terms-and-conditions\/#Information_Accuracy_and_Reporting\" title=\"Bilgi Do\u011frulu\u011fu ve Raporlama\">Bilgi Do\u011frulu\u011fu ve Raporlama<\/a><\/li><li class='ez-toc-page-1 ez-toc-heading-level-2'><a class=\"ez-toc-link ez-toc-heading-12\" href=\"https:\/\/livecasinofinder.com\/tr\/terms-and-conditions\/#Content_Removal_and_Discretion_of_livecasinofindercom\" title=\"livecasinofinder.com&#039;un \u0130\u00e7erik Kald\u0131rma ve Takdir Yetkisi\">livecasinofinder.com'un \u0130\u00e7erik Kald\u0131rma ve Takdir Yetkisi<\/a><\/li><li class='ez-toc-page-1 ez-toc-heading-level-2'><a class=\"ez-toc-link ez-toc-heading-13\" href=\"https:\/\/livecasinofinder.com\/tr\/terms-and-conditions\/#Live_Casino_Finder_Complaints_Service\" title=\"Canl\u0131 Casino Finder \u015eik\u00e2yet Servisi\">Canl\u0131 Casino Finder \u015eik\u00e2yet Servisi<\/a><\/li><li class='ez-toc-page-1 ez-toc-heading-level-2'><a class=\"ez-toc-link ez-toc-heading-14\" href=\"https:\/\/livecasinofinder.com\/tr\/terms-and-conditions\/#Terms_and_Conditions_of_LiveCasinoFindercom\" title=\"LiveCasinoFinder.com&#039;un H\u00fck\u00fcm ve Ko\u015fullar\u0131\">LiveCasinoFinder.com'un H\u00fck\u00fcm ve Ko\u015fullar\u0131<\/a><\/li><li class='ez-toc-page-1 ez-toc-heading-level-2'><a class=\"ez-toc-link ez-toc-heading-15\" href=\"https:\/\/livecasinofinder.com\/tr\/terms-and-conditions\/#Conclusion\" title=\"Sonu\u00e7\">Sonu\u00e7<\/a><\/li><\/ul><\/nav><\/div>\n\n<h2><span class=\"ez-toc-section\" id=\"Purpose_of_the_Terms_and_Conditions_and_Information\"><\/span>H\u00fck\u00fcm ve Ko\u015fullar\u0131n Amac\u0131 ve Bilgilendirme<span class=\"ez-toc-section-end\"><\/span><\/h2>\n<p>Burada belirtilen \u015eartlar ve Ko\u015fullar, LiveCasinoFinder.com ile kullan\u0131c\u0131lar\u0131 aras\u0131ndaki ili\u015fkiyi belirleyen kurallar\u0131 ve d\u00fczenlemeleri ana hatlar\u0131yla belirtmeyi ama\u00e7lamaktad\u0131r. Kullan\u0131c\u0131lar\u0131n haklar\u0131n\u0131, y\u00fck\u00fcml\u00fcl\u00fcklerini ve LiveCasinoFinder.com taraf\u0131ndan sa\u011flanan hizmetleri kullanman\u0131n s\u0131n\u0131rlamalar\u0131n\u0131 anlamalar\u0131 \u00e7ok \u00f6nemlidir.<\/p>\n<h2><span class=\"ez-toc-section\" id=\"Disclaimer_and_Legal_Advice\"><\/span>Sorumluluk Reddi ve Yasal Tavsiye<span class=\"ez-toc-section-end\"><\/span><\/h2>\n<p>LiveCasinoFinder.com'daki i\u00e7eri\u011fin yaln\u0131zca bilgilendirme ama\u00e7l\u0131 oldu\u011funu l\u00fctfen unutmay\u0131n. Bu sitedeki hi\u00e7bir \u015fey yasal tavsiye olarak al\u0131nmamal\u0131d\u0131r. Kullan\u0131c\u0131lar, \u00f6zellikle \u00e7evrimi\u00e7i kumarla ilgili yasal konularda hukuk m\u00fc\u015favirine dan\u0131\u015fmal\u0131d\u0131r.<\/p>\n<h2><span class=\"ez-toc-section\" id=\"LiveCasinoFindercom_as_an_Independent_Gambling_Directory_and_Information_Service\"><\/span>Ba\u011f\u0131ms\u0131z Bir Kumar Rehberi ve Bilgi Hizmeti Olarak LiveCasinoFinder.com<span class=\"ez-toc-section-end\"><\/span><\/h2>\n<p>LiveCasinoFinder.com, live casino'ler hakk\u0131nda incelemeler ve bilgiler sunan ba\u011f\u0131ms\u0131z bir \u00e7evrimi\u00e7i dizin ve bilgi hizmetidir. Herhangi bir kumar hizmeti i\u015fletmiyoruz ve herhangi bir kumarhane operat\u00f6r\u00fcne ba\u011fl\u0131 de\u011filiz.<\/p>\n<h2><span class=\"ez-toc-section\" id=\"Accuracy_of_Information\"><\/span>Bilgilerin Do\u011frulu\u011fu<span class=\"ez-toc-section-end\"><\/span><\/h2>\n<p>LiveCasinoFinder.com, sa\u011flanan bilgilerin do\u011fru ve g\u00fcncel olmas\u0131n\u0131 sa\u011flamak i\u00e7in \u00f6nemli \u00e7aba sarf etse de, mutlak do\u011frulu\u011funu garanti edemeyiz. Kullan\u0131c\u0131lar\u0131n sa\u011fduyulu davranmalar\u0131 ve bilgileri ba\u011f\u0131ms\u0131z olarak do\u011frulamalar\u0131 tavsiye edilir.<\/p>\n<h2><span class=\"ez-toc-section\" id=\"User_Responsibility_for_Legality_of_Games_and_Wagers\"><\/span>Oyunlar\u0131n ve Bahislerin Yasall\u0131\u011f\u0131 Konusunda Kullan\u0131c\u0131 Sorumlulu\u011fu<span class=\"ez-toc-section-end\"><\/span><\/h2>\n<p>LiveCasinoFinder.com'un bir kullan\u0131c\u0131s\u0131 olarak, yarg\u0131 b\u00f6lgenizdeki kumarla ilgili yasa ve y\u00f6netmeliklere uyman\u0131z\u0131 sa\u011flamaktan yaln\u0131zca siz sorumlusunuz. Buna kat\u0131ld\u0131\u011f\u0131n\u0131z oyunlar\u0131n ve bahislerin yasall\u0131\u011f\u0131 da dahildir.<\/p>\n<h2><span class=\"ez-toc-section\" id=\"Limitation_of_Liability\"><\/span>Sorumlulu\u011fun S\u0131n\u0131rland\u0131r\u0131lmas\u0131<span class=\"ez-toc-section-end\"><\/span><\/h2>\n<p>LiveCasinoFinder.com'u kullanarak, siteyi, \u00e7al\u0131\u015fanlar\u0131n\u0131 ve ba\u011fl\u0131 kurulu\u015flar\u0131n\u0131, sa\u011flanan bilgilerin veya hizmetlerin kullan\u0131m\u0131ndan kaynaklanabilecek her t\u00fcrl\u00fc iddia, zarar veya di\u011fer y\u00fck\u00fcml\u00fcl\u00fcklere kar\u015f\u0131 tazmin etmeyi kabul edersiniz.<\/p>\n<h2><span class=\"ez-toc-section\" id=\"Modification_of_Information_and_Future_Obligations\"><\/span>Bilgilerin ve Gelecekteki Y\u00fck\u00fcml\u00fcl\u00fcklerin De\u011fi\u015ftirilmesi<span class=\"ez-toc-section-end\"><\/span><\/h2>\n<p>LiveCasinoFinder.com \u00f6nceden haber vermeksizin sa\u011flanan herhangi bir bilgiyi de\u011fi\u015ftirme veya kald\u0131rma hakk\u0131n\u0131 sakl\u0131 tutar. Kullan\u0131c\u0131lar\u0131n herhangi bir g\u00fcncelleme i\u00e7in H\u00fck\u00fcm ve Ko\u015fullar\u0131 d\u00fczenli olarak g\u00f6zden ge\u00e7irmeleri tavsiye edilir.<\/p>\n<h2><span class=\"ez-toc-section\" id=\"Trademarks_and_Copyrights\"><\/span>Ticari Markalar ve Telif Haklar\u0131<span class=\"ez-toc-section-end\"><\/span><\/h2>\n<p>LiveCasinoFinder.com'daki metinler, resimler ve logolar dahil olmak \u00fczere t\u00fcm i\u00e7erik, sitenin veya i\u00e7erik tedarik\u00e7ilerinin m\u00fclkiyetindedir ve uluslararas\u0131 telif hakk\u0131 yasalar\u0131yla korunmaktad\u0131r.<\/p>\n<h2><span class=\"ez-toc-section\" id=\"Copying_and_Transmission_Restrictions\"><\/span>Kopyalama ve \u0130letim K\u0131s\u0131tlamalar\u0131<span class=\"ez-toc-section-end\"><\/span><\/h2>\n<p>Kullan\u0131c\u0131lar\u0131n, site sahiplerinin a\u00e7\u0131k yaz\u0131l\u0131 izni olmadan LiveCasinoFinder.com'daki i\u00e7eri\u011fin herhangi bir b\u00f6l\u00fcm\u00fcn\u00fc kopyalamas\u0131, yeniden da\u011f\u0131tmas\u0131 veya yeniden yay\u0131nlamas\u0131 yasakt\u0131r.<\/p>\n<h2><span class=\"ez-toc-section\" id=\"Intellectual_Property_Rights\"><\/span>Fikri M\u00fclkiyet Haklar\u0131<span class=\"ez-toc-section-end\"><\/span><\/h2>\n<p>LiveCasinoFinder.com bu web sitesindeki i\u00e7erik, hizmetler ve ticari markalar \u00fczerinde fikri m\u00fclkiyet haklar\u0131na sahiptir. Bu m\u00fclklerden herhangi birinin izinsiz kullan\u0131m\u0131 kesinlikle yasakt\u0131r ve yasal i\u015fleme tabi tutulabilir.<\/p>\n<h2><span class=\"ez-toc-section\" id=\"Information_Accuracy_and_Reporting\"><\/span>Bilgi Do\u011frulu\u011fu ve Raporlama<span class=\"ez-toc-section-end\"><\/span><\/h2>\n<p>LiveCasinoFinder.com'da yanl\u0131\u015f veya yan\u0131lt\u0131c\u0131 herhangi bir bilgi bulursan\u0131z, l\u00fctfen bunu bize bildirin. M\u00fckemmellik i\u00e7in \u00e7al\u0131\u015f\u0131yoruz ve kullan\u0131c\u0131lar\u0131m\u0131z\u0131n sitemizin b\u00fct\u00fcnl\u00fc\u011f\u00fcn\u00fc korumadaki i\u015fbirli\u011fini takdir ediyoruz.<\/p>\n<h2><span class=\"ez-toc-section\" id=\"Content_Removal_and_Discretion_of_livecasinofindercom\"><\/span>livecasinofinder.com'un \u0130\u00e7erik Kald\u0131rma ve Takdir Yetkisi<span class=\"ez-toc-section-end\"><\/span><\/h2>\n<p>\u0130\u00e7erik, politikalar\u0131m\u0131za ve y\u00fcr\u00fcrl\u00fckteki yasalara uygun olarak livecasinofinder.com'un takdirine ba\u011fl\u0131 olarak kald\u0131r\u0131labilir veya de\u011fi\u015ftirilebilir.<\/p>\n<h2><span class=\"ez-toc-section\" id=\"Live_Casino_Finder_Complaints_Service\"><\/span>Canl\u0131 Casino Finder \u015eik\u00e2yet Servisi<span class=\"ez-toc-section-end\"><\/span><\/h2>\n<p>LiveCasinoFinder.com taraf\u0131ndan sa\u011flanan hizmetlerle ilgili herhangi bir \u015fikayetiniz veya sorununuz varsa, l\u00fctfen \u015eikayetler Hizmetimiz arac\u0131l\u0131\u011f\u0131yla bizimle ileti\u015fime ge\u00e7in. G\u00f6r\u00fc\u015flerinize de\u011fer veriyoruz ve endi\u015felerinizi elimizden gelen en iyi \u015fekilde ele alaca\u011f\u0131z.<\/p>\n<h2><span class=\"ez-toc-section\" id=\"Terms_and_Conditions_of_LiveCasinoFindercom\"><\/span>LiveCasinoFinder.com'un H\u00fck\u00fcm ve Ko\u015fullar\u0131<span class=\"ez-toc-section-end\"><\/span><\/h2>\n<p>Bu siteyi kullanarak, bu belgede ana hatlar\u0131yla belirtilen H\u00fck\u00fcm ve Ko\u015fullar\u0131 kabul etmi\u015f olursunuz. Bu H\u00fck\u00fcm ve Ko\u015fullarda yap\u0131lacak herhangi bir g\u00fcncellemenin ard\u0131ndan siteyi kullanmaya devam etmeniz, de\u011fi\u015fiklikleri kabul etti\u011finiz anlam\u0131na gelecektir.<\/p>\n<h2><span class=\"ez-toc-section\" id=\"Conclusion\"><\/span>Sonu\u00e7<span class=\"ez-toc-section-end\"><\/span><\/h2>\n<p>LiveCasinoFinder.com'u kullanarak, bu belgede belirtilen H\u00fck\u00fcm ve Ko\u015fullar\u0131 kabul etmi\u015f olursunuz. Bu H\u00fck\u00fcm ve Ko\u015fullardan haberdar olmak ve bu siteyi ve bilgilerini sorumlu bir \u015fekilde ve yasalar\u0131n s\u0131n\u0131rlar\u0131 dahilinde kullanmak sizin sorumlulu\u011funuzdad\u0131r.<\/p>","protected":false},"excerpt":{"rendered":"<p>LiveCasinoFinder.com'a ho\u015f geldiniz. A\u015fa\u011f\u0131daki H\u00fck\u00fcm ve Ko\u015fullar LiveCasinoFinder.com web sitesinin kullan\u0131m\u0131n\u0131 y\u00f6netir. Hizmetlerimizi kullanmadan \u00f6nce bu H\u00fck\u00fcm ve Ko\u015fullar\u0131 okuman\u0131z ve anlaman\u0131z zorunludur. \u015eartlar ve Ko\u015fullar\u0131n Amac\u0131 ve Bilgiler Burada belirtilen \u015eartlar ve Ko\u015fullar, web sitemizin kullan\u0131m\u0131n\u0131 belirleyen kurallar\u0131 ve d\u00fczenlemeleri ana hatlar\u0131yla [...]<\/p>","protected":false},"author":1,"featured_media":0,"parent":0,"menu_order":0,"comment_status":"closed","ping_status":"closed","template":"page-no-sidebar.php","meta":{"_lmt_disableupdate":"no","_lmt_disable":"no","footnotes":""},"class_list":["post-2113","page","type-page","status-publish","hentry"],"yoast_head":"<!-- This site is optimized with the Yoast SEO plugin v26.4 - https:\/\/yoast.com\/wordpress\/plugins\/seo\/ -->\n<title>Terms and Conditions Overview<\/title>\n<meta name=\"description\" content=\"Review the terms and conditions of Live Casino Finder to understand your rights and responsibilities while using our site and services.\" \/>\n<meta name=\"robots\" content=\"index, follow, max-snippet:-1, max-image-preview:large, max-video-preview:-1\" \/>\n<link rel=\"canonical\" href=\"https:\/\/livecasinofinder.com\/wp-json\/wp\/v2\/pages\/2113\/\" \/>\n<meta property=\"og:locale\" content=\"tr_TR\" \/>\n<meta property=\"og:type\" content=\"article\" \/>\n<meta property=\"og:title\" content=\"Terms and Conditions Overview\" \/>\n<meta property=\"og:description\" content=\"Review the terms and conditions of Live Casino Finder to understand your rights and responsibilities while using our site and services.\" \/>\n<meta property=\"og:url\" content=\"https:\/\/livecasinofinder.com\/tr\/terms-and-conditions\/\" \/>\n<meta property=\"og:site_name\" content=\"livecasinofinder.com\" \/>\n<meta property=\"article:modified_time\" content=\"2025-06-03T11:11:51+00:00\" \/>\n<meta property=\"og:image\" content=\"https:\/\/livecasinofinder.com\/wp-content\/uploads\/2023\/03\/lucasoilraceway-logo-1.png\" \/>\n\t<meta property=\"og:image:width\" content=\"427\" \/>\n\t<meta property=\"og:image:height\" content=\"145\" \/>\n\t<meta property=\"og:image:type\" content=\"image\/png\" \/>\n<meta name=\"twitter:card\" content=\"summary_large_image\" \/>\n<meta name=\"twitter:label1\" content=\"Tahmini okuma s\u00fcresi\" \/>\n\t<meta name=\"twitter:data1\" content=\"3 dakika\" \/>\n<!-- \/ Yoast SEO plugin. -->","yoast_head_json":{"title":"Terms and Conditions Overview","description":"Review the terms and conditions of Live Casino Finder to understand your rights and responsibilities while using our site and services.","robots":{"index":"index","follow":"follow","max-snippet":"max-snippet:-1","max-image-preview":"max-image-preview:large","max-video-preview":"max-video-preview:-1"},"canonical":"https:\/\/livecasinofinder.com\/wp-json\/wp\/v2\/pages\/2113\/","og_locale":"tr_TR","og_type":"article","og_title":"Terms and Conditions Overview","og_description":"Review the terms and conditions of Live Casino Finder to understand your rights and responsibilities while using our site and services.","og_url":"https:\/\/livecasinofinder.com\/tr\/terms-and-conditions\/","og_site_name":"livecasinofinder.com","article_modified_time":"2025-06-03T11:11:51+00:00","og_image":[{"width":427,"height":145,"url":"https:\/\/livecasinofinder.com\/wp-content\/uploads\/2023\/03\/lucasoilraceway-logo-1.png","type":"image\/png"}],"twitter_card":"summary_large_image","twitter_misc":{"Tahmini okuma s\u00fcresi":"3 dakika"},"schema":{"@context":"https:\/\/schema.org","@graph":[{"@type":"WebPage","@id":"https:\/\/livecasinofinder.com\/terms-and-conditions\/","url":"https:\/\/livecasinofinder.com\/terms-and-conditions\/","name":"Terms and Conditions Overview","isPartOf":{"@id":"https:\/\/livecasinofinder.com\/ja\/#website"},"datePublished":"2023-06-20T14:28:59+00:00","dateModified":"2025-06-03T11:11:51+00:00","description":"Review the terms and conditions of Live Casino Finder to understand your rights and responsibilities while using our site and services.","breadcrumb":{"@id":"https:\/\/livecasinofinder.com\/terms-and-conditions\/#breadcrumb"},"inLanguage":"tr","potentialAction":[{"@type":"ReadAction","target":["https:\/\/livecasinofinder.com\/terms-and-conditions\/"]}]},{"@type":"BreadcrumbList","@id":"https:\/\/livecasinofinder.com\/terms-and-conditions\/#breadcrumb","itemListElement":[{"@type":"ListItem","position":1,"name":"LiveCasinoFinder.com","item":"https:\/\/livecasinofinder.com\/fr\/"},{"@type":"ListItem","position":2,"name":"Terms and Conditions"}]},{"@type":"WebSite","@id":"https:\/\/livecasinofinder.com\/ja\/#website","url":"https:\/\/livecasinofinder.com\/ja\/","name":"livecasinofinder","description":"","publisher":{"@id":"https:\/\/livecasinofinder.com\/ja\/#organization"},"alternateName":"Lucas oil raceway live casino","potentialAction":[{"@type":"SearchAction","target":{"@type":"EntryPoint","urlTemplate":"https:\/\/livecasinofinder.com\/ja\/?s={search_term_string}"},"query-input":{"@type":"PropertyValueSpecification","valueRequired":true,"valueName":"search_term_string"}}],"inLanguage":"tr"},{"@type":"Organization","@id":"https:\/\/livecasinofinder.com\/ja\/#organization","name":"Canl\u0131 Casino Bulucu","alternateName":"Lucas oil raceway live casino","url":"https:\/\/livecasinofinder.com\/ja\/","logo":{"@type":"ImageObject","inLanguage":"tr","@id":"https:\/\/livecasinofinder.com\/ja\/#\/schema\/logo\/image\/","url":"https:\/\/livecasinofinder.com\/wp-content\/uploads\/2023\/04\/livecasinofinder-logo.png","contentUrl":"https:\/\/livecasinofinder.com\/wp-content\/uploads\/2023\/04\/livecasinofinder-logo.png","width":1600,"height":453,"caption":"Live Casino Finder"},"image":{"@id":"https:\/\/livecasinofinder.com\/ja\/#\/schema\/logo\/image\/"}}]}},"_links":{"self":[{"href":"https:\/\/livecasinofinder.com\/tr\/wp-json\/wp\/v2\/pages\/2113","targetHints":{"allow":["GET"]}}],"collection":[{"href":"https:\/\/livecasinofinder.com\/tr\/wp-json\/wp\/v2\/pages"}],"about":[{"href":"https:\/\/livecasinofinder.com\/tr\/wp-json\/wp\/v2\/types\/page"}],"author":[{"embeddable":true,"href":"https:\/\/livecasinofinder.com\/tr\/wp-json\/wp\/v2\/users\/1"}],"replies":[{"embeddable":true,"href":"https:\/\/livecasinofinder.com\/tr\/wp-json\/wp\/v2\/comments?post=2113"}],"version-history":[{"count":0,"href":"https:\/\/livecasinofinder.com\/tr\/wp-json\/wp\/v2\/pages\/2113\/revisions"}],"wp:attachment":[{"href":"https:\/\/livecasinofinder.com\/tr\/wp-json\/wp\/v2\/media?parent=2113"}],"curies":[{"name":"wp","href":"https:\/\/api.w.org\/{rel}","templated":true}]}}