{"id":2111,"date":"2023-06-20T14:33:04","date_gmt":"2023-06-20T14:33:04","guid":{"rendered":"https:\/\/livecasinofinder.com\/?page_id=2111"},"modified":"2025-06-03T11:11:12","modified_gmt":"2025-06-03T11:11:12","slug":"responsible-gaming","status":"publish","type":"page","link":"https:\/\/livecasinofinder.com\/tr\/responsible-gaming\/","title":{"rendered":"Sorumlu Oyun"},"content":{"rendered":"<p>Ho\u015f geldiniz <a href=\"\/tr\/live-casinos\/\">Canl\u0131 Casino<\/a> Finder, platformumuzun temel ta\u015f\u0131 olarak sorumlu oyun oynamaya \u00f6ncelik verdi\u011fimiz yerdir. Sorumlu kumar uygulamalar\u0131n\u0131 savunmaya ve kullan\u0131c\u0131lar\u0131m\u0131z i\u00e7in g\u00fcvenli ve e\u011flenceli bir ortam yaratmaya kararl\u0131y\u0131z. Kumar risklerinin inceliklerini ve ruh sa\u011fl\u0131\u011f\u0131 \u00fczerindeki potansiyel etkilerini derinlemesine anlayarak, oyuncular\u0131 sorumlu kumar uygulamalar\u0131na kat\u0131lmalar\u0131 i\u00e7in g\u00fc\u00e7lendirmeye \u00e7al\u0131\u015f\u0131yoruz.<\/p>\n<div id=\"ez-toc-container\" class=\"ez-toc-v2_0_63 counter-hierarchy ez-toc-counter ez-toc-grey ez-toc-container-direction\">\n<label for=\"ez-toc-cssicon-toggle-item-69dfff9d1757a\" class=\"ez-toc-cssicon-toggle-label\"><span class=\"ez-toc-cssicon\"><span class=\"eztoc-hide\" style=\"display:none;\">Ge\u00e7i\u015f<\/span><span class=\"ez-toc-icon-toggle-span\"><svg style=\"fill: #999;color:#999\" xmlns=\"http:\/\/www.w3.org\/2000\/svg\" class=\"list-377408\" width=\"20px\" height=\"20px\" viewbox=\"0 0 24 24\" fill=\"none\"><path d=\"M6 6H4v2h2V6zm14 0H8v2h12V6zM4 11h2v2H4v-2zm16 0H8v2h12v-2zM4 16h2v2H4v-2zm16 0H8v2h12v-2z\" fill=\"currentColor\"><\/path><\/svg><svg style=\"fill: #999;color:#999\" class=\"arrow-unsorted-368013\" xmlns=\"http:\/\/www.w3.org\/2000\/svg\" width=\"10px\" height=\"10px\" viewbox=\"0 0 24 24\" version=\"1.2\" baseprofile=\"tiny\"><path d=\"M18.2 9.3l-6.2-6.3-6.2 6.3c-.2.2-.3.4-.3.7s.1.5.3.7c.2.2.4.3.7.3h11c.3 0 .5-.1.7-.3.2-.2.3-.5.3-.7s-.1-.5-.3-.7zM5.8 14.7l6.2 6.3 6.2-6.3c.2-.2.3-.5.3-.7s-.1-.5-.3-.7c-.2-.2-.4-.3-.7-.3h-11c-.3 0-.5.1-.7.3-.2.2-.3.5-.3.7s.1.5.3.7z\"\/><\/svg><\/span><\/span><\/label><input type=\"checkbox\"  id=\"ez-toc-cssicon-toggle-item-69dfff9d1757a\" checked aria-label=\"Ge\u00e7i\u015f\" \/><nav><ul class='ez-toc-list ez-toc-list-level-1' ><li class='ez-toc-page-1 ez-toc-heading-level-2'><a class=\"ez-toc-link ez-toc-heading-1\" href=\"https:\/\/livecasinofinder.com\/tr\/responsible-gaming\/#The_Imperative_of_Responsible_Gaming\" title=\"Sorumlu Oyun Oynama Zorunlulu\u011fu\">Sorumlu Oyun Oynama Zorunlulu\u011fu<\/a><\/li><li class='ez-toc-page-1 ez-toc-heading-level-2'><a class=\"ez-toc-link ez-toc-heading-2\" href=\"https:\/\/livecasinofinder.com\/tr\/responsible-gaming\/#The_Intricacies_of_Gambling_Risks\" title=\"Kumar Risklerinin \u0130ncelikleri\">Kumar Risklerinin \u0130ncelikleri<\/a><\/li><li class='ez-toc-page-1 ez-toc-heading-level-2'><a class=\"ez-toc-link ez-toc-heading-3\" href=\"https:\/\/livecasinofinder.com\/tr\/responsible-gaming\/#Recognizing_Gambling_Addiction\" title=\"Kumar Ba\u011f\u0131ml\u0131l\u0131\u011f\u0131n\u0131 Tan\u0131ma\">Kumar Ba\u011f\u0131ml\u0131l\u0131\u011f\u0131n\u0131 Tan\u0131ma<\/a><\/li><li class='ez-toc-page-1 ez-toc-heading-level-2'><a class=\"ez-toc-link ez-toc-heading-4\" href=\"https:\/\/livecasinofinder.com\/tr\/responsible-gaming\/#Gambling_and_Mental_Health\" title=\"Kumar ve Ruh Sa\u011fl\u0131\u011f\u0131\">Kumar ve Ruh Sa\u011fl\u0131\u011f\u0131<\/a><\/li><li class='ez-toc-page-1 ez-toc-heading-level-2'><a class=\"ez-toc-link ez-toc-heading-5\" href=\"https:\/\/livecasinofinder.com\/tr\/responsible-gaming\/#Effective_Strategies_for_Responsible_Gambling\" title=\"Sorumlu Kumar Oynamak i\u00e7in Etkili Stratejiler\">Sorumlu Kumar Oynamak i\u00e7in Etkili Stratejiler<\/a><\/li><li class='ez-toc-page-1 ez-toc-heading-level-2'><a class=\"ez-toc-link ez-toc-heading-6\" href=\"https:\/\/livecasinofinder.com\/tr\/responsible-gaming\/#Tools_and_Resources_for_Responsible_Gambling\" title=\"Sorumlu Kumar Oynama i\u00e7in Ara\u00e7lar ve Kaynaklar\">Sorumlu Kumar Oynama i\u00e7in Ara\u00e7lar ve Kaynaklar<\/a><\/li><li class='ez-toc-page-1 ez-toc-heading-level-2'><a class=\"ez-toc-link ez-toc-heading-7\" href=\"https:\/\/livecasinofinder.com\/tr\/responsible-gaming\/#The_Role_of_Online_Gaming_Operators_in_Responsible_Gambling\" title=\"\u00c7evrimi\u00e7i Oyun Operat\u00f6rlerinin Sorumlu Kumar Oynama Konusundaki Rol\u00fc\">\u00c7evrimi\u00e7i Oyun Operat\u00f6rlerinin Sorumlu Kumar Oynama Konusundaki Rol\u00fc<\/a><\/li><li class='ez-toc-page-1 ez-toc-heading-level-2'><a class=\"ez-toc-link ez-toc-heading-8\" href=\"https:\/\/livecasinofinder.com\/tr\/responsible-gaming\/#Preventative_Measures_for_Player_Protection\" title=\"Oyuncu Korumas\u0131 i\u00e7in \u00d6nleyici Tedbirler\">Oyuncu Korumas\u0131 i\u00e7in \u00d6nleyici Tedbirler<\/a><\/li><\/ul><\/nav><\/div>\n\n<h2><span class=\"ez-toc-section\" id=\"The_Imperative_of_Responsible_Gaming\"><\/span>Sorumlu Oyun Oynama Zorunlulu\u011fu<span class=\"ez-toc-section-end\"><\/span><\/h2>\n<p>Live Casino Finder'da sorumlu oyun sadece bir kavram de\u011fil, faaliyetlerimizi y\u00f6nlendiren temel bir de\u011ferdir. Kumar heyecan verici olsa da, sorumlu s\u0131n\u0131rlar i\u00e7inde keyif al\u0131nan bir etkinlik olarak kalmas\u0131n\u0131 sa\u011flaman\u0131n \u00e7ok \u00f6nemli oldu\u011funa inan\u0131yoruz. Amac\u0131m\u0131z, oyuncular\u0131n bilin\u00e7li kararlar verebilecekleri ve live casino oyunlar\u0131n\u0131n heyecan\u0131n\u0131 sorumlu bir \u015fekilde ya\u015fayabilecekleri bir ortam sa\u011flamakt\u0131r.<\/p>\n<h2><span class=\"ez-toc-section\" id=\"The_Intricacies_of_Gambling_Risks\"><\/span>Kumar Risklerinin \u0130ncelikleri<span class=\"ez-toc-section-end\"><\/span><\/h2>\n<p>Kullan\u0131c\u0131lar\u0131m\u0131z\u0131 kumar risklerinin incelikleri hakk\u0131nda bilgi ile donatman\u0131n \u00f6neminin fark\u0131nday\u0131z. Finansal kay\u0131p potansiyeli de dahil olmak \u00fczere bu riskleri anlamak, bilin\u00e7li se\u00e7imler yapmak i\u00e7in \u00e7ok \u00f6nemlidir. Oyuncular bu karma\u015f\u0131kl\u0131klar\u0131n fark\u0131nda olarak live casino oyunlar\u0131na sorumlu bir \u015fekilde kat\u0131labilir ve bahis faaliyetleri \u00fczerinde kontrol sahibi olabilirler.<\/p>\n<h2><span class=\"ez-toc-section\" id=\"Recognizing_Gambling_Addiction\"><\/span>Kumar Ba\u011f\u0131ml\u0131l\u0131\u011f\u0131n\u0131 Tan\u0131ma<span class=\"ez-toc-section-end\"><\/span><\/h2>\n<p>Live Casino Finder olarak, kendimizi kumar ba\u011f\u0131ml\u0131l\u0131\u011f\u0131n\u0131 tan\u0131maya ve ele almaya adad\u0131k. Kumar\u0131n baz\u0131 bireyler i\u00e7in ki\u015fisel ve finansal refahlar\u0131n\u0131 etkileyen ciddi bir sorun haline gelebilece\u011fini biliyoruz. Kullan\u0131c\u0131lar\u0131m\u0131z\u0131 kendilerinin fark\u0131nda olmaya ve kumar ba\u011f\u0131ml\u0131l\u0131\u011f\u0131yla m\u00fccadele ettiklerinden \u015f\u00fcpheleniyorlarsa derhal yard\u0131m almaya te\u015fvik ediyoruz.<\/p>\n<h2><span class=\"ez-toc-section\" id=\"Gambling_and_Mental_Health\"><\/span>Kumar ve Ruh Sa\u011fl\u0131\u011f\u0131<span class=\"ez-toc-section-end\"><\/span><\/h2>\n<p>Kumar ve ruh sa\u011fl\u0131\u011f\u0131 aras\u0131ndaki \u00f6nemli ili\u015fkinin fark\u0131nday\u0131z. Bu nedenle, kullan\u0131c\u0131lar\u0131m\u0131z aras\u0131nda olumlu ve sa\u011fl\u0131kl\u0131 bir zihniyeti te\u015fvik etmeye kararl\u0131y\u0131z. Amac\u0131m\u0131z, oyuncular\u0131n zihinsel sa\u011fl\u0131klar\u0131ndan \u00f6d\u00fcn vermeden sorumlu bir \u015fekilde live casino oyunlar\u0131n\u0131n keyfini \u00e7\u0131karabilecekleri bir ortam yaratmakt\u0131r.<\/p>\n<h2><span class=\"ez-toc-section\" id=\"Effective_Strategies_for_Responsible_Gambling\"><\/span>Sorumlu Kumar Oynamak i\u00e7in Etkili Stratejiler<span class=\"ez-toc-section-end\"><\/span><\/h2>\n<p>Sorumlu kumar oynamay\u0131 te\u015fvik etmek i\u00e7in, oyuncular\u0131n bahis faaliyetleri \u00fczerinde kontrol sahibi olmalar\u0131n\u0131 sa\u011flayan etkili stratejilerin uygulanmas\u0131n\u0131 savunuyoruz. \u0130\u015fte te\u015fvik etti\u011fimiz baz\u0131 temel uygulamalar:<\/p>\n<p>Tan\u0131mlanm\u0131\u015f Bir B\u00fct\u00e7eye Ba\u011fl\u0131 Kalmak: live casino oyunlar\u0131 i\u00e7in bir b\u00fct\u00e7e belirleyin ve buna ba\u011fl\u0131 kal\u0131n. Yaln\u0131zca rahat oldu\u011funuz bir miktarda bahis oynay\u0131n ve bunun finansal istikrar\u0131n\u0131z\u0131 etkilememesini sa\u011flay\u0131n.<\/p>\n<p>Kumara D\u00fczenli Ara Verin: E\u011flenceli bir etkinlik olarak kalmas\u0131n\u0131 ve a\u015f\u0131r\u0131 zaman veya enerji t\u00fcketmemesini sa\u011flamak i\u00e7in live casino oyunlar\u0131na ara verin.<\/p>\n<p>Kay\u0131plar\u0131n Pe\u015finden Gitme D\u00fcrt\u00fcs\u00fcne Direnin: Kay\u0131plar\u0131n kumar\u0131n bir par\u00e7as\u0131 oldu\u011funu kabul edin ve bahisleri art\u0131rarak kay\u0131plar\u0131 kovalamaktan ka\u00e7\u0131n\u0131n. Bunun yerine, bir ad\u0131m geri at\u0131n ve yakla\u015f\u0131m\u0131n\u0131z\u0131 yeniden de\u011ferlendirin.<\/p>\n<p>Zaman\u0131nda Yard\u0131m Aramak: Kendinizin veya tan\u0131d\u0131\u011f\u0131n\u0131z birinin kumar ba\u011f\u0131ml\u0131l\u0131\u011f\u0131 ile m\u00fccadele etti\u011finden \u015f\u00fcpheleniyorsan\u0131z, derhal yard\u0131m isteyin. Erken m\u00fcdahale, sorunu etkili bir \u015fekilde ele alman\u0131n anahtar\u0131d\u0131r.<\/p>\n<h2><span class=\"ez-toc-section\" id=\"Tools_and_Resources_for_Responsible_Gambling\"><\/span>Sorumlu Kumar Oynama i\u00e7in Ara\u00e7lar ve Kaynaklar<span class=\"ez-toc-section-end\"><\/span><\/h2>\n<p>Sorumlu kumar uygulamalar\u0131n\u0131 desteklemek i\u00e7in bir dizi ara\u00e7 ve kaynak sa\u011fl\u0131yoruz:<\/p>\n<p>National ve Yerel Yard\u0131m Hatlar\u0131: Kumar sorunundan etkilenen bireylere yard\u0131mc\u0131 olmaya adanm\u0131\u015f yard\u0131m hatlar\u0131na eri\u015fin. Yard\u0131m sadece bir telefon uza\u011f\u0131n\u0131zda.<\/p>\n<p>Kendi Kendini D\u0131\u015flama Programlar\u0131: Gerekli oldu\u011funu d\u00fc\u015f\u00fcn\u00fcyorsan\u0131z live casino oyunlar\u0131na ara vermenizi sa\u011flayan kendi kendini d\u0131\u015flama se\u00e7eneklerinden yararlan\u0131n. Bu programlar, bireylerin bahis faaliyetleri \u00fczerindeki kontrollerini yeniden kazanmalar\u0131n\u0131 sa\u011flar.<\/p>\n<p>Kumar Terapi Programlar\u0131: \u0130htiya\u00e7 sahiplerine yard\u0131mc\u0131 olmak i\u00e7in tasarlanm\u0131\u015f kumar terapi programlar\u0131n\u0131 destekliyor ve te\u015fvik ediyoruz. Bu programlar, kumarla ilgili sorunlarla m\u00fccadele eden bireyler i\u00e7in profesyonel rehberlik ve destek sa\u011flar.<\/p>\n<h2><span class=\"ez-toc-section\" id=\"The_Role_of_Online_Gaming_Operators_in_Responsible_Gambling\"><\/span>\u00c7evrimi\u00e7i Oyun Operat\u00f6rlerinin Sorumlu Kumar Oynama Konusundaki Rol\u00fc<span class=\"ez-toc-section-end\"><\/span><\/h2>\n<p>\u00c7evrimi\u00e7i bir oyun operat\u00f6r\u00fc olarak, g\u00fcvenli ve sorumlu bir kumar ortam\u0131 sa\u011flama sorumlulu\u011fumuzun fark\u0131nday\u0131z. \u0130\u015fte oyuncu korumas\u0131n\u0131 nas\u0131l sa\u011flad\u0131\u011f\u0131m\u0131z:<\/p>\n<p>S\u0131k\u0131 End\u00fcstri D\u00fczenlemeleri ve Standartlar\u0131: Adil oyun, oyuncu g\u00fcvenli\u011fi ve sorumlu kumar uygulamalar\u0131n\u0131 sa\u011flamak i\u00e7in s\u0131k\u0131 end\u00fcstri d\u00fczenlemelerine ve standartlar\u0131na ba\u011fl\u0131y\u0131z. Bu \u00f6nlemler, kullan\u0131c\u0131lar\u0131m\u0131z\u0131 korumak ve platformumuzun b\u00fct\u00fcnl\u00fc\u011f\u00fcn\u00fc korumak i\u00e7in uygulanmaktad\u0131r.<\/p>\n<p>Kurumsal Sosyal Sorumluluk: Kurumsal sosyal sorumlulu\u011fumuzu ciddiye al\u0131yoruz. Sorumlu kumar oynamay\u0131 te\u015fvik eden ve kumar ba\u011f\u0131ml\u0131l\u0131\u011f\u0131ndan etkilenenleri destekleyen kurulu\u015flar ve giri\u015fimlerle aktif olarak i\u015fbirli\u011fi yap\u0131yoruz.<\/p>\n<h2><span class=\"ez-toc-section\" id=\"Preventative_Measures_for_Player_Protection\"><\/span>Oyuncu Korumas\u0131 i\u00e7in \u00d6nleyici Tedbirler<span class=\"ez-toc-section-end\"><\/span><\/h2>\n<p>Oyuncular\u0131m\u0131z\u0131 korumak i\u00e7in sa\u011flam ya\u015f do\u011frulama s\u00fcre\u00e7leri, g\u00fcvenli i\u015flemler ve s\u0131k\u0131 veri koruma protokolleri dahil olmak \u00fczere \u00f6nleyici tedbirler uyguluyoruz. Bu \u00f6nlemler, herkes i\u00e7in g\u00fcvenli ve sorumlu bir bahis ortam\u0131 yaratmak \u00fczere tasarlanm\u0131\u015ft\u0131r.<\/p>\n<p>Live Casino Finder'da, sorumlu oyun oynaman\u0131n unutulmaz live casino deneyimlerinin anahtar\u0131 oldu\u011funa inan\u0131yoruz. Bug\u00fcn bize kat\u0131l\u0131n ve heyecan verici ve sorumlu bir kumar yolculu\u011funa \u00e7\u0131k\u0131n.<\/p>","protected":false},"excerpt":{"rendered":"<p>Platformumuzun temel ta\u015f\u0131 olarak sorumlu oyun oynamaya \u00f6ncelik verdi\u011fimiz Canl\u0131 Casino Finder'a ho\u015f geldiniz. Sorumlu kumar uygulamalar\u0131n\u0131 savunmaya ve kullan\u0131c\u0131lar\u0131m\u0131z i\u00e7in g\u00fcvenli ve e\u011flenceli bir ortam yaratmaya kararl\u0131y\u0131z. Kumar risklerinin inceliklerini ve ruh sa\u011fl\u0131\u011f\u0131 \u00fczerindeki potansiyel etkisini derinlemesine anlayarak, [...] g\u00fc\u00e7lendirmeye \u00e7al\u0131\u015f\u0131yoruz.<\/p>","protected":false},"author":1,"featured_media":0,"parent":0,"menu_order":0,"comment_status":"closed","ping_status":"closed","template":"page-no-sidebar.php","meta":{"_lmt_disableupdate":"no","_lmt_disable":"no","footnotes":""},"class_list":["post-2111","page","type-page","status-publish","hentry"],"yoast_head":"<!-- This site is optimized with the Yoast SEO plugin v26.4 - https:\/\/yoast.com\/wordpress\/plugins\/seo\/ -->\n<title>Responsible Gaming Guidelines<\/title>\n<meta name=\"description\" content=\"Learn about responsible gaming practices with Live Casino Finder to help you enjoy live casinos safely and make informed decisions while playing.\" \/>\n<meta name=\"robots\" content=\"index, follow, max-snippet:-1, max-image-preview:large, max-video-preview:-1\" \/>\n<link rel=\"canonical\" href=\"https:\/\/livecasinofinder.com\/wp-json\/wp\/v2\/pages\/2111\/\" \/>\n<meta property=\"og:locale\" content=\"tr_TR\" \/>\n<meta property=\"og:type\" content=\"article\" \/>\n<meta property=\"og:title\" content=\"Responsible Gaming Guidelines\" \/>\n<meta property=\"og:description\" content=\"Learn about responsible gaming practices with Live Casino Finder to help you enjoy live casinos safely and make informed decisions while playing.\" \/>\n<meta property=\"og:url\" content=\"https:\/\/livecasinofinder.com\/tr\/responsible-gaming\/\" \/>\n<meta property=\"og:site_name\" content=\"livecasinofinder.com\" \/>\n<meta property=\"article:modified_time\" content=\"2025-06-03T11:11:12+00:00\" \/>\n<meta property=\"og:image\" content=\"https:\/\/livecasinofinder.com\/wp-content\/uploads\/2023\/03\/lucasoilraceway-logo-1.png\" \/>\n\t<meta property=\"og:image:width\" content=\"427\" \/>\n\t<meta property=\"og:image:height\" content=\"145\" \/>\n\t<meta property=\"og:image:type\" content=\"image\/png\" \/>\n<meta name=\"twitter:card\" content=\"summary_large_image\" \/>\n<meta name=\"twitter:label1\" content=\"Tahmini okuma s\u00fcresi\" \/>\n\t<meta name=\"twitter:data1\" content=\"4 dakika\" \/>\n<!-- \/ Yoast SEO plugin. -->","yoast_head_json":{"title":"Responsible Gaming Guidelines","description":"Learn about responsible gaming practices with Live Casino Finder to help you enjoy live casinos safely and make informed decisions while playing.","robots":{"index":"index","follow":"follow","max-snippet":"max-snippet:-1","max-image-preview":"max-image-preview:large","max-video-preview":"max-video-preview:-1"},"canonical":"https:\/\/livecasinofinder.com\/wp-json\/wp\/v2\/pages\/2111\/","og_locale":"tr_TR","og_type":"article","og_title":"Responsible Gaming Guidelines","og_description":"Learn about responsible gaming practices with Live Casino Finder to help you enjoy live casinos safely and make informed decisions while playing.","og_url":"https:\/\/livecasinofinder.com\/tr\/responsible-gaming\/","og_site_name":"livecasinofinder.com","article_modified_time":"2025-06-03T11:11:12+00:00","og_image":[{"width":427,"height":145,"url":"https:\/\/livecasinofinder.com\/wp-content\/uploads\/2023\/03\/lucasoilraceway-logo-1.png","type":"image\/png"}],"twitter_card":"summary_large_image","twitter_misc":{"Tahmini okuma s\u00fcresi":"4 dakika"},"schema":{"@context":"https:\/\/schema.org","@graph":[{"@type":"WebPage","@id":"https:\/\/livecasinofinder.com\/responsible-gaming\/","url":"https:\/\/livecasinofinder.com\/responsible-gaming\/","name":"Responsible Gaming Guidelines","isPartOf":{"@id":"https:\/\/livecasinofinder.com\/ja\/#website"},"datePublished":"2023-06-20T14:33:04+00:00","dateModified":"2025-06-03T11:11:12+00:00","description":"Learn about responsible gaming practices with Live Casino Finder to help you enjoy live casinos safely and make informed decisions while playing.","breadcrumb":{"@id":"https:\/\/livecasinofinder.com\/responsible-gaming\/#breadcrumb"},"inLanguage":"tr","potentialAction":[{"@type":"ReadAction","target":["https:\/\/livecasinofinder.com\/responsible-gaming\/"]}]},{"@type":"BreadcrumbList","@id":"https:\/\/livecasinofinder.com\/responsible-gaming\/#breadcrumb","itemListElement":[{"@type":"ListItem","position":1,"name":"LiveCasinoFinder.com","item":"https:\/\/livecasinofinder.com\/fr\/"},{"@type":"ListItem","position":2,"name":"Responsible Gaming"}]},{"@type":"WebSite","@id":"https:\/\/livecasinofinder.com\/ja\/#website","url":"https:\/\/livecasinofinder.com\/ja\/","name":"livecasinofinder","description":"","publisher":{"@id":"https:\/\/livecasinofinder.com\/ja\/#organization"},"alternateName":"Lucas oil raceway live casino","potentialAction":[{"@type":"SearchAction","target":{"@type":"EntryPoint","urlTemplate":"https:\/\/livecasinofinder.com\/ja\/?s={search_term_string}"},"query-input":{"@type":"PropertyValueSpecification","valueRequired":true,"valueName":"search_term_string"}}],"inLanguage":"tr"},{"@type":"Organization","@id":"https:\/\/livecasinofinder.com\/ja\/#organization","name":"Canl\u0131 Casino Bulucu","alternateName":"Lucas oil raceway live casino","url":"https:\/\/livecasinofinder.com\/ja\/","logo":{"@type":"ImageObject","inLanguage":"tr","@id":"https:\/\/livecasinofinder.com\/ja\/#\/schema\/logo\/image\/","url":"https:\/\/livecasinofinder.com\/wp-content\/uploads\/2023\/04\/livecasinofinder-logo.png","contentUrl":"https:\/\/livecasinofinder.com\/wp-content\/uploads\/2023\/04\/livecasinofinder-logo.png","width":1600,"height":453,"caption":"Live Casino Finder"},"image":{"@id":"https:\/\/livecasinofinder.com\/ja\/#\/schema\/logo\/image\/"}}]}},"_links":{"self":[{"href":"https:\/\/livecasinofinder.com\/tr\/wp-json\/wp\/v2\/pages\/2111","targetHints":{"allow":["GET"]}}],"collection":[{"href":"https:\/\/livecasinofinder.com\/tr\/wp-json\/wp\/v2\/pages"}],"about":[{"href":"https:\/\/livecasinofinder.com\/tr\/wp-json\/wp\/v2\/types\/page"}],"author":[{"embeddable":true,"href":"https:\/\/livecasinofinder.com\/tr\/wp-json\/wp\/v2\/users\/1"}],"replies":[{"embeddable":true,"href":"https:\/\/livecasinofinder.com\/tr\/wp-json\/wp\/v2\/comments?post=2111"}],"version-history":[{"count":0,"href":"https:\/\/livecasinofinder.com\/tr\/wp-json\/wp\/v2\/pages\/2111\/revisions"}],"wp:attachment":[{"href":"https:\/\/livecasinofinder.com\/tr\/wp-json\/wp\/v2\/media?parent=2111"}],"curies":[{"name":"wp","href":"https:\/\/api.w.org\/{rel}","templated":true}]}}