{"id":2109,"date":"2023-06-20T14:37:04","date_gmt":"2023-06-20T14:37:04","guid":{"rendered":"https:\/\/livecasinofinder.com\/?page_id=2109"},"modified":"2023-06-20T14:37:04","modified_gmt":"2023-06-20T14:37:04","slug":"privacy-policy","status":"publish","type":"page","link":"https:\/\/livecasinofinder.com\/tr\/privacy-policy\/","title":{"rendered":"Gizlilik Politikas\u0131"},"content":{"rendered":"<p>At <a href=\"\/tr\/\">LiveCasinoFinder.com<\/a>gizlili\u011finizi koruman\u0131n ve ki\u015fisel bilgilerinizin gizlili\u011fini koruman\u0131n \u00f6nemini anl\u0131yoruz. Bu Gizlilik Politikas\u0131, platformumuzda g\u00fcvenli ve keyifli bir deneyim sa\u011flamak i\u00e7in veri korumaya olan sars\u0131lmaz ba\u011fl\u0131l\u0131\u011f\u0131m\u0131z\u0131 \u00f6zetlemektedir.<\/p>\n<div id=\"ez-toc-container\" class=\"ez-toc-v2_0_63 counter-hierarchy ez-toc-counter ez-toc-grey ez-toc-container-direction\">\n<label for=\"ez-toc-cssicon-toggle-item-69dd720c214b9\" class=\"ez-toc-cssicon-toggle-label\"><span class=\"ez-toc-cssicon\"><span class=\"eztoc-hide\" style=\"display:none;\">Ge\u00e7i\u015f<\/span><span class=\"ez-toc-icon-toggle-span\"><svg style=\"fill: #999;color:#999\" xmlns=\"http:\/\/www.w3.org\/2000\/svg\" class=\"list-377408\" width=\"20px\" height=\"20px\" viewbox=\"0 0 24 24\" fill=\"none\"><path d=\"M6 6H4v2h2V6zm14 0H8v2h12V6zM4 11h2v2H4v-2zm16 0H8v2h12v-2zM4 16h2v2H4v-2zm16 0H8v2h12v-2z\" fill=\"currentColor\"><\/path><\/svg><svg style=\"fill: #999;color:#999\" class=\"arrow-unsorted-368013\" xmlns=\"http:\/\/www.w3.org\/2000\/svg\" width=\"10px\" height=\"10px\" viewbox=\"0 0 24 24\" version=\"1.2\" baseprofile=\"tiny\"><path d=\"M18.2 9.3l-6.2-6.3-6.2 6.3c-.2.2-.3.4-.3.7s.1.5.3.7c.2.2.4.3.7.3h11c.3 0 .5-.1.7-.3.2-.2.3-.5.3-.7s-.1-.5-.3-.7zM5.8 14.7l6.2 6.3 6.2-6.3c.2-.2.3-.5.3-.7s-.1-.5-.3-.7c-.2-.2-.4-.3-.7-.3h-11c-.3 0-.5.1-.7.3-.2.2-.3.5-.3.7s.1.5.3.7z\"\/><\/svg><\/span><\/span><\/label><input type=\"checkbox\"  id=\"ez-toc-cssicon-toggle-item-69dd720c214b9\" checked aria-label=\"Ge\u00e7i\u015f\" \/><nav><ul class='ez-toc-list ez-toc-list-level-1' ><li class='ez-toc-page-1 ez-toc-heading-level-2'><a class=\"ez-toc-link ez-toc-heading-1\" href=\"https:\/\/livecasinofinder.com\/tr\/privacy-policy\/#Our_Pledge_to_Safeguard_Your_Privacy\" title=\"Gizlili\u011finizi Koruma Taahh\u00fcd\u00fcm\u00fcz\">Gizlili\u011finizi Koruma Taahh\u00fcd\u00fcm\u00fcz<\/a><\/li><li class='ez-toc-page-1 ez-toc-heading-level-2'><a class=\"ez-toc-link ez-toc-heading-2\" href=\"https:\/\/livecasinofinder.com\/tr\/privacy-policy\/#Data_Collection_Our_Practices\" title=\"Veri Toplama: Uygulamalar\u0131m\u0131z\">Veri Toplama: Uygulamalar\u0131m\u0131z<\/a><\/li><li class='ez-toc-page-1 ez-toc-heading-level-2'><a class=\"ez-toc-link ez-toc-heading-3\" href=\"https:\/\/livecasinofinder.com\/tr\/privacy-policy\/#The_Use_of_Your_Information\" title=\"Bilgilerinizin Kullan\u0131m\u0131\">Bilgilerinizin Kullan\u0131m\u0131<\/a><\/li><li class='ez-toc-page-1 ez-toc-heading-level-2'><a class=\"ez-toc-link ez-toc-heading-4\" href=\"https:\/\/livecasinofinder.com\/tr\/privacy-policy\/#Information_Disclosure_and_Sharing\" title=\"Bilgi \u0130f\u015fas\u0131 ve Payla\u015f\u0131m\u0131\">Bilgi \u0130f\u015fas\u0131 ve Payla\u015f\u0131m\u0131<\/a><\/li><li class='ez-toc-page-1 ez-toc-heading-level-2'><a class=\"ez-toc-link ez-toc-heading-5\" href=\"https:\/\/livecasinofinder.com\/tr\/privacy-policy\/#Our_Security_Measures\" title=\"G\u00fcvenlik \u00d6nlemlerimiz\">G\u00fcvenlik \u00d6nlemlerimiz<\/a><\/li><li class='ez-toc-page-1 ez-toc-heading-level-2'><a class=\"ez-toc-link ez-toc-heading-6\" href=\"https:\/\/livecasinofinder.com\/tr\/privacy-policy\/#The_Role_of_Cookies\" title=\"\u00c7erezlerin Rol\u00fc\">\u00c7erezlerin Rol\u00fc<\/a><\/li><li class='ez-toc-page-1 ez-toc-heading-level-2'><a class=\"ez-toc-link ez-toc-heading-7\" href=\"https:\/\/livecasinofinder.com\/tr\/privacy-policy\/#Third-Party_Links\" title=\"\u00dc\u00e7\u00fcnc\u00fc Taraf Ba\u011flant\u0131lar\u0131\">\u00dc\u00e7\u00fcnc\u00fc Taraf Ba\u011flant\u0131lar\u0131<\/a><\/li><li class='ez-toc-page-1 ez-toc-heading-level-2'><a class=\"ez-toc-link ez-toc-heading-8\" href=\"https:\/\/livecasinofinder.com\/tr\/privacy-policy\/#Policy_on_Childrens_Privacy\" title=\"\u00c7ocuklar\u0131n Gizlili\u011fine \u0130li\u015fkin Politika\">\u00c7ocuklar\u0131n Gizlili\u011fine \u0130li\u015fkin Politika<\/a><\/li><li class='ez-toc-page-1 ez-toc-heading-level-2'><a class=\"ez-toc-link ez-toc-heading-9\" href=\"https:\/\/livecasinofinder.com\/tr\/privacy-policy\/#Changes_to_This_Privacy_Policy\" title=\"Bu Gizlilik Politikas\u0131ndaki De\u011fi\u015fiklikler\">Bu Gizlilik Politikas\u0131ndaki De\u011fi\u015fiklikler<\/a><\/li><li class='ez-toc-page-1 ez-toc-heading-level-2'><a class=\"ez-toc-link ez-toc-heading-10\" href=\"https:\/\/livecasinofinder.com\/tr\/privacy-policy\/#Your_Rights_to_Your_Personal_Information\" title=\"Ki\u015fisel Bilgileriniz \u00dczerindeki Haklar\u0131n\u0131z\">Ki\u015fisel Bilgileriniz \u00dczerindeki Haklar\u0131n\u0131z<\/a><\/li><li class='ez-toc-page-1 ez-toc-heading-level-2'><a class=\"ez-toc-link ez-toc-heading-11\" href=\"https:\/\/livecasinofinder.com\/tr\/privacy-policy\/#Retention_of_Data\" title=\"Verilerin Saklanmas\u0131\">Verilerin Saklanmas\u0131<\/a><\/li><li class='ez-toc-page-1 ez-toc-heading-level-2'><a class=\"ez-toc-link ez-toc-heading-12\" href=\"https:\/\/livecasinofinder.com\/tr\/privacy-policy\/#International_Data_Transfers\" title=\"Uluslararas\u0131 Veri Aktar\u0131mlar\u0131\">Uluslararas\u0131 Veri Aktar\u0131mlar\u0131<\/a><\/li><\/ul><\/nav><\/div>\n\n<h2><span class=\"ez-toc-section\" id=\"Our_Pledge_to_Safeguard_Your_Privacy\"><\/span>Gizlili\u011finizi Koruma Taahh\u00fcd\u00fcm\u00fcz<span class=\"ez-toc-section-end\"><\/span><\/h2>\n<p>Gizlili\u011finize de\u011fer veriyor ve ki\u015fisel bilgilerinizin korunmas\u0131na \u00f6ncelik veriyoruz. Verilerinizin g\u00fcvenli ve gizli kalmas\u0131n\u0131 sa\u011flamak i\u00e7in s\u0131k\u0131 gizlilik uygulamalar\u0131 uygulad\u0131k ve ge\u00e7erli veri koruma yasalar\u0131na uyuyoruz.<\/p>\n<h2><span class=\"ez-toc-section\" id=\"Data_Collection_Our_Practices\"><\/span>Veri Toplama: Uygulamalar\u0131m\u0131z<span class=\"ez-toc-section-end\"><\/span><\/h2>\n<p>Size sorunsuz ve ki\u015fiselle\u015ftirilmi\u015f bir deneyim sunmak i\u00e7in sizden belirli bilgileri toplayabiliriz. Bu bilgiler ad\u0131n\u0131z\u0131, ileti\u015fim bilgilerinizi ve platformumuzdaki gezinme davran\u0131\u015f\u0131n\u0131z\u0131 i\u00e7erebilir. Yaln\u0131zca deneyiminizi geli\u015ftirmek ve hizmetlerimizi iyile\u015ftirmek i\u00e7in gerekli verileri toplad\u0131\u011f\u0131m\u0131zdan emin olabilirsiniz.<\/p>\n<h2><span class=\"ez-toc-section\" id=\"The_Use_of_Your_Information\"><\/span>Bilgilerinizin Kullan\u0131m\u0131<span class=\"ez-toc-section-end\"><\/span><\/h2>\n<p>Sizden toplad\u0131\u011f\u0131m\u0131z bilgiler, bunlarla s\u0131n\u0131rl\u0131 olmamak \u00fczere \u00e7e\u015fitli ama\u00e7lar i\u00e7in kullan\u0131lmaktad\u0131r:<\/p>\n<ol>\n<li>LiveCasinoFinder.com'daki deneyiminizi ki\u015fiselle\u015ftirme<\/li>\n<li>Talep ve i\u015flemlerinizin verimli bir \u015fekilde i\u015flenmesi<\/li>\n<li>\u00d6nemli g\u00fcncellemelerin ve promosyonlar\u0131n iletilmesi<\/li>\n<li>Hizmetlerimizi geli\u015ftirmek ve tercihlerinize g\u00f6re uyarlamak i\u00e7in verileri analiz etmek<\/li>\n<\/ol>\n<h2><span class=\"ez-toc-section\" id=\"Information_Disclosure_and_Sharing\"><\/span>Bilgi \u0130f\u015fas\u0131 ve Payla\u015f\u0131m\u0131<span class=\"ez-toc-section-end\"><\/span><\/h2>\n<p>LiveCasinoFinder.com bilgilerinizin gizlili\u011fine sayg\u0131 duyar. Hizmetlerimizi sunmak i\u00e7in gerekli olmad\u0131k\u00e7a veya yasalar gerektirmedik\u00e7e ki\u015fisel verilerinizi \u00fc\u00e7\u00fcnc\u00fc taraflara satmay\u0131z, takas etmeyiz veya payla\u015fmay\u0131z. Bilgilerinizi, yaln\u0131zca hizmetlerimizi size sunmak amac\u0131yla \u00f6deme i\u015flemcileri gibi g\u00fcvenilir ortaklarla payla\u015fabiliriz.<\/p>\n<h2><span class=\"ez-toc-section\" id=\"Our_Security_Measures\"><\/span>G\u00fcvenlik \u00d6nlemlerimiz<span class=\"ez-toc-section-end\"><\/span><\/h2>\n<p>Ki\u015fisel bilgilerinizi yetkisiz eri\u015fim, if\u015fa, de\u011fi\u015ftirme veya imhaya kar\u015f\u0131 korumak i\u00e7in sa\u011flam g\u00fcvenlik \u00f6nlemleri uygulad\u0131k. Geli\u015fmi\u015f g\u00fcvenlik sistemlerimiz, \u015fifreleme protokollerimiz ve s\u0131k\u0131 eri\u015fim kontrollerimiz verilerinizin en \u00fcst d\u00fczeyde korunmas\u0131n\u0131 sa\u011flar. Ortaya \u00e7\u0131kan tehditlerin stay \u00f6n\u00fcne ge\u00e7mek ve kullan\u0131c\u0131lar\u0131m\u0131z i\u00e7in g\u00fcvenli bir ortam sa\u011flamak i\u00e7in g\u00fcvenlik \u00f6nlemlerimizi d\u00fczenli olarak g\u00f6zden ge\u00e7iriyor ve g\u00fcncelliyoruz.<\/p>\n<h2><span class=\"ez-toc-section\" id=\"The_Role_of_Cookies\"><\/span>\u00c7erezlerin Rol\u00fc<span class=\"ez-toc-section-end\"><\/span><\/h2>\n<p>LiveCasinoFinder.com, platformumuzdaki tarama deneyiminizi geli\u015ftirmek i\u00e7in \u00e7erezleri kullan\u0131r. \u00c7erezler, cihaz\u0131n\u0131zda depolanan k\u00fc\u00e7\u00fck metin dosyalar\u0131d\u0131r ve sizi tan\u0131mam\u0131za ve deneyiminizi tercihlerinize g\u00f6re \u00f6zelle\u015ftirmemize olanak tan\u0131r. \u00c7erez tercihlerinizi taray\u0131c\u0131 ayarlar\u0131n\u0131z arac\u0131l\u0131\u011f\u0131yla y\u00f6netme se\u00e7ene\u011finiz vard\u0131r. Ancak, \u00e7erezleri devre d\u0131\u015f\u0131 b\u0131rakman\u0131n web sitemizdeki belirli \u00f6zellikleri veya i\u015flevleri s\u0131n\u0131rlayabilece\u011fini l\u00fctfen unutmay\u0131n.<\/p>\n<h2><span class=\"ez-toc-section\" id=\"Third-Party_Links\"><\/span>\u00dc\u00e7\u00fcnc\u00fc Taraf Ba\u011flant\u0131lar\u0131<span class=\"ez-toc-section-end\"><\/span><\/h2>\n<p>Platformumuz \u00fc\u00e7\u00fcnc\u00fc taraf web sitelerine veya hizmetlerine ba\u011flant\u0131lar i\u00e7erebilir. Bu web sitelerinin bizimkinden farkl\u0131 olabilecek kendi gizlilik politikalar\u0131na sahip oldu\u011funu bilmenizi \u00f6neririz. Veri toplama veya kullan\u0131mlar\u0131 \u00fczerinde kontrol\u00fcm\u00fcz olmad\u0131\u011f\u0131ndan, platformumuz arac\u0131l\u0131\u011f\u0131yla ziyaret etti\u011finiz \u00fc\u00e7\u00fcnc\u00fc taraf web sitelerinin gizlilik uygulamalar\u0131n\u0131 incelemenizi \u00f6neririz.<\/p>\n<h2><span class=\"ez-toc-section\" id=\"Policy_on_Childrens_Privacy\"><\/span>\u00c7ocuklar\u0131n Gizlili\u011fine \u0130li\u015fkin Politika<span class=\"ez-toc-section-end\"><\/span><\/h2>\n<p>LiveCasinoFinder.com, en az 18 ya\u015f\u0131nda olan veya kendi yarg\u0131 b\u00f6lgelerinde \u00e7evrimi\u00e7i kumar i\u00e7in yasal ya\u015fta olan bireyler i\u00e7in tasarlanm\u0131\u015ft\u0131r. Yasal ya\u015f\u0131n alt\u0131ndaki bireylerin ki\u015fisel bilgilerini bilerek toplam\u0131yor veya saklam\u0131yoruz. B\u00f6yle bir bilgiden haberdar olursak, derhal kay\u0131tlar\u0131m\u0131zdan sileriz.<\/p>\n<h2><span class=\"ez-toc-section\" id=\"Changes_to_This_Privacy_Policy\"><\/span>Bu Gizlilik Politikas\u0131ndaki De\u011fi\u015fiklikler<span class=\"ez-toc-section-end\"><\/span><\/h2>\n<p>Uygulamalar\u0131m\u0131zdaki, yasal gerekliliklerimizdeki veya hizmetlerimizdeki de\u011fi\u015fiklikleri yans\u0131tmak i\u00e7in Gizlilik Politikam\u0131z\u0131 periyodik olarak g\u00fcncelleyebiliriz. Bu politikada yap\u0131lacak herhangi bir de\u011fi\u015fiklik, platformumuzdaki belirgin bildirimler yoluyla size iletilecektir. Gizlili\u011finizi nas\u0131l korudu\u011fumuz hakk\u0131nda stay bilgi sahibi olmak i\u00e7in Gizlilik Politikam\u0131z\u0131 d\u00fczenli olarak g\u00f6zden ge\u00e7irmenizi \u00f6neririz.<\/p>\n<h2><span class=\"ez-toc-section\" id=\"Your_Rights_to_Your_Personal_Information\"><\/span>Ki\u015fisel Bilgileriniz \u00dczerindeki Haklar\u0131n\u0131z<span class=\"ez-toc-section-end\"><\/span><\/h2>\n<p>LiveCasinoFinder.com'un bir kullan\u0131c\u0131s\u0131 olarak, ki\u015fisel bilgilerinizle ilgili belirli haklara sahipsiniz. Bu haklar \u015funlar\u0131 i\u00e7erebilir:<\/p>\n<ol>\n<li>Hakk\u0131n\u0131zda tuttu\u011fumuz ki\u015fisel bilgilere eri\u015fim<\/li>\n<li>Bilgilerinizi d\u00fczeltme veya g\u00fcncelleme olana\u011f\u0131<\/li>\n<li>Belirli ko\u015fullar alt\u0131nda ki\u015fisel verilerinizin silinmesini talep etme hakk\u0131<\/li>\n<li>Verilerinizin i\u015flenmesini k\u0131s\u0131tlama veya buna itiraz etme hakk\u0131<\/li>\n<li>Verilerinizin bir kopyas\u0131n\u0131 yap\u0131land\u0131r\u0131lm\u0131\u015f, yayg\u0131n olarak kullan\u0131lan ve makine taraf\u0131ndan okunabilir bir formatta alman\u0131za olanak tan\u0131yan veri ta\u015f\u0131nabilirli\u011fi hakk\u0131<\/li>\n<\/ol>\n<p>Haklar\u0131n\u0131z\u0131 kullanmak veya gizlilikle ilgili herhangi bir konuda a\u00e7\u0131klama istemek i\u00e7in l\u00fctfen \u00f6zel destek ekibimizle ileti\u015fime ge\u00e7in. Size derhal yard\u0131mc\u0131 olmak i\u00e7in buraday\u0131z.<\/p>\n<h2><span class=\"ez-toc-section\" id=\"Retention_of_Data\"><\/span>Verilerin Saklanmas\u0131<span class=\"ez-toc-section-end\"><\/span><\/h2>\n<p>Ki\u015fisel bilgilerinizi yaln\u0131zca bu Gizlilik Politikas\u0131nda belirtilen ama\u00e7lar\u0131 yerine getirmek i\u00e7in gerekli oldu\u011fu s\u00fcrece veya yasalar\u0131n gerektirdi\u011fi \u015fekilde saklar\u0131z. Verilerinize art\u0131k ihtiya\u00e7 duyulmad\u0131\u011f\u0131nda, bunlar\u0131 veri saklama uygulamalar\u0131m\u0131za uygun olarak g\u00fcvenli bir \u015fekilde imha edece\u011fiz.<\/p>\n<h2><span class=\"ez-toc-section\" id=\"International_Data_Transfers\"><\/span>Uluslararas\u0131 Veri Aktar\u0131mlar\u0131<span class=\"ez-toc-section-end\"><\/span><\/h2>\n<p>K\u00fcresel bir platform olarak LiveCasinoFinder.com, ki\u015fisel bilgilerinizi d\u00fcnya \u00e7ap\u0131nda \u00e7e\u015fitli konumlara aktarabilir ve i\u015fleyebilir. Uluslararas\u0131 transferler s\u0131ras\u0131nda verilerinizi korumak ve ge\u00e7erli veri koruma yasalar\u0131na uymak i\u00e7in uygun \u00f6nlemlerin al\u0131nd\u0131\u011f\u0131ndan emin oluruz.<\/p>\n<p>LiveCasinoFinder.com'da, gizlili\u011finizi korurken g\u00fcvenli, \u015feffaf ve keyifli bir oyun ortam\u0131 sa\u011flamay\u0131 taahh\u00fct ediyoruz. G\u00fcveniniz ve memnuniyetiniz bizim en \u00f6nemli \u00f6nceliklerimizdir.<\/p>","protected":false},"excerpt":{"rendered":"<p>LiveCasinoFinder.com'da, gizlili\u011finizi koruman\u0131n ve ki\u015fisel bilgilerinizin gizlili\u011fini koruman\u0131n \u00f6nemini anl\u0131yoruz. Bu Gizlilik Politikas\u0131, platformumuzda g\u00fcvenli ve keyifli bir deneyim sa\u011flamak i\u00e7in veri korumaya olan sars\u0131lmaz ba\u011fl\u0131l\u0131\u011f\u0131m\u0131z\u0131 \u00f6zetlemektedir. Gizlili\u011finizi Koruma Taahh\u00fcd\u00fcm\u00fcz Gizlili\u011finize de\u011fer veriyor ve ki\u015fisel bilgilerinizin korunmas\u0131na \u00f6ncelik veriyoruz. [...]<\/p>","protected":false},"author":1,"featured_media":0,"parent":0,"menu_order":0,"comment_status":"closed","ping_status":"closed","template":"page-no-sidebar.php","meta":{"_lmt_disableupdate":"no","_lmt_disable":"no","footnotes":""},"class_list":["post-2109","page","type-page","status-publish","hentry"],"yoast_head":"<!-- This site is optimized with the Yoast SEO plugin v26.4 - https:\/\/yoast.com\/wordpress\/plugins\/seo\/ -->\n<title>Protecting Your Privacy | LiveCasinoFinder.com Privacy Policy<\/title>\n<meta name=\"description\" content=\"At LiveCasinoFinder.com, we prioritize the protection of your data. Our Privacy Policy outlines our commitment to safeguarding your personal information.\" \/>\n<meta name=\"robots\" content=\"index, follow, max-snippet:-1, max-image-preview:large, max-video-preview:-1\" \/>\n<link rel=\"canonical\" href=\"https:\/\/livecasinofinder.com\/wp-json\/wp\/v2\/pages\/2109\/\" \/>\n<meta property=\"og:locale\" content=\"tr_TR\" \/>\n<meta property=\"og:type\" content=\"article\" \/>\n<meta property=\"og:title\" content=\"Protecting Your Privacy | LiveCasinoFinder.com Privacy Policy\" \/>\n<meta property=\"og:description\" content=\"At LiveCasinoFinder.com, we prioritize the protection of your data. Our Privacy Policy outlines our commitment to safeguarding your personal information.\" \/>\n<meta property=\"og:url\" content=\"https:\/\/livecasinofinder.com\/tr\/privacy-policy\/\" \/>\n<meta property=\"og:site_name\" content=\"livecasinofinder.com\" \/>\n<meta property=\"og:image\" content=\"https:\/\/livecasinofinder.com\/wp-content\/uploads\/2023\/03\/lucasoilraceway-logo-1.png\" \/>\n\t<meta property=\"og:image:width\" content=\"427\" \/>\n\t<meta property=\"og:image:height\" content=\"145\" \/>\n\t<meta property=\"og:image:type\" content=\"image\/png\" \/>\n<meta name=\"twitter:card\" content=\"summary_large_image\" \/>\n<meta name=\"twitter:label1\" content=\"Tahmini okuma s\u00fcresi\" \/>\n\t<meta name=\"twitter:data1\" content=\"4 dakika\" \/>\n<!-- \/ Yoast SEO plugin. -->","yoast_head_json":{"title":"Gizlili\u011finizi Korumak | LiveCasinoFinder.com Gizlilik Politikas\u0131","description":"LiveCasinoFinder.com'da verilerinizin korunmas\u0131na \u00f6ncelik veriyoruz. Gizlilik Politikam\u0131z, ki\u015fisel bilgilerinizi koruma taahh\u00fcd\u00fcm\u00fcz\u00fc \u00f6zetlemektedir.","robots":{"index":"index","follow":"follow","max-snippet":"max-snippet:-1","max-image-preview":"max-image-preview:large","max-video-preview":"max-video-preview:-1"},"canonical":"https:\/\/livecasinofinder.com\/wp-json\/wp\/v2\/pages\/2109\/","og_locale":"tr_TR","og_type":"article","og_title":"Protecting Your Privacy | LiveCasinoFinder.com Privacy Policy","og_description":"At LiveCasinoFinder.com, we prioritize the protection of your data. Our Privacy Policy outlines our commitment to safeguarding your personal information.","og_url":"https:\/\/livecasinofinder.com\/tr\/privacy-policy\/","og_site_name":"livecasinofinder.com","og_image":[{"width":427,"height":145,"url":"https:\/\/livecasinofinder.com\/wp-content\/uploads\/2023\/03\/lucasoilraceway-logo-1.png","type":"image\/png"}],"twitter_card":"summary_large_image","twitter_misc":{"Tahmini okuma s\u00fcresi":"4 dakika"},"schema":{"@context":"https:\/\/schema.org","@graph":[{"@type":"WebPage","@id":"https:\/\/livecasinofinder.com\/privacy-policy\/","url":"https:\/\/livecasinofinder.com\/privacy-policy\/","name":"Gizlili\u011finizi Korumak | LiveCasinoFinder.com Gizlilik Politikas\u0131","isPartOf":{"@id":"https:\/\/livecasinofinder.com\/ja\/#website"},"datePublished":"2023-06-20T14:37:04+00:00","description":"LiveCasinoFinder.com'da verilerinizin korunmas\u0131na \u00f6ncelik veriyoruz. Gizlilik Politikam\u0131z, ki\u015fisel bilgilerinizi koruma taahh\u00fcd\u00fcm\u00fcz\u00fc \u00f6zetlemektedir.","breadcrumb":{"@id":"https:\/\/livecasinofinder.com\/privacy-policy\/#breadcrumb"},"inLanguage":"tr","potentialAction":[{"@type":"ReadAction","target":["https:\/\/livecasinofinder.com\/privacy-policy\/"]}]},{"@type":"BreadcrumbList","@id":"https:\/\/livecasinofinder.com\/privacy-policy\/#breadcrumb","itemListElement":[{"@type":"ListItem","position":1,"name":"LiveCasinoFinder.com","item":"https:\/\/livecasinofinder.com\/fr\/"},{"@type":"ListItem","position":2,"name":"Privacy Policy"}]},{"@type":"WebSite","@id":"https:\/\/livecasinofinder.com\/ja\/#website","url":"https:\/\/livecasinofinder.com\/ja\/","name":"livecasinofinder","description":"","publisher":{"@id":"https:\/\/livecasinofinder.com\/ja\/#organization"},"alternateName":"Lucas oil raceway live casino","potentialAction":[{"@type":"SearchAction","target":{"@type":"EntryPoint","urlTemplate":"https:\/\/livecasinofinder.com\/ja\/?s={search_term_string}"},"query-input":{"@type":"PropertyValueSpecification","valueRequired":true,"valueName":"search_term_string"}}],"inLanguage":"tr"},{"@type":"Organization","@id":"https:\/\/livecasinofinder.com\/ja\/#organization","name":"Canl\u0131 Casino Bulucu","alternateName":"Lucas oil raceway live casino","url":"https:\/\/livecasinofinder.com\/ja\/","logo":{"@type":"ImageObject","inLanguage":"tr","@id":"https:\/\/livecasinofinder.com\/ja\/#\/schema\/logo\/image\/","url":"https:\/\/livecasinofinder.com\/wp-content\/uploads\/2023\/04\/livecasinofinder-logo.png","contentUrl":"https:\/\/livecasinofinder.com\/wp-content\/uploads\/2023\/04\/livecasinofinder-logo.png","width":1600,"height":453,"caption":"Live Casino Finder"},"image":{"@id":"https:\/\/livecasinofinder.com\/ja\/#\/schema\/logo\/image\/"}}]}},"_links":{"self":[{"href":"https:\/\/livecasinofinder.com\/tr\/wp-json\/wp\/v2\/pages\/2109","targetHints":{"allow":["GET"]}}],"collection":[{"href":"https:\/\/livecasinofinder.com\/tr\/wp-json\/wp\/v2\/pages"}],"about":[{"href":"https:\/\/livecasinofinder.com\/tr\/wp-json\/wp\/v2\/types\/page"}],"author":[{"embeddable":true,"href":"https:\/\/livecasinofinder.com\/tr\/wp-json\/wp\/v2\/users\/1"}],"replies":[{"embeddable":true,"href":"https:\/\/livecasinofinder.com\/tr\/wp-json\/wp\/v2\/comments?post=2109"}],"version-history":[{"count":0,"href":"https:\/\/livecasinofinder.com\/tr\/wp-json\/wp\/v2\/pages\/2109\/revisions"}],"wp:attachment":[{"href":"https:\/\/livecasinofinder.com\/tr\/wp-json\/wp\/v2\/media?parent=2109"}],"curies":[{"name":"wp","href":"https:\/\/api.w.org\/{rel}","templated":true}]}}