{"id":2107,"date":"2023-06-20T14:36:44","date_gmt":"2023-06-20T14:36:44","guid":{"rendered":"https:\/\/livecasinofinder.com\/?page_id=2107"},"modified":"2025-06-03T11:09:24","modified_gmt":"2025-06-03T11:09:24","slug":"disclaimer","status":"publish","type":"page","link":"https:\/\/livecasinofinder.com\/tr\/disclaimer\/","title":{"rendered":"Sorumluluk Reddi"},"content":{"rendered":"<p>LiveCasinoFinder.com t\u00fcm kumar merakl\u0131lar\u0131 i\u00e7in m\u00fckemmel bir rehberdir!\u00a0<em>Hangi live casino'yi deneyece\u011finiz konusunda hi\u00e7 ikilemde kald\u0131n\u0131z m\u0131?<\/em>\u00a0Web sitemiz, canl\u0131 \u00e7evrimi\u00e7i casinolar\u0131n gizemli d\u00fcnyas\u0131nda size rehberlik eden bir fener g\u00f6revi g\u00f6r\u00fcr. LiveCasinoFinder.com en iyi casinolar\u0131 bulman\u0131za yard\u0131mc\u0131 olur. <a href=\"\/tr\/live-casinos\/\">en iyi live casino'ler<\/a>\u00f6zellikleri kar\u015f\u0131la\u015ft\u0131r\u0131n ve hatta baz\u0131 super-tatl\u0131 bonuslar\u0131 kap\u0131n.<\/p>\n<div id=\"ez-toc-container\" class=\"ez-toc-v2_0_63 counter-hierarchy ez-toc-counter ez-toc-grey ez-toc-container-direction\">\n<label for=\"ez-toc-cssicon-toggle-item-69e000817d1bc\" class=\"ez-toc-cssicon-toggle-label\"><span class=\"ez-toc-cssicon\"><span class=\"eztoc-hide\" style=\"display:none;\">Ge\u00e7i\u015f<\/span><span class=\"ez-toc-icon-toggle-span\"><svg style=\"fill: #999;color:#999\" xmlns=\"http:\/\/www.w3.org\/2000\/svg\" class=\"list-377408\" width=\"20px\" height=\"20px\" viewbox=\"0 0 24 24\" fill=\"none\"><path d=\"M6 6H4v2h2V6zm14 0H8v2h12V6zM4 11h2v2H4v-2zm16 0H8v2h12v-2zM4 16h2v2H4v-2zm16 0H8v2h12v-2z\" fill=\"currentColor\"><\/path><\/svg><svg style=\"fill: #999;color:#999\" class=\"arrow-unsorted-368013\" xmlns=\"http:\/\/www.w3.org\/2000\/svg\" width=\"10px\" height=\"10px\" viewbox=\"0 0 24 24\" version=\"1.2\" baseprofile=\"tiny\"><path d=\"M18.2 9.3l-6.2-6.3-6.2 6.3c-.2.2-.3.4-.3.7s.1.5.3.7c.2.2.4.3.7.3h11c.3 0 .5-.1.7-.3.2-.2.3-.5.3-.7s-.1-.5-.3-.7zM5.8 14.7l6.2 6.3 6.2-6.3c.2-.2.3-.5.3-.7s-.1-.5-.3-.7c-.2-.2-.4-.3-.7-.3h-11c-.3 0-.5.1-.7.3-.2.2-.3.5-.3.7s.1.5.3.7z\"\/><\/svg><\/span><\/span><\/label><input type=\"checkbox\"  id=\"ez-toc-cssicon-toggle-item-69e000817d1bc\" checked aria-label=\"Ge\u00e7i\u015f\" \/><nav><ul class='ez-toc-list ez-toc-list-level-1' ><li class='ez-toc-page-1 ez-toc-heading-level-2'><a class=\"ez-toc-link ez-toc-heading-1\" href=\"https:\/\/livecasinofinder.com\/tr\/disclaimer\/#Objective_of_LiveCasinoFindercom\" title=\"LiveCasinoFinder.com&#039;un Amac\u0131\">LiveCasinoFinder.com'un Amac\u0131<\/a><\/li><li class='ez-toc-page-1 ez-toc-heading-level-2'><a class=\"ez-toc-link ez-toc-heading-2\" href=\"https:\/\/livecasinofinder.com\/tr\/disclaimer\/#Limitations_and_Liability\" title=\"S\u0131n\u0131rlamalar ve Sorumluluk\">S\u0131n\u0131rlamalar ve Sorumluluk<\/a><ul class='ez-toc-list-level-3' ><li class='ez-toc-heading-level-3'><a class=\"ez-toc-link ez-toc-heading-3\" href=\"https:\/\/livecasinofinder.com\/tr\/disclaimer\/#Validity_of_Information\" title=\"Bilgilerin Ge\u00e7erlili\u011fi\">Bilgilerin Ge\u00e7erlili\u011fi<\/a><\/li><li class='ez-toc-page-1 ez-toc-heading-level-3'><a class=\"ez-toc-link ez-toc-heading-4\" href=\"https:\/\/livecasinofinder.com\/tr\/disclaimer\/#User_Responsibilities\" title=\"Kullan\u0131c\u0131 Sorumluluklar\u0131\">Kullan\u0131c\u0131 Sorumluluklar\u0131<\/a><ul class='ez-toc-list-level-4' ><li class='ez-toc-heading-level-4'><a class=\"ez-toc-link ez-toc-heading-5\" href=\"https:\/\/livecasinofinder.com\/tr\/disclaimer\/#Age_Restrictions\" title=\"Ya\u015f K\u0131s\u0131tlamalar\u0131\">Ya\u015f K\u0131s\u0131tlamalar\u0131<\/a><\/li><li class='ez-toc-page-1 ez-toc-heading-level-4'><a class=\"ez-toc-link ez-toc-heading-6\" href=\"https:\/\/livecasinofinder.com\/tr\/disclaimer\/#Responsible_Gambling\" title=\"Sorumlu Kumar Oynama\">Sorumlu Kumar Oynama<\/a><\/li><\/ul><\/li><\/ul><\/li><li class='ez-toc-page-1 ez-toc-heading-level-2'><a class=\"ez-toc-link ez-toc-heading-7\" href=\"https:\/\/livecasinofinder.com\/tr\/disclaimer\/#Third-Party_Content_and_Links\" title=\"\u00dc\u00e7\u00fcnc\u00fc Taraf \u0130\u00e7eri\u011fi ve Ba\u011flant\u0131lar\u0131\">\u00dc\u00e7\u00fcnc\u00fc Taraf \u0130\u00e7eri\u011fi ve Ba\u011flant\u0131lar\u0131<\/a><ul class='ez-toc-list-level-3' ><li class='ez-toc-heading-level-3'><a class=\"ez-toc-link ez-toc-heading-8\" href=\"https:\/\/livecasinofinder.com\/tr\/disclaimer\/#External_Links\" title=\"D\u0131\u015f Ba\u011flant\u0131lar\">D\u0131\u015f Ba\u011flant\u0131lar<\/a><\/li><li class='ez-toc-page-1 ez-toc-heading-level-3'><a class=\"ez-toc-link ez-toc-heading-9\" href=\"https:\/\/livecasinofinder.com\/tr\/disclaimer\/#Affiliations_and_Partnerships\" title=\"\u0130\u015ftirakler ve Ortakl\u0131klar\">\u0130\u015ftirakler ve Ortakl\u0131klar<\/a><\/li><\/ul><\/li><li class='ez-toc-page-1 ez-toc-heading-level-2'><a class=\"ez-toc-link ez-toc-heading-10\" href=\"https:\/\/livecasinofinder.com\/tr\/disclaimer\/#Intellectual_Property\" title=\"Fikri M\u00fclkiyet\">Fikri M\u00fclkiyet<\/a><ul class='ez-toc-list-level-3' ><li class='ez-toc-heading-level-3'><a class=\"ez-toc-link ez-toc-heading-11\" href=\"https:\/\/livecasinofinder.com\/tr\/disclaimer\/#Copyrights\" title=\"Telif Haklar\u0131\">Telif Haklar\u0131<\/a><\/li><li class='ez-toc-page-1 ez-toc-heading-level-3'><a class=\"ez-toc-link ez-toc-heading-12\" href=\"https:\/\/livecasinofinder.com\/tr\/disclaimer\/#Use_of_Content\" title=\"\u0130\u00e7erik Kullan\u0131m\u0131\">\u0130\u00e7erik Kullan\u0131m\u0131<\/a><\/li><li class='ez-toc-page-1 ez-toc-heading-level-3'><a class=\"ez-toc-link ez-toc-heading-13\" href=\"https:\/\/livecasinofinder.com\/tr\/disclaimer\/#Indemnification\" title=\"Tazminat\">Tazminat<\/a><\/li><\/ul><\/li><li class='ez-toc-page-1 ez-toc-heading-level-2'><a class=\"ez-toc-link ez-toc-heading-14\" href=\"https:\/\/livecasinofinder.com\/tr\/disclaimer\/#Governing_Law_and_Jurisdiction\" title=\"Ge\u00e7erli Hukuk ve Yarg\u0131 Yetkisi\">Ge\u00e7erli Hukuk ve Yarg\u0131 Yetkisi<\/a><\/li><li class='ez-toc-page-1 ez-toc-heading-level-2'><a class=\"ez-toc-link ez-toc-heading-15\" href=\"https:\/\/livecasinofinder.com\/tr\/disclaimer\/#Updates_to_Disclaimer\" title=\"Sorumluluk Reddi G\u00fcncellemeleri\">Sorumluluk Reddi G\u00fcncellemeleri<\/a><\/li><li class='ez-toc-page-1 ez-toc-heading-level-2'><a class=\"ez-toc-link ez-toc-heading-16\" href=\"https:\/\/livecasinofinder.com\/tr\/disclaimer\/#Contact_Information\" title=\"\u0130leti\u015fim Bilgileri\">\u0130leti\u015fim Bilgileri<\/a><\/li><li class='ez-toc-page-1 ez-toc-heading-level-2'><a class=\"ez-toc-link ez-toc-heading-17\" href=\"https:\/\/livecasinofinder.com\/tr\/disclaimer\/#Conclusion\" title=\"Sonu\u00e7\">Sonu\u00e7<\/a><\/li><\/ul><\/nav><\/div>\n\n<h2><span class=\"ez-toc-section\" id=\"Objective_of_LiveCasinoFindercom\"><\/span>LiveCasinoFinder.com'un Amac\u0131<span class=\"ez-toc-section-end\"><\/span><\/h2>\n<p>LiveCasinoFinder.com'un tek bir amac\u0131 vard\u0131r:\u00a0<em>\u00e7evrimi\u00e7i kumar yolculu\u011funuzu d\u00fcz bir flo\u015ftan daha sorunsuz hale getirmek i\u00e7in<\/em>. Size g\u00fcvenilir bilgiler, uzman g\u00f6r\u00fc\u015fleri ve birinci s\u0131n\u0131f stratejiler sunuyoruz. Ancak unutmay\u0131n, biz sizin Frodo'nuzun Gandalf'\u0131y\u0131z; nihai g\u00f6revi tamamlamak size kalm\u0131\u015f.<\/p>\n<h2><span class=\"ez-toc-section\" id=\"Limitations_and_Liability\"><\/span>S\u0131n\u0131rlamalar ve Sorumluluk<span class=\"ez-toc-section-end\"><\/span><\/h2>\n<p>Cesur bir korsan maceras\u0131 gibi, buradaki yolculu\u011funuzun riski size aittir. Herhangi bir kay\u0131p veya zarardan sorumlu de\u011filiz. Hazine haritalar\u0131m\u0131z rehber niteli\u011findedir; riskleri almak size aittir.<\/p>\n<h3><span class=\"ez-toc-section\" id=\"Validity_of_Information\"><\/span>Bilgilerin Ge\u00e7erlili\u011fi<span class=\"ez-toc-section-end\"><\/span><\/h3>\n<p>Size en do\u011fru ve g\u00fcncel bilgileri sunmak i\u00e7in canla ba\u015fla \u00e7al\u0131\u015f\u0131yoruz. Ancak, t\u0131pk\u0131 pokerde oldu\u011fu gibi, bazen i\u015fler \u00f6ng\u00f6r\u00fclemeyen bir \u015fekilde de\u011fi\u015fir. Sonu\u00e7 olarak, burada buldu\u011funuz her \u015feyin her zaman bir papatya kadar taze olaca\u011f\u0131n\u0131 garanti edemeyiz.<\/p>\n<h3><span class=\"ez-toc-section\" id=\"User_Responsibilities\"><\/span>Kullan\u0131c\u0131 Sorumluluklar\u0131<span class=\"ez-toc-section-end\"><\/span><\/h3>\n<h4><span class=\"ez-toc-section\" id=\"Age_Restrictions\"><\/span>Ya\u015f K\u0131s\u0131tlamalar\u0131<span class=\"ez-toc-section-end\"><\/span><\/h4>\n<p>Zar atmak i\u00e7in yeterince b\u00fcy\u00fck m\u00fcs\u00fcn\u00fcz? LiveCasinoFinder.com'un heyecan verici d\u00fcnyas\u0131na ad\u0131m atmadan \u00f6nce, kumar oynamak i\u00e7in yasal ya\u015fta oldu\u011funuzdan emin olun. E\u011fer de\u011filseniz, buradan ka\u00e7man\u0131n tam zaman\u0131!<\/p>\n<h4><span class=\"ez-toc-section\" id=\"Responsible_Gambling\"><\/span>Sorumlu Kumar Oynama<span class=\"ez-toc-section-end\"><\/span><\/h4>\n<p>Kumar iyi bir \u015farab\u0131 yudumlamak gibi olmal\u0131d\u0131r - sorumlu bir \u015fekilde yap\u0131lmal\u0131d\u0131r. Her zaman akl\u0131n\u0131z\u0131 ba\u015f\u0131n\u0131zda tutmay\u0131 unutmay\u0131n ve asla kaybetmeyi g\u00f6ze alabilece\u011finizden daha fazla kumar oynamay\u0131n. Bunu dost\u00e7a bir oyun gecesi olarak d\u00fc\u015f\u00fcn\u00fcn; e\u011flenmek i\u00e7in buradas\u0131n\u0131z, hayat birikimlerinizi bo\u015faltmak i\u00e7in de\u011fil!<\/p>\n<h2><span class=\"ez-toc-section\" id=\"Third-Party_Content_and_Links\"><\/span>\u00dc\u00e7\u00fcnc\u00fc Taraf \u0130\u00e7eri\u011fi ve Ba\u011flant\u0131lar\u0131<span class=\"ez-toc-section-end\"><\/span><\/h2>\n<h3><span class=\"ez-toc-section\" id=\"External_Links\"><\/span>D\u0131\u015f Ba\u011flant\u0131lar<span class=\"ez-toc-section-end\"><\/span><\/h3>\n<p><em>Hi\u00e7 yeni diyarlar ke\u015ffetmek istediniz mi?<\/em>\u00a0\u00dc\u00e7\u00fcnc\u00fc taraf sitelerine ba\u011flant\u0131lar sa\u011fl\u0131yoruz. Ancak, dikkatli ol gen\u00e7 ka\u015fif. Orada kar\u015f\u0131la\u015fabilece\u011fin ejderhalardan veya i\u00e7erikten biz sorumlu de\u011filiz.<\/p>\n<h3><span class=\"ez-toc-section\" id=\"Affiliations_and_Partnerships\"><\/span>\u0130\u015ftirakler ve Ortakl\u0131klar<span class=\"ez-toc-section-end\"><\/span><\/h3>\n<p>Sekt\u00f6r\u00fcn kraliyet ailesine ba\u011fl\u0131 olmaktan gurur duyuyoruz. Yine de d\u00fcr\u00fcstl\u00fc\u011f\u00fcm\u00fcze dokunulmad\u0131 ve fikirlerimiz de\u011fi\u015fmedi. Ortakl\u0131klar bizi y\u00f6netmiyor; biz onlar\u0131 y\u00f6netiyoruz!<\/p>\n<h2><span class=\"ez-toc-section\" id=\"Intellectual_Property\"><\/span>Fikri M\u00fclkiyet<span class=\"ez-toc-section-end\"><\/span><\/h2>\n<h3><span class=\"ez-toc-section\" id=\"Copyrights\"><\/span>Telif Haklar\u0131<span class=\"ez-toc-section-end\"><\/span><\/h3>\n<p>\u0130\u00e7eri\u011fimiz bir tek boynuzlu at kadar e\u015fsizdir ve telif hakk\u0131 yasalar\u0131n\u0131n b\u00fcy\u00fcl\u00fc kalkan\u0131 alt\u0131nda korunmaktad\u0131r. Bu alana sayg\u0131 g\u00f6sterin, i\u00e7eri\u011fimizi \u00e7almay\u0131n!<\/p>\n<h3><span class=\"ez-toc-section\" id=\"Use_of_Content\"><\/span>\u0130\u00e7erik Kullan\u0131m\u0131<span class=\"ez-toc-section-end\"><\/span><\/h3>\n<p>\u0130\u00e7eri\u011fimizi kullanmaktan \u00e7ekinmeyin, ancak b\u00fcy\u00fcl\u00fc kaynak olan LiveCasinoFinder.com'a at\u0131fta bulunmay\u0131 unutmay\u0131n.\u00a0<em>Size bir hazine haritas\u0131 veren bir b\u00fcy\u00fcc\u00fcye itibar etmez miydiniz?<\/em><\/p>\n<h3><span class=\"ez-toc-section\" id=\"Indemnification\"><\/span>Tazminat<span class=\"ez-toc-section-end\"><\/span><\/h3>\n<p>Eylemleriniz yasal sorunlara yol a\u00e7arsa, bu kalas \u00fczerinde tek ba\u015f\u0131na y\u00fcr\u00fcmeye benzer; d\u00fc\u015f\u00fc\u015f\u00fc payla\u015fmayaca\u011f\u0131z. Hazine haritalar\u0131m\u0131z\u0131 kullanman\u0131z nedeniyle ortaya \u00e7\u0131kan her t\u00fcrl\u00fc iddiaya kar\u015f\u0131 bizi tazmin edeceksiniz.<\/p>\n<h2><span class=\"ez-toc-section\" id=\"Governing_Law_and_Jurisdiction\"><\/span>Ge\u00e7erli Hukuk ve Yarg\u0131 Yetkisi<span class=\"ez-toc-section-end\"><\/span><\/h2>\n<p>LiveCasinoFinder.com \u00fclkesini y\u00f6neten yasalar kat\u0131 ve ba\u011flay\u0131c\u0131d\u0131r. Herhangi bir anla\u015fmazl\u0131k, yasal kartallar\u0131n dikkatli g\u00f6zleri alt\u0131nda, \u00fclkenin yasalar\u0131na uygun olarak \u00e7\u00f6z\u00fclecektir.<\/p>\n<h2><span class=\"ez-toc-section\" id=\"Updates_to_Disclaimer\"><\/span>Sorumluluk Reddi G\u00fcncellemeleri<span class=\"ez-toc-section-end\"><\/span><\/h2>\n<p>Bu feragatnameyi rota de\u011fi\u015ftiren bir gemi gibi g\u00fcncelleyebiliriz. stay'den haberdar olmak i\u00e7in d\u00fcrb\u00fcn\u00fcn\u00fcz\u00fc bu sayfada tutun.<\/p>\n<h2><span class=\"ez-toc-section\" id=\"Contact_Information\"><\/span>\u0130leti\u015fim Bilgileri<span class=\"ez-toc-section-end\"><\/span><\/h2>\n<p>Bize ula\u015fman\u0131z gerekiyorsa, bir \u015fi\u015fe i\u00e7inde bize bir mesaj g\u00f6nderin veya web sitemiz arac\u0131l\u0131\u011f\u0131yla bizimle ileti\u015fime ge\u00e7in. Geri bildirime bir korsan\u0131n alt\u0131na verdi\u011fi de\u011fer gibi de\u011fer veriyoruz!<\/p>\n<h2><span class=\"ez-toc-section\" id=\"Conclusion\"><\/span>Sonu\u00e7<span class=\"ez-toc-section-end\"><\/span><\/h2>\n<p>Evet, macerac\u0131 dostlar, LiveCasinoFinder.com'un resmi feragatnamesi burada sona eriyor. Unutmay\u0131n, b\u00fcy\u00fck g\u00fc\u00e7 (ya da bu durumda bilgi) b\u00fcy\u00fck sorumluluk getirir. Hazine haritalar\u0131n\u0131 ak\u0131ll\u0131ca kullan\u0131n ve aray\u0131\u015f\u0131n\u0131z zenginliklerle dolu olsun!<\/p>","protected":false},"excerpt":{"rendered":"<p>LiveCasinoFinder.com, d\u0131\u015far\u0131daki t\u00fcm kumar merakl\u0131lar\u0131 i\u00e7in m\u00fckemmel bir rehberdir! Hi\u00e7 hangi live casino'yi deneyece\u011finiz konusunda bir muamma ya\u015fad\u0131n\u0131z m\u0131? Web sitemiz, canl\u0131 \u00e7evrimi\u00e7i casinolar\u0131n gizemli d\u00fcnyas\u0131nda size rehberlik eden bir fener g\u00f6revi g\u00f6r\u00fcr. LiveCasinoFinder.com en iyi live casino'leri bulman\u0131za, \u00f6zellikleri kar\u015f\u0131la\u015ft\u0131rman\u0131za ve hatta baz\u0131 super-tatl\u0131 bonuslar\u0131 kapman\u0131za yard\u0131mc\u0131 olur. Ama\u00e7 [...]<\/p>","protected":false},"author":1,"featured_media":0,"parent":0,"menu_order":0,"comment_status":"closed","ping_status":"closed","template":"page-no-sidebar.php","meta":{"_lmt_disableupdate":"no","_lmt_disable":"no","footnotes":""},"class_list":["post-2107","page","type-page","status-publish","hentry"],"yoast_head":"<!-- This site is optimized with the Yoast SEO plugin v26.4 - https:\/\/yoast.com\/wordpress\/plugins\/seo\/ -->\n<title>Disclaimer and Important Information<\/title>\n<meta name=\"description\" content=\"Read Live Casino Finder\u2019s disclaimer to understand our policies and ensure a clear and transparent experience when using our live casino guides and reviews.\" \/>\n<meta name=\"robots\" content=\"index, follow, max-snippet:-1, max-image-preview:large, max-video-preview:-1\" \/>\n<link rel=\"canonical\" href=\"https:\/\/livecasinofinder.com\/wp-json\/wp\/v2\/pages\/2107\/\" \/>\n<meta property=\"og:locale\" content=\"tr_TR\" \/>\n<meta property=\"og:type\" content=\"article\" \/>\n<meta property=\"og:title\" content=\"Disclaimer and Important Information\" \/>\n<meta property=\"og:description\" content=\"Read Live Casino Finder\u2019s disclaimer to understand our policies and ensure a clear and transparent experience when using our live casino guides and reviews.\" \/>\n<meta property=\"og:url\" content=\"https:\/\/livecasinofinder.com\/tr\/disclaimer\/\" \/>\n<meta property=\"og:site_name\" content=\"livecasinofinder.com\" \/>\n<meta property=\"article:modified_time\" content=\"2025-06-03T11:09:24+00:00\" \/>\n<meta property=\"og:image\" content=\"https:\/\/livecasinofinder.com\/wp-content\/uploads\/2023\/03\/lucasoilraceway-logo-1.png\" \/>\n\t<meta property=\"og:image:width\" content=\"427\" \/>\n\t<meta property=\"og:image:height\" content=\"145\" \/>\n\t<meta property=\"og:image:type\" content=\"image\/png\" \/>\n<meta name=\"twitter:card\" content=\"summary_large_image\" \/>\n<meta name=\"twitter:label1\" content=\"Tahmini okuma s\u00fcresi\" \/>\n\t<meta name=\"twitter:data1\" content=\"3 dakika\" \/>\n<!-- \/ Yoast SEO plugin. -->","yoast_head_json":{"title":"Disclaimer and Important Information","description":"Read Live Casino Finder\u2019s disclaimer to understand our policies and ensure a clear and transparent experience when using our live casino guides and reviews.","robots":{"index":"index","follow":"follow","max-snippet":"max-snippet:-1","max-image-preview":"max-image-preview:large","max-video-preview":"max-video-preview:-1"},"canonical":"https:\/\/livecasinofinder.com\/wp-json\/wp\/v2\/pages\/2107\/","og_locale":"tr_TR","og_type":"article","og_title":"Disclaimer and Important Information","og_description":"Read Live Casino Finder\u2019s disclaimer to understand our policies and ensure a clear and transparent experience when using our live casino guides and reviews.","og_url":"https:\/\/livecasinofinder.com\/tr\/disclaimer\/","og_site_name":"livecasinofinder.com","article_modified_time":"2025-06-03T11:09:24+00:00","og_image":[{"width":427,"height":145,"url":"https:\/\/livecasinofinder.com\/wp-content\/uploads\/2023\/03\/lucasoilraceway-logo-1.png","type":"image\/png"}],"twitter_card":"summary_large_image","twitter_misc":{"Tahmini okuma s\u00fcresi":"3 dakika"},"schema":{"@context":"https:\/\/schema.org","@graph":[{"@type":"WebPage","@id":"https:\/\/livecasinofinder.com\/disclaimer\/","url":"https:\/\/livecasinofinder.com\/disclaimer\/","name":"Disclaimer and Important Information","isPartOf":{"@id":"https:\/\/livecasinofinder.com\/ja\/#website"},"datePublished":"2023-06-20T14:36:44+00:00","dateModified":"2025-06-03T11:09:24+00:00","description":"Read Live Casino Finder\u2019s disclaimer to understand our policies and ensure a clear and transparent experience when using our live casino guides and reviews.","breadcrumb":{"@id":"https:\/\/livecasinofinder.com\/disclaimer\/#breadcrumb"},"inLanguage":"tr","potentialAction":[{"@type":"ReadAction","target":["https:\/\/livecasinofinder.com\/disclaimer\/"]}]},{"@type":"BreadcrumbList","@id":"https:\/\/livecasinofinder.com\/disclaimer\/#breadcrumb","itemListElement":[{"@type":"ListItem","position":1,"name":"LiveCasinoFinder.com","item":"https:\/\/livecasinofinder.com\/fr\/"},{"@type":"ListItem","position":2,"name":"Disclaimer"}]},{"@type":"WebSite","@id":"https:\/\/livecasinofinder.com\/ja\/#website","url":"https:\/\/livecasinofinder.com\/ja\/","name":"livecasinofinder","description":"","publisher":{"@id":"https:\/\/livecasinofinder.com\/ja\/#organization"},"alternateName":"Lucas oil raceway live casino","potentialAction":[{"@type":"SearchAction","target":{"@type":"EntryPoint","urlTemplate":"https:\/\/livecasinofinder.com\/ja\/?s={search_term_string}"},"query-input":{"@type":"PropertyValueSpecification","valueRequired":true,"valueName":"search_term_string"}}],"inLanguage":"tr"},{"@type":"Organization","@id":"https:\/\/livecasinofinder.com\/ja\/#organization","name":"Canl\u0131 Casino Bulucu","alternateName":"Lucas oil raceway live casino","url":"https:\/\/livecasinofinder.com\/ja\/","logo":{"@type":"ImageObject","inLanguage":"tr","@id":"https:\/\/livecasinofinder.com\/ja\/#\/schema\/logo\/image\/","url":"https:\/\/livecasinofinder.com\/wp-content\/uploads\/2023\/04\/livecasinofinder-logo.png","contentUrl":"https:\/\/livecasinofinder.com\/wp-content\/uploads\/2023\/04\/livecasinofinder-logo.png","width":1600,"height":453,"caption":"Live Casino Finder"},"image":{"@id":"https:\/\/livecasinofinder.com\/ja\/#\/schema\/logo\/image\/"}}]}},"_links":{"self":[{"href":"https:\/\/livecasinofinder.com\/tr\/wp-json\/wp\/v2\/pages\/2107","targetHints":{"allow":["GET"]}}],"collection":[{"href":"https:\/\/livecasinofinder.com\/tr\/wp-json\/wp\/v2\/pages"}],"about":[{"href":"https:\/\/livecasinofinder.com\/tr\/wp-json\/wp\/v2\/types\/page"}],"author":[{"embeddable":true,"href":"https:\/\/livecasinofinder.com\/tr\/wp-json\/wp\/v2\/users\/1"}],"replies":[{"embeddable":true,"href":"https:\/\/livecasinofinder.com\/tr\/wp-json\/wp\/v2\/comments?post=2107"}],"version-history":[{"count":0,"href":"https:\/\/livecasinofinder.com\/tr\/wp-json\/wp\/v2\/pages\/2107\/revisions"}],"wp:attachment":[{"href":"https:\/\/livecasinofinder.com\/tr\/wp-json\/wp\/v2\/media?parent=2107"}],"curies":[{"name":"wp","href":"https:\/\/api.w.org\/{rel}","templated":true}]}}