{"id":2105,"date":"2023-06-20T14:36:13","date_gmt":"2023-06-20T14:36:13","guid":{"rendered":"https:\/\/livecasinofinder.com\/?page_id=2105"},"modified":"2025-06-03T11:10:21","modified_gmt":"2025-06-03T11:10:21","slug":"cookie-policy","status":"publish","type":"page","link":"https:\/\/livecasinofinder.com\/tr\/cookie-policy\/","title":{"rendered":"\u00c7erez Politikas\u0131"},"content":{"rendered":"<p>Ho\u015f geldiniz <a href=\"\/tr\/\">Canl\u0131 Casino Bulucu<\/a>live casino oyunlar\u0131yla ilgili her \u015fey i\u00e7in nihai hedefiniz! Kendimizi size e\u015fi benzeri olmayan s\u00fcr\u00fckleyici ve heyecan verici bir \u00e7evrimi\u00e7i kumar deneyimi sunmaya adad\u0131k. ether ile bu heyecan verici yolculu\u011fa \u00e7\u0131karken, Kapsaml\u0131 \u00c7erez Politikam\u0131za \u0131\u015f\u0131k tutmak istiyoruz. \u015eeffafl\u0131k, gizlilik ve ola\u011fan\u00fcst\u00fc bir kullan\u0131c\u0131 deneyimi sunma taahh\u00fcd\u00fcm\u00fcz, yapt\u0131\u011f\u0131m\u0131z her \u015feyin \u00f6n saflar\u0131nda yer almaktad\u0131r.<\/p>\n<div id=\"ez-toc-container\" class=\"ez-toc-v2_0_63 counter-hierarchy ez-toc-counter ez-toc-grey ez-toc-container-direction\">\n<label for=\"ez-toc-cssicon-toggle-item-69d1f3bf97e55\" class=\"ez-toc-cssicon-toggle-label\"><span class=\"ez-toc-cssicon\"><span class=\"eztoc-hide\" style=\"display:none;\">Ge\u00e7i\u015f<\/span><span class=\"ez-toc-icon-toggle-span\"><svg style=\"fill: #999;color:#999\" xmlns=\"http:\/\/www.w3.org\/2000\/svg\" class=\"list-377408\" width=\"20px\" height=\"20px\" viewbox=\"0 0 24 24\" fill=\"none\"><path d=\"M6 6H4v2h2V6zm14 0H8v2h12V6zM4 11h2v2H4v-2zm16 0H8v2h12v-2zM4 16h2v2H4v-2zm16 0H8v2h12v-2z\" fill=\"currentColor\"><\/path><\/svg><svg style=\"fill: #999;color:#999\" class=\"arrow-unsorted-368013\" xmlns=\"http:\/\/www.w3.org\/2000\/svg\" width=\"10px\" height=\"10px\" viewbox=\"0 0 24 24\" version=\"1.2\" baseprofile=\"tiny\"><path d=\"M18.2 9.3l-6.2-6.3-6.2 6.3c-.2.2-.3.4-.3.7s.1.5.3.7c.2.2.4.3.7.3h11c.3 0 .5-.1.7-.3.2-.2.3-.5.3-.7s-.1-.5-.3-.7zM5.8 14.7l6.2 6.3 6.2-6.3c.2-.2.3-.5.3-.7s-.1-.5-.3-.7c-.2-.2-.4-.3-.7-.3h-11c-.3 0-.5.1-.7.3-.2.2-.3.5-.3.7s.1.5.3.7z\"\/><\/svg><\/span><\/span><\/label><input type=\"checkbox\"  id=\"ez-toc-cssicon-toggle-item-69d1f3bf97e55\" checked aria-label=\"Ge\u00e7i\u015f\" \/><nav><ul class='ez-toc-list ez-toc-list-level-1' ><li class='ez-toc-page-1 ez-toc-heading-level-2'><a class=\"ez-toc-link ez-toc-heading-1\" href=\"https:\/\/livecasinofinder.com\/tr\/cookie-policy\/#Live_Casino_Finder_Comprehensive_Cookie_Policy\" title=\"Canl\u0131 Casino Finder Kapsaml\u0131 \u00c7erez Politikas\u0131\">Canl\u0131 Casino Finder Kapsaml\u0131 \u00c7erez Politikas\u0131<\/a><\/li><li class='ez-toc-page-1 ez-toc-heading-level-2'><a class=\"ez-toc-link ez-toc-heading-2\" href=\"https:\/\/livecasinofinder.com\/tr\/cookie-policy\/#Exploring_the_Concept_of_Cookies\" title=\"\u00c7erez Kavram\u0131n\u0131n Ke\u015ffedilmesi\">\u00c7erez Kavram\u0131n\u0131n Ke\u015ffedilmesi<\/a><\/li><li class='ez-toc-page-1 ez-toc-heading-level-2'><a class=\"ez-toc-link ez-toc-heading-3\" href=\"https:\/\/livecasinofinder.com\/tr\/cookie-policy\/#Our_Application_of_Cookies\" title=\"\u00c7erez Kullan\u0131m\u0131m\u0131z\">\u00c7erez Kullan\u0131m\u0131m\u0131z<\/a><\/li><li class='ez-toc-page-1 ez-toc-heading-level-2'><a class=\"ez-toc-link ez-toc-heading-4\" href=\"https:\/\/livecasinofinder.com\/tr\/cookie-policy\/#Categories_of_Cookies_We_Use\" title=\"Kulland\u0131\u011f\u0131m\u0131z \u00c7erez Kategorileri\">Kulland\u0131\u011f\u0131m\u0131z \u00c7erez Kategorileri<\/a><\/li><li class='ez-toc-page-1 ez-toc-heading-level-2'><a class=\"ez-toc-link ez-toc-heading-5\" href=\"https:\/\/livecasinofinder.com\/tr\/cookie-policy\/#Managing_Your_Cookie_Preferences\" title=\"\u00c7erez Tercihlerinizi Y\u00f6netme\">\u00c7erez Tercihlerinizi Y\u00f6netme<\/a><\/li><\/ul><\/nav><\/div>\n\n<h2><span class=\"ez-toc-section\" id=\"Live_Casino_Finder_Comprehensive_Cookie_Policy\"><\/span>Canl\u0131 Casino Finder Kapsaml\u0131 \u00c7erez Politikas\u0131<span class=\"ez-toc-section-end\"><\/span><\/h2>\n<p>Live Casino Finder'da, ki\u015fiselle\u015ftirilmi\u015f ve sorunsuz bir tarama deneyimi sunarken gizlili\u011finize \u00f6ncelik veriyoruz. Kapsaml\u0131 \u00c7erez Politikam\u0131z, live casino oyunlar\u0131n\u0131n b\u00fcy\u00fcleyici d\u00fcnyas\u0131n\u0131 ke\u015ffederken gizlili\u011finizin korunmas\u0131n\u0131 sa\u011flayarak size netlik ve g\u00fcvence sa\u011flamak i\u00e7in tasarlanm\u0131\u015ft\u0131r.<\/p>\n<h2><span class=\"ez-toc-section\" id=\"Exploring_the_Concept_of_Cookies\"><\/span>\u00c7erez Kavram\u0131n\u0131n Ke\u015ffedilmesi<span class=\"ez-toc-section-end\"><\/span><\/h2>\n<p>\u00c7erezler, web sitemizi ziyaret etti\u011finizde cihaz\u0131n\u0131za g\u00f6nderilen k\u00fc\u00e7\u00fck metin dosyalar\u0131d\u0131r. Bu dijital mucizeler, bizimle ge\u00e7irdi\u011finiz zaman\u0131 optimize etmede \u00e7ok \u00f6nemli bir rol oynamaktad\u0131r. \u00c7erezler, sizi tan\u0131mam\u0131za ve hat\u0131rlamam\u0131za izin vererek, tercihlerinize g\u00f6re uyarlanm\u0131\u015f sorunsuz ve ki\u015fiselle\u015ftirilmi\u015f bir yolculuk sa\u011flar. Live Casino Finder'da, deneyiminizi daha keyifli, verimli ve etkile\u015fimli hale getirmek i\u00e7in \u00e7erezlerin g\u00fcc\u00fcnden yararlan\u0131yoruz.<\/p>\n<h2><span class=\"ez-toc-section\" id=\"Our_Application_of_Cookies\"><\/span>\u00c7erez Kullan\u0131m\u0131m\u0131z<span class=\"ez-toc-section-end\"><\/span><\/h2>\n<p>live casino oyun maceran\u0131z\u0131 yeni zirvelere ta\u015f\u0131mak i\u00e7in \u00e7erezlerden yararlan\u0131yoruz. Bu g\u00fc\u00e7l\u00fc ara\u00e7lar, \u00f6zelle\u015ftirilmi\u015f ve kullan\u0131c\u0131 merkezli bir deneyim sunmam\u0131za yard\u0131mc\u0131 oluyor. \u00c7erezleri kullanarak tercihlerinizi hat\u0131rlayabilir ve her ziyaretinizin heyecan dolu bir d\u00fcnyaya \u00f6zel olarak haz\u0131rlanm\u0131\u015f bir davet gibi hissettirmesini sa\u011flayabiliriz. \u0130ster oyun \u00f6nerilerinizi ki\u015fiselle\u015ftirmek, ister tercih etti\u011finiz ayarlar\u0131 hat\u0131rlamak veya size \u00f6zel promosyonlar sunmak olsun, \u00e7erezler sadece sizin i\u00e7in unutulmaz bir deneyim yaratmam\u0131z\u0131 sa\u011flar.<\/p>\n<h2><span class=\"ez-toc-section\" id=\"Categories_of_Cookies_We_Use\"><\/span>Kulland\u0131\u011f\u0131m\u0131z \u00c7erez Kategorileri<span class=\"ez-toc-section-end\"><\/span><\/h2>\n<ol>\n<li>Gerekli \u00c7erezler: Bu \u00e7erezler web sitemizin temel i\u015fleyi\u015fi i\u00e7in hayati \u00f6neme sahiptir. G\u00fcvenli giri\u015fler, hesap y\u00f6netimi ve sorunsuz i\u015flemler gibi kritik \u00f6zellikleri etkinle\u015ftirerek oyun deneyiminizin sorunsuz ve kesintisiz kalmas\u0131n\u0131 sa\u011flarlar.<\/li>\n<li>Performans \u00c7erezleri: Live Casino Finder'da size en iyi live casino oyun deneyimini sunmak i\u00e7in \u00e7al\u0131\u015f\u0131yoruz. Performans \u00e7erezleri, web sitemizde nas\u0131l gezindi\u011finiz hakk\u0131nda bilgi toplamam\u0131za olanak tan\u0131yarak platformumuzun performans\u0131n\u0131 analiz etmemizi ve optimize etmemizi sa\u011flar. Hizmetlerimizi s\u00fcrekli geli\u015ftirerek, oyun deneyiminizin h\u0131zl\u0131, g\u00fcvenilir ve ola\u011fan\u00fcst\u00fc olmas\u0131n\u0131 sa\u011fl\u0131yoruz.<\/li>\n<li>\u0130\u015flevsellik \u00c7erezleri: Ki\u015fiselle\u015ftirme konusundaki kararl\u0131l\u0131\u011f\u0131m\u0131z, i\u015flevsellik \u00e7erezlerinin kullan\u0131m\u0131na da yans\u0131maktad\u0131r. Bu \u00e7erezler tercihlerinizi hat\u0131rlamam\u0131z\u0131 sa\u011flayarak sadece size \u00f6zel ve s\u00fcr\u00fckleyici bir oyun ortam\u0131 yarat\u0131r. Dil tercihlerinizi hat\u0131rlamaktan size uygun oyun se\u00e7enekleri sunmaya kadar, i\u015flevsellik \u00e7erezleri live casino oyun maceran\u0131z\u0131 unutulmaz k\u0131lar.<\/li>\n<\/ol>\n<h2><span class=\"ez-toc-section\" id=\"Managing_Your_Cookie_Preferences\"><\/span>\u00c7erez Tercihlerinizi Y\u00f6netme<span class=\"ez-toc-section-end\"><\/span><\/h2>\n<p>Gizlili\u011finiz ve tarama deneyiminiz \u00fczerinde kontrol sahibi olman\u0131z gerekti\u011fine inan\u0131yoruz. Live Casino Finder, \u00e7erez tercihlerinizi tercihlerinize g\u00f6re y\u00f6netmeniz i\u00e7in size kolay se\u00e7enekler sunar. Ayarlar\u0131n\u0131z\u0131 taray\u0131c\u0131n\u0131z \u00fczerinden yapabilir, \u00e7erezleri kabul etmeyi veya reddetmeyi se\u00e7ebilirsiniz. Ancak, \u00e7erezleri devre d\u0131\u015f\u0131 b\u0131rakman\u0131n web sitemizin belirli \u00f6zelliklerini ve i\u015flevlerini s\u0131n\u0131rlayabilece\u011fini l\u00fctfen unutmay\u0131n. Live Casino Finder ile yolculu\u011funuzun g\u00fcvenli, sorunsuz ve isteklerinize g\u00f6re uyarlanm\u0131\u015f olmas\u0131n\u0131 sa\u011flamak i\u00e7in ki\u015fiselle\u015ftirme ve gizlilik aras\u0131nda m\u00fckemmel bir denge kurmaya \u00e7al\u0131\u015f\u0131yoruz.<\/p>\n<p>Sonu\u00e7 olarak, Live Casino Finder'\u0131n Kapsaml\u0131 \u00c7erez Politikas\u0131 \u015feffafl\u0131k, gizlilik ve ola\u011fan\u00fcst\u00fc bir live casino oyun deneyimi sunma konusundaki sars\u0131lmaz kararl\u0131l\u0131\u011f\u0131m\u0131z\u0131 g\u00f6stermektedir. \u00c7erezlerin g\u00fcc\u00fcyle, tercihleriniz i\u00e7in \u00f6zel olarak haz\u0131rlanm\u0131\u015f ki\u015fiselle\u015ftirilmi\u015f ve s\u00fcr\u00fckleyici bir yolculuk yaratmay\u0131 hedefliyoruz. Gizlili\u011finize sayg\u0131 duyuldu\u011funu, deneyiminizin optimize edildi\u011fini ve memnuniyetinizin en \u00f6nemli \u00f6nceli\u011fimiz oldu\u011funu bilerek live casino oyunlar\u0131n\u0131n b\u00fcy\u00fcleyici d\u00fcnyas\u0131n\u0131 ke\u015ffetmek i\u00e7in bize kat\u0131l\u0131n. Canl\u0131 oyun heyecan\u0131n\u0131n sizi bekledi\u011fi Canl\u0131 Casino Finder'a ho\u015f geldiniz!<\/p>","protected":false},"excerpt":{"rendered":"<p>live casino oyunlar\u0131yla ilgili her \u015fey i\u00e7in nihai hedefiniz olan Live Casino Finder'a ho\u015f geldiniz! Kendimizi size e\u015fi benzeri olmayan s\u00fcr\u00fckleyici ve heyecan verici bir \u00e7evrimi\u00e7i kumar deneyimi sunmaya adad\u0131k. ether ile bu heyecan verici yolculu\u011fa \u00e7\u0131karken, Kapsaml\u0131 \u00c7erez Politikam\u0131za \u0131\u015f\u0131k tutmak istiyoruz. \u015eeffafl\u0131k, gizlilik ve [...]<\/p>","protected":false},"author":1,"featured_media":0,"parent":0,"menu_order":0,"comment_status":"closed","ping_status":"closed","template":"page-no-sidebar.php","meta":{"_lmt_disableupdate":"no","_lmt_disable":"no","footnotes":""},"class_list":["post-2105","page","type-page","status-publish","hentry"],"yoast_head":"<!-- This site is optimized with the Yoast SEO plugin v26.4 - https:\/\/yoast.com\/wordpress\/plugins\/seo\/ -->\n<title>Cookie Policy and Data Use<\/title>\n<meta name=\"description\" content=\"Understand how Live Casino Finder uses cookies to improve your experience and provide relevant content while protecting your privacy and data security.\" \/>\n<meta name=\"robots\" content=\"index, follow, max-snippet:-1, max-image-preview:large, max-video-preview:-1\" \/>\n<link rel=\"canonical\" href=\"https:\/\/livecasinofinder.com\/wp-json\/wp\/v2\/pages\/2105\/\" \/>\n<meta property=\"og:locale\" content=\"tr_TR\" \/>\n<meta property=\"og:type\" content=\"article\" \/>\n<meta property=\"og:title\" content=\"Cookie Policy and Data Use\" \/>\n<meta property=\"og:description\" content=\"Understand how Live Casino Finder uses cookies to improve your experience and provide relevant content while protecting your privacy and data security.\" \/>\n<meta property=\"og:url\" content=\"https:\/\/livecasinofinder.com\/tr\/cookie-policy\/\" \/>\n<meta property=\"og:site_name\" content=\"livecasinofinder.com\" \/>\n<meta property=\"article:modified_time\" content=\"2025-06-03T11:10:21+00:00\" \/>\n<meta property=\"og:image\" content=\"https:\/\/livecasinofinder.com\/wp-content\/uploads\/2023\/03\/lucasoilraceway-logo-1.png\" \/>\n\t<meta property=\"og:image:width\" content=\"427\" \/>\n\t<meta property=\"og:image:height\" content=\"145\" \/>\n\t<meta property=\"og:image:type\" content=\"image\/png\" \/>\n<meta name=\"twitter:card\" content=\"summary_large_image\" \/>\n<meta name=\"twitter:label1\" content=\"Tahmini okuma s\u00fcresi\" \/>\n\t<meta name=\"twitter:data1\" content=\"3 dakika\" \/>\n<!-- \/ Yoast SEO plugin. -->","yoast_head_json":{"title":"Cookie Policy and Data Use","description":"Understand how Live Casino Finder uses cookies to improve your experience and provide relevant content while protecting your privacy and data security.","robots":{"index":"index","follow":"follow","max-snippet":"max-snippet:-1","max-image-preview":"max-image-preview:large","max-video-preview":"max-video-preview:-1"},"canonical":"https:\/\/livecasinofinder.com\/wp-json\/wp\/v2\/pages\/2105\/","og_locale":"tr_TR","og_type":"article","og_title":"Cookie Policy and Data Use","og_description":"Understand how Live Casino Finder uses cookies to improve your experience and provide relevant content while protecting your privacy and data security.","og_url":"https:\/\/livecasinofinder.com\/tr\/cookie-policy\/","og_site_name":"livecasinofinder.com","article_modified_time":"2025-06-03T11:10:21+00:00","og_image":[{"width":427,"height":145,"url":"https:\/\/livecasinofinder.com\/wp-content\/uploads\/2023\/03\/lucasoilraceway-logo-1.png","type":"image\/png"}],"twitter_card":"summary_large_image","twitter_misc":{"Tahmini okuma s\u00fcresi":"3 dakika"},"schema":{"@context":"https:\/\/schema.org","@graph":[{"@type":"WebPage","@id":"https:\/\/livecasinofinder.com\/cookie-policy\/","url":"https:\/\/livecasinofinder.com\/cookie-policy\/","name":"Cookie Policy and Data Use","isPartOf":{"@id":"https:\/\/livecasinofinder.com\/ja\/#website"},"datePublished":"2023-06-20T14:36:13+00:00","dateModified":"2025-06-03T11:10:21+00:00","description":"Understand how Live Casino Finder uses cookies to improve your experience and provide relevant content while protecting your privacy and data security.","breadcrumb":{"@id":"https:\/\/livecasinofinder.com\/cookie-policy\/#breadcrumb"},"inLanguage":"tr","potentialAction":[{"@type":"ReadAction","target":["https:\/\/livecasinofinder.com\/cookie-policy\/"]}]},{"@type":"BreadcrumbList","@id":"https:\/\/livecasinofinder.com\/cookie-policy\/#breadcrumb","itemListElement":[{"@type":"ListItem","position":1,"name":"LiveCasinoFinder.com","item":"https:\/\/livecasinofinder.com\/fr\/"},{"@type":"ListItem","position":2,"name":"Cookie Policy"}]},{"@type":"WebSite","@id":"https:\/\/livecasinofinder.com\/ja\/#website","url":"https:\/\/livecasinofinder.com\/ja\/","name":"livecasinofinder","description":"","publisher":{"@id":"https:\/\/livecasinofinder.com\/ja\/#organization"},"alternateName":"Lucas oil raceway live casino","potentialAction":[{"@type":"SearchAction","target":{"@type":"EntryPoint","urlTemplate":"https:\/\/livecasinofinder.com\/ja\/?s={search_term_string}"},"query-input":{"@type":"PropertyValueSpecification","valueRequired":true,"valueName":"search_term_string"}}],"inLanguage":"tr"},{"@type":"Organization","@id":"https:\/\/livecasinofinder.com\/ja\/#organization","name":"Canl\u0131 Casino Bulucu","alternateName":"Lucas oil raceway live casino","url":"https:\/\/livecasinofinder.com\/ja\/","logo":{"@type":"ImageObject","inLanguage":"tr","@id":"https:\/\/livecasinofinder.com\/ja\/#\/schema\/logo\/image\/","url":"https:\/\/livecasinofinder.com\/wp-content\/uploads\/2023\/04\/livecasinofinder-logo.png","contentUrl":"https:\/\/livecasinofinder.com\/wp-content\/uploads\/2023\/04\/livecasinofinder-logo.png","width":1600,"height":453,"caption":"Live Casino Finder"},"image":{"@id":"https:\/\/livecasinofinder.com\/ja\/#\/schema\/logo\/image\/"}}]}},"_links":{"self":[{"href":"https:\/\/livecasinofinder.com\/tr\/wp-json\/wp\/v2\/pages\/2105","targetHints":{"allow":["GET"]}}],"collection":[{"href":"https:\/\/livecasinofinder.com\/tr\/wp-json\/wp\/v2\/pages"}],"about":[{"href":"https:\/\/livecasinofinder.com\/tr\/wp-json\/wp\/v2\/types\/page"}],"author":[{"embeddable":true,"href":"https:\/\/livecasinofinder.com\/tr\/wp-json\/wp\/v2\/users\/1"}],"replies":[{"embeddable":true,"href":"https:\/\/livecasinofinder.com\/tr\/wp-json\/wp\/v2\/comments?post=2105"}],"version-history":[{"count":0,"href":"https:\/\/livecasinofinder.com\/tr\/wp-json\/wp\/v2\/pages\/2105\/revisions"}],"wp:attachment":[{"href":"https:\/\/livecasinofinder.com\/tr\/wp-json\/wp\/v2\/media?parent=2105"}],"curies":[{"name":"wp","href":"https:\/\/api.w.org\/{rel}","templated":true}]}}