{"id":381,"date":"2023-03-15T17:35:24","date_gmt":"2023-03-15T17:35:24","guid":{"rendered":"https:\/\/livecasinofinder.com\/?page_id=381"},"modified":"2025-06-03T11:06:50","modified_gmt":"2025-06-03T11:06:50","slug":"about-us","status":"publish","type":"page","link":"https:\/\/livecasinofinder.com\/sv\/about-us\/","title":{"rendered":"Om oss"},"content":{"rendered":"<p>V\u00e4lkommen till livecasinofinder.com, din p\u00e5litliga k\u00e4lla f\u00f6r opartiska och informativa recensioner av live casino. V\u00e5rt prim\u00e4ra uppdrag \u00e4r att f\u00f6rse v\u00e5ra l\u00e4sare med korrekt och aktuell information om de mest p\u00e5litliga och tillf\u00f6rlitliga onlinecasinona, med fokus p\u00e5 att fr\u00e4mja ansvarsfullt spelande.<\/p>\n<p>P\u00e5 livecasinofinder.com \u00e4r vi dedikerade till att f\u00f6rse dig med korrekta och informativa recensioner av de b\u00e4sta live casino som finns tillg\u00e4ngliga online. V\u00e5rt fr\u00e4msta uppdrag \u00e4r att hj\u00e4lpa dig att fatta v\u00e4lgrundade beslut om var du ska spela online.<\/p>\n<h2>V\u00e5rt team<\/h2>\n<p><a href=\"\/sv\/recommends\/reg\/\" target=\"_blank\" rel=\"noreferrer noopener nofollow\"><img decoding=\"async\" class=\"wp-image-392 alignright\" src=\"https:\/\/livecasinofinder.com\/wp-content\/uploads\/2023\/03\/team.jpg\" alt=\"Live casino team.\" width=\"346\" height=\"192\" srcset=\"https:\/\/livecasinofinder.com\/wp-content\/uploads\/2023\/03\/team.jpg 597w, https:\/\/livecasinofinder.com\/wp-content\/uploads\/2023\/03\/team-300x166.jpg 300w, https:\/\/livecasinofinder.com\/wp-content\/uploads\/2023\/03\/team-18x10.jpg 18w, https:\/\/livecasinofinder.com\/wp-content\/uploads\/2023\/03\/team-72x40.jpg 72w, https:\/\/livecasinofinder.com\/wp-content\/uploads\/2023\/03\/team-58x32.jpg 58w, https:\/\/livecasinofinder.com\/wp-content\/uploads\/2023\/03\/team-144x80.jpg 144w, https:\/\/livecasinofinder.com\/wp-content\/uploads\/2023\/03\/team-243x135.jpg 243w\" sizes=\"(max-width: 346px) 100vw, 346px\" \/><\/a><\/p>\n<p>V\u00e5rt team av erfarna och kunniga granskare arbetar f\u00f6r att ge v\u00e5ra l\u00e4sare b\u00e4sta m\u00f6jliga information. Vi tror p\u00e5 vikten av omfattande forskning och analys och str\u00e4var efter att ge \u00e4rliga och opartiska recensioner baserade p\u00e5 v\u00e5ra resultat.<\/p>\n<h2>V\u00e5ra f\u00f6rdelar<\/h2>\n<p><a href=\"\/sv\/recommends\/reg\/\" target=\"_blank\" rel=\"noreferrer noopener nofollow\"><img decoding=\"async\" class=\"wp-image-384 alignleft\" src=\"https:\/\/livecasinofinder.com\/wp-content\/uploads\/2023\/03\/advantages.jpg\" alt=\"F\u00f6rdelar med Lucasoilraceway.com.\" width=\"496\" height=\"498\" srcset=\"https:\/\/livecasinofinder.com\/wp-content\/uploads\/2023\/03\/advantages.jpg 463w, https:\/\/livecasinofinder.com\/wp-content\/uploads\/2023\/03\/advantages-300x300.jpg 300w, https:\/\/livecasinofinder.com\/wp-content\/uploads\/2023\/03\/advantages-150x150.jpg 150w, https:\/\/livecasinofinder.com\/wp-content\/uploads\/2023\/03\/advantages-12x12.jpg 12w, https:\/\/livecasinofinder.com\/wp-content\/uploads\/2023\/03\/advantages-40x40.jpg 40w, https:\/\/livecasinofinder.com\/wp-content\/uploads\/2023\/03\/advantages-50x50.jpg 50w, https:\/\/livecasinofinder.com\/wp-content\/uploads\/2023\/03\/advantages-100x100.jpg 100w, https:\/\/livecasinofinder.com\/wp-content\/uploads\/2023\/03\/advantages-120x120.jpg 120w, https:\/\/livecasinofinder.com\/wp-content\/uploads\/2023\/03\/advantages-135x135.jpg 135w, https:\/\/livecasinofinder.com\/wp-content\/uploads\/2023\/03\/advantages-270x270.jpg 270w, https:\/\/livecasinofinder.com\/wp-content\/uploads\/2023\/03\/advantages-32x32.jpg 32w, https:\/\/livecasinofinder.com\/wp-content\/uploads\/2023\/03\/advantages-80x80.jpg 80w, https:\/\/livecasinofinder.com\/wp-content\/uploads\/2023\/03\/advantages-134x135.jpg 134w\" sizes=\"(max-width: 496px) 100vw, 496px\" \/><\/a><\/p>\n<p>En av f\u00f6rdelarna med att v\u00e4lja livecasinofinder.com \u00e4r v\u00e5rt engagemang f\u00f6r ansvarsfullt spelande. Vi \u00e4r stolta \u00f6ver att fr\u00e4mja s\u00e4kra och kontrollerade spelmetoder, och vi str\u00e4var efter att f\u00f6rse v\u00e5ra l\u00e4sare med korrekt och aktuell information f\u00f6r att hj\u00e4lpa dem att fatta v\u00e4lgrundade beslut om onlinespel.<\/p>\n<p>En annan f\u00f6rdel \u00e4r att vi fokuserar p\u00e5 informativt inneh\u00e5ll. V\u00e5rt inneh\u00e5ll \u00e4r utformat f\u00f6r att vara hj\u00e4lpsamt och informativt, vilket ger v\u00e5ra l\u00e4sare den information de beh\u00f6ver f\u00f6r att best\u00e4mma var de ska spela online. Vi f\u00f6rst\u00e5r att onlinespel kan vara b\u00e5de sp\u00e4nnande och \u00f6verv\u00e4ldigande, och vi str\u00e4var efter att f\u00f6renkla processen genom att tillhandah\u00e5lla detaljerade och l\u00e4ttf\u00f6rst\u00e5eliga recensioner.<\/p>\n<p>Som en oberoende webbplats \u00e4r vi inte anslutna till n\u00e5got av de onlinekasinon vi granskar, vilket g\u00f6r att vi kan ge opartiska och objektiva recensioner baserade p\u00e5 omfattande forskning och analys. Vi \u00e4r stolta \u00f6ver v\u00e5rt engagemang f\u00f6r att fr\u00e4mja ansvarsfulla spelmetoder och v\u00e5rt fokus p\u00e5 att fr\u00e4mja en h\u00e4lsosam och trevlig spelupplevelse.<\/p>\n<p>Vi \u00f6vervakar st\u00e4ndigt marknaden f\u00f6r onlinecasinon och uppdaterar v\u00e5ra recensioner i enlighet med detta, s\u00e5 att v\u00e5ra l\u00e4sare kan ligga steget f\u00f6re och fatta v\u00e4lgrundade beslut. Vi har \u00e5tagit oss att ge v\u00e5ra l\u00e4sare och samarbetspartners b\u00e4sta m\u00f6jliga service och vi v\u00e4lkomnar feedback och f\u00f6rslag. Om du har n\u00e5gra fr\u00e5gor eller kommentarer, tveka inte att kontakta oss.<\/p>\n<h2>Funktioner ansvarsfullt Neosurf Casino - Slutsats<\/h2>\n<p>Tack f\u00f6r att du valde livecasinofinder.com som din p\u00e5litliga k\u00e4lla f\u00f6r live casino recensioner. Vi \u00e4r fast beslutna att tillhandah\u00e5lla b\u00e4sta m\u00f6jliga service till v\u00e5ra l\u00e4sare och partners, och vi v\u00e4lkomnar feedback och f\u00f6rslag. Om du har n\u00e5gra fr\u00e5gor eller kommentarer, tveka inte att kontakta oss. Vi ser fram emot att hj\u00e4lpa dig att fatta v\u00e4lgrundade beslut och ha en trevlig och s\u00e4ker spelupplevelse online.<\/p>","protected":false},"excerpt":{"rendered":"<p>V\u00e4lkommen till livecasinofinder.com, din p\u00e5litliga k\u00e4lla f\u00f6r opartiska och informativa live casino-recensioner. V\u00e5rt prim\u00e4ra uppdrag \u00e4r att f\u00f6rse v\u00e5ra l\u00e4sare med korrekt och aktuell information om de mest p\u00e5litliga och tillf\u00f6rlitliga onlinekasinona, med fokus p\u00e5 att fr\u00e4mja ansvarsfullt spelande. P\u00e5 livecasinofinder.com \u00e4r vi dedikerade till att f\u00f6rse dig med korrekta och informativa recensioner av [...]<\/p>","protected":false},"author":1,"featured_media":0,"parent":0,"menu_order":0,"comment_status":"closed","ping_status":"closed","template":"page-full-width.php","meta":{"_lmt_disableupdate":"no","_lmt_disable":"no","footnotes":""},"class_list":["post-381","page","type-page","status-publish","hentry"],"yoast_head":"<!-- This site is optimized with the Yoast SEO plugin v26.4 - https:\/\/yoast.com\/wordpress\/plugins\/seo\/ -->\n<title>About Us - Live Casino Finder Team and Mission<\/title>\n<meta name=\"description\" content=\"Learn how Live Casino Finder helps you choose the best live casinos with trusted reviews and expert guidance for a confident gaming experience.\" \/>\n<meta name=\"robots\" content=\"index, follow, max-snippet:-1, max-image-preview:large, max-video-preview:-1\" \/>\n<link rel=\"canonical\" href=\"https:\/\/livecasinofinder.com\/wp-json\/wp\/v2\/pages\/381\/\" \/>\n<meta property=\"og:locale\" content=\"sv_SE\" \/>\n<meta property=\"og:type\" content=\"article\" \/>\n<meta property=\"og:title\" content=\"About Us - Live Casino Finder Team and Mission\" \/>\n<meta property=\"og:description\" content=\"Learn how Live Casino Finder helps you choose the best live casinos with trusted reviews and expert guidance for a confident gaming experience.\" \/>\n<meta property=\"og:url\" content=\"https:\/\/livecasinofinder.com\/sv\/about-us\/\" \/>\n<meta property=\"og:site_name\" content=\"livecasinofinder.com\" \/>\n<meta property=\"article:modified_time\" content=\"2025-06-03T11:06:50+00:00\" \/>\n<meta property=\"og:image\" content=\"https:\/\/livecasinofinder.com\/wp-content\/uploads\/2023\/03\/team.jpg\" \/>\n\t<meta property=\"og:image:width\" content=\"597\" \/>\n\t<meta property=\"og:image:height\" content=\"331\" \/>\n\t<meta property=\"og:image:type\" content=\"image\/jpeg\" \/>\n<meta name=\"twitter:card\" content=\"summary_large_image\" \/>\n<meta name=\"twitter:label1\" content=\"Ber\u00e4knad l\u00e4stid\" \/>\n\t<meta name=\"twitter:data1\" content=\"3 minuter\" \/>\n<!-- \/ Yoast SEO plugin. -->","yoast_head_json":{"title":"About Us - Live Casino Finder Team and Mission","description":"Learn how Live Casino Finder helps you choose the best live casinos with trusted reviews and expert guidance for a confident gaming experience.","robots":{"index":"index","follow":"follow","max-snippet":"max-snippet:-1","max-image-preview":"max-image-preview:large","max-video-preview":"max-video-preview:-1"},"canonical":"https:\/\/livecasinofinder.com\/wp-json\/wp\/v2\/pages\/381\/","og_locale":"sv_SE","og_type":"article","og_title":"About Us - Live Casino Finder Team and Mission","og_description":"Learn how Live Casino Finder helps you choose the best live casinos with trusted reviews and expert guidance for a confident gaming experience.","og_url":"https:\/\/livecasinofinder.com\/sv\/about-us\/","og_site_name":"livecasinofinder.com","article_modified_time":"2025-06-03T11:06:50+00:00","og_image":[{"width":597,"height":331,"url":"https:\/\/livecasinofinder.com\/wp-content\/uploads\/2023\/03\/team.jpg","type":"image\/jpeg"}],"twitter_card":"summary_large_image","twitter_misc":{"Ber\u00e4knad l\u00e4stid":"3 minuter"},"schema":{"@context":"https:\/\/schema.org","@graph":[{"@type":"WebPage","@id":"https:\/\/livecasinofinder.com\/about-us\/","url":"https:\/\/livecasinofinder.com\/about-us\/","name":"About Us - Live Casino Finder Team and Mission","isPartOf":{"@id":"https:\/\/livecasinofinder.com\/ja\/#website"},"primaryImageOfPage":{"@id":"https:\/\/livecasinofinder.com\/about-us\/#primaryimage"},"image":{"@id":"https:\/\/livecasinofinder.com\/about-us\/#primaryimage"},"thumbnailUrl":"https:\/\/livecasinofinder.com\/wp-content\/uploads\/2023\/03\/team.jpg","datePublished":"2023-03-15T17:35:24+00:00","dateModified":"2025-06-03T11:06:50+00:00","description":"Learn how Live Casino Finder helps you choose the best live casinos with trusted reviews and expert guidance for a confident gaming experience.","breadcrumb":{"@id":"https:\/\/livecasinofinder.com\/about-us\/#breadcrumb"},"inLanguage":"sv-SE","potentialAction":[{"@type":"ReadAction","target":["https:\/\/livecasinofinder.com\/about-us\/"]}]},{"@type":"ImageObject","inLanguage":"sv-SE","@id":"https:\/\/livecasinofinder.com\/about-us\/#primaryimage","url":"https:\/\/livecasinofinder.com\/wp-content\/uploads\/2023\/03\/team.jpg","contentUrl":"https:\/\/livecasinofinder.com\/wp-content\/uploads\/2023\/03\/team.jpg"},{"@type":"BreadcrumbList","@id":"https:\/\/livecasinofinder.com\/about-us\/#breadcrumb","itemListElement":[{"@type":"ListItem","position":1,"name":"LiveCasinoFinder.com","item":"https:\/\/livecasinofinder.com\/fr\/"},{"@type":"ListItem","position":2,"name":"About Us"}]},{"@type":"WebSite","@id":"https:\/\/livecasinofinder.com\/ja\/#website","url":"https:\/\/livecasinofinder.com\/ja\/","name":"livecasinofinder","description":"","publisher":{"@id":"https:\/\/livecasinofinder.com\/ja\/#organization"},"alternateName":"Lucas oil raceway live casino","potentialAction":[{"@type":"SearchAction","target":{"@type":"EntryPoint","urlTemplate":"https:\/\/livecasinofinder.com\/ja\/?s={search_term_string}"},"query-input":{"@type":"PropertyValueSpecification","valueRequired":true,"valueName":"search_term_string"}}],"inLanguage":"sv-SE"},{"@type":"Organization","@id":"https:\/\/livecasinofinder.com\/ja\/#organization","name":"Live Casino Finder","alternateName":"Lucas oil raceway live casino","url":"https:\/\/livecasinofinder.com\/ja\/","logo":{"@type":"ImageObject","inLanguage":"sv-SE","@id":"https:\/\/livecasinofinder.com\/ja\/#\/schema\/logo\/image\/","url":"https:\/\/livecasinofinder.com\/wp-content\/uploads\/2023\/04\/livecasinofinder-logo.png","contentUrl":"https:\/\/livecasinofinder.com\/wp-content\/uploads\/2023\/04\/livecasinofinder-logo.png","width":1600,"height":453,"caption":"Live Casino Finder"},"image":{"@id":"https:\/\/livecasinofinder.com\/ja\/#\/schema\/logo\/image\/"}}]}},"_links":{"self":[{"href":"https:\/\/livecasinofinder.com\/sv\/wp-json\/wp\/v2\/pages\/381","targetHints":{"allow":["GET"]}}],"collection":[{"href":"https:\/\/livecasinofinder.com\/sv\/wp-json\/wp\/v2\/pages"}],"about":[{"href":"https:\/\/livecasinofinder.com\/sv\/wp-json\/wp\/v2\/types\/page"}],"author":[{"embeddable":true,"href":"https:\/\/livecasinofinder.com\/sv\/wp-json\/wp\/v2\/users\/1"}],"replies":[{"embeddable":true,"href":"https:\/\/livecasinofinder.com\/sv\/wp-json\/wp\/v2\/comments?post=381"}],"version-history":[{"count":0,"href":"https:\/\/livecasinofinder.com\/sv\/wp-json\/wp\/v2\/pages\/381\/revisions"}],"wp:attachment":[{"href":"https:\/\/livecasinofinder.com\/sv\/wp-json\/wp\/v2\/media?parent=381"}],"curies":[{"name":"wp","href":"https:\/\/api.w.org\/{rel}","templated":true}]}}