{"id":2115,"date":"2023-06-20T14:24:32","date_gmt":"2023-06-20T14:24:32","guid":{"rendered":"https:\/\/livecasinofinder.com\/?page_id=2115"},"modified":"2025-06-03T11:12:27","modified_gmt":"2025-06-03T11:12:27","slug":"gambling-addiction","status":"publish","type":"page","link":"https:\/\/livecasinofinder.com\/sv\/gambling-addiction\/","title":{"rendered":"Spelberoende"},"content":{"rendered":"<p>Vid <a href=\"\/sv\/\">LiveCasinoFinder.com<\/a>prioriterar vi v\u00e5ra anv\u00e4ndares v\u00e4lbefinnande och \u00e4r fast beslutna att fr\u00e4mja ansvarsfullt spelande. Denna sida syftar till att ge v\u00e4rdefull information om spelberoende, dess tecken och tillg\u00e4ngligt st\u00f6d. V\u00e5rt m\u00e5l \u00e4r att s\u00e4kerst\u00e4lla en s\u00e4ker och trevlig spelupplevelse f\u00f6r alla.<\/p>\n<div id=\"ez-toc-container\" class=\"ez-toc-v2_0_63 counter-hierarchy ez-toc-counter ez-toc-grey ez-toc-container-direction\">\n<label for=\"ez-toc-cssicon-toggle-item-69e72cbfcc0c4\" class=\"ez-toc-cssicon-toggle-label\"><span class=\"ez-toc-cssicon\"><span class=\"eztoc-hide\" style=\"display:none;\">V\u00e4xel<\/span><span class=\"ez-toc-icon-toggle-span\"><svg style=\"fill: #999;color:#999\" xmlns=\"http:\/\/www.w3.org\/2000\/svg\" class=\"list-377408\" width=\"20px\" height=\"20px\" viewbox=\"0 0 24 24\" fill=\"none\"><path d=\"M6 6H4v2h2V6zm14 0H8v2h12V6zM4 11h2v2H4v-2zm16 0H8v2h12v-2zM4 16h2v2H4v-2zm16 0H8v2h12v-2z\" fill=\"currentColor\"><\/path><\/svg><svg style=\"fill: #999;color:#999\" class=\"arrow-unsorted-368013\" xmlns=\"http:\/\/www.w3.org\/2000\/svg\" width=\"10px\" height=\"10px\" viewbox=\"0 0 24 24\" version=\"1.2\" baseprofile=\"tiny\"><path d=\"M18.2 9.3l-6.2-6.3-6.2 6.3c-.2.2-.3.4-.3.7s.1.5.3.7c.2.2.4.3.7.3h11c.3 0 .5-.1.7-.3.2-.2.3-.5.3-.7s-.1-.5-.3-.7zM5.8 14.7l6.2 6.3 6.2-6.3c.2-.2.3-.5.3-.7s-.1-.5-.3-.7c-.2-.2-.4-.3-.7-.3h-11c-.3 0-.5.1-.7.3-.2.2-.3.5-.3.7s.1.5.3.7z\"\/><\/svg><\/span><\/span><\/label><input type=\"checkbox\"  id=\"ez-toc-cssicon-toggle-item-69e72cbfcc0c4\" checked aria-label=\"V\u00e4xel\" \/><nav><ul class='ez-toc-list ez-toc-list-level-1' ><li class='ez-toc-page-1 ez-toc-heading-level-2'><a class=\"ez-toc-link ez-toc-heading-1\" href=\"https:\/\/livecasinofinder.com\/sv\/gambling-addiction\/#Gambling_Addiction\" title=\"Spelberoende\">Spelberoende<\/a><\/li><li class='ez-toc-page-1 ez-toc-heading-level-2'><a class=\"ez-toc-link ez-toc-heading-2\" href=\"https:\/\/livecasinofinder.com\/sv\/gambling-addiction\/#How_to_Understand_That_You_Need_Help_From_Gambling_Addiction\" title=\"Hur f\u00f6rst\u00e5r man att man beh\u00f6ver hj\u00e4lp mot spelberoende?\">Hur f\u00f6rst\u00e5r man att man beh\u00f6ver hj\u00e4lp mot spelberoende?<\/a><\/li><li class='ez-toc-page-1 ez-toc-heading-level-2'><a class=\"ez-toc-link ez-toc-heading-3\" href=\"https:\/\/livecasinofinder.com\/sv\/gambling-addiction\/#Gambling_Addiction_Help_Worldwide\" title=\"Hj\u00e4lp f\u00f6r spelberoende i hela v\u00e4rlden\">Hj\u00e4lp f\u00f6r spelberoende i hela v\u00e4rlden<\/a><\/li><li class='ez-toc-page-1 ez-toc-heading-level-2'><a class=\"ez-toc-link ez-toc-heading-4\" href=\"https:\/\/livecasinofinder.com\/sv\/gambling-addiction\/#Gambling_Addiction_Resources\" title=\"Resurser f\u00f6r spelberoende\">Resurser f\u00f6r spelberoende<\/a><ul class='ez-toc-list-level-3' ><li class='ez-toc-heading-level-3'><a class=\"ez-toc-link ez-toc-heading-5\" href=\"https:\/\/livecasinofinder.com\/sv\/gambling-addiction\/#National_Problem_Gambling_Helpline_Network\" title=\"National N\u00e4tverk f\u00f6r hj\u00e4lplinjer f\u00f6r problemspelande\">National N\u00e4tverk f\u00f6r hj\u00e4lplinjer f\u00f6r problemspelande<\/a><\/li><li class='ez-toc-page-1 ez-toc-heading-level-3'><a class=\"ez-toc-link ez-toc-heading-6\" href=\"https:\/\/livecasinofinder.com\/sv\/gambling-addiction\/#Gamblers_Anonymous\" title=\"Anonyma spelare\">Anonyma spelare<\/a><\/li><li class='ez-toc-page-1 ez-toc-heading-level-3'><a class=\"ez-toc-link ez-toc-heading-7\" href=\"https:\/\/livecasinofinder.com\/sv\/gambling-addiction\/#GamCare\" title=\"GamCare\">GamCare<\/a><\/li><li class='ez-toc-page-1 ez-toc-heading-level-3'><a class=\"ez-toc-link ez-toc-heading-8\" href=\"https:\/\/livecasinofinder.com\/sv\/gambling-addiction\/#Substance_Abuse_and_Mental_Health_Services_Administration_SAMHSA\" title=\"Myndigheten f\u00f6r missbruksfr\u00e5gor och psykisk h\u00e4lsa (SAMHSA)\">Myndigheten f\u00f6r missbruksfr\u00e5gor och psykisk h\u00e4lsa (SAMHSA)<\/a><\/li><li class='ez-toc-page-1 ez-toc-heading-level-3'><a class=\"ez-toc-link ez-toc-heading-9\" href=\"https:\/\/livecasinofinder.com\/sv\/gambling-addiction\/#The_National_Council_on_Problem_Gambling\" title=\"National-r\u00e5det f\u00f6r problemspelande\">National-r\u00e5det f\u00f6r problemspelande<\/a><\/li><\/ul><\/li><li class='ez-toc-page-1 ez-toc-heading-level-2'><a class=\"ez-toc-link ez-toc-heading-10\" href=\"https:\/\/livecasinofinder.com\/sv\/gambling-addiction\/#Conclusion\" title=\"Funktioner ansvarsfullt Neosurf Casino - Slutsats\">Funktioner ansvarsfullt Neosurf Casino - Slutsats<\/a><\/li><\/ul><\/nav><\/div>\n\n<h2><span class=\"ez-toc-section\" id=\"Gambling_Addiction\"><\/span>Spelberoende<span class=\"ez-toc-section-end\"><\/span><\/h2>\n<p>Spelberoende \u00e4r ett allvarligt tillst\u00e5nd som drabbar individer \u00f6ver hela v\u00e4rlden. Det handlar om en tv\u00e5ngsm\u00e4ssig \u00f6nskan att spela trots negativa konsekvenser. Att k\u00e4nna igen tecknen p\u00e5 spelberoende \u00e4r avg\u00f6rande f\u00f6r att kunna ingripa tidigt och s\u00f6ka hj\u00e4lp. H\u00e4r \u00e4r n\u00e5gra vanliga indikatorer p\u00e5 spelberoende:<\/p>\n<ul>\n<li>Upptagenhet med spel: Att st\u00e4ndigt t\u00e4nka p\u00e5 spel, planera n\u00e4sta session eller minnas tidigare vinster eller f\u00f6rluster.<\/li>\n<li>F\u00f6rlust av kontroll: Of\u00f6rm\u00e5ga att kontrollera eller stoppa spelandet, \u00e4ven n\u00e4r man f\u00f6rs\u00f6ker g\u00f6ra det.<\/li>\n<li>\u00d6kande insatsbelopp: Behov av att satsa mer pengar f\u00f6r att uppn\u00e5 samma niv\u00e5 av sp\u00e4nning eller tillfredsst\u00e4llelse.<\/li>\n<li>F\u00f6rsummelse av ansvar: Att prioritera spelandet framf\u00f6r arbete, familj, relationer och andra viktiga \u00e5taganden.<\/li>\n<li>Att jaga f\u00f6rluster: Kontinuerligt spelande i ett f\u00f6rs\u00f6k att \u00e5tervinna tidigare f\u00f6rluster, vilket leder till djupare ekonomiska problem.<\/li>\n<li>Tillbakadragande fr\u00e5n sociala aktiviteter: Tillbakadragande fr\u00e5n sociala evenemang, hobbyer eller andra aktiviteter f\u00f6r att spendera mer tid p\u00e5 spel.<\/li>\n<li>Finansiella sv\u00e5righeter: Att ackumulera betydande skulder, l\u00e5na pengar eller uppleva ekonomisk instabilitet p\u00e5 grund av spelf\u00f6rluster.<\/li>\n<li>Hum\u00f6rsv\u00e4ngningar: Upplever extrema toppar eller dalar baserat p\u00e5 spelresultat, vilket leder till irritabilitet, \u00e5ngest eller depression.<\/li>\n<li>Hemlighetsmakeri och bedr\u00e4geri: Att d\u00f6lja omfattningen av spelaktiviteter eller att engagera sig i bedr\u00e4gligt beteende.<\/li>\n<li>Misslyckade f\u00f6rs\u00f6k att sluta: Gjort upprepade misslyckade f\u00f6rs\u00f6k att minska eller sluta spela.<\/li>\n<li>F\u00f6rlust av intresse: F\u00f6rlorat intresse f\u00f6r tidigare hobbies eller aktiviteter som inte involverar spel.<\/li>\n<li>Flykt genom spel: Att anv\u00e4nda spel som ett s\u00e4tt att fly fr\u00e5n stress, depression eller andra k\u00e4nslom\u00e4ssiga sv\u00e5righeter.<\/li>\n<li>L\u00e5na eller stj\u00e4la pengar: Att l\u00e5na pengar fr\u00e5n andra eller \u00e4gna sig \u00e5t olaglig verksamhet f\u00f6r att finansiera spelvanor.<\/li>\n<li>P\u00e5frestande relationer: Upplever konflikter, anstr\u00e4ngda relationer eller separation p\u00e5 grund av spelrelaterade problem.<\/li>\n<li>Fysisk och k\u00e4nslom\u00e4ssig stress: Upplever fysiska symtom som s\u00f6mnl\u00f6shet, huvudv\u00e4rk eller \u00e5ngest relaterade till spel.<\/li>\n<\/ul>\n<p>Att f\u00f6rst\u00e5 n\u00e4r du eller n\u00e5gon du k\u00e4nner beh\u00f6ver hj\u00e4lp med spelberoende \u00e4r avg\u00f6rande f\u00f6r \u00e5terh\u00e4mtning och f\u00f6r att s\u00f6ka st\u00f6d.<\/p>\n<h2><span class=\"ez-toc-section\" id=\"How_to_Understand_That_You_Need_Help_From_Gambling_Addiction\"><\/span>Hur f\u00f6rst\u00e5r man att man beh\u00f6ver hj\u00e4lp mot spelberoende?<span class=\"ez-toc-section-end\"><\/span><\/h2>\n<p>Att inse behovet av hj\u00e4lp \u00e4r det f\u00f6rsta steget mot att \u00f6vervinna spelberoende. H\u00e4r \u00e4r n\u00e5gra indikatorer som tyder p\u00e5 att du kan beh\u00f6va hj\u00e4lp:<\/p>\n<ol>\n<li>F\u00f6rlust av kontroll: Du har sv\u00e5rt att kontrollera eller stoppa ditt spelbeteende, \u00e4ven n\u00e4r du vill sluta.<\/li>\n<li>Negativa konsekvenser: Spelandet har lett till betydande ekonomiska, personliga eller k\u00e4nslom\u00e4ssiga problem i ditt liv.<\/li>\n<li>Misslyckade f\u00f6rs\u00f6k att sluta: Trots upprepade f\u00f6rs\u00f6k har du inte lyckats minska eller eliminera dina spelvanor.<\/li>\n<li>Symtom p\u00e5 tillbakadragande: Rastl\u00f6shet, irritabilitet eller hum\u00f6rsv\u00e4ngningar n\u00e4r du f\u00f6rs\u00f6ker minska eller sluta spela.<\/li>\n<li>Upptagenhet av spel: Tankar p\u00e5 spel upptar en betydande del av din tid och p\u00e5verkar dina dagliga aktiviteter, relationer och ditt allm\u00e4nna v\u00e4lbefinnande.<\/li>\n<li>Bedr\u00e4geri och hemlighetsmakeri: Att bete sig bedr\u00e4gligt, t.ex. att d\u00f6lja omfattningen av dina spelaktiviteter f\u00f6r n\u00e4ra och k\u00e4ra.<\/li>\n<li>Finansiell instabilitet: Att st\u00e5 inf\u00f6r ekonomiska sv\u00e5righeter, ackumulera skulder eller ta till desperata \u00e5tg\u00e4rder f\u00f6r att finansiera dina spelvanor.<\/li>\n<\/ol>\n<p>Om du k\u00e4nner igen dig i dessa tecken \u00e4r det viktigt att du s\u00f6ker hj\u00e4lp och st\u00f6d fr\u00e5n professionella och st\u00f6dn\u00e4tverk som \u00e4r specialiserade p\u00e5 behandling av spelberoende.<\/p>\n<p>P\u00e5 LiveCasinoFinder.com \u00e4r vi dedikerade till ansvarsfullt spelande och tillhandah\u00e5ller resurser f\u00f6r individer som st\u00e5r inf\u00f6r spelberoende. Vi tror p\u00e5 att fr\u00e4mja en s\u00e4ker och trevlig spelmilj\u00f6.<\/p>\n<h2><span class=\"ez-toc-section\" id=\"Gambling_Addiction_Help_Worldwide\"><\/span>Hj\u00e4lp f\u00f6r spelberoende i hela v\u00e4rlden<span class=\"ez-toc-section-end\"><\/span><\/h2>\n<table>\n<tbody>\n<tr>\n<td>GamCare<\/td>\n<td><a href=\"http:\/\/www.gamcare.org.uk\/\">http:\/\/www.gamcare.org.uk\/<\/a><\/td>\n<td>0808 8020 133<\/td>\n<td>F\u00f6renade kungariket<\/td>\n<\/tr>\n<tr>\n<td>Anonyma spelare<\/td>\n<td><a href=\"https:\/\/www.gamblersanonymous.org\/ga\/\">www.gamblersanonymous.org\/ga\/<\/a><\/td>\n<td>&#8211;<\/td>\n<td>F\u00f6renade kungariket<\/td>\n<\/tr>\n<tr>\n<td>BeGambleAware<\/td>\n<td><a href=\"https:\/\/www.begambleaware.org\/\">www.begambleaware.org<\/a><\/td>\n<td>0808 8020 133<\/td>\n<td>F\u00f6renade kungariket<\/td>\n<\/tr>\n<tr>\n<td>Gioca-Responsabile<\/td>\n<td><a href=\"https:\/\/www.gioca-responsabile.it\/\">www.gioca-responsabile.it<\/a><\/td>\n<td>800 151 000<\/td>\n<td>Italien<\/td>\n<\/tr>\n<tr>\n<td>Italienska s\u00e4llskapet f\u00f6r interventioner mot tv\u00e5ngssyndrom<\/td>\n<td><a href=\"https:\/\/www.siipac.it\/\">www.siipac.it<\/a><\/td>\n<td>800 031 579<\/td>\n<td>Italien<\/td>\n<\/tr>\n<tr>\n<td>Nationellt gr\u00f6nt nummer TVNGA<\/td>\n<td>dal luned\u00ec al venerd\u00ec dalle ore 10.00 alle ore 16.00<\/td>\n<td>800 558 822<\/td>\n<td>Italien<\/td>\n<\/tr>\n<tr>\n<td>Associazionee Giocatori Anonimi<\/td>\n<td><a href=\"https:\/\/lnx.giocatorianonimi.org\/\">www.giocatorianonimi.org<\/a><\/td>\n<td>338-1271215<\/td>\n<td>Italien<\/td>\n<\/tr>\n<tr>\n<td>Jogadores an\u00f4nimos do Brasil<\/td>\n<td><a href=\"https:\/\/jogadoresanonimos.com.br\/\">jogadoresanonimos.com.br<\/a><\/td>\n<td>Contato SP: (11) 3229-1023<\/p>\n<p>Contato RJ: (21) 25164672<\/td>\n<td>Brasilien<\/td>\n<\/tr>\n<tr>\n<td>Skydd f\u00f6r joggare<\/td>\n<td><a href=\"https:\/\/www.srij.turismodeportugal.pt\/pt\/jogo-responsavel\/protecao-legal-ao-jogador\">www.srij.turismodeportugal.pt<\/a><\/td>\n<td>Servi\u00e7o de Regula\u00e7\u00e3o e Inspe\u00e7\u00e3o de Jogos, \u00f3rg\u00e3o do Turismo de Portugal.<\/p>\n<p>N\u00famero Linha Vida: 1414<\/p>\n<p>1414@sicad.min-saude.pt<\/p>\n<p>O aconselhamento telef\u00f4nico funciona todos os dias, das 10h \u00e0s 18h.<\/td>\n<td>Brasilien<\/td>\n<\/tr>\n<tr>\n<td>Jugadores An\u00f3nimos<\/td>\n<td><a href=\"https:\/\/www.jugadoresanonimos.org\/\">www.jugadoresanonimos.org<\/a><\/td>\n<td>670 691 513<\/td>\n<td>LATAM<\/td>\n<\/tr>\n<tr>\n<td>Juego Responsable - Argentina<\/td>\n<td><a href=\"https:\/\/juegoresponsable.com.ar\/\">juegoresponsable.com.ar<\/a><\/td>\n<td>LATAM<\/td>\n<\/tr>\n<tr>\n<td>GamCare<\/td>\n<td><a href=\"https:\/\/www.gamcare.org.uk\/\">www.gamcare.org.uk<\/a><\/td>\n<td>0808 8020 133<\/td>\n<td>Japan<\/td>\n<\/tr>\n<tr>\n<td>BeGambleAware<\/td>\n<td><a href=\"https:\/\/www.begambleaware.org\/\">www.begambleaware.org<\/a><\/td>\n<td>0808 8020 133<\/td>\n<td>Japan<\/td>\n<\/tr>\n<tr>\n<td>St\u00f6dlinjen.se<\/td>\n<td><a href=\"https:\/\/stodlinjen.se\/\">www.stodlinjen.se<\/a><\/td>\n<td>020-81 91 00<\/td>\n<td>Japan<\/td>\n<\/tr>\n<\/tbody>\n<\/table>\n<h2><span class=\"ez-toc-section\" id=\"Gambling_Addiction_Resources\"><\/span><span style=\"font-size: 16px;\">Resurser f\u00f6r spelberoende<\/span><span class=\"ez-toc-section-end\"><\/span><\/h2>\n<p>Spelberoende \u00e4r ett allvarligt problem som drabbar individer och deras familjer \u00f6ver hela v\u00e4rlden. Den destruktiva karakt\u00e4ren hos detta beroende kan leda till ekonomisk ruin, anstr\u00e4ngda relationer och k\u00e4nslom\u00e4ssigt lidande. Att k\u00e4nna igen problemet och s\u00f6ka hj\u00e4lp \u00e4r avg\u00f6rande f\u00f6r dem som \u00e4r f\u00e5ngade i spelberoendets cykel. Lyckligtvis finns det flera resurser tillg\u00e4ngliga f\u00f6r att ge st\u00f6d och hj\u00e4lp till dem som beh\u00f6ver det. Den h\u00e4r artikeln kommer att utforska n\u00e5gra av de viktigaste resurserna f\u00f6r spelberoende som erbjuder hj\u00e4lp, v\u00e4gledning och en v\u00e4g till \u00e5terh\u00e4mtning.<\/p>\n<p>Att s\u00f6ka hj\u00e4lp f\u00f6r spelberoende \u00e4r avg\u00f6rande f\u00f6r att individer ska kunna \u00e5terta kontrollen \u00f6ver sina liv och \u00f6vervinna det destruktiva beteendet. Den h\u00e4r artikeln syftar till att ge v\u00e4rdefull information om olika resurser som finns tillg\u00e4ngliga f\u00f6r att st\u00f6dja problemspelare och deras anh\u00f6riga.<\/p>\n<h3><span class=\"ez-toc-section\" id=\"National_Problem_Gambling_Helpline_Network\"><\/span>National N\u00e4tverk f\u00f6r hj\u00e4lplinjer f\u00f6r problemspelande<span class=\"ez-toc-section-end\"><\/span><\/h3>\n<p>National Problem Gambling Helpline Network, som n\u00e5s p\u00e5 800-522-4700, \u00e4r en viktig resurs f\u00f6r problemspelare och deras familjer i USA. Hj\u00e4lplinjen drivs av National Council on Problem Gambling (NCPG), en ideell organisation som arbetar f\u00f6r att hj\u00e4lpa personer som drabbats av spelberoende.<\/p>\n<p>Hj\u00e4lplinjen ger information, st\u00f6d och h\u00e4nvisningar till lokala resurser som \u00e4r specialiserade p\u00e5 behandling av spelproblem. Utbildade yrkesverksamma \u00e4r tillg\u00e4ngliga f\u00f6r att erbjuda konfidentiell hj\u00e4lp och v\u00e4gledning till uppringare. Om individer s\u00f6ker r\u00e5dgivning, behandlingsprogram eller andra st\u00f6dtj\u00e4nster kan hj\u00e4lplinjen ansluta dem till l\u00e4mpliga resurser i deras omr\u00e5de.<\/p>\n<h3><span class=\"ez-toc-section\" id=\"Gamblers_Anonymous\"><\/span>Anonyma spelare<span class=\"ez-toc-section-end\"><\/span><\/h3>\n<p>Gamblers Anonymous (GA) \u00e4r en global sammanslutning av personer som har k\u00e4mpat med spelberoende och som \u00e4r engagerade i sitt tillfrisknande. Gamblers Anonymous grundades 1957 och har vuxit till ett omfattande n\u00e4tverk av lokala grupper i olika l\u00e4nder, som erbjuder en st\u00f6djande milj\u00f6 f\u00f6r dem som s\u00f6ker hj\u00e4lp (http:\/\/www.gamblersanonymous.org\/ga\/).<\/p>\n<p>F\u00f6r att bli medlem i Gamblers Anonymous \u00e4r det enda kravet att man vill sluta spela. Medlemmarna deltar i ett 12-stegsprogram som bygger p\u00e5 principerna f\u00f6r \u00e5terh\u00e4mtning. Genom att dela med sig av sina personliga erfarenheter f\u00e5r man st\u00f6d, uppmuntran och v\u00e4rdefulla insikter fr\u00e5n andra som har st\u00e4llts inf\u00f6r liknande utmaningar. F\u00f6reningen erbjuder ocks\u00e5 separata st\u00f6dgrupper f\u00f6r anh\u00f6riga (Gam-Anon) och barn till problemspelare (Gam-A-Teen), eftersom man \u00e4r medveten om hur spelberoende p\u00e5verkar hela familjen.<\/p>\n<h3><span class=\"ez-toc-section\" id=\"GamCare\"><\/span>GamCare<span class=\"ez-toc-section-end\"><\/span><\/h3>\n<p>GamCare \u00e4r en branschfinansierad v\u00e4lg\u00f6renhetsorganisation som \u00e4r verksam i Storbritannien och erbjuder konfidentiell r\u00e5dgivning och st\u00f6dtj\u00e4nster f\u00f6r personer som drabbats av spelproblem. Organisationen har \u00e5tagit sig att tillhandah\u00e5lla icke-d\u00f6mande hj\u00e4lp till spelare, deras familjer och de som riskerar att utveckla ett spelberoende.<\/p>\n<p>GamCare erbjuder en rad olika tj\u00e4nster, inklusive st\u00f6dtelefon, personlig r\u00e5dgivning och chattst\u00f6d online. Hj\u00e4lplinjen (0808 8020 133) (http:\/\/www.gamcare.org.uk\/) \u00e4r tillg\u00e4nglig dygnet runt och erbjuder en s\u00e4ker plats f\u00f6r individer att diskutera sina problem och s\u00f6ka v\u00e4gledning. Organisationen har ocks\u00e5 ett n\u00e4ra samarbete med behandlingsleverant\u00f6rer, vilket s\u00e4kerst\u00e4ller att individer kan f\u00e5 tillg\u00e5ng till den hj\u00e4lp de beh\u00f6ver.<\/p>\n<h3><span class=\"ez-toc-section\" id=\"Substance_Abuse_and_Mental_Health_Services_Administration_SAMHSA\"><\/span>Myndigheten f\u00f6r missbruksfr\u00e5gor och psykisk h\u00e4lsa (SAMHSA)<span class=\"ez-toc-section-end\"><\/span><\/h3>\n<p>Substance Abuse and Mental Health Services Administration (SAMHSA) \u00e4r en folkh\u00e4lsomyndighet inom United States Department of Health and Human Services. SAMHSA driver en gratis, konfidentiell och 24\/7 National Helpline, tillg\u00e4nglig \u00e5ret runt, f\u00f6r att ge information och behandlingsh\u00e4nvisningar f\u00f6r olika psykiska st\u00f6rningar, inklusive spelberoende.<\/p>\n<p>Hj\u00e4lplinjen f\u00f6r National (1-800-662-4357) (<a href=\"https:\/\/www.samhsa.gov\/find-help\/national-helpline\/\" target=\"_new\" rel=\"noopener\">https:\/\/www.samhsa.gov\/find-help\/national-helpline\/<\/a>) \u00e4r en v\u00e4rdefull resurs f\u00f6r personer och deras familjer som s\u00f6ker hj\u00e4lp med spelberoende. Utbildad personal erbjuder st\u00f6d, information och behandlingsh\u00e4nvisningar p\u00e5 b\u00e5de engelska och spanska. Hj\u00e4lplinjen s\u00e4kerst\u00e4ller att individer kan f\u00e5 tillg\u00e5ng till den hj\u00e4lp de beh\u00f6ver, oavsett var de befinner sig eller vilka omst\u00e4ndigheter som r\u00e5der.<\/p>\n<h3><span class=\"ez-toc-section\" id=\"The_National_Council_on_Problem_Gambling\"><\/span>National-r\u00e5det f\u00f6r problemspelande<span class=\"ez-toc-section-end\"><\/span><\/h3>\n<p>National Council on Problem Gambling (NCPG) \u00e4r en oberoende organisation som arbetar f\u00f6r att fr\u00e4mja individer och familjer som p\u00e5verkas av problemspelande. NCPG \u00e4r inte ansluten till spelindustrin, vilket g\u00f6r det m\u00f6jligt f\u00f6r dem att tillhandah\u00e5lla opartisk information, resurser och st\u00f6dtj\u00e4nster.<\/p>\n<p>NCPG:s webbplats fungerar som en omfattande k\u00e4lla till information om problemspelande.<a href=\"http:\/\/www.ncpgambling.org\">http:\/\/www.ncpgambling.org<\/a>) Den erbjuder v\u00e4rdefulla resurser f\u00f6r att f\u00f6rst\u00e5 spelberoende, identifiera tecknen och hitta l\u00e4mplig behandling. Webbplatsen inneh\u00e5ller ocks\u00e5 en katalog \u00f6ver utbildade r\u00e5dgivare i hela USA som \u00e4r specialiserade p\u00e5 att hantera problem med spelberoende.<\/p>\n<h2><span class=\"ez-toc-section\" id=\"Conclusion\"><\/span>Funktioner ansvarsfullt Neosurf Casino - Slutsats<span class=\"ez-toc-section-end\"><\/span><\/h2>\n<p>Spelberoende \u00e4r ett allvarligt problem som kan f\u00e5 betydande \u00e5terverkningar p\u00e5 m\u00e4nniskors liv. Att k\u00e4nna igen tecknen p\u00e5 spelberoende och f\u00f6rst\u00e5 n\u00e4r man ska s\u00f6ka hj\u00e4lp \u00e4r avg\u00f6rande f\u00f6r att \u00f6vervinna denna utmaning. P\u00e5 LiveCasinoFinder.com prioriterar vi v\u00e5ra anv\u00e4ndares v\u00e4lbefinnande och uppmuntrar till ansvarsfullt spelande.<\/p>\n<p>P\u00e5 LiveCasinoFinder.com \u00e4r vi dedikerade till att fr\u00e4mja ansvarsfullt spelande och s\u00e4kerst\u00e4lla en s\u00e4ker spelmilj\u00f6. Vi uppmuntrar dig att dra nytta av tillg\u00e4ngliga resurser och st\u00f6d f\u00f6r att \u00f6vervinna spelberoende och njuta av spel p\u00e5 ett ansvarsfullt s\u00e4tt.<\/p>","protected":false},"excerpt":{"rendered":"<p>P\u00e5 LiveCasinoFinder.com prioriterar vi v\u00e5ra anv\u00e4ndares v\u00e4lbefinnande och \u00e4r fast beslutna att fr\u00e4mja ansvarsfullt spelande. Denna sida syftar till att ge v\u00e4rdefull information om spelberoende, dess tecken och tillg\u00e4ngligt st\u00f6d. V\u00e5rt m\u00e5l \u00e4r att s\u00e4kerst\u00e4lla en s\u00e4ker och trevlig spelupplevelse f\u00f6r alla. Spelberoende Spelberoende \u00e4r ett allvarligt tillst\u00e5nd som p\u00e5verkar individer [...]<\/p>","protected":false},"author":1,"featured_media":0,"parent":0,"menu_order":0,"comment_status":"closed","ping_status":"closed","template":"page-no-sidebar.php","meta":{"_lmt_disableupdate":"no","_lmt_disable":"no","footnotes":""},"class_list":["post-2115","page","type-page","status-publish","hentry"],"yoast_head":"<!-- This site is optimized with the Yoast SEO plugin v26.4 - https:\/\/yoast.com\/wordpress\/plugins\/seo\/ -->\n<title>Support for Gambling Addiction<\/title>\n<meta name=\"description\" content=\"Find helpful resources and advice on managing gambling addiction with Live Casino Finder to stay in control and make safer choices while playing.\" \/>\n<meta name=\"robots\" content=\"index, follow, max-snippet:-1, max-image-preview:large, max-video-preview:-1\" \/>\n<link rel=\"canonical\" href=\"https:\/\/livecasinofinder.com\/wp-json\/wp\/v2\/pages\/2115\/\" \/>\n<meta property=\"og:locale\" content=\"sv_SE\" \/>\n<meta property=\"og:type\" content=\"article\" \/>\n<meta property=\"og:title\" content=\"Support for Gambling Addiction\" \/>\n<meta property=\"og:description\" content=\"Find helpful resources and advice on managing gambling addiction with Live Casino Finder to stay in control and make safer choices while playing.\" \/>\n<meta property=\"og:url\" content=\"https:\/\/livecasinofinder.com\/sv\/gambling-addiction\/\" \/>\n<meta property=\"og:site_name\" content=\"livecasinofinder.com\" \/>\n<meta property=\"article:modified_time\" content=\"2025-06-03T11:12:27+00:00\" \/>\n<meta property=\"og:image\" content=\"https:\/\/livecasinofinder.com\/wp-content\/uploads\/2023\/03\/lucasoilraceway-logo-1.png\" \/>\n\t<meta property=\"og:image:width\" content=\"427\" \/>\n\t<meta property=\"og:image:height\" content=\"145\" \/>\n\t<meta property=\"og:image:type\" content=\"image\/png\" \/>\n<meta name=\"twitter:card\" content=\"summary_large_image\" \/>\n<meta name=\"twitter:label1\" content=\"Ber\u00e4knad l\u00e4stid\" \/>\n\t<meta name=\"twitter:data1\" content=\"7 minuter\" \/>\n<!-- \/ Yoast SEO plugin. -->","yoast_head_json":{"title":"Support for Gambling Addiction","description":"Find helpful resources and advice on managing gambling addiction with Live Casino Finder to stay in control and make safer choices while playing.","robots":{"index":"index","follow":"follow","max-snippet":"max-snippet:-1","max-image-preview":"max-image-preview:large","max-video-preview":"max-video-preview:-1"},"canonical":"https:\/\/livecasinofinder.com\/wp-json\/wp\/v2\/pages\/2115\/","og_locale":"sv_SE","og_type":"article","og_title":"Support for Gambling Addiction","og_description":"Find helpful resources and advice on managing gambling addiction with Live Casino Finder to stay in control and make safer choices while playing.","og_url":"https:\/\/livecasinofinder.com\/sv\/gambling-addiction\/","og_site_name":"livecasinofinder.com","article_modified_time":"2025-06-03T11:12:27+00:00","og_image":[{"width":427,"height":145,"url":"https:\/\/livecasinofinder.com\/wp-content\/uploads\/2023\/03\/lucasoilraceway-logo-1.png","type":"image\/png"}],"twitter_card":"summary_large_image","twitter_misc":{"Ber\u00e4knad l\u00e4stid":"7 minuter"},"schema":{"@context":"https:\/\/schema.org","@graph":[{"@type":"WebPage","@id":"https:\/\/livecasinofinder.com\/gambling-addiction\/","url":"https:\/\/livecasinofinder.com\/gambling-addiction\/","name":"Support for Gambling Addiction","isPartOf":{"@id":"https:\/\/livecasinofinder.com\/ja\/#website"},"datePublished":"2023-06-20T14:24:32+00:00","dateModified":"2025-06-03T11:12:27+00:00","description":"Find helpful resources and advice on managing gambling addiction with Live Casino Finder to stay in control and make safer choices while playing.","breadcrumb":{"@id":"https:\/\/livecasinofinder.com\/gambling-addiction\/#breadcrumb"},"inLanguage":"sv-SE","potentialAction":[{"@type":"ReadAction","target":["https:\/\/livecasinofinder.com\/gambling-addiction\/"]}]},{"@type":"BreadcrumbList","@id":"https:\/\/livecasinofinder.com\/gambling-addiction\/#breadcrumb","itemListElement":[{"@type":"ListItem","position":1,"name":"LiveCasinoFinder.com","item":"https:\/\/livecasinofinder.com\/fr\/"},{"@type":"ListItem","position":2,"name":"Gambling Addiction"}]},{"@type":"WebSite","@id":"https:\/\/livecasinofinder.com\/ja\/#website","url":"https:\/\/livecasinofinder.com\/ja\/","name":"livecasinofinder","description":"","publisher":{"@id":"https:\/\/livecasinofinder.com\/ja\/#organization"},"alternateName":"Lucas oil raceway live casino","potentialAction":[{"@type":"SearchAction","target":{"@type":"EntryPoint","urlTemplate":"https:\/\/livecasinofinder.com\/ja\/?s={search_term_string}"},"query-input":{"@type":"PropertyValueSpecification","valueRequired":true,"valueName":"search_term_string"}}],"inLanguage":"sv-SE"},{"@type":"Organization","@id":"https:\/\/livecasinofinder.com\/ja\/#organization","name":"Live Casino Finder","alternateName":"Lucas oil raceway live casino","url":"https:\/\/livecasinofinder.com\/ja\/","logo":{"@type":"ImageObject","inLanguage":"sv-SE","@id":"https:\/\/livecasinofinder.com\/ja\/#\/schema\/logo\/image\/","url":"https:\/\/livecasinofinder.com\/wp-content\/uploads\/2023\/04\/livecasinofinder-logo.png","contentUrl":"https:\/\/livecasinofinder.com\/wp-content\/uploads\/2023\/04\/livecasinofinder-logo.png","width":1600,"height":453,"caption":"Live Casino Finder"},"image":{"@id":"https:\/\/livecasinofinder.com\/ja\/#\/schema\/logo\/image\/"}}]}},"_links":{"self":[{"href":"https:\/\/livecasinofinder.com\/sv\/wp-json\/wp\/v2\/pages\/2115","targetHints":{"allow":["GET"]}}],"collection":[{"href":"https:\/\/livecasinofinder.com\/sv\/wp-json\/wp\/v2\/pages"}],"about":[{"href":"https:\/\/livecasinofinder.com\/sv\/wp-json\/wp\/v2\/types\/page"}],"author":[{"embeddable":true,"href":"https:\/\/livecasinofinder.com\/sv\/wp-json\/wp\/v2\/users\/1"}],"replies":[{"embeddable":true,"href":"https:\/\/livecasinofinder.com\/sv\/wp-json\/wp\/v2\/comments?post=2115"}],"version-history":[{"count":0,"href":"https:\/\/livecasinofinder.com\/sv\/wp-json\/wp\/v2\/pages\/2115\/revisions"}],"wp:attachment":[{"href":"https:\/\/livecasinofinder.com\/sv\/wp-json\/wp\/v2\/media?parent=2115"}],"curies":[{"name":"wp","href":"https:\/\/api.w.org\/{rel}","templated":true}]}}