{"id":2113,"date":"2023-06-20T14:28:59","date_gmt":"2023-06-20T14:28:59","guid":{"rendered":"https:\/\/livecasinofinder.com\/?page_id=2113"},"modified":"2025-06-03T11:11:51","modified_gmt":"2025-06-03T11:11:51","slug":"terms-and-conditions","status":"publish","type":"page","link":"https:\/\/livecasinofinder.com\/sv\/terms-and-conditions\/","title":{"rendered":"Villkor och best\u00e4mmelser"},"content":{"rendered":"<p>V\u00e4lkommen till LiveCasinoFinder.com. F\u00f6ljande regler och villkor styr anv\u00e4ndningen av <a href=\"\/sv\/\">LiveCasinoFinder.com webbplats<\/a>. Det \u00e4r absolut n\u00f6dv\u00e4ndigt att du l\u00e4ser och f\u00f6rst\u00e5r dessa villkor innan du anv\u00e4nder v\u00e5ra tj\u00e4nster.<\/p>\n<div id=\"ez-toc-container\" class=\"ez-toc-v2_0_63 counter-hierarchy ez-toc-counter ez-toc-grey ez-toc-container-direction\">\n<label for=\"ez-toc-cssicon-toggle-item-69eb1da9e983e\" class=\"ez-toc-cssicon-toggle-label\"><span class=\"ez-toc-cssicon\"><span class=\"eztoc-hide\" style=\"display:none;\">V\u00e4xel<\/span><span class=\"ez-toc-icon-toggle-span\"><svg style=\"fill: #999;color:#999\" xmlns=\"http:\/\/www.w3.org\/2000\/svg\" class=\"list-377408\" width=\"20px\" height=\"20px\" viewbox=\"0 0 24 24\" fill=\"none\"><path d=\"M6 6H4v2h2V6zm14 0H8v2h12V6zM4 11h2v2H4v-2zm16 0H8v2h12v-2zM4 16h2v2H4v-2zm16 0H8v2h12v-2z\" fill=\"currentColor\"><\/path><\/svg><svg style=\"fill: #999;color:#999\" class=\"arrow-unsorted-368013\" xmlns=\"http:\/\/www.w3.org\/2000\/svg\" width=\"10px\" height=\"10px\" viewbox=\"0 0 24 24\" version=\"1.2\" baseprofile=\"tiny\"><path d=\"M18.2 9.3l-6.2-6.3-6.2 6.3c-.2.2-.3.4-.3.7s.1.5.3.7c.2.2.4.3.7.3h11c.3 0 .5-.1.7-.3.2-.2.3-.5.3-.7s-.1-.5-.3-.7zM5.8 14.7l6.2 6.3 6.2-6.3c.2-.2.3-.5.3-.7s-.1-.5-.3-.7c-.2-.2-.4-.3-.7-.3h-11c-.3 0-.5.1-.7.3-.2.2-.3.5-.3.7s.1.5.3.7z\"\/><\/svg><\/span><\/span><\/label><input type=\"checkbox\"  id=\"ez-toc-cssicon-toggle-item-69eb1da9e983e\" checked aria-label=\"V\u00e4xel\" \/><nav><ul class='ez-toc-list ez-toc-list-level-1' ><li class='ez-toc-page-1 ez-toc-heading-level-2'><a class=\"ez-toc-link ez-toc-heading-1\" href=\"https:\/\/livecasinofinder.com\/sv\/terms-and-conditions\/#Purpose_of_the_Terms_and_Conditions_and_Information\" title=\"Syftet med de allm\u00e4nna villkoren och information\">Syftet med de allm\u00e4nna villkoren och information<\/a><\/li><li class='ez-toc-page-1 ez-toc-heading-level-2'><a class=\"ez-toc-link ez-toc-heading-2\" href=\"https:\/\/livecasinofinder.com\/sv\/terms-and-conditions\/#Disclaimer_and_Legal_Advice\" title=\"Ansvarsfriskrivning och juridisk r\u00e5dgivning\">Ansvarsfriskrivning och juridisk r\u00e5dgivning<\/a><\/li><li class='ez-toc-page-1 ez-toc-heading-level-2'><a class=\"ez-toc-link ez-toc-heading-3\" href=\"https:\/\/livecasinofinder.com\/sv\/terms-and-conditions\/#LiveCasinoFindercom_as_an_Independent_Gambling_Directory_and_Information_Service\" title=\"LiveCasinoFinder.com som en oberoende spelkatalog och informationstj\u00e4nst\">LiveCasinoFinder.com som en oberoende spelkatalog och informationstj\u00e4nst<\/a><\/li><li class='ez-toc-page-1 ez-toc-heading-level-2'><a class=\"ez-toc-link ez-toc-heading-4\" href=\"https:\/\/livecasinofinder.com\/sv\/terms-and-conditions\/#Accuracy_of_Information\" title=\"Uppgifternas riktighet\">Uppgifternas riktighet<\/a><\/li><li class='ez-toc-page-1 ez-toc-heading-level-2'><a class=\"ez-toc-link ez-toc-heading-5\" href=\"https:\/\/livecasinofinder.com\/sv\/terms-and-conditions\/#User_Responsibility_for_Legality_of_Games_and_Wagers\" title=\"Anv\u00e4ndarens ansvar f\u00f6r spelens och satsningarnas laglighet\">Anv\u00e4ndarens ansvar f\u00f6r spelens och satsningarnas laglighet<\/a><\/li><li class='ez-toc-page-1 ez-toc-heading-level-2'><a class=\"ez-toc-link ez-toc-heading-6\" href=\"https:\/\/livecasinofinder.com\/sv\/terms-and-conditions\/#Limitation_of_Liability\" title=\"Begr\u00e4nsning av ansvar\">Begr\u00e4nsning av ansvar<\/a><\/li><li class='ez-toc-page-1 ez-toc-heading-level-2'><a class=\"ez-toc-link ez-toc-heading-7\" href=\"https:\/\/livecasinofinder.com\/sv\/terms-and-conditions\/#Modification_of_Information_and_Future_Obligations\" title=\"\u00c4ndring av information och framtida \u00e5taganden\">\u00c4ndring av information och framtida \u00e5taganden<\/a><\/li><li class='ez-toc-page-1 ez-toc-heading-level-2'><a class=\"ez-toc-link ez-toc-heading-8\" href=\"https:\/\/livecasinofinder.com\/sv\/terms-and-conditions\/#Trademarks_and_Copyrights\" title=\"Varum\u00e4rken och upphovsr\u00e4tt\">Varum\u00e4rken och upphovsr\u00e4tt<\/a><\/li><li class='ez-toc-page-1 ez-toc-heading-level-2'><a class=\"ez-toc-link ez-toc-heading-9\" href=\"https:\/\/livecasinofinder.com\/sv\/terms-and-conditions\/#Copying_and_Transmission_Restrictions\" title=\"Begr\u00e4nsningar f\u00f6r kopiering och \u00f6verf\u00f6ring\">Begr\u00e4nsningar f\u00f6r kopiering och \u00f6verf\u00f6ring<\/a><\/li><li class='ez-toc-page-1 ez-toc-heading-level-2'><a class=\"ez-toc-link ez-toc-heading-10\" href=\"https:\/\/livecasinofinder.com\/sv\/terms-and-conditions\/#Intellectual_Property_Rights\" title=\"Immateriella r\u00e4ttigheter\">Immateriella r\u00e4ttigheter<\/a><\/li><li class='ez-toc-page-1 ez-toc-heading-level-2'><a class=\"ez-toc-link ez-toc-heading-11\" href=\"https:\/\/livecasinofinder.com\/sv\/terms-and-conditions\/#Information_Accuracy_and_Reporting\" title=\"Informationens noggrannhet och rapportering\">Informationens noggrannhet och rapportering<\/a><\/li><li class='ez-toc-page-1 ez-toc-heading-level-2'><a class=\"ez-toc-link ez-toc-heading-12\" href=\"https:\/\/livecasinofinder.com\/sv\/terms-and-conditions\/#Content_Removal_and_Discretion_of_livecasinofindercom\" title=\"Borttagning av inneh\u00e5ll och diskretion av livecasinofinder.com\">Borttagning av inneh\u00e5ll och diskretion av livecasinofinder.com<\/a><\/li><li class='ez-toc-page-1 ez-toc-heading-level-2'><a class=\"ez-toc-link ez-toc-heading-13\" href=\"https:\/\/livecasinofinder.com\/sv\/terms-and-conditions\/#Live_Casino_Finder_Complaints_Service\" title=\"Live Casino Finder Klagom\u00e5lstj\u00e4nst\">Live Casino Finder Klagom\u00e5lstj\u00e4nst<\/a><\/li><li class='ez-toc-page-1 ez-toc-heading-level-2'><a class=\"ez-toc-link ez-toc-heading-14\" href=\"https:\/\/livecasinofinder.com\/sv\/terms-and-conditions\/#Terms_and_Conditions_of_LiveCasinoFindercom\" title=\"Villkor och best\u00e4mmelser f\u00f6r LiveCasinoFinder.com\">Villkor och best\u00e4mmelser f\u00f6r LiveCasinoFinder.com<\/a><\/li><li class='ez-toc-page-1 ez-toc-heading-level-2'><a class=\"ez-toc-link ez-toc-heading-15\" href=\"https:\/\/livecasinofinder.com\/sv\/terms-and-conditions\/#Conclusion\" title=\"Funktioner ansvarsfullt Neosurf Casino - Slutsats\">Funktioner ansvarsfullt Neosurf Casino - Slutsats<\/a><\/li><\/ul><\/nav><\/div>\n\n<h2><span class=\"ez-toc-section\" id=\"Purpose_of_the_Terms_and_Conditions_and_Information\"><\/span>Syftet med de allm\u00e4nna villkoren och information<span class=\"ez-toc-section-end\"><\/span><\/h2>\n<p>De regler och villkor som anges h\u00e4r syftar till att beskriva de regler och f\u00f6rordningar som dikterar f\u00f6rh\u00e5llandet mellan LiveCasinoFinder.com och dess anv\u00e4ndare. Det \u00e4r viktigt f\u00f6r anv\u00e4ndare att f\u00f6rst\u00e5 sina r\u00e4ttigheter, skyldigheter och begr\u00e4nsningar f\u00f6r att anv\u00e4nda de tj\u00e4nster som tillhandah\u00e5lls av LiveCasinoFinder.com.<\/p>\n<h2><span class=\"ez-toc-section\" id=\"Disclaimer_and_Legal_Advice\"><\/span>Ansvarsfriskrivning och juridisk r\u00e5dgivning<span class=\"ez-toc-section-end\"><\/span><\/h2>\n<p>Observera att inneh\u00e5llet p\u00e5 LiveCasinoFinder.com endast \u00e4r avsett f\u00f6r informations\u00e4ndam\u00e5l. Ingenting p\u00e5 denna webbplats ska ses som juridisk r\u00e5dgivning. Anv\u00e4ndare b\u00f6r konsultera juridisk r\u00e5dgivare f\u00f6r juridiska fr\u00e5gor, s\u00e4rskilt n\u00e4r det g\u00e4ller onlinespel.<\/p>\n<h2><span class=\"ez-toc-section\" id=\"LiveCasinoFindercom_as_an_Independent_Gambling_Directory_and_Information_Service\"><\/span>LiveCasinoFinder.com som en oberoende spelkatalog och informationstj\u00e4nst<span class=\"ez-toc-section-end\"><\/span><\/h2>\n<p>LiveCasinoFinder.com \u00e4r en oberoende onlinekatalog och informationstj\u00e4nst som erbjuder recensioner och insikter i live casinos. Vi driver inga speltj\u00e4nster och vi \u00e4r inte anslutna till n\u00e5gra kasinooperat\u00f6rer.<\/p>\n<h2><span class=\"ez-toc-section\" id=\"Accuracy_of_Information\"><\/span>Uppgifternas riktighet<span class=\"ez-toc-section-end\"><\/span><\/h2>\n<p>\u00c4ven om LiveCasinoFinder.com g\u00f6r stora anstr\u00e4ngningar f\u00f6r att s\u00e4kerst\u00e4lla att den information som tillhandah\u00e5lls \u00e4r korrekt och aktuell, kan vi inte garantera dess absoluta riktighet. Anv\u00e4ndare uppmanas att iaktta diskretion och verifiera informationen p\u00e5 egen hand.<\/p>\n<h2><span class=\"ez-toc-section\" id=\"User_Responsibility_for_Legality_of_Games_and_Wagers\"><\/span>Anv\u00e4ndarens ansvar f\u00f6r spelens och satsningarnas laglighet<span class=\"ez-toc-section-end\"><\/span><\/h2>\n<p>Som anv\u00e4ndare av LiveCasinoFinder.com \u00e4r du ensam ansvarig f\u00f6r att s\u00e4kerst\u00e4lla att du f\u00f6ljer de lagar och regler som g\u00e4ller f\u00f6r spel i din jurisdiktion. Detta inkluderar lagligheten av de spel och satsningar du deltar i.<\/p>\n<h2><span class=\"ez-toc-section\" id=\"Limitation_of_Liability\"><\/span>Begr\u00e4nsning av ansvar<span class=\"ez-toc-section-end\"><\/span><\/h2>\n<p>Genom att anv\u00e4nda LiveCasinoFinder.com samtycker du till att h\u00e5lla webbplatsen, dess anst\u00e4llda och dotterbolag skadesl\u00f6sa mot alla anspr\u00e5k, skador eller andra skulder som kan uppst\u00e5 till f\u00f6ljd av anv\u00e4ndningen av den information eller de tj\u00e4nster som tillhandah\u00e5lls.<\/p>\n<h2><span class=\"ez-toc-section\" id=\"Modification_of_Information_and_Future_Obligations\"><\/span>\u00c4ndring av information och framtida \u00e5taganden<span class=\"ez-toc-section-end\"><\/span><\/h2>\n<p>LiveCasinoFinder.com f\u00f6rbeh\u00e5ller sig r\u00e4tten att \u00e4ndra eller ta bort all information som tillhandah\u00e5lls utan f\u00f6reg\u00e5ende meddelande. Anv\u00e4ndare rekommenderas att regelbundet granska de Allm\u00e4nna villkoren f\u00f6r eventuella uppdateringar.<\/p>\n<h2><span class=\"ez-toc-section\" id=\"Trademarks_and_Copyrights\"><\/span>Varum\u00e4rken och upphovsr\u00e4tt<span class=\"ez-toc-section-end\"><\/span><\/h2>\n<p>Allt inneh\u00e5ll, inklusive text, bilder och logotyper p\u00e5 LiveCasinoFinder.com, \u00e4gs av webbplatsen eller dess inneh\u00e5llsleverant\u00f6rer och skyddas av internationella upphovsr\u00e4ttslagar.<\/p>\n<h2><span class=\"ez-toc-section\" id=\"Copying_and_Transmission_Restrictions\"><\/span>Begr\u00e4nsningar f\u00f6r kopiering och \u00f6verf\u00f6ring<span class=\"ez-toc-section-end\"><\/span><\/h2>\n<p>Anv\u00e4ndare \u00e4r f\u00f6rbjudna att kopiera, vidaredistribuera eller \u00e5terpublicera n\u00e5gon del av inneh\u00e5llet p\u00e5 LiveCasinoFinder.com utan uttryckligt skriftligt tillst\u00e5nd fr\u00e5n webbplatsens \u00e4gare.<\/p>\n<h2><span class=\"ez-toc-section\" id=\"Intellectual_Property_Rights\"><\/span>Immateriella r\u00e4ttigheter<span class=\"ez-toc-section-end\"><\/span><\/h2>\n<p>LiveCasinoFinder.com innehar immateriella r\u00e4ttigheter \u00f6ver inneh\u00e5llet, tj\u00e4nsterna och varum\u00e4rkena p\u00e5 denna webbplats. Obeh\u00f6rig anv\u00e4ndning av n\u00e5gon av dessa egenskaper \u00e4r str\u00e4ngt f\u00f6rbjudet och kan bli f\u00f6rem\u00e5l f\u00f6r r\u00e4ttsliga \u00e5tg\u00e4rder.<\/p>\n<h2><span class=\"ez-toc-section\" id=\"Information_Accuracy_and_Reporting\"><\/span>Informationens noggrannhet och rapportering<span class=\"ez-toc-section-end\"><\/span><\/h2>\n<p>Om du hittar n\u00e5gon information p\u00e5 LiveCasinoFinder.com som \u00e4r felaktig eller vilseledande, v\u00e4nligen rapportera det till oss. Vi str\u00e4var efter excellens och uppskattar samarbetet med v\u00e5ra anv\u00e4ndare f\u00f6r att uppr\u00e4tth\u00e5lla integriteten p\u00e5 v\u00e5r webbplats.<\/p>\n<h2><span class=\"ez-toc-section\" id=\"Content_Removal_and_Discretion_of_livecasinofindercom\"><\/span>Borttagning av inneh\u00e5ll och diskretion av livecasinofinder.com<span class=\"ez-toc-section-end\"><\/span><\/h2>\n<p>Inneh\u00e5ll kan tas bort eller \u00e4ndras efter bed\u00f6mning av livecasinofinder.com i enlighet med v\u00e5ra policyer och eventuella till\u00e4mpliga lagar.<\/p>\n<h2><span class=\"ez-toc-section\" id=\"Live_Casino_Finder_Complaints_Service\"><\/span>Live Casino Finder Klagom\u00e5lstj\u00e4nst<span class=\"ez-toc-section-end\"><\/span><\/h2>\n<p>Om du har n\u00e5gra klagom\u00e5l eller fr\u00e5gor ang\u00e5ende de tj\u00e4nster som tillhandah\u00e5lls av LiveCasinoFinder.com, v\u00e4nligen kontakta oss via v\u00e5r Klagom\u00e5lstj\u00e4nst. Vi v\u00e4rdes\u00e4tter din feedback och kommer att ta itu med dina problem efter b\u00e4sta f\u00f6rm\u00e5ga.<\/p>\n<h2><span class=\"ez-toc-section\" id=\"Terms_and_Conditions_of_LiveCasinoFindercom\"><\/span>Villkor och best\u00e4mmelser f\u00f6r LiveCasinoFinder.com<span class=\"ez-toc-section-end\"><\/span><\/h2>\n<p>Genom att anv\u00e4nda denna webbplats samtycker du till de villkor som beskrivs i detta dokument. Om du forts\u00e4tter att anv\u00e4nda webbplatsen efter eventuella uppdateringar av dessa villkor inneb\u00e4r det att du godk\u00e4nner \u00e4ndringarna.<\/p>\n<h2><span class=\"ez-toc-section\" id=\"Conclusion\"><\/span>Funktioner ansvarsfullt Neosurf Casino - Slutsats<span class=\"ez-toc-section-end\"><\/span><\/h2>\n<p>Genom att anv\u00e4nda LiveCasinoFinder.com godk\u00e4nner du de regler och villkor som anges i detta dokument. Det \u00e4r ditt ansvar att h\u00e5lla dig informerad om dessa Villkor och att anv\u00e4nda denna webbplats och dess information p\u00e5 ett ansvarsfullt s\u00e4tt och inom lagens gr\u00e4nser.<\/p>","protected":false},"excerpt":{"rendered":"<p>V\u00e4lkommen till LiveCasinoFinder.com. F\u00f6ljande regler och villkor styr anv\u00e4ndningen av webbplatsen LiveCasinoFinder.com. Det \u00e4r viktigt att du l\u00e4ser och f\u00f6rst\u00e5r dessa villkor innan du anv\u00e4nder v\u00e5ra tj\u00e4nster. Syftet med de allm\u00e4nna villkoren och information De allm\u00e4nna villkoren som anges h\u00e4r syftar till att beskriva de regler och f\u00f6rordningar som dikterar [...]<\/p>","protected":false},"author":1,"featured_media":0,"parent":0,"menu_order":0,"comment_status":"closed","ping_status":"closed","template":"page-no-sidebar.php","meta":{"_lmt_disableupdate":"no","_lmt_disable":"no","footnotes":""},"class_list":["post-2113","page","type-page","status-publish","hentry"],"yoast_head":"<!-- This site is optimized with the Yoast SEO plugin v26.4 - https:\/\/yoast.com\/wordpress\/plugins\/seo\/ -->\n<title>Terms and Conditions Overview<\/title>\n<meta name=\"description\" content=\"Review the terms and conditions of Live Casino Finder to understand your rights and responsibilities while using our site and services.\" \/>\n<meta name=\"robots\" content=\"index, follow, max-snippet:-1, max-image-preview:large, max-video-preview:-1\" \/>\n<link rel=\"canonical\" href=\"https:\/\/livecasinofinder.com\/wp-json\/wp\/v2\/pages\/2113\/\" \/>\n<meta property=\"og:locale\" content=\"sv_SE\" \/>\n<meta property=\"og:type\" content=\"article\" \/>\n<meta property=\"og:title\" content=\"Terms and Conditions Overview\" \/>\n<meta property=\"og:description\" content=\"Review the terms and conditions of Live Casino Finder to understand your rights and responsibilities while using our site and services.\" \/>\n<meta property=\"og:url\" content=\"https:\/\/livecasinofinder.com\/sv\/terms-and-conditions\/\" \/>\n<meta property=\"og:site_name\" content=\"livecasinofinder.com\" \/>\n<meta property=\"article:modified_time\" content=\"2025-06-03T11:11:51+00:00\" \/>\n<meta property=\"og:image\" content=\"https:\/\/livecasinofinder.com\/wp-content\/uploads\/2023\/03\/lucasoilraceway-logo-1.png\" \/>\n\t<meta property=\"og:image:width\" content=\"427\" \/>\n\t<meta property=\"og:image:height\" content=\"145\" \/>\n\t<meta property=\"og:image:type\" content=\"image\/png\" \/>\n<meta name=\"twitter:card\" content=\"summary_large_image\" \/>\n<meta name=\"twitter:label1\" content=\"Ber\u00e4knad l\u00e4stid\" \/>\n\t<meta name=\"twitter:data1\" content=\"3 minuter\" \/>\n<!-- \/ Yoast SEO plugin. -->","yoast_head_json":{"title":"Terms and Conditions Overview","description":"Review the terms and conditions of Live Casino Finder to understand your rights and responsibilities while using our site and services.","robots":{"index":"index","follow":"follow","max-snippet":"max-snippet:-1","max-image-preview":"max-image-preview:large","max-video-preview":"max-video-preview:-1"},"canonical":"https:\/\/livecasinofinder.com\/wp-json\/wp\/v2\/pages\/2113\/","og_locale":"sv_SE","og_type":"article","og_title":"Terms and Conditions Overview","og_description":"Review the terms and conditions of Live Casino Finder to understand your rights and responsibilities while using our site and services.","og_url":"https:\/\/livecasinofinder.com\/sv\/terms-and-conditions\/","og_site_name":"livecasinofinder.com","article_modified_time":"2025-06-03T11:11:51+00:00","og_image":[{"width":427,"height":145,"url":"https:\/\/livecasinofinder.com\/wp-content\/uploads\/2023\/03\/lucasoilraceway-logo-1.png","type":"image\/png"}],"twitter_card":"summary_large_image","twitter_misc":{"Ber\u00e4knad l\u00e4stid":"3 minuter"},"schema":{"@context":"https:\/\/schema.org","@graph":[{"@type":"WebPage","@id":"https:\/\/livecasinofinder.com\/terms-and-conditions\/","url":"https:\/\/livecasinofinder.com\/terms-and-conditions\/","name":"Terms and Conditions Overview","isPartOf":{"@id":"https:\/\/livecasinofinder.com\/ja\/#website"},"datePublished":"2023-06-20T14:28:59+00:00","dateModified":"2025-06-03T11:11:51+00:00","description":"Review the terms and conditions of Live Casino Finder to understand your rights and responsibilities while using our site and services.","breadcrumb":{"@id":"https:\/\/livecasinofinder.com\/terms-and-conditions\/#breadcrumb"},"inLanguage":"sv-SE","potentialAction":[{"@type":"ReadAction","target":["https:\/\/livecasinofinder.com\/terms-and-conditions\/"]}]},{"@type":"BreadcrumbList","@id":"https:\/\/livecasinofinder.com\/terms-and-conditions\/#breadcrumb","itemListElement":[{"@type":"ListItem","position":1,"name":"LiveCasinoFinder.com","item":"https:\/\/livecasinofinder.com\/fr\/"},{"@type":"ListItem","position":2,"name":"Terms and Conditions"}]},{"@type":"WebSite","@id":"https:\/\/livecasinofinder.com\/ja\/#website","url":"https:\/\/livecasinofinder.com\/ja\/","name":"livecasinofinder","description":"","publisher":{"@id":"https:\/\/livecasinofinder.com\/ja\/#organization"},"alternateName":"Lucas oil raceway live casino","potentialAction":[{"@type":"SearchAction","target":{"@type":"EntryPoint","urlTemplate":"https:\/\/livecasinofinder.com\/ja\/?s={search_term_string}"},"query-input":{"@type":"PropertyValueSpecification","valueRequired":true,"valueName":"search_term_string"}}],"inLanguage":"sv-SE"},{"@type":"Organization","@id":"https:\/\/livecasinofinder.com\/ja\/#organization","name":"Live Casino Finder","alternateName":"Lucas oil raceway live casino","url":"https:\/\/livecasinofinder.com\/ja\/","logo":{"@type":"ImageObject","inLanguage":"sv-SE","@id":"https:\/\/livecasinofinder.com\/ja\/#\/schema\/logo\/image\/","url":"https:\/\/livecasinofinder.com\/wp-content\/uploads\/2023\/04\/livecasinofinder-logo.png","contentUrl":"https:\/\/livecasinofinder.com\/wp-content\/uploads\/2023\/04\/livecasinofinder-logo.png","width":1600,"height":453,"caption":"Live Casino Finder"},"image":{"@id":"https:\/\/livecasinofinder.com\/ja\/#\/schema\/logo\/image\/"}}]}},"_links":{"self":[{"href":"https:\/\/livecasinofinder.com\/sv\/wp-json\/wp\/v2\/pages\/2113","targetHints":{"allow":["GET"]}}],"collection":[{"href":"https:\/\/livecasinofinder.com\/sv\/wp-json\/wp\/v2\/pages"}],"about":[{"href":"https:\/\/livecasinofinder.com\/sv\/wp-json\/wp\/v2\/types\/page"}],"author":[{"embeddable":true,"href":"https:\/\/livecasinofinder.com\/sv\/wp-json\/wp\/v2\/users\/1"}],"replies":[{"embeddable":true,"href":"https:\/\/livecasinofinder.com\/sv\/wp-json\/wp\/v2\/comments?post=2113"}],"version-history":[{"count":0,"href":"https:\/\/livecasinofinder.com\/sv\/wp-json\/wp\/v2\/pages\/2113\/revisions"}],"wp:attachment":[{"href":"https:\/\/livecasinofinder.com\/sv\/wp-json\/wp\/v2\/media?parent=2113"}],"curies":[{"name":"wp","href":"https:\/\/api.w.org\/{rel}","templated":true}]}}