{"id":2111,"date":"2023-06-20T14:33:04","date_gmt":"2023-06-20T14:33:04","guid":{"rendered":"https:\/\/livecasinofinder.com\/?page_id=2111"},"modified":"2025-06-03T11:11:12","modified_gmt":"2025-06-03T11:11:12","slug":"responsible-gaming","status":"publish","type":"page","link":"https:\/\/livecasinofinder.com\/sv\/responsible-gaming\/","title":{"rendered":"Ansvarsfullt spelande"},"content":{"rendered":"<p>V\u00e4lkommen till <a href=\"\/sv\/live-casinos\/\">Live Casino<\/a> Finder, d\u00e4r vi prioriterar ansvarsfullt spelande som en h\u00f6rnsten i v\u00e5r plattform. Vi \u00e4r fast beslutna att f\u00f6respr\u00e5ka ansvarsfullt spelande och skapa en s\u00e4ker och trevlig milj\u00f6 f\u00f6r v\u00e5ra anv\u00e4ndare. Med en djup f\u00f6rst\u00e5else f\u00f6r riskerna med spel och den potentiella p\u00e5verkan p\u00e5 den mentala h\u00e4lsan str\u00e4var vi efter att ge spelarna m\u00f6jlighet att engagera sig i ansvarsfullt spelande.<\/p>\n<div id=\"ez-toc-container\" class=\"ez-toc-v2_0_63 counter-hierarchy ez-toc-counter ez-toc-grey ez-toc-container-direction\">\n<label for=\"ez-toc-cssicon-toggle-item-69d308abd142f\" class=\"ez-toc-cssicon-toggle-label\"><span class=\"ez-toc-cssicon\"><span class=\"eztoc-hide\" style=\"display:none;\">V\u00e4xel<\/span><span class=\"ez-toc-icon-toggle-span\"><svg style=\"fill: #999;color:#999\" xmlns=\"http:\/\/www.w3.org\/2000\/svg\" class=\"list-377408\" width=\"20px\" height=\"20px\" viewbox=\"0 0 24 24\" fill=\"none\"><path d=\"M6 6H4v2h2V6zm14 0H8v2h12V6zM4 11h2v2H4v-2zm16 0H8v2h12v-2zM4 16h2v2H4v-2zm16 0H8v2h12v-2z\" fill=\"currentColor\"><\/path><\/svg><svg style=\"fill: #999;color:#999\" class=\"arrow-unsorted-368013\" xmlns=\"http:\/\/www.w3.org\/2000\/svg\" width=\"10px\" height=\"10px\" viewbox=\"0 0 24 24\" version=\"1.2\" baseprofile=\"tiny\"><path d=\"M18.2 9.3l-6.2-6.3-6.2 6.3c-.2.2-.3.4-.3.7s.1.5.3.7c.2.2.4.3.7.3h11c.3 0 .5-.1.7-.3.2-.2.3-.5.3-.7s-.1-.5-.3-.7zM5.8 14.7l6.2 6.3 6.2-6.3c.2-.2.3-.5.3-.7s-.1-.5-.3-.7c-.2-.2-.4-.3-.7-.3h-11c-.3 0-.5.1-.7.3-.2.2-.3.5-.3.7s.1.5.3.7z\"\/><\/svg><\/span><\/span><\/label><input type=\"checkbox\"  id=\"ez-toc-cssicon-toggle-item-69d308abd142f\" checked aria-label=\"V\u00e4xel\" \/><nav><ul class='ez-toc-list ez-toc-list-level-1' ><li class='ez-toc-page-1 ez-toc-heading-level-2'><a class=\"ez-toc-link ez-toc-heading-1\" href=\"https:\/\/livecasinofinder.com\/sv\/responsible-gaming\/#The_Imperative_of_Responsible_Gaming\" title=\"N\u00f6dv\u00e4ndigheten av ansvarsfullt spelande\">N\u00f6dv\u00e4ndigheten av ansvarsfullt spelande<\/a><\/li><li class='ez-toc-page-1 ez-toc-heading-level-2'><a class=\"ez-toc-link ez-toc-heading-2\" href=\"https:\/\/livecasinofinder.com\/sv\/responsible-gaming\/#The_Intricacies_of_Gambling_Risks\" title=\"De komplicerade riskerna med spel\">De komplicerade riskerna med spel<\/a><\/li><li class='ez-toc-page-1 ez-toc-heading-level-2'><a class=\"ez-toc-link ez-toc-heading-3\" href=\"https:\/\/livecasinofinder.com\/sv\/responsible-gaming\/#Recognizing_Gambling_Addiction\" title=\"Att k\u00e4nna igen spelberoende\">Att k\u00e4nna igen spelberoende<\/a><\/li><li class='ez-toc-page-1 ez-toc-heading-level-2'><a class=\"ez-toc-link ez-toc-heading-4\" href=\"https:\/\/livecasinofinder.com\/sv\/responsible-gaming\/#Gambling_and_Mental_Health\" title=\"Spelande och psykisk h\u00e4lsa\">Spelande och psykisk h\u00e4lsa<\/a><\/li><li class='ez-toc-page-1 ez-toc-heading-level-2'><a class=\"ez-toc-link ez-toc-heading-5\" href=\"https:\/\/livecasinofinder.com\/sv\/responsible-gaming\/#Effective_Strategies_for_Responsible_Gambling\" title=\"Effektiva strategier f\u00f6r ansvarsfullt spelande\">Effektiva strategier f\u00f6r ansvarsfullt spelande<\/a><\/li><li class='ez-toc-page-1 ez-toc-heading-level-2'><a class=\"ez-toc-link ez-toc-heading-6\" href=\"https:\/\/livecasinofinder.com\/sv\/responsible-gaming\/#Tools_and_Resources_for_Responsible_Gambling\" title=\"Verktyg och resurser f\u00f6r ansvarsfullt spelande\">Verktyg och resurser f\u00f6r ansvarsfullt spelande<\/a><\/li><li class='ez-toc-page-1 ez-toc-heading-level-2'><a class=\"ez-toc-link ez-toc-heading-7\" href=\"https:\/\/livecasinofinder.com\/sv\/responsible-gaming\/#The_Role_of_Online_Gaming_Operators_in_Responsible_Gambling\" title=\"Onlinespeloperat\u00f6rernas roll f\u00f6r ansvarsfullt spelande\">Onlinespeloperat\u00f6rernas roll f\u00f6r ansvarsfullt spelande<\/a><\/li><li class='ez-toc-page-1 ez-toc-heading-level-2'><a class=\"ez-toc-link ez-toc-heading-8\" href=\"https:\/\/livecasinofinder.com\/sv\/responsible-gaming\/#Preventative_Measures_for_Player_Protection\" title=\"F\u00f6rebyggande \u00e5tg\u00e4rder f\u00f6r spelarskydd\">F\u00f6rebyggande \u00e5tg\u00e4rder f\u00f6r spelarskydd<\/a><\/li><\/ul><\/nav><\/div>\n\n<h2><span class=\"ez-toc-section\" id=\"The_Imperative_of_Responsible_Gaming\"><\/span>N\u00f6dv\u00e4ndigheten av ansvarsfullt spelande<span class=\"ez-toc-section-end\"><\/span><\/h2>\n<p>P\u00e5 Live Casino Finder \u00e4r spelansvar inte bara ett koncept, utan ett grundl\u00e4ggande v\u00e4rde som driver v\u00e5r verksamhet. Vi tror att \u00e4ven om spel kan vara sp\u00e4nnande, \u00e4r det viktigt att se till att det f\u00f6rblir en aktivitet som avnjuts inom ansvarsfulla gr\u00e4nser. V\u00e5rt m\u00e5l \u00e4r att tillhandah\u00e5lla en milj\u00f6 d\u00e4r spelare kan fatta v\u00e4lgrundade beslut och uppleva sp\u00e4nningen i live casino-spel p\u00e5 ett ansvarsfullt s\u00e4tt.<\/p>\n<h2><span class=\"ez-toc-section\" id=\"The_Intricacies_of_Gambling_Risks\"><\/span>De komplicerade riskerna med spel<span class=\"ez-toc-section-end\"><\/span><\/h2>\n<p>Vi inser vikten av att f\u00f6rse v\u00e5ra anv\u00e4ndare med kunskap om de komplicerade riskerna med spel. Att f\u00f6rst\u00e5 dessa risker, inklusive potentialen f\u00f6r ekonomisk f\u00f6rlust, \u00e4r avg\u00f6rande f\u00f6r att kunna g\u00f6ra v\u00e4lgrundade val. Genom att vara medveten om denna komplexitet kan spelare engagera sig i live casino-spel p\u00e5 ett ansvarsfullt s\u00e4tt och beh\u00e5lla kontrollen \u00f6ver sina spelaktiviteter.<\/p>\n<h2><span class=\"ez-toc-section\" id=\"Recognizing_Gambling_Addiction\"><\/span>Att k\u00e4nna igen spelberoende<span class=\"ez-toc-section-end\"><\/span><\/h2>\n<p>P\u00e5 Live Casino Finder \u00e4r vi dedikerade till att k\u00e4nna igen och ta itu med spelberoende. Vi f\u00f6rst\u00e5r att spelande kan bli ett allvarligt problem f\u00f6r vissa individer och p\u00e5verka deras personliga och ekonomiska v\u00e4lbefinnande. Vi uppmuntrar v\u00e5ra anv\u00e4ndare att vara sj\u00e4lvmedvetna och att s\u00f6ka hj\u00e4lp omedelbart om de misst\u00e4nker att de kan k\u00e4mpa med spelberoende.<\/p>\n<h2><span class=\"ez-toc-section\" id=\"Gambling_and_Mental_Health\"><\/span>Spelande och psykisk h\u00e4lsa<span class=\"ez-toc-section-end\"><\/span><\/h2>\n<p>Vi f\u00f6rst\u00e5r det betydande sambandet mellan spelande och psykisk h\u00e4lsa. D\u00e4rf\u00f6r \u00e4r vi fast beslutna att fr\u00e4mja en positiv och h\u00e4lsosam inst\u00e4llning bland v\u00e5ra anv\u00e4ndare. V\u00e5rt m\u00e5l \u00e4r att skapa en milj\u00f6 d\u00e4r spelare kan njuta av live casino-spel p\u00e5 ett ansvarsfullt s\u00e4tt utan att \u00e4ventyra sitt mentala v\u00e4lbefinnande.<\/p>\n<h2><span class=\"ez-toc-section\" id=\"Effective_Strategies_for_Responsible_Gambling\"><\/span>Effektiva strategier f\u00f6r ansvarsfullt spelande<span class=\"ez-toc-section-end\"><\/span><\/h2>\n<p>F\u00f6r att fr\u00e4mja ansvarsfullt spelande f\u00f6respr\u00e5kar vi implementering av effektiva strategier som ger spelarna m\u00f6jlighet att beh\u00e5lla kontrollen \u00f6ver sina spelaktiviteter. H\u00e4r \u00e4r n\u00e5gra viktiga metoder som vi uppmuntrar:<\/p>\n<p>H\u00e5lla sig till en definierad budget: S\u00e4tt en budget f\u00f6r live casino-spel och h\u00e5ll dig till den. Satsa bara ett belopp som du \u00e4r bekv\u00e4m med och se till att det inte p\u00e5verkar din finansiella stabilitet.<\/p>\n<p>Regelbundna pauser fr\u00e5n spelandet: Ta pauser fr\u00e5n live casino-spelandet f\u00f6r att se till att det f\u00f6rblir en underh\u00e5llande aktivitet och inte tar f\u00f6r mycket tid eller energi i anspr\u00e5k.<\/p>\n<p>Motst\u00e5 lusten att jaga f\u00f6rluster: Acceptera att f\u00f6rluster \u00e4r en del av spelandet och undvik att jaga f\u00f6rluster genom att \u00f6ka insatserna. Ta ist\u00e4llet ett steg tillbaka och omv\u00e4rdera din strategi.<\/p>\n<p>S\u00f6k hj\u00e4lp i god tid: Om du misst\u00e4nker att du eller n\u00e5gon du k\u00e4nner k\u00e4mpar med spelberoende, s\u00f6k hj\u00e4lp omedelbart. Tidigt ingripande \u00e4r nyckeln till att effektivt ta itu med problemet.<\/p>\n<h2><span class=\"ez-toc-section\" id=\"Tools_and_Resources_for_Responsible_Gambling\"><\/span>Verktyg och resurser f\u00f6r ansvarsfullt spelande<span class=\"ez-toc-section-end\"><\/span><\/h2>\n<p>Vi tillhandah\u00e5ller en rad verktyg och resurser f\u00f6r att st\u00f6dja ansvarsfullt spelande:<\/p>\n<p>National och lokala hj\u00e4lplinjer: F\u00e5 tillg\u00e5ng till hj\u00e4lplinjer som \u00e4r dedikerade till att hj\u00e4lpa individer som drabbats av problemspelande. Hj\u00e4lpen \u00e4r bara ett telefonsamtal bort.<\/p>\n<p>System f\u00f6r sj\u00e4lvexkludering: Dra nytta av alternativ f\u00f6r sj\u00e4lvexkludering, s\u00e5 att du kan ta en paus fr\u00e5n live casino-spel om du k\u00e4nner att det \u00e4r n\u00f6dv\u00e4ndigt. Dessa system g\u00f6r det m\u00f6jligt f\u00f6r individer att \u00e5terf\u00e5 kontrollen \u00f6ver sina spelaktiviteter.<\/p>\n<p>Program f\u00f6r spelterapi: Vi st\u00f6der och fr\u00e4mjar behandlingsprogram f\u00f6r spelberoende som \u00e4r utformade f\u00f6r att hj\u00e4lpa dem som beh\u00f6ver det. Dessa program ger professionell v\u00e4gledning och st\u00f6d till personer som k\u00e4mpar med spelrelaterade problem.<\/p>\n<h2><span class=\"ez-toc-section\" id=\"The_Role_of_Online_Gaming_Operators_in_Responsible_Gambling\"><\/span>Onlinespeloperat\u00f6rernas roll f\u00f6r ansvarsfullt spelande<span class=\"ez-toc-section-end\"><\/span><\/h2>\n<p>Som onlinespeloperat\u00f6r f\u00f6rst\u00e5r vi v\u00e5rt ansvar f\u00f6r att s\u00e4kerst\u00e4lla en s\u00e4ker och ansvarsfull spelmilj\u00f6. H\u00e4r \u00e4r hur vi uppr\u00e4tth\u00e5ller spelarskyddet:<\/p>\n<p>Strikta branschregler och standarder: Vi f\u00f6ljer strikta branschregler och standarder f\u00f6r att s\u00e4kerst\u00e4lla fair play, spelars\u00e4kerhet och ansvarsfull spelpraxis. Dessa \u00e5tg\u00e4rder finns p\u00e5 plats f\u00f6r att skydda v\u00e5ra anv\u00e4ndare och uppr\u00e4tth\u00e5lla integriteten hos v\u00e5r plattform.<\/p>\n<p>F\u00f6retagets sociala ansvar: Vi tar v\u00e5rt sociala ansvar p\u00e5 allvar. Vi samarbetar aktivt med organisationer och initiativ som fr\u00e4mjar ansvarsfullt spelande och st\u00f6djer dem som drabbats av spelberoende.<\/p>\n<h2><span class=\"ez-toc-section\" id=\"Preventative_Measures_for_Player_Protection\"><\/span>F\u00f6rebyggande \u00e5tg\u00e4rder f\u00f6r spelarskydd<span class=\"ez-toc-section-end\"><\/span><\/h2>\n<p>Vi genomf\u00f6r f\u00f6rebyggande \u00e5tg\u00e4rder f\u00f6r att skydda v\u00e5ra spelare, inklusive robusta \u00e5ldersverifieringsprocesser, s\u00e4kra transaktioner och strikta dataskyddsprotokoll. Dessa \u00e5tg\u00e4rder \u00e4r utformade f\u00f6r att skapa en s\u00e4ker och ansvarsfull spelmilj\u00f6 f\u00f6r alla.<\/p>\n<p>P\u00e5 Live Casino Finder tror vi att ansvarsfullt spelande \u00e4r nyckeln till of\u00f6rgl\u00f6mliga live casino-upplevelser. G\u00e5 med oss idag och ge dig ut p\u00e5 en sp\u00e4nnande och ansvarsfull spelresa.<\/p>","protected":false},"excerpt":{"rendered":"<p>V\u00e4lkommen till Live Casino Finder, d\u00e4r vi prioriterar ansvarsfullt spelande som h\u00f6rnstenen i v\u00e5r plattform. Vi \u00e4r fast beslutna att f\u00f6respr\u00e5ka ansvarsfulla spelmetoder och skapa en s\u00e4ker och trevlig milj\u00f6 f\u00f6r v\u00e5ra anv\u00e4ndare. Med en djup f\u00f6rst\u00e5else f\u00f6r riskerna med spel och den potentiella inverkan p\u00e5 mental h\u00e4lsa, str\u00e4var vi efter att st\u00e4rka [...]<\/p>","protected":false},"author":1,"featured_media":0,"parent":0,"menu_order":0,"comment_status":"closed","ping_status":"closed","template":"page-no-sidebar.php","meta":{"_lmt_disableupdate":"no","_lmt_disable":"no","footnotes":""},"class_list":["post-2111","page","type-page","status-publish","hentry"],"yoast_head":"<!-- This site is optimized with the Yoast SEO plugin v26.4 - https:\/\/yoast.com\/wordpress\/plugins\/seo\/ -->\n<title>Responsible Gaming Guidelines<\/title>\n<meta name=\"description\" content=\"Learn about responsible gaming practices with Live Casino Finder to help you enjoy live casinos safely and make informed decisions while playing.\" \/>\n<meta name=\"robots\" content=\"index, follow, max-snippet:-1, max-image-preview:large, max-video-preview:-1\" \/>\n<link rel=\"canonical\" href=\"https:\/\/livecasinofinder.com\/wp-json\/wp\/v2\/pages\/2111\/\" \/>\n<meta property=\"og:locale\" content=\"sv_SE\" \/>\n<meta property=\"og:type\" content=\"article\" \/>\n<meta property=\"og:title\" content=\"Responsible Gaming Guidelines\" \/>\n<meta property=\"og:description\" content=\"Learn about responsible gaming practices with Live Casino Finder to help you enjoy live casinos safely and make informed decisions while playing.\" \/>\n<meta property=\"og:url\" content=\"https:\/\/livecasinofinder.com\/sv\/responsible-gaming\/\" \/>\n<meta property=\"og:site_name\" content=\"livecasinofinder.com\" \/>\n<meta property=\"article:modified_time\" content=\"2025-06-03T11:11:12+00:00\" \/>\n<meta property=\"og:image\" content=\"https:\/\/livecasinofinder.com\/wp-content\/uploads\/2023\/03\/lucasoilraceway-logo-1.png\" \/>\n\t<meta property=\"og:image:width\" content=\"427\" \/>\n\t<meta property=\"og:image:height\" content=\"145\" \/>\n\t<meta property=\"og:image:type\" content=\"image\/png\" \/>\n<meta name=\"twitter:card\" content=\"summary_large_image\" \/>\n<meta name=\"twitter:label1\" content=\"Ber\u00e4knad l\u00e4stid\" \/>\n\t<meta name=\"twitter:data1\" content=\"4 minuter\" \/>\n<!-- \/ Yoast SEO plugin. -->","yoast_head_json":{"title":"Responsible Gaming Guidelines","description":"Learn about responsible gaming practices with Live Casino Finder to help you enjoy live casinos safely and make informed decisions while playing.","robots":{"index":"index","follow":"follow","max-snippet":"max-snippet:-1","max-image-preview":"max-image-preview:large","max-video-preview":"max-video-preview:-1"},"canonical":"https:\/\/livecasinofinder.com\/wp-json\/wp\/v2\/pages\/2111\/","og_locale":"sv_SE","og_type":"article","og_title":"Responsible Gaming Guidelines","og_description":"Learn about responsible gaming practices with Live Casino Finder to help you enjoy live casinos safely and make informed decisions while playing.","og_url":"https:\/\/livecasinofinder.com\/sv\/responsible-gaming\/","og_site_name":"livecasinofinder.com","article_modified_time":"2025-06-03T11:11:12+00:00","og_image":[{"width":427,"height":145,"url":"https:\/\/livecasinofinder.com\/wp-content\/uploads\/2023\/03\/lucasoilraceway-logo-1.png","type":"image\/png"}],"twitter_card":"summary_large_image","twitter_misc":{"Ber\u00e4knad l\u00e4stid":"4 minuter"},"schema":{"@context":"https:\/\/schema.org","@graph":[{"@type":"WebPage","@id":"https:\/\/livecasinofinder.com\/responsible-gaming\/","url":"https:\/\/livecasinofinder.com\/responsible-gaming\/","name":"Responsible Gaming Guidelines","isPartOf":{"@id":"https:\/\/livecasinofinder.com\/ja\/#website"},"datePublished":"2023-06-20T14:33:04+00:00","dateModified":"2025-06-03T11:11:12+00:00","description":"Learn about responsible gaming practices with Live Casino Finder to help you enjoy live casinos safely and make informed decisions while playing.","breadcrumb":{"@id":"https:\/\/livecasinofinder.com\/responsible-gaming\/#breadcrumb"},"inLanguage":"sv-SE","potentialAction":[{"@type":"ReadAction","target":["https:\/\/livecasinofinder.com\/responsible-gaming\/"]}]},{"@type":"BreadcrumbList","@id":"https:\/\/livecasinofinder.com\/responsible-gaming\/#breadcrumb","itemListElement":[{"@type":"ListItem","position":1,"name":"LiveCasinoFinder.com","item":"https:\/\/livecasinofinder.com\/fr\/"},{"@type":"ListItem","position":2,"name":"Responsible Gaming"}]},{"@type":"WebSite","@id":"https:\/\/livecasinofinder.com\/ja\/#website","url":"https:\/\/livecasinofinder.com\/ja\/","name":"livecasinofinder","description":"","publisher":{"@id":"https:\/\/livecasinofinder.com\/ja\/#organization"},"alternateName":"Lucas oil raceway live casino","potentialAction":[{"@type":"SearchAction","target":{"@type":"EntryPoint","urlTemplate":"https:\/\/livecasinofinder.com\/ja\/?s={search_term_string}"},"query-input":{"@type":"PropertyValueSpecification","valueRequired":true,"valueName":"search_term_string"}}],"inLanguage":"sv-SE"},{"@type":"Organization","@id":"https:\/\/livecasinofinder.com\/ja\/#organization","name":"Live Casino Finder","alternateName":"Lucas oil raceway live casino","url":"https:\/\/livecasinofinder.com\/ja\/","logo":{"@type":"ImageObject","inLanguage":"sv-SE","@id":"https:\/\/livecasinofinder.com\/ja\/#\/schema\/logo\/image\/","url":"https:\/\/livecasinofinder.com\/wp-content\/uploads\/2023\/04\/livecasinofinder-logo.png","contentUrl":"https:\/\/livecasinofinder.com\/wp-content\/uploads\/2023\/04\/livecasinofinder-logo.png","width":1600,"height":453,"caption":"Live Casino Finder"},"image":{"@id":"https:\/\/livecasinofinder.com\/ja\/#\/schema\/logo\/image\/"}}]}},"_links":{"self":[{"href":"https:\/\/livecasinofinder.com\/sv\/wp-json\/wp\/v2\/pages\/2111","targetHints":{"allow":["GET"]}}],"collection":[{"href":"https:\/\/livecasinofinder.com\/sv\/wp-json\/wp\/v2\/pages"}],"about":[{"href":"https:\/\/livecasinofinder.com\/sv\/wp-json\/wp\/v2\/types\/page"}],"author":[{"embeddable":true,"href":"https:\/\/livecasinofinder.com\/sv\/wp-json\/wp\/v2\/users\/1"}],"replies":[{"embeddable":true,"href":"https:\/\/livecasinofinder.com\/sv\/wp-json\/wp\/v2\/comments?post=2111"}],"version-history":[{"count":0,"href":"https:\/\/livecasinofinder.com\/sv\/wp-json\/wp\/v2\/pages\/2111\/revisions"}],"wp:attachment":[{"href":"https:\/\/livecasinofinder.com\/sv\/wp-json\/wp\/v2\/media?parent=2111"}],"curies":[{"name":"wp","href":"https:\/\/api.w.org\/{rel}","templated":true}]}}