{"id":2109,"date":"2023-06-20T14:37:04","date_gmt":"2023-06-20T14:37:04","guid":{"rendered":"https:\/\/livecasinofinder.com\/?page_id=2109"},"modified":"2023-06-20T14:37:04","modified_gmt":"2023-06-20T14:37:04","slug":"privacy-policy","status":"publish","type":"page","link":"https:\/\/livecasinofinder.com\/sv\/privacy-policy\/","title":{"rendered":"Integritetspolicy"},"content":{"rendered":"<p>Vid <a href=\"\/sv\/\">LiveCasinoFinder.com<\/a>f\u00f6rst\u00e5r vi vikten av att v\u00e4rna om din integritet och skydda sekretessen f\u00f6r din personliga information. Denna sekretesspolicy beskriver v\u00e5rt orubbliga engagemang f\u00f6r dataskydd, vilket garanterar en s\u00e4ker och trevlig upplevelse p\u00e5 v\u00e5r plattform.<\/p>\n<div id=\"ez-toc-container\" class=\"ez-toc-v2_0_63 counter-hierarchy ez-toc-counter ez-toc-grey ez-toc-container-direction\">\n<label for=\"ez-toc-cssicon-toggle-item-69e72c48cfdbf\" class=\"ez-toc-cssicon-toggle-label\"><span class=\"ez-toc-cssicon\"><span class=\"eztoc-hide\" style=\"display:none;\">V\u00e4xel<\/span><span class=\"ez-toc-icon-toggle-span\"><svg style=\"fill: #999;color:#999\" xmlns=\"http:\/\/www.w3.org\/2000\/svg\" class=\"list-377408\" width=\"20px\" height=\"20px\" viewbox=\"0 0 24 24\" fill=\"none\"><path d=\"M6 6H4v2h2V6zm14 0H8v2h12V6zM4 11h2v2H4v-2zm16 0H8v2h12v-2zM4 16h2v2H4v-2zm16 0H8v2h12v-2z\" fill=\"currentColor\"><\/path><\/svg><svg style=\"fill: #999;color:#999\" class=\"arrow-unsorted-368013\" xmlns=\"http:\/\/www.w3.org\/2000\/svg\" width=\"10px\" height=\"10px\" viewbox=\"0 0 24 24\" version=\"1.2\" baseprofile=\"tiny\"><path d=\"M18.2 9.3l-6.2-6.3-6.2 6.3c-.2.2-.3.4-.3.7s.1.5.3.7c.2.2.4.3.7.3h11c.3 0 .5-.1.7-.3.2-.2.3-.5.3-.7s-.1-.5-.3-.7zM5.8 14.7l6.2 6.3 6.2-6.3c.2-.2.3-.5.3-.7s-.1-.5-.3-.7c-.2-.2-.4-.3-.7-.3h-11c-.3 0-.5.1-.7.3-.2.2-.3.5-.3.7s.1.5.3.7z\"\/><\/svg><\/span><\/span><\/label><input type=\"checkbox\"  id=\"ez-toc-cssicon-toggle-item-69e72c48cfdbf\" checked aria-label=\"V\u00e4xel\" \/><nav><ul class='ez-toc-list ez-toc-list-level-1' ><li class='ez-toc-page-1 ez-toc-heading-level-2'><a class=\"ez-toc-link ez-toc-heading-1\" href=\"https:\/\/livecasinofinder.com\/sv\/privacy-policy\/#Our_Pledge_to_Safeguard_Your_Privacy\" title=\"V\u00e5rt l\u00f6fte att skydda din integritet\">V\u00e5rt l\u00f6fte att skydda din integritet<\/a><\/li><li class='ez-toc-page-1 ez-toc-heading-level-2'><a class=\"ez-toc-link ez-toc-heading-2\" href=\"https:\/\/livecasinofinder.com\/sv\/privacy-policy\/#Data_Collection_Our_Practices\" title=\"Datainsamling: V\u00e5r praxis\">Datainsamling: V\u00e5r praxis<\/a><\/li><li class='ez-toc-page-1 ez-toc-heading-level-2'><a class=\"ez-toc-link ez-toc-heading-3\" href=\"https:\/\/livecasinofinder.com\/sv\/privacy-policy\/#The_Use_of_Your_Information\" title=\"Anv\u00e4ndning av dina uppgifter\">Anv\u00e4ndning av dina uppgifter<\/a><\/li><li class='ez-toc-page-1 ez-toc-heading-level-2'><a class=\"ez-toc-link ez-toc-heading-4\" href=\"https:\/\/livecasinofinder.com\/sv\/privacy-policy\/#Information_Disclosure_and_Sharing\" title=\"Utl\u00e4mnande och delning av information\">Utl\u00e4mnande och delning av information<\/a><\/li><li class='ez-toc-page-1 ez-toc-heading-level-2'><a class=\"ez-toc-link ez-toc-heading-5\" href=\"https:\/\/livecasinofinder.com\/sv\/privacy-policy\/#Our_Security_Measures\" title=\"V\u00e5ra s\u00e4kerhets\u00e5tg\u00e4rder\">V\u00e5ra s\u00e4kerhets\u00e5tg\u00e4rder<\/a><\/li><li class='ez-toc-page-1 ez-toc-heading-level-2'><a class=\"ez-toc-link ez-toc-heading-6\" href=\"https:\/\/livecasinofinder.com\/sv\/privacy-policy\/#The_Role_of_Cookies\" title=\"Cookies roll\">Cookies roll<\/a><\/li><li class='ez-toc-page-1 ez-toc-heading-level-2'><a class=\"ez-toc-link ez-toc-heading-7\" href=\"https:\/\/livecasinofinder.com\/sv\/privacy-policy\/#Third-Party_Links\" title=\"L\u00e4nkar fr\u00e5n tredje part\">L\u00e4nkar fr\u00e5n tredje part<\/a><\/li><li class='ez-toc-page-1 ez-toc-heading-level-2'><a class=\"ez-toc-link ez-toc-heading-8\" href=\"https:\/\/livecasinofinder.com\/sv\/privacy-policy\/#Policy_on_Childrens_Privacy\" title=\"Policy om barns integritet\">Policy om barns integritet<\/a><\/li><li class='ez-toc-page-1 ez-toc-heading-level-2'><a class=\"ez-toc-link ez-toc-heading-9\" href=\"https:\/\/livecasinofinder.com\/sv\/privacy-policy\/#Changes_to_This_Privacy_Policy\" title=\"\u00c4ndringar av denna integritetspolicy\">\u00c4ndringar av denna integritetspolicy<\/a><\/li><li class='ez-toc-page-1 ez-toc-heading-level-2'><a class=\"ez-toc-link ez-toc-heading-10\" href=\"https:\/\/livecasinofinder.com\/sv\/privacy-policy\/#Your_Rights_to_Your_Personal_Information\" title=\"Dina r\u00e4ttigheter till din personliga information\">Dina r\u00e4ttigheter till din personliga information<\/a><\/li><li class='ez-toc-page-1 ez-toc-heading-level-2'><a class=\"ez-toc-link ez-toc-heading-11\" href=\"https:\/\/livecasinofinder.com\/sv\/privacy-policy\/#Retention_of_Data\" title=\"Bevarande av uppgifter\">Bevarande av uppgifter<\/a><\/li><li class='ez-toc-page-1 ez-toc-heading-level-2'><a class=\"ez-toc-link ez-toc-heading-12\" href=\"https:\/\/livecasinofinder.com\/sv\/privacy-policy\/#International_Data_Transfers\" title=\"Internationella data\u00f6verf\u00f6ringar\">Internationella data\u00f6verf\u00f6ringar<\/a><\/li><\/ul><\/nav><\/div>\n\n<h2><span class=\"ez-toc-section\" id=\"Our_Pledge_to_Safeguard_Your_Privacy\"><\/span>V\u00e5rt l\u00f6fte att skydda din integritet<span class=\"ez-toc-section-end\"><\/span><\/h2>\n<p>Vi v\u00e4rdes\u00e4tter din integritet och prioriterar skyddet av dina personuppgifter. Vi har inf\u00f6rt strikta sekretessrutiner och f\u00f6ljer till\u00e4mpliga dataskyddslagar f\u00f6r att s\u00e4kerst\u00e4lla att dina uppgifter f\u00f6rblir s\u00e4kra och konfidentiella.<\/p>\n<h2><span class=\"ez-toc-section\" id=\"Data_Collection_Our_Practices\"><\/span>Datainsamling: V\u00e5r praxis<span class=\"ez-toc-section-end\"><\/span><\/h2>\n<p>F\u00f6r att kunna ge dig en smidig och personlig upplevelse kan vi samla in viss information fr\u00e5n dig. Denna information kan omfatta ditt namn, dina kontaktuppgifter och ditt surfbeteende p\u00e5 v\u00e5r plattform. Du kan vara s\u00e4ker p\u00e5 att vi endast samlar in de uppgifter som kr\u00e4vs f\u00f6r att f\u00f6rb\u00e4ttra din upplevelse och v\u00e5ra tj\u00e4nster.<\/p>\n<h2><span class=\"ez-toc-section\" id=\"The_Use_of_Your_Information\"><\/span>Anv\u00e4ndning av dina uppgifter<span class=\"ez-toc-section-end\"><\/span><\/h2>\n<p>Den information vi samlar in fr\u00e5n dig anv\u00e4nds f\u00f6r olika \u00e4ndam\u00e5l, inklusive men inte begr\u00e4nsat till:<\/p>\n<ol>\n<li>Anpassa din upplevelse p\u00e5 LiveCasinoFinder.com<\/li>\n<li>behandla dina f\u00f6rfr\u00e5gningar och transaktioner p\u00e5 ett effektivt s\u00e4tt<\/li>\n<li>Kommunicera viktiga uppdateringar och kampanjer<\/li>\n<li>Analysera data f\u00f6r att f\u00f6rb\u00e4ttra v\u00e5ra tj\u00e4nster och anpassa dem till dina preferenser<\/li>\n<\/ol>\n<h2><span class=\"ez-toc-section\" id=\"Information_Disclosure_and_Sharing\"><\/span>Utl\u00e4mnande och delning av information<span class=\"ez-toc-section-end\"><\/span><\/h2>\n<p>LiveCasinoFinder.com respekterar sekretessen f\u00f6r din information. Vi s\u00e4ljer, byter eller delar inte dina personuppgifter med tredje part om det inte \u00e4r n\u00f6dv\u00e4ndigt f\u00f6r att tillhandah\u00e5lla v\u00e5ra tj\u00e4nster eller kr\u00e4vs enligt lag. Vi kan dela din information med betrodda partners, s\u00e5som betalningsprocessorer, enbart i syfte att leverera v\u00e5ra tj\u00e4nster till dig.<\/p>\n<h2><span class=\"ez-toc-section\" id=\"Our_Security_Measures\"><\/span>V\u00e5ra s\u00e4kerhets\u00e5tg\u00e4rder<span class=\"ez-toc-section-end\"><\/span><\/h2>\n<p>Vi har implementerat robusta s\u00e4kerhets\u00e5tg\u00e4rder f\u00f6r att skydda dina personuppgifter fr\u00e5n obeh\u00f6rig \u00e5tkomst, utl\u00e4mnande, \u00e4ndring eller f\u00f6rst\u00f6relse. V\u00e5ra avancerade s\u00e4kerhetssystem, krypteringsprotokoll och str\u00e4nga \u00e5tkomstkontroller s\u00e4kerst\u00e4ller att dina uppgifter skyddas p\u00e5 b\u00e4sta s\u00e4tt. Vi ser regelbundet \u00f6ver och uppdaterar v\u00e5ra s\u00e4kerhets\u00e5tg\u00e4rder f\u00f6r att stay ligga steget f\u00f6re nya hot och uppr\u00e4tth\u00e5lla en s\u00e4ker milj\u00f6 f\u00f6r v\u00e5ra anv\u00e4ndare.<\/p>\n<h2><span class=\"ez-toc-section\" id=\"The_Role_of_Cookies\"><\/span>Cookies roll<span class=\"ez-toc-section-end\"><\/span><\/h2>\n<p>LiveCasinoFinder.com anv\u00e4nder cookies f\u00f6r att f\u00f6rb\u00e4ttra din surfupplevelse p\u00e5 v\u00e5r plattform. Cookies \u00e4r sm\u00e5 textfiler som lagras p\u00e5 din enhet, s\u00e5 att vi kan k\u00e4nna igen dig och anpassa din upplevelse baserat p\u00e5 dina preferenser. Du har m\u00f6jlighet att hantera dina cookie-inst\u00e4llningar via webbl\u00e4sarens inst\u00e4llningar. Observera dock att om du inaktiverar cookies kan vissa funktioner eller funktioner p\u00e5 v\u00e5r webbplats begr\u00e4nsas.<\/p>\n<h2><span class=\"ez-toc-section\" id=\"Third-Party_Links\"><\/span>L\u00e4nkar fr\u00e5n tredje part<span class=\"ez-toc-section-end\"><\/span><\/h2>\n<p>V\u00e5r plattform kan inneh\u00e5lla l\u00e4nkar till tredje parts webbplatser eller tj\u00e4nster. Vi uppmanar dig att vara medveten om att dessa webbplatser har sina egna sekretesspolicyer, som kan skilja sig fr\u00e5n v\u00e5ra. Vi rekommenderar att du granskar sekretesspraxis f\u00f6r alla tredjepartswebbplatser som du bes\u00f6ker via v\u00e5r plattform, eftersom vi inte har kontroll \u00f6ver deras datainsamling eller anv\u00e4ndning.<\/p>\n<h2><span class=\"ez-toc-section\" id=\"Policy_on_Childrens_Privacy\"><\/span>Policy om barns integritet<span class=\"ez-toc-section-end\"><\/span><\/h2>\n<p>LiveCasinoFinder.com \u00e4r avsett f\u00f6r personer som \u00e4r minst 18 \u00e5r eller den lagliga \u00e5ldern f\u00f6r onlinespel i deras jurisdiktion. Vi samlar inte medvetet in eller lagrar personlig information fr\u00e5n individer under den lagliga \u00e5ldern. Om vi blir medvetna om n\u00e5gon s\u00e5dan information raderar vi den omedelbart fr\u00e5n v\u00e5ra register.<\/p>\n<h2><span class=\"ez-toc-section\" id=\"Changes_to_This_Privacy_Policy\"><\/span>\u00c4ndringar av denna integritetspolicy<span class=\"ez-toc-section-end\"><\/span><\/h2>\n<p>Vi kan uppdatera v\u00e5r integritetspolicy regelbundet f\u00f6r att \u00e5terspegla f\u00f6r\u00e4ndringar i v\u00e5r praxis, lagkrav eller tj\u00e4nster. Eventuella \u00e4ndringar av denna policy kommer att meddelas dig genom framtr\u00e4dande meddelanden p\u00e5 v\u00e5r plattform. Vi uppmuntrar dig att regelbundet l\u00e4sa v\u00e5r integritetspolicy f\u00f6r att stay h\u00e5lla dig informerad om hur vi skyddar din integritet.<\/p>\n<h2><span class=\"ez-toc-section\" id=\"Your_Rights_to_Your_Personal_Information\"><\/span>Dina r\u00e4ttigheter till din personliga information<span class=\"ez-toc-section-end\"><\/span><\/h2>\n<p>Som anv\u00e4ndare av LiveCasinoFinder.com har du vissa r\u00e4ttigheter avseende din personliga information. Dessa r\u00e4ttigheter kan omfatta:<\/p>\n<ol>\n<li>Tillg\u00e5ng till de personuppgifter vi har om dig<\/li>\n<li>M\u00f6jligheten att korrigera eller uppdatera din information<\/li>\n<li>R\u00e4tten att beg\u00e4ra radering av dina personuppgifter under vissa omst\u00e4ndigheter<\/li>\n<li>R\u00e4tten att begr\u00e4nsa eller inv\u00e4nda mot behandlingen av dina uppgifter<\/li>\n<li>R\u00e4tten till dataportabilitet, vilket inneb\u00e4r att du kan f\u00e5 en kopia av dina uppgifter i ett strukturerat, allm\u00e4nt anv\u00e4nt och maskinl\u00e4sbart format.<\/li>\n<\/ol>\n<p>Om du vill ut\u00f6va dina r\u00e4ttigheter eller f\u00e5 klarhet i integritetsrelaterade fr\u00e5gor kan du kontakta v\u00e5rt supportteam. Vi finns h\u00e4r f\u00f6r att hj\u00e4lpa dig s\u00e5 snart som m\u00f6jligt.<\/p>\n<h2><span class=\"ez-toc-section\" id=\"Retention_of_Data\"><\/span>Bevarande av uppgifter<span class=\"ez-toc-section-end\"><\/span><\/h2>\n<p>Vi beh\u00e5ller dina personuppgifter endast s\u00e5 l\u00e4nge som det \u00e4r n\u00f6dv\u00e4ndigt f\u00f6r att uppfylla de syften som anges i denna integritetspolicy eller som kr\u00e4vs enligt lag. N\u00e4r dina uppgifter inte l\u00e4ngre beh\u00f6vs kommer vi att p\u00e5 ett s\u00e4kert s\u00e4tt kassera dem i enlighet med v\u00e5ra rutiner f\u00f6r datalagring.<\/p>\n<h2><span class=\"ez-toc-section\" id=\"International_Data_Transfers\"><\/span>Internationella data\u00f6verf\u00f6ringar<span class=\"ez-toc-section-end\"><\/span><\/h2>\n<p>Som en global plattform kan LiveCasinoFinder.com \u00f6verf\u00f6ra och behandla din personliga information p\u00e5 olika platser \u00f6ver hela v\u00e4rlden. Vi s\u00e4kerst\u00e4ller att l\u00e4mpliga skydds\u00e5tg\u00e4rder finns p\u00e5 plats f\u00f6r att skydda dina uppgifter under internationella \u00f6verf\u00f6ringar och f\u00f6lja till\u00e4mpliga dataskyddslagar.<\/p>\n<p>P\u00e5 LiveCasinoFinder.com \u00e4r vi fast beslutna att tillhandah\u00e5lla en s\u00e4ker, transparent och trevlig spelmilj\u00f6 samtidigt som vi skyddar din integritet. Ditt f\u00f6rtroende och din tillfredsst\u00e4llelse \u00e4r v\u00e5ra h\u00f6gsta prioriteringar.<\/p>","protected":false},"excerpt":{"rendered":"<p>P\u00e5 LiveCasinoFinder.com f\u00f6rst\u00e5r vi vikten av att v\u00e4rna om din integritet och skydda sekretessen f\u00f6r din personliga information. Denna sekretesspolicy beskriver v\u00e5rt orubbliga engagemang f\u00f6r dataskydd, vilket garanterar en s\u00e4ker och trevlig upplevelse p\u00e5 v\u00e5r plattform. V\u00e5rt l\u00f6fte att skydda din integritet Vi v\u00e4rdes\u00e4tter din integritet och prioriterar skyddet av dina personuppgifter. [...]<\/p>","protected":false},"author":1,"featured_media":0,"parent":0,"menu_order":0,"comment_status":"closed","ping_status":"closed","template":"page-no-sidebar.php","meta":{"_lmt_disableupdate":"no","_lmt_disable":"no","footnotes":""},"class_list":["post-2109","page","type-page","status-publish","hentry"],"yoast_head":"<!-- This site is optimized with the Yoast SEO plugin v26.4 - https:\/\/yoast.com\/wordpress\/plugins\/seo\/ -->\n<title>Protecting Your Privacy | LiveCasinoFinder.com Privacy Policy<\/title>\n<meta name=\"description\" content=\"At LiveCasinoFinder.com, we prioritize the protection of your data. Our Privacy Policy outlines our commitment to safeguarding your personal information.\" \/>\n<meta name=\"robots\" content=\"index, follow, max-snippet:-1, max-image-preview:large, max-video-preview:-1\" \/>\n<link rel=\"canonical\" href=\"https:\/\/livecasinofinder.com\/wp-json\/wp\/v2\/pages\/2109\/\" \/>\n<meta property=\"og:locale\" content=\"sv_SE\" \/>\n<meta property=\"og:type\" content=\"article\" \/>\n<meta property=\"og:title\" content=\"Protecting Your Privacy | LiveCasinoFinder.com Privacy Policy\" \/>\n<meta property=\"og:description\" content=\"At LiveCasinoFinder.com, we prioritize the protection of your data. Our Privacy Policy outlines our commitment to safeguarding your personal information.\" \/>\n<meta property=\"og:url\" content=\"https:\/\/livecasinofinder.com\/sv\/privacy-policy\/\" \/>\n<meta property=\"og:site_name\" content=\"livecasinofinder.com\" \/>\n<meta property=\"og:image\" content=\"https:\/\/livecasinofinder.com\/wp-content\/uploads\/2023\/03\/lucasoilraceway-logo-1.png\" \/>\n\t<meta property=\"og:image:width\" content=\"427\" \/>\n\t<meta property=\"og:image:height\" content=\"145\" \/>\n\t<meta property=\"og:image:type\" content=\"image\/png\" \/>\n<meta name=\"twitter:card\" content=\"summary_large_image\" \/>\n<meta name=\"twitter:label1\" content=\"Ber\u00e4knad l\u00e4stid\" \/>\n\t<meta name=\"twitter:data1\" content=\"4 minuter\" \/>\n<!-- \/ Yoast SEO plugin. -->","yoast_head_json":{"title":"Skydda din integritet | LiveCasinoFinder.com Integritetspolicy","description":"P\u00e5 LiveCasinoFinder.com prioriterar vi skyddet av dina uppgifter. V\u00e5r integritetspolicy beskriver v\u00e5rt \u00e5tagande att skydda din personliga information.","robots":{"index":"index","follow":"follow","max-snippet":"max-snippet:-1","max-image-preview":"max-image-preview:large","max-video-preview":"max-video-preview:-1"},"canonical":"https:\/\/livecasinofinder.com\/wp-json\/wp\/v2\/pages\/2109\/","og_locale":"sv_SE","og_type":"article","og_title":"Protecting Your Privacy | LiveCasinoFinder.com Privacy Policy","og_description":"At LiveCasinoFinder.com, we prioritize the protection of your data. Our Privacy Policy outlines our commitment to safeguarding your personal information.","og_url":"https:\/\/livecasinofinder.com\/sv\/privacy-policy\/","og_site_name":"livecasinofinder.com","og_image":[{"width":427,"height":145,"url":"https:\/\/livecasinofinder.com\/wp-content\/uploads\/2023\/03\/lucasoilraceway-logo-1.png","type":"image\/png"}],"twitter_card":"summary_large_image","twitter_misc":{"Ber\u00e4knad l\u00e4stid":"4 minuter"},"schema":{"@context":"https:\/\/schema.org","@graph":[{"@type":"WebPage","@id":"https:\/\/livecasinofinder.com\/privacy-policy\/","url":"https:\/\/livecasinofinder.com\/privacy-policy\/","name":"Skydda din integritet | LiveCasinoFinder.com Integritetspolicy","isPartOf":{"@id":"https:\/\/livecasinofinder.com\/ja\/#website"},"datePublished":"2023-06-20T14:37:04+00:00","description":"P\u00e5 LiveCasinoFinder.com prioriterar vi skyddet av dina uppgifter. V\u00e5r integritetspolicy beskriver v\u00e5rt \u00e5tagande att skydda din personliga information.","breadcrumb":{"@id":"https:\/\/livecasinofinder.com\/privacy-policy\/#breadcrumb"},"inLanguage":"sv-SE","potentialAction":[{"@type":"ReadAction","target":["https:\/\/livecasinofinder.com\/privacy-policy\/"]}]},{"@type":"BreadcrumbList","@id":"https:\/\/livecasinofinder.com\/privacy-policy\/#breadcrumb","itemListElement":[{"@type":"ListItem","position":1,"name":"LiveCasinoFinder.com","item":"https:\/\/livecasinofinder.com\/fr\/"},{"@type":"ListItem","position":2,"name":"Privacy Policy"}]},{"@type":"WebSite","@id":"https:\/\/livecasinofinder.com\/ja\/#website","url":"https:\/\/livecasinofinder.com\/ja\/","name":"livecasinofinder","description":"","publisher":{"@id":"https:\/\/livecasinofinder.com\/ja\/#organization"},"alternateName":"Lucas oil raceway live casino","potentialAction":[{"@type":"SearchAction","target":{"@type":"EntryPoint","urlTemplate":"https:\/\/livecasinofinder.com\/ja\/?s={search_term_string}"},"query-input":{"@type":"PropertyValueSpecification","valueRequired":true,"valueName":"search_term_string"}}],"inLanguage":"sv-SE"},{"@type":"Organization","@id":"https:\/\/livecasinofinder.com\/ja\/#organization","name":"Live Casino Finder","alternateName":"Lucas oil raceway live casino","url":"https:\/\/livecasinofinder.com\/ja\/","logo":{"@type":"ImageObject","inLanguage":"sv-SE","@id":"https:\/\/livecasinofinder.com\/ja\/#\/schema\/logo\/image\/","url":"https:\/\/livecasinofinder.com\/wp-content\/uploads\/2023\/04\/livecasinofinder-logo.png","contentUrl":"https:\/\/livecasinofinder.com\/wp-content\/uploads\/2023\/04\/livecasinofinder-logo.png","width":1600,"height":453,"caption":"Live Casino Finder"},"image":{"@id":"https:\/\/livecasinofinder.com\/ja\/#\/schema\/logo\/image\/"}}]}},"_links":{"self":[{"href":"https:\/\/livecasinofinder.com\/sv\/wp-json\/wp\/v2\/pages\/2109","targetHints":{"allow":["GET"]}}],"collection":[{"href":"https:\/\/livecasinofinder.com\/sv\/wp-json\/wp\/v2\/pages"}],"about":[{"href":"https:\/\/livecasinofinder.com\/sv\/wp-json\/wp\/v2\/types\/page"}],"author":[{"embeddable":true,"href":"https:\/\/livecasinofinder.com\/sv\/wp-json\/wp\/v2\/users\/1"}],"replies":[{"embeddable":true,"href":"https:\/\/livecasinofinder.com\/sv\/wp-json\/wp\/v2\/comments?post=2109"}],"version-history":[{"count":0,"href":"https:\/\/livecasinofinder.com\/sv\/wp-json\/wp\/v2\/pages\/2109\/revisions"}],"wp:attachment":[{"href":"https:\/\/livecasinofinder.com\/sv\/wp-json\/wp\/v2\/media?parent=2109"}],"curies":[{"name":"wp","href":"https:\/\/api.w.org\/{rel}","templated":true}]}}