{"id":2107,"date":"2023-06-20T14:36:44","date_gmt":"2023-06-20T14:36:44","guid":{"rendered":"https:\/\/livecasinofinder.com\/?page_id=2107"},"modified":"2025-06-03T11:09:24","modified_gmt":"2025-06-03T11:09:24","slug":"disclaimer","status":"publish","type":"page","link":"https:\/\/livecasinofinder.com\/sv\/disclaimer\/","title":{"rendered":"Friskrivningsklausul"},"content":{"rendered":"<p>LiveCasinoFinder.com \u00e4r den perfekta guiden f\u00f6r alla er spelentusiaster d\u00e4r ute!\u00a0<em>Har du n\u00e5gonsin funderat p\u00e5 vilken live casino du ska prova?<\/em>\u00a0V\u00e5r webbplats fungerar som en ledstj\u00e4rna som guidar dig genom den mystiska v\u00e4rlden av live online-kasinon. LiveCasinoFinder.com hj\u00e4lper dig att hitta <a href=\"\/sv\/live-casinos\/\">b\u00e4sta live casinos<\/a>, j\u00e4mf\u00f6ra funktioner och till och med sno \u00e5t dig n\u00e5gra super-s\u00f6ta bonusar.<\/p>\n<div id=\"ez-toc-container\" class=\"ez-toc-v2_0_63 counter-hierarchy ez-toc-counter ez-toc-grey ez-toc-container-direction\">\n<label for=\"ez-toc-cssicon-toggle-item-69e0da1ec704a\" class=\"ez-toc-cssicon-toggle-label\"><span class=\"ez-toc-cssicon\"><span class=\"eztoc-hide\" style=\"display:none;\">V\u00e4xel<\/span><span class=\"ez-toc-icon-toggle-span\"><svg style=\"fill: #999;color:#999\" xmlns=\"http:\/\/www.w3.org\/2000\/svg\" class=\"list-377408\" width=\"20px\" height=\"20px\" viewbox=\"0 0 24 24\" fill=\"none\"><path d=\"M6 6H4v2h2V6zm14 0H8v2h12V6zM4 11h2v2H4v-2zm16 0H8v2h12v-2zM4 16h2v2H4v-2zm16 0H8v2h12v-2z\" fill=\"currentColor\"><\/path><\/svg><svg style=\"fill: #999;color:#999\" class=\"arrow-unsorted-368013\" xmlns=\"http:\/\/www.w3.org\/2000\/svg\" width=\"10px\" height=\"10px\" viewbox=\"0 0 24 24\" version=\"1.2\" baseprofile=\"tiny\"><path d=\"M18.2 9.3l-6.2-6.3-6.2 6.3c-.2.2-.3.4-.3.7s.1.5.3.7c.2.2.4.3.7.3h11c.3 0 .5-.1.7-.3.2-.2.3-.5.3-.7s-.1-.5-.3-.7zM5.8 14.7l6.2 6.3 6.2-6.3c.2-.2.3-.5.3-.7s-.1-.5-.3-.7c-.2-.2-.4-.3-.7-.3h-11c-.3 0-.5.1-.7.3-.2.2-.3.5-.3.7s.1.5.3.7z\"\/><\/svg><\/span><\/span><\/label><input type=\"checkbox\"  id=\"ez-toc-cssicon-toggle-item-69e0da1ec704a\" checked aria-label=\"V\u00e4xel\" \/><nav><ul class='ez-toc-list ez-toc-list-level-1' ><li class='ez-toc-page-1 ez-toc-heading-level-2'><a class=\"ez-toc-link ez-toc-heading-1\" href=\"https:\/\/livecasinofinder.com\/sv\/disclaimer\/#Objective_of_LiveCasinoFindercom\" title=\"Syfte med LiveCasinoFinder.com\">Syfte med LiveCasinoFinder.com<\/a><\/li><li class='ez-toc-page-1 ez-toc-heading-level-2'><a class=\"ez-toc-link ez-toc-heading-2\" href=\"https:\/\/livecasinofinder.com\/sv\/disclaimer\/#Limitations_and_Liability\" title=\"Begr\u00e4nsningar och ansvar\">Begr\u00e4nsningar och ansvar<\/a><ul class='ez-toc-list-level-3' ><li class='ez-toc-heading-level-3'><a class=\"ez-toc-link ez-toc-heading-3\" href=\"https:\/\/livecasinofinder.com\/sv\/disclaimer\/#Validity_of_Information\" title=\"Informationens giltighet\">Informationens giltighet<\/a><\/li><li class='ez-toc-page-1 ez-toc-heading-level-3'><a class=\"ez-toc-link ez-toc-heading-4\" href=\"https:\/\/livecasinofinder.com\/sv\/disclaimer\/#User_Responsibilities\" title=\"Anv\u00e4ndarnas ansvarsomr\u00e5den\">Anv\u00e4ndarnas ansvarsomr\u00e5den<\/a><ul class='ez-toc-list-level-4' ><li class='ez-toc-heading-level-4'><a class=\"ez-toc-link ez-toc-heading-5\" href=\"https:\/\/livecasinofinder.com\/sv\/disclaimer\/#Age_Restrictions\" title=\"\u00c5ldersbegr\u00e4nsningar\">\u00c5ldersbegr\u00e4nsningar<\/a><\/li><li class='ez-toc-page-1 ez-toc-heading-level-4'><a class=\"ez-toc-link ez-toc-heading-6\" href=\"https:\/\/livecasinofinder.com\/sv\/disclaimer\/#Responsible_Gambling\" title=\"Ansvarsfullt spelande\">Ansvarsfullt spelande<\/a><\/li><\/ul><\/li><\/ul><\/li><li class='ez-toc-page-1 ez-toc-heading-level-2'><a class=\"ez-toc-link ez-toc-heading-7\" href=\"https:\/\/livecasinofinder.com\/sv\/disclaimer\/#Third-Party_Content_and_Links\" title=\"Inneh\u00e5ll och l\u00e4nkar fr\u00e5n tredje part\">Inneh\u00e5ll och l\u00e4nkar fr\u00e5n tredje part<\/a><ul class='ez-toc-list-level-3' ><li class='ez-toc-heading-level-3'><a class=\"ez-toc-link ez-toc-heading-8\" href=\"https:\/\/livecasinofinder.com\/sv\/disclaimer\/#External_Links\" title=\"Externa l\u00e4nkar\">Externa l\u00e4nkar<\/a><\/li><li class='ez-toc-page-1 ez-toc-heading-level-3'><a class=\"ez-toc-link ez-toc-heading-9\" href=\"https:\/\/livecasinofinder.com\/sv\/disclaimer\/#Affiliations_and_Partnerships\" title=\"Anslutningar och partnerskap\">Anslutningar och partnerskap<\/a><\/li><\/ul><\/li><li class='ez-toc-page-1 ez-toc-heading-level-2'><a class=\"ez-toc-link ez-toc-heading-10\" href=\"https:\/\/livecasinofinder.com\/sv\/disclaimer\/#Intellectual_Property\" title=\"Immateriella r\u00e4ttigheter\">Immateriella r\u00e4ttigheter<\/a><ul class='ez-toc-list-level-3' ><li class='ez-toc-heading-level-3'><a class=\"ez-toc-link ez-toc-heading-11\" href=\"https:\/\/livecasinofinder.com\/sv\/disclaimer\/#Copyrights\" title=\"Upphovsr\u00e4tt\">Upphovsr\u00e4tt<\/a><\/li><li class='ez-toc-page-1 ez-toc-heading-level-3'><a class=\"ez-toc-link ez-toc-heading-12\" href=\"https:\/\/livecasinofinder.com\/sv\/disclaimer\/#Use_of_Content\" title=\"Anv\u00e4ndning av inneh\u00e5ll\">Anv\u00e4ndning av inneh\u00e5ll<\/a><\/li><li class='ez-toc-page-1 ez-toc-heading-level-3'><a class=\"ez-toc-link ez-toc-heading-13\" href=\"https:\/\/livecasinofinder.com\/sv\/disclaimer\/#Indemnification\" title=\"Skadest\u00e5nd\">Skadest\u00e5nd<\/a><\/li><\/ul><\/li><li class='ez-toc-page-1 ez-toc-heading-level-2'><a class=\"ez-toc-link ez-toc-heading-14\" href=\"https:\/\/livecasinofinder.com\/sv\/disclaimer\/#Governing_Law_and_Jurisdiction\" title=\"Till\u00e4mplig lag och jurisdiktion\">Till\u00e4mplig lag och jurisdiktion<\/a><\/li><li class='ez-toc-page-1 ez-toc-heading-level-2'><a class=\"ez-toc-link ez-toc-heading-15\" href=\"https:\/\/livecasinofinder.com\/sv\/disclaimer\/#Updates_to_Disclaimer\" title=\"Uppdateringar av ansvarsfriskrivning\">Uppdateringar av ansvarsfriskrivning<\/a><\/li><li class='ez-toc-page-1 ez-toc-heading-level-2'><a class=\"ez-toc-link ez-toc-heading-16\" href=\"https:\/\/livecasinofinder.com\/sv\/disclaimer\/#Contact_Information\" title=\"Kontaktuppgifter\">Kontaktuppgifter<\/a><\/li><li class='ez-toc-page-1 ez-toc-heading-level-2'><a class=\"ez-toc-link ez-toc-heading-17\" href=\"https:\/\/livecasinofinder.com\/sv\/disclaimer\/#Conclusion\" title=\"Funktioner ansvarsfullt Neosurf Casino - Slutsats\">Funktioner ansvarsfullt Neosurf Casino - Slutsats<\/a><\/li><\/ul><\/nav><\/div>\n\n<h2><span class=\"ez-toc-section\" id=\"Objective_of_LiveCasinoFindercom\"><\/span>Syfte med LiveCasinoFinder.com<span class=\"ez-toc-section-end\"><\/span><\/h2>\n<p>LiveCasinoFinder.com har ett enda m\u00e5l:\u00a0<em>f\u00f6r att g\u00f6ra din resa till onlinespel smidigare \u00e4n en straight flush<\/em>. Vi f\u00f6rser dig med tillf\u00f6rlitlig information, expertinsikter och f\u00f6rstklassiga strategier. Men kom ih\u00e5g att vi \u00e4r Gandalf f\u00f6r din Frodo; det \u00e4r du som ska slutf\u00f6ra det slutliga uppdraget.<\/p>\n<h2><span class=\"ez-toc-section\" id=\"Limitations_and_Liability\"><\/span>Begr\u00e4nsningar och ansvar<span class=\"ez-toc-section-end\"><\/span><\/h2>\n<p>Likt ett v\u00e5ghalsigt pirat\u00e4ventyr sker din resa hit p\u00e5 egen risk. Vi ansvarar inte f\u00f6r eventuella f\u00f6rluster eller skador. V\u00e5ra skattkartor \u00e4r guider, riskerna \u00e4r era att ta.<\/p>\n<h3><span class=\"ez-toc-section\" id=\"Validity_of_Information\"><\/span>Informationens giltighet<span class=\"ez-toc-section-end\"><\/span><\/h3>\n<p>Vi har lagt ner v\u00e5r sj\u00e4l i att ge dig den mest korrekta och aktuella informationen. Men precis som i poker kan saker och ting ibland f\u00f6r\u00e4ndras p\u00e5 ett of\u00f6ruts\u00e4gbart s\u00e4tt. D\u00e4rf\u00f6r kan vi inte garantera att allt du hittar h\u00e4r alltid kommer att vara lika f\u00e4rskt som en tusensk\u00f6na.<\/p>\n<h3><span class=\"ez-toc-section\" id=\"User_Responsibilities\"><\/span>Anv\u00e4ndarnas ansvarsomr\u00e5den<span class=\"ez-toc-section-end\"><\/span><\/h3>\n<h4><span class=\"ez-toc-section\" id=\"Age_Restrictions\"><\/span>\u00c5ldersbegr\u00e4nsningar<span class=\"ez-toc-section-end\"><\/span><\/h4>\n<p>\u00c4r du gammal nog att kasta t\u00e4rningarna? Innan du kliver in i den sp\u00e4nnande v\u00e4rlden p\u00e5 LiveCasinoFinder.com, se till att du har \u00e5ldern inne f\u00f6r att spela. Om du inte \u00e4r det, \u00e4r det dags att sticka h\u00e4rifr\u00e5n!<\/p>\n<h4><span class=\"ez-toc-section\" id=\"Responsible_Gambling\"><\/span>Ansvarsfullt spelande<span class=\"ez-toc-section-end\"><\/span><\/h4>\n<p>Spel ska vara som att smutta p\u00e5 ett gott vin - det ska g\u00f6ras p\u00e5 ett ansvarsfullt s\u00e4tt. Kom alltid ih\u00e5g att h\u00e5lla huvudet kallt och spela aldrig f\u00f6r mer \u00e4n du har r\u00e5d att f\u00f6rlora. Se det som en v\u00e4nskaplig spelkv\u00e4ll; du \u00e4r h\u00e4r f\u00f6r att ha kul, inte f\u00f6r att t\u00f6mma dina livsbesparingar!<\/p>\n<h2><span class=\"ez-toc-section\" id=\"Third-Party_Content_and_Links\"><\/span>Inneh\u00e5ll och l\u00e4nkar fr\u00e5n tredje part<span class=\"ez-toc-section-end\"><\/span><\/h2>\n<h3><span class=\"ez-toc-section\" id=\"External_Links\"><\/span>Externa l\u00e4nkar<span class=\"ez-toc-section-end\"><\/span><\/h3>\n<p><em>K\u00e4nner du n\u00e5gonsin f\u00f6r att utforska nya v\u00e4rldar?<\/em>\u00a0Vi tillhandah\u00e5ller l\u00e4nkar till tredje parts webbplatser. Men var f\u00f6rsiktig, unge uppt\u00e4cktsresande. Vi ansvarar inte f\u00f6r eventuella drakar eller inneh\u00e5ll som du kan st\u00f6ta p\u00e5 d\u00e4r ute.<\/p>\n<h3><span class=\"ez-toc-section\" id=\"Affiliations_and_Partnerships\"><\/span>Anslutningar och partnerskap<span class=\"ez-toc-section-end\"><\/span><\/h3>\n<p>Vi \u00e4r stolta \u00f6ver att vara anslutna till n\u00e5gra av branschens kungligheter. Men v\u00e5r integritet f\u00f6rblir or\u00f6rd och v\u00e5ra \u00e5sikter st\u00e5r fast. Partnerskap styr inte oss, vi styr dem!<\/p>\n<h2><span class=\"ez-toc-section\" id=\"Intellectual_Property\"><\/span>Immateriella r\u00e4ttigheter<span class=\"ez-toc-section-end\"><\/span><\/h2>\n<h3><span class=\"ez-toc-section\" id=\"Copyrights\"><\/span>Upphovsr\u00e4tt<span class=\"ez-toc-section-end\"><\/span><\/h3>\n<p>V\u00e5rt inneh\u00e5ll \u00e4r lika unikt som en enh\u00f6rning, och det skyddas av den f\u00f6rtrollade sk\u00f6lden av upphovsr\u00e4ttslagar. Respektera riket, stj\u00e4l inte v\u00e5rt inneh\u00e5ll!<\/p>\n<h3><span class=\"ez-toc-section\" id=\"Use_of_Content\"><\/span>Anv\u00e4ndning av inneh\u00e5ll<span class=\"ez-toc-section-end\"><\/span><\/h3>\n<p>Anv\u00e4nd g\u00e4rna v\u00e5rt inneh\u00e5ll, men kom ih\u00e5g att ange den magiska k\u00e4llan, LiveCasinoFinder.com.\u00a0<em>Skulle du inte ge ber\u00f6m till en trollkarl som gav dig en skattkarta?<\/em><\/p>\n<h3><span class=\"ez-toc-section\" id=\"Indemnification\"><\/span>Skadest\u00e5nd<span class=\"ez-toc-section-end\"><\/span><\/h3>\n<p>Om dina handlingar leder till juridiska problem \u00e4r det som att g\u00e5 p\u00e5 plankan ensam; vi kommer inte att dela fallet. Du ska h\u00e5lla oss skadesl\u00f6sa mot alla anspr\u00e5k som uppst\u00e5r p\u00e5 grund av din anv\u00e4ndning av v\u00e5ra skattkartor.<\/p>\n<h2><span class=\"ez-toc-section\" id=\"Governing_Law_and_Jurisdiction\"><\/span>Till\u00e4mplig lag och jurisdiktion<span class=\"ez-toc-section-end\"><\/span><\/h2>\n<p>De lagar som styr LiveCasinoFinder.com \u00e4r strikta och bindande. Eventuella tvister ska l\u00f6sas under de juridiska \u00f6rnarnas vaksamma \u00f6ga, i enlighet med landets lagar.<\/p>\n<h2><span class=\"ez-toc-section\" id=\"Updates_to_Disclaimer\"><\/span>Uppdateringar av ansvarsfriskrivning<span class=\"ez-toc-section-end\"><\/span><\/h2>\n<p>Vi kan komma att uppdatera denna ansvarsfriskrivning likt ett fartyg som \u00e4ndrar kurs. H\u00e5ll din kikare riktad mot denna sida f\u00f6r att h\u00e5lla dig stay informerad.<\/p>\n<h2><span class=\"ez-toc-section\" id=\"Contact_Information\"><\/span>Kontaktuppgifter<span class=\"ez-toc-section-end\"><\/span><\/h2>\n<p>Om du beh\u00f6ver komma i kontakt med oss kan du skicka ett flaskpostmeddelande eller kontakta oss via v\u00e5r webbplats. Vi v\u00e4rdes\u00e4tter feedback som en pirat v\u00e4rdes\u00e4tter guld!<\/p>\n<h2><span class=\"ez-toc-section\" id=\"Conclusion\"><\/span>Funktioner ansvarsfullt Neosurf Casino - Slutsats<span class=\"ez-toc-section-end\"><\/span><\/h2>\n<p>S\u00e5, k\u00e4ra med\u00e4ventyrare, det var den officiella ansvarsfriskrivningen f\u00f6r LiveCasinoFinder.com. Kom ih\u00e5g att med stor makt (eller information, i det h\u00e4r fallet) f\u00f6ljer stort ansvar. Anv\u00e4nd skattkartorna klokt och m\u00e5 ditt \u00e4ventyr bli fyllt av rikedomar!<\/p>","protected":false},"excerpt":{"rendered":"<p>LiveCasinoFinder.com \u00e4r den perfekta guiden f\u00f6r alla er spelentusiaster d\u00e4r ute! Har du n\u00e5gonsin varit i en g\u00e5ta om vilket live casino du ska prova? V\u00e5r webbplats fungerar som en ledstj\u00e4rna som guidar dig genom den mystiska v\u00e4rlden av live online-kasinon. LiveCasinoFinder.com hj\u00e4lper dig att hitta de b\u00e4sta live casinos, j\u00e4mf\u00f6ra funktioner och till och med sno n\u00e5gra super-s\u00f6ta bonusar. M\u00e5let med [...]<\/p>","protected":false},"author":1,"featured_media":0,"parent":0,"menu_order":0,"comment_status":"closed","ping_status":"closed","template":"page-no-sidebar.php","meta":{"_lmt_disableupdate":"no","_lmt_disable":"no","footnotes":""},"class_list":["post-2107","page","type-page","status-publish","hentry"],"yoast_head":"<!-- This site is optimized with the Yoast SEO plugin v26.4 - https:\/\/yoast.com\/wordpress\/plugins\/seo\/ -->\n<title>Disclaimer and Important Information<\/title>\n<meta name=\"description\" content=\"Read Live Casino Finder\u2019s disclaimer to understand our policies and ensure a clear and transparent experience when using our live casino guides and reviews.\" \/>\n<meta name=\"robots\" content=\"index, follow, max-snippet:-1, max-image-preview:large, max-video-preview:-1\" \/>\n<link rel=\"canonical\" href=\"https:\/\/livecasinofinder.com\/wp-json\/wp\/v2\/pages\/2107\/\" \/>\n<meta property=\"og:locale\" content=\"sv_SE\" \/>\n<meta property=\"og:type\" content=\"article\" \/>\n<meta property=\"og:title\" content=\"Disclaimer and Important Information\" \/>\n<meta property=\"og:description\" content=\"Read Live Casino Finder\u2019s disclaimer to understand our policies and ensure a clear and transparent experience when using our live casino guides and reviews.\" \/>\n<meta property=\"og:url\" content=\"https:\/\/livecasinofinder.com\/sv\/disclaimer\/\" \/>\n<meta property=\"og:site_name\" content=\"livecasinofinder.com\" \/>\n<meta property=\"article:modified_time\" content=\"2025-06-03T11:09:24+00:00\" \/>\n<meta property=\"og:image\" content=\"https:\/\/livecasinofinder.com\/wp-content\/uploads\/2023\/03\/lucasoilraceway-logo-1.png\" \/>\n\t<meta property=\"og:image:width\" content=\"427\" \/>\n\t<meta property=\"og:image:height\" content=\"145\" \/>\n\t<meta property=\"og:image:type\" content=\"image\/png\" \/>\n<meta name=\"twitter:card\" content=\"summary_large_image\" \/>\n<meta name=\"twitter:label1\" content=\"Ber\u00e4knad l\u00e4stid\" \/>\n\t<meta name=\"twitter:data1\" content=\"3 minuter\" \/>\n<!-- \/ Yoast SEO plugin. -->","yoast_head_json":{"title":"Disclaimer and Important Information","description":"Read Live Casino Finder\u2019s disclaimer to understand our policies and ensure a clear and transparent experience when using our live casino guides and reviews.","robots":{"index":"index","follow":"follow","max-snippet":"max-snippet:-1","max-image-preview":"max-image-preview:large","max-video-preview":"max-video-preview:-1"},"canonical":"https:\/\/livecasinofinder.com\/wp-json\/wp\/v2\/pages\/2107\/","og_locale":"sv_SE","og_type":"article","og_title":"Disclaimer and Important Information","og_description":"Read Live Casino Finder\u2019s disclaimer to understand our policies and ensure a clear and transparent experience when using our live casino guides and reviews.","og_url":"https:\/\/livecasinofinder.com\/sv\/disclaimer\/","og_site_name":"livecasinofinder.com","article_modified_time":"2025-06-03T11:09:24+00:00","og_image":[{"width":427,"height":145,"url":"https:\/\/livecasinofinder.com\/wp-content\/uploads\/2023\/03\/lucasoilraceway-logo-1.png","type":"image\/png"}],"twitter_card":"summary_large_image","twitter_misc":{"Ber\u00e4knad l\u00e4stid":"3 minuter"},"schema":{"@context":"https:\/\/schema.org","@graph":[{"@type":"WebPage","@id":"https:\/\/livecasinofinder.com\/disclaimer\/","url":"https:\/\/livecasinofinder.com\/disclaimer\/","name":"Disclaimer and Important Information","isPartOf":{"@id":"https:\/\/livecasinofinder.com\/ja\/#website"},"datePublished":"2023-06-20T14:36:44+00:00","dateModified":"2025-06-03T11:09:24+00:00","description":"Read Live Casino Finder\u2019s disclaimer to understand our policies and ensure a clear and transparent experience when using our live casino guides and reviews.","breadcrumb":{"@id":"https:\/\/livecasinofinder.com\/disclaimer\/#breadcrumb"},"inLanguage":"sv-SE","potentialAction":[{"@type":"ReadAction","target":["https:\/\/livecasinofinder.com\/disclaimer\/"]}]},{"@type":"BreadcrumbList","@id":"https:\/\/livecasinofinder.com\/disclaimer\/#breadcrumb","itemListElement":[{"@type":"ListItem","position":1,"name":"LiveCasinoFinder.com","item":"https:\/\/livecasinofinder.com\/fr\/"},{"@type":"ListItem","position":2,"name":"Disclaimer"}]},{"@type":"WebSite","@id":"https:\/\/livecasinofinder.com\/ja\/#website","url":"https:\/\/livecasinofinder.com\/ja\/","name":"livecasinofinder","description":"","publisher":{"@id":"https:\/\/livecasinofinder.com\/ja\/#organization"},"alternateName":"Lucas oil raceway live casino","potentialAction":[{"@type":"SearchAction","target":{"@type":"EntryPoint","urlTemplate":"https:\/\/livecasinofinder.com\/ja\/?s={search_term_string}"},"query-input":{"@type":"PropertyValueSpecification","valueRequired":true,"valueName":"search_term_string"}}],"inLanguage":"sv-SE"},{"@type":"Organization","@id":"https:\/\/livecasinofinder.com\/ja\/#organization","name":"Live Casino Finder","alternateName":"Lucas oil raceway live casino","url":"https:\/\/livecasinofinder.com\/ja\/","logo":{"@type":"ImageObject","inLanguage":"sv-SE","@id":"https:\/\/livecasinofinder.com\/ja\/#\/schema\/logo\/image\/","url":"https:\/\/livecasinofinder.com\/wp-content\/uploads\/2023\/04\/livecasinofinder-logo.png","contentUrl":"https:\/\/livecasinofinder.com\/wp-content\/uploads\/2023\/04\/livecasinofinder-logo.png","width":1600,"height":453,"caption":"Live Casino Finder"},"image":{"@id":"https:\/\/livecasinofinder.com\/ja\/#\/schema\/logo\/image\/"}}]}},"_links":{"self":[{"href":"https:\/\/livecasinofinder.com\/sv\/wp-json\/wp\/v2\/pages\/2107","targetHints":{"allow":["GET"]}}],"collection":[{"href":"https:\/\/livecasinofinder.com\/sv\/wp-json\/wp\/v2\/pages"}],"about":[{"href":"https:\/\/livecasinofinder.com\/sv\/wp-json\/wp\/v2\/types\/page"}],"author":[{"embeddable":true,"href":"https:\/\/livecasinofinder.com\/sv\/wp-json\/wp\/v2\/users\/1"}],"replies":[{"embeddable":true,"href":"https:\/\/livecasinofinder.com\/sv\/wp-json\/wp\/v2\/comments?post=2107"}],"version-history":[{"count":0,"href":"https:\/\/livecasinofinder.com\/sv\/wp-json\/wp\/v2\/pages\/2107\/revisions"}],"wp:attachment":[{"href":"https:\/\/livecasinofinder.com\/sv\/wp-json\/wp\/v2\/media?parent=2107"}],"curies":[{"name":"wp","href":"https:\/\/api.w.org\/{rel}","templated":true}]}}