{"id":2105,"date":"2023-06-20T14:36:13","date_gmt":"2023-06-20T14:36:13","guid":{"rendered":"https:\/\/livecasinofinder.com\/?page_id=2105"},"modified":"2025-06-03T11:10:21","modified_gmt":"2025-06-03T11:10:21","slug":"cookie-policy","status":"publish","type":"page","link":"https:\/\/livecasinofinder.com\/sv\/cookie-policy\/","title":{"rendered":"Policy f\u00f6r kakor"},"content":{"rendered":"<p>V\u00e4lkommen till <a href=\"\/sv\/\">Live Casino Finder<\/a>, din ultimata destination f\u00f6r allt som r\u00f6r live casino-spel! Vi \u00e4r dedikerade till att ge dig en uppslukande och sp\u00e4nnande online-spelupplevelse som inte liknar n\u00e5gon annan. N\u00e4r vi nu ger oss ut p\u00e5 denna sp\u00e4nnande resa tillsammans med ether vill vi ber\u00e4tta mer om v\u00e5r omfattande cookiepolicy. V\u00e5rt engagemang f\u00f6r transparens, integritet och att leverera en exceptionell anv\u00e4ndarupplevelse ligger i framkant av allt vi g\u00f6r.<\/p>\n<div id=\"ez-toc-container\" class=\"ez-toc-v2_0_63 counter-hierarchy ez-toc-counter ez-toc-grey ez-toc-container-direction\">\n<label for=\"ez-toc-cssicon-toggle-item-69e218eddb18b\" class=\"ez-toc-cssicon-toggle-label\"><span class=\"ez-toc-cssicon\"><span class=\"eztoc-hide\" style=\"display:none;\">V\u00e4xel<\/span><span class=\"ez-toc-icon-toggle-span\"><svg style=\"fill: #999;color:#999\" xmlns=\"http:\/\/www.w3.org\/2000\/svg\" class=\"list-377408\" width=\"20px\" height=\"20px\" viewbox=\"0 0 24 24\" fill=\"none\"><path d=\"M6 6H4v2h2V6zm14 0H8v2h12V6zM4 11h2v2H4v-2zm16 0H8v2h12v-2zM4 16h2v2H4v-2zm16 0H8v2h12v-2z\" fill=\"currentColor\"><\/path><\/svg><svg style=\"fill: #999;color:#999\" class=\"arrow-unsorted-368013\" xmlns=\"http:\/\/www.w3.org\/2000\/svg\" width=\"10px\" height=\"10px\" viewbox=\"0 0 24 24\" version=\"1.2\" baseprofile=\"tiny\"><path d=\"M18.2 9.3l-6.2-6.3-6.2 6.3c-.2.2-.3.4-.3.7s.1.5.3.7c.2.2.4.3.7.3h11c.3 0 .5-.1.7-.3.2-.2.3-.5.3-.7s-.1-.5-.3-.7zM5.8 14.7l6.2 6.3 6.2-6.3c.2-.2.3-.5.3-.7s-.1-.5-.3-.7c-.2-.2-.4-.3-.7-.3h-11c-.3 0-.5.1-.7.3-.2.2-.3.5-.3.7s.1.5.3.7z\"\/><\/svg><\/span><\/span><\/label><input type=\"checkbox\"  id=\"ez-toc-cssicon-toggle-item-69e218eddb18b\" checked aria-label=\"V\u00e4xel\" \/><nav><ul class='ez-toc-list ez-toc-list-level-1' ><li class='ez-toc-page-1 ez-toc-heading-level-2'><a class=\"ez-toc-link ez-toc-heading-1\" href=\"https:\/\/livecasinofinder.com\/sv\/cookie-policy\/#Live_Casino_Finder_Comprehensive_Cookie_Policy\" title=\"Live Casino Finder Omfattande Cookie Policy\">Live Casino Finder Omfattande Cookie Policy<\/a><\/li><li class='ez-toc-page-1 ez-toc-heading-level-2'><a class=\"ez-toc-link ez-toc-heading-2\" href=\"https:\/\/livecasinofinder.com\/sv\/cookie-policy\/#Exploring_the_Concept_of_Cookies\" title=\"Utforska konceptet med cookies\">Utforska konceptet med cookies<\/a><\/li><li class='ez-toc-page-1 ez-toc-heading-level-2'><a class=\"ez-toc-link ez-toc-heading-3\" href=\"https:\/\/livecasinofinder.com\/sv\/cookie-policy\/#Our_Application_of_Cookies\" title=\"V\u00e5r anv\u00e4ndning av cookies\">V\u00e5r anv\u00e4ndning av cookies<\/a><\/li><li class='ez-toc-page-1 ez-toc-heading-level-2'><a class=\"ez-toc-link ez-toc-heading-4\" href=\"https:\/\/livecasinofinder.com\/sv\/cookie-policy\/#Categories_of_Cookies_We_Use\" title=\"Kategorier av cookies som vi anv\u00e4nder\">Kategorier av cookies som vi anv\u00e4nder<\/a><\/li><li class='ez-toc-page-1 ez-toc-heading-level-2'><a class=\"ez-toc-link ez-toc-heading-5\" href=\"https:\/\/livecasinofinder.com\/sv\/cookie-policy\/#Managing_Your_Cookie_Preferences\" title=\"Hantera dina inst\u00e4llningar f\u00f6r cookies\">Hantera dina inst\u00e4llningar f\u00f6r cookies<\/a><\/li><\/ul><\/nav><\/div>\n\n<h2><span class=\"ez-toc-section\" id=\"Live_Casino_Finder_Comprehensive_Cookie_Policy\"><\/span>Live Casino Finder Omfattande Cookie Policy<span class=\"ez-toc-section-end\"><\/span><\/h2>\n<p>P\u00e5 Live Casino Finder prioriterar vi din integritet samtidigt som vi erbjuder en personlig och s\u00f6ml\u00f6s surfupplevelse. V\u00e5r omfattande cookiepolicy \u00e4r utformad f\u00f6r att ge dig tydlighet och f\u00f6rs\u00e4kran, vilket s\u00e4kerst\u00e4ller att din integritet f\u00f6rblir skyddad n\u00e4r du utforskar den f\u00e4ngslande v\u00e4rlden av live casino-spel.<\/p>\n<h2><span class=\"ez-toc-section\" id=\"Exploring_the_Concept_of_Cookies\"><\/span>Utforska konceptet med cookies<span class=\"ez-toc-section-end\"><\/span><\/h2>\n<p>Cookies \u00e4r sm\u00e5 textfiler som skickas till din enhet n\u00e4r du bes\u00f6ker v\u00e5r webbplats. Dessa digitala underverk spelar en avg\u00f6rande roll f\u00f6r att optimera din tid hos oss. Genom att l\u00e5ta oss k\u00e4nna igen och komma ih\u00e5g dig m\u00f6jligg\u00f6r cookies en s\u00f6ml\u00f6s och personlig resa som \u00e4r skr\u00e4ddarsydd efter dina preferenser. P\u00e5 Live Casino Finder utnyttjar vi kraften i cookies f\u00f6r att g\u00f6ra din upplevelse mer njutbar, effektiv och interaktiv.<\/p>\n<h2><span class=\"ez-toc-section\" id=\"Our_Application_of_Cookies\"><\/span>V\u00e5r anv\u00e4ndning av cookies<span class=\"ez-toc-section-end\"><\/span><\/h2>\n<p>Vi anv\u00e4nder cookies f\u00f6r att lyfta ditt live casino-spel\u00e4ventyr till nya h\u00f6jder. Dessa kraftfulla verktyg hj\u00e4lper oss att leverera en anpassad och anv\u00e4ndarcentrerad upplevelse. Genom att anv\u00e4nda cookies kan vi komma ih\u00e5g dina preferenser och se till att varje bes\u00f6k k\u00e4nns som en skr\u00e4ddarsydd inbjudan till en v\u00e4rld av sp\u00e4nning. Oavsett om det handlar om att anpassa dina spelrekommendationer, komma ih\u00e5g dina inst\u00e4llningar eller ge dig exklusiva kampanjer, ger cookies oss m\u00f6jlighet att skapa en of\u00f6rgl\u00f6mlig upplevelse bara f\u00f6r dig.<\/p>\n<h2><span class=\"ez-toc-section\" id=\"Categories_of_Cookies_We_Use\"><\/span>Kategorier av cookies som vi anv\u00e4nder<span class=\"ez-toc-section-end\"><\/span><\/h2>\n<ol>\n<li>N\u00f6dv\u00e4ndiga cookies: Dessa cookies \u00e4r avg\u00f6rande f\u00f6r att v\u00e5r webbplats ska fungera. De m\u00f6jligg\u00f6r viktiga funktioner som s\u00e4kra inloggningar, kontohantering och s\u00f6ml\u00f6sa transaktioner, vilket s\u00e4kerst\u00e4ller att din spelupplevelse f\u00f6rblir smidig och oavbruten.<\/li>\n<li>Cookies f\u00f6r prestanda: P\u00e5 Live Casino Finder str\u00e4var vi efter att erbjuda dig den b\u00e4sta live casino spelupplevelsen. Med hj\u00e4lp av prestandacookies kan vi samla in insikter om hur du navigerar p\u00e5 v\u00e5r webbplats, vilket g\u00f6r det m\u00f6jligt f\u00f6r oss att analysera och optimera v\u00e5r plattforms prestanda. Genom att kontinuerligt f\u00f6rb\u00e4ttra v\u00e5ra tj\u00e4nster ser vi till att din spelupplevelse \u00e4r snabb, p\u00e5litlig och exceptionell.<\/li>\n<li>Cookies f\u00f6r funktionalitet: V\u00e5rt engagemang f\u00f6r personalisering \u00e5terspeglas i anv\u00e4ndningen av funktionella cookies. Dessa cookies g\u00f6r det m\u00f6jligt f\u00f6r oss att komma ih\u00e5g dina preferenser och skapa en skr\u00e4ddarsydd och uppslukande spelmilj\u00f6 bara f\u00f6r dig. Fr\u00e5n att komma ih\u00e5g dina spr\u00e5kinst\u00e4llningar till att erbjuda dig relevanta spelalternativ, g\u00f6r funktionscookies ditt live casino-spel\u00e4ventyr of\u00f6rgl\u00f6mligt.<\/li>\n<\/ol>\n<h2><span class=\"ez-toc-section\" id=\"Managing_Your_Cookie_Preferences\"><\/span>Hantera dina inst\u00e4llningar f\u00f6r cookies<span class=\"ez-toc-section-end\"><\/span><\/h2>\n<p>Vi anser att du b\u00f6r ha kontroll \u00f6ver din integritet och din surfupplevelse. Live Casino Finder ger dig enkla alternativ f\u00f6r att hantera dina cookiepreferenser enligt dina preferenser. Du kan justera dina inst\u00e4llningar via din webbl\u00e4sare och v\u00e4lja att acceptera eller avvisa cookies. Observera dock att avaktivering av cookies kan begr\u00e4nsa vissa funktioner och funktioner p\u00e5 v\u00e5r webbplats. Vi str\u00e4var efter att hitta den perfekta balansen mellan personalisering och integritet, s\u00e5 att din resa med Live Casino Finder \u00e4r s\u00e4ker, s\u00f6ml\u00f6s och skr\u00e4ddarsydd efter dina \u00f6nskem\u00e5l.<\/p>\n<p>Sammanfattningsvis visar Live Casino Finders omfattande cookiepolicy v\u00e5rt orubbliga engagemang f\u00f6r \u00f6ppenhet, integritet och att leverera en extraordin\u00e4r live casino-spelupplevelse. Med hj\u00e4lp av cookies str\u00e4var vi efter att skapa en personlig och uppslukande resa, skr\u00e4ddarsydd f\u00f6r dina preferenser. F\u00f6lj med oss och utforska den f\u00e4ngslande v\u00e4rlden av live casino-spel, med vetskap om att din integritet respekteras, din upplevelse \u00e4r optimerad och din tillfredsst\u00e4llelse \u00e4r v\u00e5r h\u00f6gsta prioritet. V\u00e4lkommen till Live Casino Finder, d\u00e4r sp\u00e4nningen i live-spel v\u00e4ntar!<\/p>","protected":false},"excerpt":{"rendered":"<p>V\u00e4lkommen till Live Casino Finder, din ultimata destination f\u00f6r alla saker live casino spel! Vi \u00e4r dedikerade till att ge dig en uppslukande och sp\u00e4nnande online-spelupplevelse som ingen annan. N\u00e4r vi ger oss ut p\u00e5 denna sp\u00e4nnande resa tillsammans med ether, vill vi belysa v\u00e5r omfattande cookiepolicy. V\u00e5rt engagemang f\u00f6r transparens, integritet och [...]<\/p>","protected":false},"author":1,"featured_media":0,"parent":0,"menu_order":0,"comment_status":"closed","ping_status":"closed","template":"page-no-sidebar.php","meta":{"_lmt_disableupdate":"no","_lmt_disable":"no","footnotes":""},"class_list":["post-2105","page","type-page","status-publish","hentry"],"yoast_head":"<!-- This site is optimized with the Yoast SEO plugin v26.4 - https:\/\/yoast.com\/wordpress\/plugins\/seo\/ -->\n<title>Cookie Policy and Data Use<\/title>\n<meta name=\"description\" content=\"Understand how Live Casino Finder uses cookies to improve your experience and provide relevant content while protecting your privacy and data security.\" \/>\n<meta name=\"robots\" content=\"index, follow, max-snippet:-1, max-image-preview:large, max-video-preview:-1\" \/>\n<link rel=\"canonical\" href=\"https:\/\/livecasinofinder.com\/wp-json\/wp\/v2\/pages\/2105\/\" \/>\n<meta property=\"og:locale\" content=\"sv_SE\" \/>\n<meta property=\"og:type\" content=\"article\" \/>\n<meta property=\"og:title\" content=\"Cookie Policy and Data Use\" \/>\n<meta property=\"og:description\" content=\"Understand how Live Casino Finder uses cookies to improve your experience and provide relevant content while protecting your privacy and data security.\" \/>\n<meta property=\"og:url\" content=\"https:\/\/livecasinofinder.com\/sv\/cookie-policy\/\" \/>\n<meta property=\"og:site_name\" content=\"livecasinofinder.com\" \/>\n<meta property=\"article:modified_time\" content=\"2025-06-03T11:10:21+00:00\" \/>\n<meta property=\"og:image\" content=\"https:\/\/livecasinofinder.com\/wp-content\/uploads\/2023\/03\/lucasoilraceway-logo-1.png\" \/>\n\t<meta property=\"og:image:width\" content=\"427\" \/>\n\t<meta property=\"og:image:height\" content=\"145\" \/>\n\t<meta property=\"og:image:type\" content=\"image\/png\" \/>\n<meta name=\"twitter:card\" content=\"summary_large_image\" \/>\n<meta name=\"twitter:label1\" content=\"Ber\u00e4knad l\u00e4stid\" \/>\n\t<meta name=\"twitter:data1\" content=\"3 minuter\" \/>\n<!-- \/ Yoast SEO plugin. -->","yoast_head_json":{"title":"Cookie Policy and Data Use","description":"Understand how Live Casino Finder uses cookies to improve your experience and provide relevant content while protecting your privacy and data security.","robots":{"index":"index","follow":"follow","max-snippet":"max-snippet:-1","max-image-preview":"max-image-preview:large","max-video-preview":"max-video-preview:-1"},"canonical":"https:\/\/livecasinofinder.com\/wp-json\/wp\/v2\/pages\/2105\/","og_locale":"sv_SE","og_type":"article","og_title":"Cookie Policy and Data Use","og_description":"Understand how Live Casino Finder uses cookies to improve your experience and provide relevant content while protecting your privacy and data security.","og_url":"https:\/\/livecasinofinder.com\/sv\/cookie-policy\/","og_site_name":"livecasinofinder.com","article_modified_time":"2025-06-03T11:10:21+00:00","og_image":[{"width":427,"height":145,"url":"https:\/\/livecasinofinder.com\/wp-content\/uploads\/2023\/03\/lucasoilraceway-logo-1.png","type":"image\/png"}],"twitter_card":"summary_large_image","twitter_misc":{"Ber\u00e4knad l\u00e4stid":"3 minuter"},"schema":{"@context":"https:\/\/schema.org","@graph":[{"@type":"WebPage","@id":"https:\/\/livecasinofinder.com\/cookie-policy\/","url":"https:\/\/livecasinofinder.com\/cookie-policy\/","name":"Cookie Policy and Data Use","isPartOf":{"@id":"https:\/\/livecasinofinder.com\/ja\/#website"},"datePublished":"2023-06-20T14:36:13+00:00","dateModified":"2025-06-03T11:10:21+00:00","description":"Understand how Live Casino Finder uses cookies to improve your experience and provide relevant content while protecting your privacy and data security.","breadcrumb":{"@id":"https:\/\/livecasinofinder.com\/cookie-policy\/#breadcrumb"},"inLanguage":"sv-SE","potentialAction":[{"@type":"ReadAction","target":["https:\/\/livecasinofinder.com\/cookie-policy\/"]}]},{"@type":"BreadcrumbList","@id":"https:\/\/livecasinofinder.com\/cookie-policy\/#breadcrumb","itemListElement":[{"@type":"ListItem","position":1,"name":"LiveCasinoFinder.com","item":"https:\/\/livecasinofinder.com\/fr\/"},{"@type":"ListItem","position":2,"name":"Cookie Policy"}]},{"@type":"WebSite","@id":"https:\/\/livecasinofinder.com\/ja\/#website","url":"https:\/\/livecasinofinder.com\/ja\/","name":"livecasinofinder","description":"","publisher":{"@id":"https:\/\/livecasinofinder.com\/ja\/#organization"},"alternateName":"Lucas oil raceway live casino","potentialAction":[{"@type":"SearchAction","target":{"@type":"EntryPoint","urlTemplate":"https:\/\/livecasinofinder.com\/ja\/?s={search_term_string}"},"query-input":{"@type":"PropertyValueSpecification","valueRequired":true,"valueName":"search_term_string"}}],"inLanguage":"sv-SE"},{"@type":"Organization","@id":"https:\/\/livecasinofinder.com\/ja\/#organization","name":"Live Casino Finder","alternateName":"Lucas oil raceway live casino","url":"https:\/\/livecasinofinder.com\/ja\/","logo":{"@type":"ImageObject","inLanguage":"sv-SE","@id":"https:\/\/livecasinofinder.com\/ja\/#\/schema\/logo\/image\/","url":"https:\/\/livecasinofinder.com\/wp-content\/uploads\/2023\/04\/livecasinofinder-logo.png","contentUrl":"https:\/\/livecasinofinder.com\/wp-content\/uploads\/2023\/04\/livecasinofinder-logo.png","width":1600,"height":453,"caption":"Live Casino Finder"},"image":{"@id":"https:\/\/livecasinofinder.com\/ja\/#\/schema\/logo\/image\/"}}]}},"_links":{"self":[{"href":"https:\/\/livecasinofinder.com\/sv\/wp-json\/wp\/v2\/pages\/2105","targetHints":{"allow":["GET"]}}],"collection":[{"href":"https:\/\/livecasinofinder.com\/sv\/wp-json\/wp\/v2\/pages"}],"about":[{"href":"https:\/\/livecasinofinder.com\/sv\/wp-json\/wp\/v2\/types\/page"}],"author":[{"embeddable":true,"href":"https:\/\/livecasinofinder.com\/sv\/wp-json\/wp\/v2\/users\/1"}],"replies":[{"embeddable":true,"href":"https:\/\/livecasinofinder.com\/sv\/wp-json\/wp\/v2\/comments?post=2105"}],"version-history":[{"count":0,"href":"https:\/\/livecasinofinder.com\/sv\/wp-json\/wp\/v2\/pages\/2105\/revisions"}],"wp:attachment":[{"href":"https:\/\/livecasinofinder.com\/sv\/wp-json\/wp\/v2\/media?parent=2105"}],"curies":[{"name":"wp","href":"https:\/\/api.w.org\/{rel}","templated":true}]}}