{"id":2113,"date":"2023-06-20T14:28:59","date_gmt":"2023-06-20T14:28:59","guid":{"rendered":"https:\/\/livecasinofinder.com\/?page_id=2113"},"modified":"2025-06-03T11:11:51","modified_gmt":"2025-06-03T11:11:51","slug":"terms-and-conditions","status":"publish","type":"page","link":"https:\/\/livecasinofinder.com\/sl\/terms-and-conditions\/","title":{"rendered":"Pogoji in dolo\u010dila"},"content":{"rendered":"<p>Dobrodo\u0161li na LiveCasinoFinder.com. Naslednji pogoji in dolo\u010dila urejajo uporabo <a href=\"\/sl\/\">Spletna stran LiveCasinoFinder.com<\/a>. Pred uporabo na\u0161ih storitev morate nujno prebrati in razumeti te pogoje in dolo\u010dila.<\/p>\n<div id=\"ez-toc-container\" class=\"ez-toc-v2_0_63 counter-hierarchy ez-toc-counter ez-toc-grey ez-toc-container-direction\">\n<label for=\"ez-toc-cssicon-toggle-item-69d692870bfd8\" class=\"ez-toc-cssicon-toggle-label\"><span class=\"ez-toc-cssicon\"><span class=\"eztoc-hide\" style=\"display:none;\">Toggle<\/span><span class=\"ez-toc-icon-toggle-span\"><svg style=\"fill: #999;color:#999\" xmlns=\"http:\/\/www.w3.org\/2000\/svg\" class=\"list-377408\" width=\"20px\" height=\"20px\" viewbox=\"0 0 24 24\" fill=\"none\"><path d=\"M6 6H4v2h2V6zm14 0H8v2h12V6zM4 11h2v2H4v-2zm16 0H8v2h12v-2zM4 16h2v2H4v-2zm16 0H8v2h12v-2z\" fill=\"currentColor\"><\/path><\/svg><svg style=\"fill: #999;color:#999\" class=\"arrow-unsorted-368013\" xmlns=\"http:\/\/www.w3.org\/2000\/svg\" width=\"10px\" height=\"10px\" viewbox=\"0 0 24 24\" version=\"1.2\" baseprofile=\"tiny\"><path d=\"M18.2 9.3l-6.2-6.3-6.2 6.3c-.2.2-.3.4-.3.7s.1.5.3.7c.2.2.4.3.7.3h11c.3 0 .5-.1.7-.3.2-.2.3-.5.3-.7s-.1-.5-.3-.7zM5.8 14.7l6.2 6.3 6.2-6.3c.2-.2.3-.5.3-.7s-.1-.5-.3-.7c-.2-.2-.4-.3-.7-.3h-11c-.3 0-.5.1-.7.3-.2.2-.3.5-.3.7s.1.5.3.7z\"\/><\/svg><\/span><\/span><\/label><input type=\"checkbox\"  id=\"ez-toc-cssicon-toggle-item-69d692870bfd8\" checked aria-label=\"Toggle\" \/><nav><ul class='ez-toc-list ez-toc-list-level-1' ><li class='ez-toc-page-1 ez-toc-heading-level-2'><a class=\"ez-toc-link ez-toc-heading-1\" href=\"https:\/\/livecasinofinder.com\/sl\/terms-and-conditions\/#Purpose_of_the_Terms_and_Conditions_and_Information\" title=\"Namen splo\u0161nih pogojev in informacij\">Namen splo\u0161nih pogojev in informacij<\/a><\/li><li class='ez-toc-page-1 ez-toc-heading-level-2'><a class=\"ez-toc-link ez-toc-heading-2\" href=\"https:\/\/livecasinofinder.com\/sl\/terms-and-conditions\/#Disclaimer_and_Legal_Advice\" title=\"Izjava o omejitvi odgovornosti in pravni nasveti\">Izjava o omejitvi odgovornosti in pravni nasveti<\/a><\/li><li class='ez-toc-page-1 ez-toc-heading-level-2'><a class=\"ez-toc-link ez-toc-heading-3\" href=\"https:\/\/livecasinofinder.com\/sl\/terms-and-conditions\/#LiveCasinoFindercom_as_an_Independent_Gambling_Directory_and_Information_Service\" title=\"LiveCasinoFinder.com kot neodvisni imenik iger na sre\u010do in informacijska slu\u017eba\">LiveCasinoFinder.com kot neodvisni imenik iger na sre\u010do in informacijska slu\u017eba<\/a><\/li><li class='ez-toc-page-1 ez-toc-heading-level-2'><a class=\"ez-toc-link ez-toc-heading-4\" href=\"https:\/\/livecasinofinder.com\/sl\/terms-and-conditions\/#Accuracy_of_Information\" title=\"Natan\u010dnost informacij\">Natan\u010dnost informacij<\/a><\/li><li class='ez-toc-page-1 ez-toc-heading-level-2'><a class=\"ez-toc-link ez-toc-heading-5\" href=\"https:\/\/livecasinofinder.com\/sl\/terms-and-conditions\/#User_Responsibility_for_Legality_of_Games_and_Wagers\" title=\"Odgovornost uporabnika za zakonitost iger in stav\">Odgovornost uporabnika za zakonitost iger in stav<\/a><\/li><li class='ez-toc-page-1 ez-toc-heading-level-2'><a class=\"ez-toc-link ez-toc-heading-6\" href=\"https:\/\/livecasinofinder.com\/sl\/terms-and-conditions\/#Limitation_of_Liability\" title=\"Omejitev odgovornosti\">Omejitev odgovornosti<\/a><\/li><li class='ez-toc-page-1 ez-toc-heading-level-2'><a class=\"ez-toc-link ez-toc-heading-7\" href=\"https:\/\/livecasinofinder.com\/sl\/terms-and-conditions\/#Modification_of_Information_and_Future_Obligations\" title=\"Sprememba informacij in prihodnjih obveznosti\">Sprememba informacij in prihodnjih obveznosti<\/a><\/li><li class='ez-toc-page-1 ez-toc-heading-level-2'><a class=\"ez-toc-link ez-toc-heading-8\" href=\"https:\/\/livecasinofinder.com\/sl\/terms-and-conditions\/#Trademarks_and_Copyrights\" title=\"Blagovne znamke in avtorske pravice\">Blagovne znamke in avtorske pravice<\/a><\/li><li class='ez-toc-page-1 ez-toc-heading-level-2'><a class=\"ez-toc-link ez-toc-heading-9\" href=\"https:\/\/livecasinofinder.com\/sl\/terms-and-conditions\/#Copying_and_Transmission_Restrictions\" title=\"Omejitve kopiranja in prenosa\">Omejitve kopiranja in prenosa<\/a><\/li><li class='ez-toc-page-1 ez-toc-heading-level-2'><a class=\"ez-toc-link ez-toc-heading-10\" href=\"https:\/\/livecasinofinder.com\/sl\/terms-and-conditions\/#Intellectual_Property_Rights\" title=\"Pravice intelektualne lastnine\">Pravice intelektualne lastnine<\/a><\/li><li class='ez-toc-page-1 ez-toc-heading-level-2'><a class=\"ez-toc-link ez-toc-heading-11\" href=\"https:\/\/livecasinofinder.com\/sl\/terms-and-conditions\/#Information_Accuracy_and_Reporting\" title=\"Natan\u010dnost informacij in poro\u010danje\">Natan\u010dnost informacij in poro\u010danje<\/a><\/li><li class='ez-toc-page-1 ez-toc-heading-level-2'><a class=\"ez-toc-link ez-toc-heading-12\" href=\"https:\/\/livecasinofinder.com\/sl\/terms-and-conditions\/#Content_Removal_and_Discretion_of_livecasinofindercom\" title=\"Odstranitev vsebine in diskrecijska pravica livecasinofinder.com\">Odstranitev vsebine in diskrecijska pravica livecasinofinder.com<\/a><\/li><li class='ez-toc-page-1 ez-toc-heading-level-2'><a class=\"ez-toc-link ez-toc-heading-13\" href=\"https:\/\/livecasinofinder.com\/sl\/terms-and-conditions\/#Live_Casino_Finder_Complaints_Service\" title=\"Live Casino Finder Slu\u017eba za prito\u017ebe\">Live Casino Finder Slu\u017eba za prito\u017ebe<\/a><\/li><li class='ez-toc-page-1 ez-toc-heading-level-2'><a class=\"ez-toc-link ez-toc-heading-14\" href=\"https:\/\/livecasinofinder.com\/sl\/terms-and-conditions\/#Terms_and_Conditions_of_LiveCasinoFindercom\" title=\"Pogoji in dolo\u010dila LiveCasinoFinder.com\">Pogoji in dolo\u010dila LiveCasinoFinder.com<\/a><\/li><li class='ez-toc-page-1 ez-toc-heading-level-2'><a class=\"ez-toc-link ez-toc-heading-15\" href=\"https:\/\/livecasinofinder.com\/sl\/terms-and-conditions\/#Conclusion\" title=\"Zaklju\u010dek\">Zaklju\u010dek<\/a><\/li><\/ul><\/nav><\/div>\n\n<h2><span class=\"ez-toc-section\" id=\"Purpose_of_the_Terms_and_Conditions_and_Information\"><\/span>Namen splo\u0161nih pogojev in informacij<span class=\"ez-toc-section-end\"><\/span><\/h2>\n<p>Namen tukaj dolo\u010denih pogojev je predstaviti pravila in predpise, ki dolo\u010dajo odnos med LiveCasinoFinder.com in njegovimi uporabniki. Pomembno je, da uporabniki razumejo svoje pravice, obveznosti in omejitve uporabe storitev, ki jih ponuja LiveCasinoFinder.com.<\/p>\n<h2><span class=\"ez-toc-section\" id=\"Disclaimer_and_Legal_Advice\"><\/span>Izjava o omejitvi odgovornosti in pravni nasveti<span class=\"ez-toc-section-end\"><\/span><\/h2>\n<p>Upo\u0161tevajte, da je vsebina na LiveCasinoFinder.com zgolj informativnega zna\u010daja. Ni\u010desar na tem spletnem mestu ne smete jemati kot pravni nasvet. Uporabniki se morajo o pravnih zadevah, zlasti v zvezi s spletnimi igrami na sre\u010do, posvetovati s pravnim svetovalcem.<\/p>\n<h2><span class=\"ez-toc-section\" id=\"LiveCasinoFindercom_as_an_Independent_Gambling_Directory_and_Information_Service\"><\/span>LiveCasinoFinder.com kot neodvisni imenik iger na sre\u010do in informacijska slu\u017eba<span class=\"ez-toc-section-end\"><\/span><\/h2>\n<p>LiveCasinoFinder.com je neodvisen spletni imenik in informacijska slu\u017eba, ki ponuja preglede in vpogled v live casinos. Ne upravljamo nobenih storitev iger na sre\u010do in nismo povezani z nobenim upravljavcem igralnice.<\/p>\n<h2><span class=\"ez-toc-section\" id=\"Accuracy_of_Information\"><\/span>Natan\u010dnost informacij<span class=\"ez-toc-section-end\"><\/span><\/h2>\n<p>\u010ceprav si LiveCasinoFinder.com zelo prizadeva, da bi zagotovil to\u010dnost in a\u017eurnost posredovanih informacij, ne moremo zagotoviti njihove popolne to\u010dnosti. Uporabnike pozivamo, da so previdni in informacije preverijo sami.<\/p>\n<h2><span class=\"ez-toc-section\" id=\"User_Responsibility_for_Legality_of_Games_and_Wagers\"><\/span>Odgovornost uporabnika za zakonitost iger in stav<span class=\"ez-toc-section-end\"><\/span><\/h2>\n<p>Kot uporabnik spletne strani LiveCasinoFinder.com si sam odgovoren za to, da spo\u0161tuje\u0161 zakone in predpise, ki se nana\u0161ajo na igre na sre\u010do v tvoji jurisdikciji. To vklju\u010duje zakonitost iger in stav, v katerih sodelujete.<\/p>\n<h2><span class=\"ez-toc-section\" id=\"Limitation_of_Liability\"><\/span>Omejitev odgovornosti<span class=\"ez-toc-section-end\"><\/span><\/h2>\n<p>Z uporabo spletne strani LiveCasinoFinder.com se strinjate, da boste spletno stran, njene zaposlene in povezane dru\u017ebe od\u0161kodninsko zavarovali pred kakr\u0161nimi koli zahtevki, \u0161kodo ali drugimi obveznostmi, ki bi lahko nastale zaradi uporabe zagotovljenih informacij ali storitev.<\/p>\n<h2><span class=\"ez-toc-section\" id=\"Modification_of_Information_and_Future_Obligations\"><\/span>Sprememba informacij in prihodnjih obveznosti<span class=\"ez-toc-section-end\"><\/span><\/h2>\n<p>LiveCasinoFinder.com si pridr\u017euje pravico, da spremeni ali odstrani vse posredovane informacije brez predhodnega obvestila. Uporabnikom svetujemo, da redno pregledujejo pogoje in dolo\u010dila za morebitne posodobitve.<\/p>\n<h2><span class=\"ez-toc-section\" id=\"Trademarks_and_Copyrights\"><\/span>Blagovne znamke in avtorske pravice<span class=\"ez-toc-section-end\"><\/span><\/h2>\n<p>Vse vsebine, vklju\u010dno z besedilom, slikami in logotipi na spletni strani LiveCasinoFinder.com, so last spletne strani ali njenih dobaviteljev vsebin in so za\u0161\u010ditene z mednarodnimi zakoni o avtorskih pravicah.<\/p>\n<h2><span class=\"ez-toc-section\" id=\"Copying_and_Transmission_Restrictions\"><\/span>Omejitve kopiranja in prenosa<span class=\"ez-toc-section-end\"><\/span><\/h2>\n<p>Uporabnikom je prepovedano kopiranje, raz\u0161irjanje ali ponovno objavljanje katerega koli dela vsebine na LiveCasinoFinder.com brez izrecnega pisnega dovoljenja lastnikov spletnega mesta.<\/p>\n<h2><span class=\"ez-toc-section\" id=\"Intellectual_Property_Rights\"><\/span>Pravice intelektualne lastnine<span class=\"ez-toc-section-end\"><\/span><\/h2>\n<p>Spletna stran LiveCasinoFinder.com ima pravice intelektualne lastnine nad vsebino, storitvami in blagovnimi znamkami na tej spletni strani. Nepoobla\u0161\u010dena uporaba katere koli od teh lastnosti je strogo prepovedana in je lahko predmet sodnega postopka.<\/p>\n<h2><span class=\"ez-toc-section\" id=\"Information_Accuracy_and_Reporting\"><\/span>Natan\u010dnost informacij in poro\u010danje<span class=\"ez-toc-section-end\"><\/span><\/h2>\n<p>\u010ce na spletni strani LiveCasinoFinder.com najde\u0161 neto\u010dne ali zavajajo\u010de informacije, nam jih sporo\u010di. Prizadevamo si za odli\u010dnost in cenimo sodelovanje na\u0161ih uporabnikov pri ohranjanju celovitosti na\u0161ega spletnega mesta.<\/p>\n<h2><span class=\"ez-toc-section\" id=\"Content_Removal_and_Discretion_of_livecasinofindercom\"><\/span>Odstranitev vsebine in diskrecijska pravica livecasinofinder.com<span class=\"ez-toc-section-end\"><\/span><\/h2>\n<p>Vsebina se lahko odstrani ali spremeni po presoji dru\u017ebe livecasinofinder.com v skladu z na\u0161imi pravili in vsemi veljavnimi zakoni.<\/p>\n<h2><span class=\"ez-toc-section\" id=\"Live_Casino_Finder_Complaints_Service\"><\/span>Live Casino Finder Slu\u017eba za prito\u017ebe<span class=\"ez-toc-section-end\"><\/span><\/h2>\n<p>\u010ce ima\u0161 kakr\u0161ne koli prito\u017ebe ali te\u017eave v zvezi s storitvami, ki jih zagotavlja LiveCasinoFinder.com, nam pi\u0161i prek na\u0161e slu\u017ebe za prito\u017ebe. Cenimo va\u0161e povratne informacije in se bomo po najbolj\u0161ih mo\u010deh odzvali na va\u0161e pomisleke.<\/p>\n<h2><span class=\"ez-toc-section\" id=\"Terms_and_Conditions_of_LiveCasinoFindercom\"><\/span>Pogoji in dolo\u010dila LiveCasinoFinder.com<span class=\"ez-toc-section-end\"><\/span><\/h2>\n<p>Z uporabo tega spletnega mesta se strinjate s pogoji in dolo\u010dili, opisanimi v tem dokumentu. Nadaljnja uporaba spletnega mesta po morebitnih posodobitvah teh pogojev pomeni, da se s spremembami strinjate.<\/p>\n<h2><span class=\"ez-toc-section\" id=\"Conclusion\"><\/span>Zaklju\u010dek<span class=\"ez-toc-section-end\"><\/span><\/h2>\n<p>Z uporabo spletne strani LiveCasinoFinder.com se strinja\u0161 s pogoji, ki so navedeni v tem dokumentu. Va\u0161a odgovornost je, da ste seznanjeni s temi pogoji in da to spletno mesto in njegove informacije uporabljate odgovorno in v skladu z zakonom.<\/p>","protected":false},"excerpt":{"rendered":"<p>Dobrodo\u0161li na LiveCasinoFinder.com. Uporabo spletne strani LiveCasinoFinder.com urejajo naslednji pogoji. Pred uporabo na\u0161ih storitev morate nujno prebrati in razumeti te pogoje in dolo\u010dila. Namen splo\u0161nih pogojev in informacij Namen splo\u0161nih pogojev in informacij, ki so tu navedeni, je predstaviti pravila in predpise, ki dolo\u010dajo uporabo spletnega mesta, in sicer [...]<\/p>","protected":false},"author":1,"featured_media":0,"parent":0,"menu_order":0,"comment_status":"closed","ping_status":"closed","template":"page-no-sidebar.php","meta":{"_lmt_disableupdate":"no","_lmt_disable":"no","footnotes":""},"class_list":["post-2113","page","type-page","status-publish","hentry"],"yoast_head":"<!-- This site is optimized with the Yoast SEO plugin v26.4 - https:\/\/yoast.com\/wordpress\/plugins\/seo\/ -->\n<title>Terms and Conditions Overview<\/title>\n<meta name=\"description\" content=\"Review the terms and conditions of Live Casino Finder to understand your rights and responsibilities while using our site and services.\" \/>\n<meta name=\"robots\" content=\"index, follow, max-snippet:-1, max-image-preview:large, max-video-preview:-1\" \/>\n<link rel=\"canonical\" href=\"https:\/\/livecasinofinder.com\/wp-json\/wp\/v2\/pages\/2113\/\" \/>\n<meta property=\"og:locale\" content=\"sl_SI\" \/>\n<meta property=\"og:type\" content=\"article\" \/>\n<meta property=\"og:title\" content=\"Terms and Conditions Overview\" \/>\n<meta property=\"og:description\" content=\"Review the terms and conditions of Live Casino Finder to understand your rights and responsibilities while using our site and services.\" \/>\n<meta property=\"og:url\" content=\"https:\/\/livecasinofinder.com\/sl\/terms-and-conditions\/\" \/>\n<meta property=\"og:site_name\" content=\"livecasinofinder.com\" \/>\n<meta property=\"article:modified_time\" content=\"2025-06-03T11:11:51+00:00\" \/>\n<meta property=\"og:image\" content=\"https:\/\/livecasinofinder.com\/wp-content\/uploads\/2023\/03\/lucasoilraceway-logo-1.png\" \/>\n\t<meta property=\"og:image:width\" content=\"427\" \/>\n\t<meta property=\"og:image:height\" content=\"145\" \/>\n\t<meta property=\"og:image:type\" content=\"image\/png\" \/>\n<meta name=\"twitter:card\" content=\"summary_large_image\" \/>\n<meta name=\"twitter:label1\" content=\"Est. reading time\" \/>\n\t<meta name=\"twitter:data1\" content=\"3 minute\" \/>\n<!-- \/ Yoast SEO plugin. -->","yoast_head_json":{"title":"Terms and Conditions Overview","description":"Review the terms and conditions of Live Casino Finder to understand your rights and responsibilities while using our site and services.","robots":{"index":"index","follow":"follow","max-snippet":"max-snippet:-1","max-image-preview":"max-image-preview:large","max-video-preview":"max-video-preview:-1"},"canonical":"https:\/\/livecasinofinder.com\/wp-json\/wp\/v2\/pages\/2113\/","og_locale":"sl_SI","og_type":"article","og_title":"Terms and Conditions Overview","og_description":"Review the terms and conditions of Live Casino Finder to understand your rights and responsibilities while using our site and services.","og_url":"https:\/\/livecasinofinder.com\/sl\/terms-and-conditions\/","og_site_name":"livecasinofinder.com","article_modified_time":"2025-06-03T11:11:51+00:00","og_image":[{"width":427,"height":145,"url":"https:\/\/livecasinofinder.com\/wp-content\/uploads\/2023\/03\/lucasoilraceway-logo-1.png","type":"image\/png"}],"twitter_card":"summary_large_image","twitter_misc":{"Est. reading time":"3 minute"},"schema":{"@context":"https:\/\/schema.org","@graph":[{"@type":"WebPage","@id":"https:\/\/livecasinofinder.com\/terms-and-conditions\/","url":"https:\/\/livecasinofinder.com\/terms-and-conditions\/","name":"Terms and Conditions Overview","isPartOf":{"@id":"https:\/\/livecasinofinder.com\/ja\/#website"},"datePublished":"2023-06-20T14:28:59+00:00","dateModified":"2025-06-03T11:11:51+00:00","description":"Review the terms and conditions of Live Casino Finder to understand your rights and responsibilities while using our site and services.","breadcrumb":{"@id":"https:\/\/livecasinofinder.com\/terms-and-conditions\/#breadcrumb"},"inLanguage":"sl-SI","potentialAction":[{"@type":"ReadAction","target":["https:\/\/livecasinofinder.com\/terms-and-conditions\/"]}]},{"@type":"BreadcrumbList","@id":"https:\/\/livecasinofinder.com\/terms-and-conditions\/#breadcrumb","itemListElement":[{"@type":"ListItem","position":1,"name":"LiveCasinoFinder.com","item":"https:\/\/livecasinofinder.com\/fr\/"},{"@type":"ListItem","position":2,"name":"Terms and Conditions"}]},{"@type":"WebSite","@id":"https:\/\/livecasinofinder.com\/ja\/#website","url":"https:\/\/livecasinofinder.com\/ja\/","name":"livecasinofinder","description":"","publisher":{"@id":"https:\/\/livecasinofinder.com\/ja\/#organization"},"alternateName":"Lucas oil raceway live casino","potentialAction":[{"@type":"SearchAction","target":{"@type":"EntryPoint","urlTemplate":"https:\/\/livecasinofinder.com\/ja\/?s={search_term_string}"},"query-input":{"@type":"PropertyValueSpecification","valueRequired":true,"valueName":"search_term_string"}}],"inLanguage":"sl-SI"},{"@type":"Organization","@id":"https:\/\/livecasinofinder.com\/ja\/#organization","name":"Iskalnik igralnic v \u017eivo","alternateName":"Lucas oil raceway live casino","url":"https:\/\/livecasinofinder.com\/ja\/","logo":{"@type":"ImageObject","inLanguage":"sl-SI","@id":"https:\/\/livecasinofinder.com\/ja\/#\/schema\/logo\/image\/","url":"https:\/\/livecasinofinder.com\/wp-content\/uploads\/2023\/04\/livecasinofinder-logo.png","contentUrl":"https:\/\/livecasinofinder.com\/wp-content\/uploads\/2023\/04\/livecasinofinder-logo.png","width":1600,"height":453,"caption":"Live Casino Finder"},"image":{"@id":"https:\/\/livecasinofinder.com\/ja\/#\/schema\/logo\/image\/"}}]}},"_links":{"self":[{"href":"https:\/\/livecasinofinder.com\/sl\/wp-json\/wp\/v2\/pages\/2113","targetHints":{"allow":["GET"]}}],"collection":[{"href":"https:\/\/livecasinofinder.com\/sl\/wp-json\/wp\/v2\/pages"}],"about":[{"href":"https:\/\/livecasinofinder.com\/sl\/wp-json\/wp\/v2\/types\/page"}],"author":[{"embeddable":true,"href":"https:\/\/livecasinofinder.com\/sl\/wp-json\/wp\/v2\/users\/1"}],"replies":[{"embeddable":true,"href":"https:\/\/livecasinofinder.com\/sl\/wp-json\/wp\/v2\/comments?post=2113"}],"version-history":[{"count":0,"href":"https:\/\/livecasinofinder.com\/sl\/wp-json\/wp\/v2\/pages\/2113\/revisions"}],"wp:attachment":[{"href":"https:\/\/livecasinofinder.com\/sl\/wp-json\/wp\/v2\/media?parent=2113"}],"curies":[{"name":"wp","href":"https:\/\/api.w.org\/{rel}","templated":true}]}}