{"id":2111,"date":"2023-06-20T14:33:04","date_gmt":"2023-06-20T14:33:04","guid":{"rendered":"https:\/\/livecasinofinder.com\/?page_id=2111"},"modified":"2025-06-03T11:11:12","modified_gmt":"2025-06-03T11:11:12","slug":"responsible-gaming","status":"publish","type":"page","link":"https:\/\/livecasinofinder.com\/sl\/responsible-gaming\/","title":{"rendered":"Odgovorno igranje iger na sre\u010do"},"content":{"rendered":"<p>Dobrodo\u0161li v <a href=\"\/sl\/live-casinos\/\">Igralnica v \u017eivo<\/a> Finder, kjer je odgovorno igranje iger na sre\u010do temelj na\u0161e platforme. Zavezani smo, da zagovarjamo odgovorno igranje iger na sre\u010do ter ustvarjamo varno in prijetno okolje za na\u0161e uporabnike. Z globokim razumevanjem zapletenosti tveganj iger na sre\u010do in potencialnega vpliva na du\u0161evno zdravje si prizadevamo, da bi igralce opolnomo\u010dili za odgovorno igranje iger na sre\u010do.<\/p>\n<div id=\"ez-toc-container\" class=\"ez-toc-v2_0_63 counter-hierarchy ez-toc-counter ez-toc-grey ez-toc-container-direction\">\n<label for=\"ez-toc-cssicon-toggle-item-69ed1a05d13ed\" class=\"ez-toc-cssicon-toggle-label\"><span class=\"ez-toc-cssicon\"><span class=\"eztoc-hide\" style=\"display:none;\">Toggle<\/span><span class=\"ez-toc-icon-toggle-span\"><svg style=\"fill: #999;color:#999\" xmlns=\"http:\/\/www.w3.org\/2000\/svg\" class=\"list-377408\" width=\"20px\" height=\"20px\" viewbox=\"0 0 24 24\" fill=\"none\"><path d=\"M6 6H4v2h2V6zm14 0H8v2h12V6zM4 11h2v2H4v-2zm16 0H8v2h12v-2zM4 16h2v2H4v-2zm16 0H8v2h12v-2z\" fill=\"currentColor\"><\/path><\/svg><svg style=\"fill: #999;color:#999\" class=\"arrow-unsorted-368013\" xmlns=\"http:\/\/www.w3.org\/2000\/svg\" width=\"10px\" height=\"10px\" viewbox=\"0 0 24 24\" version=\"1.2\" baseprofile=\"tiny\"><path d=\"M18.2 9.3l-6.2-6.3-6.2 6.3c-.2.2-.3.4-.3.7s.1.5.3.7c.2.2.4.3.7.3h11c.3 0 .5-.1.7-.3.2-.2.3-.5.3-.7s-.1-.5-.3-.7zM5.8 14.7l6.2 6.3 6.2-6.3c.2-.2.3-.5.3-.7s-.1-.5-.3-.7c-.2-.2-.4-.3-.7-.3h-11c-.3 0-.5.1-.7.3-.2.2-.3.5-.3.7s.1.5.3.7z\"\/><\/svg><\/span><\/span><\/label><input type=\"checkbox\"  id=\"ez-toc-cssicon-toggle-item-69ed1a05d13ed\" checked aria-label=\"Toggle\" \/><nav><ul class='ez-toc-list ez-toc-list-level-1' ><li class='ez-toc-page-1 ez-toc-heading-level-2'><a class=\"ez-toc-link ez-toc-heading-1\" href=\"https:\/\/livecasinofinder.com\/sl\/responsible-gaming\/#The_Imperative_of_Responsible_Gaming\" title=\"Nujnost odgovornega igranja iger na sre\u010do\">Nujnost odgovornega igranja iger na sre\u010do<\/a><\/li><li class='ez-toc-page-1 ez-toc-heading-level-2'><a class=\"ez-toc-link ez-toc-heading-2\" href=\"https:\/\/livecasinofinder.com\/sl\/responsible-gaming\/#The_Intricacies_of_Gambling_Risks\" title=\"Zapletenost tveganj pri igrah na sre\u010do\">Zapletenost tveganj pri igrah na sre\u010do<\/a><\/li><li class='ez-toc-page-1 ez-toc-heading-level-2'><a class=\"ez-toc-link ez-toc-heading-3\" href=\"https:\/\/livecasinofinder.com\/sl\/responsible-gaming\/#Recognizing_Gambling_Addiction\" title=\"Prepoznavanje odvisnosti od iger na sre\u010do\">Prepoznavanje odvisnosti od iger na sre\u010do<\/a><\/li><li class='ez-toc-page-1 ez-toc-heading-level-2'><a class=\"ez-toc-link ez-toc-heading-4\" href=\"https:\/\/livecasinofinder.com\/sl\/responsible-gaming\/#Gambling_and_Mental_Health\" title=\"Igre na sre\u010do in du\u0161evno zdravje\">Igre na sre\u010do in du\u0161evno zdravje<\/a><\/li><li class='ez-toc-page-1 ez-toc-heading-level-2'><a class=\"ez-toc-link ez-toc-heading-5\" href=\"https:\/\/livecasinofinder.com\/sl\/responsible-gaming\/#Effective_Strategies_for_Responsible_Gambling\" title=\"U\u010dinkovite strategije za odgovorno igranje iger na sre\u010do\">U\u010dinkovite strategije za odgovorno igranje iger na sre\u010do<\/a><\/li><li class='ez-toc-page-1 ez-toc-heading-level-2'><a class=\"ez-toc-link ez-toc-heading-6\" href=\"https:\/\/livecasinofinder.com\/sl\/responsible-gaming\/#Tools_and_Resources_for_Responsible_Gambling\" title=\"Orodja in viri za odgovorno igranje iger na sre\u010do\">Orodja in viri za odgovorno igranje iger na sre\u010do<\/a><\/li><li class='ez-toc-page-1 ez-toc-heading-level-2'><a class=\"ez-toc-link ez-toc-heading-7\" href=\"https:\/\/livecasinofinder.com\/sl\/responsible-gaming\/#The_Role_of_Online_Gaming_Operators_in_Responsible_Gambling\" title=\"Vloga ponudnikov spletnih iger na sre\u010do pri odgovornem igranju iger na sre\u010do\">Vloga ponudnikov spletnih iger na sre\u010do pri odgovornem igranju iger na sre\u010do<\/a><\/li><li class='ez-toc-page-1 ez-toc-heading-level-2'><a class=\"ez-toc-link ez-toc-heading-8\" href=\"https:\/\/livecasinofinder.com\/sl\/responsible-gaming\/#Preventative_Measures_for_Player_Protection\" title=\"Preventivni ukrepi za za\u0161\u010dito igralcev\">Preventivni ukrepi za za\u0161\u010dito igralcev<\/a><\/li><\/ul><\/nav><\/div>\n\n<h2><span class=\"ez-toc-section\" id=\"The_Imperative_of_Responsible_Gaming\"><\/span>Nujnost odgovornega igranja iger na sre\u010do<span class=\"ez-toc-section-end\"><\/span><\/h2>\n<p>V podjetju Live Casino Finder odgovorno igranje ni le koncept, temve\u010d temeljna vrednota, ki je gonilo na\u0161ega delovanja. Verjamemo, da je igranje iger na sre\u010do lahko vznemirljivo, vendar je treba zagotoviti, da bo ostalo dejavnost, ki jo je mogo\u010de u\u017eivati v odgovornih okvirih. Na\u0161 cilj je zagotoviti okolje, v katerem lahko igralci sprejemajo premi\u0161ljene odlo\u010ditve in odgovorno do\u017eivljajo vznemirljivost iger live casino.<\/p>\n<h2><span class=\"ez-toc-section\" id=\"The_Intricacies_of_Gambling_Risks\"><\/span>Zapletenost tveganj pri igrah na sre\u010do<span class=\"ez-toc-section-end\"><\/span><\/h2>\n<p>Zavedamo se, da je pomembno, da uporabnike seznanimo s posebnostmi tveganj pri igrah na sre\u010do. Razumevanje teh tveganj, vklju\u010dno z mo\u017enostjo finan\u010dne izgube, je klju\u010dnega pomena za sprejemanje informiranih odlo\u010ditev. Z zavedanjem teh zapletov lahko igralci odgovorno sodelujejo pri igrah live casino in ohranijo nadzor nad svojimi stavnimi dejavnostmi.<\/p>\n<h2><span class=\"ez-toc-section\" id=\"Recognizing_Gambling_Addiction\"><\/span>Prepoznavanje odvisnosti od iger na sre\u010do<span class=\"ez-toc-section-end\"><\/span><\/h2>\n<p>V podjetju Live Casino Finder smo se posvetili prepoznavanju in obravnavanju zasvojenosti z igrami na sre\u010do. Zavedamo se, da lahko igre na sre\u010do za nekatere posameznike postanejo resen problem, ki vpliva na njihovo osebno in finan\u010dno blaginjo. Na\u0161e uporabnike spodbujamo, da se zavedajo sami sebe in da takoj poi\u0161\u010dejo pomo\u010d, \u010de sumijo, da se spopadajo z zasvojenostjo z igrami na sre\u010do.<\/p>\n<h2><span class=\"ez-toc-section\" id=\"Gambling_and_Mental_Health\"><\/span>Igre na sre\u010do in du\u0161evno zdravje<span class=\"ez-toc-section-end\"><\/span><\/h2>\n<p>Zavedamo se pomembne povezave med igrami na sre\u010do in du\u0161evnim zdravjem. Zato si prizadevamo spodbujati pozitivno in zdravo miselnost na\u0161ih uporabnikov. Na\u0161 cilj je ustvariti okolje, v katerem lahko igralci odgovorno u\u017eivajo v igrah live casino, ne da bi pri tem ogrozili svoje du\u0161evno po\u010dutje.<\/p>\n<h2><span class=\"ez-toc-section\" id=\"Effective_Strategies_for_Responsible_Gambling\"><\/span>U\u010dinkovite strategije za odgovorno igranje iger na sre\u010do<span class=\"ez-toc-section-end\"><\/span><\/h2>\n<p>Za spodbujanje odgovornega igranja na sre\u010do se zavzemamo za izvajanje u\u010dinkovitih strategij, ki igralcem omogo\u010dajo, da ohranijo nadzor nad svojimi stavnimi dejavnostmi. Tukaj je nekaj klju\u010dnih praks, ki jih spodbujamo:<\/p>\n<p>Upo\u0161tevanje dolo\u010denega prora\u010duna: Dolo\u010dite prora\u010dun za igre live casino in se ga dr\u017eite. Stavite le na znesek, ki vam ustreza, in zagotovite, da ne bo vplival na va\u0161o finan\u010dno stabilnost.<\/p>\n<p>Redne prekinitve igranja iger na sre\u010do: Da bi zagotovili, da igranje iger na sre\u010do ostane zabavna dejavnost in da ne porablja preve\u010d \u010dasa ali energije, si privo\u0161\u010dite odmore med live casino igranjem iger na sre\u010do.<\/p>\n<p>Uprite se \u017eelji po preganjanju izgub: Sprejmite dejstvo, da so izgube del iger na sre\u010do, in se izogibajte preganjanju izgub s pove\u010devanjem stav. Namesto tega stopite korak nazaj in ponovno ocenite svoj pristop.<\/p>\n<p>Iskanje pravo\u010dasne pomo\u010di: \u010ce sumite, da se vi ali nekdo, ki ga poznate, spopada z odvisnostjo od iger na sre\u010do, nemudoma poi\u0161\u010dite pomo\u010d. Zgodnje posredovanje je klju\u010dnega pomena za u\u010dinkovito re\u0161evanje te\u017eave.<\/p>\n<h2><span class=\"ez-toc-section\" id=\"Tools_and_Resources_for_Responsible_Gambling\"><\/span>Orodja in viri za odgovorno igranje iger na sre\u010do<span class=\"ez-toc-section-end\"><\/span><\/h2>\n<p>Zagotavljamo \u0161tevilna orodja in vire za podporo praksam odgovornega igranja iger na sre\u010do:<\/p>\n<p>National in lokalne linije za pomo\u010d: Dostopajte do telefonskih linij za pomo\u010d posameznikom, ki jih je prizadelo problemati\u010dno igranje iger na sre\u010do. Pomo\u010d je oddaljena le en telefonski klic.<\/p>\n<p>Sheme samopreskrbe: Izkoristite mo\u017enosti samoizklju\u010ditve, ki vam omogo\u010dajo, da si vzamete odmor od iger live casino, \u010de menite, da je to potrebno. Te sheme posameznikom omogo\u010dajo, da ponovno prevzamejo nadzor nad svojimi stavnimi dejavnostmi.<\/p>\n<p>Programi zdravljenja iger na sre\u010do: Podpiramo in spodbujamo programe za zdravljenje iger na sre\u010do, ki so namenjeni pomo\u010di tistim, ki jo potrebujejo. Ti programi zagotavljajo strokovno vodenje in podporo posameznikom, ki se spopadajo s te\u017eavami, povezanimi z igrami na sre\u010do.<\/p>\n<h2><span class=\"ez-toc-section\" id=\"The_Role_of_Online_Gaming_Operators_in_Responsible_Gambling\"><\/span>Vloga ponudnikov spletnih iger na sre\u010do pri odgovornem igranju iger na sre\u010do<span class=\"ez-toc-section-end\"><\/span><\/h2>\n<p>Kot ponudnik spletnih iger na sre\u010do se zavedamo svoje odgovornosti pri zagotavljanju varnega in odgovornega okolja za igre na sre\u010do. Tukaj je opisano, kako skrbimo za za\u0161\u010dito igralcev:<\/p>\n<p>Strogi industrijski predpisi in standardi: Upo\u0161tevamo stroge industrijske predpise in standarde za zagotavljanje po\u0161tene igre, varnosti igralcev in odgovornega igranja iger na sre\u010do. Ti ukrepi so uvedeni za za\u0161\u010dito na\u0161ih uporabnikov in ohranjanje celovitosti na\u0161e platforme.<\/p>\n<p>Dru\u017ebena odgovornost podjetij: Dru\u017ebeno odgovornost podjetja jemljemo resno. Aktivno sodelujemo z organizacijami in pobudami, ki spodbujajo odgovorno igranje iger na sre\u010do in podpirajo tiste, ki jih je prizadela odvisnost od iger na sre\u010do.<\/p>\n<h2><span class=\"ez-toc-section\" id=\"Preventative_Measures_for_Player_Protection\"><\/span>Preventivni ukrepi za za\u0161\u010dito igralcev<span class=\"ez-toc-section-end\"><\/span><\/h2>\n<p>Izvajamo preventivne ukrepe za za\u0161\u010dito igralcev, vklju\u010dno z zanesljivimi postopki preverjanja starosti, varnimi transakcijami in strogimi protokoli za za\u0161\u010dito podatkov. Ti ukrepi so namenjeni ustvarjanju varnega in odgovornega stavnega okolja za vse.<\/p>\n<p>V Live Casino Finderju verjamemo, da je odgovorno igranje klju\u010d do nepozabnih live casino izku\u0161enj. Pridru\u017eite se nam \u0161e danes in se podajte na razburljivo in odgovorno igralni\u0161ko potovanje.<\/p>","protected":false},"excerpt":{"rendered":"<p>Dobrodo\u0161li v Live Casino Finderju, kjer je odgovorno igranje prednostna naloga na\u0161e platforme. Zavezani smo k zagovarjanju odgovornega igranja na sre\u010do ter ustvarjanju varnega in prijetnega okolja za na\u0161e uporabnike. Z globokim razumevanjem zapletenosti tveganj iger na sre\u010do in potencialnega vpliva na du\u0161evno zdravje si prizadevamo, da bi omogo\u010dili [...]<\/p>","protected":false},"author":1,"featured_media":0,"parent":0,"menu_order":0,"comment_status":"closed","ping_status":"closed","template":"page-no-sidebar.php","meta":{"_lmt_disableupdate":"no","_lmt_disable":"no","footnotes":""},"class_list":["post-2111","page","type-page","status-publish","hentry"],"yoast_head":"<!-- This site is optimized with the Yoast SEO plugin v26.4 - https:\/\/yoast.com\/wordpress\/plugins\/seo\/ -->\n<title>Responsible Gaming Guidelines<\/title>\n<meta name=\"description\" content=\"Learn about responsible gaming practices with Live Casino Finder to help you enjoy live casinos safely and make informed decisions while playing.\" \/>\n<meta name=\"robots\" content=\"index, follow, max-snippet:-1, max-image-preview:large, max-video-preview:-1\" \/>\n<link rel=\"canonical\" href=\"https:\/\/livecasinofinder.com\/wp-json\/wp\/v2\/pages\/2111\/\" \/>\n<meta property=\"og:locale\" content=\"sl_SI\" \/>\n<meta property=\"og:type\" content=\"article\" \/>\n<meta property=\"og:title\" content=\"Responsible Gaming Guidelines\" \/>\n<meta property=\"og:description\" content=\"Learn about responsible gaming practices with Live Casino Finder to help you enjoy live casinos safely and make informed decisions while playing.\" \/>\n<meta property=\"og:url\" content=\"https:\/\/livecasinofinder.com\/sl\/responsible-gaming\/\" \/>\n<meta property=\"og:site_name\" content=\"livecasinofinder.com\" \/>\n<meta property=\"article:modified_time\" content=\"2025-06-03T11:11:12+00:00\" \/>\n<meta property=\"og:image\" content=\"https:\/\/livecasinofinder.com\/wp-content\/uploads\/2023\/03\/lucasoilraceway-logo-1.png\" \/>\n\t<meta property=\"og:image:width\" content=\"427\" \/>\n\t<meta property=\"og:image:height\" content=\"145\" \/>\n\t<meta property=\"og:image:type\" content=\"image\/png\" \/>\n<meta name=\"twitter:card\" content=\"summary_large_image\" \/>\n<meta name=\"twitter:label1\" content=\"Est. reading time\" \/>\n\t<meta name=\"twitter:data1\" content=\"4 minute\" \/>\n<!-- \/ Yoast SEO plugin. -->","yoast_head_json":{"title":"Responsible Gaming Guidelines","description":"Learn about responsible gaming practices with Live Casino Finder to help you enjoy live casinos safely and make informed decisions while playing.","robots":{"index":"index","follow":"follow","max-snippet":"max-snippet:-1","max-image-preview":"max-image-preview:large","max-video-preview":"max-video-preview:-1"},"canonical":"https:\/\/livecasinofinder.com\/wp-json\/wp\/v2\/pages\/2111\/","og_locale":"sl_SI","og_type":"article","og_title":"Responsible Gaming Guidelines","og_description":"Learn about responsible gaming practices with Live Casino Finder to help you enjoy live casinos safely and make informed decisions while playing.","og_url":"https:\/\/livecasinofinder.com\/sl\/responsible-gaming\/","og_site_name":"livecasinofinder.com","article_modified_time":"2025-06-03T11:11:12+00:00","og_image":[{"width":427,"height":145,"url":"https:\/\/livecasinofinder.com\/wp-content\/uploads\/2023\/03\/lucasoilraceway-logo-1.png","type":"image\/png"}],"twitter_card":"summary_large_image","twitter_misc":{"Est. reading time":"4 minute"},"schema":{"@context":"https:\/\/schema.org","@graph":[{"@type":"WebPage","@id":"https:\/\/livecasinofinder.com\/responsible-gaming\/","url":"https:\/\/livecasinofinder.com\/responsible-gaming\/","name":"Responsible Gaming Guidelines","isPartOf":{"@id":"https:\/\/livecasinofinder.com\/ja\/#website"},"datePublished":"2023-06-20T14:33:04+00:00","dateModified":"2025-06-03T11:11:12+00:00","description":"Learn about responsible gaming practices with Live Casino Finder to help you enjoy live casinos safely and make informed decisions while playing.","breadcrumb":{"@id":"https:\/\/livecasinofinder.com\/responsible-gaming\/#breadcrumb"},"inLanguage":"sl-SI","potentialAction":[{"@type":"ReadAction","target":["https:\/\/livecasinofinder.com\/responsible-gaming\/"]}]},{"@type":"BreadcrumbList","@id":"https:\/\/livecasinofinder.com\/responsible-gaming\/#breadcrumb","itemListElement":[{"@type":"ListItem","position":1,"name":"LiveCasinoFinder.com","item":"https:\/\/livecasinofinder.com\/fr\/"},{"@type":"ListItem","position":2,"name":"Responsible Gaming"}]},{"@type":"WebSite","@id":"https:\/\/livecasinofinder.com\/ja\/#website","url":"https:\/\/livecasinofinder.com\/ja\/","name":"livecasinofinder","description":"","publisher":{"@id":"https:\/\/livecasinofinder.com\/ja\/#organization"},"alternateName":"Lucas oil raceway live casino","potentialAction":[{"@type":"SearchAction","target":{"@type":"EntryPoint","urlTemplate":"https:\/\/livecasinofinder.com\/ja\/?s={search_term_string}"},"query-input":{"@type":"PropertyValueSpecification","valueRequired":true,"valueName":"search_term_string"}}],"inLanguage":"sl-SI"},{"@type":"Organization","@id":"https:\/\/livecasinofinder.com\/ja\/#organization","name":"Iskalnik igralnic v \u017eivo","alternateName":"Lucas oil raceway live casino","url":"https:\/\/livecasinofinder.com\/ja\/","logo":{"@type":"ImageObject","inLanguage":"sl-SI","@id":"https:\/\/livecasinofinder.com\/ja\/#\/schema\/logo\/image\/","url":"https:\/\/livecasinofinder.com\/wp-content\/uploads\/2023\/04\/livecasinofinder-logo.png","contentUrl":"https:\/\/livecasinofinder.com\/wp-content\/uploads\/2023\/04\/livecasinofinder-logo.png","width":1600,"height":453,"caption":"Live Casino Finder"},"image":{"@id":"https:\/\/livecasinofinder.com\/ja\/#\/schema\/logo\/image\/"}}]}},"_links":{"self":[{"href":"https:\/\/livecasinofinder.com\/sl\/wp-json\/wp\/v2\/pages\/2111","targetHints":{"allow":["GET"]}}],"collection":[{"href":"https:\/\/livecasinofinder.com\/sl\/wp-json\/wp\/v2\/pages"}],"about":[{"href":"https:\/\/livecasinofinder.com\/sl\/wp-json\/wp\/v2\/types\/page"}],"author":[{"embeddable":true,"href":"https:\/\/livecasinofinder.com\/sl\/wp-json\/wp\/v2\/users\/1"}],"replies":[{"embeddable":true,"href":"https:\/\/livecasinofinder.com\/sl\/wp-json\/wp\/v2\/comments?post=2111"}],"version-history":[{"count":0,"href":"https:\/\/livecasinofinder.com\/sl\/wp-json\/wp\/v2\/pages\/2111\/revisions"}],"wp:attachment":[{"href":"https:\/\/livecasinofinder.com\/sl\/wp-json\/wp\/v2\/media?parent=2111"}],"curies":[{"name":"wp","href":"https:\/\/api.w.org\/{rel}","templated":true}]}}