{"id":2109,"date":"2023-06-20T14:37:04","date_gmt":"2023-06-20T14:37:04","guid":{"rendered":"https:\/\/livecasinofinder.com\/?page_id=2109"},"modified":"2023-06-20T14:37:04","modified_gmt":"2023-06-20T14:37:04","slug":"privacy-policy","status":"publish","type":"page","link":"https:\/\/livecasinofinder.com\/sl\/privacy-policy\/","title":{"rendered":"Pravilnik o zasebnosti"},"content":{"rendered":"<p>Na spletni strani <a href=\"\/sl\/\">LiveCasinoFinder.com<\/a>, se zavedamo pomena varovanja va\u0161e zasebnosti in za\u0161\u010dite zaupnosti va\u0161ih osebnih podatkov. Ta pravilnik o zasebnosti opisuje na\u0161o neomajno zavezanost varstvu podatkov ter zagotavlja varno in prijetno izku\u0161njo na na\u0161i platformi.<\/p>\n<div id=\"ez-toc-container\" class=\"ez-toc-v2_0_63 counter-hierarchy ez-toc-counter ez-toc-grey ez-toc-container-direction\">\n<label for=\"ez-toc-cssicon-toggle-item-69e940342219d\" class=\"ez-toc-cssicon-toggle-label\"><span class=\"ez-toc-cssicon\"><span class=\"eztoc-hide\" style=\"display:none;\">Toggle<\/span><span class=\"ez-toc-icon-toggle-span\"><svg style=\"fill: #999;color:#999\" xmlns=\"http:\/\/www.w3.org\/2000\/svg\" class=\"list-377408\" width=\"20px\" height=\"20px\" viewbox=\"0 0 24 24\" fill=\"none\"><path d=\"M6 6H4v2h2V6zm14 0H8v2h12V6zM4 11h2v2H4v-2zm16 0H8v2h12v-2zM4 16h2v2H4v-2zm16 0H8v2h12v-2z\" fill=\"currentColor\"><\/path><\/svg><svg style=\"fill: #999;color:#999\" class=\"arrow-unsorted-368013\" xmlns=\"http:\/\/www.w3.org\/2000\/svg\" width=\"10px\" height=\"10px\" viewbox=\"0 0 24 24\" version=\"1.2\" baseprofile=\"tiny\"><path d=\"M18.2 9.3l-6.2-6.3-6.2 6.3c-.2.2-.3.4-.3.7s.1.5.3.7c.2.2.4.3.7.3h11c.3 0 .5-.1.7-.3.2-.2.3-.5.3-.7s-.1-.5-.3-.7zM5.8 14.7l6.2 6.3 6.2-6.3c.2-.2.3-.5.3-.7s-.1-.5-.3-.7c-.2-.2-.4-.3-.7-.3h-11c-.3 0-.5.1-.7.3-.2.2-.3.5-.3.7s.1.5.3.7z\"\/><\/svg><\/span><\/span><\/label><input type=\"checkbox\"  id=\"ez-toc-cssicon-toggle-item-69e940342219d\" checked aria-label=\"Toggle\" \/><nav><ul class='ez-toc-list ez-toc-list-level-1' ><li class='ez-toc-page-1 ez-toc-heading-level-2'><a class=\"ez-toc-link ez-toc-heading-1\" href=\"https:\/\/livecasinofinder.com\/sl\/privacy-policy\/#Our_Pledge_to_Safeguard_Your_Privacy\" title=\"Na\u0161a obljuba, da bomo varovali va\u0161o zasebnost\">Na\u0161a obljuba, da bomo varovali va\u0161o zasebnost<\/a><\/li><li class='ez-toc-page-1 ez-toc-heading-level-2'><a class=\"ez-toc-link ez-toc-heading-2\" href=\"https:\/\/livecasinofinder.com\/sl\/privacy-policy\/#Data_Collection_Our_Practices\" title=\"Zbiranje podatkov: Na\u0161e prakse\">Zbiranje podatkov: Na\u0161e prakse<\/a><\/li><li class='ez-toc-page-1 ez-toc-heading-level-2'><a class=\"ez-toc-link ez-toc-heading-3\" href=\"https:\/\/livecasinofinder.com\/sl\/privacy-policy\/#The_Use_of_Your_Information\" title=\"Uporaba va\u0161ih podatkov\">Uporaba va\u0161ih podatkov<\/a><\/li><li class='ez-toc-page-1 ez-toc-heading-level-2'><a class=\"ez-toc-link ez-toc-heading-4\" href=\"https:\/\/livecasinofinder.com\/sl\/privacy-policy\/#Information_Disclosure_and_Sharing\" title=\"Razkritje in izmenjava informacij\">Razkritje in izmenjava informacij<\/a><\/li><li class='ez-toc-page-1 ez-toc-heading-level-2'><a class=\"ez-toc-link ez-toc-heading-5\" href=\"https:\/\/livecasinofinder.com\/sl\/privacy-policy\/#Our_Security_Measures\" title=\"Na\u0161i varnostni ukrepi\">Na\u0161i varnostni ukrepi<\/a><\/li><li class='ez-toc-page-1 ez-toc-heading-level-2'><a class=\"ez-toc-link ez-toc-heading-6\" href=\"https:\/\/livecasinofinder.com\/sl\/privacy-policy\/#The_Role_of_Cookies\" title=\"Vloga pi\u0161kotkov\">Vloga pi\u0161kotkov<\/a><\/li><li class='ez-toc-page-1 ez-toc-heading-level-2'><a class=\"ez-toc-link ez-toc-heading-7\" href=\"https:\/\/livecasinofinder.com\/sl\/privacy-policy\/#Third-Party_Links\" title=\"Povezave tretjih oseb\">Povezave tretjih oseb<\/a><\/li><li class='ez-toc-page-1 ez-toc-heading-level-2'><a class=\"ez-toc-link ez-toc-heading-8\" href=\"https:\/\/livecasinofinder.com\/sl\/privacy-policy\/#Policy_on_Childrens_Privacy\" title=\"Pravilnik o zasebnosti otrok\">Pravilnik o zasebnosti otrok<\/a><\/li><li class='ez-toc-page-1 ez-toc-heading-level-2'><a class=\"ez-toc-link ez-toc-heading-9\" href=\"https:\/\/livecasinofinder.com\/sl\/privacy-policy\/#Changes_to_This_Privacy_Policy\" title=\"Spremembe tega pravilnika o zasebnosti\">Spremembe tega pravilnika o zasebnosti<\/a><\/li><li class='ez-toc-page-1 ez-toc-heading-level-2'><a class=\"ez-toc-link ez-toc-heading-10\" href=\"https:\/\/livecasinofinder.com\/sl\/privacy-policy\/#Your_Rights_to_Your_Personal_Information\" title=\"Va\u0161e pravice do osebnih podatkov\">Va\u0161e pravice do osebnih podatkov<\/a><\/li><li class='ez-toc-page-1 ez-toc-heading-level-2'><a class=\"ez-toc-link ez-toc-heading-11\" href=\"https:\/\/livecasinofinder.com\/sl\/privacy-policy\/#Retention_of_Data\" title=\"Hramba podatkov\">Hramba podatkov<\/a><\/li><li class='ez-toc-page-1 ez-toc-heading-level-2'><a class=\"ez-toc-link ez-toc-heading-12\" href=\"https:\/\/livecasinofinder.com\/sl\/privacy-policy\/#International_Data_Transfers\" title=\"Mednarodni prenosi podatkov\">Mednarodni prenosi podatkov<\/a><\/li><\/ul><\/nav><\/div>\n\n<h2><span class=\"ez-toc-section\" id=\"Our_Pledge_to_Safeguard_Your_Privacy\"><\/span>Na\u0161a obljuba, da bomo varovali va\u0161o zasebnost<span class=\"ez-toc-section-end\"><\/span><\/h2>\n<p>Cenimo va\u0161o zasebnost in dajemo prednost za\u0161\u010diti va\u0161ih osebnih podatkov. Izvajamo stroge prakse varovanja zasebnosti in spo\u0161tujemo veljavne zakone o varstvu podatkov, da bi zagotovili, da va\u0161i podatki ostanejo varni in zaupni.<\/p>\n<h2><span class=\"ez-toc-section\" id=\"Data_Collection_Our_Practices\"><\/span>Zbiranje podatkov: Na\u0161e prakse<span class=\"ez-toc-section-end\"><\/span><\/h2>\n<p>Da bi vam zagotovili brezhibno in prilagojeno izku\u0161njo, lahko od vas zbiramo dolo\u010dene podatke. Ti podatki lahko vklju\u010dujejo va\u0161e ime, kontaktne podatke in vedenje pri brskanju po na\u0161i platformi. Prepri\u010dani ste, da zbiramo le potrebne podatke, ki so potrebni za izbolj\u0161anje va\u0161e izku\u0161nje in izbolj\u0161anje na\u0161ih storitev.<\/p>\n<h2><span class=\"ez-toc-section\" id=\"The_Use_of_Your_Information\"><\/span>Uporaba va\u0161ih podatkov<span class=\"ez-toc-section-end\"><\/span><\/h2>\n<p>Informacije, ki jih zberemo od vas, uporabljamo za razli\u010dne namene, med drugim za:<\/p>\n<ol>\n<li>Prilagajanje va\u0161e izku\u0161nje na LiveCasinoFinder.com<\/li>\n<li>u\u010dinkovito obdelavo va\u0161ih zahtevkov in transakcij.<\/li>\n<li>Sporo\u010danje pomembnih posodobitev in promocij<\/li>\n<li>analiziranje podatkov za izbolj\u0161anje na\u0161ih storitev in njihovo prilagajanje va\u0161im \u017eeljam.<\/li>\n<\/ol>\n<h2><span class=\"ez-toc-section\" id=\"Information_Disclosure_and_Sharing\"><\/span>Razkritje in izmenjava informacij<span class=\"ez-toc-section-end\"><\/span><\/h2>\n<p>LiveCasinoFinder.com spo\u0161tuje zaupnost va\u0161ih podatkov. Va\u0161ih osebnih podatkov ne prodajamo, z njimi ne trgujemo in jih ne posredujemo tretjim osebam, razen \u010de je to potrebno za zagotavljanje na\u0161ih storitev ali \u010de to zahteva zakon. Va\u0161e podatke lahko delimo z zaupanja vrednimi partnerji, kot so obdelovalci pla\u010dil, izklju\u010dno za namen zagotavljanja na\u0161ih storitev za vas.<\/p>\n<h2><span class=\"ez-toc-section\" id=\"Our_Security_Measures\"><\/span>Na\u0161i varnostni ukrepi<span class=\"ez-toc-section-end\"><\/span><\/h2>\n<p>Za za\u0161\u010dito va\u0161ih osebnih podatkov pred nepoobla\u0161\u010denim dostopom, razkritjem, spreminjanjem ali uni\u010denjem smo uvedli zanesljive varnostne ukrepe. Na\u0161i napredni varnostni sistemi, protokoli \u0161ifriranja in strog nadzor dostopa zagotavljajo najve\u010djo mo\u017eno za\u0161\u010dito va\u0161ih podatkov. Na\u0161e varnostne ukrepe redno pregledujemo in posodabljamo, da bi stay prehiteli nove gro\u017enje in ohranili varno okolje za na\u0161e uporabnike.<\/p>\n<h2><span class=\"ez-toc-section\" id=\"The_Role_of_Cookies\"><\/span>Vloga pi\u0161kotkov<span class=\"ez-toc-section-end\"><\/span><\/h2>\n<p>LiveCasinoFinder.com uporablja pi\u0161kotke za izbolj\u0161anje va\u0161e izku\u0161nje pri brskanju po na\u0161i platformi. Pi\u0161kotki so majhne besedilne datoteke, ki so shranjene v va\u0161i napravi in nam omogo\u010dajo, da vas prepoznamo in prilagodimo va\u0161o izku\u0161njo glede na va\u0161e \u017eelje. Nastavitve pi\u0161kotkov lahko upravljate v nastavitvah brskalnika. Vendar upo\u0161tevajte, da lahko onemogo\u010danje pi\u0161kotkov omeji nekatere funkcije ali delovanje na\u0161ega spletnega mesta.<\/p>\n<h2><span class=\"ez-toc-section\" id=\"Third-Party_Links\"><\/span>Povezave tretjih oseb<span class=\"ez-toc-section-end\"><\/span><\/h2>\n<p>Na\u0161a platforma lahko vsebuje povezave do spletnih mest ali storitev tretjih oseb. Priporo\u010damo vam, da se zavedate, da imajo ta spletna mesta svoje politike zasebnosti, ki se lahko razlikujejo od na\u0161e. Priporo\u010damo, da si ogledate prakse zasebnosti vseh spletnih mest tretjih oseb, ki jih obi\u0161\u010dete prek na\u0161e platforme, saj nimamo nadzora nad njihovim zbiranjem ali uporabo podatkov.<\/p>\n<h2><span class=\"ez-toc-section\" id=\"Policy_on_Childrens_Privacy\"><\/span>Pravilnik o zasebnosti otrok<span class=\"ez-toc-section-end\"><\/span><\/h2>\n<p>Spletna stran LiveCasinoFinder.com je namenjena posameznikom, ki so stari najmanj 18 let ali so v svoji jurisdikciji zakonito stari za spletne igre na sre\u010do. Zavestno ne zbiramo in ne shranjujemo osebnih podatkov posameznikov, ki so mlaj\u0161i od zakonsko dolo\u010dene starosti. \u010ce izvemo za tak\u0161ne podatke, jih nemudoma izbri\u0161emo iz svojih evidenc.<\/p>\n<h2><span class=\"ez-toc-section\" id=\"Changes_to_This_Privacy_Policy\"><\/span>Spremembe tega pravilnika o zasebnosti<span class=\"ez-toc-section-end\"><\/span><\/h2>\n<p>Pravilnik o zasebnosti lahko ob\u010dasno posodobimo, da bo odra\u017eal spremembe na\u0161ih praks, zakonskih zahtev ali storitev. O vseh spremembah tega pravilnika boste obve\u0161\u010deni z vidnimi obvestili na na\u0161i platformi. Priporo\u010damo vam, da redno pregledujete na\u0161 pravilnik o zasebnosti, da boste stay obve\u0161\u010deni o tem, kako varujemo va\u0161o zasebnost.<\/p>\n<h2><span class=\"ez-toc-section\" id=\"Your_Rights_to_Your_Personal_Information\"><\/span>Va\u0161e pravice do osebnih podatkov<span class=\"ez-toc-section-end\"><\/span><\/h2>\n<p>Kot uporabnik spletne strani LiveCasinoFinder.com ima\u0161 dolo\u010dene pravice glede svojih osebnih podatkov. Te pravice lahko vklju\u010dujejo:<\/p>\n<ol>\n<li>Dostop do osebnih podatkov, ki jih hranimo o vas<\/li>\n<li>mo\u017enost popravljanja ali posodabljanja va\u0161ih podatkov.<\/li>\n<li>Pravica zahtevati izbris va\u0161ih osebnih podatkov v dolo\u010denih okoli\u0161\u010dinah.<\/li>\n<li>Pravica do omejitve ali ugovora obdelavi va\u0161ih podatkov.<\/li>\n<li>pravica do prenosljivosti podatkov, ki vam omogo\u010da, da prejmete kopijo svojih podatkov v strukturirani, splo\u0161no uporabljani in strojno berljivi obliki.<\/li>\n<\/ol>\n<p>\u010ce \u017eelite uveljavljati svoje pravice ali zaprositi za pojasnila v zvezi z vpra\u0161anji, povezanimi z zasebnostjo, se obrnite na na\u0161o posebno ekipo za podporo. Na voljo smo vam za takoj\u0161njo pomo\u010d.<\/p>\n<h2><span class=\"ez-toc-section\" id=\"Retention_of_Data\"><\/span>Hramba podatkov<span class=\"ez-toc-section-end\"><\/span><\/h2>\n<p>Va\u0161e osebne podatke hranimo le toliko \u010dasa, kolikor je potrebno za izpolnjevanje namenov, opisanih v tem pravilniku o zasebnosti, ali kolikor zahteva zakon. Ko va\u0161ih podatkov ne bomo ve\u010d potrebovali, jih bomo varno odstranili v skladu z na\u0161imi postopki hrambe podatkov.<\/p>\n<h2><span class=\"ez-toc-section\" id=\"International_Data_Transfers\"><\/span>Mednarodni prenosi podatkov<span class=\"ez-toc-section-end\"><\/span><\/h2>\n<p>Kot globalna platforma lahko LiveCasinoFinder.com va\u0161e osebne podatke prena\u0161a in obdeluje na razli\u010dnih lokacijah po vsem svetu. Zagotavljamo, da so vzpostavljeni ustrezni za\u0161\u010ditni ukrepi za za\u0161\u010dito va\u0161ih podatkov med mednarodnimi prenosi in skladnost z veljavnimi zakoni o varstvu podatkov.<\/p>\n<p>Na LiveCasinoFinder.com smo se zavezali k zagotavljanju varnega, preglednega in prijetnega igralnega okolja, hkrati pa varujemo va\u0161o zasebnost. Va\u0161e zaupanje in zadovoljstvo sta na\u0161i prednostni nalogi.<\/p>","protected":false},"excerpt":{"rendered":"<p>Na LiveCasinoFinder.com se zavedamo pomena varovanja va\u0161e zasebnosti in za\u0161\u010dite zaupnosti va\u0161ih osebnih podatkov. Ta pravilnik o zasebnosti opisuje na\u0161o neomajno zavezanost k varstvu podatkov in zagotavlja varno in prijetno izku\u0161njo na na\u0161i platformi. Na\u0161a zaveza za varovanje zasebnosti Cenimo va\u0161o zasebnost in dajemo prednost varovanju va\u0161ih osebnih podatkov. [...]<\/p>","protected":false},"author":1,"featured_media":0,"parent":0,"menu_order":0,"comment_status":"closed","ping_status":"closed","template":"page-no-sidebar.php","meta":{"_lmt_disableupdate":"no","_lmt_disable":"no","footnotes":""},"class_list":["post-2109","page","type-page","status-publish","hentry"],"yoast_head":"<!-- This site is optimized with the Yoast SEO plugin v26.4 - https:\/\/yoast.com\/wordpress\/plugins\/seo\/ -->\n<title>Protecting Your Privacy | LiveCasinoFinder.com Privacy Policy<\/title>\n<meta name=\"description\" content=\"At LiveCasinoFinder.com, we prioritize the protection of your data. Our Privacy Policy outlines our commitment to safeguarding your personal information.\" \/>\n<meta name=\"robots\" content=\"index, follow, max-snippet:-1, max-image-preview:large, max-video-preview:-1\" \/>\n<link rel=\"canonical\" href=\"https:\/\/livecasinofinder.com\/wp-json\/wp\/v2\/pages\/2109\/\" \/>\n<meta property=\"og:locale\" content=\"sl_SI\" \/>\n<meta property=\"og:type\" content=\"article\" \/>\n<meta property=\"og:title\" content=\"Protecting Your Privacy | LiveCasinoFinder.com Privacy Policy\" \/>\n<meta property=\"og:description\" content=\"At LiveCasinoFinder.com, we prioritize the protection of your data. Our Privacy Policy outlines our commitment to safeguarding your personal information.\" \/>\n<meta property=\"og:url\" content=\"https:\/\/livecasinofinder.com\/sl\/privacy-policy\/\" \/>\n<meta property=\"og:site_name\" content=\"livecasinofinder.com\" \/>\n<meta property=\"og:image\" content=\"https:\/\/livecasinofinder.com\/wp-content\/uploads\/2023\/03\/lucasoilraceway-logo-1.png\" \/>\n\t<meta property=\"og:image:width\" content=\"427\" \/>\n\t<meta property=\"og:image:height\" content=\"145\" \/>\n\t<meta property=\"og:image:type\" content=\"image\/png\" \/>\n<meta name=\"twitter:card\" content=\"summary_large_image\" \/>\n<meta name=\"twitter:label1\" content=\"Est. reading time\" \/>\n\t<meta name=\"twitter:data1\" content=\"4 minute\" \/>\n<!-- \/ Yoast SEO plugin. -->","yoast_head_json":{"title":"Varovanje va\u0161e zasebnosti | LiveCasinoFinder.com Politika zasebnosti","description":"Pri LiveCasinoFinder.com dajemo prednost za\u0161\u010diti va\u0161ih podatkov. Na\u0161 pravilnik o zasebnosti opisuje na\u0161o zavezanost k varovanju va\u0161ih osebnih podatkov.","robots":{"index":"index","follow":"follow","max-snippet":"max-snippet:-1","max-image-preview":"max-image-preview:large","max-video-preview":"max-video-preview:-1"},"canonical":"https:\/\/livecasinofinder.com\/wp-json\/wp\/v2\/pages\/2109\/","og_locale":"sl_SI","og_type":"article","og_title":"Protecting Your Privacy | LiveCasinoFinder.com Privacy Policy","og_description":"At LiveCasinoFinder.com, we prioritize the protection of your data. Our Privacy Policy outlines our commitment to safeguarding your personal information.","og_url":"https:\/\/livecasinofinder.com\/sl\/privacy-policy\/","og_site_name":"livecasinofinder.com","og_image":[{"width":427,"height":145,"url":"https:\/\/livecasinofinder.com\/wp-content\/uploads\/2023\/03\/lucasoilraceway-logo-1.png","type":"image\/png"}],"twitter_card":"summary_large_image","twitter_misc":{"Est. reading time":"4 minute"},"schema":{"@context":"https:\/\/schema.org","@graph":[{"@type":"WebPage","@id":"https:\/\/livecasinofinder.com\/privacy-policy\/","url":"https:\/\/livecasinofinder.com\/privacy-policy\/","name":"Varovanje va\u0161e zasebnosti | LiveCasinoFinder.com Politika zasebnosti","isPartOf":{"@id":"https:\/\/livecasinofinder.com\/ja\/#website"},"datePublished":"2023-06-20T14:37:04+00:00","description":"Pri LiveCasinoFinder.com dajemo prednost za\u0161\u010diti va\u0161ih podatkov. Na\u0161 pravilnik o zasebnosti opisuje na\u0161o zavezanost k varovanju va\u0161ih osebnih podatkov.","breadcrumb":{"@id":"https:\/\/livecasinofinder.com\/privacy-policy\/#breadcrumb"},"inLanguage":"sl-SI","potentialAction":[{"@type":"ReadAction","target":["https:\/\/livecasinofinder.com\/privacy-policy\/"]}]},{"@type":"BreadcrumbList","@id":"https:\/\/livecasinofinder.com\/privacy-policy\/#breadcrumb","itemListElement":[{"@type":"ListItem","position":1,"name":"LiveCasinoFinder.com","item":"https:\/\/livecasinofinder.com\/fr\/"},{"@type":"ListItem","position":2,"name":"Privacy Policy"}]},{"@type":"WebSite","@id":"https:\/\/livecasinofinder.com\/ja\/#website","url":"https:\/\/livecasinofinder.com\/ja\/","name":"livecasinofinder","description":"","publisher":{"@id":"https:\/\/livecasinofinder.com\/ja\/#organization"},"alternateName":"Lucas oil raceway live casino","potentialAction":[{"@type":"SearchAction","target":{"@type":"EntryPoint","urlTemplate":"https:\/\/livecasinofinder.com\/ja\/?s={search_term_string}"},"query-input":{"@type":"PropertyValueSpecification","valueRequired":true,"valueName":"search_term_string"}}],"inLanguage":"sl-SI"},{"@type":"Organization","@id":"https:\/\/livecasinofinder.com\/ja\/#organization","name":"Iskalnik igralnic v \u017eivo","alternateName":"Lucas oil raceway live casino","url":"https:\/\/livecasinofinder.com\/ja\/","logo":{"@type":"ImageObject","inLanguage":"sl-SI","@id":"https:\/\/livecasinofinder.com\/ja\/#\/schema\/logo\/image\/","url":"https:\/\/livecasinofinder.com\/wp-content\/uploads\/2023\/04\/livecasinofinder-logo.png","contentUrl":"https:\/\/livecasinofinder.com\/wp-content\/uploads\/2023\/04\/livecasinofinder-logo.png","width":1600,"height":453,"caption":"Live Casino Finder"},"image":{"@id":"https:\/\/livecasinofinder.com\/ja\/#\/schema\/logo\/image\/"}}]}},"_links":{"self":[{"href":"https:\/\/livecasinofinder.com\/sl\/wp-json\/wp\/v2\/pages\/2109","targetHints":{"allow":["GET"]}}],"collection":[{"href":"https:\/\/livecasinofinder.com\/sl\/wp-json\/wp\/v2\/pages"}],"about":[{"href":"https:\/\/livecasinofinder.com\/sl\/wp-json\/wp\/v2\/types\/page"}],"author":[{"embeddable":true,"href":"https:\/\/livecasinofinder.com\/sl\/wp-json\/wp\/v2\/users\/1"}],"replies":[{"embeddable":true,"href":"https:\/\/livecasinofinder.com\/sl\/wp-json\/wp\/v2\/comments?post=2109"}],"version-history":[{"count":0,"href":"https:\/\/livecasinofinder.com\/sl\/wp-json\/wp\/v2\/pages\/2109\/revisions"}],"wp:attachment":[{"href":"https:\/\/livecasinofinder.com\/sl\/wp-json\/wp\/v2\/media?parent=2109"}],"curies":[{"name":"wp","href":"https:\/\/api.w.org\/{rel}","templated":true}]}}