{"id":2107,"date":"2023-06-20T14:36:44","date_gmt":"2023-06-20T14:36:44","guid":{"rendered":"https:\/\/livecasinofinder.com\/?page_id=2107"},"modified":"2025-06-03T11:09:24","modified_gmt":"2025-06-03T11:09:24","slug":"disclaimer","status":"publish","type":"page","link":"https:\/\/livecasinofinder.com\/sl\/disclaimer\/","title":{"rendered":"Izjava o omejitvi odgovornosti"},"content":{"rendered":"<p>Spletna stran LiveCasinoFinder.com je klju\u010dni vodnik za vse navdu\u0161ence nad igrami na sre\u010do!\u00a0<em>Ste bili \u017ee kdaj v zagati, kateri live casino izbrati?<\/em>\u00a0Na\u0161e spletno mesto deluje kot svetilnik, ki vas vodi skozi skrivnostni svet spletnih igralnic v \u017eivo. LiveCasinoFinder.com vam pomaga najti <a href=\"\/sl\/live-casinos\/\">najbolj\u0161i live casinos<\/a>, primerjajte funkcije in si privo\u0161\u010dite nekaj sladkih bonusov super.<\/p>\n<div id=\"ez-toc-container\" class=\"ez-toc-v2_0_63 counter-hierarchy ez-toc-counter ez-toc-grey ez-toc-container-direction\">\n<label for=\"ez-toc-cssicon-toggle-item-69d2917537bcc\" class=\"ez-toc-cssicon-toggle-label\"><span class=\"ez-toc-cssicon\"><span class=\"eztoc-hide\" style=\"display:none;\">Toggle<\/span><span class=\"ez-toc-icon-toggle-span\"><svg style=\"fill: #999;color:#999\" xmlns=\"http:\/\/www.w3.org\/2000\/svg\" class=\"list-377408\" width=\"20px\" height=\"20px\" viewbox=\"0 0 24 24\" fill=\"none\"><path d=\"M6 6H4v2h2V6zm14 0H8v2h12V6zM4 11h2v2H4v-2zm16 0H8v2h12v-2zM4 16h2v2H4v-2zm16 0H8v2h12v-2z\" fill=\"currentColor\"><\/path><\/svg><svg style=\"fill: #999;color:#999\" class=\"arrow-unsorted-368013\" xmlns=\"http:\/\/www.w3.org\/2000\/svg\" width=\"10px\" height=\"10px\" viewbox=\"0 0 24 24\" version=\"1.2\" baseprofile=\"tiny\"><path d=\"M18.2 9.3l-6.2-6.3-6.2 6.3c-.2.2-.3.4-.3.7s.1.5.3.7c.2.2.4.3.7.3h11c.3 0 .5-.1.7-.3.2-.2.3-.5.3-.7s-.1-.5-.3-.7zM5.8 14.7l6.2 6.3 6.2-6.3c.2-.2.3-.5.3-.7s-.1-.5-.3-.7c-.2-.2-.4-.3-.7-.3h-11c-.3 0-.5.1-.7.3-.2.2-.3.5-.3.7s.1.5.3.7z\"\/><\/svg><\/span><\/span><\/label><input type=\"checkbox\"  id=\"ez-toc-cssicon-toggle-item-69d2917537bcc\" checked aria-label=\"Toggle\" \/><nav><ul class='ez-toc-list ez-toc-list-level-1' ><li class='ez-toc-page-1 ez-toc-heading-level-2'><a class=\"ez-toc-link ez-toc-heading-1\" href=\"https:\/\/livecasinofinder.com\/sl\/disclaimer\/#Objective_of_LiveCasinoFindercom\" title=\"Cilj LiveCasinoFinder.com\">Cilj LiveCasinoFinder.com<\/a><\/li><li class='ez-toc-page-1 ez-toc-heading-level-2'><a class=\"ez-toc-link ez-toc-heading-2\" href=\"https:\/\/livecasinofinder.com\/sl\/disclaimer\/#Limitations_and_Liability\" title=\"Omejitve in odgovornost\">Omejitve in odgovornost<\/a><ul class='ez-toc-list-level-3' ><li class='ez-toc-heading-level-3'><a class=\"ez-toc-link ez-toc-heading-3\" href=\"https:\/\/livecasinofinder.com\/sl\/disclaimer\/#Validity_of_Information\" title=\"Veljavnost informacij\">Veljavnost informacij<\/a><\/li><li class='ez-toc-page-1 ez-toc-heading-level-3'><a class=\"ez-toc-link ez-toc-heading-4\" href=\"https:\/\/livecasinofinder.com\/sl\/disclaimer\/#User_Responsibilities\" title=\"Odgovornosti uporabnika\">Odgovornosti uporabnika<\/a><ul class='ez-toc-list-level-4' ><li class='ez-toc-heading-level-4'><a class=\"ez-toc-link ez-toc-heading-5\" href=\"https:\/\/livecasinofinder.com\/sl\/disclaimer\/#Age_Restrictions\" title=\"Starostne omejitve\">Starostne omejitve<\/a><\/li><li class='ez-toc-page-1 ez-toc-heading-level-4'><a class=\"ez-toc-link ez-toc-heading-6\" href=\"https:\/\/livecasinofinder.com\/sl\/disclaimer\/#Responsible_Gambling\" title=\"Odgovorno igranje na sre\u010do\">Odgovorno igranje na sre\u010do<\/a><\/li><\/ul><\/li><\/ul><\/li><li class='ez-toc-page-1 ez-toc-heading-level-2'><a class=\"ez-toc-link ez-toc-heading-7\" href=\"https:\/\/livecasinofinder.com\/sl\/disclaimer\/#Third-Party_Content_and_Links\" title=\"Vsebina in povezave tretjih oseb\">Vsebina in povezave tretjih oseb<\/a><ul class='ez-toc-list-level-3' ><li class='ez-toc-heading-level-3'><a class=\"ez-toc-link ez-toc-heading-8\" href=\"https:\/\/livecasinofinder.com\/sl\/disclaimer\/#External_Links\" title=\"Zunanje povezave\">Zunanje povezave<\/a><\/li><li class='ez-toc-page-1 ez-toc-heading-level-3'><a class=\"ez-toc-link ez-toc-heading-9\" href=\"https:\/\/livecasinofinder.com\/sl\/disclaimer\/#Affiliations_and_Partnerships\" title=\"Pripadnosti in partnerstva\">Pripadnosti in partnerstva<\/a><\/li><\/ul><\/li><li class='ez-toc-page-1 ez-toc-heading-level-2'><a class=\"ez-toc-link ez-toc-heading-10\" href=\"https:\/\/livecasinofinder.com\/sl\/disclaimer\/#Intellectual_Property\" title=\"Intelektualna lastnina\">Intelektualna lastnina<\/a><ul class='ez-toc-list-level-3' ><li class='ez-toc-heading-level-3'><a class=\"ez-toc-link ez-toc-heading-11\" href=\"https:\/\/livecasinofinder.com\/sl\/disclaimer\/#Copyrights\" title=\"Avtorske pravice\">Avtorske pravice<\/a><\/li><li class='ez-toc-page-1 ez-toc-heading-level-3'><a class=\"ez-toc-link ez-toc-heading-12\" href=\"https:\/\/livecasinofinder.com\/sl\/disclaimer\/#Use_of_Content\" title=\"Uporaba vsebine\">Uporaba vsebine<\/a><\/li><li class='ez-toc-page-1 ez-toc-heading-level-3'><a class=\"ez-toc-link ez-toc-heading-13\" href=\"https:\/\/livecasinofinder.com\/sl\/disclaimer\/#Indemnification\" title=\"Od\u0161kodnina\">Od\u0161kodnina<\/a><\/li><\/ul><\/li><li class='ez-toc-page-1 ez-toc-heading-level-2'><a class=\"ez-toc-link ez-toc-heading-14\" href=\"https:\/\/livecasinofinder.com\/sl\/disclaimer\/#Governing_Law_and_Jurisdiction\" title=\"Veljavno pravo in pristojnost\">Veljavno pravo in pristojnost<\/a><\/li><li class='ez-toc-page-1 ez-toc-heading-level-2'><a class=\"ez-toc-link ez-toc-heading-15\" href=\"https:\/\/livecasinofinder.com\/sl\/disclaimer\/#Updates_to_Disclaimer\" title=\"Posodobitve izjave o omejitvi odgovornosti\">Posodobitve izjave o omejitvi odgovornosti<\/a><\/li><li class='ez-toc-page-1 ez-toc-heading-level-2'><a class=\"ez-toc-link ez-toc-heading-16\" href=\"https:\/\/livecasinofinder.com\/sl\/disclaimer\/#Contact_Information\" title=\"Kontaktni podatki\">Kontaktni podatki<\/a><\/li><li class='ez-toc-page-1 ez-toc-heading-level-2'><a class=\"ez-toc-link ez-toc-heading-17\" href=\"https:\/\/livecasinofinder.com\/sl\/disclaimer\/#Conclusion\" title=\"Zaklju\u010dek\">Zaklju\u010dek<\/a><\/li><\/ul><\/nav><\/div>\n\n<h2><span class=\"ez-toc-section\" id=\"Objective_of_LiveCasinoFindercom\"><\/span>Cilj LiveCasinoFinder.com<span class=\"ez-toc-section-end\"><\/span><\/h2>\n<p>LiveCasinoFinder.com ima en cilj:\u00a0<em>da bo va\u0161e spletno igranje iger na sre\u010do potekalo gladko, kot je ravna barva<\/em>. Zagotavljamo vam zanesljive informacije, strokovne vpoglede in vrhunske strategije. Vendar ne pozabite, da smo Gandalf za va\u0161ega Froda; kon\u010dno nalogo morate opraviti sami.<\/p>\n<h2><span class=\"ez-toc-section\" id=\"Limitations_and_Liability\"><\/span>Omejitve in odgovornost<span class=\"ez-toc-section-end\"><\/span><\/h2>\n<p>Tako kot pri drzni piratski pustolov\u0161\u010dini je va\u0161e potovanje sem na lastno odgovornost. Ne odgovarjamo za morebitne izgube ali \u0161kodo. Na\u0161i zemljevidi zakladov so vodniki, tveganje pa je na va\u0161i strani.<\/p>\n<h3><span class=\"ez-toc-section\" id=\"Validity_of_Information\"><\/span>Veljavnost informacij<span class=\"ez-toc-section-end\"><\/span><\/h3>\n<p>Z du\u0161o in srcem smo se potrudili, da vam zagotovimo najnatan\u010dnej\u0161e in najnovej\u0161e informacije. Vendar se tako kot v pokru v\u010dasih stvari nepredvidljivo spremenijo. Zato ne moremo zagotoviti, da bo vse, kar boste na\u0161li tukaj, vedno sve\u017ee kot marjetica.<\/p>\n<h3><span class=\"ez-toc-section\" id=\"User_Responsibilities\"><\/span>Odgovornosti uporabnika<span class=\"ez-toc-section-end\"><\/span><\/h3>\n<h4><span class=\"ez-toc-section\" id=\"Age_Restrictions\"><\/span>Starostne omejitve<span class=\"ez-toc-section-end\"><\/span><\/h4>\n<p>Ste dovolj stari, da lahko me\u010dete kocke? Preden vstopite v razburljivi svet LiveCasinoFinder.com, se prepri\u010dajte, da ste polnoletni za igranje iger na sre\u010do. \u010ce niste, je \u010das, da se umaknete od tu!<\/p>\n<h4><span class=\"ez-toc-section\" id=\"Responsible_Gambling\"><\/span>Odgovorno igranje na sre\u010do<span class=\"ez-toc-section-end\"><\/span><\/h4>\n<p>Igre na sre\u010do bi morale biti kot pitje dobrega vina - odgovorno po\u010detje. Vedno ne pozabite ohraniti razsodnosti in nikoli ne igrajte ve\u010d, kot si lahko privo\u0161\u010dite izgubiti. Razmi\u0161ljajte o tem kot o prijateljskem igralnem ve\u010deru; pri\u0161li ste zaradi zabave, ne zato, da bi izpraznili svoje \u017eivljenjske prihranke!<\/p>\n<h2><span class=\"ez-toc-section\" id=\"Third-Party_Content_and_Links\"><\/span>Vsebina in povezave tretjih oseb<span class=\"ez-toc-section-end\"><\/span><\/h2>\n<h3><span class=\"ez-toc-section\" id=\"External_Links\"><\/span>Zunanje povezave<span class=\"ez-toc-section-end\"><\/span><\/h3>\n<p><em>Ste si kdaj za\u017eeleli raziskovanja novih podro\u010dij?<\/em>\u00a0Zagotavljamo povezave do spletnih mest tretjih oseb. Vendar bodi previden, mladi raziskovalec. Nismo odgovorni za zmaje ali vsebino, na katero boste tam naleteli.<\/p>\n<h3><span class=\"ez-toc-section\" id=\"Affiliations_and_Partnerships\"><\/span>Pripadnosti in partnerstva<span class=\"ez-toc-section-end\"><\/span><\/h3>\n<p>Ponosni smo, da smo povezani z nekaterimi kralji v panogi. Vendar na\u0161a integriteta ostaja nedotaknjena, na\u0161a mnenja pa nespremenjena. Partnerstva ne vladajo nam, ampak mi njim!<\/p>\n<h2><span class=\"ez-toc-section\" id=\"Intellectual_Property\"><\/span>Intelektualna lastnina<span class=\"ez-toc-section-end\"><\/span><\/h2>\n<h3><span class=\"ez-toc-section\" id=\"Copyrights\"><\/span>Avtorske pravice<span class=\"ez-toc-section-end\"><\/span><\/h3>\n<p>Na\u0161a vsebina je edinstvena kot enoro\u017eec in je za\u0161\u010ditena z o\u010darljivim \u0161\u010ditom zakonov o avtorskih pravicah. Spo\u0161tujte to podro\u010dje in ne kradnite na\u0161e vsebine!<\/p>\n<h3><span class=\"ez-toc-section\" id=\"Use_of_Content\"><\/span>Uporaba vsebine<span class=\"ez-toc-section-end\"><\/span><\/h3>\n<p>Lahko uporabite na\u0161o vsebino, vendar ne pozabite navesti magi\u010dnega vira, LiveCasinoFinder.com.\u00a0<em>Ali ne bi dali priznanja \u010darovniku, ki bi vam izro\u010dil zemljevid zaklada?<\/em><\/p>\n<h3><span class=\"ez-toc-section\" id=\"Indemnification\"><\/span>Od\u0161kodnina<span class=\"ez-toc-section-end\"><\/span><\/h3>\n<p>\u010ce va\u0161a dejanja privedejo do pravnih te\u017eav, je to tako, kot da bi sami hodili po deski; padca ne bomo delili z vami. Od\u0161kodnite nas za vse zahtevke, ki bi nastali zaradi va\u0161e uporabe na\u0161ih zemljevidov zakladov.<\/p>\n<h2><span class=\"ez-toc-section\" id=\"Governing_Law_and_Jurisdiction\"><\/span>Veljavno pravo in pristojnost<span class=\"ez-toc-section-end\"><\/span><\/h2>\n<p>Zakoni, ki urejajo podro\u010dje LiveCasinoFinder.com, so strogi in zavezujo\u010di. Morebitni spori se re\u0161ujejo pod budnim o\u010desom pravnih orlov v skladu z zakoni te de\u017eele.<\/p>\n<h2><span class=\"ez-toc-section\" id=\"Updates_to_Disclaimer\"><\/span>Posodobitve izjave o omejitvi odgovornosti<span class=\"ez-toc-section-end\"><\/span><\/h2>\n<p>To izjavo o omejitvi odgovornosti lahko posodabljamo kot ladja, ki spreminja smer. Bodite pozorni na to stran, da boste stay obve\u0161\u010deni.<\/p>\n<h2><span class=\"ez-toc-section\" id=\"Contact_Information\"><\/span>Kontaktni podatki<span class=\"ez-toc-section-end\"><\/span><\/h2>\n<p>\u010ce \u017eelite vzpostaviti stik z nami, nam po\u0161ljite sporo\u010dilo v steklenici ali nas kontaktirajte prek na\u0161ega spletnega mesta. Povratne informacije cenimo kot pirat zlato!<\/p>\n<h2><span class=\"ez-toc-section\" id=\"Conclusion\"><\/span>Zaklju\u010dek<span class=\"ez-toc-section-end\"><\/span><\/h2>\n<p>Torej, kolegi pustolovci, to zaklju\u010duje uradni zvitek izjave o omejitvi odgovornosti za LiveCasinoFinder.com. Ne pozabite, da z veliko mo\u010djo (ali informacijami, v tem primeru) prihaja tudi velika odgovornost. Pametno uporabljajte zemljevide zakladov in naj bo va\u0161e iskanje polno bogastva!<\/p>","protected":false},"excerpt":{"rendered":"<p>Spletna stran LiveCasinoFinder.com je klju\u010dni vodnik za vse navdu\u0161ence nad igrami na sre\u010do! Ste bili kdaj v zagati, katero live casino naj preizkusite? Na\u0161a spletna stran deluje kot svetilnik, ki vas vodi skozi skrivnostni svet spletnih igralnic v \u017eivo. Spletna stran LiveCasinoFinder.com vam pomaga poiskati najbolj\u0161e igralnice live casino, primerjati funkcije in celo pridobiti nekaj sladkih bonusov super. Cilj [...]<\/p>","protected":false},"author":1,"featured_media":0,"parent":0,"menu_order":0,"comment_status":"closed","ping_status":"closed","template":"page-no-sidebar.php","meta":{"_lmt_disableupdate":"no","_lmt_disable":"no","footnotes":""},"class_list":["post-2107","page","type-page","status-publish","hentry"],"yoast_head":"<!-- This site is optimized with the Yoast SEO plugin v26.4 - https:\/\/yoast.com\/wordpress\/plugins\/seo\/ -->\n<title>Disclaimer and Important Information<\/title>\n<meta name=\"description\" content=\"Read Live Casino Finder\u2019s disclaimer to understand our policies and ensure a clear and transparent experience when using our live casino guides and reviews.\" \/>\n<meta name=\"robots\" content=\"index, follow, max-snippet:-1, max-image-preview:large, max-video-preview:-1\" \/>\n<link rel=\"canonical\" href=\"https:\/\/livecasinofinder.com\/wp-json\/wp\/v2\/pages\/2107\/\" \/>\n<meta property=\"og:locale\" content=\"sl_SI\" \/>\n<meta property=\"og:type\" content=\"article\" \/>\n<meta property=\"og:title\" content=\"Disclaimer and Important Information\" \/>\n<meta property=\"og:description\" content=\"Read Live Casino Finder\u2019s disclaimer to understand our policies and ensure a clear and transparent experience when using our live casino guides and reviews.\" \/>\n<meta property=\"og:url\" content=\"https:\/\/livecasinofinder.com\/sl\/disclaimer\/\" \/>\n<meta property=\"og:site_name\" content=\"livecasinofinder.com\" \/>\n<meta property=\"article:modified_time\" content=\"2025-06-03T11:09:24+00:00\" \/>\n<meta property=\"og:image\" content=\"https:\/\/livecasinofinder.com\/wp-content\/uploads\/2023\/03\/lucasoilraceway-logo-1.png\" \/>\n\t<meta property=\"og:image:width\" content=\"427\" \/>\n\t<meta property=\"og:image:height\" content=\"145\" \/>\n\t<meta property=\"og:image:type\" content=\"image\/png\" \/>\n<meta name=\"twitter:card\" content=\"summary_large_image\" \/>\n<meta name=\"twitter:label1\" content=\"Est. reading time\" \/>\n\t<meta name=\"twitter:data1\" content=\"3 minute\" \/>\n<!-- \/ Yoast SEO plugin. -->","yoast_head_json":{"title":"Disclaimer and Important Information","description":"Read Live Casino Finder\u2019s disclaimer to understand our policies and ensure a clear and transparent experience when using our live casino guides and reviews.","robots":{"index":"index","follow":"follow","max-snippet":"max-snippet:-1","max-image-preview":"max-image-preview:large","max-video-preview":"max-video-preview:-1"},"canonical":"https:\/\/livecasinofinder.com\/wp-json\/wp\/v2\/pages\/2107\/","og_locale":"sl_SI","og_type":"article","og_title":"Disclaimer and Important Information","og_description":"Read Live Casino Finder\u2019s disclaimer to understand our policies and ensure a clear and transparent experience when using our live casino guides and reviews.","og_url":"https:\/\/livecasinofinder.com\/sl\/disclaimer\/","og_site_name":"livecasinofinder.com","article_modified_time":"2025-06-03T11:09:24+00:00","og_image":[{"width":427,"height":145,"url":"https:\/\/livecasinofinder.com\/wp-content\/uploads\/2023\/03\/lucasoilraceway-logo-1.png","type":"image\/png"}],"twitter_card":"summary_large_image","twitter_misc":{"Est. reading time":"3 minute"},"schema":{"@context":"https:\/\/schema.org","@graph":[{"@type":"WebPage","@id":"https:\/\/livecasinofinder.com\/disclaimer\/","url":"https:\/\/livecasinofinder.com\/disclaimer\/","name":"Disclaimer and Important Information","isPartOf":{"@id":"https:\/\/livecasinofinder.com\/ja\/#website"},"datePublished":"2023-06-20T14:36:44+00:00","dateModified":"2025-06-03T11:09:24+00:00","description":"Read Live Casino Finder\u2019s disclaimer to understand our policies and ensure a clear and transparent experience when using our live casino guides and reviews.","breadcrumb":{"@id":"https:\/\/livecasinofinder.com\/disclaimer\/#breadcrumb"},"inLanguage":"sl-SI","potentialAction":[{"@type":"ReadAction","target":["https:\/\/livecasinofinder.com\/disclaimer\/"]}]},{"@type":"BreadcrumbList","@id":"https:\/\/livecasinofinder.com\/disclaimer\/#breadcrumb","itemListElement":[{"@type":"ListItem","position":1,"name":"LiveCasinoFinder.com","item":"https:\/\/livecasinofinder.com\/fr\/"},{"@type":"ListItem","position":2,"name":"Disclaimer"}]},{"@type":"WebSite","@id":"https:\/\/livecasinofinder.com\/ja\/#website","url":"https:\/\/livecasinofinder.com\/ja\/","name":"livecasinofinder","description":"","publisher":{"@id":"https:\/\/livecasinofinder.com\/ja\/#organization"},"alternateName":"Lucas oil raceway live casino","potentialAction":[{"@type":"SearchAction","target":{"@type":"EntryPoint","urlTemplate":"https:\/\/livecasinofinder.com\/ja\/?s={search_term_string}"},"query-input":{"@type":"PropertyValueSpecification","valueRequired":true,"valueName":"search_term_string"}}],"inLanguage":"sl-SI"},{"@type":"Organization","@id":"https:\/\/livecasinofinder.com\/ja\/#organization","name":"Iskalnik igralnic v \u017eivo","alternateName":"Lucas oil raceway live casino","url":"https:\/\/livecasinofinder.com\/ja\/","logo":{"@type":"ImageObject","inLanguage":"sl-SI","@id":"https:\/\/livecasinofinder.com\/ja\/#\/schema\/logo\/image\/","url":"https:\/\/livecasinofinder.com\/wp-content\/uploads\/2023\/04\/livecasinofinder-logo.png","contentUrl":"https:\/\/livecasinofinder.com\/wp-content\/uploads\/2023\/04\/livecasinofinder-logo.png","width":1600,"height":453,"caption":"Live Casino Finder"},"image":{"@id":"https:\/\/livecasinofinder.com\/ja\/#\/schema\/logo\/image\/"}}]}},"_links":{"self":[{"href":"https:\/\/livecasinofinder.com\/sl\/wp-json\/wp\/v2\/pages\/2107","targetHints":{"allow":["GET"]}}],"collection":[{"href":"https:\/\/livecasinofinder.com\/sl\/wp-json\/wp\/v2\/pages"}],"about":[{"href":"https:\/\/livecasinofinder.com\/sl\/wp-json\/wp\/v2\/types\/page"}],"author":[{"embeddable":true,"href":"https:\/\/livecasinofinder.com\/sl\/wp-json\/wp\/v2\/users\/1"}],"replies":[{"embeddable":true,"href":"https:\/\/livecasinofinder.com\/sl\/wp-json\/wp\/v2\/comments?post=2107"}],"version-history":[{"count":0,"href":"https:\/\/livecasinofinder.com\/sl\/wp-json\/wp\/v2\/pages\/2107\/revisions"}],"wp:attachment":[{"href":"https:\/\/livecasinofinder.com\/sl\/wp-json\/wp\/v2\/media?parent=2107"}],"curies":[{"name":"wp","href":"https:\/\/api.w.org\/{rel}","templated":true}]}}