{"id":2105,"date":"2023-06-20T14:36:13","date_gmt":"2023-06-20T14:36:13","guid":{"rendered":"https:\/\/livecasinofinder.com\/?page_id=2105"},"modified":"2025-06-03T11:10:21","modified_gmt":"2025-06-03T11:10:21","slug":"cookie-policy","status":"publish","type":"page","link":"https:\/\/livecasinofinder.com\/sl\/cookie-policy\/","title":{"rendered":"Pravilnik o pi\u0161kotkih"},"content":{"rendered":"<p>Dobrodo\u0161li v <a href=\"\/sl\/\">Iskalnik igralnic v \u017eivo<\/a>, va\u0161a kon\u010dna destinacija za vse stvari, povezane z igrami live casino! Posve\u010damo se temu, da vam zagotovimo poglobljeno in vznemirljivo izku\u0161njo spletnih iger na sre\u010do, kakr\u0161ne \u0161e ni bilo. Ko se podajamo na to vznemirljivo potovanje skupaj sether, vam \u017eelimo predstaviti na\u0161 celovit pravilnik o pi\u0161kotkih. Na\u0161a zavezanost preglednosti, zasebnosti in zagotavljanju izjemne uporabni\u0161ke izku\u0161nje je v ospredju vsega, kar po\u010dnemo.<\/p>\n<div id=\"ez-toc-container\" class=\"ez-toc-v2_0_63 counter-hierarchy ez-toc-counter ez-toc-grey ez-toc-container-direction\">\n<label for=\"ez-toc-cssicon-toggle-item-69e0ac79db8cd\" class=\"ez-toc-cssicon-toggle-label\"><span class=\"ez-toc-cssicon\"><span class=\"eztoc-hide\" style=\"display:none;\">Toggle<\/span><span class=\"ez-toc-icon-toggle-span\"><svg style=\"fill: #999;color:#999\" xmlns=\"http:\/\/www.w3.org\/2000\/svg\" class=\"list-377408\" width=\"20px\" height=\"20px\" viewbox=\"0 0 24 24\" fill=\"none\"><path d=\"M6 6H4v2h2V6zm14 0H8v2h12V6zM4 11h2v2H4v-2zm16 0H8v2h12v-2zM4 16h2v2H4v-2zm16 0H8v2h12v-2z\" fill=\"currentColor\"><\/path><\/svg><svg style=\"fill: #999;color:#999\" class=\"arrow-unsorted-368013\" xmlns=\"http:\/\/www.w3.org\/2000\/svg\" width=\"10px\" height=\"10px\" viewbox=\"0 0 24 24\" version=\"1.2\" baseprofile=\"tiny\"><path d=\"M18.2 9.3l-6.2-6.3-6.2 6.3c-.2.2-.3.4-.3.7s.1.5.3.7c.2.2.4.3.7.3h11c.3 0 .5-.1.7-.3.2-.2.3-.5.3-.7s-.1-.5-.3-.7zM5.8 14.7l6.2 6.3 6.2-6.3c.2-.2.3-.5.3-.7s-.1-.5-.3-.7c-.2-.2-.4-.3-.7-.3h-11c-.3 0-.5.1-.7.3-.2.2-.3.5-.3.7s.1.5.3.7z\"\/><\/svg><\/span><\/span><\/label><input type=\"checkbox\"  id=\"ez-toc-cssicon-toggle-item-69e0ac79db8cd\" checked aria-label=\"Toggle\" \/><nav><ul class='ez-toc-list ez-toc-list-level-1' ><li class='ez-toc-page-1 ez-toc-heading-level-2'><a class=\"ez-toc-link ez-toc-heading-1\" href=\"https:\/\/livecasinofinder.com\/sl\/cookie-policy\/#Live_Casino_Finder_Comprehensive_Cookie_Policy\" title=\"Live Casino Finder Celovita politika pi\u0161kotkov\">Live Casino Finder Celovita politika pi\u0161kotkov<\/a><\/li><li class='ez-toc-page-1 ez-toc-heading-level-2'><a class=\"ez-toc-link ez-toc-heading-2\" href=\"https:\/\/livecasinofinder.com\/sl\/cookie-policy\/#Exploring_the_Concept_of_Cookies\" title=\"Raziskovanje koncepta pi\u0161kotkov\">Raziskovanje koncepta pi\u0161kotkov<\/a><\/li><li class='ez-toc-page-1 ez-toc-heading-level-2'><a class=\"ez-toc-link ez-toc-heading-3\" href=\"https:\/\/livecasinofinder.com\/sl\/cookie-policy\/#Our_Application_of_Cookies\" title=\"Na\u0161a uporaba pi\u0161kotkov\">Na\u0161a uporaba pi\u0161kotkov<\/a><\/li><li class='ez-toc-page-1 ez-toc-heading-level-2'><a class=\"ez-toc-link ez-toc-heading-4\" href=\"https:\/\/livecasinofinder.com\/sl\/cookie-policy\/#Categories_of_Cookies_We_Use\" title=\"Kategorije pi\u0161kotkov, ki jih uporabljamo\">Kategorije pi\u0161kotkov, ki jih uporabljamo<\/a><\/li><li class='ez-toc-page-1 ez-toc-heading-level-2'><a class=\"ez-toc-link ez-toc-heading-5\" href=\"https:\/\/livecasinofinder.com\/sl\/cookie-policy\/#Managing_Your_Cookie_Preferences\" title=\"Upravljanje nastavitev za pi\u0161kotke\">Upravljanje nastavitev za pi\u0161kotke<\/a><\/li><\/ul><\/nav><\/div>\n\n<h2><span class=\"ez-toc-section\" id=\"Live_Casino_Finder_Comprehensive_Cookie_Policy\"><\/span>Live Casino Finder Celovita politika pi\u0161kotkov<span class=\"ez-toc-section-end\"><\/span><\/h2>\n<p>Pri Live Casino Finderju dajemo prednost tvoji zasebnosti, hkrati pa ti ponujamo prilagojeno in brezhibno izku\u0161njo brskanja. Na\u0161 celovit pravilnik o pi\u0161kotkih je zasnovan tako, da vam zagotavlja jasnost in gotovost ter zagotavlja, da bo va\u0161a zasebnost med raziskovanjem o\u010darljivega sveta iger na sre\u010do live casino \u0161e naprej za\u0161\u010ditena.<\/p>\n<h2><span class=\"ez-toc-section\" id=\"Exploring_the_Concept_of_Cookies\"><\/span>Raziskovanje koncepta pi\u0161kotkov<span class=\"ez-toc-section-end\"><\/span><\/h2>\n<p>Pi\u0161kotki so majhne besedilne datoteke, ki se po\u0161ljejo v va\u0161o napravo, ko obi\u0161\u010dete na\u0161e spletno mesto. Ti digitalni \u010dude\u017ei imajo klju\u010dno vlogo pri optimizaciji \u010dasa, ki ga pre\u017eivite pri nas. Pi\u0161kotki nam omogo\u010dajo, da vas prepoznamo in si vas zapomnimo, ter tako omogo\u010dajo brezhibno in prilagojeno potovanje, prilagojeno va\u0161im \u017eeljam. V spletni strani Live Casino Finder izkori\u0161\u010damo mo\u010d pi\u0161kotkov, da je va\u0161a izku\u0161nja prijetnej\u0161a, u\u010dinkovitej\u0161a in interaktivnej\u0161a.<\/p>\n<h2><span class=\"ez-toc-section\" id=\"Our_Application_of_Cookies\"><\/span>Na\u0161a uporaba pi\u0161kotkov<span class=\"ez-toc-section-end\"><\/span><\/h2>\n<p>Uporabljamo pi\u0161kotke, da va\u0161o live casino igralno pustolov\u0161\u010dino popeljemo v nove vi\u0161ave. Ta zmogljiva orodja nam pomagajo pri zagotavljanju prilagojene in na uporabnika osredoto\u010dene izku\u0161nje. Z uporabo pi\u0161kotkov si lahko zapomnimo va\u0161e \u017eelje in tako zagotovimo, da je vsak obisk kot prilagojeno povabilo v svet navdu\u0161enja. Whether pri prilagajanju va\u0161ih priporo\u010dil za igranje, pomnjenju va\u0161ih \u017eelenih nastavitev ali zagotavljanju ekskluzivnih promocij nam pi\u0161kotki omogo\u010dajo, da ustvarimo nepozabno izku\u0161njo samo za vas.<\/p>\n<h2><span class=\"ez-toc-section\" id=\"Categories_of_Cookies_We_Use\"><\/span>Kategorije pi\u0161kotkov, ki jih uporabljamo<span class=\"ez-toc-section-end\"><\/span><\/h2>\n<ol>\n<li>Nujni pi\u0161kotki: Ti pi\u0161kotki so nujni za temeljno delovanje na\u0161ega spletnega mesta. Omogo\u010dajo klju\u010dne funkcije, kot so varna prijava, upravljanje ra\u010duna in nemotene transakcije, ter zagotavljajo, da va\u0161a igralna izku\u0161nja ostane nemotena in neprekinjena.<\/li>\n<li>Pi\u0161kotki za u\u010dinkovitost: Pri Live Casino Finderju si prizadevamo, da bi vam ponudili najbolj\u0161o igralno izku\u0161njo live casino. Pi\u0161kotki za u\u010dinkovitost nam omogo\u010dajo zbiranje informacij o tem, kako se pomikate po na\u0161i spletni strani, kar nam omogo\u010da analizo in optimizacijo delovanja na\u0161e platforme. Z nenehnim izbolj\u0161evanjem na\u0161ih storitev zagotavljamo, da je va\u0161a igralna izku\u0161nja hitra, zanesljiva in izjemna.<\/li>\n<li>Pi\u0161kotki funkcionalnosti: Na\u0161e prizadevanje za personalizacijo se odra\u017ea v uporabi funkcionalnih pi\u0161kotkov. Ti pi\u0161kotki nam omogo\u010dajo, da si zapomnimo va\u0161e \u017eelje in ustvarimo prilagojeno in poglobljeno igralno okolje samo za vas. Pi\u0161kotki funkcionalnosti poskrbijo, da bo va\u0161a live casino igralna pustolov\u0161\u010dina nepozabna, od pomnjenja va\u0161ih jezikovnih nastavitev do ponudbe ustreznih igralnih mo\u017enosti.<\/li>\n<\/ol>\n<h2><span class=\"ez-toc-section\" id=\"Managing_Your_Cookie_Preferences\"><\/span>Upravljanje nastavitev za pi\u0161kotke<span class=\"ez-toc-section-end\"><\/span><\/h2>\n<p>Menimo, da morate imeti nadzor nad svojo zasebnostjo in izku\u0161njo brskanja. Iskalnik igralnic v \u017eivo vam ponuja preproste mo\u017enosti za upravljanje nastavitev pi\u0161kotkov v skladu z va\u0161imi \u017eeljami. Nastavitve lahko prilagodite prek brskalnika in izberete, ali \u017eelite sprejeti ali zavrniti pi\u0161kotke. Vendar upo\u0161tevajte, da lahko onemogo\u010danje pi\u0161kotkov omeji nekatere funkcije in funkcionalnosti na\u0161ega spletnega mesta. Prizadevamo si za popolno ravnovesje med personalizacijo in zasebnostjo ter zagotavljamo, da je va\u0161e potovanje z Live Casino Finder varno, brezhibno in prilagojeno va\u0161im \u017eeljam.<\/p>\n<p>Obse\u017ena politika pi\u0161kotkov podjetja Live Casino Finder ka\u017ee na\u0161o neomajno zavezanost preglednosti, zasebnosti in zagotavljanju izjemne igralne izku\u0161nje live casino. Z mo\u010djo pi\u0161kotkov si prizadevamo ustvariti prilagojeno in poglobljeno potovanje, ki bo prilagojeno va\u0161im \u017eeljam. Pridru\u017eite se nam pri raziskovanju o\u010darljivega sveta iger live casino in se zavedajte, da spo\u0161tujemo va\u0161o zasebnost, da je va\u0161a izku\u0161nja optimizirana in da je va\u0161e zadovoljstvo na\u0161a glavna prednostna naloga. Dobrodo\u0161li v iskalniku igralnic v \u017eivo, kjer vas \u010daka vznemirljivo igranje v \u017eivo!<\/p>","protected":false},"excerpt":{"rendered":"<p>Dobrodo\u0161li v Live Casino Finderju, va\u0161i kon\u010dni destinaciji za vse igre live casino! Posve\u010damo se temu, da vam zagotovimo poglobljeno in vznemirljivo izku\u0161njo spletnih iger na sre\u010do, kakr\u0161ne \u0161e ni bilo. Ko se podajamo na to vznemirljivo potovanje skupaj sether, vam \u017eelimo predstaviti na\u0161o celovito politiko uporabe pi\u0161kotkov. Na\u0161a zavezanost preglednosti, zasebnosti in [...]<\/p>","protected":false},"author":1,"featured_media":0,"parent":0,"menu_order":0,"comment_status":"closed","ping_status":"closed","template":"page-no-sidebar.php","meta":{"_lmt_disableupdate":"no","_lmt_disable":"no","footnotes":""},"class_list":["post-2105","page","type-page","status-publish","hentry"],"yoast_head":"<!-- This site is optimized with the Yoast SEO plugin v26.4 - https:\/\/yoast.com\/wordpress\/plugins\/seo\/ -->\n<title>Cookie Policy and Data Use<\/title>\n<meta name=\"description\" content=\"Understand how Live Casino Finder uses cookies to improve your experience and provide relevant content while protecting your privacy and data security.\" \/>\n<meta name=\"robots\" content=\"index, follow, max-snippet:-1, max-image-preview:large, max-video-preview:-1\" \/>\n<link rel=\"canonical\" href=\"https:\/\/livecasinofinder.com\/wp-json\/wp\/v2\/pages\/2105\/\" \/>\n<meta property=\"og:locale\" content=\"sl_SI\" \/>\n<meta property=\"og:type\" content=\"article\" \/>\n<meta property=\"og:title\" content=\"Cookie Policy and Data Use\" \/>\n<meta property=\"og:description\" content=\"Understand how Live Casino Finder uses cookies to improve your experience and provide relevant content while protecting your privacy and data security.\" \/>\n<meta property=\"og:url\" content=\"https:\/\/livecasinofinder.com\/sl\/cookie-policy\/\" \/>\n<meta property=\"og:site_name\" content=\"livecasinofinder.com\" \/>\n<meta property=\"article:modified_time\" content=\"2025-06-03T11:10:21+00:00\" \/>\n<meta property=\"og:image\" content=\"https:\/\/livecasinofinder.com\/wp-content\/uploads\/2023\/03\/lucasoilraceway-logo-1.png\" \/>\n\t<meta property=\"og:image:width\" content=\"427\" \/>\n\t<meta property=\"og:image:height\" content=\"145\" \/>\n\t<meta property=\"og:image:type\" content=\"image\/png\" \/>\n<meta name=\"twitter:card\" content=\"summary_large_image\" \/>\n<meta name=\"twitter:label1\" content=\"Est. reading time\" \/>\n\t<meta name=\"twitter:data1\" content=\"3 minute\" \/>\n<!-- \/ Yoast SEO plugin. -->","yoast_head_json":{"title":"Cookie Policy and Data Use","description":"Understand how Live Casino Finder uses cookies to improve your experience and provide relevant content while protecting your privacy and data security.","robots":{"index":"index","follow":"follow","max-snippet":"max-snippet:-1","max-image-preview":"max-image-preview:large","max-video-preview":"max-video-preview:-1"},"canonical":"https:\/\/livecasinofinder.com\/wp-json\/wp\/v2\/pages\/2105\/","og_locale":"sl_SI","og_type":"article","og_title":"Cookie Policy and Data Use","og_description":"Understand how Live Casino Finder uses cookies to improve your experience and provide relevant content while protecting your privacy and data security.","og_url":"https:\/\/livecasinofinder.com\/sl\/cookie-policy\/","og_site_name":"livecasinofinder.com","article_modified_time":"2025-06-03T11:10:21+00:00","og_image":[{"width":427,"height":145,"url":"https:\/\/livecasinofinder.com\/wp-content\/uploads\/2023\/03\/lucasoilraceway-logo-1.png","type":"image\/png"}],"twitter_card":"summary_large_image","twitter_misc":{"Est. reading time":"3 minute"},"schema":{"@context":"https:\/\/schema.org","@graph":[{"@type":"WebPage","@id":"https:\/\/livecasinofinder.com\/cookie-policy\/","url":"https:\/\/livecasinofinder.com\/cookie-policy\/","name":"Cookie Policy and Data Use","isPartOf":{"@id":"https:\/\/livecasinofinder.com\/ja\/#website"},"datePublished":"2023-06-20T14:36:13+00:00","dateModified":"2025-06-03T11:10:21+00:00","description":"Understand how Live Casino Finder uses cookies to improve your experience and provide relevant content while protecting your privacy and data security.","breadcrumb":{"@id":"https:\/\/livecasinofinder.com\/cookie-policy\/#breadcrumb"},"inLanguage":"sl-SI","potentialAction":[{"@type":"ReadAction","target":["https:\/\/livecasinofinder.com\/cookie-policy\/"]}]},{"@type":"BreadcrumbList","@id":"https:\/\/livecasinofinder.com\/cookie-policy\/#breadcrumb","itemListElement":[{"@type":"ListItem","position":1,"name":"LiveCasinoFinder.com","item":"https:\/\/livecasinofinder.com\/fr\/"},{"@type":"ListItem","position":2,"name":"Cookie Policy"}]},{"@type":"WebSite","@id":"https:\/\/livecasinofinder.com\/ja\/#website","url":"https:\/\/livecasinofinder.com\/ja\/","name":"livecasinofinder","description":"","publisher":{"@id":"https:\/\/livecasinofinder.com\/ja\/#organization"},"alternateName":"Lucas oil raceway live casino","potentialAction":[{"@type":"SearchAction","target":{"@type":"EntryPoint","urlTemplate":"https:\/\/livecasinofinder.com\/ja\/?s={search_term_string}"},"query-input":{"@type":"PropertyValueSpecification","valueRequired":true,"valueName":"search_term_string"}}],"inLanguage":"sl-SI"},{"@type":"Organization","@id":"https:\/\/livecasinofinder.com\/ja\/#organization","name":"Iskalnik igralnic v \u017eivo","alternateName":"Lucas oil raceway live casino","url":"https:\/\/livecasinofinder.com\/ja\/","logo":{"@type":"ImageObject","inLanguage":"sl-SI","@id":"https:\/\/livecasinofinder.com\/ja\/#\/schema\/logo\/image\/","url":"https:\/\/livecasinofinder.com\/wp-content\/uploads\/2023\/04\/livecasinofinder-logo.png","contentUrl":"https:\/\/livecasinofinder.com\/wp-content\/uploads\/2023\/04\/livecasinofinder-logo.png","width":1600,"height":453,"caption":"Live Casino Finder"},"image":{"@id":"https:\/\/livecasinofinder.com\/ja\/#\/schema\/logo\/image\/"}}]}},"_links":{"self":[{"href":"https:\/\/livecasinofinder.com\/sl\/wp-json\/wp\/v2\/pages\/2105","targetHints":{"allow":["GET"]}}],"collection":[{"href":"https:\/\/livecasinofinder.com\/sl\/wp-json\/wp\/v2\/pages"}],"about":[{"href":"https:\/\/livecasinofinder.com\/sl\/wp-json\/wp\/v2\/types\/page"}],"author":[{"embeddable":true,"href":"https:\/\/livecasinofinder.com\/sl\/wp-json\/wp\/v2\/users\/1"}],"replies":[{"embeddable":true,"href":"https:\/\/livecasinofinder.com\/sl\/wp-json\/wp\/v2\/comments?post=2105"}],"version-history":[{"count":0,"href":"https:\/\/livecasinofinder.com\/sl\/wp-json\/wp\/v2\/pages\/2105\/revisions"}],"wp:attachment":[{"href":"https:\/\/livecasinofinder.com\/sl\/wp-json\/wp\/v2\/media?parent=2105"}],"curies":[{"name":"wp","href":"https:\/\/api.w.org\/{rel}","templated":true}]}}