{"id":381,"date":"2023-03-15T17:35:24","date_gmt":"2023-03-15T17:35:24","guid":{"rendered":"https:\/\/livecasinofinder.com\/?page_id=381"},"modified":"2025-06-03T11:06:50","modified_gmt":"2025-06-03T11:06:50","slug":"about-us","status":"publish","type":"page","link":"https:\/\/livecasinofinder.com\/ro\/about-us\/","title":{"rendered":"Despre noi"},"content":{"rendered":"<p>Bine a\u021bi venit pe livecasinofinder.com, sursa dvs. de \u00eencredere pentru recenzii impar\u021biale \u0219i informative despre live casino. Misiunea noastr\u0103 principal\u0103 este de a oferi cititorilor no\u0219tri informa\u021bii exacte \u0219i actualizate despre cele mai de \u00eencredere \u0219i de \u00eencredere cazinouri online, concentr\u00e2ndu-ne pe promovarea practicilor de joc responsabile.<\/p>\n<p>La livecasinofinder.com, suntem dedica\u021bi s\u0103 v\u0103 oferim recenzii exacte \u0219i informative despre cele mai bune live casino disponibile online. Misiunea noastr\u0103 principal\u0103 este de a v\u0103 ajuta s\u0103 lua\u021bi decizii informate despre unde s\u0103 juca\u021bi online.<\/p>\n<h2>Echipa noastr\u0103<\/h2>\n<p><a href=\"\/ro\/recommends\/reg\/\" target=\"_blank\" rel=\"noreferrer noopener nofollow\"><img decoding=\"async\" class=\"wp-image-392 alignright\" src=\"https:\/\/livecasinofinder.com\/wp-content\/uploads\/2023\/03\/team.jpg\" alt=\"Echipa de cazinou live.\" width=\"346\" height=\"192\" srcset=\"https:\/\/livecasinofinder.com\/wp-content\/uploads\/2023\/03\/team.jpg 597w, https:\/\/livecasinofinder.com\/wp-content\/uploads\/2023\/03\/team-300x166.jpg 300w, https:\/\/livecasinofinder.com\/wp-content\/uploads\/2023\/03\/team-18x10.jpg 18w, https:\/\/livecasinofinder.com\/wp-content\/uploads\/2023\/03\/team-72x40.jpg 72w, https:\/\/livecasinofinder.com\/wp-content\/uploads\/2023\/03\/team-58x32.jpg 58w, https:\/\/livecasinofinder.com\/wp-content\/uploads\/2023\/03\/team-144x80.jpg 144w, https:\/\/livecasinofinder.com\/wp-content\/uploads\/2023\/03\/team-243x135.jpg 243w\" sizes=\"(max-width: 346px) 100vw, 346px\" \/><\/a><\/p>\n<p>Echipa noastr\u0103 de recenzen\u021bi experimenta\u021bi \u0219i bine informa\u021bi este dedicat\u0103 s\u0103 ofere cititorilor no\u0219tri cele mai bune informa\u021bii posibile. Credem \u00een importan\u021ba cercet\u0103rilor \u0219i analizelor extinse \u0219i ne str\u0103duim s\u0103 oferim recenzii oneste \u0219i impar\u021biale bazate pe constat\u0103rile noastre.<\/p>\n<h2>Avantajele noastre<\/h2>\n<p><a href=\"\/ro\/recommends\/reg\/\" target=\"_blank\" rel=\"noreferrer noopener nofollow\"><img decoding=\"async\" class=\"wp-image-384 alignleft\" src=\"https:\/\/livecasinofinder.com\/wp-content\/uploads\/2023\/03\/advantages.jpg\" alt=\"Avantaje Lucasoilraceway.com.\" width=\"496\" height=\"498\" srcset=\"https:\/\/livecasinofinder.com\/wp-content\/uploads\/2023\/03\/advantages.jpg 463w, https:\/\/livecasinofinder.com\/wp-content\/uploads\/2023\/03\/advantages-300x300.jpg 300w, https:\/\/livecasinofinder.com\/wp-content\/uploads\/2023\/03\/advantages-150x150.jpg 150w, https:\/\/livecasinofinder.com\/wp-content\/uploads\/2023\/03\/advantages-12x12.jpg 12w, https:\/\/livecasinofinder.com\/wp-content\/uploads\/2023\/03\/advantages-40x40.jpg 40w, https:\/\/livecasinofinder.com\/wp-content\/uploads\/2023\/03\/advantages-50x50.jpg 50w, https:\/\/livecasinofinder.com\/wp-content\/uploads\/2023\/03\/advantages-100x100.jpg 100w, https:\/\/livecasinofinder.com\/wp-content\/uploads\/2023\/03\/advantages-120x120.jpg 120w, https:\/\/livecasinofinder.com\/wp-content\/uploads\/2023\/03\/advantages-135x135.jpg 135w, https:\/\/livecasinofinder.com\/wp-content\/uploads\/2023\/03\/advantages-270x270.jpg 270w, https:\/\/livecasinofinder.com\/wp-content\/uploads\/2023\/03\/advantages-32x32.jpg 32w, https:\/\/livecasinofinder.com\/wp-content\/uploads\/2023\/03\/advantages-80x80.jpg 80w, https:\/\/livecasinofinder.com\/wp-content\/uploads\/2023\/03\/advantages-134x135.jpg 134w\" sizes=\"(max-width: 496px) 100vw, 496px\" \/><\/a><\/p>\n<p>Unul dintre avantajele de a alege livecasinofinder.com este angajamentul nostru fa\u021b\u0103 de jocurile de noroc responsabile. Ne m\u00e2ndrim cu promovarea practicilor de joc sigure \u0219i controlate \u0219i ne propunem s\u0103 le oferim cititorilor no\u0219tri informa\u021bii corecte \u0219i actualizate pentru a-i ajuta s\u0103 ia decizii \u00een cuno\u0219tin\u021b\u0103 de cauz\u0103 \u00een ceea ce prive\u0219te jocurile de noroc online.<\/p>\n<p>Un alt avantaj este concentrarea noastr\u0103 pe con\u021binutul informativ. Con\u021binutul nostru este conceput pentru a fi util \u0219i informativ, oferindu-le cititorilor no\u0219tri informa\u021biile de care au nevoie pentru a decide unde s\u0103 parieze online. \u00cen\u021belegem c\u0103 jocurile de noroc online pot fi at\u00e2t incitante, c\u00e2t \u0219i cople\u0219itoare, \u0219i ne str\u0103duim s\u0103 simplific\u0103m procesul oferind recenzii detaliate \u0219i u\u0219or de \u00een\u021beles.<\/p>\n<p>Fiind un site independent, nu suntem afilia\u021bi cu niciunul dintre cazinourile online pe care le analiz\u0103m, ceea ce ne permite s\u0103 oferim recenzii obiective \u0219i nep\u0103rtinitoare, bazate pe cercet\u0103ri \u0219i analize extinse. Ne m\u00e2ndrim cu angajamentul nostru de a promova practici de joc responsabile \u0219i cu accentul pe promovarea unei experien\u021be de joc s\u0103n\u0103toase \u0219i pl\u0103cute.<\/p>\n<p>Monitoriz\u0103m \u00een mod constant pia\u021ba cazinourilor online \u0219i ne actualiz\u0103m recenziile \u00een mod corespunz\u0103tor, astfel \u00eenc\u00e2t cititorii no\u0219tri s\u0103 poat\u0103 fi \u00een avantaj \u0219i s\u0103 ia decizii \u00een cuno\u0219tin\u021b\u0103 de cauz\u0103. Ne angaj\u0103m s\u0103 oferim cele mai bune servicii posibile cititorilor \u0219i partenerilor no\u0219tri \u0219i suntem bucuro\u0219i s\u0103 primim feedback \u0219i sugestii. Dac\u0103 ave\u021bi \u00eentreb\u0103ri sau comentarii, v\u0103 rug\u0103m s\u0103 nu ezita\u021bi s\u0103 ne contacta\u021bi.<\/p>\n<h2>Concluzie<\/h2>\n<p>V\u0103 mul\u021bumim c\u0103 a\u021bi ales livecasinofinder.com ca surs\u0103 de \u00eencredere pentru recenzii despre live casino. Ne-am angajat s\u0103 oferim cele mai bune servicii posibile cititorilor \u0219i partenerilor no\u0219tri \u0219i suntem bucuro\u0219i s\u0103 primim feedback \u0219i sugestii. Dac\u0103 ave\u021bi \u00eentreb\u0103ri sau comentarii, v\u0103 rug\u0103m s\u0103 nu ezita\u021bi s\u0103 ne contacta\u021bi. A\u0219tept\u0103m cu ner\u0103bdare s\u0103 v\u0103 ajut\u0103m s\u0103 lua\u021bi decizii informate \u0219i s\u0103 ave\u021bi o experien\u021b\u0103 de joc online pl\u0103cut\u0103 \u0219i sigur\u0103.<\/p>","protected":false},"excerpt":{"rendered":"<p>Bine a\u021bi venit pe livecasinofinder.com, sursa dvs. de \u00eencredere pentru recenzii impar\u021biale \u0219i informative despre live casino. Misiunea noastr\u0103 principal\u0103 este de a oferi cititorilor no\u0219tri informa\u021bii exacte \u0219i actualizate despre cele mai de \u00eencredere \u0219i de \u00eencredere cazinouri online, concentr\u00e2ndu-ne pe promovarea practicilor de joc responsabile. La livecasinofinder.com, suntem dedica\u021bi s\u0103 v\u0103 oferim recenzii exacte \u0219i informative despre [...]<\/p>","protected":false},"author":1,"featured_media":0,"parent":0,"menu_order":0,"comment_status":"closed","ping_status":"closed","template":"page-full-width.php","meta":{"_lmt_disableupdate":"no","_lmt_disable":"no","footnotes":""},"class_list":["post-381","page","type-page","status-publish","hentry"],"yoast_head":"<!-- This site is optimized with the Yoast SEO plugin v26.4 - https:\/\/yoast.com\/wordpress\/plugins\/seo\/ -->\n<title>About Us - Live Casino Finder Team and Mission<\/title>\n<meta name=\"description\" content=\"Learn how Live Casino Finder helps you choose the best live casinos with trusted reviews and expert guidance for a confident gaming experience.\" \/>\n<meta name=\"robots\" content=\"index, follow, max-snippet:-1, max-image-preview:large, max-video-preview:-1\" \/>\n<link rel=\"canonical\" href=\"https:\/\/livecasinofinder.com\/wp-json\/wp\/v2\/pages\/381\/\" \/>\n<meta property=\"og:locale\" content=\"ro_RO\" \/>\n<meta property=\"og:type\" content=\"article\" \/>\n<meta property=\"og:title\" content=\"About Us - Live Casino Finder Team and Mission\" \/>\n<meta property=\"og:description\" content=\"Learn how Live Casino Finder helps you choose the best live casinos with trusted reviews and expert guidance for a confident gaming experience.\" \/>\n<meta property=\"og:url\" content=\"https:\/\/livecasinofinder.com\/ro\/about-us\/\" \/>\n<meta property=\"og:site_name\" content=\"livecasinofinder.com\" \/>\n<meta property=\"article:modified_time\" content=\"2025-06-03T11:06:50+00:00\" \/>\n<meta property=\"og:image\" content=\"https:\/\/livecasinofinder.com\/wp-content\/uploads\/2023\/03\/team.jpg\" \/>\n\t<meta property=\"og:image:width\" content=\"597\" \/>\n\t<meta property=\"og:image:height\" content=\"331\" \/>\n\t<meta property=\"og:image:type\" content=\"image\/jpeg\" \/>\n<meta name=\"twitter:card\" content=\"summary_large_image\" \/>\n<meta name=\"twitter:label1\" content=\"Timp estimat pentru citire\" \/>\n\t<meta name=\"twitter:data1\" content=\"3 minute\" \/>\n<!-- \/ Yoast SEO plugin. -->","yoast_head_json":{"title":"About Us - Live Casino Finder Team and Mission","description":"Learn how Live Casino Finder helps you choose the best live casinos with trusted reviews and expert guidance for a confident gaming experience.","robots":{"index":"index","follow":"follow","max-snippet":"max-snippet:-1","max-image-preview":"max-image-preview:large","max-video-preview":"max-video-preview:-1"},"canonical":"https:\/\/livecasinofinder.com\/wp-json\/wp\/v2\/pages\/381\/","og_locale":"ro_RO","og_type":"article","og_title":"About Us - Live Casino Finder Team and Mission","og_description":"Learn how Live Casino Finder helps you choose the best live casinos with trusted reviews and expert guidance for a confident gaming experience.","og_url":"https:\/\/livecasinofinder.com\/ro\/about-us\/","og_site_name":"livecasinofinder.com","article_modified_time":"2025-06-03T11:06:50+00:00","og_image":[{"width":597,"height":331,"url":"https:\/\/livecasinofinder.com\/wp-content\/uploads\/2023\/03\/team.jpg","type":"image\/jpeg"}],"twitter_card":"summary_large_image","twitter_misc":{"Timp estimat pentru citire":"3 minute"},"schema":{"@context":"https:\/\/schema.org","@graph":[{"@type":"WebPage","@id":"https:\/\/livecasinofinder.com\/about-us\/","url":"https:\/\/livecasinofinder.com\/about-us\/","name":"About Us - Live Casino Finder Team and Mission","isPartOf":{"@id":"https:\/\/livecasinofinder.com\/ja\/#website"},"primaryImageOfPage":{"@id":"https:\/\/livecasinofinder.com\/about-us\/#primaryimage"},"image":{"@id":"https:\/\/livecasinofinder.com\/about-us\/#primaryimage"},"thumbnailUrl":"https:\/\/livecasinofinder.com\/wp-content\/uploads\/2023\/03\/team.jpg","datePublished":"2023-03-15T17:35:24+00:00","dateModified":"2025-06-03T11:06:50+00:00","description":"Learn how Live Casino Finder helps you choose the best live casinos with trusted reviews and expert guidance for a confident gaming experience.","breadcrumb":{"@id":"https:\/\/livecasinofinder.com\/about-us\/#breadcrumb"},"inLanguage":"ro-RO","potentialAction":[{"@type":"ReadAction","target":["https:\/\/livecasinofinder.com\/about-us\/"]}]},{"@type":"ImageObject","inLanguage":"ro-RO","@id":"https:\/\/livecasinofinder.com\/about-us\/#primaryimage","url":"https:\/\/livecasinofinder.com\/wp-content\/uploads\/2023\/03\/team.jpg","contentUrl":"https:\/\/livecasinofinder.com\/wp-content\/uploads\/2023\/03\/team.jpg"},{"@type":"BreadcrumbList","@id":"https:\/\/livecasinofinder.com\/about-us\/#breadcrumb","itemListElement":[{"@type":"ListItem","position":1,"name":"LiveCasinoFinder.com","item":"https:\/\/livecasinofinder.com\/fr\/"},{"@type":"ListItem","position":2,"name":"About Us"}]},{"@type":"WebSite","@id":"https:\/\/livecasinofinder.com\/ja\/#website","url":"https:\/\/livecasinofinder.com\/ja\/","name":"livecasinofinder","description":"","publisher":{"@id":"https:\/\/livecasinofinder.com\/ja\/#organization"},"alternateName":"Lucas oil raceway live casino","potentialAction":[{"@type":"SearchAction","target":{"@type":"EntryPoint","urlTemplate":"https:\/\/livecasinofinder.com\/ja\/?s={search_term_string}"},"query-input":{"@type":"PropertyValueSpecification","valueRequired":true,"valueName":"search_term_string"}}],"inLanguage":"ro-RO"},{"@type":"Organization","@id":"https:\/\/livecasinofinder.com\/ja\/#organization","name":"G\u0103si\u021bi un cazinou live","alternateName":"Lucas oil raceway live casino","url":"https:\/\/livecasinofinder.com\/ja\/","logo":{"@type":"ImageObject","inLanguage":"ro-RO","@id":"https:\/\/livecasinofinder.com\/ja\/#\/schema\/logo\/image\/","url":"https:\/\/livecasinofinder.com\/wp-content\/uploads\/2023\/04\/livecasinofinder-logo.png","contentUrl":"https:\/\/livecasinofinder.com\/wp-content\/uploads\/2023\/04\/livecasinofinder-logo.png","width":1600,"height":453,"caption":"Live Casino Finder"},"image":{"@id":"https:\/\/livecasinofinder.com\/ja\/#\/schema\/logo\/image\/"}}]}},"_links":{"self":[{"href":"https:\/\/livecasinofinder.com\/ro\/wp-json\/wp\/v2\/pages\/381","targetHints":{"allow":["GET"]}}],"collection":[{"href":"https:\/\/livecasinofinder.com\/ro\/wp-json\/wp\/v2\/pages"}],"about":[{"href":"https:\/\/livecasinofinder.com\/ro\/wp-json\/wp\/v2\/types\/page"}],"author":[{"embeddable":true,"href":"https:\/\/livecasinofinder.com\/ro\/wp-json\/wp\/v2\/users\/1"}],"replies":[{"embeddable":true,"href":"https:\/\/livecasinofinder.com\/ro\/wp-json\/wp\/v2\/comments?post=381"}],"version-history":[{"count":0,"href":"https:\/\/livecasinofinder.com\/ro\/wp-json\/wp\/v2\/pages\/381\/revisions"}],"wp:attachment":[{"href":"https:\/\/livecasinofinder.com\/ro\/wp-json\/wp\/v2\/media?parent=381"}],"curies":[{"name":"wp","href":"https:\/\/api.w.org\/{rel}","templated":true}]}}