{"id":2113,"date":"2023-06-20T14:28:59","date_gmt":"2023-06-20T14:28:59","guid":{"rendered":"https:\/\/livecasinofinder.com\/?page_id=2113"},"modified":"2025-06-03T11:11:51","modified_gmt":"2025-06-03T11:11:51","slug":"terms-and-conditions","status":"publish","type":"page","link":"https:\/\/livecasinofinder.com\/ro\/terms-and-conditions\/","title":{"rendered":"Termeni \u0219i condi\u021bii"},"content":{"rendered":"<p>Bine a\u021bi venit la LiveCasinoFinder.com. Urm\u0103torii Termeni \u0219i Condi\u021bii reglementeaz\u0103 utilizarea site-ului <a href=\"\/ro\/\">Site-ul LiveCasinoFinder.com<\/a>. Este imperativ s\u0103 citi\u021bi \u0219i s\u0103 \u00een\u021belege\u021bi ace\u0219ti Termeni \u0219i condi\u021bii \u00eenainte de a utiliza serviciile noastre.<\/p>\n<div id=\"ez-toc-container\" class=\"ez-toc-v2_0_63 counter-hierarchy ez-toc-counter ez-toc-grey ez-toc-container-direction\">\n<label for=\"ez-toc-cssicon-toggle-item-69d4cfec2695b\" class=\"ez-toc-cssicon-toggle-label\"><span class=\"ez-toc-cssicon\"><span class=\"eztoc-hide\" style=\"display:none;\">Toggle<\/span><span class=\"ez-toc-icon-toggle-span\"><svg style=\"fill: #999;color:#999\" xmlns=\"http:\/\/www.w3.org\/2000\/svg\" class=\"list-377408\" width=\"20px\" height=\"20px\" viewbox=\"0 0 24 24\" fill=\"none\"><path d=\"M6 6H4v2h2V6zm14 0H8v2h12V6zM4 11h2v2H4v-2zm16 0H8v2h12v-2zM4 16h2v2H4v-2zm16 0H8v2h12v-2z\" fill=\"currentColor\"><\/path><\/svg><svg style=\"fill: #999;color:#999\" class=\"arrow-unsorted-368013\" xmlns=\"http:\/\/www.w3.org\/2000\/svg\" width=\"10px\" height=\"10px\" viewbox=\"0 0 24 24\" version=\"1.2\" baseprofile=\"tiny\"><path d=\"M18.2 9.3l-6.2-6.3-6.2 6.3c-.2.2-.3.4-.3.7s.1.5.3.7c.2.2.4.3.7.3h11c.3 0 .5-.1.7-.3.2-.2.3-.5.3-.7s-.1-.5-.3-.7zM5.8 14.7l6.2 6.3 6.2-6.3c.2-.2.3-.5.3-.7s-.1-.5-.3-.7c-.2-.2-.4-.3-.7-.3h-11c-.3 0-.5.1-.7.3-.2.2-.3.5-.3.7s.1.5.3.7z\"\/><\/svg><\/span><\/span><\/label><input type=\"checkbox\"  id=\"ez-toc-cssicon-toggle-item-69d4cfec2695b\" checked aria-label=\"Toggle\" \/><nav><ul class='ez-toc-list ez-toc-list-level-1' ><li class='ez-toc-page-1 ez-toc-heading-level-2'><a class=\"ez-toc-link ez-toc-heading-1\" href=\"https:\/\/livecasinofinder.com\/ro\/terms-and-conditions\/#Purpose_of_the_Terms_and_Conditions_and_Information\" title=\"Scopul termenilor \u0219i condi\u021biilor \u0219i al informa\u021biilor\">Scopul termenilor \u0219i condi\u021biilor \u0219i al informa\u021biilor<\/a><\/li><li class='ez-toc-page-1 ez-toc-heading-level-2'><a class=\"ez-toc-link ez-toc-heading-2\" href=\"https:\/\/livecasinofinder.com\/ro\/terms-and-conditions\/#Disclaimer_and_Legal_Advice\" title=\"Declinarea responsabilit\u0103\u021bii \u0219i consultan\u021b\u0103 juridic\u0103\">Declinarea responsabilit\u0103\u021bii \u0219i consultan\u021b\u0103 juridic\u0103<\/a><\/li><li class='ez-toc-page-1 ez-toc-heading-level-2'><a class=\"ez-toc-link ez-toc-heading-3\" href=\"https:\/\/livecasinofinder.com\/ro\/terms-and-conditions\/#LiveCasinoFindercom_as_an_Independent_Gambling_Directory_and_Information_Service\" title=\"LiveCasinoFinder.com ca director independent de jocuri de noroc \u0219i serviciu de informa\u021bii\">LiveCasinoFinder.com ca director independent de jocuri de noroc \u0219i serviciu de informa\u021bii<\/a><\/li><li class='ez-toc-page-1 ez-toc-heading-level-2'><a class=\"ez-toc-link ez-toc-heading-4\" href=\"https:\/\/livecasinofinder.com\/ro\/terms-and-conditions\/#Accuracy_of_Information\" title=\"Precizia informa\u021biilor\">Precizia informa\u021biilor<\/a><\/li><li class='ez-toc-page-1 ez-toc-heading-level-2'><a class=\"ez-toc-link ez-toc-heading-5\" href=\"https:\/\/livecasinofinder.com\/ro\/terms-and-conditions\/#User_Responsibility_for_Legality_of_Games_and_Wagers\" title=\"Responsabilitatea utilizatorului pentru legalitatea jocurilor \u0219i a pariurilor\">Responsabilitatea utilizatorului pentru legalitatea jocurilor \u0219i a pariurilor<\/a><\/li><li class='ez-toc-page-1 ez-toc-heading-level-2'><a class=\"ez-toc-link ez-toc-heading-6\" href=\"https:\/\/livecasinofinder.com\/ro\/terms-and-conditions\/#Limitation_of_Liability\" title=\"Limitarea r\u0103spunderii\">Limitarea r\u0103spunderii<\/a><\/li><li class='ez-toc-page-1 ez-toc-heading-level-2'><a class=\"ez-toc-link ez-toc-heading-7\" href=\"https:\/\/livecasinofinder.com\/ro\/terms-and-conditions\/#Modification_of_Information_and_Future_Obligations\" title=\"Modificarea informa\u021biilor \u0219i a obliga\u021biilor viitoare\">Modificarea informa\u021biilor \u0219i a obliga\u021biilor viitoare<\/a><\/li><li class='ez-toc-page-1 ez-toc-heading-level-2'><a class=\"ez-toc-link ez-toc-heading-8\" href=\"https:\/\/livecasinofinder.com\/ro\/terms-and-conditions\/#Trademarks_and_Copyrights\" title=\"M\u0103rci comerciale \u0219i drepturi de autor\">M\u0103rci comerciale \u0219i drepturi de autor<\/a><\/li><li class='ez-toc-page-1 ez-toc-heading-level-2'><a class=\"ez-toc-link ez-toc-heading-9\" href=\"https:\/\/livecasinofinder.com\/ro\/terms-and-conditions\/#Copying_and_Transmission_Restrictions\" title=\"Restric\u021bii privind copierea \u0219i transmiterea\">Restric\u021bii privind copierea \u0219i transmiterea<\/a><\/li><li class='ez-toc-page-1 ez-toc-heading-level-2'><a class=\"ez-toc-link ez-toc-heading-10\" href=\"https:\/\/livecasinofinder.com\/ro\/terms-and-conditions\/#Intellectual_Property_Rights\" title=\"Drepturile de proprietate intelectual\u0103\">Drepturile de proprietate intelectual\u0103<\/a><\/li><li class='ez-toc-page-1 ez-toc-heading-level-2'><a class=\"ez-toc-link ez-toc-heading-11\" href=\"https:\/\/livecasinofinder.com\/ro\/terms-and-conditions\/#Information_Accuracy_and_Reporting\" title=\"Precizia informa\u021biilor \u0219i raportarea acestora\">Precizia informa\u021biilor \u0219i raportarea acestora<\/a><\/li><li class='ez-toc-page-1 ez-toc-heading-level-2'><a class=\"ez-toc-link ez-toc-heading-12\" href=\"https:\/\/livecasinofinder.com\/ro\/terms-and-conditions\/#Content_Removal_and_Discretion_of_livecasinofindercom\" title=\"Eliminarea con\u021binutului \u0219i discre\u021bia livecasinofinder.com\">Eliminarea con\u021binutului \u0219i discre\u021bia livecasinofinder.com<\/a><\/li><li class='ez-toc-page-1 ez-toc-heading-level-2'><a class=\"ez-toc-link ez-toc-heading-13\" href=\"https:\/\/livecasinofinder.com\/ro\/terms-and-conditions\/#Live_Casino_Finder_Complaints_Service\" title=\"Serviciul de reclama\u021bii Live Casino Finder\">Serviciul de reclama\u021bii Live Casino Finder<\/a><\/li><li class='ez-toc-page-1 ez-toc-heading-level-2'><a class=\"ez-toc-link ez-toc-heading-14\" href=\"https:\/\/livecasinofinder.com\/ro\/terms-and-conditions\/#Terms_and_Conditions_of_LiveCasinoFindercom\" title=\"Termeni \u0219i condi\u021bii de LiveCasinoFinder.com\">Termeni \u0219i condi\u021bii de LiveCasinoFinder.com<\/a><\/li><li class='ez-toc-page-1 ez-toc-heading-level-2'><a class=\"ez-toc-link ez-toc-heading-15\" href=\"https:\/\/livecasinofinder.com\/ro\/terms-and-conditions\/#Conclusion\" title=\"Concluzie\">Concluzie<\/a><\/li><\/ul><\/nav><\/div>\n\n<h2><span class=\"ez-toc-section\" id=\"Purpose_of_the_Terms_and_Conditions_and_Information\"><\/span>Scopul termenilor \u0219i condi\u021biilor \u0219i al informa\u021biilor<span class=\"ez-toc-section-end\"><\/span><\/h2>\n<p>Termenii \u0219i Condi\u021biile stipulate aici au scopul de a sublinia regulile \u0219i reglement\u0103rile care dicteaz\u0103 rela\u021bia dintre LiveCasinoFinder.com \u0219i utilizatorii s\u0103i. Este esen\u021bial ca utilizatorii s\u0103 \u00een\u021beleag\u0103 drepturile, obliga\u021biile \u0219i limit\u0103rile legate de utilizarea serviciilor oferite de LiveCasinoFinder.com.<\/p>\n<h2><span class=\"ez-toc-section\" id=\"Disclaimer_and_Legal_Advice\"><\/span>Declinarea responsabilit\u0103\u021bii \u0219i consultan\u021b\u0103 juridic\u0103<span class=\"ez-toc-section-end\"><\/span><\/h2>\n<p>V\u0103 rug\u0103m s\u0103 re\u021bine\u021bi c\u0103 con\u021binutul de pe LiveCasinoFinder.com este doar \u00een scop informativ. Nimic de pe acest site nu ar trebui s\u0103 fie luat ca un sfat legal. Utilizatorii ar trebui s\u0103 consulte un consilier juridic pentru chestiuni legale, \u00een special \u00een ceea ce prive\u0219te jocurile de noroc online.<\/p>\n<h2><span class=\"ez-toc-section\" id=\"LiveCasinoFindercom_as_an_Independent_Gambling_Directory_and_Information_Service\"><\/span>LiveCasinoFinder.com ca director independent de jocuri de noroc \u0219i serviciu de informa\u021bii<span class=\"ez-toc-section-end\"><\/span><\/h2>\n<p>LiveCasinoFinder.com este un director online independent \u0219i un serviciu de informa\u021bii care ofer\u0103 recenzii \u0219i informa\u021bii despre live casinos. Noi nu oper\u0103m niciun serviciu de jocuri de noroc \u0219i nu suntem afilia\u021bi cu niciun operator de cazinou.<\/p>\n<h2><span class=\"ez-toc-section\" id=\"Accuracy_of_Information\"><\/span>Precizia informa\u021biilor<span class=\"ez-toc-section-end\"><\/span><\/h2>\n<p>De\u0219i LiveCasinoFinder.com depune eforturi semnificative pentru a se asigura c\u0103 informa\u021biile furnizate sunt corecte \u0219i actualizate, nu putem garanta acurate\u021bea absolut\u0103 a acestora. Utilizatorii sunt \u00eencuraja\u021bi s\u0103 dea dovad\u0103 de discre\u021bie \u0219i s\u0103 verifice informa\u021biile \u00een mod independent.<\/p>\n<h2><span class=\"ez-toc-section\" id=\"User_Responsibility_for_Legality_of_Games_and_Wagers\"><\/span>Responsabilitatea utilizatorului pentru legalitatea jocurilor \u0219i a pariurilor<span class=\"ez-toc-section-end\"><\/span><\/h2>\n<p>\u00cen calitate de utilizator al LiveCasinoFinder.com, sunte\u021bi singurul responsabil pentru a v\u0103 asigura c\u0103 sunte\u021bi \u00een conformitate cu legile \u0219i reglement\u0103rile referitoare la jocurile de noroc din jurisdic\u021bia dumneavoastr\u0103. Acest lucru include legalitatea jocurilor \u0219i a pariurilor la care participa\u021bi.<\/p>\n<h2><span class=\"ez-toc-section\" id=\"Limitation_of_Liability\"><\/span>Limitarea r\u0103spunderii<span class=\"ez-toc-section-end\"><\/span><\/h2>\n<p>Prin utilizarea LiveCasinoFinder.com, sunte\u021bi de acord s\u0103 desp\u0103gubi\u021bi site-ul, angaja\u021bii \u0219i afilia\u021bii s\u0103i \u00eempotriva oric\u0103ror preten\u021bii, daune sau alte responsabilit\u0103\u021bi care pot ap\u0103rea din utilizarea informa\u021biilor sau serviciilor furnizate.<\/p>\n<h2><span class=\"ez-toc-section\" id=\"Modification_of_Information_and_Future_Obligations\"><\/span>Modificarea informa\u021biilor \u0219i a obliga\u021biilor viitoare<span class=\"ez-toc-section-end\"><\/span><\/h2>\n<p>LiveCasinoFinder.com \u00ee\u0219i rezerv\u0103 dreptul de a modifica sau de a elimina orice informa\u021bie furnizat\u0103 f\u0103r\u0103 notificare prealabil\u0103. Utilizatorii sunt sf\u0103tui\u021bi s\u0103 revizuiasc\u0103 periodic Termenii \u0219i Condi\u021biile pentru orice actualizare.<\/p>\n<h2><span class=\"ez-toc-section\" id=\"Trademarks_and_Copyrights\"><\/span>M\u0103rci comerciale \u0219i drepturi de autor<span class=\"ez-toc-section-end\"><\/span><\/h2>\n<p>Tot con\u021binutul, inclusiv textul, imaginile \u0219i logo-urile de pe LiveCasinoFinder.com, este proprietatea site-ului sau a furnizorilor s\u0103i de con\u021binut \u0219i este protejat de legile interna\u021bionale privind drepturile de autor.<\/p>\n<h2><span class=\"ez-toc-section\" id=\"Copying_and_Transmission_Restrictions\"><\/span>Restric\u021bii privind copierea \u0219i transmiterea<span class=\"ez-toc-section-end\"><\/span><\/h2>\n<p>Utilizatorilor le este interzis\u0103 copierea, redistribuirea sau republicarea oric\u0103rei p\u0103r\u021bi a con\u021binutului de pe LiveCasinoFinder.com f\u0103r\u0103 permisiunea scris\u0103 explicit\u0103 a proprietarilor site-ului.<\/p>\n<h2><span class=\"ez-toc-section\" id=\"Intellectual_Property_Rights\"><\/span>Drepturile de proprietate intelectual\u0103<span class=\"ez-toc-section-end\"><\/span><\/h2>\n<p>LiveCasinoFinder.com de\u021bine drepturile de proprietate intelectual\u0103 asupra con\u021binutului, serviciilor \u0219i m\u0103rcilor comerciale de pe acest site. Utilizarea neautorizat\u0103 a oric\u0103reia dintre aceste propriet\u0103\u021bi este strict interzis\u0103 \u0219i poate fi supus\u0103 unor ac\u021biuni legale.<\/p>\n<h2><span class=\"ez-toc-section\" id=\"Information_Accuracy_and_Reporting\"><\/span>Precizia informa\u021biilor \u0219i raportarea acestora<span class=\"ez-toc-section-end\"><\/span><\/h2>\n<p>Dac\u0103 g\u0103si\u021bi informa\u021bii inexacte sau \u00een\u0219el\u0103toare pe LiveCasinoFinder.com, v\u0103 rug\u0103m s\u0103 ni le raporta\u021bi. Ne str\u0103duim s\u0103 atingem excelen\u021ba \u0219i apreciem cooperarea utilizatorilor no\u0219tri \u00een men\u021binerea integrit\u0103\u021bii site-ului nostru.<\/p>\n<h2><span class=\"ez-toc-section\" id=\"Content_Removal_and_Discretion_of_livecasinofindercom\"><\/span>Eliminarea con\u021binutului \u0219i discre\u021bia livecasinofinder.com<span class=\"ez-toc-section-end\"><\/span><\/h2>\n<p>Con\u021binutul poate fi eliminat sau modificat la discre\u021bia livecasinofinder.com, \u00een conformitate cu politicile noastre \u0219i cu orice lege aplicabil\u0103.<\/p>\n<h2><span class=\"ez-toc-section\" id=\"Live_Casino_Finder_Complaints_Service\"><\/span>Serviciul de reclama\u021bii Live Casino Finder<span class=\"ez-toc-section-end\"><\/span><\/h2>\n<p>Dac\u0103 ave\u021bi pl\u00e2ngeri sau probleme cu privire la serviciile furnizate de LiveCasinoFinder.com, v\u0103 rug\u0103m s\u0103 ne contacta\u021bi prin intermediul Serviciului nostru de reclama\u021bii. Apreciem feedback-ul dvs. \u0219i vom aborda preocup\u0103rile dvs. c\u00e2t mai bine posibil.<\/p>\n<h2><span class=\"ez-toc-section\" id=\"Terms_and_Conditions_of_LiveCasinoFindercom\"><\/span>Termeni \u0219i condi\u021bii de LiveCasinoFinder.com<span class=\"ez-toc-section-end\"><\/span><\/h2>\n<p>Prin utilizarea acestui site, sunte\u021bi de acord cu Termenii \u0219i condi\u021biile prezentate \u00een acest document. Utilizarea \u00een continuare a site-ului dup\u0103 orice actualizare a acestor Termeni \u0219i condi\u021bii va \u00eensemna c\u0103 accepta\u021bi modific\u0103rile.<\/p>\n<h2><span class=\"ez-toc-section\" id=\"Conclusion\"><\/span>Concluzie<span class=\"ez-toc-section-end\"><\/span><\/h2>\n<p>Prin utilizarea LiveCasinoFinder.com, sunte\u021bi de acord cu Termenii \u0219i Condi\u021biile stabilite \u00een acest document. Este responsabilitatea dumneavoastr\u0103 s\u0103 r\u0103m\u00e2ne\u021bi informat cu privire la ace\u0219ti Termeni \u0219i Condi\u021bii \u0219i s\u0103 utiliza\u021bi acest site \u0219i informa\u021biile sale \u00een mod responsabil \u0219i \u00een limitele legii.<\/p>","protected":false},"excerpt":{"rendered":"<p>Bine a\u021bi venit la LiveCasinoFinder.com. Urm\u0103torii Termeni \u0219i Condi\u021bii guverneaz\u0103 utilizarea site-ului LiveCasinoFinder.com. Este imperativ s\u0103 citi\u021bi \u0219i s\u0103 \u00een\u021belege\u021bi ace\u0219ti Termeni \u0219i Condi\u021bii \u00eenainte de a utiliza serviciile noastre. Scopul Termenilor \u0219i Condi\u021biilor \u0219i al informa\u021biilor Termenii \u0219i Condi\u021biile stipulate aici au scopul de a sublinia regulile \u0219i reglement\u0103rile care dicteaz\u0103 [...]<\/p>","protected":false},"author":1,"featured_media":0,"parent":0,"menu_order":0,"comment_status":"closed","ping_status":"closed","template":"page-no-sidebar.php","meta":{"_lmt_disableupdate":"no","_lmt_disable":"no","footnotes":""},"class_list":["post-2113","page","type-page","status-publish","hentry"],"yoast_head":"<!-- This site is optimized with the Yoast SEO plugin v26.4 - https:\/\/yoast.com\/wordpress\/plugins\/seo\/ -->\n<title>Terms and Conditions Overview<\/title>\n<meta name=\"description\" content=\"Review the terms and conditions of Live Casino Finder to understand your rights and responsibilities while using our site and services.\" \/>\n<meta name=\"robots\" content=\"index, follow, max-snippet:-1, max-image-preview:large, max-video-preview:-1\" \/>\n<link rel=\"canonical\" href=\"https:\/\/livecasinofinder.com\/wp-json\/wp\/v2\/pages\/2113\/\" \/>\n<meta property=\"og:locale\" content=\"ro_RO\" \/>\n<meta property=\"og:type\" content=\"article\" \/>\n<meta property=\"og:title\" content=\"Terms and Conditions Overview\" \/>\n<meta property=\"og:description\" content=\"Review the terms and conditions of Live Casino Finder to understand your rights and responsibilities while using our site and services.\" \/>\n<meta property=\"og:url\" content=\"https:\/\/livecasinofinder.com\/ro\/terms-and-conditions\/\" \/>\n<meta property=\"og:site_name\" content=\"livecasinofinder.com\" \/>\n<meta property=\"article:modified_time\" content=\"2025-06-03T11:11:51+00:00\" \/>\n<meta property=\"og:image\" content=\"https:\/\/livecasinofinder.com\/wp-content\/uploads\/2023\/03\/lucasoilraceway-logo-1.png\" \/>\n\t<meta property=\"og:image:width\" content=\"427\" \/>\n\t<meta property=\"og:image:height\" content=\"145\" \/>\n\t<meta property=\"og:image:type\" content=\"image\/png\" \/>\n<meta name=\"twitter:card\" content=\"summary_large_image\" \/>\n<meta name=\"twitter:label1\" content=\"Timp estimat pentru citire\" \/>\n\t<meta name=\"twitter:data1\" content=\"3 minute\" \/>\n<!-- \/ Yoast SEO plugin. -->","yoast_head_json":{"title":"Terms and Conditions Overview","description":"Review the terms and conditions of Live Casino Finder to understand your rights and responsibilities while using our site and services.","robots":{"index":"index","follow":"follow","max-snippet":"max-snippet:-1","max-image-preview":"max-image-preview:large","max-video-preview":"max-video-preview:-1"},"canonical":"https:\/\/livecasinofinder.com\/wp-json\/wp\/v2\/pages\/2113\/","og_locale":"ro_RO","og_type":"article","og_title":"Terms and Conditions Overview","og_description":"Review the terms and conditions of Live Casino Finder to understand your rights and responsibilities while using our site and services.","og_url":"https:\/\/livecasinofinder.com\/ro\/terms-and-conditions\/","og_site_name":"livecasinofinder.com","article_modified_time":"2025-06-03T11:11:51+00:00","og_image":[{"width":427,"height":145,"url":"https:\/\/livecasinofinder.com\/wp-content\/uploads\/2023\/03\/lucasoilraceway-logo-1.png","type":"image\/png"}],"twitter_card":"summary_large_image","twitter_misc":{"Timp estimat pentru citire":"3 minute"},"schema":{"@context":"https:\/\/schema.org","@graph":[{"@type":"WebPage","@id":"https:\/\/livecasinofinder.com\/terms-and-conditions\/","url":"https:\/\/livecasinofinder.com\/terms-and-conditions\/","name":"Terms and Conditions Overview","isPartOf":{"@id":"https:\/\/livecasinofinder.com\/ja\/#website"},"datePublished":"2023-06-20T14:28:59+00:00","dateModified":"2025-06-03T11:11:51+00:00","description":"Review the terms and conditions of Live Casino Finder to understand your rights and responsibilities while using our site and services.","breadcrumb":{"@id":"https:\/\/livecasinofinder.com\/terms-and-conditions\/#breadcrumb"},"inLanguage":"ro-RO","potentialAction":[{"@type":"ReadAction","target":["https:\/\/livecasinofinder.com\/terms-and-conditions\/"]}]},{"@type":"BreadcrumbList","@id":"https:\/\/livecasinofinder.com\/terms-and-conditions\/#breadcrumb","itemListElement":[{"@type":"ListItem","position":1,"name":"LiveCasinoFinder.com","item":"https:\/\/livecasinofinder.com\/fr\/"},{"@type":"ListItem","position":2,"name":"Terms and Conditions"}]},{"@type":"WebSite","@id":"https:\/\/livecasinofinder.com\/ja\/#website","url":"https:\/\/livecasinofinder.com\/ja\/","name":"livecasinofinder","description":"","publisher":{"@id":"https:\/\/livecasinofinder.com\/ja\/#organization"},"alternateName":"Lucas oil raceway live casino","potentialAction":[{"@type":"SearchAction","target":{"@type":"EntryPoint","urlTemplate":"https:\/\/livecasinofinder.com\/ja\/?s={search_term_string}"},"query-input":{"@type":"PropertyValueSpecification","valueRequired":true,"valueName":"search_term_string"}}],"inLanguage":"ro-RO"},{"@type":"Organization","@id":"https:\/\/livecasinofinder.com\/ja\/#organization","name":"G\u0103si\u021bi un cazinou live","alternateName":"Lucas oil raceway live casino","url":"https:\/\/livecasinofinder.com\/ja\/","logo":{"@type":"ImageObject","inLanguage":"ro-RO","@id":"https:\/\/livecasinofinder.com\/ja\/#\/schema\/logo\/image\/","url":"https:\/\/livecasinofinder.com\/wp-content\/uploads\/2023\/04\/livecasinofinder-logo.png","contentUrl":"https:\/\/livecasinofinder.com\/wp-content\/uploads\/2023\/04\/livecasinofinder-logo.png","width":1600,"height":453,"caption":"Live Casino Finder"},"image":{"@id":"https:\/\/livecasinofinder.com\/ja\/#\/schema\/logo\/image\/"}}]}},"_links":{"self":[{"href":"https:\/\/livecasinofinder.com\/ro\/wp-json\/wp\/v2\/pages\/2113","targetHints":{"allow":["GET"]}}],"collection":[{"href":"https:\/\/livecasinofinder.com\/ro\/wp-json\/wp\/v2\/pages"}],"about":[{"href":"https:\/\/livecasinofinder.com\/ro\/wp-json\/wp\/v2\/types\/page"}],"author":[{"embeddable":true,"href":"https:\/\/livecasinofinder.com\/ro\/wp-json\/wp\/v2\/users\/1"}],"replies":[{"embeddable":true,"href":"https:\/\/livecasinofinder.com\/ro\/wp-json\/wp\/v2\/comments?post=2113"}],"version-history":[{"count":0,"href":"https:\/\/livecasinofinder.com\/ro\/wp-json\/wp\/v2\/pages\/2113\/revisions"}],"wp:attachment":[{"href":"https:\/\/livecasinofinder.com\/ro\/wp-json\/wp\/v2\/media?parent=2113"}],"curies":[{"name":"wp","href":"https:\/\/api.w.org\/{rel}","templated":true}]}}