{"id":2111,"date":"2023-06-20T14:33:04","date_gmt":"2023-06-20T14:33:04","guid":{"rendered":"https:\/\/livecasinofinder.com\/?page_id=2111"},"modified":"2025-06-03T11:11:12","modified_gmt":"2025-06-03T11:11:12","slug":"responsible-gaming","status":"publish","type":"page","link":"https:\/\/livecasinofinder.com\/ro\/responsible-gaming\/","title":{"rendered":"Jocuri de noroc responsabile"},"content":{"rendered":"<p>Bine a\u021bi venit la <a href=\"\/ro\/live-casinos\/\">Live Casino<\/a> Finder, unde consider\u0103m jocurile responsabile ca fiind piatra de temelie a platformei noastre. Ne-am angajat s\u0103 sus\u021binem practicile de joc responsabil \u0219i s\u0103 cre\u0103m un mediu sigur \u0219i pl\u0103cut pentru utilizatorii no\u0219tri. Cu o \u00een\u021belegere profund\u0103 a complexit\u0103\u021bii riscurilor legate de jocurile de noroc \u0219i a impactului poten\u021bial asupra s\u0103n\u0103t\u0103\u021bii mentale, ne str\u0103duim s\u0103 le oferim juc\u0103torilor posibilitatea de a se angaja \u00een practici de joc responsabile.<\/p>\n<div id=\"ez-toc-container\" class=\"ez-toc-v2_0_63 counter-hierarchy ez-toc-counter ez-toc-grey ez-toc-container-direction\">\n<label for=\"ez-toc-cssicon-toggle-item-69ed29cdac1da\" class=\"ez-toc-cssicon-toggle-label\"><span class=\"ez-toc-cssicon\"><span class=\"eztoc-hide\" style=\"display:none;\">Toggle<\/span><span class=\"ez-toc-icon-toggle-span\"><svg style=\"fill: #999;color:#999\" xmlns=\"http:\/\/www.w3.org\/2000\/svg\" class=\"list-377408\" width=\"20px\" height=\"20px\" viewbox=\"0 0 24 24\" fill=\"none\"><path d=\"M6 6H4v2h2V6zm14 0H8v2h12V6zM4 11h2v2H4v-2zm16 0H8v2h12v-2zM4 16h2v2H4v-2zm16 0H8v2h12v-2z\" fill=\"currentColor\"><\/path><\/svg><svg style=\"fill: #999;color:#999\" class=\"arrow-unsorted-368013\" xmlns=\"http:\/\/www.w3.org\/2000\/svg\" width=\"10px\" height=\"10px\" viewbox=\"0 0 24 24\" version=\"1.2\" baseprofile=\"tiny\"><path d=\"M18.2 9.3l-6.2-6.3-6.2 6.3c-.2.2-.3.4-.3.7s.1.5.3.7c.2.2.4.3.7.3h11c.3 0 .5-.1.7-.3.2-.2.3-.5.3-.7s-.1-.5-.3-.7zM5.8 14.7l6.2 6.3 6.2-6.3c.2-.2.3-.5.3-.7s-.1-.5-.3-.7c-.2-.2-.4-.3-.7-.3h-11c-.3 0-.5.1-.7.3-.2.2-.3.5-.3.7s.1.5.3.7z\"\/><\/svg><\/span><\/span><\/label><input type=\"checkbox\"  id=\"ez-toc-cssicon-toggle-item-69ed29cdac1da\" checked aria-label=\"Toggle\" \/><nav><ul class='ez-toc-list ez-toc-list-level-1' ><li class='ez-toc-page-1 ez-toc-heading-level-2'><a class=\"ez-toc-link ez-toc-heading-1\" href=\"https:\/\/livecasinofinder.com\/ro\/responsible-gaming\/#The_Imperative_of_Responsible_Gaming\" title=\"Imperativul jocului responsabil\">Imperativul jocului responsabil<\/a><\/li><li class='ez-toc-page-1 ez-toc-heading-level-2'><a class=\"ez-toc-link ez-toc-heading-2\" href=\"https:\/\/livecasinofinder.com\/ro\/responsible-gaming\/#The_Intricacies_of_Gambling_Risks\" title=\"Intriga riscurilor din jocurile de noroc\">Intriga riscurilor din jocurile de noroc<\/a><\/li><li class='ez-toc-page-1 ez-toc-heading-level-2'><a class=\"ez-toc-link ez-toc-heading-3\" href=\"https:\/\/livecasinofinder.com\/ro\/responsible-gaming\/#Recognizing_Gambling_Addiction\" title=\"Recunoa\u0219terea dependen\u021bei de jocuri de noroc\">Recunoa\u0219terea dependen\u021bei de jocuri de noroc<\/a><\/li><li class='ez-toc-page-1 ez-toc-heading-level-2'><a class=\"ez-toc-link ez-toc-heading-4\" href=\"https:\/\/livecasinofinder.com\/ro\/responsible-gaming\/#Gambling_and_Mental_Health\" title=\"Jocurile de noroc \u0219i s\u0103n\u0103tatea mintal\u0103\">Jocurile de noroc \u0219i s\u0103n\u0103tatea mintal\u0103<\/a><\/li><li class='ez-toc-page-1 ez-toc-heading-level-2'><a class=\"ez-toc-link ez-toc-heading-5\" href=\"https:\/\/livecasinofinder.com\/ro\/responsible-gaming\/#Effective_Strategies_for_Responsible_Gambling\" title=\"Strategii eficiente pentru un joc de noroc responsabil\">Strategii eficiente pentru un joc de noroc responsabil<\/a><\/li><li class='ez-toc-page-1 ez-toc-heading-level-2'><a class=\"ez-toc-link ez-toc-heading-6\" href=\"https:\/\/livecasinofinder.com\/ro\/responsible-gaming\/#Tools_and_Resources_for_Responsible_Gambling\" title=\"Instrumente \u0219i resurse pentru un joc responsabil\">Instrumente \u0219i resurse pentru un joc responsabil<\/a><\/li><li class='ez-toc-page-1 ez-toc-heading-level-2'><a class=\"ez-toc-link ez-toc-heading-7\" href=\"https:\/\/livecasinofinder.com\/ro\/responsible-gaming\/#The_Role_of_Online_Gaming_Operators_in_Responsible_Gambling\" title=\"Rolul operatorilor de jocuri de noroc online \u00een jocul responsabil\">Rolul operatorilor de jocuri de noroc online \u00een jocul responsabil<\/a><\/li><li class='ez-toc-page-1 ez-toc-heading-level-2'><a class=\"ez-toc-link ez-toc-heading-8\" href=\"https:\/\/livecasinofinder.com\/ro\/responsible-gaming\/#Preventative_Measures_for_Player_Protection\" title=\"M\u0103suri preventive pentru protec\u021bia juc\u0103torilor\">M\u0103suri preventive pentru protec\u021bia juc\u0103torilor<\/a><\/li><\/ul><\/nav><\/div>\n\n<h2><span class=\"ez-toc-section\" id=\"The_Imperative_of_Responsible_Gaming\"><\/span>Imperativul jocului responsabil<span class=\"ez-toc-section-end\"><\/span><\/h2>\n<p>La Live Casino Finder, jocul responsabil nu este doar un concept, ci o valoare fundamental\u0103 care ne conduce opera\u021biunile. Credem c\u0103, \u00een timp ce jocurile de noroc pot fi palpitante, este esen\u021bial s\u0103 ne asigur\u0103m c\u0103 acestea r\u0103m\u00e2n o activitate de care ne bucur\u0103m \u00een limite responsabile. Scopul nostru este de a oferi un mediu \u00een care juc\u0103torii pot lua decizii \u00een cuno\u0219tin\u021b\u0103 de cauz\u0103 \u0219i pot experimenta emo\u021bia jocurilor live casino \u00een mod responsabil.<\/p>\n<h2><span class=\"ez-toc-section\" id=\"The_Intricacies_of_Gambling_Risks\"><\/span>Intriga riscurilor din jocurile de noroc<span class=\"ez-toc-section-end\"><\/span><\/h2>\n<p>Recunoa\u0219tem importan\u021ba echip\u0103rii utilizatorilor no\u0219tri cu cuno\u0219tin\u021be despre complexitatea riscurilor legate de jocurile de noroc. \u00cen\u021belegerea acestor riscuri, inclusiv a poten\u021bialului de pierdere financiar\u0103, este crucial\u0103 pentru a face alegeri \u00een cuno\u0219tin\u021b\u0103 de cauz\u0103. Fiind con\u0219tien\u021bi de aceste complexit\u0103\u021bi, juc\u0103torii se pot implica \u00een jocurile de noroc live casino \u00een mod responsabil \u0219i pot men\u021bine controlul asupra activit\u0103\u021bilor lor de pariere.<\/p>\n<h2><span class=\"ez-toc-section\" id=\"Recognizing_Gambling_Addiction\"><\/span>Recunoa\u0219terea dependen\u021bei de jocuri de noroc<span class=\"ez-toc-section-end\"><\/span><\/h2>\n<p>La Live Casino Finder, suntem dedica\u021bi s\u0103 recunoa\u0219tem \u0219i s\u0103 abord\u0103m dependen\u021ba de jocurile de noroc. \u00cen\u021belegem c\u0103 jocurile de noroc pot deveni o problem\u0103 serioas\u0103 pentru unele persoane, av\u00e2nd un impact asupra bun\u0103st\u0103rii lor personale \u0219i financiare. \u00cei \u00eencuraj\u0103m pe utilizatorii no\u0219tri s\u0103 fie con\u0219tien\u021bi de sine \u0219i s\u0103 caute ajutor prompt dac\u0103 suspecteaz\u0103 c\u0103 se lupt\u0103 cu dependen\u021ba de jocuri de noroc.<\/p>\n<h2><span class=\"ez-toc-section\" id=\"Gambling_and_Mental_Health\"><\/span>Jocurile de noroc \u0219i s\u0103n\u0103tatea mintal\u0103<span class=\"ez-toc-section-end\"><\/span><\/h2>\n<p>\u00cen\u021belegem rela\u021bia semnificativ\u0103 dintre jocurile de noroc \u0219i s\u0103n\u0103tatea mintal\u0103. Ca atare, ne angaj\u0103m s\u0103 promov\u0103m o mentalitate pozitiv\u0103 \u0219i s\u0103n\u0103toas\u0103 \u00een r\u00e2ndul utilizatorilor no\u0219tri. Scopul nostru este de a crea un mediu \u00een care juc\u0103torii se pot bucura de jocuri live casino \u00een mod responsabil, f\u0103r\u0103 a-\u0219i compromite bun\u0103starea mental\u0103.<\/p>\n<h2><span class=\"ez-toc-section\" id=\"Effective_Strategies_for_Responsible_Gambling\"><\/span>Strategii eficiente pentru un joc de noroc responsabil<span class=\"ez-toc-section-end\"><\/span><\/h2>\n<p>Pentru a promova jocurile de noroc responsabile, sus\u021binem implementarea unor strategii eficiente care s\u0103 le permit\u0103 juc\u0103torilor s\u0103 men\u021bin\u0103 controlul asupra activit\u0103\u021bilor lor de pariere. Iat\u0103 c\u00e2teva practici cheie pe care le \u00eencuraj\u0103m:<\/p>\n<p>Respectarea unui buget definit: Stabili\u021bi un buget pentru jocurile live casino \u0219i respecta\u021bi-l. Paria\u021bi doar o sum\u0103 cu care v\u0103 sim\u021bi\u021bi confortabil, asigur\u00e2ndu-v\u0103 c\u0103 nu v\u0103 afecteaz\u0103 stabilitatea financiar\u0103.<\/p>\n<p>Pauze regulate de la jocurile de noroc: Lua\u021bi pauze de la jocurile de noroc live casino pentru a v\u0103 asigura c\u0103 acestea r\u0103m\u00e2n o activitate de divertisment \u0219i nu consum\u0103 prea mult timp sau energie.<\/p>\n<p>Rezista\u021bi impulsului de a urm\u0103ri pierderile: Accepta\u021bi c\u0103 pierderile fac parte din jocurile de noroc \u0219i evita\u021bi s\u0103 urm\u0103ri\u021bi pierderile prin cre\u0219terea pariurilor. \u00cen schimb, face\u021bi un pas \u00eenapoi \u0219i reevalua\u021bi-v\u0103 abordarea.<\/p>\n<p>C\u0103utarea unui ajutor \u00een timp util: Dac\u0103 b\u0103nui\u021bi c\u0103 dumneavoastr\u0103 sau cineva pe care \u00eel cunoa\u0219te\u021bi se lupt\u0103 cu dependen\u021ba de jocurile de noroc, c\u0103uta\u021bi ajutor prompt. Interven\u021bia timpurie este esen\u021bial\u0103 pentru abordarea eficient\u0103 a problemei.<\/p>\n<h2><span class=\"ez-toc-section\" id=\"Tools_and_Resources_for_Responsible_Gambling\"><\/span>Instrumente \u0219i resurse pentru un joc responsabil<span class=\"ez-toc-section-end\"><\/span><\/h2>\n<p>Punem la dispozi\u021bie o serie de instrumente \u0219i resurse pentru a sprijini practicile de joc responsabil:<\/p>\n<p>National \u0219i liniile locale de asisten\u021b\u0103 telefonic\u0103: Accesa\u021bi liniile de asisten\u021b\u0103 telefonic\u0103 dedicate sprijinirii persoanelor afectate de jocurile de noroc. Ajutorul este doar la un apel telefonic distan\u021b\u0103.<\/p>\n<p>Sisteme de autoexcludere: Profita\u021bi de op\u021biunile de autoexcludere, care v\u0103 permit s\u0103 lua\u021bi o pauz\u0103 de la jocurile live casino dac\u0103 considera\u021bi c\u0103 este necesar. Aceste scheme le dau posibilitatea persoanelor fizice s\u0103 recapete controlul asupra activit\u0103\u021bilor lor de pariere.<\/p>\n<p>Programe de terapie pentru jocurile de noroc: Sus\u021binem \u0219i promov\u0103m programele de terapie pentru jocurile de noroc concepute pentru a-i ajuta pe cei care au nevoie. Aceste programe ofer\u0103 \u00eendrumare profesional\u0103 \u0219i sprijin pentru persoanele care se lupt\u0103 cu probleme legate de jocurile de noroc.<\/p>\n<h2><span class=\"ez-toc-section\" id=\"The_Role_of_Online_Gaming_Operators_in_Responsible_Gambling\"><\/span>Rolul operatorilor de jocuri de noroc online \u00een jocul responsabil<span class=\"ez-toc-section-end\"><\/span><\/h2>\n<p>\u00cen calitate de operator de jocuri de noroc online, ne \u00een\u021belegem responsabilitatea de a asigura un mediu de joc sigur \u0219i responsabil. Iat\u0103 cum sus\u021binem protec\u021bia juc\u0103torilor:<\/p>\n<p>Reglement\u0103ri \u0219i standarde industriale stricte: Ader\u0103m la reglement\u0103rile \u0219i standardele stricte ale industriei pentru a asigura un joc corect, siguran\u021ba juc\u0103torilor \u0219i practici de joc responsabile. Aceste m\u0103suri sunt puse \u00een aplicare pentru a ne proteja utilizatorii \u0219i pentru a men\u021bine integritatea platformei noastre.<\/p>\n<p>Responsabilitatea social\u0103 a \u00eentreprinderilor: Ne lu\u0103m \u00een serios responsabilitatea social\u0103 corporativ\u0103. Colabor\u0103m \u00een mod activ cu organiza\u021bii \u0219i ini\u021biative care promoveaz\u0103 jocurile de noroc responsabile \u0219i \u00eei sprijin\u0103 pe cei afecta\u021bi de dependen\u021ba de jocurile de noroc.<\/p>\n<h2><span class=\"ez-toc-section\" id=\"Preventative_Measures_for_Player_Protection\"><\/span>M\u0103suri preventive pentru protec\u021bia juc\u0103torilor<span class=\"ez-toc-section-end\"><\/span><\/h2>\n<p>Implement\u0103m m\u0103suri preventive pentru a ne proteja juc\u0103torii, inclusiv procese solide de verificare a v\u00e2rstei, tranzac\u021bii sigure \u0219i protocoale stricte de protec\u021bie a datelor. Aceste m\u0103suri sunt concepute pentru a crea un mediu de pariere sigur \u0219i responsabil pentru to\u021bi.<\/p>\n<p>La Live Casino Finder, credem c\u0103 jocurile de noroc responsabile sunt cheia pentru experien\u021be de neuitat live casino. Al\u0103tura\u021bi-v\u0103 nou\u0103 ast\u0103zi \u0219i porni\u021bi \u00eentr-o c\u0103l\u0103torie antrenant\u0103 \u0219i responsabil\u0103 \u00een materie de jocuri de noroc.<\/p>","protected":false},"excerpt":{"rendered":"<p>Bine a\u021bi venit la Live Casino Finder, unde prioritatea noastr\u0103 este jocul responsabil ca piatr\u0103 de temelie a platformei noastre. Ne-am angajat s\u0103 sus\u021binem practicile de joc responsabil \u0219i s\u0103 cre\u0103m un mediu sigur \u0219i pl\u0103cut pentru utilizatorii no\u0219tri. Cu o \u00een\u021belegere profund\u0103 a complexit\u0103\u021bii riscurilor jocurilor de noroc \u0219i a impactului poten\u021bial asupra s\u0103n\u0103t\u0103\u021bii mentale, ne str\u0103duim s\u0103 \u00eemputernicim [...]<\/p>","protected":false},"author":1,"featured_media":0,"parent":0,"menu_order":0,"comment_status":"closed","ping_status":"closed","template":"page-no-sidebar.php","meta":{"_lmt_disableupdate":"no","_lmt_disable":"no","footnotes":""},"class_list":["post-2111","page","type-page","status-publish","hentry"],"yoast_head":"<!-- This site is optimized with the Yoast SEO plugin v26.4 - https:\/\/yoast.com\/wordpress\/plugins\/seo\/ -->\n<title>Responsible Gaming Guidelines<\/title>\n<meta name=\"description\" content=\"Learn about responsible gaming practices with Live Casino Finder to help you enjoy live casinos safely and make informed decisions while playing.\" \/>\n<meta name=\"robots\" content=\"index, follow, max-snippet:-1, max-image-preview:large, max-video-preview:-1\" \/>\n<link rel=\"canonical\" href=\"https:\/\/livecasinofinder.com\/wp-json\/wp\/v2\/pages\/2111\/\" \/>\n<meta property=\"og:locale\" content=\"ro_RO\" \/>\n<meta property=\"og:type\" content=\"article\" \/>\n<meta property=\"og:title\" content=\"Responsible Gaming Guidelines\" \/>\n<meta property=\"og:description\" content=\"Learn about responsible gaming practices with Live Casino Finder to help you enjoy live casinos safely and make informed decisions while playing.\" \/>\n<meta property=\"og:url\" content=\"https:\/\/livecasinofinder.com\/ro\/responsible-gaming\/\" \/>\n<meta property=\"og:site_name\" content=\"livecasinofinder.com\" \/>\n<meta property=\"article:modified_time\" content=\"2025-06-03T11:11:12+00:00\" \/>\n<meta property=\"og:image\" content=\"https:\/\/livecasinofinder.com\/wp-content\/uploads\/2023\/03\/lucasoilraceway-logo-1.png\" \/>\n\t<meta property=\"og:image:width\" content=\"427\" \/>\n\t<meta property=\"og:image:height\" content=\"145\" \/>\n\t<meta property=\"og:image:type\" content=\"image\/png\" \/>\n<meta name=\"twitter:card\" content=\"summary_large_image\" \/>\n<meta name=\"twitter:label1\" content=\"Timp estimat pentru citire\" \/>\n\t<meta name=\"twitter:data1\" content=\"4 minute\" \/>\n<!-- \/ Yoast SEO plugin. -->","yoast_head_json":{"title":"Responsible Gaming Guidelines","description":"Learn about responsible gaming practices with Live Casino Finder to help you enjoy live casinos safely and make informed decisions while playing.","robots":{"index":"index","follow":"follow","max-snippet":"max-snippet:-1","max-image-preview":"max-image-preview:large","max-video-preview":"max-video-preview:-1"},"canonical":"https:\/\/livecasinofinder.com\/wp-json\/wp\/v2\/pages\/2111\/","og_locale":"ro_RO","og_type":"article","og_title":"Responsible Gaming Guidelines","og_description":"Learn about responsible gaming practices with Live Casino Finder to help you enjoy live casinos safely and make informed decisions while playing.","og_url":"https:\/\/livecasinofinder.com\/ro\/responsible-gaming\/","og_site_name":"livecasinofinder.com","article_modified_time":"2025-06-03T11:11:12+00:00","og_image":[{"width":427,"height":145,"url":"https:\/\/livecasinofinder.com\/wp-content\/uploads\/2023\/03\/lucasoilraceway-logo-1.png","type":"image\/png"}],"twitter_card":"summary_large_image","twitter_misc":{"Timp estimat pentru citire":"4 minute"},"schema":{"@context":"https:\/\/schema.org","@graph":[{"@type":"WebPage","@id":"https:\/\/livecasinofinder.com\/responsible-gaming\/","url":"https:\/\/livecasinofinder.com\/responsible-gaming\/","name":"Responsible Gaming Guidelines","isPartOf":{"@id":"https:\/\/livecasinofinder.com\/ja\/#website"},"datePublished":"2023-06-20T14:33:04+00:00","dateModified":"2025-06-03T11:11:12+00:00","description":"Learn about responsible gaming practices with Live Casino Finder to help you enjoy live casinos safely and make informed decisions while playing.","breadcrumb":{"@id":"https:\/\/livecasinofinder.com\/responsible-gaming\/#breadcrumb"},"inLanguage":"ro-RO","potentialAction":[{"@type":"ReadAction","target":["https:\/\/livecasinofinder.com\/responsible-gaming\/"]}]},{"@type":"BreadcrumbList","@id":"https:\/\/livecasinofinder.com\/responsible-gaming\/#breadcrumb","itemListElement":[{"@type":"ListItem","position":1,"name":"LiveCasinoFinder.com","item":"https:\/\/livecasinofinder.com\/fr\/"},{"@type":"ListItem","position":2,"name":"Responsible Gaming"}]},{"@type":"WebSite","@id":"https:\/\/livecasinofinder.com\/ja\/#website","url":"https:\/\/livecasinofinder.com\/ja\/","name":"livecasinofinder","description":"","publisher":{"@id":"https:\/\/livecasinofinder.com\/ja\/#organization"},"alternateName":"Lucas oil raceway live casino","potentialAction":[{"@type":"SearchAction","target":{"@type":"EntryPoint","urlTemplate":"https:\/\/livecasinofinder.com\/ja\/?s={search_term_string}"},"query-input":{"@type":"PropertyValueSpecification","valueRequired":true,"valueName":"search_term_string"}}],"inLanguage":"ro-RO"},{"@type":"Organization","@id":"https:\/\/livecasinofinder.com\/ja\/#organization","name":"G\u0103si\u021bi un cazinou live","alternateName":"Lucas oil raceway live casino","url":"https:\/\/livecasinofinder.com\/ja\/","logo":{"@type":"ImageObject","inLanguage":"ro-RO","@id":"https:\/\/livecasinofinder.com\/ja\/#\/schema\/logo\/image\/","url":"https:\/\/livecasinofinder.com\/wp-content\/uploads\/2023\/04\/livecasinofinder-logo.png","contentUrl":"https:\/\/livecasinofinder.com\/wp-content\/uploads\/2023\/04\/livecasinofinder-logo.png","width":1600,"height":453,"caption":"Live Casino Finder"},"image":{"@id":"https:\/\/livecasinofinder.com\/ja\/#\/schema\/logo\/image\/"}}]}},"_links":{"self":[{"href":"https:\/\/livecasinofinder.com\/ro\/wp-json\/wp\/v2\/pages\/2111","targetHints":{"allow":["GET"]}}],"collection":[{"href":"https:\/\/livecasinofinder.com\/ro\/wp-json\/wp\/v2\/pages"}],"about":[{"href":"https:\/\/livecasinofinder.com\/ro\/wp-json\/wp\/v2\/types\/page"}],"author":[{"embeddable":true,"href":"https:\/\/livecasinofinder.com\/ro\/wp-json\/wp\/v2\/users\/1"}],"replies":[{"embeddable":true,"href":"https:\/\/livecasinofinder.com\/ro\/wp-json\/wp\/v2\/comments?post=2111"}],"version-history":[{"count":0,"href":"https:\/\/livecasinofinder.com\/ro\/wp-json\/wp\/v2\/pages\/2111\/revisions"}],"wp:attachment":[{"href":"https:\/\/livecasinofinder.com\/ro\/wp-json\/wp\/v2\/media?parent=2111"}],"curies":[{"name":"wp","href":"https:\/\/api.w.org\/{rel}","templated":true}]}}