{"id":2109,"date":"2023-06-20T14:37:04","date_gmt":"2023-06-20T14:37:04","guid":{"rendered":"https:\/\/livecasinofinder.com\/?page_id=2109"},"modified":"2023-06-20T14:37:04","modified_gmt":"2023-06-20T14:37:04","slug":"privacy-policy","status":"publish","type":"page","link":"https:\/\/livecasinofinder.com\/ro\/privacy-policy\/","title":{"rendered":"Politica de confiden\u021bialitate"},"content":{"rendered":"<p>La <a href=\"\/ro\/\">LiveCasinoFinder.com<\/a>, \u00een\u021belegem importan\u021ba salvgard\u0103rii confiden\u021bialit\u0103\u021bii \u0219i a protej\u0103rii confiden\u021bialit\u0103\u021bii informa\u021biilor dvs. personale. Aceast\u0103 politic\u0103 de confiden\u021bialitate subliniaz\u0103 angajamentul nostru de neclintit fa\u021b\u0103 de protec\u021bia datelor, asigur\u00e2nd o experien\u021b\u0103 sigur\u0103 \u0219i pl\u0103cut\u0103 pe platforma noastr\u0103.<\/p>\n<div id=\"ez-toc-container\" class=\"ez-toc-v2_0_63 counter-hierarchy ez-toc-counter ez-toc-grey ez-toc-container-direction\">\n<label for=\"ez-toc-cssicon-toggle-item-69e558ee52fa6\" class=\"ez-toc-cssicon-toggle-label\"><span class=\"ez-toc-cssicon\"><span class=\"eztoc-hide\" style=\"display:none;\">Toggle<\/span><span class=\"ez-toc-icon-toggle-span\"><svg style=\"fill: #999;color:#999\" xmlns=\"http:\/\/www.w3.org\/2000\/svg\" class=\"list-377408\" width=\"20px\" height=\"20px\" viewbox=\"0 0 24 24\" fill=\"none\"><path d=\"M6 6H4v2h2V6zm14 0H8v2h12V6zM4 11h2v2H4v-2zm16 0H8v2h12v-2zM4 16h2v2H4v-2zm16 0H8v2h12v-2z\" fill=\"currentColor\"><\/path><\/svg><svg style=\"fill: #999;color:#999\" class=\"arrow-unsorted-368013\" xmlns=\"http:\/\/www.w3.org\/2000\/svg\" width=\"10px\" height=\"10px\" viewbox=\"0 0 24 24\" version=\"1.2\" baseprofile=\"tiny\"><path d=\"M18.2 9.3l-6.2-6.3-6.2 6.3c-.2.2-.3.4-.3.7s.1.5.3.7c.2.2.4.3.7.3h11c.3 0 .5-.1.7-.3.2-.2.3-.5.3-.7s-.1-.5-.3-.7zM5.8 14.7l6.2 6.3 6.2-6.3c.2-.2.3-.5.3-.7s-.1-.5-.3-.7c-.2-.2-.4-.3-.7-.3h-11c-.3 0-.5.1-.7.3-.2.2-.3.5-.3.7s.1.5.3.7z\"\/><\/svg><\/span><\/span><\/label><input type=\"checkbox\"  id=\"ez-toc-cssicon-toggle-item-69e558ee52fa6\" checked aria-label=\"Toggle\" \/><nav><ul class='ez-toc-list ez-toc-list-level-1' ><li class='ez-toc-page-1 ez-toc-heading-level-2'><a class=\"ez-toc-link ez-toc-heading-1\" href=\"https:\/\/livecasinofinder.com\/ro\/privacy-policy\/#Our_Pledge_to_Safeguard_Your_Privacy\" title=\"Angajamentul nostru de a v\u0103 proteja confiden\u021bialitatea\">Angajamentul nostru de a v\u0103 proteja confiden\u021bialitatea<\/a><\/li><li class='ez-toc-page-1 ez-toc-heading-level-2'><a class=\"ez-toc-link ez-toc-heading-2\" href=\"https:\/\/livecasinofinder.com\/ro\/privacy-policy\/#Data_Collection_Our_Practices\" title=\"Colectarea datelor: Practicile noastre\">Colectarea datelor: Practicile noastre<\/a><\/li><li class='ez-toc-page-1 ez-toc-heading-level-2'><a class=\"ez-toc-link ez-toc-heading-3\" href=\"https:\/\/livecasinofinder.com\/ro\/privacy-policy\/#The_Use_of_Your_Information\" title=\"Utilizarea informa\u021biilor dumneavoastr\u0103\">Utilizarea informa\u021biilor dumneavoastr\u0103<\/a><\/li><li class='ez-toc-page-1 ez-toc-heading-level-2'><a class=\"ez-toc-link ez-toc-heading-4\" href=\"https:\/\/livecasinofinder.com\/ro\/privacy-policy\/#Information_Disclosure_and_Sharing\" title=\"Dezv\u0103luirea \u0219i schimbul de informa\u021bii\">Dezv\u0103luirea \u0219i schimbul de informa\u021bii<\/a><\/li><li class='ez-toc-page-1 ez-toc-heading-level-2'><a class=\"ez-toc-link ez-toc-heading-5\" href=\"https:\/\/livecasinofinder.com\/ro\/privacy-policy\/#Our_Security_Measures\" title=\"M\u0103surile noastre de securitate\">M\u0103surile noastre de securitate<\/a><\/li><li class='ez-toc-page-1 ez-toc-heading-level-2'><a class=\"ez-toc-link ez-toc-heading-6\" href=\"https:\/\/livecasinofinder.com\/ro\/privacy-policy\/#The_Role_of_Cookies\" title=\"Rolul cookie-urilor\">Rolul cookie-urilor<\/a><\/li><li class='ez-toc-page-1 ez-toc-heading-level-2'><a class=\"ez-toc-link ez-toc-heading-7\" href=\"https:\/\/livecasinofinder.com\/ro\/privacy-policy\/#Third-Party_Links\" title=\"Leg\u0103turi de la ter\u021bi\">Leg\u0103turi de la ter\u021bi<\/a><\/li><li class='ez-toc-page-1 ez-toc-heading-level-2'><a class=\"ez-toc-link ez-toc-heading-8\" href=\"https:\/\/livecasinofinder.com\/ro\/privacy-policy\/#Policy_on_Childrens_Privacy\" title=\"Politica privind confiden\u021bialitatea copiilor\">Politica privind confiden\u021bialitatea copiilor<\/a><\/li><li class='ez-toc-page-1 ez-toc-heading-level-2'><a class=\"ez-toc-link ez-toc-heading-9\" href=\"https:\/\/livecasinofinder.com\/ro\/privacy-policy\/#Changes_to_This_Privacy_Policy\" title=\"Modific\u0103ri ale acestei politici de confiden\u021bialitate\">Modific\u0103ri ale acestei politici de confiden\u021bialitate<\/a><\/li><li class='ez-toc-page-1 ez-toc-heading-level-2'><a class=\"ez-toc-link ez-toc-heading-10\" href=\"https:\/\/livecasinofinder.com\/ro\/privacy-policy\/#Your_Rights_to_Your_Personal_Information\" title=\"Drepturile dvs. la informa\u021biile dvs. personale\">Drepturile dvs. la informa\u021biile dvs. personale<\/a><\/li><li class='ez-toc-page-1 ez-toc-heading-level-2'><a class=\"ez-toc-link ez-toc-heading-11\" href=\"https:\/\/livecasinofinder.com\/ro\/privacy-policy\/#Retention_of_Data\" title=\"P\u0103strarea datelor\">P\u0103strarea datelor<\/a><\/li><li class='ez-toc-page-1 ez-toc-heading-level-2'><a class=\"ez-toc-link ez-toc-heading-12\" href=\"https:\/\/livecasinofinder.com\/ro\/privacy-policy\/#International_Data_Transfers\" title=\"Transferuri interna\u021bionale de date\">Transferuri interna\u021bionale de date<\/a><\/li><\/ul><\/nav><\/div>\n\n<h2><span class=\"ez-toc-section\" id=\"Our_Pledge_to_Safeguard_Your_Privacy\"><\/span>Angajamentul nostru de a v\u0103 proteja confiden\u021bialitatea<span class=\"ez-toc-section-end\"><\/span><\/h2>\n<p>Pre\u021buim confiden\u021bialitatea dvs. \u0219i acord\u0103m prioritate protec\u021biei informa\u021biilor dvs. personale. Am implementat practici stricte de confiden\u021bialitate \u0219i respect\u0103m legile aplicabile privind protec\u021bia datelor pentru a ne asigura c\u0103 datele dvs. r\u0103m\u00e2n sigure \u0219i confiden\u021biale.<\/p>\n<h2><span class=\"ez-toc-section\" id=\"Data_Collection_Our_Practices\"><\/span>Colectarea datelor: Practicile noastre<span class=\"ez-toc-section-end\"><\/span><\/h2>\n<p>Pentru a v\u0103 oferi o experien\u021b\u0103 continu\u0103 \u0219i personalizat\u0103, este posibil s\u0103 colect\u0103m anumite informa\u021bii de la dumneavoastr\u0103. Aceste informa\u021bii pot include numele dvs., detaliile de contact \u0219i comportamentul dvs. de navigare pe platforma noastr\u0103. Fi\u021bi siguri c\u0103 colect\u0103m doar datele necesare pentru a v\u0103 \u00eembun\u0103t\u0103\u021bi experien\u021ba \u0219i pentru a ne \u00eembun\u0103t\u0103\u021bi serviciile.<\/p>\n<h2><span class=\"ez-toc-section\" id=\"The_Use_of_Your_Information\"><\/span>Utilizarea informa\u021biilor dumneavoastr\u0103<span class=\"ez-toc-section-end\"><\/span><\/h2>\n<p>Informa\u021biile pe care le colect\u0103m de la dvs. sunt utilizate \u00een diverse scopuri, inclusiv, dar f\u0103r\u0103 a se limita la:<\/p>\n<ol>\n<li>Personalizarea experien\u021bei tale pe LiveCasinoFinder.com<\/li>\n<li>Procesarea eficient\u0103 a cererilor \u0219i tranzac\u021biilor dumneavoastr\u0103<\/li>\n<li>Comunicarea de actualiz\u0103ri \u0219i promo\u021bii importante<\/li>\n<li>Analizarea datelor pentru a ne \u00eembun\u0103t\u0103\u021bi serviciile \u0219i a le adapta la preferin\u021bele dvs.<\/li>\n<\/ol>\n<h2><span class=\"ez-toc-section\" id=\"Information_Disclosure_and_Sharing\"><\/span>Dezv\u0103luirea \u0219i schimbul de informa\u021bii<span class=\"ez-toc-section-end\"><\/span><\/h2>\n<p>LiveCasinoFinder.com respect\u0103 confiden\u021bialitatea informa\u021biilor dumneavoastr\u0103. Nu vindem, nu comercializ\u0103m \u0219i nu \u00eemp\u0103rt\u0103\u0219im datele dvs. personale cu ter\u021be p\u0103r\u021bi, cu excep\u021bia cazului \u00een care este necesar pentru a ne furniza serviciile sau dac\u0103 acest lucru este cerut de lege. Este posibil s\u0103 \u00eemp\u0103rt\u0103\u0219im informa\u021biile dvs. cu parteneri de \u00eencredere, cum ar fi procesatorii de pl\u0103\u021bi, exclusiv \u00een scopul de a v\u0103 furniza serviciile noastre.<\/p>\n<h2><span class=\"ez-toc-section\" id=\"Our_Security_Measures\"><\/span>M\u0103surile noastre de securitate<span class=\"ez-toc-section-end\"><\/span><\/h2>\n<p>Am implementat m\u0103suri de securitate solide pentru a v\u0103 proteja informa\u021biile personale \u00eempotriva accesului neautorizat, divulg\u0103rii, modific\u0103rii sau distrugerii. Sistemele noastre avansate de securitate, protocoalele de criptare \u0219i controalele stricte ale accesului asigur\u0103 cea mai bun\u0103 protec\u021bie a datelor dumneavoastr\u0103. Ne revizuim \u0219i actualiz\u0103m \u00een mod regulat m\u0103surile de securitate pentru a stay \u00een fa\u021ba amenin\u021b\u0103rilor emergente \u0219i pentru a men\u021bine un mediu sigur pentru utilizatorii no\u0219tri.<\/p>\n<h2><span class=\"ez-toc-section\" id=\"The_Role_of_Cookies\"><\/span>Rolul cookie-urilor<span class=\"ez-toc-section-end\"><\/span><\/h2>\n<p>LiveCasinoFinder.com utilizeaz\u0103 cookie-uri pentru a v\u0103 \u00eembun\u0103t\u0103\u021bi experien\u021ba de navigare pe platforma noastr\u0103. Cookie-urile sunt mici fi\u0219iere text care sunt stocate pe dispozitivul dvs., permi\u021b\u00e2ndu-ne s\u0103 v\u0103 recunoa\u0219tem \u0219i s\u0103 v\u0103 personaliz\u0103m experien\u021ba pe baza preferin\u021belor dvs. Ave\u021bi op\u021biunea de a v\u0103 gestiona preferin\u021bele privind cookie-urile prin set\u0103rile browserului dvs. Cu toate acestea, v\u0103 rug\u0103m s\u0103 re\u021bine\u021bi c\u0103 dezactivarea cookie-urilor poate limita anumite caracteristici sau func\u021bionalit\u0103\u021bi de pe site-ul nostru.<\/p>\n<h2><span class=\"ez-toc-section\" id=\"Third-Party_Links\"><\/span>Leg\u0103turi de la ter\u021bi<span class=\"ez-toc-section-end\"><\/span><\/h2>\n<p>Platforma noastr\u0103 poate con\u021bine linkuri c\u0103tre site-uri web sau servicii ale unor ter\u021be p\u0103r\u021bi. V\u0103 \u00eencuraj\u0103m s\u0103 fi\u021bi con\u0219tien\u021bi de faptul c\u0103 aceste site-uri web au propriile politici de confiden\u021bialitate, care pot fi diferite de ale noastre. V\u0103 recomand\u0103m s\u0103 consulta\u021bi practicile de confiden\u021bialitate ale oric\u0103ror site-uri web ter\u021be pe care le vizita\u021bi prin intermediul platformei noastre, deoarece nu avem control asupra colect\u0103rii sau utiliz\u0103rii datelor acestora.<\/p>\n<h2><span class=\"ez-toc-section\" id=\"Policy_on_Childrens_Privacy\"><\/span>Politica privind confiden\u021bialitatea copiilor<span class=\"ez-toc-section-end\"><\/span><\/h2>\n<p>LiveCasinoFinder.com este destinat persoanelor care au cel pu\u021bin 18 ani sau v\u00e2rsta legal\u0103 pentru jocurile de noroc online \u00een jurisdic\u021bia lor. Noi nu colect\u0103m sau stoc\u0103m cu bun\u0103 \u0219tiin\u021b\u0103 informa\u021bii personale de la persoane sub v\u00e2rsta legal\u0103. Dac\u0103 lu\u0103m cuno\u0219tin\u021b\u0103 de astfel de informa\u021bii, le \u0219tergem imediat din eviden\u021bele noastre.<\/p>\n<h2><span class=\"ez-toc-section\" id=\"Changes_to_This_Privacy_Policy\"><\/span>Modific\u0103ri ale acestei politici de confiden\u021bialitate<span class=\"ez-toc-section-end\"><\/span><\/h2>\n<p>Este posibil s\u0103 ne actualiz\u0103m periodic Politica de confiden\u021bialitate pentru a reflecta modific\u0103rile aduse practicilor noastre, cerin\u021belor legale sau serviciilor. Orice modificare a acestei politici v\u0103 va fi comunicat\u0103 prin intermediul unor notific\u0103ri vizibile pe platforma noastr\u0103. V\u0103 \u00eencuraj\u0103m s\u0103 revizui\u021bi periodic Politica noastr\u0103 de confiden\u021bialitate pentru a fi informat stay despre modul \u00een care v\u0103 protej\u0103m confiden\u021bialitatea.<\/p>\n<h2><span class=\"ez-toc-section\" id=\"Your_Rights_to_Your_Personal_Information\"><\/span>Drepturile dvs. la informa\u021biile dvs. personale<span class=\"ez-toc-section-end\"><\/span><\/h2>\n<p>\u00cen calitate de utilizator al LiveCasinoFinder.com, ave\u021bi anumite drepturi \u00een ceea ce prive\u0219te informa\u021biile dumneavoastr\u0103 personale. Aceste drepturi pot include:<\/p>\n<ol>\n<li>Accesul la informa\u021biile personale pe care le de\u021binem despre dumneavoastr\u0103<\/li>\n<li>Posibilitatea de a corecta sau de a v\u0103 actualiza informa\u021biile<\/li>\n<li>Dreptul de a solicita \u0219tergerea datelor dvs. personale \u00een anumite circumstan\u021be<\/li>\n<li>Dreptul de a restric\u021biona sau de a v\u0103 opune prelucr\u0103rii datelor dvs.<\/li>\n<li>Dreptul la portabilitatea datelor, care v\u0103 permite s\u0103 primi\u021bi o copie a datelor dumneavoastr\u0103 \u00eentr-un format structurat, utilizat \u00een mod obi\u0219nuit \u0219i care poate fi citit automat.<\/li>\n<\/ol>\n<p>Pentru a v\u0103 exercita drepturile sau pentru a solicita clarific\u0103ri cu privire la orice aspect legat de confiden\u021bialitate, v\u0103 rug\u0103m s\u0103 contacta\u021bi echipa noastr\u0103 de asisten\u021b\u0103 dedicat\u0103. Suntem aici pentru a v\u0103 ajuta cu promptitudine.<\/p>\n<h2><span class=\"ez-toc-section\" id=\"Retention_of_Data\"><\/span>P\u0103strarea datelor<span class=\"ez-toc-section-end\"><\/span><\/h2>\n<p>P\u0103str\u0103m informa\u021biile dvs. personale doar at\u00e2t timp c\u00e2t este necesar pentru a \u00eendeplini scopurile descrise \u00een aceast\u0103 Politic\u0103 de confiden\u021bialitate sau \u00een conformitate cu legea. Odat\u0103 ce datele dvs. nu mai sunt necesare, le vom elimina \u00een siguran\u021b\u0103, \u00een conformitate cu practicile noastre de p\u0103strare a datelor.<\/p>\n<h2><span class=\"ez-toc-section\" id=\"International_Data_Transfers\"><\/span>Transferuri interna\u021bionale de date<span class=\"ez-toc-section-end\"><\/span><\/h2>\n<p>Fiind o platform\u0103 global\u0103, LiveCasinoFinder.com poate transfera \u0219i procesa informa\u021biile dvs. personale \u00een diferite loca\u021bii din \u00eentreaga lume. Ne asigur\u0103m c\u0103 exist\u0103 m\u0103suri de protec\u021bie adecvate pentru a v\u0103 proteja datele \u00een timpul transferurilor interna\u021bionale \u0219i respect\u0103m legile aplicabile privind protec\u021bia datelor.<\/p>\n<p>La LiveCasinoFinder.com, ne angaj\u0103m s\u0103 oferim un mediu de joc sigur, transparent \u0219i pl\u0103cut, protej\u00e2ndu-v\u0103 \u00een acela\u0219i timp confiden\u021bialitatea. \u00cencrederea \u0219i satisfac\u021bia dvs. sunt priorit\u0103\u021bile noastre de top.<\/p>","protected":false},"excerpt":{"rendered":"<p>La LiveCasinoFinder.com, \u00een\u021belegem importan\u021ba salvgard\u0103rii confiden\u021bialit\u0103\u021bii dumneavoastr\u0103 \u0219i a protej\u0103rii confiden\u021bialit\u0103\u021bii informa\u021biilor dumneavoastr\u0103 personale. Aceast\u0103 politic\u0103 de confiden\u021bialitate subliniaz\u0103 angajamentul nostru de neclintit fa\u021b\u0103 de protec\u021bia datelor, asigur\u00e2nd o experien\u021b\u0103 sigur\u0103 \u0219i pl\u0103cut\u0103 pe platforma noastr\u0103. Angajamentul nostru de a v\u0103 proteja confiden\u021bialitatea Pre\u021buim confiden\u021bialitatea dvs. \u0219i acord\u0103m prioritate protec\u021biei informa\u021biilor dvs. personale. [...]<\/p>","protected":false},"author":1,"featured_media":0,"parent":0,"menu_order":0,"comment_status":"closed","ping_status":"closed","template":"page-no-sidebar.php","meta":{"_lmt_disableupdate":"no","_lmt_disable":"no","footnotes":""},"class_list":["post-2109","page","type-page","status-publish","hentry"],"yoast_head":"<!-- This site is optimized with the Yoast SEO plugin v26.4 - https:\/\/yoast.com\/wordpress\/plugins\/seo\/ -->\n<title>Protecting Your Privacy | LiveCasinoFinder.com Privacy Policy<\/title>\n<meta name=\"description\" content=\"At LiveCasinoFinder.com, we prioritize the protection of your data. Our Privacy Policy outlines our commitment to safeguarding your personal information.\" \/>\n<meta name=\"robots\" content=\"index, follow, max-snippet:-1, max-image-preview:large, max-video-preview:-1\" \/>\n<link rel=\"canonical\" href=\"https:\/\/livecasinofinder.com\/wp-json\/wp\/v2\/pages\/2109\/\" \/>\n<meta property=\"og:locale\" content=\"ro_RO\" \/>\n<meta property=\"og:type\" content=\"article\" \/>\n<meta property=\"og:title\" content=\"Protecting Your Privacy | LiveCasinoFinder.com Privacy Policy\" \/>\n<meta property=\"og:description\" content=\"At LiveCasinoFinder.com, we prioritize the protection of your data. Our Privacy Policy outlines our commitment to safeguarding your personal information.\" \/>\n<meta property=\"og:url\" content=\"https:\/\/livecasinofinder.com\/ro\/privacy-policy\/\" \/>\n<meta property=\"og:site_name\" content=\"livecasinofinder.com\" \/>\n<meta property=\"og:image\" content=\"https:\/\/livecasinofinder.com\/wp-content\/uploads\/2023\/03\/lucasoilraceway-logo-1.png\" \/>\n\t<meta property=\"og:image:width\" content=\"427\" \/>\n\t<meta property=\"og:image:height\" content=\"145\" \/>\n\t<meta property=\"og:image:type\" content=\"image\/png\" \/>\n<meta name=\"twitter:card\" content=\"summary_large_image\" \/>\n<meta name=\"twitter:label1\" content=\"Timp estimat pentru citire\" \/>\n\t<meta name=\"twitter:data1\" content=\"4 minute\" \/>\n<!-- \/ Yoast SEO plugin. -->","yoast_head_json":{"title":"Protejarea confiden\u021bialit\u0103\u021bii dvs. | Politica de confiden\u021bialitate LiveCasinoFinder.com","description":"La LiveCasinoFinder.com, acord\u0103m prioritate protec\u021biei datelor dumneavoastr\u0103. Politica noastr\u0103 de confiden\u021bialitate subliniaz\u0103 angajamentul nostru de a proteja informa\u021biile dvs. personale.","robots":{"index":"index","follow":"follow","max-snippet":"max-snippet:-1","max-image-preview":"max-image-preview:large","max-video-preview":"max-video-preview:-1"},"canonical":"https:\/\/livecasinofinder.com\/wp-json\/wp\/v2\/pages\/2109\/","og_locale":"ro_RO","og_type":"article","og_title":"Protecting Your Privacy | LiveCasinoFinder.com Privacy Policy","og_description":"At LiveCasinoFinder.com, we prioritize the protection of your data. Our Privacy Policy outlines our commitment to safeguarding your personal information.","og_url":"https:\/\/livecasinofinder.com\/ro\/privacy-policy\/","og_site_name":"livecasinofinder.com","og_image":[{"width":427,"height":145,"url":"https:\/\/livecasinofinder.com\/wp-content\/uploads\/2023\/03\/lucasoilraceway-logo-1.png","type":"image\/png"}],"twitter_card":"summary_large_image","twitter_misc":{"Timp estimat pentru citire":"4 minute"},"schema":{"@context":"https:\/\/schema.org","@graph":[{"@type":"WebPage","@id":"https:\/\/livecasinofinder.com\/privacy-policy\/","url":"https:\/\/livecasinofinder.com\/privacy-policy\/","name":"Protejarea confiden\u021bialit\u0103\u021bii dvs. | Politica de confiden\u021bialitate LiveCasinoFinder.com","isPartOf":{"@id":"https:\/\/livecasinofinder.com\/ja\/#website"},"datePublished":"2023-06-20T14:37:04+00:00","description":"La LiveCasinoFinder.com, acord\u0103m prioritate protec\u021biei datelor dumneavoastr\u0103. Politica noastr\u0103 de confiden\u021bialitate subliniaz\u0103 angajamentul nostru de a proteja informa\u021biile dvs. personale.","breadcrumb":{"@id":"https:\/\/livecasinofinder.com\/privacy-policy\/#breadcrumb"},"inLanguage":"ro-RO","potentialAction":[{"@type":"ReadAction","target":["https:\/\/livecasinofinder.com\/privacy-policy\/"]}]},{"@type":"BreadcrumbList","@id":"https:\/\/livecasinofinder.com\/privacy-policy\/#breadcrumb","itemListElement":[{"@type":"ListItem","position":1,"name":"LiveCasinoFinder.com","item":"https:\/\/livecasinofinder.com\/fr\/"},{"@type":"ListItem","position":2,"name":"Privacy Policy"}]},{"@type":"WebSite","@id":"https:\/\/livecasinofinder.com\/ja\/#website","url":"https:\/\/livecasinofinder.com\/ja\/","name":"livecasinofinder","description":"","publisher":{"@id":"https:\/\/livecasinofinder.com\/ja\/#organization"},"alternateName":"Lucas oil raceway live casino","potentialAction":[{"@type":"SearchAction","target":{"@type":"EntryPoint","urlTemplate":"https:\/\/livecasinofinder.com\/ja\/?s={search_term_string}"},"query-input":{"@type":"PropertyValueSpecification","valueRequired":true,"valueName":"search_term_string"}}],"inLanguage":"ro-RO"},{"@type":"Organization","@id":"https:\/\/livecasinofinder.com\/ja\/#organization","name":"G\u0103si\u021bi un cazinou live","alternateName":"Lucas oil raceway live casino","url":"https:\/\/livecasinofinder.com\/ja\/","logo":{"@type":"ImageObject","inLanguage":"ro-RO","@id":"https:\/\/livecasinofinder.com\/ja\/#\/schema\/logo\/image\/","url":"https:\/\/livecasinofinder.com\/wp-content\/uploads\/2023\/04\/livecasinofinder-logo.png","contentUrl":"https:\/\/livecasinofinder.com\/wp-content\/uploads\/2023\/04\/livecasinofinder-logo.png","width":1600,"height":453,"caption":"Live Casino Finder"},"image":{"@id":"https:\/\/livecasinofinder.com\/ja\/#\/schema\/logo\/image\/"}}]}},"_links":{"self":[{"href":"https:\/\/livecasinofinder.com\/ro\/wp-json\/wp\/v2\/pages\/2109","targetHints":{"allow":["GET"]}}],"collection":[{"href":"https:\/\/livecasinofinder.com\/ro\/wp-json\/wp\/v2\/pages"}],"about":[{"href":"https:\/\/livecasinofinder.com\/ro\/wp-json\/wp\/v2\/types\/page"}],"author":[{"embeddable":true,"href":"https:\/\/livecasinofinder.com\/ro\/wp-json\/wp\/v2\/users\/1"}],"replies":[{"embeddable":true,"href":"https:\/\/livecasinofinder.com\/ro\/wp-json\/wp\/v2\/comments?post=2109"}],"version-history":[{"count":0,"href":"https:\/\/livecasinofinder.com\/ro\/wp-json\/wp\/v2\/pages\/2109\/revisions"}],"wp:attachment":[{"href":"https:\/\/livecasinofinder.com\/ro\/wp-json\/wp\/v2\/media?parent=2109"}],"curies":[{"name":"wp","href":"https:\/\/api.w.org\/{rel}","templated":true}]}}