{"id":2107,"date":"2023-06-20T14:36:44","date_gmt":"2023-06-20T14:36:44","guid":{"rendered":"https:\/\/livecasinofinder.com\/?page_id=2107"},"modified":"2025-06-03T11:09:24","modified_gmt":"2025-06-03T11:09:24","slug":"disclaimer","status":"publish","type":"page","link":"https:\/\/livecasinofinder.com\/ro\/disclaimer\/","title":{"rendered":"Disclaimer"},"content":{"rendered":"<p>LiveCasinoFinder.com este ghidul chintesen\u021bial pentru to\u021bi pasiona\u021bii de jocuri de noroc de acolo!\u00a0<em>A\u021bi fost vreodat\u0103 \u00een \u00eencurc\u0103tur\u0103 cu privire la ce live casino s\u0103 \u00eencerca\u021bi?<\/em>\u00a0Site-ul nostru ac\u021bioneaz\u0103 ca un far, ghid\u00e2ndu-v\u0103 prin lumea misterioas\u0103 a cazinourilor online live. LiveCasinoFinder.com v\u0103 ajut\u0103 s\u0103 g\u0103si\u021bi cele mai bune cazinouri live din lume. <a href=\"\/ro\/live-casinos\/\">cel mai bun live casinos<\/a>, compara\u021bi caracteristicile \u0219i chiar lua\u021bi c\u00e2teva bonusuri dulci super.<\/p>\n<div id=\"ez-toc-container\" class=\"ez-toc-v2_0_63 counter-hierarchy ez-toc-counter ez-toc-grey ez-toc-container-direction\">\n<label for=\"ez-toc-cssicon-toggle-item-69defb739cd2a\" class=\"ez-toc-cssicon-toggle-label\"><span class=\"ez-toc-cssicon\"><span class=\"eztoc-hide\" style=\"display:none;\">Toggle<\/span><span class=\"ez-toc-icon-toggle-span\"><svg style=\"fill: #999;color:#999\" xmlns=\"http:\/\/www.w3.org\/2000\/svg\" class=\"list-377408\" width=\"20px\" height=\"20px\" viewbox=\"0 0 24 24\" fill=\"none\"><path d=\"M6 6H4v2h2V6zm14 0H8v2h12V6zM4 11h2v2H4v-2zm16 0H8v2h12v-2zM4 16h2v2H4v-2zm16 0H8v2h12v-2z\" fill=\"currentColor\"><\/path><\/svg><svg style=\"fill: #999;color:#999\" class=\"arrow-unsorted-368013\" xmlns=\"http:\/\/www.w3.org\/2000\/svg\" width=\"10px\" height=\"10px\" viewbox=\"0 0 24 24\" version=\"1.2\" baseprofile=\"tiny\"><path d=\"M18.2 9.3l-6.2-6.3-6.2 6.3c-.2.2-.3.4-.3.7s.1.5.3.7c.2.2.4.3.7.3h11c.3 0 .5-.1.7-.3.2-.2.3-.5.3-.7s-.1-.5-.3-.7zM5.8 14.7l6.2 6.3 6.2-6.3c.2-.2.3-.5.3-.7s-.1-.5-.3-.7c-.2-.2-.4-.3-.7-.3h-11c-.3 0-.5.1-.7.3-.2.2-.3.5-.3.7s.1.5.3.7z\"\/><\/svg><\/span><\/span><\/label><input type=\"checkbox\"  id=\"ez-toc-cssicon-toggle-item-69defb739cd2a\" checked aria-label=\"Toggle\" \/><nav><ul class='ez-toc-list ez-toc-list-level-1' ><li class='ez-toc-page-1 ez-toc-heading-level-2'><a class=\"ez-toc-link ez-toc-heading-1\" href=\"https:\/\/livecasinofinder.com\/ro\/disclaimer\/#Objective_of_LiveCasinoFindercom\" title=\"Obiectiv de LiveCasinoFinder.com\">Obiectiv de LiveCasinoFinder.com<\/a><\/li><li class='ez-toc-page-1 ez-toc-heading-level-2'><a class=\"ez-toc-link ez-toc-heading-2\" href=\"https:\/\/livecasinofinder.com\/ro\/disclaimer\/#Limitations_and_Liability\" title=\"Limit\u0103ri \u0219i r\u0103spundere\">Limit\u0103ri \u0219i r\u0103spundere<\/a><ul class='ez-toc-list-level-3' ><li class='ez-toc-heading-level-3'><a class=\"ez-toc-link ez-toc-heading-3\" href=\"https:\/\/livecasinofinder.com\/ro\/disclaimer\/#Validity_of_Information\" title=\"Valabilitatea informa\u021biilor\">Valabilitatea informa\u021biilor<\/a><\/li><li class='ez-toc-page-1 ez-toc-heading-level-3'><a class=\"ez-toc-link ez-toc-heading-4\" href=\"https:\/\/livecasinofinder.com\/ro\/disclaimer\/#User_Responsibilities\" title=\"Responsabilit\u0103\u021bile utilizatorului\">Responsabilit\u0103\u021bile utilizatorului<\/a><ul class='ez-toc-list-level-4' ><li class='ez-toc-heading-level-4'><a class=\"ez-toc-link ez-toc-heading-5\" href=\"https:\/\/livecasinofinder.com\/ro\/disclaimer\/#Age_Restrictions\" title=\"Restric\u021bii de v\u00e2rst\u0103\">Restric\u021bii de v\u00e2rst\u0103<\/a><\/li><li class='ez-toc-page-1 ez-toc-heading-level-4'><a class=\"ez-toc-link ez-toc-heading-6\" href=\"https:\/\/livecasinofinder.com\/ro\/disclaimer\/#Responsible_Gambling\" title=\"Joc de noroc responsabil\">Joc de noroc responsabil<\/a><\/li><\/ul><\/li><\/ul><\/li><li class='ez-toc-page-1 ez-toc-heading-level-2'><a class=\"ez-toc-link ez-toc-heading-7\" href=\"https:\/\/livecasinofinder.com\/ro\/disclaimer\/#Third-Party_Content_and_Links\" title=\"Con\u021binut \u0219i link-uri de la ter\u021bi\">Con\u021binut \u0219i link-uri de la ter\u021bi<\/a><ul class='ez-toc-list-level-3' ><li class='ez-toc-heading-level-3'><a class=\"ez-toc-link ez-toc-heading-8\" href=\"https:\/\/livecasinofinder.com\/ro\/disclaimer\/#External_Links\" title=\"Leg\u0103turi externe\">Leg\u0103turi externe<\/a><\/li><li class='ez-toc-page-1 ez-toc-heading-level-3'><a class=\"ez-toc-link ez-toc-heading-9\" href=\"https:\/\/livecasinofinder.com\/ro\/disclaimer\/#Affiliations_and_Partnerships\" title=\"Afilieri \u0219i parteneriate\">Afilieri \u0219i parteneriate<\/a><\/li><\/ul><\/li><li class='ez-toc-page-1 ez-toc-heading-level-2'><a class=\"ez-toc-link ez-toc-heading-10\" href=\"https:\/\/livecasinofinder.com\/ro\/disclaimer\/#Intellectual_Property\" title=\"Proprietatea intelectual\u0103\">Proprietatea intelectual\u0103<\/a><ul class='ez-toc-list-level-3' ><li class='ez-toc-heading-level-3'><a class=\"ez-toc-link ez-toc-heading-11\" href=\"https:\/\/livecasinofinder.com\/ro\/disclaimer\/#Copyrights\" title=\"Drepturi de autor\">Drepturi de autor<\/a><\/li><li class='ez-toc-page-1 ez-toc-heading-level-3'><a class=\"ez-toc-link ez-toc-heading-12\" href=\"https:\/\/livecasinofinder.com\/ro\/disclaimer\/#Use_of_Content\" title=\"Utilizarea con\u021binutului\">Utilizarea con\u021binutului<\/a><\/li><li class='ez-toc-page-1 ez-toc-heading-level-3'><a class=\"ez-toc-link ez-toc-heading-13\" href=\"https:\/\/livecasinofinder.com\/ro\/disclaimer\/#Indemnification\" title=\"Desp\u0103gubire\">Desp\u0103gubire<\/a><\/li><\/ul><\/li><li class='ez-toc-page-1 ez-toc-heading-level-2'><a class=\"ez-toc-link ez-toc-heading-14\" href=\"https:\/\/livecasinofinder.com\/ro\/disclaimer\/#Governing_Law_and_Jurisdiction\" title=\"Legea aplicabil\u0103 \u0219i jurisdic\u021bia\">Legea aplicabil\u0103 \u0219i jurisdic\u021bia<\/a><\/li><li class='ez-toc-page-1 ez-toc-heading-level-2'><a class=\"ez-toc-link ez-toc-heading-15\" href=\"https:\/\/livecasinofinder.com\/ro\/disclaimer\/#Updates_to_Disclaimer\" title=\"Actualiz\u0103ri ale clauzei de renun\u021bare\">Actualiz\u0103ri ale clauzei de renun\u021bare<\/a><\/li><li class='ez-toc-page-1 ez-toc-heading-level-2'><a class=\"ez-toc-link ez-toc-heading-16\" href=\"https:\/\/livecasinofinder.com\/ro\/disclaimer\/#Contact_Information\" title=\"Informa\u021bii de contact\">Informa\u021bii de contact<\/a><\/li><li class='ez-toc-page-1 ez-toc-heading-level-2'><a class=\"ez-toc-link ez-toc-heading-17\" href=\"https:\/\/livecasinofinder.com\/ro\/disclaimer\/#Conclusion\" title=\"Concluzie\">Concluzie<\/a><\/li><\/ul><\/nav><\/div>\n\n<h2><span class=\"ez-toc-section\" id=\"Objective_of_LiveCasinoFindercom\"><\/span>Obiectiv de LiveCasinoFinder.com<span class=\"ez-toc-section-end\"><\/span><\/h2>\n<p>LiveCasinoFinder.com are un singur scop:\u00a0<em>pentru a v\u0103 face c\u0103l\u0103toria de gambling online mai u\u0219oar\u0103 dec\u00e2t o chint\u0103 de culoare<\/em>. V\u0103 oferim informa\u021bii de \u00eencredere, informa\u021bii de specialitate \u0219i strategii de top. Cu toate acestea, nu uita\u021bi c\u0103 noi suntem Gandalf pentru Frodo al dvs.; c\u0103utarea final\u0103 v\u0103 apar\u021bine.<\/p>\n<h2><span class=\"ez-toc-section\" id=\"Limitations_and_Liability\"><\/span>Limit\u0103ri \u0219i r\u0103spundere<span class=\"ez-toc-section-end\"><\/span><\/h2>\n<p>La fel ca o aventur\u0103 \u00eendr\u0103znea\u021b\u0103 a pira\u021bilor, c\u0103l\u0103toria dvs. aici este pe propriul risc. Nu suntem r\u0103spunz\u0103tori pentru orice pierderi sau daune. H\u0103r\u021bile noastre cu comori sunt doar ni\u0219te ghiduri; riscurile vi le asuma\u021bi singuri.<\/p>\n<h3><span class=\"ez-toc-section\" id=\"Validity_of_Information\"><\/span>Valabilitatea informa\u021biilor<span class=\"ez-toc-section-end\"><\/span><\/h3>\n<p>Ne-am dedicat trup \u0219i suflet pentru a v\u0103 oferi cele mai exacte \u0219i actualizate informa\u021bii. Cu toate acestea, la fel ca \u00een poker, uneori lucrurile se schimb\u0103 \u00een mod imprevizibil. \u00cen consecin\u021b\u0103, nu putem garanta c\u0103 tot ceea ce g\u0103si\u021bi aici va fi mereu proasp\u0103t ca o margaret\u0103.<\/p>\n<h3><span class=\"ez-toc-section\" id=\"User_Responsibilities\"><\/span>Responsabilit\u0103\u021bile utilizatorului<span class=\"ez-toc-section-end\"><\/span><\/h3>\n<h4><span class=\"ez-toc-section\" id=\"Age_Restrictions\"><\/span>Restric\u021bii de v\u00e2rst\u0103<span class=\"ez-toc-section-end\"><\/span><\/h4>\n<p>E\u0219ti destul de mare pentru a arunca zarurile? \u00cenainte de a p\u0103\u0219i \u00een lumea palpitant\u0103 a LiveCasinoFinder.com, asigura\u021bi-v\u0103 c\u0103 ave\u021bi v\u00e2rsta legal\u0103 pentru a juca. Dac\u0103 nu, este timpul s\u0103 pleca\u021bi de aici!<\/p>\n<h4><span class=\"ez-toc-section\" id=\"Responsible_Gambling\"><\/span>Joc de noroc responsabil<span class=\"ez-toc-section-end\"><\/span><\/h4>\n<p>Jocurile de noroc ar trebui s\u0103 fie ca \u0219i cum ai bea un vin bun - \u00een mod responsabil. Aminti\u021bi-v\u0103 \u00eentotdeauna s\u0103 v\u0103 p\u0103stra\u021bi cump\u0103tul \u0219i s\u0103 nu paria\u021bi niciodat\u0103 mai mult dec\u00e2t v\u0103 pute\u021bi permite s\u0103 pierde\u021bi. G\u00e2ndi\u021bi-v\u0103 c\u0103 este o sear\u0103 de jocuri amicale; sunte\u021bi aici pentru a v\u0103 distra, nu pentru a v\u0103 goli economiile de-o via\u021b\u0103!<\/p>\n<h2><span class=\"ez-toc-section\" id=\"Third-Party_Content_and_Links\"><\/span>Con\u021binut \u0219i link-uri de la ter\u021bi<span class=\"ez-toc-section-end\"><\/span><\/h2>\n<h3><span class=\"ez-toc-section\" id=\"External_Links\"><\/span>Leg\u0103turi externe<span class=\"ez-toc-section-end\"><\/span><\/h3>\n<p><em>Ai sim\u021bit vreodat\u0103 nevoia s\u0103 explorezi noi t\u0103r\u00e2muri?<\/em>\u00a0Oferim linkuri c\u0103tre site-uri ale unor ter\u021be p\u0103r\u021bi. Cu toate acestea, mergi cu grij\u0103, tinere explorator. Nu suntem responsabili pentru dragonii sau con\u021binutul pe care l-ai putea \u00eent\u00e2lni acolo.<\/p>\n<h3><span class=\"ez-toc-section\" id=\"Affiliations_and_Partnerships\"><\/span>Afilieri \u0219i parteneriate<span class=\"ez-toc-section-end\"><\/span><\/h3>\n<p>Suntem m\u00e2ndri s\u0103 fim afilia\u021bi cu unele dintre cele mai importante companii din industrie. Cu toate acestea, integritatea noastr\u0103 r\u0103m\u00e2ne neatins\u0103, iar opiniile noastre neschimbate. Parteneriatele nu ne conduc pe noi, ci noi le conducem pe ele!<\/p>\n<h2><span class=\"ez-toc-section\" id=\"Intellectual_Property\"><\/span>Proprietatea intelectual\u0103<span class=\"ez-toc-section-end\"><\/span><\/h2>\n<h3><span class=\"ez-toc-section\" id=\"Copyrights\"><\/span>Drepturi de autor<span class=\"ez-toc-section-end\"><\/span><\/h3>\n<p>Con\u021binutul nostru este la fel de unic ca un unicorn \u0219i este protejat sub scutul fermecat al legilor privind drepturile de autor. Respecta\u021bi regatul, nu ne fura\u021bi con\u021binutul!<\/p>\n<h3><span class=\"ez-toc-section\" id=\"Use_of_Content\"><\/span>Utilizarea con\u021binutului<span class=\"ez-toc-section-end\"><\/span><\/h3>\n<p>Nu ezita\u021bi s\u0103 folosi\u021bi con\u021binutul nostru, dar nu uita\u021bi s\u0103 atribui\u021bi sursa magic\u0103, LiveCasinoFinder.com.\u00a0<em>Nu i-ai da credit unui vr\u0103jitor care \u021bi-ar \u00eenm\u00e2na o hart\u0103 a comorii?<\/em><\/p>\n<h3><span class=\"ez-toc-section\" id=\"Indemnification\"><\/span>Desp\u0103gubire<span class=\"ez-toc-section-end\"><\/span><\/h3>\n<p>Dac\u0103 ac\u021biunile dvs. duc la necazuri juridice, este ca \u0219i cum a\u021bi merge singuri pe sc\u00e2ndur\u0103; nu vom \u00eemp\u0103r\u021bi c\u0103derea. Ne ve\u021bi desp\u0103gubi pentru orice preten\u021bii care apar ca urmare a utiliz\u0103rii h\u0103r\u021bilor noastre de comori.<\/p>\n<h2><span class=\"ez-toc-section\" id=\"Governing_Law_and_Jurisdiction\"><\/span>Legea aplicabil\u0103 \u0219i jurisdic\u021bia<span class=\"ez-toc-section-end\"><\/span><\/h2>\n<p>Legile care guverneaz\u0103 teritoriul LiveCasinoFinder.com sunt stricte \u0219i obligatorii. Orice dispute vor fi rezolvate sub ochiul vigilent al vulturilor legali, \u00een conformitate cu legile \u021b\u0103rii.<\/p>\n<h2><span class=\"ez-toc-section\" id=\"Updates_to_Disclaimer\"><\/span>Actualiz\u0103ri ale clauzei de renun\u021bare<span class=\"ez-toc-section-end\"><\/span><\/h2>\n<p>Este posibil s\u0103 actualiz\u0103m aceast\u0103 clauz\u0103 de renun\u021bare la r\u0103spundere ca o nav\u0103 care \u00ee\u0219i schimb\u0103 cursul. \u021aine\u021bi luneta \u00eendreptat\u0103 spre aceast\u0103 pagin\u0103 pentru a fi informat stay.<\/p>\n<h2><span class=\"ez-toc-section\" id=\"Contact_Information\"><\/span>Informa\u021bii de contact<span class=\"ez-toc-section-end\"><\/span><\/h2>\n<p>Dac\u0103 ave\u021bi nevoie s\u0103 ne contacta\u021bi, trimite\u021bi-ne un mesaj \u00eentr-o sticl\u0103 sau contacta\u021bi-ne prin intermediul site-ului nostru. Apreciem feedback-ul a\u0219a cum un pirat apreciaz\u0103 aurul!<\/p>\n<h2><span class=\"ez-toc-section\" id=\"Conclusion\"><\/span>Concluzie<span class=\"ez-toc-section-end\"><\/span><\/h2>\n<p>A\u0219adar, prieteni aventurieri, asta \u00eencheie derularea oficial\u0103 a disclaimer-ului pentru LiveCasinoFinder.com. Aminti\u021bi-v\u0103, cu o mare putere (sau informa\u021bii, \u00een acest caz), vine o mare responsabilitate. Folosi\u021bi cu \u00een\u021belepciune h\u0103r\u021bile comorilor \u0219i fie ca misiunea voastr\u0103 s\u0103 fie plin\u0103 de bog\u0103\u021bii!<\/p>","protected":false},"excerpt":{"rendered":"<p>LiveCasinoFinder.com este ghidul chintesen\u021bial pentru to\u021bi pasiona\u021bii de jocuri de noroc de acolo! A\u021bi fost vreodat\u0103 \u00eentr-o enigm\u0103 cu privire la care live casino s\u0103 \u00eencerca\u021bi? Site-ul nostru ac\u021bioneaz\u0103 ca un far, ghid\u00e2ndu-v\u0103 prin lumea misterioas\u0103 a cazinourilor online live. LiveCasinoFinder.com v\u0103 ajut\u0103 s\u0103 g\u0103si\u021bi cele mai bune live casino-uri, s\u0103 compara\u021bi caracteristicile \u0219i chiar s\u0103 smulge\u021bi ni\u0219te bonusuri dulci super. Obiectivul [...]<\/p>","protected":false},"author":1,"featured_media":0,"parent":0,"menu_order":0,"comment_status":"closed","ping_status":"closed","template":"page-no-sidebar.php","meta":{"_lmt_disableupdate":"no","_lmt_disable":"no","footnotes":""},"class_list":["post-2107","page","type-page","status-publish","hentry"],"yoast_head":"<!-- This site is optimized with the Yoast SEO plugin v26.4 - https:\/\/yoast.com\/wordpress\/plugins\/seo\/ -->\n<title>Disclaimer and Important Information<\/title>\n<meta name=\"description\" content=\"Read Live Casino Finder\u2019s disclaimer to understand our policies and ensure a clear and transparent experience when using our live casino guides and reviews.\" \/>\n<meta name=\"robots\" content=\"index, follow, max-snippet:-1, max-image-preview:large, max-video-preview:-1\" \/>\n<link rel=\"canonical\" href=\"https:\/\/livecasinofinder.com\/wp-json\/wp\/v2\/pages\/2107\/\" \/>\n<meta property=\"og:locale\" content=\"ro_RO\" \/>\n<meta property=\"og:type\" content=\"article\" \/>\n<meta property=\"og:title\" content=\"Disclaimer and Important Information\" \/>\n<meta property=\"og:description\" content=\"Read Live Casino Finder\u2019s disclaimer to understand our policies and ensure a clear and transparent experience when using our live casino guides and reviews.\" \/>\n<meta property=\"og:url\" content=\"https:\/\/livecasinofinder.com\/ro\/disclaimer\/\" \/>\n<meta property=\"og:site_name\" content=\"livecasinofinder.com\" \/>\n<meta property=\"article:modified_time\" content=\"2025-06-03T11:09:24+00:00\" \/>\n<meta property=\"og:image\" content=\"https:\/\/livecasinofinder.com\/wp-content\/uploads\/2023\/03\/lucasoilraceway-logo-1.png\" \/>\n\t<meta property=\"og:image:width\" content=\"427\" \/>\n\t<meta property=\"og:image:height\" content=\"145\" \/>\n\t<meta property=\"og:image:type\" content=\"image\/png\" \/>\n<meta name=\"twitter:card\" content=\"summary_large_image\" \/>\n<meta name=\"twitter:label1\" content=\"Timp estimat pentru citire\" \/>\n\t<meta name=\"twitter:data1\" content=\"3 minute\" \/>\n<!-- \/ Yoast SEO plugin. -->","yoast_head_json":{"title":"Disclaimer and Important Information","description":"Read Live Casino Finder\u2019s disclaimer to understand our policies and ensure a clear and transparent experience when using our live casino guides and reviews.","robots":{"index":"index","follow":"follow","max-snippet":"max-snippet:-1","max-image-preview":"max-image-preview:large","max-video-preview":"max-video-preview:-1"},"canonical":"https:\/\/livecasinofinder.com\/wp-json\/wp\/v2\/pages\/2107\/","og_locale":"ro_RO","og_type":"article","og_title":"Disclaimer and Important Information","og_description":"Read Live Casino Finder\u2019s disclaimer to understand our policies and ensure a clear and transparent experience when using our live casino guides and reviews.","og_url":"https:\/\/livecasinofinder.com\/ro\/disclaimer\/","og_site_name":"livecasinofinder.com","article_modified_time":"2025-06-03T11:09:24+00:00","og_image":[{"width":427,"height":145,"url":"https:\/\/livecasinofinder.com\/wp-content\/uploads\/2023\/03\/lucasoilraceway-logo-1.png","type":"image\/png"}],"twitter_card":"summary_large_image","twitter_misc":{"Timp estimat pentru citire":"3 minute"},"schema":{"@context":"https:\/\/schema.org","@graph":[{"@type":"WebPage","@id":"https:\/\/livecasinofinder.com\/disclaimer\/","url":"https:\/\/livecasinofinder.com\/disclaimer\/","name":"Disclaimer and Important Information","isPartOf":{"@id":"https:\/\/livecasinofinder.com\/ja\/#website"},"datePublished":"2023-06-20T14:36:44+00:00","dateModified":"2025-06-03T11:09:24+00:00","description":"Read Live Casino Finder\u2019s disclaimer to understand our policies and ensure a clear and transparent experience when using our live casino guides and reviews.","breadcrumb":{"@id":"https:\/\/livecasinofinder.com\/disclaimer\/#breadcrumb"},"inLanguage":"ro-RO","potentialAction":[{"@type":"ReadAction","target":["https:\/\/livecasinofinder.com\/disclaimer\/"]}]},{"@type":"BreadcrumbList","@id":"https:\/\/livecasinofinder.com\/disclaimer\/#breadcrumb","itemListElement":[{"@type":"ListItem","position":1,"name":"LiveCasinoFinder.com","item":"https:\/\/livecasinofinder.com\/fr\/"},{"@type":"ListItem","position":2,"name":"Disclaimer"}]},{"@type":"WebSite","@id":"https:\/\/livecasinofinder.com\/ja\/#website","url":"https:\/\/livecasinofinder.com\/ja\/","name":"livecasinofinder","description":"","publisher":{"@id":"https:\/\/livecasinofinder.com\/ja\/#organization"},"alternateName":"Lucas oil raceway live casino","potentialAction":[{"@type":"SearchAction","target":{"@type":"EntryPoint","urlTemplate":"https:\/\/livecasinofinder.com\/ja\/?s={search_term_string}"},"query-input":{"@type":"PropertyValueSpecification","valueRequired":true,"valueName":"search_term_string"}}],"inLanguage":"ro-RO"},{"@type":"Organization","@id":"https:\/\/livecasinofinder.com\/ja\/#organization","name":"G\u0103si\u021bi un cazinou live","alternateName":"Lucas oil raceway live casino","url":"https:\/\/livecasinofinder.com\/ja\/","logo":{"@type":"ImageObject","inLanguage":"ro-RO","@id":"https:\/\/livecasinofinder.com\/ja\/#\/schema\/logo\/image\/","url":"https:\/\/livecasinofinder.com\/wp-content\/uploads\/2023\/04\/livecasinofinder-logo.png","contentUrl":"https:\/\/livecasinofinder.com\/wp-content\/uploads\/2023\/04\/livecasinofinder-logo.png","width":1600,"height":453,"caption":"Live Casino Finder"},"image":{"@id":"https:\/\/livecasinofinder.com\/ja\/#\/schema\/logo\/image\/"}}]}},"_links":{"self":[{"href":"https:\/\/livecasinofinder.com\/ro\/wp-json\/wp\/v2\/pages\/2107","targetHints":{"allow":["GET"]}}],"collection":[{"href":"https:\/\/livecasinofinder.com\/ro\/wp-json\/wp\/v2\/pages"}],"about":[{"href":"https:\/\/livecasinofinder.com\/ro\/wp-json\/wp\/v2\/types\/page"}],"author":[{"embeddable":true,"href":"https:\/\/livecasinofinder.com\/ro\/wp-json\/wp\/v2\/users\/1"}],"replies":[{"embeddable":true,"href":"https:\/\/livecasinofinder.com\/ro\/wp-json\/wp\/v2\/comments?post=2107"}],"version-history":[{"count":0,"href":"https:\/\/livecasinofinder.com\/ro\/wp-json\/wp\/v2\/pages\/2107\/revisions"}],"wp:attachment":[{"href":"https:\/\/livecasinofinder.com\/ro\/wp-json\/wp\/v2\/media?parent=2107"}],"curies":[{"name":"wp","href":"https:\/\/api.w.org\/{rel}","templated":true}]}}