{"id":2105,"date":"2023-06-20T14:36:13","date_gmt":"2023-06-20T14:36:13","guid":{"rendered":"https:\/\/livecasinofinder.com\/?page_id=2105"},"modified":"2025-06-03T11:10:21","modified_gmt":"2025-06-03T11:10:21","slug":"cookie-policy","status":"publish","type":"page","link":"https:\/\/livecasinofinder.com\/ro\/cookie-policy\/","title":{"rendered":"Politica privind cookie-urile"},"content":{"rendered":"<p>Bine a\u021bi venit la <a href=\"\/ro\/\">G\u0103si\u021bi un cazinou live<\/a>, destina\u021bia ta final\u0103 pentru toate lucrurile legate de jocurile live casino! Suntem dedica\u021bi s\u0103 v\u0103 oferim o experien\u021b\u0103 de joc online captivant\u0103 \u0219i palpitant\u0103 ca nici o alta. Pe m\u0103sur\u0103 ce ne \u00eembarc\u0103m \u00een aceast\u0103 c\u0103l\u0103torie antrenant\u0103 together, dorim s\u0103 facem lumin\u0103 asupra Politicii noastre cuprinz\u0103toare privind cookie-urile. Angajamentul nostru fa\u021b\u0103 de transparen\u021b\u0103, confiden\u021bialitate \u0219i oferirea unei experien\u021be excep\u021bionale pentru utilizatori se afl\u0103 \u00een prim-planul a tot ceea ce facem.<\/p>\n<div id=\"ez-toc-container\" class=\"ez-toc-v2_0_63 counter-hierarchy ez-toc-counter ez-toc-grey ez-toc-container-direction\">\n<label for=\"ez-toc-cssicon-toggle-item-69e74884272bd\" class=\"ez-toc-cssicon-toggle-label\"><span class=\"ez-toc-cssicon\"><span class=\"eztoc-hide\" style=\"display:none;\">Toggle<\/span><span class=\"ez-toc-icon-toggle-span\"><svg style=\"fill: #999;color:#999\" xmlns=\"http:\/\/www.w3.org\/2000\/svg\" class=\"list-377408\" width=\"20px\" height=\"20px\" viewbox=\"0 0 24 24\" fill=\"none\"><path d=\"M6 6H4v2h2V6zm14 0H8v2h12V6zM4 11h2v2H4v-2zm16 0H8v2h12v-2zM4 16h2v2H4v-2zm16 0H8v2h12v-2z\" fill=\"currentColor\"><\/path><\/svg><svg style=\"fill: #999;color:#999\" class=\"arrow-unsorted-368013\" xmlns=\"http:\/\/www.w3.org\/2000\/svg\" width=\"10px\" height=\"10px\" viewbox=\"0 0 24 24\" version=\"1.2\" baseprofile=\"tiny\"><path d=\"M18.2 9.3l-6.2-6.3-6.2 6.3c-.2.2-.3.4-.3.7s.1.5.3.7c.2.2.4.3.7.3h11c.3 0 .5-.1.7-.3.2-.2.3-.5.3-.7s-.1-.5-.3-.7zM5.8 14.7l6.2 6.3 6.2-6.3c.2-.2.3-.5.3-.7s-.1-.5-.3-.7c-.2-.2-.4-.3-.7-.3h-11c-.3 0-.5.1-.7.3-.2.2-.3.5-.3.7s.1.5.3.7z\"\/><\/svg><\/span><\/span><\/label><input type=\"checkbox\"  id=\"ez-toc-cssicon-toggle-item-69e74884272bd\" checked aria-label=\"Toggle\" \/><nav><ul class='ez-toc-list ez-toc-list-level-1' ><li class='ez-toc-page-1 ez-toc-heading-level-2'><a class=\"ez-toc-link ez-toc-heading-1\" href=\"https:\/\/livecasinofinder.com\/ro\/cookie-policy\/#Live_Casino_Finder_Comprehensive_Cookie_Policy\" title=\"Live Casino Finder Politica complet\u0103 privind cookie-urile\">Live Casino Finder Politica complet\u0103 privind cookie-urile<\/a><\/li><li class='ez-toc-page-1 ez-toc-heading-level-2'><a class=\"ez-toc-link ez-toc-heading-2\" href=\"https:\/\/livecasinofinder.com\/ro\/cookie-policy\/#Exploring_the_Concept_of_Cookies\" title=\"Explorarea conceptului de cookie-uri\">Explorarea conceptului de cookie-uri<\/a><\/li><li class='ez-toc-page-1 ez-toc-heading-level-2'><a class=\"ez-toc-link ez-toc-heading-3\" href=\"https:\/\/livecasinofinder.com\/ro\/cookie-policy\/#Our_Application_of_Cookies\" title=\"Aplicarea noastr\u0103 a cookie-urilor\">Aplicarea noastr\u0103 a cookie-urilor<\/a><\/li><li class='ez-toc-page-1 ez-toc-heading-level-2'><a class=\"ez-toc-link ez-toc-heading-4\" href=\"https:\/\/livecasinofinder.com\/ro\/cookie-policy\/#Categories_of_Cookies_We_Use\" title=\"Categorii de cookie-uri pe care le folosim\">Categorii de cookie-uri pe care le folosim<\/a><\/li><li class='ez-toc-page-1 ez-toc-heading-level-2'><a class=\"ez-toc-link ez-toc-heading-5\" href=\"https:\/\/livecasinofinder.com\/ro\/cookie-policy\/#Managing_Your_Cookie_Preferences\" title=\"Gestionarea preferin\u021belor dvs. privind cookie-urile\">Gestionarea preferin\u021belor dvs. privind cookie-urile<\/a><\/li><\/ul><\/nav><\/div>\n\n<h2><span class=\"ez-toc-section\" id=\"Live_Casino_Finder_Comprehensive_Cookie_Policy\"><\/span>Live Casino Finder Politica complet\u0103 privind cookie-urile<span class=\"ez-toc-section-end\"><\/span><\/h2>\n<p>La Live Casino Finder, acord\u0103m prioritate confiden\u021bialit\u0103\u021bii dvs., oferind \u00een acela\u0219i timp o experien\u021b\u0103 de navigare personalizat\u0103 \u0219i f\u0103r\u0103 \u00eentreruperi. Politica noastr\u0103 cuprinz\u0103toare privind cookie-urile este conceput\u0103 pentru a v\u0103 oferi claritate \u0219i siguran\u021b\u0103, asigur\u00e2ndu-v\u0103 c\u0103 intimitatea dvs. r\u0103m\u00e2ne protejat\u0103 \u00een timp ce explora\u021bi lumea captivant\u0103 a jocurilor de noroc live casino.<\/p>\n<h2><span class=\"ez-toc-section\" id=\"Exploring_the_Concept_of_Cookies\"><\/span>Explorarea conceptului de cookie-uri<span class=\"ez-toc-section-end\"><\/span><\/h2>\n<p>Cookie-urile sunt mici fi\u0219iere text care sunt trimise pe dispozitivul dumneavoastr\u0103 atunci c\u00e2nd vizita\u021bi site-ul nostru web. Aceste minun\u0103\u021bii digitale joac\u0103 un rol crucial \u00een optimizarea timpului petrecut cu noi. Permi\u021b\u00e2ndu-ne s\u0103 v\u0103 recunoa\u0219tem \u0219i s\u0103 ne amintim de dumneavoastr\u0103, cookie-urile permit o c\u0103l\u0103torie continu\u0103 \u0219i personalizat\u0103, adaptat\u0103 preferin\u021belor dumneavoastr\u0103. La Live Casino Finder, valorific\u0103m puterea cookie-urilor pentru a v\u0103 face experien\u021ba mai pl\u0103cut\u0103, mai eficient\u0103 \u0219i mai interactiv\u0103.<\/p>\n<h2><span class=\"ez-toc-section\" id=\"Our_Application_of_Cookies\"><\/span>Aplicarea noastr\u0103 a cookie-urilor<span class=\"ez-toc-section-end\"><\/span><\/h2>\n<p>Ne folosim de cookie-uri pentru a v\u0103 ridica aventura de joc live casino la noi \u00een\u0103l\u021bimi. Aceste instrumente puternice ne ajut\u0103 s\u0103 oferim o experien\u021b\u0103 personalizat\u0103 \u0219i centrat\u0103 pe utilizator. Prin utilizarea cookie-urilor, ne putem aminti preferin\u021bele dumneavoastr\u0103, asigur\u00e2ndu-ne c\u0103 fiecare vizit\u0103 se simte ca o invita\u021bie personalizat\u0103 la o lume de emo\u021bie. Fie c\u0103 este vorba de personalizarea recomand\u0103rilor de joc, de re\u021binerea set\u0103rilor dvs. preferate sau de oferirea de promo\u021bii exclusive, cookie-urile ne permit s\u0103 cre\u0103m o experien\u021b\u0103 de neuitat doar pentru dvs.<\/p>\n<h2><span class=\"ez-toc-section\" id=\"Categories_of_Cookies_We_Use\"><\/span>Categorii de cookie-uri pe care le folosim<span class=\"ez-toc-section-end\"><\/span><\/h2>\n<ol>\n<li>Cookie-uri necesare: Aceste cookie-uri sunt vitale pentru func\u021bionarea fundamental\u0103 a site-ului nostru web. Ele permit func\u021bii esen\u021biale, cum ar fi autentificarea securizat\u0103, gestionarea conturilor \u0219i tranzac\u021bii f\u0103r\u0103 \u00eentreruperi, asigur\u00e2nd c\u0103 experien\u021ba dvs. de joc r\u0103m\u00e2ne f\u0103r\u0103 probleme \u0219i ne\u00eentrerupt\u0103.<\/li>\n<li>Cookie-uri de performan\u021b\u0103: La Live Casino Finder, ne str\u0103duim s\u0103 v\u0103 oferim cea mai bun\u0103 experien\u021b\u0103 de joc live casino. Cookie-urile de performan\u021b\u0103 ne permit s\u0103 adun\u0103m informa\u021bii despre modul \u00een care naviga\u021bi pe site-ul nostru, permi\u021b\u00e2ndu-ne s\u0103 analiz\u0103m \u0219i s\u0103 optimiz\u0103m performan\u021ba platformei noastre. Prin \u00eembun\u0103t\u0103\u021birea continu\u0103 a serviciilor noastre, ne asigur\u0103m c\u0103 experien\u021ba dvs. de joc este rapid\u0103, fiabil\u0103 \u0219i excep\u021bional\u0103.<\/li>\n<li>Cookie-uri func\u021bionale: Angajamentul nostru pentru personalizare se reflect\u0103 \u00een utilizarea cookie-urilor de func\u021bionalitate. Aceste cookie-uri ne permit s\u0103 ne amintim preferin\u021bele dumneavoastr\u0103, cre\u00e2nd un mediu de joc personalizat \u0219i captivant doar pentru dumneavoastr\u0103. De la re\u021binerea preferin\u021belor dvs. de limb\u0103 p\u00e2n\u0103 la oferirea de op\u021biuni de joc relevante, cookie-urile de func\u021bionalitate fac ca aventura dvs. de joc live casino s\u0103 fie de neuitat.<\/li>\n<\/ol>\n<h2><span class=\"ez-toc-section\" id=\"Managing_Your_Cookie_Preferences\"><\/span>Gestionarea preferin\u021belor dvs. privind cookie-urile<span class=\"ez-toc-section-end\"><\/span><\/h2>\n<p>Credem c\u0103 ar trebui s\u0103 ave\u021bi control asupra confiden\u021bialit\u0103\u021bii \u0219i a experien\u021bei de navigare. Live Casino Finder v\u0103 ofer\u0103 op\u021biuni u\u0219oare pentru a v\u0103 gestiona preferin\u021bele privind cookie-urile \u00een func\u021bie de preferin\u021bele dumneavoastr\u0103. V\u0103 pute\u021bi ajusta set\u0103rile prin intermediul browserului dvs., aleg\u00e2nd s\u0103 accepta\u021bi sau s\u0103 refuza\u021bi cookie-urile. Cu toate acestea, v\u0103 rug\u0103m s\u0103 re\u021bine\u021bi c\u0103 dezactivarea cookie-urilor poate limita anumite caracteristici \u0219i func\u021bionalit\u0103\u021bi ale site-ului nostru. Ne str\u0103duim s\u0103 g\u0103sim echilibrul perfect \u00eentre personalizare \u0219i confiden\u021bialitate, asigur\u00e2ndu-ne c\u0103 c\u0103l\u0103toria dvs. cu Live Casino Finder este sigur\u0103, f\u0103r\u0103 probleme \u0219i adaptat\u0103 dorin\u021belor dvs.<\/p>\n<p>\u00cen concluzie, politica cuprinz\u0103toare de cookie-uri a Live Casino Finder arat\u0103 angajamentul nostru de nezdruncinat fa\u021b\u0103 de transparen\u021b\u0103, confiden\u021bialitate \u0219i oferirea unei experien\u021be de joc extraordinare live casino. Cu puterea cookie-urilor, ne propunem s\u0103 cre\u0103m o c\u0103l\u0103torie personalizat\u0103 \u0219i captivant\u0103, f\u0103cut\u0103 la comand\u0103 pentru preferin\u021bele dumneavoastr\u0103. Al\u0103tura\u021bi-v\u0103 nou\u0103 \u00een explorarea lumii captivante a jocurilor live casino, \u0219tiind c\u0103 intimitatea dvs. este respectat\u0103, experien\u021ba dvs. este optimizat\u0103, iar satisfac\u021bia dvs. este prioritatea noastr\u0103 principal\u0103. Bine a\u021bi venit la Live Casino Finder, unde v\u0103 a\u0219teapt\u0103 emo\u021bia jocurilor live!<\/p>","protected":false},"excerpt":{"rendered":"<p>Bine a\u021bi venit la Live Casino Finder, destina\u021bia dvs. suprem\u0103 pentru toate lucrurile legate de jocurile de noroc live casino! Suntem dedica\u021bi s\u0103 v\u0103 oferim o experien\u021b\u0103 de joc online captivant\u0103 \u0219i palpitant\u0103 ca nici o alta. Pe m\u0103sur\u0103 ce ne \u00eembarc\u0103m \u00een aceast\u0103 c\u0103l\u0103torie antrenant\u0103 together, dorim s\u0103 facem lumin\u0103 asupra Politicii noastre cuprinz\u0103toare privind cookie-urile. Angajamentul nostru fa\u021b\u0103 de transparen\u021b\u0103, confiden\u021bialitate \u0219i [...]<\/p>","protected":false},"author":1,"featured_media":0,"parent":0,"menu_order":0,"comment_status":"closed","ping_status":"closed","template":"page-no-sidebar.php","meta":{"_lmt_disableupdate":"no","_lmt_disable":"no","footnotes":""},"class_list":["post-2105","page","type-page","status-publish","hentry"],"yoast_head":"<!-- This site is optimized with the Yoast SEO plugin v26.4 - https:\/\/yoast.com\/wordpress\/plugins\/seo\/ -->\n<title>Cookie Policy and Data Use<\/title>\n<meta name=\"description\" content=\"Understand how Live Casino Finder uses cookies to improve your experience and provide relevant content while protecting your privacy and data security.\" \/>\n<meta name=\"robots\" content=\"index, follow, max-snippet:-1, max-image-preview:large, max-video-preview:-1\" \/>\n<link rel=\"canonical\" href=\"https:\/\/livecasinofinder.com\/wp-json\/wp\/v2\/pages\/2105\/\" \/>\n<meta property=\"og:locale\" content=\"ro_RO\" \/>\n<meta property=\"og:type\" content=\"article\" \/>\n<meta property=\"og:title\" content=\"Cookie Policy and Data Use\" \/>\n<meta property=\"og:description\" content=\"Understand how Live Casino Finder uses cookies to improve your experience and provide relevant content while protecting your privacy and data security.\" \/>\n<meta property=\"og:url\" content=\"https:\/\/livecasinofinder.com\/ro\/cookie-policy\/\" \/>\n<meta property=\"og:site_name\" content=\"livecasinofinder.com\" \/>\n<meta property=\"article:modified_time\" content=\"2025-06-03T11:10:21+00:00\" \/>\n<meta property=\"og:image\" content=\"https:\/\/livecasinofinder.com\/wp-content\/uploads\/2023\/03\/lucasoilraceway-logo-1.png\" \/>\n\t<meta property=\"og:image:width\" content=\"427\" \/>\n\t<meta property=\"og:image:height\" content=\"145\" \/>\n\t<meta property=\"og:image:type\" content=\"image\/png\" \/>\n<meta name=\"twitter:card\" content=\"summary_large_image\" \/>\n<meta name=\"twitter:label1\" content=\"Timp estimat pentru citire\" \/>\n\t<meta name=\"twitter:data1\" content=\"3 minute\" \/>\n<!-- \/ Yoast SEO plugin. -->","yoast_head_json":{"title":"Cookie Policy and Data Use","description":"Understand how Live Casino Finder uses cookies to improve your experience and provide relevant content while protecting your privacy and data security.","robots":{"index":"index","follow":"follow","max-snippet":"max-snippet:-1","max-image-preview":"max-image-preview:large","max-video-preview":"max-video-preview:-1"},"canonical":"https:\/\/livecasinofinder.com\/wp-json\/wp\/v2\/pages\/2105\/","og_locale":"ro_RO","og_type":"article","og_title":"Cookie Policy and Data Use","og_description":"Understand how Live Casino Finder uses cookies to improve your experience and provide relevant content while protecting your privacy and data security.","og_url":"https:\/\/livecasinofinder.com\/ro\/cookie-policy\/","og_site_name":"livecasinofinder.com","article_modified_time":"2025-06-03T11:10:21+00:00","og_image":[{"width":427,"height":145,"url":"https:\/\/livecasinofinder.com\/wp-content\/uploads\/2023\/03\/lucasoilraceway-logo-1.png","type":"image\/png"}],"twitter_card":"summary_large_image","twitter_misc":{"Timp estimat pentru citire":"3 minute"},"schema":{"@context":"https:\/\/schema.org","@graph":[{"@type":"WebPage","@id":"https:\/\/livecasinofinder.com\/cookie-policy\/","url":"https:\/\/livecasinofinder.com\/cookie-policy\/","name":"Cookie Policy and Data Use","isPartOf":{"@id":"https:\/\/livecasinofinder.com\/ja\/#website"},"datePublished":"2023-06-20T14:36:13+00:00","dateModified":"2025-06-03T11:10:21+00:00","description":"Understand how Live Casino Finder uses cookies to improve your experience and provide relevant content while protecting your privacy and data security.","breadcrumb":{"@id":"https:\/\/livecasinofinder.com\/cookie-policy\/#breadcrumb"},"inLanguage":"ro-RO","potentialAction":[{"@type":"ReadAction","target":["https:\/\/livecasinofinder.com\/cookie-policy\/"]}]},{"@type":"BreadcrumbList","@id":"https:\/\/livecasinofinder.com\/cookie-policy\/#breadcrumb","itemListElement":[{"@type":"ListItem","position":1,"name":"LiveCasinoFinder.com","item":"https:\/\/livecasinofinder.com\/fr\/"},{"@type":"ListItem","position":2,"name":"Cookie Policy"}]},{"@type":"WebSite","@id":"https:\/\/livecasinofinder.com\/ja\/#website","url":"https:\/\/livecasinofinder.com\/ja\/","name":"livecasinofinder","description":"","publisher":{"@id":"https:\/\/livecasinofinder.com\/ja\/#organization"},"alternateName":"Lucas oil raceway live casino","potentialAction":[{"@type":"SearchAction","target":{"@type":"EntryPoint","urlTemplate":"https:\/\/livecasinofinder.com\/ja\/?s={search_term_string}"},"query-input":{"@type":"PropertyValueSpecification","valueRequired":true,"valueName":"search_term_string"}}],"inLanguage":"ro-RO"},{"@type":"Organization","@id":"https:\/\/livecasinofinder.com\/ja\/#organization","name":"G\u0103si\u021bi un cazinou live","alternateName":"Lucas oil raceway live casino","url":"https:\/\/livecasinofinder.com\/ja\/","logo":{"@type":"ImageObject","inLanguage":"ro-RO","@id":"https:\/\/livecasinofinder.com\/ja\/#\/schema\/logo\/image\/","url":"https:\/\/livecasinofinder.com\/wp-content\/uploads\/2023\/04\/livecasinofinder-logo.png","contentUrl":"https:\/\/livecasinofinder.com\/wp-content\/uploads\/2023\/04\/livecasinofinder-logo.png","width":1600,"height":453,"caption":"Live Casino Finder"},"image":{"@id":"https:\/\/livecasinofinder.com\/ja\/#\/schema\/logo\/image\/"}}]}},"_links":{"self":[{"href":"https:\/\/livecasinofinder.com\/ro\/wp-json\/wp\/v2\/pages\/2105","targetHints":{"allow":["GET"]}}],"collection":[{"href":"https:\/\/livecasinofinder.com\/ro\/wp-json\/wp\/v2\/pages"}],"about":[{"href":"https:\/\/livecasinofinder.com\/ro\/wp-json\/wp\/v2\/types\/page"}],"author":[{"embeddable":true,"href":"https:\/\/livecasinofinder.com\/ro\/wp-json\/wp\/v2\/users\/1"}],"replies":[{"embeddable":true,"href":"https:\/\/livecasinofinder.com\/ro\/wp-json\/wp\/v2\/comments?post=2105"}],"version-history":[{"count":0,"href":"https:\/\/livecasinofinder.com\/ro\/wp-json\/wp\/v2\/pages\/2105\/revisions"}],"wp:attachment":[{"href":"https:\/\/livecasinofinder.com\/ro\/wp-json\/wp\/v2\/media?parent=2105"}],"curies":[{"name":"wp","href":"https:\/\/api.w.org\/{rel}","templated":true}]}}