{"id":381,"date":"2023-03-15T17:35:24","date_gmt":"2023-03-15T17:35:24","guid":{"rendered":"https:\/\/livecasinofinder.com\/?page_id=381"},"modified":"2025-06-03T11:06:50","modified_gmt":"2025-06-03T11:06:50","slug":"about-us","status":"publish","type":"page","link":"https:\/\/livecasinofinder.com\/pt\/about-us\/","title":{"rendered":"Sobre n\u00f3s"},"content":{"rendered":"<p>Bem-vindo ao livecasinofinder.com, sua fonte confi\u00e1vel de an\u00e1lises imparciais e informativas do live casino. Nossa principal miss\u00e3o \u00e9 fornecer aos nossos leitores informa\u00e7\u00f5es precisas e atualizadas sobre os cassinos on-line mais confi\u00e1veis e seguros, com foco na promo\u00e7\u00e3o de pr\u00e1ticas de jogo respons\u00e1veis.<\/p>\n<p>No livecasinofinder.com, n\u00f3s nos dedicamos a fornecer an\u00e1lises precisas e informativas dos melhores live casinos dispon\u00edveis on-line. Nossa principal miss\u00e3o \u00e9 ajud\u00e1-lo a tomar decis\u00f5es informadas sobre onde jogar on-line.<\/p>\n<h2>Nossa equipe<\/h2>\n<p><a href=\"\/pt\/recommends\/reg\/\" target=\"_blank\" rel=\"noreferrer noopener nofollow\"><img decoding=\"async\" class=\"wp-image-392 alignright\" src=\"https:\/\/livecasinofinder.com\/wp-content\/uploads\/2023\/03\/team.jpg\" alt=\"Equipe de cassino ao vivo.\" width=\"346\" height=\"192\" srcset=\"https:\/\/livecasinofinder.com\/wp-content\/uploads\/2023\/03\/team.jpg 597w, https:\/\/livecasinofinder.com\/wp-content\/uploads\/2023\/03\/team-300x166.jpg 300w, https:\/\/livecasinofinder.com\/wp-content\/uploads\/2023\/03\/team-18x10.jpg 18w, https:\/\/livecasinofinder.com\/wp-content\/uploads\/2023\/03\/team-72x40.jpg 72w, https:\/\/livecasinofinder.com\/wp-content\/uploads\/2023\/03\/team-58x32.jpg 58w, https:\/\/livecasinofinder.com\/wp-content\/uploads\/2023\/03\/team-144x80.jpg 144w, https:\/\/livecasinofinder.com\/wp-content\/uploads\/2023\/03\/team-243x135.jpg 243w\" sizes=\"(max-width: 346px) 100vw, 346px\" \/><\/a><\/p>\n<p>Nossa equipe de avaliadores experientes e bem informados dedica-se a fornecer aos nossos leitores as melhores informa\u00e7\u00f5es poss\u00edveis. Acreditamos na import\u00e2ncia de pesquisas e an\u00e1lises abrangentes e nos esfor\u00e7amos para fornecer avalia\u00e7\u00f5es honestas e imparciais com base em nossas descobertas.<\/p>\n<h2>Nossas vantagens<\/h2>\n<p><a href=\"\/pt\/recommends\/reg\/\" target=\"_blank\" rel=\"noreferrer noopener nofollow\"><img decoding=\"async\" class=\"wp-image-384 alignleft\" src=\"https:\/\/livecasinofinder.com\/wp-content\/uploads\/2023\/03\/advantages.jpg\" alt=\"Vantagens do Lucasoilraceway.com.\" width=\"496\" height=\"498\" srcset=\"https:\/\/livecasinofinder.com\/wp-content\/uploads\/2023\/03\/advantages.jpg 463w, https:\/\/livecasinofinder.com\/wp-content\/uploads\/2023\/03\/advantages-300x300.jpg 300w, https:\/\/livecasinofinder.com\/wp-content\/uploads\/2023\/03\/advantages-150x150.jpg 150w, https:\/\/livecasinofinder.com\/wp-content\/uploads\/2023\/03\/advantages-12x12.jpg 12w, https:\/\/livecasinofinder.com\/wp-content\/uploads\/2023\/03\/advantages-40x40.jpg 40w, https:\/\/livecasinofinder.com\/wp-content\/uploads\/2023\/03\/advantages-50x50.jpg 50w, https:\/\/livecasinofinder.com\/wp-content\/uploads\/2023\/03\/advantages-100x100.jpg 100w, https:\/\/livecasinofinder.com\/wp-content\/uploads\/2023\/03\/advantages-120x120.jpg 120w, https:\/\/livecasinofinder.com\/wp-content\/uploads\/2023\/03\/advantages-135x135.jpg 135w, https:\/\/livecasinofinder.com\/wp-content\/uploads\/2023\/03\/advantages-270x270.jpg 270w, https:\/\/livecasinofinder.com\/wp-content\/uploads\/2023\/03\/advantages-32x32.jpg 32w, https:\/\/livecasinofinder.com\/wp-content\/uploads\/2023\/03\/advantages-80x80.jpg 80w, https:\/\/livecasinofinder.com\/wp-content\/uploads\/2023\/03\/advantages-134x135.jpg 134w\" sizes=\"(max-width: 496px) 100vw, 496px\" \/><\/a><\/p>\n<p>Uma das vantagens de escolher o livecasinofinder.com \u00e9 o nosso compromisso com o jogo respons\u00e1vel. Temos orgulho de promover pr\u00e1ticas de jogo seguras e controladas, e nosso objetivo \u00e9 fornecer aos nossos leitores informa\u00e7\u00f5es precisas e atualizadas para ajud\u00e1-los a tomar decis\u00f5es informadas sobre jogos de azar on-line.<\/p>\n<p>Outra vantagem \u00e9 nosso foco em conte\u00fado informativo. Nosso conte\u00fado foi desenvolvido para ser \u00fatil e informativo, fornecendo aos nossos leitores as informa\u00e7\u00f5es de que precisam para decidir onde apostar on-line. Entendemos que os jogos de azar on-line podem ser empolgantes e assustadores, e nos esfor\u00e7amos para simplificar o processo, fornecendo an\u00e1lises detalhadas e f\u00e1ceis de entender.<\/p>\n<p>Como um site independente, n\u00e3o somos afiliados a nenhum dos cassinos on-line que avaliamos, o que nos permite fornecer avalia\u00e7\u00f5es imparciais e objetivas com base em extensa pesquisa e an\u00e1lise. Temos orgulho de nosso compromisso com a promo\u00e7\u00e3o de pr\u00e1ticas de jogo respons\u00e1veis e de nosso foco em promover uma experi\u00eancia de jogo saud\u00e1vel e agrad\u00e1vel.<\/p>\n<p>Monitoramos constantemente o mercado de cassinos on-line e atualizamos nossas an\u00e1lises de acordo com as tend\u00eancias, para que nossos leitores possam se manter \u00e0 frente e tomar decis\u00f5es informadas. Temos o compromisso de oferecer o melhor servi\u00e7o poss\u00edvel aos nossos leitores e parceiros e agradecemos o feedback e as sugest\u00f5es. Se tiver alguma d\u00favida ou coment\u00e1rio, n\u00e3o hesite em entrar em contato conosco.<\/p>\n<h2>Conclus\u00e3o<\/h2>\n<p>Obrigado por escolher o livecasinofinder.com como sua fonte confi\u00e1vel de an\u00e1lises do live casino. Temos o compromisso de oferecer o melhor servi\u00e7o poss\u00edvel aos nossos leitores e parceiros, e agradecemos seu feedback e sugest\u00f5es. Se tiver alguma d\u00favida ou coment\u00e1rio, n\u00e3o hesite em entrar em contato conosco. Esperamos ajud\u00e1-lo a tomar decis\u00f5es informadas e a ter uma experi\u00eancia de jogo on-line agrad\u00e1vel e segura.<\/p>","protected":false},"excerpt":{"rendered":"<p>Bem-vindo ao livecasinofinder.com, sua fonte confi\u00e1vel de an\u00e1lises imparciais e informativas do live casino. Nossa principal miss\u00e3o \u00e9 fornecer aos nossos leitores informa\u00e7\u00f5es precisas e atualizadas sobre os cassinos on-line mais confi\u00e1veis e seguros, com foco na promo\u00e7\u00e3o de pr\u00e1ticas de jogo respons\u00e1veis. No livecasinofinder.com, nos dedicamos a fornecer a voc\u00ea an\u00e1lises precisas e informativas sobre os cassinos [...]<\/p>","protected":false},"author":1,"featured_media":0,"parent":0,"menu_order":0,"comment_status":"closed","ping_status":"closed","template":"page-full-width.php","meta":{"_lmt_disableupdate":"no","_lmt_disable":"no","footnotes":""},"class_list":["post-381","page","type-page","status-publish","hentry"],"yoast_head":"<!-- This site is optimized with the Yoast SEO plugin v26.4 - https:\/\/yoast.com\/wordpress\/plugins\/seo\/ -->\n<title>About Us - Live Casino Finder Team and Mission<\/title>\n<meta name=\"description\" content=\"Learn how Live Casino Finder helps you choose the best live casinos with trusted reviews and expert guidance for a confident gaming experience.\" \/>\n<meta name=\"robots\" content=\"index, follow, max-snippet:-1, max-image-preview:large, max-video-preview:-1\" \/>\n<link rel=\"canonical\" href=\"https:\/\/livecasinofinder.com\/wp-json\/wp\/v2\/pages\/381\/\" \/>\n<meta property=\"og:locale\" content=\"pt_BR\" \/>\n<meta property=\"og:type\" content=\"article\" \/>\n<meta property=\"og:title\" content=\"About Us - Live Casino Finder Team and Mission\" \/>\n<meta property=\"og:description\" content=\"Learn how Live Casino Finder helps you choose the best live casinos with trusted reviews and expert guidance for a confident gaming experience.\" \/>\n<meta property=\"og:url\" content=\"https:\/\/livecasinofinder.com\/pt\/about-us\/\" \/>\n<meta property=\"og:site_name\" content=\"livecasinofinder.com\" \/>\n<meta property=\"article:modified_time\" content=\"2025-06-03T11:06:50+00:00\" \/>\n<meta property=\"og:image\" content=\"https:\/\/livecasinofinder.com\/wp-content\/uploads\/2023\/03\/team.jpg\" \/>\n\t<meta property=\"og:image:width\" content=\"597\" \/>\n\t<meta property=\"og:image:height\" content=\"331\" \/>\n\t<meta property=\"og:image:type\" content=\"image\/jpeg\" \/>\n<meta name=\"twitter:card\" content=\"summary_large_image\" \/>\n<meta name=\"twitter:label1\" content=\"Est. tempo de leitura\" \/>\n\t<meta name=\"twitter:data1\" content=\"3 minutos\" \/>\n<!-- \/ Yoast SEO plugin. -->","yoast_head_json":{"title":"About Us - Live Casino Finder Team and Mission","description":"Learn how Live Casino Finder helps you choose the best live casinos with trusted reviews and expert guidance for a confident gaming experience.","robots":{"index":"index","follow":"follow","max-snippet":"max-snippet:-1","max-image-preview":"max-image-preview:large","max-video-preview":"max-video-preview:-1"},"canonical":"https:\/\/livecasinofinder.com\/wp-json\/wp\/v2\/pages\/381\/","og_locale":"pt_BR","og_type":"article","og_title":"About Us - Live Casino Finder Team and Mission","og_description":"Learn how Live Casino Finder helps you choose the best live casinos with trusted reviews and expert guidance for a confident gaming experience.","og_url":"https:\/\/livecasinofinder.com\/pt\/about-us\/","og_site_name":"livecasinofinder.com","article_modified_time":"2025-06-03T11:06:50+00:00","og_image":[{"width":597,"height":331,"url":"https:\/\/livecasinofinder.com\/wp-content\/uploads\/2023\/03\/team.jpg","type":"image\/jpeg"}],"twitter_card":"summary_large_image","twitter_misc":{"Est. tempo de leitura":"3 minutos"},"schema":{"@context":"https:\/\/schema.org","@graph":[{"@type":"WebPage","@id":"https:\/\/livecasinofinder.com\/about-us\/","url":"https:\/\/livecasinofinder.com\/about-us\/","name":"About Us - Live Casino Finder Team and Mission","isPartOf":{"@id":"https:\/\/livecasinofinder.com\/ja\/#website"},"primaryImageOfPage":{"@id":"https:\/\/livecasinofinder.com\/about-us\/#primaryimage"},"image":{"@id":"https:\/\/livecasinofinder.com\/about-us\/#primaryimage"},"thumbnailUrl":"https:\/\/livecasinofinder.com\/wp-content\/uploads\/2023\/03\/team.jpg","datePublished":"2023-03-15T17:35:24+00:00","dateModified":"2025-06-03T11:06:50+00:00","description":"Learn how Live Casino Finder helps you choose the best live casinos with trusted reviews and expert guidance for a confident gaming experience.","breadcrumb":{"@id":"https:\/\/livecasinofinder.com\/about-us\/#breadcrumb"},"inLanguage":"pt-BR","potentialAction":[{"@type":"ReadAction","target":["https:\/\/livecasinofinder.com\/about-us\/"]}]},{"@type":"ImageObject","inLanguage":"pt-BR","@id":"https:\/\/livecasinofinder.com\/about-us\/#primaryimage","url":"https:\/\/livecasinofinder.com\/wp-content\/uploads\/2023\/03\/team.jpg","contentUrl":"https:\/\/livecasinofinder.com\/wp-content\/uploads\/2023\/03\/team.jpg"},{"@type":"BreadcrumbList","@id":"https:\/\/livecasinofinder.com\/about-us\/#breadcrumb","itemListElement":[{"@type":"ListItem","position":1,"name":"LiveCasinoFinder.com","item":"https:\/\/livecasinofinder.com\/fr\/"},{"@type":"ListItem","position":2,"name":"About Us"}]},{"@type":"WebSite","@id":"https:\/\/livecasinofinder.com\/ja\/#website","url":"https:\/\/livecasinofinder.com\/ja\/","name":"livecasinofinder","description":"","publisher":{"@id":"https:\/\/livecasinofinder.com\/ja\/#organization"},"alternateName":"Lucas oil raceway live casino","potentialAction":[{"@type":"SearchAction","target":{"@type":"EntryPoint","urlTemplate":"https:\/\/livecasinofinder.com\/ja\/?s={search_term_string}"},"query-input":{"@type":"PropertyValueSpecification","valueRequired":true,"valueName":"search_term_string"}}],"inLanguage":"pt-BR"},{"@type":"Organization","@id":"https:\/\/livecasinofinder.com\/ja\/#organization","name":"Localizador de cassinos ao vivo","alternateName":"Lucas oil raceway live casino","url":"https:\/\/livecasinofinder.com\/ja\/","logo":{"@type":"ImageObject","inLanguage":"pt-BR","@id":"https:\/\/livecasinofinder.com\/ja\/#\/schema\/logo\/image\/","url":"https:\/\/livecasinofinder.com\/wp-content\/uploads\/2023\/04\/livecasinofinder-logo.png","contentUrl":"https:\/\/livecasinofinder.com\/wp-content\/uploads\/2023\/04\/livecasinofinder-logo.png","width":1600,"height":453,"caption":"Live Casino Finder"},"image":{"@id":"https:\/\/livecasinofinder.com\/ja\/#\/schema\/logo\/image\/"}}]}},"_links":{"self":[{"href":"https:\/\/livecasinofinder.com\/pt\/wp-json\/wp\/v2\/pages\/381","targetHints":{"allow":["GET"]}}],"collection":[{"href":"https:\/\/livecasinofinder.com\/pt\/wp-json\/wp\/v2\/pages"}],"about":[{"href":"https:\/\/livecasinofinder.com\/pt\/wp-json\/wp\/v2\/types\/page"}],"author":[{"embeddable":true,"href":"https:\/\/livecasinofinder.com\/pt\/wp-json\/wp\/v2\/users\/1"}],"replies":[{"embeddable":true,"href":"https:\/\/livecasinofinder.com\/pt\/wp-json\/wp\/v2\/comments?post=381"}],"version-history":[{"count":0,"href":"https:\/\/livecasinofinder.com\/pt\/wp-json\/wp\/v2\/pages\/381\/revisions"}],"wp:attachment":[{"href":"https:\/\/livecasinofinder.com\/pt\/wp-json\/wp\/v2\/media?parent=381"}],"curies":[{"name":"wp","href":"https:\/\/api.w.org\/{rel}","templated":true}]}}