{"id":2113,"date":"2023-06-20T14:28:59","date_gmt":"2023-06-20T14:28:59","guid":{"rendered":"https:\/\/livecasinofinder.com\/?page_id=2113"},"modified":"2025-06-03T11:11:51","modified_gmt":"2025-06-03T11:11:51","slug":"terms-and-conditions","status":"publish","type":"page","link":"https:\/\/livecasinofinder.com\/pt\/terms-and-conditions\/","title":{"rendered":"Termos e condi\u00e7\u00f5es"},"content":{"rendered":"<p>Bem-vindo ao LiveCasinoFinder.com. Os seguintes Termos e Condi\u00e7\u00f5es regem o uso do site <a href=\"\/pt\/\">Site do LiveCasinoFinder.com<\/a>. \u00c9 imperativo que voc\u00ea leia e compreenda estes Termos e Condi\u00e7\u00f5es antes de usar nossos servi\u00e7os.<\/p>\n<div id=\"ez-toc-container\" class=\"ez-toc-v2_0_63 counter-hierarchy ez-toc-counter ez-toc-grey ez-toc-container-direction\">\n<label for=\"ez-toc-cssicon-toggle-item-69d4e21c487c0\" class=\"ez-toc-cssicon-toggle-label\"><span class=\"ez-toc-cssicon\"><span class=\"eztoc-hide\" style=\"display:none;\">Alternar<\/span><span class=\"ez-toc-icon-toggle-span\"><svg style=\"fill: #999;color:#999\" xmlns=\"http:\/\/www.w3.org\/2000\/svg\" class=\"list-377408\" width=\"20px\" height=\"20px\" viewbox=\"0 0 24 24\" fill=\"none\"><path d=\"M6 6H4v2h2V6zm14 0H8v2h12V6zM4 11h2v2H4v-2zm16 0H8v2h12v-2zM4 16h2v2H4v-2zm16 0H8v2h12v-2z\" fill=\"currentColor\"><\/path><\/svg><svg style=\"fill: #999;color:#999\" class=\"arrow-unsorted-368013\" xmlns=\"http:\/\/www.w3.org\/2000\/svg\" width=\"10px\" height=\"10px\" viewbox=\"0 0 24 24\" version=\"1.2\" baseprofile=\"tiny\"><path d=\"M18.2 9.3l-6.2-6.3-6.2 6.3c-.2.2-.3.4-.3.7s.1.5.3.7c.2.2.4.3.7.3h11c.3 0 .5-.1.7-.3.2-.2.3-.5.3-.7s-.1-.5-.3-.7zM5.8 14.7l6.2 6.3 6.2-6.3c.2-.2.3-.5.3-.7s-.1-.5-.3-.7c-.2-.2-.4-.3-.7-.3h-11c-.3 0-.5.1-.7.3-.2.2-.3.5-.3.7s.1.5.3.7z\"\/><\/svg><\/span><\/span><\/label><input type=\"checkbox\"  id=\"ez-toc-cssicon-toggle-item-69d4e21c487c0\" checked aria-label=\"Alternar\" \/><nav><ul class='ez-toc-list ez-toc-list-level-1' ><li class='ez-toc-page-1 ez-toc-heading-level-2'><a class=\"ez-toc-link ez-toc-heading-1\" href=\"https:\/\/livecasinofinder.com\/pt\/terms-and-conditions\/#Purpose_of_the_Terms_and_Conditions_and_Information\" title=\"Objetivo dos Termos e Condi\u00e7\u00f5es e Informa\u00e7\u00f5es\">Objetivo dos Termos e Condi\u00e7\u00f5es e Informa\u00e7\u00f5es<\/a><\/li><li class='ez-toc-page-1 ez-toc-heading-level-2'><a class=\"ez-toc-link ez-toc-heading-2\" href=\"https:\/\/livecasinofinder.com\/pt\/terms-and-conditions\/#Disclaimer_and_Legal_Advice\" title=\"Isen\u00e7\u00e3o de responsabilidade e aconselhamento jur\u00eddico\">Isen\u00e7\u00e3o de responsabilidade e aconselhamento jur\u00eddico<\/a><\/li><li class='ez-toc-page-1 ez-toc-heading-level-2'><a class=\"ez-toc-link ez-toc-heading-3\" href=\"https:\/\/livecasinofinder.com\/pt\/terms-and-conditions\/#LiveCasinoFindercom_as_an_Independent_Gambling_Directory_and_Information_Service\" title=\"LiveCasinoFinder.com como um servi\u00e7o independente de informa\u00e7\u00f5es e diret\u00f3rio de jogos de azar\">LiveCasinoFinder.com como um servi\u00e7o independente de informa\u00e7\u00f5es e diret\u00f3rio de jogos de azar<\/a><\/li><li class='ez-toc-page-1 ez-toc-heading-level-2'><a class=\"ez-toc-link ez-toc-heading-4\" href=\"https:\/\/livecasinofinder.com\/pt\/terms-and-conditions\/#Accuracy_of_Information\" title=\"Precis\u00e3o das informa\u00e7\u00f5es\">Precis\u00e3o das informa\u00e7\u00f5es<\/a><\/li><li class='ez-toc-page-1 ez-toc-heading-level-2'><a class=\"ez-toc-link ez-toc-heading-5\" href=\"https:\/\/livecasinofinder.com\/pt\/terms-and-conditions\/#User_Responsibility_for_Legality_of_Games_and_Wagers\" title=\"Responsabilidade do usu\u00e1rio pela legalidade dos jogos e apostas\">Responsabilidade do usu\u00e1rio pela legalidade dos jogos e apostas<\/a><\/li><li class='ez-toc-page-1 ez-toc-heading-level-2'><a class=\"ez-toc-link ez-toc-heading-6\" href=\"https:\/\/livecasinofinder.com\/pt\/terms-and-conditions\/#Limitation_of_Liability\" title=\"Limita\u00e7\u00e3o de responsabilidade\">Limita\u00e7\u00e3o de responsabilidade<\/a><\/li><li class='ez-toc-page-1 ez-toc-heading-level-2'><a class=\"ez-toc-link ez-toc-heading-7\" href=\"https:\/\/livecasinofinder.com\/pt\/terms-and-conditions\/#Modification_of_Information_and_Future_Obligations\" title=\"Modifica\u00e7\u00e3o de informa\u00e7\u00f5es e obriga\u00e7\u00f5es futuras\">Modifica\u00e7\u00e3o de informa\u00e7\u00f5es e obriga\u00e7\u00f5es futuras<\/a><\/li><li class='ez-toc-page-1 ez-toc-heading-level-2'><a class=\"ez-toc-link ez-toc-heading-8\" href=\"https:\/\/livecasinofinder.com\/pt\/terms-and-conditions\/#Trademarks_and_Copyrights\" title=\"Marcas registradas e direitos autorais\">Marcas registradas e direitos autorais<\/a><\/li><li class='ez-toc-page-1 ez-toc-heading-level-2'><a class=\"ez-toc-link ez-toc-heading-9\" href=\"https:\/\/livecasinofinder.com\/pt\/terms-and-conditions\/#Copying_and_Transmission_Restrictions\" title=\"Restri\u00e7\u00f5es de c\u00f3pia e transmiss\u00e3o\">Restri\u00e7\u00f5es de c\u00f3pia e transmiss\u00e3o<\/a><\/li><li class='ez-toc-page-1 ez-toc-heading-level-2'><a class=\"ez-toc-link ez-toc-heading-10\" href=\"https:\/\/livecasinofinder.com\/pt\/terms-and-conditions\/#Intellectual_Property_Rights\" title=\"Direitos de propriedade intelectual\">Direitos de propriedade intelectual<\/a><\/li><li class='ez-toc-page-1 ez-toc-heading-level-2'><a class=\"ez-toc-link ez-toc-heading-11\" href=\"https:\/\/livecasinofinder.com\/pt\/terms-and-conditions\/#Information_Accuracy_and_Reporting\" title=\"Precis\u00e3o de informa\u00e7\u00f5es e relat\u00f3rios\">Precis\u00e3o de informa\u00e7\u00f5es e relat\u00f3rios<\/a><\/li><li class='ez-toc-page-1 ez-toc-heading-level-2'><a class=\"ez-toc-link ez-toc-heading-12\" href=\"https:\/\/livecasinofinder.com\/pt\/terms-and-conditions\/#Content_Removal_and_Discretion_of_livecasinofindercom\" title=\"Remo\u00e7\u00e3o de conte\u00fado e discri\u00e7\u00e3o do livecasinofinder.com\">Remo\u00e7\u00e3o de conte\u00fado e discri\u00e7\u00e3o do livecasinofinder.com<\/a><\/li><li class='ez-toc-page-1 ez-toc-heading-level-2'><a class=\"ez-toc-link ez-toc-heading-13\" href=\"https:\/\/livecasinofinder.com\/pt\/terms-and-conditions\/#Live_Casino_Finder_Complaints_Service\" title=\"Servi\u00e7o de Reclama\u00e7\u00f5es do Live Casino Finder\">Servi\u00e7o de Reclama\u00e7\u00f5es do Live Casino Finder<\/a><\/li><li class='ez-toc-page-1 ez-toc-heading-level-2'><a class=\"ez-toc-link ez-toc-heading-14\" href=\"https:\/\/livecasinofinder.com\/pt\/terms-and-conditions\/#Terms_and_Conditions_of_LiveCasinoFindercom\" title=\"Termos e condi\u00e7\u00f5es do LiveCasinoFinder.com\">Termos e condi\u00e7\u00f5es do LiveCasinoFinder.com<\/a><\/li><li class='ez-toc-page-1 ez-toc-heading-level-2'><a class=\"ez-toc-link ez-toc-heading-15\" href=\"https:\/\/livecasinofinder.com\/pt\/terms-and-conditions\/#Conclusion\" title=\"Conclus\u00e3o\">Conclus\u00e3o<\/a><\/li><\/ul><\/nav><\/div>\n\n<h2><span class=\"ez-toc-section\" id=\"Purpose_of_the_Terms_and_Conditions_and_Information\"><\/span>Objetivo dos Termos e Condi\u00e7\u00f5es e Informa\u00e7\u00f5es<span class=\"ez-toc-section-end\"><\/span><\/h2>\n<p>Os Termos e Condi\u00e7\u00f5es estipulados aqui t\u00eam como objetivo delinear as regras e os regulamentos que ditam o relacionamento entre o LiveCasinoFinder.com e seus usu\u00e1rios. \u00c9 essencial que os usu\u00e1rios compreendam seus direitos, obriga\u00e7\u00f5es e as limita\u00e7\u00f5es do uso dos servi\u00e7os fornecidos pelo LiveCasinoFinder.com.<\/p>\n<h2><span class=\"ez-toc-section\" id=\"Disclaimer_and_Legal_Advice\"><\/span>Isen\u00e7\u00e3o de responsabilidade e aconselhamento jur\u00eddico<span class=\"ez-toc-section-end\"><\/span><\/h2>\n<p>Observe que o conte\u00fado do LiveCasinoFinder.com \u00e9 apenas para fins informativos. Nada neste site deve ser considerado como aconselhamento jur\u00eddico. Os usu\u00e1rios devem consultar um advogado para quest\u00f5es legais, especialmente no que se refere a jogos de azar on-line.<\/p>\n<h2><span class=\"ez-toc-section\" id=\"LiveCasinoFindercom_as_an_Independent_Gambling_Directory_and_Information_Service\"><\/span>LiveCasinoFinder.com como um servi\u00e7o independente de informa\u00e7\u00f5es e diret\u00f3rio de jogos de azar<span class=\"ez-toc-section-end\"><\/span><\/h2>\n<p>O LiveCasinoFinder.com \u00e9 um diret\u00f3rio on-line independente e um servi\u00e7o de informa\u00e7\u00f5es que oferece an\u00e1lises e insights sobre o live casinos. N\u00e3o operamos nenhum servi\u00e7o de jogos de azar e n\u00e3o somos afiliados a nenhum operador de cassino.<\/p>\n<h2><span class=\"ez-toc-section\" id=\"Accuracy_of_Information\"><\/span>Precis\u00e3o das informa\u00e7\u00f5es<span class=\"ez-toc-section-end\"><\/span><\/h2>\n<p>Embora o LiveCasinoFinder.com envide esfor\u00e7os significativos para garantir que as informa\u00e7\u00f5es fornecidas sejam precisas e atualizadas, n\u00e3o podemos garantir sua precis\u00e3o absoluta. Os usu\u00e1rios s\u00e3o incentivados a exercer discri\u00e7\u00e3o e verificar as informa\u00e7\u00f5es de forma independente.<\/p>\n<h2><span class=\"ez-toc-section\" id=\"User_Responsibility_for_Legality_of_Games_and_Wagers\"><\/span>Responsabilidade do usu\u00e1rio pela legalidade dos jogos e apostas<span class=\"ez-toc-section-end\"><\/span><\/h2>\n<p>Como usu\u00e1rio do LiveCasinoFinder.com, voc\u00ea \u00e9 o \u00fanico respons\u00e1vel por garantir que esteja em conformidade com as leis e os regulamentos referentes a jogos de azar em sua jurisdi\u00e7\u00e3o. Isso inclui a legalidade dos jogos e apostas dos quais est\u00e1 participando.<\/p>\n<h2><span class=\"ez-toc-section\" id=\"Limitation_of_Liability\"><\/span>Limita\u00e7\u00e3o de responsabilidade<span class=\"ez-toc-section-end\"><\/span><\/h2>\n<p>Ao usar o LiveCasinoFinder.com, voc\u00ea concorda em indenizar o site, seus funcion\u00e1rios e afiliados contra quaisquer reivindica\u00e7\u00f5es, danos ou outras responsabilidades que possam surgir do uso das informa\u00e7\u00f5es ou dos servi\u00e7os fornecidos.<\/p>\n<h2><span class=\"ez-toc-section\" id=\"Modification_of_Information_and_Future_Obligations\"><\/span>Modifica\u00e7\u00e3o de informa\u00e7\u00f5es e obriga\u00e7\u00f5es futuras<span class=\"ez-toc-section-end\"><\/span><\/h2>\n<p>O LiveCasinoFinder.com reserva-se o direito de modificar ou remover qualquer informa\u00e7\u00e3o fornecida sem aviso pr\u00e9vio. Os usu\u00e1rios s\u00e3o aconselhados a revisar os Termos e Condi\u00e7\u00f5es regularmente para verificar se h\u00e1 atualiza\u00e7\u00f5es.<\/p>\n<h2><span class=\"ez-toc-section\" id=\"Trademarks_and_Copyrights\"><\/span>Marcas registradas e direitos autorais<span class=\"ez-toc-section-end\"><\/span><\/h2>\n<p>Todo o conte\u00fado, incluindo texto, imagens e logotipos no LiveCasinoFinder.com, \u00e9 de propriedade do site ou de seus fornecedores de conte\u00fado e est\u00e1 protegido por leis internacionais de direitos autorais.<\/p>\n<h2><span class=\"ez-toc-section\" id=\"Copying_and_Transmission_Restrictions\"><\/span>Restri\u00e7\u00f5es de c\u00f3pia e transmiss\u00e3o<span class=\"ez-toc-section-end\"><\/span><\/h2>\n<p>Os usu\u00e1rios est\u00e3o proibidos de copiar, redistribuir ou republicar qualquer parte do conte\u00fado do LiveCasinoFinder.com sem a permiss\u00e3o expl\u00edcita por escrito dos propriet\u00e1rios do site.<\/p>\n<h2><span class=\"ez-toc-section\" id=\"Intellectual_Property_Rights\"><\/span>Direitos de propriedade intelectual<span class=\"ez-toc-section-end\"><\/span><\/h2>\n<p>O LiveCasinoFinder.com det\u00e9m direitos de propriedade intelectual sobre o conte\u00fado, os servi\u00e7os e as marcas registradas deste site. O uso n\u00e3o autorizado de qualquer uma dessas propriedades \u00e9 estritamente proibido e pode estar sujeito a a\u00e7\u00f5es legais.<\/p>\n<h2><span class=\"ez-toc-section\" id=\"Information_Accuracy_and_Reporting\"><\/span>Precis\u00e3o de informa\u00e7\u00f5es e relat\u00f3rios<span class=\"ez-toc-section-end\"><\/span><\/h2>\n<p>Se encontrar alguma informa\u00e7\u00e3o no LiveCasinoFinder.com que seja imprecisa ou enganosa, informe-nos. Buscamos a excel\u00eancia e apreciamos a coopera\u00e7\u00e3o de nossos usu\u00e1rios na manuten\u00e7\u00e3o da integridade de nosso site.<\/p>\n<h2><span class=\"ez-toc-section\" id=\"Content_Removal_and_Discretion_of_livecasinofindercom\"><\/span>Remo\u00e7\u00e3o de conte\u00fado e discri\u00e7\u00e3o do livecasinofinder.com<span class=\"ez-toc-section-end\"><\/span><\/h2>\n<p>O conte\u00fado poder\u00e1 ser removido ou modificado a crit\u00e9rio do livecasinofinder.com, de acordo com nossas pol\u00edticas e quaisquer leis aplic\u00e1veis.<\/p>\n<h2><span class=\"ez-toc-section\" id=\"Live_Casino_Finder_Complaints_Service\"><\/span>Servi\u00e7o de Reclama\u00e7\u00f5es do Live Casino Finder<span class=\"ez-toc-section-end\"><\/span><\/h2>\n<p>Se tiver alguma reclama\u00e7\u00e3o ou problema relacionado aos servi\u00e7os prestados pelo LiveCasinoFinder.com, entre em contato conosco por meio do nosso Servi\u00e7o de Reclama\u00e7\u00f5es. Valorizamos seu feedback e trataremos de suas preocupa\u00e7\u00f5es da melhor forma poss\u00edvel.<\/p>\n<h2><span class=\"ez-toc-section\" id=\"Terms_and_Conditions_of_LiveCasinoFindercom\"><\/span>Termos e condi\u00e7\u00f5es do LiveCasinoFinder.com<span class=\"ez-toc-section-end\"><\/span><\/h2>\n<p>Ao usar este site, voc\u00ea concorda com os Termos e Condi\u00e7\u00f5es descritos neste documento. Seu uso continuado do site ap\u00f3s qualquer atualiza\u00e7\u00e3o destes Termos e Condi\u00e7\u00f5es significar\u00e1 sua aceita\u00e7\u00e3o das altera\u00e7\u00f5es.<\/p>\n<h2><span class=\"ez-toc-section\" id=\"Conclusion\"><\/span>Conclus\u00e3o<span class=\"ez-toc-section-end\"><\/span><\/h2>\n<p>Ao utilizar o LiveCasinoFinder.com, voc\u00ea est\u00e1 concordando com os Termos e Condi\u00e7\u00f5es estabelecidos neste documento. \u00c9 sua responsabilidade manter-se informado sobre estes Termos e Condi\u00e7\u00f5es e usar este site e suas informa\u00e7\u00f5es de forma respons\u00e1vel e dentro dos limites da lei.<\/p>","protected":false},"excerpt":{"rendered":"<p>Bem-vindo ao LiveCasinoFinder.com. Os Termos e Condi\u00e7\u00f5es a seguir regem o uso do site LiveCasinoFinder.com. \u00c9 imperativo que voc\u00ea leia e compreenda estes Termos e Condi\u00e7\u00f5es antes de usar nossos servi\u00e7os. Objetivo dos Termos e Condi\u00e7\u00f5es e Informa\u00e7\u00f5es Os Termos e Condi\u00e7\u00f5es estipulados aqui t\u00eam como objetivo delinear as regras e os regulamentos que ditam a [...]<\/p>","protected":false},"author":1,"featured_media":0,"parent":0,"menu_order":0,"comment_status":"closed","ping_status":"closed","template":"page-no-sidebar.php","meta":{"_lmt_disableupdate":"no","_lmt_disable":"no","footnotes":""},"class_list":["post-2113","page","type-page","status-publish","hentry"],"yoast_head":"<!-- This site is optimized with the Yoast SEO plugin v26.4 - https:\/\/yoast.com\/wordpress\/plugins\/seo\/ -->\n<title>Terms and Conditions Overview<\/title>\n<meta name=\"description\" content=\"Review the terms and conditions of Live Casino Finder to understand your rights and responsibilities while using our site and services.\" \/>\n<meta name=\"robots\" content=\"index, follow, max-snippet:-1, max-image-preview:large, max-video-preview:-1\" \/>\n<link rel=\"canonical\" href=\"https:\/\/livecasinofinder.com\/wp-json\/wp\/v2\/pages\/2113\/\" \/>\n<meta property=\"og:locale\" content=\"pt_BR\" \/>\n<meta property=\"og:type\" content=\"article\" \/>\n<meta property=\"og:title\" content=\"Terms and Conditions Overview\" \/>\n<meta property=\"og:description\" content=\"Review the terms and conditions of Live Casino Finder to understand your rights and responsibilities while using our site and services.\" \/>\n<meta property=\"og:url\" content=\"https:\/\/livecasinofinder.com\/pt\/terms-and-conditions\/\" \/>\n<meta property=\"og:site_name\" content=\"livecasinofinder.com\" \/>\n<meta property=\"article:modified_time\" content=\"2025-06-03T11:11:51+00:00\" \/>\n<meta property=\"og:image\" content=\"https:\/\/livecasinofinder.com\/wp-content\/uploads\/2023\/03\/lucasoilraceway-logo-1.png\" \/>\n\t<meta property=\"og:image:width\" content=\"427\" \/>\n\t<meta property=\"og:image:height\" content=\"145\" \/>\n\t<meta property=\"og:image:type\" content=\"image\/png\" \/>\n<meta name=\"twitter:card\" content=\"summary_large_image\" \/>\n<meta name=\"twitter:label1\" content=\"Est. tempo de leitura\" \/>\n\t<meta name=\"twitter:data1\" content=\"3 minutos\" \/>\n<!-- \/ Yoast SEO plugin. -->","yoast_head_json":{"title":"Terms and Conditions Overview","description":"Review the terms and conditions of Live Casino Finder to understand your rights and responsibilities while using our site and services.","robots":{"index":"index","follow":"follow","max-snippet":"max-snippet:-1","max-image-preview":"max-image-preview:large","max-video-preview":"max-video-preview:-1"},"canonical":"https:\/\/livecasinofinder.com\/wp-json\/wp\/v2\/pages\/2113\/","og_locale":"pt_BR","og_type":"article","og_title":"Terms and Conditions Overview","og_description":"Review the terms and conditions of Live Casino Finder to understand your rights and responsibilities while using our site and services.","og_url":"https:\/\/livecasinofinder.com\/pt\/terms-and-conditions\/","og_site_name":"livecasinofinder.com","article_modified_time":"2025-06-03T11:11:51+00:00","og_image":[{"width":427,"height":145,"url":"https:\/\/livecasinofinder.com\/wp-content\/uploads\/2023\/03\/lucasoilraceway-logo-1.png","type":"image\/png"}],"twitter_card":"summary_large_image","twitter_misc":{"Est. tempo de leitura":"3 minutos"},"schema":{"@context":"https:\/\/schema.org","@graph":[{"@type":"WebPage","@id":"https:\/\/livecasinofinder.com\/terms-and-conditions\/","url":"https:\/\/livecasinofinder.com\/terms-and-conditions\/","name":"Terms and Conditions Overview","isPartOf":{"@id":"https:\/\/livecasinofinder.com\/ja\/#website"},"datePublished":"2023-06-20T14:28:59+00:00","dateModified":"2025-06-03T11:11:51+00:00","description":"Review the terms and conditions of Live Casino Finder to understand your rights and responsibilities while using our site and services.","breadcrumb":{"@id":"https:\/\/livecasinofinder.com\/terms-and-conditions\/#breadcrumb"},"inLanguage":"pt-BR","potentialAction":[{"@type":"ReadAction","target":["https:\/\/livecasinofinder.com\/terms-and-conditions\/"]}]},{"@type":"BreadcrumbList","@id":"https:\/\/livecasinofinder.com\/terms-and-conditions\/#breadcrumb","itemListElement":[{"@type":"ListItem","position":1,"name":"LiveCasinoFinder.com","item":"https:\/\/livecasinofinder.com\/fr\/"},{"@type":"ListItem","position":2,"name":"Terms and Conditions"}]},{"@type":"WebSite","@id":"https:\/\/livecasinofinder.com\/ja\/#website","url":"https:\/\/livecasinofinder.com\/ja\/","name":"livecasinofinder","description":"","publisher":{"@id":"https:\/\/livecasinofinder.com\/ja\/#organization"},"alternateName":"Lucas oil raceway live casino","potentialAction":[{"@type":"SearchAction","target":{"@type":"EntryPoint","urlTemplate":"https:\/\/livecasinofinder.com\/ja\/?s={search_term_string}"},"query-input":{"@type":"PropertyValueSpecification","valueRequired":true,"valueName":"search_term_string"}}],"inLanguage":"pt-BR"},{"@type":"Organization","@id":"https:\/\/livecasinofinder.com\/ja\/#organization","name":"Localizador de cassinos ao vivo","alternateName":"Lucas oil raceway live casino","url":"https:\/\/livecasinofinder.com\/ja\/","logo":{"@type":"ImageObject","inLanguage":"pt-BR","@id":"https:\/\/livecasinofinder.com\/ja\/#\/schema\/logo\/image\/","url":"https:\/\/livecasinofinder.com\/wp-content\/uploads\/2023\/04\/livecasinofinder-logo.png","contentUrl":"https:\/\/livecasinofinder.com\/wp-content\/uploads\/2023\/04\/livecasinofinder-logo.png","width":1600,"height":453,"caption":"Live Casino Finder"},"image":{"@id":"https:\/\/livecasinofinder.com\/ja\/#\/schema\/logo\/image\/"}}]}},"_links":{"self":[{"href":"https:\/\/livecasinofinder.com\/pt\/wp-json\/wp\/v2\/pages\/2113","targetHints":{"allow":["GET"]}}],"collection":[{"href":"https:\/\/livecasinofinder.com\/pt\/wp-json\/wp\/v2\/pages"}],"about":[{"href":"https:\/\/livecasinofinder.com\/pt\/wp-json\/wp\/v2\/types\/page"}],"author":[{"embeddable":true,"href":"https:\/\/livecasinofinder.com\/pt\/wp-json\/wp\/v2\/users\/1"}],"replies":[{"embeddable":true,"href":"https:\/\/livecasinofinder.com\/pt\/wp-json\/wp\/v2\/comments?post=2113"}],"version-history":[{"count":0,"href":"https:\/\/livecasinofinder.com\/pt\/wp-json\/wp\/v2\/pages\/2113\/revisions"}],"wp:attachment":[{"href":"https:\/\/livecasinofinder.com\/pt\/wp-json\/wp\/v2\/media?parent=2113"}],"curies":[{"name":"wp","href":"https:\/\/api.w.org\/{rel}","templated":true}]}}