{"id":2109,"date":"2023-06-20T14:37:04","date_gmt":"2023-06-20T14:37:04","guid":{"rendered":"https:\/\/livecasinofinder.com\/?page_id=2109"},"modified":"2023-06-20T14:37:04","modified_gmt":"2023-06-20T14:37:04","slug":"privacy-policy","status":"publish","type":"page","link":"https:\/\/livecasinofinder.com\/pt\/privacy-policy\/","title":{"rendered":"Pol\u00edtica de privacidade"},"content":{"rendered":"<p>Em <a href=\"\/pt\/\">LiveCasinoFinder.com<\/a>Na Brics, entendemos a import\u00e2ncia de salvaguardar sua privacidade e proteger a confidencialidade de suas informa\u00e7\u00f5es pessoais. Esta Pol\u00edtica de Privacidade descreve nosso compromisso inabal\u00e1vel com a prote\u00e7\u00e3o de dados, garantindo uma experi\u00eancia segura e agrad\u00e1vel em nossa plataforma.<\/p>\n<div id=\"ez-toc-container\" class=\"ez-toc-v2_0_63 counter-hierarchy ez-toc-counter ez-toc-grey ez-toc-container-direction\">\n<label for=\"ez-toc-cssicon-toggle-item-69e07a4dd1d69\" class=\"ez-toc-cssicon-toggle-label\"><span class=\"ez-toc-cssicon\"><span class=\"eztoc-hide\" style=\"display:none;\">Alternar<\/span><span class=\"ez-toc-icon-toggle-span\"><svg style=\"fill: #999;color:#999\" xmlns=\"http:\/\/www.w3.org\/2000\/svg\" class=\"list-377408\" width=\"20px\" height=\"20px\" viewbox=\"0 0 24 24\" fill=\"none\"><path d=\"M6 6H4v2h2V6zm14 0H8v2h12V6zM4 11h2v2H4v-2zm16 0H8v2h12v-2zM4 16h2v2H4v-2zm16 0H8v2h12v-2z\" fill=\"currentColor\"><\/path><\/svg><svg style=\"fill: #999;color:#999\" class=\"arrow-unsorted-368013\" xmlns=\"http:\/\/www.w3.org\/2000\/svg\" width=\"10px\" height=\"10px\" viewbox=\"0 0 24 24\" version=\"1.2\" baseprofile=\"tiny\"><path d=\"M18.2 9.3l-6.2-6.3-6.2 6.3c-.2.2-.3.4-.3.7s.1.5.3.7c.2.2.4.3.7.3h11c.3 0 .5-.1.7-.3.2-.2.3-.5.3-.7s-.1-.5-.3-.7zM5.8 14.7l6.2 6.3 6.2-6.3c.2-.2.3-.5.3-.7s-.1-.5-.3-.7c-.2-.2-.4-.3-.7-.3h-11c-.3 0-.5.1-.7.3-.2.2-.3.5-.3.7s.1.5.3.7z\"\/><\/svg><\/span><\/span><\/label><input type=\"checkbox\"  id=\"ez-toc-cssicon-toggle-item-69e07a4dd1d69\" checked aria-label=\"Alternar\" \/><nav><ul class='ez-toc-list ez-toc-list-level-1' ><li class='ez-toc-page-1 ez-toc-heading-level-2'><a class=\"ez-toc-link ez-toc-heading-1\" href=\"https:\/\/livecasinofinder.com\/pt\/privacy-policy\/#Our_Pledge_to_Safeguard_Your_Privacy\" title=\"Nosso compromisso com a prote\u00e7\u00e3o de sua privacidade\">Nosso compromisso com a prote\u00e7\u00e3o de sua privacidade<\/a><\/li><li class='ez-toc-page-1 ez-toc-heading-level-2'><a class=\"ez-toc-link ez-toc-heading-2\" href=\"https:\/\/livecasinofinder.com\/pt\/privacy-policy\/#Data_Collection_Our_Practices\" title=\"Coleta de dados: Nossas pr\u00e1ticas\">Coleta de dados: Nossas pr\u00e1ticas<\/a><\/li><li class='ez-toc-page-1 ez-toc-heading-level-2'><a class=\"ez-toc-link ez-toc-heading-3\" href=\"https:\/\/livecasinofinder.com\/pt\/privacy-policy\/#The_Use_of_Your_Information\" title=\"O uso de suas informa\u00e7\u00f5es\">O uso de suas informa\u00e7\u00f5es<\/a><\/li><li class='ez-toc-page-1 ez-toc-heading-level-2'><a class=\"ez-toc-link ez-toc-heading-4\" href=\"https:\/\/livecasinofinder.com\/pt\/privacy-policy\/#Information_Disclosure_and_Sharing\" title=\"Divulga\u00e7\u00e3o e compartilhamento de informa\u00e7\u00f5es\">Divulga\u00e7\u00e3o e compartilhamento de informa\u00e7\u00f5es<\/a><\/li><li class='ez-toc-page-1 ez-toc-heading-level-2'><a class=\"ez-toc-link ez-toc-heading-5\" href=\"https:\/\/livecasinofinder.com\/pt\/privacy-policy\/#Our_Security_Measures\" title=\"Nossas medidas de seguran\u00e7a\">Nossas medidas de seguran\u00e7a<\/a><\/li><li class='ez-toc-page-1 ez-toc-heading-level-2'><a class=\"ez-toc-link ez-toc-heading-6\" href=\"https:\/\/livecasinofinder.com\/pt\/privacy-policy\/#The_Role_of_Cookies\" title=\"O papel dos cookies\">O papel dos cookies<\/a><\/li><li class='ez-toc-page-1 ez-toc-heading-level-2'><a class=\"ez-toc-link ez-toc-heading-7\" href=\"https:\/\/livecasinofinder.com\/pt\/privacy-policy\/#Third-Party_Links\" title=\"Links de terceiros\">Links de terceiros<\/a><\/li><li class='ez-toc-page-1 ez-toc-heading-level-2'><a class=\"ez-toc-link ez-toc-heading-8\" href=\"https:\/\/livecasinofinder.com\/pt\/privacy-policy\/#Policy_on_Childrens_Privacy\" title=\"Pol\u00edtica de privacidade de crian\u00e7as\">Pol\u00edtica de privacidade de crian\u00e7as<\/a><\/li><li class='ez-toc-page-1 ez-toc-heading-level-2'><a class=\"ez-toc-link ez-toc-heading-9\" href=\"https:\/\/livecasinofinder.com\/pt\/privacy-policy\/#Changes_to_This_Privacy_Policy\" title=\"Altera\u00e7\u00f5es a esta pol\u00edtica de privacidade\">Altera\u00e7\u00f5es a esta pol\u00edtica de privacidade<\/a><\/li><li class='ez-toc-page-1 ez-toc-heading-level-2'><a class=\"ez-toc-link ez-toc-heading-10\" href=\"https:\/\/livecasinofinder.com\/pt\/privacy-policy\/#Your_Rights_to_Your_Personal_Information\" title=\"Seus direitos sobre suas informa\u00e7\u00f5es pessoais\">Seus direitos sobre suas informa\u00e7\u00f5es pessoais<\/a><\/li><li class='ez-toc-page-1 ez-toc-heading-level-2'><a class=\"ez-toc-link ez-toc-heading-11\" href=\"https:\/\/livecasinofinder.com\/pt\/privacy-policy\/#Retention_of_Data\" title=\"Reten\u00e7\u00e3o de dados\">Reten\u00e7\u00e3o de dados<\/a><\/li><li class='ez-toc-page-1 ez-toc-heading-level-2'><a class=\"ez-toc-link ez-toc-heading-12\" href=\"https:\/\/livecasinofinder.com\/pt\/privacy-policy\/#International_Data_Transfers\" title=\"Transfer\u00eancias internacionais de dados\">Transfer\u00eancias internacionais de dados<\/a><\/li><\/ul><\/nav><\/div>\n\n<h2><span class=\"ez-toc-section\" id=\"Our_Pledge_to_Safeguard_Your_Privacy\"><\/span>Nosso compromisso com a prote\u00e7\u00e3o de sua privacidade<span class=\"ez-toc-section-end\"><\/span><\/h2>\n<p>Valorizamos sua privacidade e priorizamos a prote\u00e7\u00e3o de suas informa\u00e7\u00f5es pessoais. Implementamos pr\u00e1ticas de privacidade rigorosas e cumprimos as leis de prote\u00e7\u00e3o de dados aplic\u00e1veis para garantir que seus dados permane\u00e7am seguros e confidenciais.<\/p>\n<h2><span class=\"ez-toc-section\" id=\"Data_Collection_Our_Practices\"><\/span>Coleta de dados: Nossas pr\u00e1ticas<span class=\"ez-toc-section-end\"><\/span><\/h2>\n<p>Para oferecer a voc\u00ea uma experi\u00eancia perfeita e personalizada, podemos coletar determinadas informa\u00e7\u00f5es suas. Essas informa\u00e7\u00f5es podem incluir seu nome, detalhes de contato e comportamento de navega\u00e7\u00e3o em nossa plataforma. Fique tranquilo, pois coletamos apenas os dados necess\u00e1rios para aprimorar sua experi\u00eancia e melhorar nossos servi\u00e7os.<\/p>\n<h2><span class=\"ez-toc-section\" id=\"The_Use_of_Your_Information\"><\/span>O uso de suas informa\u00e7\u00f5es<span class=\"ez-toc-section-end\"><\/span><\/h2>\n<p>As informa\u00e7\u00f5es que coletamos de voc\u00ea s\u00e3o utilizadas para v\u00e1rios fins, incluindo, entre outros, os seguintes<\/p>\n<ol>\n<li>Personaliza\u00e7\u00e3o de sua experi\u00eancia no LiveCasinoFinder.com<\/li>\n<li>Processar suas solicita\u00e7\u00f5es e transa\u00e7\u00f5es com efici\u00eancia<\/li>\n<li>Comunica\u00e7\u00e3o de atualiza\u00e7\u00f5es e promo\u00e7\u00f5es importantes<\/li>\n<li>Analisar dados para aprimorar nossos servi\u00e7os e adapt\u00e1-los \u00e0s suas prefer\u00eancias<\/li>\n<\/ol>\n<h2><span class=\"ez-toc-section\" id=\"Information_Disclosure_and_Sharing\"><\/span>Divulga\u00e7\u00e3o e compartilhamento de informa\u00e7\u00f5es<span class=\"ez-toc-section-end\"><\/span><\/h2>\n<p>O LiveCasinoFinder.com respeita a confidencialidade de suas informa\u00e7\u00f5es. N\u00e3o vendemos, trocamos ou compartilhamos seus dados pessoais com terceiros, a menos que isso seja necess\u00e1rio para fornecer nossos servi\u00e7os ou exigido por lei. Podemos compartilhar suas informa\u00e7\u00f5es com parceiros confi\u00e1veis, como processadores de pagamento, apenas com a finalidade de fornecer nossos servi\u00e7os a voc\u00ea.<\/p>\n<h2><span class=\"ez-toc-section\" id=\"Our_Security_Measures\"><\/span>Nossas medidas de seguran\u00e7a<span class=\"ez-toc-section-end\"><\/span><\/h2>\n<p>Implementamos medidas de seguran\u00e7a robustas para proteger suas informa\u00e7\u00f5es pessoais contra acesso, divulga\u00e7\u00e3o, altera\u00e7\u00e3o ou destrui\u00e7\u00e3o n\u00e3o autorizados. Nossos sistemas de seguran\u00e7a avan\u00e7ados, protocolos de criptografia e controles de acesso rigorosos garantem a m\u00e1xima prote\u00e7\u00e3o dos seus dados. Revisamos e atualizamos regularmente nossas medidas de seguran\u00e7a para nos anteciparmos \u00e0s amea\u00e7as emergentes e mantermos um ambiente seguro para nossos usu\u00e1rios.<\/p>\n<h2><span class=\"ez-toc-section\" id=\"The_Role_of_Cookies\"><\/span>O papel dos cookies<span class=\"ez-toc-section-end\"><\/span><\/h2>\n<p>O LiveCasinoFinder.com utiliza cookies para aprimorar sua experi\u00eancia de navega\u00e7\u00e3o em nossa plataforma. Cookies s\u00e3o pequenos arquivos de texto armazenados em seu dispositivo, o que nos permite reconhec\u00ea-lo e personalizar sua experi\u00eancia com base em suas prefer\u00eancias. Voc\u00ea tem a op\u00e7\u00e3o de gerenciar suas prefer\u00eancias de cookies por meio das configura\u00e7\u00f5es do navegador. No entanto, observe que a desativa\u00e7\u00e3o de cookies pode limitar determinados recursos ou funcionalidades em nosso site.<\/p>\n<h2><span class=\"ez-toc-section\" id=\"Third-Party_Links\"><\/span>Links de terceiros<span class=\"ez-toc-section-end\"><\/span><\/h2>\n<p>Nossa plataforma pode conter links para sites ou servi\u00e7os de terceiros. Recomendamos que voc\u00ea esteja ciente de que esses sites t\u00eam suas pr\u00f3prias pol\u00edticas de privacidade, que podem ser diferentes das nossas. Recomendamos que analise as pr\u00e1ticas de privacidade de todos os sites de terceiros que visitar por meio de nossa plataforma, pois n\u00e3o temos controle sobre a coleta ou o uso de dados.<\/p>\n<h2><span class=\"ez-toc-section\" id=\"Policy_on_Childrens_Privacy\"><\/span>Pol\u00edtica de privacidade de crian\u00e7as<span class=\"ez-toc-section-end\"><\/span><\/h2>\n<p>O LiveCasinoFinder.com \u00e9 destinado a pessoas com pelo menos 18 anos de idade ou a idade legal para jogos de azar on-line em sua jurisdi\u00e7\u00e3o. N\u00e3o coletamos nem armazenamos intencionalmente informa\u00e7\u00f5es pessoais de indiv\u00edduos abaixo da idade legal. Se tomarmos conhecimento de qualquer informa\u00e7\u00e3o desse tipo, n\u00f3s a excluiremos imediatamente de nossos registros.<\/p>\n<h2><span class=\"ez-toc-section\" id=\"Changes_to_This_Privacy_Policy\"><\/span>Altera\u00e7\u00f5es a esta pol\u00edtica de privacidade<span class=\"ez-toc-section-end\"><\/span><\/h2>\n<p>Podemos atualizar nossa Pol\u00edtica de Privacidade periodicamente para refletir mudan\u00e7as em nossas pr\u00e1ticas, requisitos legais ou servi\u00e7os. Quaisquer modifica\u00e7\u00f5es nesta pol\u00edtica ser\u00e3o comunicadas a voc\u00ea por meio de notifica\u00e7\u00f5es em destaque em nossa plataforma. Recomendamos que voc\u00ea consulte nossa Pol\u00edtica de Privacidade regularmente para se manter informado sobre como protegemos sua privacidade.<\/p>\n<h2><span class=\"ez-toc-section\" id=\"Your_Rights_to_Your_Personal_Information\"><\/span>Seus direitos sobre suas informa\u00e7\u00f5es pessoais<span class=\"ez-toc-section-end\"><\/span><\/h2>\n<p>Como usu\u00e1rio do LiveCasinoFinder.com, voc\u00ea tem determinados direitos em rela\u00e7\u00e3o \u00e0s suas informa\u00e7\u00f5es pessoais. Esses direitos podem incluir:<\/p>\n<ol>\n<li>Acesso \u00e0s informa\u00e7\u00f5es pessoais que mantemos sobre voc\u00ea<\/li>\n<li>A capacidade de corrigir ou atualizar suas informa\u00e7\u00f5es<\/li>\n<li>O direito de solicitar a exclus\u00e3o de seus dados pessoais em determinadas circunst\u00e2ncias<\/li>\n<li>O direito de restringir ou se opor ao processamento de seus dados<\/li>\n<li>O direito \u00e0 portabilidade de dados, que lhe permite receber uma c\u00f3pia de seus dados em um formato estruturado, comumente usado e leg\u00edvel por m\u00e1quina<\/li>\n<\/ol>\n<p>Para exercer seus direitos ou buscar esclarecimentos sobre qualquer assunto relacionado \u00e0 privacidade, entre em contato com nossa equipe de suporte dedicada. Estamos aqui para ajud\u00e1-lo prontamente.<\/p>\n<h2><span class=\"ez-toc-section\" id=\"Retention_of_Data\"><\/span>Reten\u00e7\u00e3o de dados<span class=\"ez-toc-section-end\"><\/span><\/h2>\n<p>N\u00f3s retemos suas informa\u00e7\u00f5es pessoais somente pelo tempo necess\u00e1rio para cumprir as finalidades descritas nesta Pol\u00edtica de Privacidade ou conforme exigido por lei. Quando seus dados n\u00e3o forem mais necess\u00e1rios, n\u00f3s os descartaremos de forma segura, de acordo com nossas pr\u00e1ticas de reten\u00e7\u00e3o de dados.<\/p>\n<h2><span class=\"ez-toc-section\" id=\"International_Data_Transfers\"><\/span>Transfer\u00eancias internacionais de dados<span class=\"ez-toc-section-end\"><\/span><\/h2>\n<p>Como uma plataforma global, o LiveCasinoFinder.com pode transferir e processar suas informa\u00e7\u00f5es pessoais em v\u00e1rios locais do mundo. Asseguramos que as salvaguardas apropriadas estejam em vigor para proteger seus dados durante as transfer\u00eancias internacionais e cumprir as leis de prote\u00e7\u00e3o de dados aplic\u00e1veis.<\/p>\n<p>No LiveCasinoFinder.com, temos o compromisso de oferecer um ambiente de jogo seguro, transparente e agrad\u00e1vel, protegendo sua privacidade. Sua confian\u00e7a e satisfa\u00e7\u00e3o s\u00e3o nossas principais prioridades.<\/p>","protected":false},"excerpt":{"rendered":"<p>No LiveCasinoFinder.com, entendemos a import\u00e2ncia de salvaguardar sua privacidade e proteger a confidencialidade de suas informa\u00e7\u00f5es pessoais. Esta Pol\u00edtica de Privacidade descreve nosso compromisso inabal\u00e1vel com a prote\u00e7\u00e3o de dados, garantindo uma experi\u00eancia segura e agrad\u00e1vel em nossa plataforma. Nosso compromisso de proteger sua privacidade Valorizamos sua privacidade e priorizamos a prote\u00e7\u00e3o de suas informa\u00e7\u00f5es pessoais. [...]<\/p>","protected":false},"author":1,"featured_media":0,"parent":0,"menu_order":0,"comment_status":"closed","ping_status":"closed","template":"page-no-sidebar.php","meta":{"_lmt_disableupdate":"no","_lmt_disable":"no","footnotes":""},"class_list":["post-2109","page","type-page","status-publish","hentry"],"yoast_head":"<!-- This site is optimized with the Yoast SEO plugin v26.4 - https:\/\/yoast.com\/wordpress\/plugins\/seo\/ -->\n<title>Protecting Your Privacy | LiveCasinoFinder.com Privacy Policy<\/title>\n<meta name=\"description\" content=\"At LiveCasinoFinder.com, we prioritize the protection of your data. Our Privacy Policy outlines our commitment to safeguarding your personal information.\" \/>\n<meta name=\"robots\" content=\"index, follow, max-snippet:-1, max-image-preview:large, max-video-preview:-1\" \/>\n<link rel=\"canonical\" href=\"https:\/\/livecasinofinder.com\/wp-json\/wp\/v2\/pages\/2109\/\" \/>\n<meta property=\"og:locale\" content=\"pt_BR\" \/>\n<meta property=\"og:type\" content=\"article\" \/>\n<meta property=\"og:title\" content=\"Protecting Your Privacy | LiveCasinoFinder.com Privacy Policy\" \/>\n<meta property=\"og:description\" content=\"At LiveCasinoFinder.com, we prioritize the protection of your data. Our Privacy Policy outlines our commitment to safeguarding your personal information.\" \/>\n<meta property=\"og:url\" content=\"https:\/\/livecasinofinder.com\/pt\/privacy-policy\/\" \/>\n<meta property=\"og:site_name\" content=\"livecasinofinder.com\" \/>\n<meta property=\"og:image\" content=\"https:\/\/livecasinofinder.com\/wp-content\/uploads\/2023\/03\/lucasoilraceway-logo-1.png\" \/>\n\t<meta property=\"og:image:width\" content=\"427\" \/>\n\t<meta property=\"og:image:height\" content=\"145\" \/>\n\t<meta property=\"og:image:type\" content=\"image\/png\" \/>\n<meta name=\"twitter:card\" content=\"summary_large_image\" \/>\n<meta name=\"twitter:label1\" content=\"Est. tempo de leitura\" \/>\n\t<meta name=\"twitter:data1\" content=\"4 minutos\" \/>\n<!-- \/ Yoast SEO plugin. -->","yoast_head_json":{"title":"Protegendo sua privacidade | Pol\u00edtica de privacidade do LiveCasinoFinder.com","description":"No LiveCasinoFinder.com, priorizamos a prote\u00e7\u00e3o de seus dados. Nossa Pol\u00edtica de Privacidade descreve nosso compromisso com a prote\u00e7\u00e3o de suas informa\u00e7\u00f5es pessoais.","robots":{"index":"index","follow":"follow","max-snippet":"max-snippet:-1","max-image-preview":"max-image-preview:large","max-video-preview":"max-video-preview:-1"},"canonical":"https:\/\/livecasinofinder.com\/wp-json\/wp\/v2\/pages\/2109\/","og_locale":"pt_BR","og_type":"article","og_title":"Protecting Your Privacy | LiveCasinoFinder.com Privacy Policy","og_description":"At LiveCasinoFinder.com, we prioritize the protection of your data. Our Privacy Policy outlines our commitment to safeguarding your personal information.","og_url":"https:\/\/livecasinofinder.com\/pt\/privacy-policy\/","og_site_name":"livecasinofinder.com","og_image":[{"width":427,"height":145,"url":"https:\/\/livecasinofinder.com\/wp-content\/uploads\/2023\/03\/lucasoilraceway-logo-1.png","type":"image\/png"}],"twitter_card":"summary_large_image","twitter_misc":{"Est. tempo de leitura":"4 minutos"},"schema":{"@context":"https:\/\/schema.org","@graph":[{"@type":"WebPage","@id":"https:\/\/livecasinofinder.com\/privacy-policy\/","url":"https:\/\/livecasinofinder.com\/privacy-policy\/","name":"Protegendo sua privacidade | Pol\u00edtica de privacidade do LiveCasinoFinder.com","isPartOf":{"@id":"https:\/\/livecasinofinder.com\/ja\/#website"},"datePublished":"2023-06-20T14:37:04+00:00","description":"No LiveCasinoFinder.com, priorizamos a prote\u00e7\u00e3o de seus dados. Nossa Pol\u00edtica de Privacidade descreve nosso compromisso com a prote\u00e7\u00e3o de suas informa\u00e7\u00f5es pessoais.","breadcrumb":{"@id":"https:\/\/livecasinofinder.com\/privacy-policy\/#breadcrumb"},"inLanguage":"pt-BR","potentialAction":[{"@type":"ReadAction","target":["https:\/\/livecasinofinder.com\/privacy-policy\/"]}]},{"@type":"BreadcrumbList","@id":"https:\/\/livecasinofinder.com\/privacy-policy\/#breadcrumb","itemListElement":[{"@type":"ListItem","position":1,"name":"LiveCasinoFinder.com","item":"https:\/\/livecasinofinder.com\/fr\/"},{"@type":"ListItem","position":2,"name":"Privacy Policy"}]},{"@type":"WebSite","@id":"https:\/\/livecasinofinder.com\/ja\/#website","url":"https:\/\/livecasinofinder.com\/ja\/","name":"livecasinofinder","description":"","publisher":{"@id":"https:\/\/livecasinofinder.com\/ja\/#organization"},"alternateName":"Lucas oil raceway live casino","potentialAction":[{"@type":"SearchAction","target":{"@type":"EntryPoint","urlTemplate":"https:\/\/livecasinofinder.com\/ja\/?s={search_term_string}"},"query-input":{"@type":"PropertyValueSpecification","valueRequired":true,"valueName":"search_term_string"}}],"inLanguage":"pt-BR"},{"@type":"Organization","@id":"https:\/\/livecasinofinder.com\/ja\/#organization","name":"Localizador de cassinos ao vivo","alternateName":"Lucas oil raceway live casino","url":"https:\/\/livecasinofinder.com\/ja\/","logo":{"@type":"ImageObject","inLanguage":"pt-BR","@id":"https:\/\/livecasinofinder.com\/ja\/#\/schema\/logo\/image\/","url":"https:\/\/livecasinofinder.com\/wp-content\/uploads\/2023\/04\/livecasinofinder-logo.png","contentUrl":"https:\/\/livecasinofinder.com\/wp-content\/uploads\/2023\/04\/livecasinofinder-logo.png","width":1600,"height":453,"caption":"Live Casino Finder"},"image":{"@id":"https:\/\/livecasinofinder.com\/ja\/#\/schema\/logo\/image\/"}}]}},"_links":{"self":[{"href":"https:\/\/livecasinofinder.com\/pt\/wp-json\/wp\/v2\/pages\/2109","targetHints":{"allow":["GET"]}}],"collection":[{"href":"https:\/\/livecasinofinder.com\/pt\/wp-json\/wp\/v2\/pages"}],"about":[{"href":"https:\/\/livecasinofinder.com\/pt\/wp-json\/wp\/v2\/types\/page"}],"author":[{"embeddable":true,"href":"https:\/\/livecasinofinder.com\/pt\/wp-json\/wp\/v2\/users\/1"}],"replies":[{"embeddable":true,"href":"https:\/\/livecasinofinder.com\/pt\/wp-json\/wp\/v2\/comments?post=2109"}],"version-history":[{"count":0,"href":"https:\/\/livecasinofinder.com\/pt\/wp-json\/wp\/v2\/pages\/2109\/revisions"}],"wp:attachment":[{"href":"https:\/\/livecasinofinder.com\/pt\/wp-json\/wp\/v2\/media?parent=2109"}],"curies":[{"name":"wp","href":"https:\/\/api.w.org\/{rel}","templated":true}]}}