{"id":2107,"date":"2023-06-20T14:36:44","date_gmt":"2023-06-20T14:36:44","guid":{"rendered":"https:\/\/livecasinofinder.com\/?page_id=2107"},"modified":"2025-06-03T11:09:24","modified_gmt":"2025-06-03T11:09:24","slug":"disclaimer","status":"publish","type":"page","link":"https:\/\/livecasinofinder.com\/pt\/disclaimer\/","title":{"rendered":"Isen\u00e7\u00e3o de responsabilidade"},"content":{"rendered":"<p>O LiveCasinoFinder.com \u00e9 o guia por excel\u00eancia para todos os entusiastas de jogos de azar!\u00a0<em>Voc\u00ea j\u00e1 teve d\u00favidas sobre qual live casino experimentar?<\/em>\u00a0Nosso site funciona como um farol, guiando-o pelo mundo misterioso dos cassinos on-line ao vivo. O LiveCasinoFinder.com ajuda voc\u00ea a encontrar o <a href=\"\/pt\/live-casinos\/\">melhores live casinos<\/a>compare os recursos e at\u00e9 mesmo obtenha alguns b\u00f4nus do super.<\/p>\n<div id=\"ez-toc-container\" class=\"ez-toc-v2_0_63 counter-hierarchy ez-toc-counter ez-toc-grey ez-toc-container-direction\">\n<label for=\"ez-toc-cssicon-toggle-item-69e59985bdcc5\" class=\"ez-toc-cssicon-toggle-label\"><span class=\"ez-toc-cssicon\"><span class=\"eztoc-hide\" style=\"display:none;\">Alternar<\/span><span class=\"ez-toc-icon-toggle-span\"><svg style=\"fill: #999;color:#999\" xmlns=\"http:\/\/www.w3.org\/2000\/svg\" class=\"list-377408\" width=\"20px\" height=\"20px\" viewbox=\"0 0 24 24\" fill=\"none\"><path d=\"M6 6H4v2h2V6zm14 0H8v2h12V6zM4 11h2v2H4v-2zm16 0H8v2h12v-2zM4 16h2v2H4v-2zm16 0H8v2h12v-2z\" fill=\"currentColor\"><\/path><\/svg><svg style=\"fill: #999;color:#999\" class=\"arrow-unsorted-368013\" xmlns=\"http:\/\/www.w3.org\/2000\/svg\" width=\"10px\" height=\"10px\" viewbox=\"0 0 24 24\" version=\"1.2\" baseprofile=\"tiny\"><path d=\"M18.2 9.3l-6.2-6.3-6.2 6.3c-.2.2-.3.4-.3.7s.1.5.3.7c.2.2.4.3.7.3h11c.3 0 .5-.1.7-.3.2-.2.3-.5.3-.7s-.1-.5-.3-.7zM5.8 14.7l6.2 6.3 6.2-6.3c.2-.2.3-.5.3-.7s-.1-.5-.3-.7c-.2-.2-.4-.3-.7-.3h-11c-.3 0-.5.1-.7.3-.2.2-.3.5-.3.7s.1.5.3.7z\"\/><\/svg><\/span><\/span><\/label><input type=\"checkbox\"  id=\"ez-toc-cssicon-toggle-item-69e59985bdcc5\" checked aria-label=\"Alternar\" \/><nav><ul class='ez-toc-list ez-toc-list-level-1' ><li class='ez-toc-page-1 ez-toc-heading-level-2'><a class=\"ez-toc-link ez-toc-heading-1\" href=\"https:\/\/livecasinofinder.com\/pt\/disclaimer\/#Objective_of_LiveCasinoFindercom\" title=\"Objetivo do LiveCasinoFinder.com\">Objetivo do LiveCasinoFinder.com<\/a><\/li><li class='ez-toc-page-1 ez-toc-heading-level-2'><a class=\"ez-toc-link ez-toc-heading-2\" href=\"https:\/\/livecasinofinder.com\/pt\/disclaimer\/#Limitations_and_Liability\" title=\"Limita\u00e7\u00f5es e responsabilidade\">Limita\u00e7\u00f5es e responsabilidade<\/a><ul class='ez-toc-list-level-3' ><li class='ez-toc-heading-level-3'><a class=\"ez-toc-link ez-toc-heading-3\" href=\"https:\/\/livecasinofinder.com\/pt\/disclaimer\/#Validity_of_Information\" title=\"Validade das informa\u00e7\u00f5es\">Validade das informa\u00e7\u00f5es<\/a><\/li><li class='ez-toc-page-1 ez-toc-heading-level-3'><a class=\"ez-toc-link ez-toc-heading-4\" href=\"https:\/\/livecasinofinder.com\/pt\/disclaimer\/#User_Responsibilities\" title=\"Responsabilidades do usu\u00e1rio\">Responsabilidades do usu\u00e1rio<\/a><ul class='ez-toc-list-level-4' ><li class='ez-toc-heading-level-4'><a class=\"ez-toc-link ez-toc-heading-5\" href=\"https:\/\/livecasinofinder.com\/pt\/disclaimer\/#Age_Restrictions\" title=\"Restri\u00e7\u00f5es de idade\">Restri\u00e7\u00f5es de idade<\/a><\/li><li class='ez-toc-page-1 ez-toc-heading-level-4'><a class=\"ez-toc-link ez-toc-heading-6\" href=\"https:\/\/livecasinofinder.com\/pt\/disclaimer\/#Responsible_Gambling\" title=\"Jogo respons\u00e1vel\">Jogo respons\u00e1vel<\/a><\/li><\/ul><\/li><\/ul><\/li><li class='ez-toc-page-1 ez-toc-heading-level-2'><a class=\"ez-toc-link ez-toc-heading-7\" href=\"https:\/\/livecasinofinder.com\/pt\/disclaimer\/#Third-Party_Content_and_Links\" title=\"Conte\u00fado e links de terceiros\">Conte\u00fado e links de terceiros<\/a><ul class='ez-toc-list-level-3' ><li class='ez-toc-heading-level-3'><a class=\"ez-toc-link ez-toc-heading-8\" href=\"https:\/\/livecasinofinder.com\/pt\/disclaimer\/#External_Links\" title=\"Links externos\">Links externos<\/a><\/li><li class='ez-toc-page-1 ez-toc-heading-level-3'><a class=\"ez-toc-link ez-toc-heading-9\" href=\"https:\/\/livecasinofinder.com\/pt\/disclaimer\/#Affiliations_and_Partnerships\" title=\"Afilia\u00e7\u00f5es e parcerias\">Afilia\u00e7\u00f5es e parcerias<\/a><\/li><\/ul><\/li><li class='ez-toc-page-1 ez-toc-heading-level-2'><a class=\"ez-toc-link ez-toc-heading-10\" href=\"https:\/\/livecasinofinder.com\/pt\/disclaimer\/#Intellectual_Property\" title=\"Propriedade intelectual\">Propriedade intelectual<\/a><ul class='ez-toc-list-level-3' ><li class='ez-toc-heading-level-3'><a class=\"ez-toc-link ez-toc-heading-11\" href=\"https:\/\/livecasinofinder.com\/pt\/disclaimer\/#Copyrights\" title=\"Direitos autorais\">Direitos autorais<\/a><\/li><li class='ez-toc-page-1 ez-toc-heading-level-3'><a class=\"ez-toc-link ez-toc-heading-12\" href=\"https:\/\/livecasinofinder.com\/pt\/disclaimer\/#Use_of_Content\" title=\"Uso do conte\u00fado\">Uso do conte\u00fado<\/a><\/li><li class='ez-toc-page-1 ez-toc-heading-level-3'><a class=\"ez-toc-link ez-toc-heading-13\" href=\"https:\/\/livecasinofinder.com\/pt\/disclaimer\/#Indemnification\" title=\"Indeniza\u00e7\u00e3o\">Indeniza\u00e7\u00e3o<\/a><\/li><\/ul><\/li><li class='ez-toc-page-1 ez-toc-heading-level-2'><a class=\"ez-toc-link ez-toc-heading-14\" href=\"https:\/\/livecasinofinder.com\/pt\/disclaimer\/#Governing_Law_and_Jurisdiction\" title=\"Lei Aplic\u00e1vel e Jurisdi\u00e7\u00e3o\">Lei Aplic\u00e1vel e Jurisdi\u00e7\u00e3o<\/a><\/li><li class='ez-toc-page-1 ez-toc-heading-level-2'><a class=\"ez-toc-link ez-toc-heading-15\" href=\"https:\/\/livecasinofinder.com\/pt\/disclaimer\/#Updates_to_Disclaimer\" title=\"Atualiza\u00e7\u00f5es do Aviso Legal\">Atualiza\u00e7\u00f5es do Aviso Legal<\/a><\/li><li class='ez-toc-page-1 ez-toc-heading-level-2'><a class=\"ez-toc-link ez-toc-heading-16\" href=\"https:\/\/livecasinofinder.com\/pt\/disclaimer\/#Contact_Information\" title=\"Informa\u00e7\u00f5es de contato\">Informa\u00e7\u00f5es de contato<\/a><\/li><li class='ez-toc-page-1 ez-toc-heading-level-2'><a class=\"ez-toc-link ez-toc-heading-17\" href=\"https:\/\/livecasinofinder.com\/pt\/disclaimer\/#Conclusion\" title=\"Conclus\u00e3o\">Conclus\u00e3o<\/a><\/li><\/ul><\/nav><\/div>\n\n<h2><span class=\"ez-toc-section\" id=\"Objective_of_LiveCasinoFindercom\"><\/span>Objetivo do LiveCasinoFinder.com<span class=\"ez-toc-section-end\"><\/span><\/h2>\n<p>O LiveCasinoFinder.com tem um objetivo:\u00a0<em>para tornar sua jornada de apostas on-line mais tranquila do que um straight flush<\/em>. Fornecemos informa\u00e7\u00f5es confi\u00e1veis, percep\u00e7\u00f5es de especialistas e estrat\u00e9gias de primeira linha. Entretanto, lembre-se de que somos o Gandalf para o seu Frodo; a miss\u00e3o final \u00e9 sua.<\/p>\n<h2><span class=\"ez-toc-section\" id=\"Limitations_and_Liability\"><\/span>Limita\u00e7\u00f5es e responsabilidade<span class=\"ez-toc-section-end\"><\/span><\/h2>\n<p>Como em uma ousada aventura pirata, sua jornada aqui \u00e9 por sua conta e risco. N\u00e3o nos responsabilizamos por quaisquer perdas ou danos. Nossos mapas do tesouro s\u00e3o guias; os riscos s\u00e3o seus.<\/p>\n<h3><span class=\"ez-toc-section\" id=\"Validity_of_Information\"><\/span>Validade das informa\u00e7\u00f5es<span class=\"ez-toc-section-end\"><\/span><\/h3>\n<p>N\u00f3s nos dedicamos de corpo e alma para fornecer a voc\u00ea as informa\u00e7\u00f5es mais precisas e atualizadas. Entretanto, assim como no p\u00f4quer, \u00e0s vezes as coisas mudam de forma imprevis\u00edvel. Consequentemente, n\u00e3o podemos garantir que tudo o que voc\u00ea encontrar aqui ser\u00e1 sempre t\u00e3o novo quanto uma margarida.<\/p>\n<h3><span class=\"ez-toc-section\" id=\"User_Responsibilities\"><\/span>Responsabilidades do usu\u00e1rio<span class=\"ez-toc-section-end\"><\/span><\/h3>\n<h4><span class=\"ez-toc-section\" id=\"Age_Restrictions\"><\/span>Restri\u00e7\u00f5es de idade<span class=\"ez-toc-section-end\"><\/span><\/h4>\n<p>Voc\u00ea tem idade suficiente para jogar os dados? Antes de entrar no emocionante mundo do LiveCasinoFinder.com, certifique-se de que voc\u00ea tem idade legal para jogar. Se n\u00e3o tiver, \u00e9 hora de sair daqui!<\/p>\n<h4><span class=\"ez-toc-section\" id=\"Responsible_Gambling\"><\/span>Jogo respons\u00e1vel<span class=\"ez-toc-section-end\"><\/span><\/h4>\n<p>O jogo deve ser como bebericar um bom vinho - feito com responsabilidade. Lembre-se sempre de manter o bom senso e nunca aposte mais do que pode perder. Pense nisso como uma noite de jogos amig\u00e1veis; voc\u00ea est\u00e1 aqui para se divertir, n\u00e3o para esvaziar as economias de sua vida!<\/p>\n<h2><span class=\"ez-toc-section\" id=\"Third-Party_Content_and_Links\"><\/span>Conte\u00fado e links de terceiros<span class=\"ez-toc-section-end\"><\/span><\/h2>\n<h3><span class=\"ez-toc-section\" id=\"External_Links\"><\/span>Links externos<span class=\"ez-toc-section-end\"><\/span><\/h3>\n<p><em>Voc\u00ea j\u00e1 teve vontade de explorar novos reinos?<\/em>\u00a0Fornecemos links para sites de terceiros. No entanto, tenha cuidado, jovem explorador. N\u00e3o nos responsabilizamos por nenhum drag\u00e3o ou conte\u00fado que voc\u00ea possa encontrar por a\u00ed.<\/p>\n<h3><span class=\"ez-toc-section\" id=\"Affiliations_and_Partnerships\"><\/span>Afilia\u00e7\u00f5es e parcerias<span class=\"ez-toc-section-end\"><\/span><\/h3>\n<p>Temos orgulho de sermos afiliados a alguns dos maiores nomes do setor. No entanto, nossa integridade permanece intocada e nossas opini\u00f5es n\u00e3o s\u00e3o alteradas. As parcerias n\u00e3o nos governam; n\u00f3s as governamos!<\/p>\n<h2><span class=\"ez-toc-section\" id=\"Intellectual_Property\"><\/span>Propriedade intelectual<span class=\"ez-toc-section-end\"><\/span><\/h2>\n<h3><span class=\"ez-toc-section\" id=\"Copyrights\"><\/span>Direitos autorais<span class=\"ez-toc-section-end\"><\/span><\/h3>\n<p>Nosso conte\u00fado \u00e9 t\u00e3o exclusivo quanto um unic\u00f3rnio e est\u00e1 protegido pelo escudo encantado das leis de direitos autorais. Respeite o reino, n\u00e3o roube nosso conte\u00fado!<\/p>\n<h3><span class=\"ez-toc-section\" id=\"Use_of_Content\"><\/span>Uso do conte\u00fado<span class=\"ez-toc-section-end\"><\/span><\/h3>\n<p>Fique \u00e0 vontade para usar nosso conte\u00fado, mas lembre-se de atribuir a fonte m\u00e1gica, o LiveCasinoFinder.com.\u00a0<em>Voc\u00ea n\u00e3o daria cr\u00e9dito a um mago que lhe entregasse um mapa do tesouro?<\/em><\/p>\n<h3><span class=\"ez-toc-section\" id=\"Indemnification\"><\/span>Indeniza\u00e7\u00e3o<span class=\"ez-toc-section-end\"><\/span><\/h3>\n<p>Se suas a\u00e7\u00f5es levarem a problemas legais, \u00e9 como andar na prancha sozinho; n\u00e3o compartilharemos a queda. Voc\u00ea nos indenizar\u00e1 por quaisquer reivindica\u00e7\u00f5es que surjam devido ao seu uso de nossos mapas do tesouro.<\/p>\n<h2><span class=\"ez-toc-section\" id=\"Governing_Law_and_Jurisdiction\"><\/span>Lei Aplic\u00e1vel e Jurisdi\u00e7\u00e3o<span class=\"ez-toc-section-end\"><\/span><\/h2>\n<p>As leis que regem o territ\u00f3rio do LiveCasinoFinder.com s\u00e3o rigorosas e obrigat\u00f3rias. Quaisquer disputas ser\u00e3o resolvidas sob o olhar vigilante das \u00e1guias legais, de acordo com as leis do pa\u00eds.<\/p>\n<h2><span class=\"ez-toc-section\" id=\"Updates_to_Disclaimer\"><\/span>Atualiza\u00e7\u00f5es do Aviso Legal<span class=\"ez-toc-section-end\"><\/span><\/h2>\n<p>Podemos atualizar esta isen\u00e7\u00e3o de responsabilidade como um navio que muda de rumo. Mantenha sua luneta apontada para esta p\u00e1gina para se manter stay informado.<\/p>\n<h2><span class=\"ez-toc-section\" id=\"Contact_Information\"><\/span>Informa\u00e7\u00f5es de contato<span class=\"ez-toc-section-end\"><\/span><\/h2>\n<p>Se precisar entrar em contato, envie-nos uma mensagem em uma garrafa ou entre em contato conosco pelo nosso site. Valorizamos o feedback como um pirata valoriza o ouro!<\/p>\n<h2><span class=\"ez-toc-section\" id=\"Conclusion\"><\/span>Conclus\u00e3o<span class=\"ez-toc-section-end\"><\/span><\/h2>\n<p>Ent\u00e3o, amigos aventureiros, isso encerra o pergaminho oficial de isen\u00e7\u00e3o de responsabilidade do LiveCasinoFinder.com. Lembre-se, com grande poder (ou informa\u00e7\u00e3o, neste caso), vem grande responsabilidade. Use os mapas do tesouro com sabedoria e que sua busca seja repleta de riquezas!<\/p>","protected":false},"excerpt":{"rendered":"<p>O LiveCasinoFinder.com \u00e9 o guia por excel\u00eancia para todos os entusiastas de jogos de azar! J\u00e1 se viu em uma d\u00favida sobre qual live casino experimentar? Nosso site funciona como um farol, guiando-o pelo mundo misterioso dos cassinos on-line ao vivo. O LiveCasinoFinder.com o ajuda a encontrar os melhores live casinos, comparar os recursos e at\u00e9 mesmo obter alguns b\u00f4nus doces do super. Objetivo do [...]<\/p>","protected":false},"author":1,"featured_media":0,"parent":0,"menu_order":0,"comment_status":"closed","ping_status":"closed","template":"page-no-sidebar.php","meta":{"_lmt_disableupdate":"no","_lmt_disable":"no","footnotes":""},"class_list":["post-2107","page","type-page","status-publish","hentry"],"yoast_head":"<!-- This site is optimized with the Yoast SEO plugin v26.4 - https:\/\/yoast.com\/wordpress\/plugins\/seo\/ -->\n<title>Disclaimer and Important Information<\/title>\n<meta name=\"description\" content=\"Read Live Casino Finder\u2019s disclaimer to understand our policies and ensure a clear and transparent experience when using our live casino guides and reviews.\" \/>\n<meta name=\"robots\" content=\"index, follow, max-snippet:-1, max-image-preview:large, max-video-preview:-1\" \/>\n<link rel=\"canonical\" href=\"https:\/\/livecasinofinder.com\/wp-json\/wp\/v2\/pages\/2107\/\" \/>\n<meta property=\"og:locale\" content=\"pt_BR\" \/>\n<meta property=\"og:type\" content=\"article\" \/>\n<meta property=\"og:title\" content=\"Disclaimer and Important Information\" \/>\n<meta property=\"og:description\" content=\"Read Live Casino Finder\u2019s disclaimer to understand our policies and ensure a clear and transparent experience when using our live casino guides and reviews.\" \/>\n<meta property=\"og:url\" content=\"https:\/\/livecasinofinder.com\/pt\/disclaimer\/\" \/>\n<meta property=\"og:site_name\" content=\"livecasinofinder.com\" \/>\n<meta property=\"article:modified_time\" content=\"2025-06-03T11:09:24+00:00\" \/>\n<meta property=\"og:image\" content=\"https:\/\/livecasinofinder.com\/wp-content\/uploads\/2023\/03\/lucasoilraceway-logo-1.png\" \/>\n\t<meta property=\"og:image:width\" content=\"427\" \/>\n\t<meta property=\"og:image:height\" content=\"145\" \/>\n\t<meta property=\"og:image:type\" content=\"image\/png\" \/>\n<meta name=\"twitter:card\" content=\"summary_large_image\" \/>\n<meta name=\"twitter:label1\" content=\"Est. tempo de leitura\" \/>\n\t<meta name=\"twitter:data1\" content=\"3 minutos\" \/>\n<!-- \/ Yoast SEO plugin. -->","yoast_head_json":{"title":"Disclaimer and Important Information","description":"Read Live Casino Finder\u2019s disclaimer to understand our policies and ensure a clear and transparent experience when using our live casino guides and reviews.","robots":{"index":"index","follow":"follow","max-snippet":"max-snippet:-1","max-image-preview":"max-image-preview:large","max-video-preview":"max-video-preview:-1"},"canonical":"https:\/\/livecasinofinder.com\/wp-json\/wp\/v2\/pages\/2107\/","og_locale":"pt_BR","og_type":"article","og_title":"Disclaimer and Important Information","og_description":"Read Live Casino Finder\u2019s disclaimer to understand our policies and ensure a clear and transparent experience when using our live casino guides and reviews.","og_url":"https:\/\/livecasinofinder.com\/pt\/disclaimer\/","og_site_name":"livecasinofinder.com","article_modified_time":"2025-06-03T11:09:24+00:00","og_image":[{"width":427,"height":145,"url":"https:\/\/livecasinofinder.com\/wp-content\/uploads\/2023\/03\/lucasoilraceway-logo-1.png","type":"image\/png"}],"twitter_card":"summary_large_image","twitter_misc":{"Est. tempo de leitura":"3 minutos"},"schema":{"@context":"https:\/\/schema.org","@graph":[{"@type":"WebPage","@id":"https:\/\/livecasinofinder.com\/disclaimer\/","url":"https:\/\/livecasinofinder.com\/disclaimer\/","name":"Disclaimer and Important Information","isPartOf":{"@id":"https:\/\/livecasinofinder.com\/ja\/#website"},"datePublished":"2023-06-20T14:36:44+00:00","dateModified":"2025-06-03T11:09:24+00:00","description":"Read Live Casino Finder\u2019s disclaimer to understand our policies and ensure a clear and transparent experience when using our live casino guides and reviews.","breadcrumb":{"@id":"https:\/\/livecasinofinder.com\/disclaimer\/#breadcrumb"},"inLanguage":"pt-BR","potentialAction":[{"@type":"ReadAction","target":["https:\/\/livecasinofinder.com\/disclaimer\/"]}]},{"@type":"BreadcrumbList","@id":"https:\/\/livecasinofinder.com\/disclaimer\/#breadcrumb","itemListElement":[{"@type":"ListItem","position":1,"name":"LiveCasinoFinder.com","item":"https:\/\/livecasinofinder.com\/fr\/"},{"@type":"ListItem","position":2,"name":"Disclaimer"}]},{"@type":"WebSite","@id":"https:\/\/livecasinofinder.com\/ja\/#website","url":"https:\/\/livecasinofinder.com\/ja\/","name":"livecasinofinder","description":"","publisher":{"@id":"https:\/\/livecasinofinder.com\/ja\/#organization"},"alternateName":"Lucas oil raceway live casino","potentialAction":[{"@type":"SearchAction","target":{"@type":"EntryPoint","urlTemplate":"https:\/\/livecasinofinder.com\/ja\/?s={search_term_string}"},"query-input":{"@type":"PropertyValueSpecification","valueRequired":true,"valueName":"search_term_string"}}],"inLanguage":"pt-BR"},{"@type":"Organization","@id":"https:\/\/livecasinofinder.com\/ja\/#organization","name":"Localizador de cassinos ao vivo","alternateName":"Lucas oil raceway live casino","url":"https:\/\/livecasinofinder.com\/ja\/","logo":{"@type":"ImageObject","inLanguage":"pt-BR","@id":"https:\/\/livecasinofinder.com\/ja\/#\/schema\/logo\/image\/","url":"https:\/\/livecasinofinder.com\/wp-content\/uploads\/2023\/04\/livecasinofinder-logo.png","contentUrl":"https:\/\/livecasinofinder.com\/wp-content\/uploads\/2023\/04\/livecasinofinder-logo.png","width":1600,"height":453,"caption":"Live Casino Finder"},"image":{"@id":"https:\/\/livecasinofinder.com\/ja\/#\/schema\/logo\/image\/"}}]}},"_links":{"self":[{"href":"https:\/\/livecasinofinder.com\/pt\/wp-json\/wp\/v2\/pages\/2107","targetHints":{"allow":["GET"]}}],"collection":[{"href":"https:\/\/livecasinofinder.com\/pt\/wp-json\/wp\/v2\/pages"}],"about":[{"href":"https:\/\/livecasinofinder.com\/pt\/wp-json\/wp\/v2\/types\/page"}],"author":[{"embeddable":true,"href":"https:\/\/livecasinofinder.com\/pt\/wp-json\/wp\/v2\/users\/1"}],"replies":[{"embeddable":true,"href":"https:\/\/livecasinofinder.com\/pt\/wp-json\/wp\/v2\/comments?post=2107"}],"version-history":[{"count":0,"href":"https:\/\/livecasinofinder.com\/pt\/wp-json\/wp\/v2\/pages\/2107\/revisions"}],"wp:attachment":[{"href":"https:\/\/livecasinofinder.com\/pt\/wp-json\/wp\/v2\/media?parent=2107"}],"curies":[{"name":"wp","href":"https:\/\/api.w.org\/{rel}","templated":true}]}}