{"id":381,"date":"2023-03-15T17:35:24","date_gmt":"2023-03-15T17:35:24","guid":{"rendered":"https:\/\/livecasinofinder.com\/?page_id=381"},"modified":"2025-06-03T11:06:50","modified_gmt":"2025-06-03T11:06:50","slug":"about-us","status":"publish","type":"page","link":"https:\/\/livecasinofinder.com\/pl\/about-us\/","title":{"rendered":"O nas"},"content":{"rendered":"<p>Witamy na livecasinofinder.com, zaufanym \u017ar\u00f3dle bezstronnych i pouczaj\u0105cych recenzji live casino. Nasz\u0105 g\u0142\u00f3wn\u0105 misj\u0105 jest dostarczanie czytelnikom dok\u0142adnych i aktualnych informacji o najbardziej godnych zaufania i wiarygodnych kasynach online, skupiaj\u0105c si\u0119 na promowaniu odpowiedzialnych praktyk hazardowych.<\/p>\n<p>Na livecasinofinder.com, jeste\u015bmy zobowi\u0105zani do zapewnienia Ci dok\u0142adnych i informacyjnych recenzji najlepszych live casino dost\u0119pnych online. Nasz\u0105 g\u0142\u00f3wn\u0105 misj\u0105 jest pomoc w podejmowaniu \u015bwiadomych decyzji o tym, gdzie gra\u0107 online.<\/p>\n<h2>Nasz zesp\u00f3\u0142<\/h2>\n<p><a href=\"\/pl\/recommends\/reg\/\" target=\"_blank\" rel=\"noreferrer noopener nofollow\"><img decoding=\"async\" class=\"wp-image-392 alignright\" src=\"https:\/\/livecasinofinder.com\/wp-content\/uploads\/2023\/03\/team.jpg\" alt=\"Zesp\u00f3\u0142 kasyna na \u017cywo.\" width=\"346\" height=\"192\" srcset=\"https:\/\/livecasinofinder.com\/wp-content\/uploads\/2023\/03\/team.jpg 597w, https:\/\/livecasinofinder.com\/wp-content\/uploads\/2023\/03\/team-300x166.jpg 300w, https:\/\/livecasinofinder.com\/wp-content\/uploads\/2023\/03\/team-18x10.jpg 18w, https:\/\/livecasinofinder.com\/wp-content\/uploads\/2023\/03\/team-72x40.jpg 72w, https:\/\/livecasinofinder.com\/wp-content\/uploads\/2023\/03\/team-58x32.jpg 58w, https:\/\/livecasinofinder.com\/wp-content\/uploads\/2023\/03\/team-144x80.jpg 144w, https:\/\/livecasinofinder.com\/wp-content\/uploads\/2023\/03\/team-243x135.jpg 243w\" sizes=\"(max-width: 346px) 100vw, 346px\" \/><\/a><\/p>\n<p>Nasz zesp\u00f3\u0142 do\u015bwiadczonych i kompetentnych recenzent\u00f3w jest oddany dostarczaniu naszym czytelnikom najlepszych mo\u017cliwych informacji. Wierzymy w znaczenie szeroko zakrojonych bada\u0144 i analiz i staramy si\u0119 zapewni\u0107 uczciwe i bezstronne recenzje oparte na naszych odkryciach.<\/p>\n<h2>Nasze zalety<\/h2>\n<p><a href=\"\/pl\/recommends\/reg\/\" target=\"_blank\" rel=\"noreferrer noopener nofollow\"><img decoding=\"async\" class=\"wp-image-384 alignleft\" src=\"https:\/\/livecasinofinder.com\/wp-content\/uploads\/2023\/03\/advantages.jpg\" alt=\"Zalety Lucasoilraceway.com.\" width=\"496\" height=\"498\" srcset=\"https:\/\/livecasinofinder.com\/wp-content\/uploads\/2023\/03\/advantages.jpg 463w, https:\/\/livecasinofinder.com\/wp-content\/uploads\/2023\/03\/advantages-300x300.jpg 300w, https:\/\/livecasinofinder.com\/wp-content\/uploads\/2023\/03\/advantages-150x150.jpg 150w, https:\/\/livecasinofinder.com\/wp-content\/uploads\/2023\/03\/advantages-12x12.jpg 12w, https:\/\/livecasinofinder.com\/wp-content\/uploads\/2023\/03\/advantages-40x40.jpg 40w, https:\/\/livecasinofinder.com\/wp-content\/uploads\/2023\/03\/advantages-50x50.jpg 50w, https:\/\/livecasinofinder.com\/wp-content\/uploads\/2023\/03\/advantages-100x100.jpg 100w, https:\/\/livecasinofinder.com\/wp-content\/uploads\/2023\/03\/advantages-120x120.jpg 120w, https:\/\/livecasinofinder.com\/wp-content\/uploads\/2023\/03\/advantages-135x135.jpg 135w, https:\/\/livecasinofinder.com\/wp-content\/uploads\/2023\/03\/advantages-270x270.jpg 270w, https:\/\/livecasinofinder.com\/wp-content\/uploads\/2023\/03\/advantages-32x32.jpg 32w, https:\/\/livecasinofinder.com\/wp-content\/uploads\/2023\/03\/advantages-80x80.jpg 80w, https:\/\/livecasinofinder.com\/wp-content\/uploads\/2023\/03\/advantages-134x135.jpg 134w\" sizes=\"(max-width: 496px) 100vw, 496px\" \/><\/a><\/p>\n<p>Jedn\u0105 z zalet wyboru livecasinofinder.com jest nasze zaanga\u017cowanie w odpowiedzialny hazard. Jeste\u015bmy dumni z promowania bezpiecznych i kontrolowanych praktyk hazardowych, a naszym celem jest dostarczanie naszym czytelnikom dok\u0142adnych i aktualnych informacji, aby pom\u00f3c im w podejmowaniu \u015bwiadomych decyzji dotycz\u0105cych hazardu online.<\/p>\n<p>Kolejn\u0105 zalet\u0105 jest nasze skupienie si\u0119 na tre\u015bciach informacyjnych. Nasza zawarto\u015b\u0107 jest zaprojektowana jako pomocna i informacyjna, daj\u0105c naszym czytelnikom informacje, kt\u00f3rych potrzebuj\u0105, aby zdecydowa\u0107, gdzie gra\u0107 online. Rozumiemy, \u017ce hazard online mo\u017ce by\u0107 zar\u00f3wno ekscytuj\u0105cy jak i przyt\u0142aczaj\u0105cy, dlatego staramy si\u0119 upro\u015bci\u0107 ten proces poprzez dostarczanie szczeg\u00f3\u0142owych i \u0142atwych do zrozumienia recenzji.<\/p>\n<p>Jako niezale\u017cna strona, nie jeste\u015bmy zwi\u0105zani z \u017cadnym z kasyn online, kt\u00f3re recenzujemy, co pozwala nam na dostarczanie bezstronnych i obiektywnych recenzji opartych na rozleg\u0142ych badaniach i analizach. Jeste\u015bmy dumni z naszego zaanga\u017cowania w promowanie odpowiedzialnych praktyk hazardowych i skupienia si\u0119 na promowaniu zdrowej i przyjemnej gry.<\/p>\n<p>Nieustannie monitorujemy rynek kasyn online i odpowiednio aktualizujemy nasze recenzje, aby nasi czytelnicy mogli wyprzedza\u0107 trendy i podejmowa\u0107 \u015bwiadome decyzje. Jeste\u015bmy zobowi\u0105zani do zapewnienia jak najlepszej obs\u0142ugi naszym czytelnikom i partnerom, dlatego mile widziane s\u0105 opinie i sugestie. Je\u015bli masz jakie\u015b pytania lub komentarze, nie wahaj si\u0119 z nami skontaktowa\u0107.<\/p>\n<h2>Wniosek<\/h2>\n<p>Dzi\u0119kujemy za wybranie livecasinofinder.com jako zaufanego \u017ar\u00f3d\u0142a recenzji live casino. Jeste\u015bmy zobowi\u0105zani do zapewnienia jak najlepszych us\u0142ug dla naszych czytelnik\u00f3w i partner\u00f3w, a my mile widziane opinie i sugestie. Je\u015bli masz jakiekolwiek pytania lub komentarze, nie wahaj si\u0119 z nami skontaktowa\u0107. Cieszymy si\u0119, \u017ce mo\u017cemy pom\u00f3c Ci w podj\u0119ciu \u015bwiadomych decyzji i mie\u0107 przyjemne i bezpieczne do\u015bwiadczenie z hazardem online.<\/p>","protected":false},"excerpt":{"rendered":"<p>Witamy na livecasinofinder.com, zaufanym \u017ar\u00f3dle bezstronnych i bogatych w informacje recenzji live casino. Nasz\u0105 g\u0142\u00f3wn\u0105 misj\u0105 jest dostarczanie naszym czytelnikom dok\u0142adnych i aktualnych informacji o najbardziej godnych zaufania i niezawodnych kasynach online, koncentruj\u0105c si\u0119 na promowaniu odpowiedzialnych praktyk hazardowych. Na livecasinofinder.com, jeste\u015bmy oddani dostarczaniu dok\u0142adnych i pouczaj\u0105cych recenzji [...]<\/p>","protected":false},"author":1,"featured_media":0,"parent":0,"menu_order":0,"comment_status":"closed","ping_status":"closed","template":"page-full-width.php","meta":{"_lmt_disableupdate":"no","_lmt_disable":"no","footnotes":""},"class_list":["post-381","page","type-page","status-publish","hentry"],"yoast_head":"<!-- This site is optimized with the Yoast SEO plugin v26.4 - https:\/\/yoast.com\/wordpress\/plugins\/seo\/ -->\n<title>About Us - Live Casino Finder Team and Mission<\/title>\n<meta name=\"description\" content=\"Learn how Live Casino Finder helps you choose the best live casinos with trusted reviews and expert guidance for a confident gaming experience.\" \/>\n<meta name=\"robots\" content=\"index, follow, max-snippet:-1, max-image-preview:large, max-video-preview:-1\" \/>\n<link rel=\"canonical\" href=\"https:\/\/livecasinofinder.com\/wp-json\/wp\/v2\/pages\/381\/\" \/>\n<meta property=\"og:locale\" content=\"pl_PL\" \/>\n<meta property=\"og:type\" content=\"article\" \/>\n<meta property=\"og:title\" content=\"About Us - Live Casino Finder Team and Mission\" \/>\n<meta property=\"og:description\" content=\"Learn how Live Casino Finder helps you choose the best live casinos with trusted reviews and expert guidance for a confident gaming experience.\" \/>\n<meta property=\"og:url\" content=\"https:\/\/livecasinofinder.com\/pl\/about-us\/\" \/>\n<meta property=\"og:site_name\" content=\"livecasinofinder.com\" \/>\n<meta property=\"article:modified_time\" content=\"2025-06-03T11:06:50+00:00\" \/>\n<meta property=\"og:image\" content=\"https:\/\/livecasinofinder.com\/wp-content\/uploads\/2023\/03\/team.jpg\" \/>\n\t<meta property=\"og:image:width\" content=\"597\" \/>\n\t<meta property=\"og:image:height\" content=\"331\" \/>\n\t<meta property=\"og:image:type\" content=\"image\/jpeg\" \/>\n<meta name=\"twitter:card\" content=\"summary_large_image\" \/>\n<meta name=\"twitter:label1\" content=\"Szacowany czas czytania\" \/>\n\t<meta name=\"twitter:data1\" content=\"3 minuty\" \/>\n<!-- \/ Yoast SEO plugin. -->","yoast_head_json":{"title":"About Us - Live Casino Finder Team and Mission","description":"Learn how Live Casino Finder helps you choose the best live casinos with trusted reviews and expert guidance for a confident gaming experience.","robots":{"index":"index","follow":"follow","max-snippet":"max-snippet:-1","max-image-preview":"max-image-preview:large","max-video-preview":"max-video-preview:-1"},"canonical":"https:\/\/livecasinofinder.com\/wp-json\/wp\/v2\/pages\/381\/","og_locale":"pl_PL","og_type":"article","og_title":"About Us - Live Casino Finder Team and Mission","og_description":"Learn how Live Casino Finder helps you choose the best live casinos with trusted reviews and expert guidance for a confident gaming experience.","og_url":"https:\/\/livecasinofinder.com\/pl\/about-us\/","og_site_name":"livecasinofinder.com","article_modified_time":"2025-06-03T11:06:50+00:00","og_image":[{"width":597,"height":331,"url":"https:\/\/livecasinofinder.com\/wp-content\/uploads\/2023\/03\/team.jpg","type":"image\/jpeg"}],"twitter_card":"summary_large_image","twitter_misc":{"Szacowany czas czytania":"3 minuty"},"schema":{"@context":"https:\/\/schema.org","@graph":[{"@type":"WebPage","@id":"https:\/\/livecasinofinder.com\/about-us\/","url":"https:\/\/livecasinofinder.com\/about-us\/","name":"About Us - Live Casino Finder Team and Mission","isPartOf":{"@id":"https:\/\/livecasinofinder.com\/ja\/#website"},"primaryImageOfPage":{"@id":"https:\/\/livecasinofinder.com\/about-us\/#primaryimage"},"image":{"@id":"https:\/\/livecasinofinder.com\/about-us\/#primaryimage"},"thumbnailUrl":"https:\/\/livecasinofinder.com\/wp-content\/uploads\/2023\/03\/team.jpg","datePublished":"2023-03-15T17:35:24+00:00","dateModified":"2025-06-03T11:06:50+00:00","description":"Learn how Live Casino Finder helps you choose the best live casinos with trusted reviews and expert guidance for a confident gaming experience.","breadcrumb":{"@id":"https:\/\/livecasinofinder.com\/about-us\/#breadcrumb"},"inLanguage":"pl-PL","potentialAction":[{"@type":"ReadAction","target":["https:\/\/livecasinofinder.com\/about-us\/"]}]},{"@type":"ImageObject","inLanguage":"pl-PL","@id":"https:\/\/livecasinofinder.com\/about-us\/#primaryimage","url":"https:\/\/livecasinofinder.com\/wp-content\/uploads\/2023\/03\/team.jpg","contentUrl":"https:\/\/livecasinofinder.com\/wp-content\/uploads\/2023\/03\/team.jpg"},{"@type":"BreadcrumbList","@id":"https:\/\/livecasinofinder.com\/about-us\/#breadcrumb","itemListElement":[{"@type":"ListItem","position":1,"name":"LiveCasinoFinder.com","item":"https:\/\/livecasinofinder.com\/fr\/"},{"@type":"ListItem","position":2,"name":"About Us"}]},{"@type":"WebSite","@id":"https:\/\/livecasinofinder.com\/ja\/#website","url":"https:\/\/livecasinofinder.com\/ja\/","name":"livecasinofinder","description":"","publisher":{"@id":"https:\/\/livecasinofinder.com\/ja\/#organization"},"alternateName":"Lucas oil raceway live casino","potentialAction":[{"@type":"SearchAction","target":{"@type":"EntryPoint","urlTemplate":"https:\/\/livecasinofinder.com\/ja\/?s={search_term_string}"},"query-input":{"@type":"PropertyValueSpecification","valueRequired":true,"valueName":"search_term_string"}}],"inLanguage":"pl-PL"},{"@type":"Organization","@id":"https:\/\/livecasinofinder.com\/ja\/#organization","name":"Wyszukiwarka kasyn na \u017cywo","alternateName":"Lucas oil raceway live casino","url":"https:\/\/livecasinofinder.com\/ja\/","logo":{"@type":"ImageObject","inLanguage":"pl-PL","@id":"https:\/\/livecasinofinder.com\/ja\/#\/schema\/logo\/image\/","url":"https:\/\/livecasinofinder.com\/wp-content\/uploads\/2023\/04\/livecasinofinder-logo.png","contentUrl":"https:\/\/livecasinofinder.com\/wp-content\/uploads\/2023\/04\/livecasinofinder-logo.png","width":1600,"height":453,"caption":"Live Casino Finder"},"image":{"@id":"https:\/\/livecasinofinder.com\/ja\/#\/schema\/logo\/image\/"}}]}},"_links":{"self":[{"href":"https:\/\/livecasinofinder.com\/pl\/wp-json\/wp\/v2\/pages\/381","targetHints":{"allow":["GET"]}}],"collection":[{"href":"https:\/\/livecasinofinder.com\/pl\/wp-json\/wp\/v2\/pages"}],"about":[{"href":"https:\/\/livecasinofinder.com\/pl\/wp-json\/wp\/v2\/types\/page"}],"author":[{"embeddable":true,"href":"https:\/\/livecasinofinder.com\/pl\/wp-json\/wp\/v2\/users\/1"}],"replies":[{"embeddable":true,"href":"https:\/\/livecasinofinder.com\/pl\/wp-json\/wp\/v2\/comments?post=381"}],"version-history":[{"count":0,"href":"https:\/\/livecasinofinder.com\/pl\/wp-json\/wp\/v2\/pages\/381\/revisions"}],"wp:attachment":[{"href":"https:\/\/livecasinofinder.com\/pl\/wp-json\/wp\/v2\/media?parent=381"}],"curies":[{"name":"wp","href":"https:\/\/api.w.org\/{rel}","templated":true}]}}