{"id":2113,"date":"2023-06-20T14:28:59","date_gmt":"2023-06-20T14:28:59","guid":{"rendered":"https:\/\/livecasinofinder.com\/?page_id=2113"},"modified":"2025-06-03T11:11:51","modified_gmt":"2025-06-03T11:11:51","slug":"terms-and-conditions","status":"publish","type":"page","link":"https:\/\/livecasinofinder.com\/pl\/terms-and-conditions\/","title":{"rendered":"Regulamin"},"content":{"rendered":"<p>Witamy na LiveCasinoFinder.com. Poni\u017csze warunki reguluj\u0105 korzystanie z serwisu <a href=\"\/pl\/\">Strona LiveCasinoFinder.com<\/a>. Konieczne jest przeczytanie i zrozumienie niniejszego Regulaminu przed skorzystaniem z naszych us\u0142ug.<\/p>\n<div id=\"ez-toc-container\" class=\"ez-toc-v2_0_63 counter-hierarchy ez-toc-counter ez-toc-grey ez-toc-container-direction\">\n<label for=\"ez-toc-cssicon-toggle-item-69e29741b69a3\" class=\"ez-toc-cssicon-toggle-label\"><span class=\"ez-toc-cssicon\"><span class=\"eztoc-hide\" style=\"display:none;\">Toggle<\/span><span class=\"ez-toc-icon-toggle-span\"><svg style=\"fill: #999;color:#999\" xmlns=\"http:\/\/www.w3.org\/2000\/svg\" class=\"list-377408\" width=\"20px\" height=\"20px\" viewbox=\"0 0 24 24\" fill=\"none\"><path d=\"M6 6H4v2h2V6zm14 0H8v2h12V6zM4 11h2v2H4v-2zm16 0H8v2h12v-2zM4 16h2v2H4v-2zm16 0H8v2h12v-2z\" fill=\"currentColor\"><\/path><\/svg><svg style=\"fill: #999;color:#999\" class=\"arrow-unsorted-368013\" xmlns=\"http:\/\/www.w3.org\/2000\/svg\" width=\"10px\" height=\"10px\" viewbox=\"0 0 24 24\" version=\"1.2\" baseprofile=\"tiny\"><path d=\"M18.2 9.3l-6.2-6.3-6.2 6.3c-.2.2-.3.4-.3.7s.1.5.3.7c.2.2.4.3.7.3h11c.3 0 .5-.1.7-.3.2-.2.3-.5.3-.7s-.1-.5-.3-.7zM5.8 14.7l6.2 6.3 6.2-6.3c.2-.2.3-.5.3-.7s-.1-.5-.3-.7c-.2-.2-.4-.3-.7-.3h-11c-.3 0-.5.1-.7.3-.2.2-.3.5-.3.7s.1.5.3.7z\"\/><\/svg><\/span><\/span><\/label><input type=\"checkbox\"  id=\"ez-toc-cssicon-toggle-item-69e29741b69a3\" checked aria-label=\"Toggle\" \/><nav><ul class='ez-toc-list ez-toc-list-level-1' ><li class='ez-toc-page-1 ez-toc-heading-level-2'><a class=\"ez-toc-link ez-toc-heading-1\" href=\"https:\/\/livecasinofinder.com\/pl\/terms-and-conditions\/#Purpose_of_the_Terms_and_Conditions_and_Information\" title=\"Cel warunk\u00f3w i informacji\">Cel warunk\u00f3w i informacji<\/a><\/li><li class='ez-toc-page-1 ez-toc-heading-level-2'><a class=\"ez-toc-link ez-toc-heading-2\" href=\"https:\/\/livecasinofinder.com\/pl\/terms-and-conditions\/#Disclaimer_and_Legal_Advice\" title=\"Wy\u0142\u0105czenie odpowiedzialno\u015bci i porady prawne\">Wy\u0142\u0105czenie odpowiedzialno\u015bci i porady prawne<\/a><\/li><li class='ez-toc-page-1 ez-toc-heading-level-2'><a class=\"ez-toc-link ez-toc-heading-3\" href=\"https:\/\/livecasinofinder.com\/pl\/terms-and-conditions\/#LiveCasinoFindercom_as_an_Independent_Gambling_Directory_and_Information_Service\" title=\"LiveCasinoFinder.com jako niezale\u017cny katalog gier hazardowych i serwis informacyjny\">LiveCasinoFinder.com jako niezale\u017cny katalog gier hazardowych i serwis informacyjny<\/a><\/li><li class='ez-toc-page-1 ez-toc-heading-level-2'><a class=\"ez-toc-link ez-toc-heading-4\" href=\"https:\/\/livecasinofinder.com\/pl\/terms-and-conditions\/#Accuracy_of_Information\" title=\"Dok\u0142adno\u015b\u0107 informacji\">Dok\u0142adno\u015b\u0107 informacji<\/a><\/li><li class='ez-toc-page-1 ez-toc-heading-level-2'><a class=\"ez-toc-link ez-toc-heading-5\" href=\"https:\/\/livecasinofinder.com\/pl\/terms-and-conditions\/#User_Responsibility_for_Legality_of_Games_and_Wagers\" title=\"Odpowiedzialno\u015b\u0107 u\u017cytkownika za legalno\u015b\u0107 gier i zak\u0142ad\u00f3w\">Odpowiedzialno\u015b\u0107 u\u017cytkownika za legalno\u015b\u0107 gier i zak\u0142ad\u00f3w<\/a><\/li><li class='ez-toc-page-1 ez-toc-heading-level-2'><a class=\"ez-toc-link ez-toc-heading-6\" href=\"https:\/\/livecasinofinder.com\/pl\/terms-and-conditions\/#Limitation_of_Liability\" title=\"Ograniczenie odpowiedzialno\u015bci\">Ograniczenie odpowiedzialno\u015bci<\/a><\/li><li class='ez-toc-page-1 ez-toc-heading-level-2'><a class=\"ez-toc-link ez-toc-heading-7\" href=\"https:\/\/livecasinofinder.com\/pl\/terms-and-conditions\/#Modification_of_Information_and_Future_Obligations\" title=\"Modyfikacja informacji i przysz\u0142e zobowi\u0105zania\">Modyfikacja informacji i przysz\u0142e zobowi\u0105zania<\/a><\/li><li class='ez-toc-page-1 ez-toc-heading-level-2'><a class=\"ez-toc-link ez-toc-heading-8\" href=\"https:\/\/livecasinofinder.com\/pl\/terms-and-conditions\/#Trademarks_and_Copyrights\" title=\"Znaki towarowe i prawa autorskie\">Znaki towarowe i prawa autorskie<\/a><\/li><li class='ez-toc-page-1 ez-toc-heading-level-2'><a class=\"ez-toc-link ez-toc-heading-9\" href=\"https:\/\/livecasinofinder.com\/pl\/terms-and-conditions\/#Copying_and_Transmission_Restrictions\" title=\"Ograniczenia kopiowania i przesy\u0142ania\">Ograniczenia kopiowania i przesy\u0142ania<\/a><\/li><li class='ez-toc-page-1 ez-toc-heading-level-2'><a class=\"ez-toc-link ez-toc-heading-10\" href=\"https:\/\/livecasinofinder.com\/pl\/terms-and-conditions\/#Intellectual_Property_Rights\" title=\"Prawa w\u0142asno\u015bci intelektualnej\">Prawa w\u0142asno\u015bci intelektualnej<\/a><\/li><li class='ez-toc-page-1 ez-toc-heading-level-2'><a class=\"ez-toc-link ez-toc-heading-11\" href=\"https:\/\/livecasinofinder.com\/pl\/terms-and-conditions\/#Information_Accuracy_and_Reporting\" title=\"Dok\u0142adno\u015b\u0107 informacji i sprawozdawczo\u015b\u0107\">Dok\u0142adno\u015b\u0107 informacji i sprawozdawczo\u015b\u0107<\/a><\/li><li class='ez-toc-page-1 ez-toc-heading-level-2'><a class=\"ez-toc-link ez-toc-heading-12\" href=\"https:\/\/livecasinofinder.com\/pl\/terms-and-conditions\/#Content_Removal_and_Discretion_of_livecasinofindercom\" title=\"Usuwanie tre\u015bci i dyskrecja livecasinofinder.com\">Usuwanie tre\u015bci i dyskrecja livecasinofinder.com<\/a><\/li><li class='ez-toc-page-1 ez-toc-heading-level-2'><a class=\"ez-toc-link ez-toc-heading-13\" href=\"https:\/\/livecasinofinder.com\/pl\/terms-and-conditions\/#Live_Casino_Finder_Complaints_Service\" title=\"Serwis skarg i za\u017cale\u0144 Live Casino Finder\">Serwis skarg i za\u017cale\u0144 Live Casino Finder<\/a><\/li><li class='ez-toc-page-1 ez-toc-heading-level-2'><a class=\"ez-toc-link ez-toc-heading-14\" href=\"https:\/\/livecasinofinder.com\/pl\/terms-and-conditions\/#Terms_and_Conditions_of_LiveCasinoFindercom\" title=\"Warunki korzystania z LiveCasinoFinder.com\">Warunki korzystania z LiveCasinoFinder.com<\/a><\/li><li class='ez-toc-page-1 ez-toc-heading-level-2'><a class=\"ez-toc-link ez-toc-heading-15\" href=\"https:\/\/livecasinofinder.com\/pl\/terms-and-conditions\/#Conclusion\" title=\"Wniosek\">Wniosek<\/a><\/li><\/ul><\/nav><\/div>\n\n<h2><span class=\"ez-toc-section\" id=\"Purpose_of_the_Terms_and_Conditions_and_Information\"><\/span>Cel warunk\u00f3w i informacji<span class=\"ez-toc-section-end\"><\/span><\/h2>\n<p>Niniejszy Regulamin ma na celu nakre\u015blenie zasad i przepis\u00f3w, kt\u00f3re dyktuj\u0105 relacje mi\u0119dzy LiveCasinoFinder.com a jego u\u017cytkownikami. Wa\u017cne jest, aby u\u017cytkownicy rozumieli swoje prawa, obowi\u0105zki i ograniczenia korzystania z us\u0142ug \u015bwiadczonych przez LiveCasinoFinder.com.<\/p>\n<h2><span class=\"ez-toc-section\" id=\"Disclaimer_and_Legal_Advice\"><\/span>Wy\u0142\u0105czenie odpowiedzialno\u015bci i porady prawne<span class=\"ez-toc-section-end\"><\/span><\/h2>\n<p>Nale\u017cy pami\u0119ta\u0107, \u017ce zawarto\u015b\u0107 LiveCasinoFinder.com s\u0142u\u017cy wy\u0142\u0105cznie celom informacyjnym. Nic na tej stronie nie powinno by\u0107 traktowane jako porada prawna. U\u017cytkownicy powinni skonsultowa\u0107 si\u0119 z radc\u0105 prawnym w kwestiach prawnych, zw\u0142aszcza w odniesieniu do hazardu online.<\/p>\n<h2><span class=\"ez-toc-section\" id=\"LiveCasinoFindercom_as_an_Independent_Gambling_Directory_and_Information_Service\"><\/span>LiveCasinoFinder.com jako niezale\u017cny katalog gier hazardowych i serwis informacyjny<span class=\"ez-toc-section-end\"><\/span><\/h2>\n<p>LiveCasinoFinder.com jest niezale\u017cnym katalogiem online i serwisem informacyjnym, kt\u00f3ry oferuje recenzje i wgl\u0105d w live casino. Nie prowadzimy \u017cadnych us\u0142ug hazardowych i nie jeste\u015bmy powi\u0105zani z \u017cadnymi operatorami kasyn.<\/p>\n<h2><span class=\"ez-toc-section\" id=\"Accuracy_of_Information\"><\/span>Dok\u0142adno\u015b\u0107 informacji<span class=\"ez-toc-section-end\"><\/span><\/h2>\n<p>Chocia\u017c LiveCasinoFinder.com dok\u0142ada wszelkich stara\u0144, aby dostarczane informacje by\u0142y dok\u0142adne i aktualne, nie mo\u017cemy zagwarantowa\u0107 ich ca\u0142kowitej dok\u0142adno\u015bci. Zach\u0119camy u\u017cytkownik\u00f3w do zachowania dyskrecji i niezale\u017cnej weryfikacji informacji.<\/p>\n<h2><span class=\"ez-toc-section\" id=\"User_Responsibility_for_Legality_of_Games_and_Wagers\"><\/span>Odpowiedzialno\u015b\u0107 u\u017cytkownika za legalno\u015b\u0107 gier i zak\u0142ad\u00f3w<span class=\"ez-toc-section-end\"><\/span><\/h2>\n<p>Jako u\u017cytkownik LiveCasinoFinder.com ponosisz wy\u0142\u0105czn\u0105 odpowiedzialno\u015b\u0107 za zapewnienie zgodno\u015bci z prawem i przepisami dotycz\u0105cymi hazardu w Twojej jurysdykcji. Obejmuje to legalno\u015b\u0107 gier i zak\u0142ad\u00f3w, w kt\u00f3rych uczestniczysz.<\/p>\n<h2><span class=\"ez-toc-section\" id=\"Limitation_of_Liability\"><\/span>Ograniczenie odpowiedzialno\u015bci<span class=\"ez-toc-section-end\"><\/span><\/h2>\n<p>Korzystaj\u0105c z LiveCasinoFinder.com, u\u017cytkownik zgadza si\u0119 zabezpieczy\u0107 witryn\u0119, jej pracownik\u00f3w i podmioty stowarzyszone przed wszelkimi roszczeniami, szkodami lub innymi zobowi\u0105zaniami, kt\u00f3re mog\u0105 wynikn\u0105\u0107 z korzystania z dostarczonych informacji lub us\u0142ug.<\/p>\n<h2><span class=\"ez-toc-section\" id=\"Modification_of_Information_and_Future_Obligations\"><\/span>Modyfikacja informacji i przysz\u0142e zobowi\u0105zania<span class=\"ez-toc-section-end\"><\/span><\/h2>\n<p>LiveCasinoFinder.com zastrzega sobie prawo do modyfikowania lub usuwania wszelkich dostarczonych informacji bez wcze\u015bniejszego powiadomienia. U\u017cytkownikom zaleca si\u0119 regularne przegl\u0105danie Warunk\u00f3w i Zasad pod k\u0105tem wszelkich aktualizacji.<\/p>\n<h2><span class=\"ez-toc-section\" id=\"Trademarks_and_Copyrights\"><\/span>Znaki towarowe i prawa autorskie<span class=\"ez-toc-section-end\"><\/span><\/h2>\n<p>Ca\u0142a zawarto\u015b\u0107, w tym tekst, obrazy i logo na LiveCasinoFinder.com, jest w\u0142asno\u015bci\u0105 strony lub jej dostawc\u00f3w tre\u015bci i jest chroniona mi\u0119dzynarodowymi prawami autorskimi.<\/p>\n<h2><span class=\"ez-toc-section\" id=\"Copying_and_Transmission_Restrictions\"><\/span>Ograniczenia kopiowania i przesy\u0142ania<span class=\"ez-toc-section-end\"><\/span><\/h2>\n<p>U\u017cytkownikom zabrania si\u0119 kopiowania, redystrybucji lub ponownego publikowania jakiejkolwiek cz\u0119\u015bci zawarto\u015bci LiveCasinoFinder.com bez wyra\u017anej pisemnej zgody w\u0142a\u015bcicieli strony.<\/p>\n<h2><span class=\"ez-toc-section\" id=\"Intellectual_Property_Rights\"><\/span>Prawa w\u0142asno\u015bci intelektualnej<span class=\"ez-toc-section-end\"><\/span><\/h2>\n<p>LiveCasinoFinder.com posiada prawa w\u0142asno\u015bci intelektualnej do tre\u015bci, us\u0142ug i znak\u00f3w towarowych na tej stronie. Nieautoryzowane u\u017cycie kt\u00f3rejkolwiek z tych w\u0142asno\u015bci jest surowo zabronione i mo\u017ce podlega\u0107 krokom prawnym.<\/p>\n<h2><span class=\"ez-toc-section\" id=\"Information_Accuracy_and_Reporting\"><\/span>Dok\u0142adno\u015b\u0107 informacji i sprawozdawczo\u015b\u0107<span class=\"ez-toc-section-end\"><\/span><\/h2>\n<p>Je\u015bli znajdziesz jakiekolwiek informacje na LiveCasinoFinder.com, kt\u00f3re s\u0105 niedok\u0142adne lub wprowadzaj\u0105ce w b\u0142\u0105d, zg\u0142o\u015b je nam. D\u0105\u017cymy do doskona\u0142o\u015bci i doceniamy wsp\u00f3\u0142prac\u0119 naszych u\u017cytkownik\u00f3w w utrzymaniu integralno\u015bci naszej strony.<\/p>\n<h2><span class=\"ez-toc-section\" id=\"Content_Removal_and_Discretion_of_livecasinofindercom\"><\/span>Usuwanie tre\u015bci i dyskrecja livecasinofinder.com<span class=\"ez-toc-section-end\"><\/span><\/h2>\n<p>Tre\u015bci mog\u0105 zosta\u0107 usuni\u0119te lub zmodyfikowane wed\u0142ug uznania livecasinofinder.com zgodnie z naszymi zasadami i wszelkimi obowi\u0105zuj\u0105cymi przepisami prawa.<\/p>\n<h2><span class=\"ez-toc-section\" id=\"Live_Casino_Finder_Complaints_Service\"><\/span>Serwis skarg i za\u017cale\u0144 Live Casino Finder<span class=\"ez-toc-section-end\"><\/span><\/h2>\n<p>Je\u015bli masz jakiekolwiek skargi lub problemy dotycz\u0105ce us\u0142ug \u015bwiadczonych przez LiveCasinoFinder.com, skontaktuj si\u0119 z nami za po\u015brednictwem naszej us\u0142ugi sk\u0142adania skarg. Cenimy Twoj\u0105 opini\u0119 i zajmiemy si\u0119 Twoimi w\u0105tpliwo\u015bciami najlepiej jak potrafimy.<\/p>\n<h2><span class=\"ez-toc-section\" id=\"Terms_and_Conditions_of_LiveCasinoFindercom\"><\/span>Warunki korzystania z LiveCasinoFinder.com<span class=\"ez-toc-section-end\"><\/span><\/h2>\n<p>Korzystaj\u0105c z tej witryny, u\u017cytkownik wyra\u017ca zgod\u0119 na warunki okre\u015blone w niniejszym dokumencie. Dalsze korzystanie z witryny po wszelkich aktualizacjach niniejszych Warunk\u00f3w oznacza akceptacj\u0119 zmian.<\/p>\n<h2><span class=\"ez-toc-section\" id=\"Conclusion\"><\/span>Wniosek<span class=\"ez-toc-section-end\"><\/span><\/h2>\n<p>Korzystaj\u0105c z LiveCasinoFinder.com, u\u017cytkownik wyra\u017ca zgod\u0119 na warunki okre\u015blone w niniejszym dokumencie. Obowi\u0105zkiem u\u017cytkownika jest zapoznanie si\u0119 z niniejszymi Warunkami i korzystanie z tej witryny i zawartych w niej informacji w spos\u00f3b odpowiedzialny i w granicach prawa.<\/p>","protected":false},"excerpt":{"rendered":"<p>Witamy na LiveCasinoFinder.com. Poni\u017csze Warunki reguluj\u0105 korzystanie ze strony LiveCasinoFinder.com. Konieczne jest przeczytanie i zrozumienie niniejszego Regulaminu przed skorzystaniem z naszych us\u0142ug. Cel Warunk\u00f3w i Informacji Warunki okre\u015blone tutaj maj\u0105 na celu nakre\u015blenie zasad i przepis\u00f3w, kt\u00f3re dyktuj\u0105 [...]<\/p>","protected":false},"author":1,"featured_media":0,"parent":0,"menu_order":0,"comment_status":"closed","ping_status":"closed","template":"page-no-sidebar.php","meta":{"_lmt_disableupdate":"no","_lmt_disable":"no","footnotes":""},"class_list":["post-2113","page","type-page","status-publish","hentry"],"yoast_head":"<!-- This site is optimized with the Yoast SEO plugin v26.4 - https:\/\/yoast.com\/wordpress\/plugins\/seo\/ -->\n<title>Terms and Conditions Overview<\/title>\n<meta name=\"description\" content=\"Review the terms and conditions of Live Casino Finder to understand your rights and responsibilities while using our site and services.\" \/>\n<meta name=\"robots\" content=\"index, follow, max-snippet:-1, max-image-preview:large, max-video-preview:-1\" \/>\n<link rel=\"canonical\" href=\"https:\/\/livecasinofinder.com\/wp-json\/wp\/v2\/pages\/2113\/\" \/>\n<meta property=\"og:locale\" content=\"pl_PL\" \/>\n<meta property=\"og:type\" content=\"article\" \/>\n<meta property=\"og:title\" content=\"Terms and Conditions Overview\" \/>\n<meta property=\"og:description\" content=\"Review the terms and conditions of Live Casino Finder to understand your rights and responsibilities while using our site and services.\" \/>\n<meta property=\"og:url\" content=\"https:\/\/livecasinofinder.com\/pl\/terms-and-conditions\/\" \/>\n<meta property=\"og:site_name\" content=\"livecasinofinder.com\" \/>\n<meta property=\"article:modified_time\" content=\"2025-06-03T11:11:51+00:00\" \/>\n<meta property=\"og:image\" content=\"https:\/\/livecasinofinder.com\/wp-content\/uploads\/2023\/03\/lucasoilraceway-logo-1.png\" \/>\n\t<meta property=\"og:image:width\" content=\"427\" \/>\n\t<meta property=\"og:image:height\" content=\"145\" \/>\n\t<meta property=\"og:image:type\" content=\"image\/png\" \/>\n<meta name=\"twitter:card\" content=\"summary_large_image\" \/>\n<meta name=\"twitter:label1\" content=\"Szacowany czas czytania\" \/>\n\t<meta name=\"twitter:data1\" content=\"3 minuty\" \/>\n<!-- \/ Yoast SEO plugin. -->","yoast_head_json":{"title":"Terms and Conditions Overview","description":"Review the terms and conditions of Live Casino Finder to understand your rights and responsibilities while using our site and services.","robots":{"index":"index","follow":"follow","max-snippet":"max-snippet:-1","max-image-preview":"max-image-preview:large","max-video-preview":"max-video-preview:-1"},"canonical":"https:\/\/livecasinofinder.com\/wp-json\/wp\/v2\/pages\/2113\/","og_locale":"pl_PL","og_type":"article","og_title":"Terms and Conditions Overview","og_description":"Review the terms and conditions of Live Casino Finder to understand your rights and responsibilities while using our site and services.","og_url":"https:\/\/livecasinofinder.com\/pl\/terms-and-conditions\/","og_site_name":"livecasinofinder.com","article_modified_time":"2025-06-03T11:11:51+00:00","og_image":[{"width":427,"height":145,"url":"https:\/\/livecasinofinder.com\/wp-content\/uploads\/2023\/03\/lucasoilraceway-logo-1.png","type":"image\/png"}],"twitter_card":"summary_large_image","twitter_misc":{"Szacowany czas czytania":"3 minuty"},"schema":{"@context":"https:\/\/schema.org","@graph":[{"@type":"WebPage","@id":"https:\/\/livecasinofinder.com\/terms-and-conditions\/","url":"https:\/\/livecasinofinder.com\/terms-and-conditions\/","name":"Terms and Conditions Overview","isPartOf":{"@id":"https:\/\/livecasinofinder.com\/ja\/#website"},"datePublished":"2023-06-20T14:28:59+00:00","dateModified":"2025-06-03T11:11:51+00:00","description":"Review the terms and conditions of Live Casino Finder to understand your rights and responsibilities while using our site and services.","breadcrumb":{"@id":"https:\/\/livecasinofinder.com\/terms-and-conditions\/#breadcrumb"},"inLanguage":"pl-PL","potentialAction":[{"@type":"ReadAction","target":["https:\/\/livecasinofinder.com\/terms-and-conditions\/"]}]},{"@type":"BreadcrumbList","@id":"https:\/\/livecasinofinder.com\/terms-and-conditions\/#breadcrumb","itemListElement":[{"@type":"ListItem","position":1,"name":"LiveCasinoFinder.com","item":"https:\/\/livecasinofinder.com\/fr\/"},{"@type":"ListItem","position":2,"name":"Terms and Conditions"}]},{"@type":"WebSite","@id":"https:\/\/livecasinofinder.com\/ja\/#website","url":"https:\/\/livecasinofinder.com\/ja\/","name":"livecasinofinder","description":"","publisher":{"@id":"https:\/\/livecasinofinder.com\/ja\/#organization"},"alternateName":"Lucas oil raceway live casino","potentialAction":[{"@type":"SearchAction","target":{"@type":"EntryPoint","urlTemplate":"https:\/\/livecasinofinder.com\/ja\/?s={search_term_string}"},"query-input":{"@type":"PropertyValueSpecification","valueRequired":true,"valueName":"search_term_string"}}],"inLanguage":"pl-PL"},{"@type":"Organization","@id":"https:\/\/livecasinofinder.com\/ja\/#organization","name":"Wyszukiwarka kasyn na \u017cywo","alternateName":"Lucas oil raceway live casino","url":"https:\/\/livecasinofinder.com\/ja\/","logo":{"@type":"ImageObject","inLanguage":"pl-PL","@id":"https:\/\/livecasinofinder.com\/ja\/#\/schema\/logo\/image\/","url":"https:\/\/livecasinofinder.com\/wp-content\/uploads\/2023\/04\/livecasinofinder-logo.png","contentUrl":"https:\/\/livecasinofinder.com\/wp-content\/uploads\/2023\/04\/livecasinofinder-logo.png","width":1600,"height":453,"caption":"Live Casino Finder"},"image":{"@id":"https:\/\/livecasinofinder.com\/ja\/#\/schema\/logo\/image\/"}}]}},"_links":{"self":[{"href":"https:\/\/livecasinofinder.com\/pl\/wp-json\/wp\/v2\/pages\/2113","targetHints":{"allow":["GET"]}}],"collection":[{"href":"https:\/\/livecasinofinder.com\/pl\/wp-json\/wp\/v2\/pages"}],"about":[{"href":"https:\/\/livecasinofinder.com\/pl\/wp-json\/wp\/v2\/types\/page"}],"author":[{"embeddable":true,"href":"https:\/\/livecasinofinder.com\/pl\/wp-json\/wp\/v2\/users\/1"}],"replies":[{"embeddable":true,"href":"https:\/\/livecasinofinder.com\/pl\/wp-json\/wp\/v2\/comments?post=2113"}],"version-history":[{"count":0,"href":"https:\/\/livecasinofinder.com\/pl\/wp-json\/wp\/v2\/pages\/2113\/revisions"}],"wp:attachment":[{"href":"https:\/\/livecasinofinder.com\/pl\/wp-json\/wp\/v2\/media?parent=2113"}],"curies":[{"name":"wp","href":"https:\/\/api.w.org\/{rel}","templated":true}]}}