{"id":2111,"date":"2023-06-20T14:33:04","date_gmt":"2023-06-20T14:33:04","guid":{"rendered":"https:\/\/livecasinofinder.com\/?page_id=2111"},"modified":"2025-06-03T11:11:12","modified_gmt":"2025-06-03T11:11:12","slug":"responsible-gaming","status":"publish","type":"page","link":"https:\/\/livecasinofinder.com\/pl\/responsible-gaming\/","title":{"rendered":"Odpowiedzialna gra"},"content":{"rendered":"<p>Witamy w <a href=\"\/pl\/live-casinos\/\">Kasyno na \u017cywo<\/a> Finder, w kt\u00f3rym priorytetowo traktujemy odpowiedzialn\u0105 gr\u0119 jako kamie\u0144 w\u0119gielny naszej platformy. Jeste\u015bmy zaanga\u017cowani w promowanie odpowiedzialnych praktyk hazardowych i tworzenie bezpiecznego i przyjemnego \u015brodowiska dla naszych u\u017cytkownik\u00f3w. Dzi\u0119ki g\u0142\u0119bokiemu zrozumieniu zawi\u0142o\u015bci ryzyka zwi\u0105zanego z hazardem i potencjalnego wp\u0142ywu na zdrowie psychiczne, staramy si\u0119 umo\u017cliwi\u0107 graczom anga\u017cowanie si\u0119 w odpowiedzialne praktyki hazardowe.<\/p>\n<div id=\"ez-toc-container\" class=\"ez-toc-v2_0_63 counter-hierarchy ez-toc-counter ez-toc-grey ez-toc-container-direction\">\n<label for=\"ez-toc-cssicon-toggle-item-69f0875cbb537\" class=\"ez-toc-cssicon-toggle-label\"><span class=\"ez-toc-cssicon\"><span class=\"eztoc-hide\" style=\"display:none;\">Toggle<\/span><span class=\"ez-toc-icon-toggle-span\"><svg style=\"fill: #999;color:#999\" xmlns=\"http:\/\/www.w3.org\/2000\/svg\" class=\"list-377408\" width=\"20px\" height=\"20px\" viewbox=\"0 0 24 24\" fill=\"none\"><path d=\"M6 6H4v2h2V6zm14 0H8v2h12V6zM4 11h2v2H4v-2zm16 0H8v2h12v-2zM4 16h2v2H4v-2zm16 0H8v2h12v-2z\" fill=\"currentColor\"><\/path><\/svg><svg style=\"fill: #999;color:#999\" class=\"arrow-unsorted-368013\" xmlns=\"http:\/\/www.w3.org\/2000\/svg\" width=\"10px\" height=\"10px\" viewbox=\"0 0 24 24\" version=\"1.2\" baseprofile=\"tiny\"><path d=\"M18.2 9.3l-6.2-6.3-6.2 6.3c-.2.2-.3.4-.3.7s.1.5.3.7c.2.2.4.3.7.3h11c.3 0 .5-.1.7-.3.2-.2.3-.5.3-.7s-.1-.5-.3-.7zM5.8 14.7l6.2 6.3 6.2-6.3c.2-.2.3-.5.3-.7s-.1-.5-.3-.7c-.2-.2-.4-.3-.7-.3h-11c-.3 0-.5.1-.7.3-.2.2-.3.5-.3.7s.1.5.3.7z\"\/><\/svg><\/span><\/span><\/label><input type=\"checkbox\"  id=\"ez-toc-cssicon-toggle-item-69f0875cbb537\" checked aria-label=\"Toggle\" \/><nav><ul class='ez-toc-list ez-toc-list-level-1' ><li class='ez-toc-page-1 ez-toc-heading-level-2'><a class=\"ez-toc-link ez-toc-heading-1\" href=\"https:\/\/livecasinofinder.com\/pl\/responsible-gaming\/#The_Imperative_of_Responsible_Gaming\" title=\"Imperatyw odpowiedzialnej gry\">Imperatyw odpowiedzialnej gry<\/a><\/li><li class='ez-toc-page-1 ez-toc-heading-level-2'><a class=\"ez-toc-link ez-toc-heading-2\" href=\"https:\/\/livecasinofinder.com\/pl\/responsible-gaming\/#The_Intricacies_of_Gambling_Risks\" title=\"Zawi\u0142o\u015bci ryzyka zwi\u0105zanego z hazardem\">Zawi\u0142o\u015bci ryzyka zwi\u0105zanego z hazardem<\/a><\/li><li class='ez-toc-page-1 ez-toc-heading-level-2'><a class=\"ez-toc-link ez-toc-heading-3\" href=\"https:\/\/livecasinofinder.com\/pl\/responsible-gaming\/#Recognizing_Gambling_Addiction\" title=\"Rozpoznawanie uzale\u017cnienia od hazardu\">Rozpoznawanie uzale\u017cnienia od hazardu<\/a><\/li><li class='ez-toc-page-1 ez-toc-heading-level-2'><a class=\"ez-toc-link ez-toc-heading-4\" href=\"https:\/\/livecasinofinder.com\/pl\/responsible-gaming\/#Gambling_and_Mental_Health\" title=\"Hazard i zdrowie psychiczne\">Hazard i zdrowie psychiczne<\/a><\/li><li class='ez-toc-page-1 ez-toc-heading-level-2'><a class=\"ez-toc-link ez-toc-heading-5\" href=\"https:\/\/livecasinofinder.com\/pl\/responsible-gaming\/#Effective_Strategies_for_Responsible_Gambling\" title=\"Skuteczne strategie odpowiedzialnego hazardu\">Skuteczne strategie odpowiedzialnego hazardu<\/a><\/li><li class='ez-toc-page-1 ez-toc-heading-level-2'><a class=\"ez-toc-link ez-toc-heading-6\" href=\"https:\/\/livecasinofinder.com\/pl\/responsible-gaming\/#Tools_and_Resources_for_Responsible_Gambling\" title=\"Narz\u0119dzia i zasoby dla odpowiedzialnego hazardu\">Narz\u0119dzia i zasoby dla odpowiedzialnego hazardu<\/a><\/li><li class='ez-toc-page-1 ez-toc-heading-level-2'><a class=\"ez-toc-link ez-toc-heading-7\" href=\"https:\/\/livecasinofinder.com\/pl\/responsible-gaming\/#The_Role_of_Online_Gaming_Operators_in_Responsible_Gambling\" title=\"Rola operator\u00f3w gier online w odpowiedzialnym hazardzie\">Rola operator\u00f3w gier online w odpowiedzialnym hazardzie<\/a><\/li><li class='ez-toc-page-1 ez-toc-heading-level-2'><a class=\"ez-toc-link ez-toc-heading-8\" href=\"https:\/\/livecasinofinder.com\/pl\/responsible-gaming\/#Preventative_Measures_for_Player_Protection\" title=\"\u015arodki zapobiegawcze dla ochrony graczy\">\u015arodki zapobiegawcze dla ochrony graczy<\/a><\/li><\/ul><\/nav><\/div>\n\n<h2><span class=\"ez-toc-section\" id=\"The_Imperative_of_Responsible_Gaming\"><\/span>Imperatyw odpowiedzialnej gry<span class=\"ez-toc-section-end\"><\/span><\/h2>\n<p>W Live Casino Finder odpowiedzialna gra to nie tylko koncepcja, ale podstawowa warto\u015b\u0107, kt\u00f3ra nap\u0119dza nasze dzia\u0142ania. Wierzymy, \u017ce chocia\u017c hazard mo\u017ce by\u0107 ekscytuj\u0105cy, wa\u017cne jest, aby zapewni\u0107, \u017ce pozostaje on aktywno\u015bci\u0105 ciesz\u0105c\u0105 si\u0119 odpowiedzialnymi granicami. Naszym celem jest zapewnienie \u015brodowiska, w kt\u00f3rym gracze mog\u0105 podejmowa\u0107 \u015bwiadome decyzje i odpowiedzialnie do\u015bwiadcza\u0107 emocji zwi\u0105zanych z grami live casino.<\/p>\n<h2><span class=\"ez-toc-section\" id=\"The_Intricacies_of_Gambling_Risks\"><\/span>Zawi\u0142o\u015bci ryzyka zwi\u0105zanego z hazardem<span class=\"ez-toc-section-end\"><\/span><\/h2>\n<p>Zdajemy sobie spraw\u0119, jak wa\u017cne jest wyposa\u017cenie naszych u\u017cytkownik\u00f3w w wiedz\u0119 na temat zawi\u0142o\u015bci ryzyka zwi\u0105zanego z hazardem. Zrozumienie tych zagro\u017ce\u0144, w tym mo\u017cliwo\u015bci poniesienia strat finansowych, ma kluczowe znaczenie dla dokonywania \u015bwiadomych wybor\u00f3w. Zdaj\u0105c sobie spraw\u0119 z tych zawi\u0142o\u015bci, gracze mog\u0105 odpowiedzialnie anga\u017cowa\u0107 si\u0119 w gry live casino i zachowa\u0107 kontrol\u0119 nad swoimi zak\u0142adami.<\/p>\n<h2><span class=\"ez-toc-section\" id=\"Recognizing_Gambling_Addiction\"><\/span>Rozpoznawanie uzale\u017cnienia od hazardu<span class=\"ez-toc-section-end\"><\/span><\/h2>\n<p>W Live Casino Finder po\u015bwi\u0119camy si\u0119 rozpoznawaniu i rozwi\u0105zywaniu problemu uzale\u017cnienia od hazardu. Rozumiemy, \u017ce hazard mo\u017ce sta\u0107 si\u0119 powa\u017cnym problemem dla niekt\u00f3rych os\u00f3b, wp\u0142ywaj\u0105c na ich dobrobyt osobisty i finansowy. Zach\u0119camy naszych u\u017cytkownik\u00f3w do samo\u015bwiadomo\u015bci i szybkiego szukania pomocy, je\u015bli podejrzewaj\u0105, \u017ce mog\u0105 zmaga\u0107 si\u0119 z uzale\u017cnieniem od hazardu.<\/p>\n<h2><span class=\"ez-toc-section\" id=\"Gambling_and_Mental_Health\"><\/span>Hazard i zdrowie psychiczne<span class=\"ez-toc-section-end\"><\/span><\/h2>\n<p>Rozumiemy istotny zwi\u0105zek mi\u0119dzy hazardem a zdrowiem psychicznym. W zwi\u0105zku z tym jeste\u015bmy zaanga\u017cowani w promowanie pozytywnego i zdrowego sposobu my\u015blenia w\u015br\u00f3d naszych u\u017cytkownik\u00f3w. Naszym celem jest stworzenie \u015brodowiska, w kt\u00f3rym gracze mog\u0105 cieszy\u0107 si\u0119 grami live casino w spos\u00f3b odpowiedzialny, bez nara\u017cania swojego samopoczucia psychicznego.<\/p>\n<h2><span class=\"ez-toc-section\" id=\"Effective_Strategies_for_Responsible_Gambling\"><\/span>Skuteczne strategie odpowiedzialnego hazardu<span class=\"ez-toc-section-end\"><\/span><\/h2>\n<p>Aby wspiera\u0107 odpowiedzialny hazard, opowiadamy si\u0119 za wdra\u017caniem skutecznych strategii, kt\u00f3re umo\u017cliwiaj\u0105 graczom zachowanie kontroli nad ich dzia\u0142aniami zwi\u0105zanymi z zak\u0142adami. Oto kilka kluczowych praktyk, do kt\u00f3rych zach\u0119camy:<\/p>\n<p>Trzymanie si\u0119 okre\u015blonego bud\u017cetu: Ustal bud\u017cet na gry live casino i trzymaj si\u0119 go. Obstawiaj tylko kwoty, kt\u00f3re s\u0105 dla ciebie wygodne, upewniaj\u0105c si\u0119, \u017ce nie wp\u0142ynie to na twoj\u0105 stabilno\u015b\u0107 finansow\u0105.<\/p>\n<p>Regularne przerwy od gier: R\u00f3b przerwy od grania w gry live casino, aby upewni\u0107 si\u0119, \u017ce pozostaje to rozrywk\u0105 i nie poch\u0142ania nadmiernie czasu ani energii.<\/p>\n<p>Oprzyj si\u0119 pokusie pogoni za stratami: Zaakceptuj, \u017ce straty s\u0105 cz\u0119\u015bci\u0105 hazardu i unikaj pogoni za stratami poprzez zwi\u0119kszanie zak\u0142ad\u00f3w. Zamiast tego cofnij si\u0119 o krok i ponownie oce\u0144 swoje podej\u015bcie.<\/p>\n<p>Poszukiwanie pomocy na czas: Je\u015bli podejrzewasz, \u017ce ty lub kto\u015b, kogo znasz, zmaga si\u0119 z uzale\u017cnieniem od hazardu, niezw\u0142ocznie poszukaj pomocy. Wczesna interwencja jest kluczem do skutecznego rozwi\u0105zania problemu.<\/p>\n<h2><span class=\"ez-toc-section\" id=\"Tools_and_Resources_for_Responsible_Gambling\"><\/span>Narz\u0119dzia i zasoby dla odpowiedzialnego hazardu<span class=\"ez-toc-section-end\"><\/span><\/h2>\n<p>Zapewniamy szereg narz\u0119dzi i zasob\u00f3w wspieraj\u0105cych odpowiedzialne praktyki hazardowe:<\/p>\n<p>National i lokalne telefony zaufania: Dost\u0119p do telefon\u00f3w zaufania po\u015bwi\u0119conych pomocy osobom dotkni\u0119tym problemem hazardu. Pomoc jest na wyci\u0105gni\u0119cie r\u0119ki.<\/p>\n<p>Programy samowykluczenia: Skorzystaj z opcji samowykluczenia, umo\u017cliwiaj\u0105c sobie przerw\u0119 od gier live casino, je\u015bli uznasz to za konieczne. Programy te umo\u017cliwiaj\u0105 osobom fizycznym odzyskanie kontroli nad swoimi zak\u0142adami.<\/p>\n<p>Programy terapii uzale\u017cnienia od hazardu: Wspieramy i promujemy programy terapii uzale\u017cnienia od hazardu maj\u0105ce na celu pomoc potrzebuj\u0105cym. Programy te zapewniaj\u0105 profesjonalne wskaz\u00f3wki i wsparcie dla os\u00f3b zmagaj\u0105cych si\u0119 z problemami zwi\u0105zanymi z hazardem.<\/p>\n<h2><span class=\"ez-toc-section\" id=\"The_Role_of_Online_Gaming_Operators_in_Responsible_Gambling\"><\/span>Rola operator\u00f3w gier online w odpowiedzialnym hazardzie<span class=\"ez-toc-section-end\"><\/span><\/h2>\n<p>Jako operator gier online rozumiemy nasz\u0105 odpowiedzialno\u015b\u0107 za zapewnienie bezpiecznego i odpowiedzialnego \u015brodowiska hazardowego. Oto jak dbamy o ochron\u0119 graczy:<\/p>\n<p>Rygorystyczne przepisy i standardy bran\u017cowe: Przestrzegamy rygorystycznych przepis\u00f3w i standard\u00f3w bran\u017cowych, aby zapewni\u0107 uczciw\u0105 gr\u0119, bezpiecze\u0144stwo graczy i odpowiedzialne praktyki hazardowe. \u015arodki te maj\u0105 na celu ochron\u0119 naszych u\u017cytkownik\u00f3w i utrzymanie integralno\u015bci naszej platformy.<\/p>\n<p>Spo\u0142eczna odpowiedzialno\u015b\u0107 biznesu: Powa\u017cnie traktujemy nasz\u0105 spo\u0142eczn\u0105 odpowiedzialno\u015b\u0107 biznesu. Aktywnie wsp\u00f3\u0142pracujemy z organizacjami i inicjatywami, kt\u00f3re promuj\u0105 odpowiedzialny hazard i wspieraj\u0105 osoby dotkni\u0119te uzale\u017cnieniem od hazardu.<\/p>\n<h2><span class=\"ez-toc-section\" id=\"Preventative_Measures_for_Player_Protection\"><\/span>\u015arodki zapobiegawcze dla ochrony graczy<span class=\"ez-toc-section-end\"><\/span><\/h2>\n<p>Wdra\u017camy \u015brodki zapobiegawcze w celu ochrony naszych graczy, w tym solidne procesy weryfikacji wieku, bezpieczne transakcje i rygorystyczne protoko\u0142y ochrony danych. \u015arodki te maj\u0105 na celu stworzenie bezpiecznego i odpowiedzialnego \u015brodowiska zak\u0142ad\u00f3w dla wszystkich.<\/p>\n<p>W Live Casino Finder wierzymy, \u017ce odpowiedzialna gra jest kluczem do niezapomnianych wra\u017ce\u0144 live casino. Do\u0142\u0105cz do nas ju\u017c dzi\u015b i wyrusz w ekscytuj\u0105c\u0105 i odpowiedzialn\u0105 podr\u00f3\u017c hazardow\u0105.<\/p>","protected":false},"excerpt":{"rendered":"<p>Witamy w Live Casino Finder, gdzie priorytetowo traktujemy odpowiedzialn\u0105 gr\u0119 jako kamie\u0144 w\u0119gielny naszej platformy. Jeste\u015bmy zaanga\u017cowani w promowanie odpowiedzialnych praktyk hazardowych i tworzenie bezpiecznego i przyjemnego \u015brodowiska dla naszych u\u017cytkownik\u00f3w. Dzi\u0119ki g\u0142\u0119bokiemu zrozumieniu zawi\u0142o\u015bci ryzyka zwi\u0105zanego z hazardem i potencjalnego wp\u0142ywu na zdrowie psychiczne, staramy si\u0119 wzmocni\u0107 [...]<\/p>","protected":false},"author":1,"featured_media":0,"parent":0,"menu_order":0,"comment_status":"closed","ping_status":"closed","template":"page-no-sidebar.php","meta":{"_lmt_disableupdate":"no","_lmt_disable":"no","footnotes":""},"class_list":["post-2111","page","type-page","status-publish","hentry"],"yoast_head":"<!-- This site is optimized with the Yoast SEO plugin v26.4 - https:\/\/yoast.com\/wordpress\/plugins\/seo\/ -->\n<title>Responsible Gaming Guidelines<\/title>\n<meta name=\"description\" content=\"Learn about responsible gaming practices with Live Casino Finder to help you enjoy live casinos safely and make informed decisions while playing.\" \/>\n<meta name=\"robots\" content=\"index, follow, max-snippet:-1, max-image-preview:large, max-video-preview:-1\" \/>\n<link rel=\"canonical\" href=\"https:\/\/livecasinofinder.com\/wp-json\/wp\/v2\/pages\/2111\/\" \/>\n<meta property=\"og:locale\" content=\"pl_PL\" \/>\n<meta property=\"og:type\" content=\"article\" \/>\n<meta property=\"og:title\" content=\"Responsible Gaming Guidelines\" \/>\n<meta property=\"og:description\" content=\"Learn about responsible gaming practices with Live Casino Finder to help you enjoy live casinos safely and make informed decisions while playing.\" \/>\n<meta property=\"og:url\" content=\"https:\/\/livecasinofinder.com\/pl\/responsible-gaming\/\" \/>\n<meta property=\"og:site_name\" content=\"livecasinofinder.com\" \/>\n<meta property=\"article:modified_time\" content=\"2025-06-03T11:11:12+00:00\" \/>\n<meta property=\"og:image\" content=\"https:\/\/livecasinofinder.com\/wp-content\/uploads\/2023\/03\/lucasoilraceway-logo-1.png\" \/>\n\t<meta property=\"og:image:width\" content=\"427\" \/>\n\t<meta property=\"og:image:height\" content=\"145\" \/>\n\t<meta property=\"og:image:type\" content=\"image\/png\" \/>\n<meta name=\"twitter:card\" content=\"summary_large_image\" \/>\n<meta name=\"twitter:label1\" content=\"Szacowany czas czytania\" \/>\n\t<meta name=\"twitter:data1\" content=\"4 minuty\" \/>\n<!-- \/ Yoast SEO plugin. -->","yoast_head_json":{"title":"Responsible Gaming Guidelines","description":"Learn about responsible gaming practices with Live Casino Finder to help you enjoy live casinos safely and make informed decisions while playing.","robots":{"index":"index","follow":"follow","max-snippet":"max-snippet:-1","max-image-preview":"max-image-preview:large","max-video-preview":"max-video-preview:-1"},"canonical":"https:\/\/livecasinofinder.com\/wp-json\/wp\/v2\/pages\/2111\/","og_locale":"pl_PL","og_type":"article","og_title":"Responsible Gaming Guidelines","og_description":"Learn about responsible gaming practices with Live Casino Finder to help you enjoy live casinos safely and make informed decisions while playing.","og_url":"https:\/\/livecasinofinder.com\/pl\/responsible-gaming\/","og_site_name":"livecasinofinder.com","article_modified_time":"2025-06-03T11:11:12+00:00","og_image":[{"width":427,"height":145,"url":"https:\/\/livecasinofinder.com\/wp-content\/uploads\/2023\/03\/lucasoilraceway-logo-1.png","type":"image\/png"}],"twitter_card":"summary_large_image","twitter_misc":{"Szacowany czas czytania":"4 minuty"},"schema":{"@context":"https:\/\/schema.org","@graph":[{"@type":"WebPage","@id":"https:\/\/livecasinofinder.com\/responsible-gaming\/","url":"https:\/\/livecasinofinder.com\/responsible-gaming\/","name":"Responsible Gaming Guidelines","isPartOf":{"@id":"https:\/\/livecasinofinder.com\/ja\/#website"},"datePublished":"2023-06-20T14:33:04+00:00","dateModified":"2025-06-03T11:11:12+00:00","description":"Learn about responsible gaming practices with Live Casino Finder to help you enjoy live casinos safely and make informed decisions while playing.","breadcrumb":{"@id":"https:\/\/livecasinofinder.com\/responsible-gaming\/#breadcrumb"},"inLanguage":"pl-PL","potentialAction":[{"@type":"ReadAction","target":["https:\/\/livecasinofinder.com\/responsible-gaming\/"]}]},{"@type":"BreadcrumbList","@id":"https:\/\/livecasinofinder.com\/responsible-gaming\/#breadcrumb","itemListElement":[{"@type":"ListItem","position":1,"name":"LiveCasinoFinder.com","item":"https:\/\/livecasinofinder.com\/fr\/"},{"@type":"ListItem","position":2,"name":"Responsible Gaming"}]},{"@type":"WebSite","@id":"https:\/\/livecasinofinder.com\/ja\/#website","url":"https:\/\/livecasinofinder.com\/ja\/","name":"livecasinofinder","description":"","publisher":{"@id":"https:\/\/livecasinofinder.com\/ja\/#organization"},"alternateName":"Lucas oil raceway live casino","potentialAction":[{"@type":"SearchAction","target":{"@type":"EntryPoint","urlTemplate":"https:\/\/livecasinofinder.com\/ja\/?s={search_term_string}"},"query-input":{"@type":"PropertyValueSpecification","valueRequired":true,"valueName":"search_term_string"}}],"inLanguage":"pl-PL"},{"@type":"Organization","@id":"https:\/\/livecasinofinder.com\/ja\/#organization","name":"Wyszukiwarka kasyn na \u017cywo","alternateName":"Lucas oil raceway live casino","url":"https:\/\/livecasinofinder.com\/ja\/","logo":{"@type":"ImageObject","inLanguage":"pl-PL","@id":"https:\/\/livecasinofinder.com\/ja\/#\/schema\/logo\/image\/","url":"https:\/\/livecasinofinder.com\/wp-content\/uploads\/2023\/04\/livecasinofinder-logo.png","contentUrl":"https:\/\/livecasinofinder.com\/wp-content\/uploads\/2023\/04\/livecasinofinder-logo.png","width":1600,"height":453,"caption":"Live Casino Finder"},"image":{"@id":"https:\/\/livecasinofinder.com\/ja\/#\/schema\/logo\/image\/"}}]}},"_links":{"self":[{"href":"https:\/\/livecasinofinder.com\/pl\/wp-json\/wp\/v2\/pages\/2111","targetHints":{"allow":["GET"]}}],"collection":[{"href":"https:\/\/livecasinofinder.com\/pl\/wp-json\/wp\/v2\/pages"}],"about":[{"href":"https:\/\/livecasinofinder.com\/pl\/wp-json\/wp\/v2\/types\/page"}],"author":[{"embeddable":true,"href":"https:\/\/livecasinofinder.com\/pl\/wp-json\/wp\/v2\/users\/1"}],"replies":[{"embeddable":true,"href":"https:\/\/livecasinofinder.com\/pl\/wp-json\/wp\/v2\/comments?post=2111"}],"version-history":[{"count":0,"href":"https:\/\/livecasinofinder.com\/pl\/wp-json\/wp\/v2\/pages\/2111\/revisions"}],"wp:attachment":[{"href":"https:\/\/livecasinofinder.com\/pl\/wp-json\/wp\/v2\/media?parent=2111"}],"curies":[{"name":"wp","href":"https:\/\/api.w.org\/{rel}","templated":true}]}}