{"id":2109,"date":"2023-06-20T14:37:04","date_gmt":"2023-06-20T14:37:04","guid":{"rendered":"https:\/\/livecasinofinder.com\/?page_id=2109"},"modified":"2023-06-20T14:37:04","modified_gmt":"2023-06-20T14:37:04","slug":"privacy-policy","status":"publish","type":"page","link":"https:\/\/livecasinofinder.com\/pl\/privacy-policy\/","title":{"rendered":"Polityka prywatno\u015bci"},"content":{"rendered":"<p>Przy <a href=\"\/pl\/\">LiveCasinoFinder.com<\/a>rozumiemy znaczenie ochrony prywatno\u015bci i poufno\u015bci danych osobowych u\u017cytkownik\u00f3w. Niniejsza Polityka prywatno\u015bci okre\u015bla nasze niezachwiane zaanga\u017cowanie w ochron\u0119 danych, zapewniaj\u0105c bezpieczne i przyjemne korzystanie z naszej platformy.<\/p>\n<div id=\"ez-toc-container\" class=\"ez-toc-v2_0_63 counter-hierarchy ez-toc-counter ez-toc-grey ez-toc-container-direction\">\n<label for=\"ez-toc-cssicon-toggle-item-69dcc460d67b1\" class=\"ez-toc-cssicon-toggle-label\"><span class=\"ez-toc-cssicon\"><span class=\"eztoc-hide\" style=\"display:none;\">Toggle<\/span><span class=\"ez-toc-icon-toggle-span\"><svg style=\"fill: #999;color:#999\" xmlns=\"http:\/\/www.w3.org\/2000\/svg\" class=\"list-377408\" width=\"20px\" height=\"20px\" viewbox=\"0 0 24 24\" fill=\"none\"><path d=\"M6 6H4v2h2V6zm14 0H8v2h12V6zM4 11h2v2H4v-2zm16 0H8v2h12v-2zM4 16h2v2H4v-2zm16 0H8v2h12v-2z\" fill=\"currentColor\"><\/path><\/svg><svg style=\"fill: #999;color:#999\" class=\"arrow-unsorted-368013\" xmlns=\"http:\/\/www.w3.org\/2000\/svg\" width=\"10px\" height=\"10px\" viewbox=\"0 0 24 24\" version=\"1.2\" baseprofile=\"tiny\"><path d=\"M18.2 9.3l-6.2-6.3-6.2 6.3c-.2.2-.3.4-.3.7s.1.5.3.7c.2.2.4.3.7.3h11c.3 0 .5-.1.7-.3.2-.2.3-.5.3-.7s-.1-.5-.3-.7zM5.8 14.7l6.2 6.3 6.2-6.3c.2-.2.3-.5.3-.7s-.1-.5-.3-.7c-.2-.2-.4-.3-.7-.3h-11c-.3 0-.5.1-.7.3-.2.2-.3.5-.3.7s.1.5.3.7z\"\/><\/svg><\/span><\/span><\/label><input type=\"checkbox\"  id=\"ez-toc-cssicon-toggle-item-69dcc460d67b1\" checked aria-label=\"Toggle\" \/><nav><ul class='ez-toc-list ez-toc-list-level-1' ><li class='ez-toc-page-1 ez-toc-heading-level-2'><a class=\"ez-toc-link ez-toc-heading-1\" href=\"https:\/\/livecasinofinder.com\/pl\/privacy-policy\/#Our_Pledge_to_Safeguard_Your_Privacy\" title=\"Nasze zobowi\u0105zanie do ochrony prywatno\u015bci\">Nasze zobowi\u0105zanie do ochrony prywatno\u015bci<\/a><\/li><li class='ez-toc-page-1 ez-toc-heading-level-2'><a class=\"ez-toc-link ez-toc-heading-2\" href=\"https:\/\/livecasinofinder.com\/pl\/privacy-policy\/#Data_Collection_Our_Practices\" title=\"Gromadzenie danych: Nasze praktyki\">Gromadzenie danych: Nasze praktyki<\/a><\/li><li class='ez-toc-page-1 ez-toc-heading-level-2'><a class=\"ez-toc-link ez-toc-heading-3\" href=\"https:\/\/livecasinofinder.com\/pl\/privacy-policy\/#The_Use_of_Your_Information\" title=\"Wykorzystanie informacji o u\u017cytkowniku\">Wykorzystanie informacji o u\u017cytkowniku<\/a><\/li><li class='ez-toc-page-1 ez-toc-heading-level-2'><a class=\"ez-toc-link ez-toc-heading-4\" href=\"https:\/\/livecasinofinder.com\/pl\/privacy-policy\/#Information_Disclosure_and_Sharing\" title=\"Ujawnianie i udost\u0119pnianie informacji\">Ujawnianie i udost\u0119pnianie informacji<\/a><\/li><li class='ez-toc-page-1 ez-toc-heading-level-2'><a class=\"ez-toc-link ez-toc-heading-5\" href=\"https:\/\/livecasinofinder.com\/pl\/privacy-policy\/#Our_Security_Measures\" title=\"Nasze \u015brodki bezpiecze\u0144stwa\">Nasze \u015brodki bezpiecze\u0144stwa<\/a><\/li><li class='ez-toc-page-1 ez-toc-heading-level-2'><a class=\"ez-toc-link ez-toc-heading-6\" href=\"https:\/\/livecasinofinder.com\/pl\/privacy-policy\/#The_Role_of_Cookies\" title=\"Rola plik\u00f3w cookie\">Rola plik\u00f3w cookie<\/a><\/li><li class='ez-toc-page-1 ez-toc-heading-level-2'><a class=\"ez-toc-link ez-toc-heading-7\" href=\"https:\/\/livecasinofinder.com\/pl\/privacy-policy\/#Third-Party_Links\" title=\"Linki stron trzecich\">Linki stron trzecich<\/a><\/li><li class='ez-toc-page-1 ez-toc-heading-level-2'><a class=\"ez-toc-link ez-toc-heading-8\" href=\"https:\/\/livecasinofinder.com\/pl\/privacy-policy\/#Policy_on_Childrens_Privacy\" title=\"Polityka prywatno\u015bci dzieci\">Polityka prywatno\u015bci dzieci<\/a><\/li><li class='ez-toc-page-1 ez-toc-heading-level-2'><a class=\"ez-toc-link ez-toc-heading-9\" href=\"https:\/\/livecasinofinder.com\/pl\/privacy-policy\/#Changes_to_This_Privacy_Policy\" title=\"Zmiany w niniejszej Polityce prywatno\u015bci\">Zmiany w niniejszej Polityce prywatno\u015bci<\/a><\/li><li class='ez-toc-page-1 ez-toc-heading-level-2'><a class=\"ez-toc-link ez-toc-heading-10\" href=\"https:\/\/livecasinofinder.com\/pl\/privacy-policy\/#Your_Rights_to_Your_Personal_Information\" title=\"Prawa u\u017cytkownika do danych osobowych\">Prawa u\u017cytkownika do danych osobowych<\/a><\/li><li class='ez-toc-page-1 ez-toc-heading-level-2'><a class=\"ez-toc-link ez-toc-heading-11\" href=\"https:\/\/livecasinofinder.com\/pl\/privacy-policy\/#Retention_of_Data\" title=\"Przechowywanie danych\">Przechowywanie danych<\/a><\/li><li class='ez-toc-page-1 ez-toc-heading-level-2'><a class=\"ez-toc-link ez-toc-heading-12\" href=\"https:\/\/livecasinofinder.com\/pl\/privacy-policy\/#International_Data_Transfers\" title=\"Mi\u0119dzynarodowe transfery danych\">Mi\u0119dzynarodowe transfery danych<\/a><\/li><\/ul><\/nav><\/div>\n\n<h2><span class=\"ez-toc-section\" id=\"Our_Pledge_to_Safeguard_Your_Privacy\"><\/span>Nasze zobowi\u0105zanie do ochrony prywatno\u015bci<span class=\"ez-toc-section-end\"><\/span><\/h2>\n<p>Cenimy prywatno\u015b\u0107 u\u017cytkownik\u00f3w i priorytetowo traktujemy ochron\u0119 ich danych osobowych. Wdro\u017cyli\u015bmy rygorystyczne praktyki w zakresie ochrony prywatno\u015bci i przestrzegamy obowi\u0105zuj\u0105cych przepis\u00f3w o ochronie danych, aby zapewni\u0107 bezpiecze\u0144stwo i poufno\u015b\u0107 danych.<\/p>\n<h2><span class=\"ez-toc-section\" id=\"Data_Collection_Our_Practices\"><\/span>Gromadzenie danych: Nasze praktyki<span class=\"ez-toc-section-end\"><\/span><\/h2>\n<p>Aby zapewni\u0107 u\u017cytkownikowi p\u0142ynn\u0105 i spersonalizowan\u0105 obs\u0142ug\u0119, mo\u017cemy zbiera\u0107 od niego pewne informacje. Informacje te mog\u0105 obejmowa\u0107 imi\u0119 i nazwisko u\u017cytkownika, dane kontaktowe i spos\u00f3b przegl\u0105dania naszej platformy. Zapewniamy, \u017ce zbieramy tylko niezb\u0119dne dane wymagane do poprawy komfortu u\u017cytkowania i ulepszenia naszych us\u0142ug.<\/p>\n<h2><span class=\"ez-toc-section\" id=\"The_Use_of_Your_Information\"><\/span>Wykorzystanie informacji o u\u017cytkowniku<span class=\"ez-toc-section-end\"><\/span><\/h2>\n<p>Gromadzone przez nas informacje s\u0105 wykorzystywane do r\u00f3\u017cnych cel\u00f3w, w tym mi\u0119dzy innymi do:<\/p>\n<ol>\n<li>Personalizacja do\u015bwiadczenia na LiveCasinoFinder.com<\/li>\n<li>Wydajne przetwarzanie \u017c\u0105da\u0144 i transakcji<\/li>\n<li>Informowanie o wa\u017cnych aktualizacjach i promocjach<\/li>\n<li>Analizowanie danych w celu ulepszenia naszych us\u0142ug i dostosowania ich do preferencji u\u017cytkownika<\/li>\n<\/ol>\n<h2><span class=\"ez-toc-section\" id=\"Information_Disclosure_and_Sharing\"><\/span>Ujawnianie i udost\u0119pnianie informacji<span class=\"ez-toc-section-end\"><\/span><\/h2>\n<p>LiveCasinoFinder.com szanuje poufno\u015b\u0107 Twoich informacji. Nie sprzedajemy, nie handlujemy ani nie udost\u0119pniamy danych osobowych stronom trzecim, chyba \u017ce jest to konieczne do \u015bwiadczenia naszych us\u0142ug lub wymagane przez prawo. Mo\u017cemy udost\u0119pnia\u0107 Twoje dane zaufanym partnerom, takim jak podmioty przetwarzaj\u0105ce p\u0142atno\u015bci, wy\u0142\u0105cznie w celu \u015bwiadczenia Ci naszych us\u0142ug.<\/p>\n<h2><span class=\"ez-toc-section\" id=\"Our_Security_Measures\"><\/span>Nasze \u015brodki bezpiecze\u0144stwa<span class=\"ez-toc-section-end\"><\/span><\/h2>\n<p>Wdro\u017cyli\u015bmy solidne \u015brodki bezpiecze\u0144stwa w celu ochrony danych osobowych u\u017cytkownik\u00f3w przed nieautoryzowanym dost\u0119pem, ujawnieniem, zmian\u0105 lub zniszczeniem. Nasze zaawansowane systemy bezpiecze\u0144stwa, protoko\u0142y szyfrowania i rygorystyczne kontrole dost\u0119pu zapewniaj\u0105 najwy\u017csz\u0105 ochron\u0119 danych u\u017cytkownika. Regularnie sprawdzamy i aktualizujemy nasze \u015brodki bezpiecze\u0144stwa, aby stay wyprzedza\u0107 pojawiaj\u0105ce si\u0119 zagro\u017cenia i utrzymywa\u0107 bezpieczne \u015brodowisko dla naszych u\u017cytkownik\u00f3w.<\/p>\n<h2><span class=\"ez-toc-section\" id=\"The_Role_of_Cookies\"><\/span>Rola plik\u00f3w cookie<span class=\"ez-toc-section-end\"><\/span><\/h2>\n<p>LiveCasinoFinder.com wykorzystuje pliki cookie, aby poprawi\u0107 komfort przegl\u0105dania naszej platformy. Pliki cookie to ma\u0142e pliki tekstowe przechowywane na urz\u0105dzeniu u\u017cytkownika, kt\u00f3re umo\u017cliwiaj\u0105 nam rozpoznanie u\u017cytkownika i dostosowanie go do jego preferencji. U\u017cytkownik ma mo\u017cliwo\u015b\u0107 zarz\u0105dzania preferencjami dotycz\u0105cymi plik\u00f3w cookie za pomoc\u0105 ustawie\u0144 przegl\u0105darki. Nale\u017cy jednak pami\u0119ta\u0107, \u017ce wy\u0142\u0105czenie plik\u00f3w cookie mo\u017ce ograniczy\u0107 niekt\u00f3re funkcje naszej witryny.<\/p>\n<h2><span class=\"ez-toc-section\" id=\"Third-Party_Links\"><\/span>Linki stron trzecich<span class=\"ez-toc-section-end\"><\/span><\/h2>\n<p>Nasza platforma mo\u017ce zawiera\u0107 \u0142\u0105cza do witryn lub us\u0142ug stron trzecich. Zach\u0119camy do zapoznania si\u0119 z faktem, \u017ce witryny te maj\u0105 w\u0142asne polityki prywatno\u015bci, kt\u00f3re mog\u0105 r\u00f3\u017cni\u0107 si\u0119 od naszych. Zalecamy zapoznanie si\u0119 z praktykami ochrony prywatno\u015bci stron internetowych os\u00f3b trzecich odwiedzanych za po\u015brednictwem naszej platformy, poniewa\u017c nie mamy kontroli nad gromadzeniem lub wykorzystywaniem przez nie danych.<\/p>\n<h2><span class=\"ez-toc-section\" id=\"Policy_on_Childrens_Privacy\"><\/span>Polityka prywatno\u015bci dzieci<span class=\"ez-toc-section-end\"><\/span><\/h2>\n<p>LiveCasinoFinder.com jest przeznaczony dla os\u00f3b, kt\u00f3re uko\u0144czy\u0142y 18 lat lub osi\u0105gn\u0119\u0142y wiek uprawniaj\u0105cy do uprawiania hazardu online w ich jurysdykcji. Nie gromadzimy ani nie przechowujemy \u015bwiadomie danych osobowych os\u00f3b poni\u017cej ustawowego wieku. Je\u015bli dowiemy si\u0119 o takich informacjach, niezw\u0142ocznie usuniemy je z naszych rejestr\u00f3w.<\/p>\n<h2><span class=\"ez-toc-section\" id=\"Changes_to_This_Privacy_Policy\"><\/span>Zmiany w niniejszej Polityce prywatno\u015bci<span class=\"ez-toc-section-end\"><\/span><\/h2>\n<p>Mo\u017cemy okresowo aktualizowa\u0107 nasz\u0105 Polityk\u0119 prywatno\u015bci w celu odzwierciedlenia zmian w naszych praktykach, wymogach prawnych lub us\u0142ugach. Wszelkie modyfikacje niniejszej polityki b\u0119d\u0105 przekazywane u\u017cytkownikowi za po\u015brednictwem widocznych powiadomie\u0144 na naszej platformie. Zach\u0119camy do regularnego zapoznawania si\u0119 z nasz\u0105 Polityk\u0105 prywatno\u015bci, aby stay wiedzie\u0107, w jaki spos\u00f3b chronimy Twoj\u0105 prywatno\u015b\u0107.<\/p>\n<h2><span class=\"ez-toc-section\" id=\"Your_Rights_to_Your_Personal_Information\"><\/span>Prawa u\u017cytkownika do danych osobowych<span class=\"ez-toc-section-end\"><\/span><\/h2>\n<p>Jako u\u017cytkownik LiveCasinoFinder.com masz pewne prawa dotycz\u0105ce swoich danych osobowych. Prawa te mog\u0105 obejmowa\u0107:<\/p>\n<ol>\n<li>Dost\u0119p do przechowywanych przez nas danych osobowych u\u017cytkownika<\/li>\n<li>Mo\u017cliwo\u015b\u0107 poprawiania lub aktualizowania informacji o u\u017cytkowniku<\/li>\n<li>Prawo do \u017c\u0105dania usuni\u0119cia danych osobowych w okre\u015blonych okoliczno\u015bciach<\/li>\n<li>Prawo do ograniczenia lub sprzeciwu wobec przetwarzania danych u\u017cytkownika<\/li>\n<li>Prawo do przenoszenia danych, umo\u017cliwiaj\u0105ce otrzymanie kopii danych w ustrukturyzowanym, powszechnie u\u017cywanym formacie nadaj\u0105cym si\u0119 do odczytu maszynowego.<\/li>\n<\/ol>\n<p>Aby skorzysta\u0107 ze swoich praw lub uzyska\u0107 wyja\u015bnienia dotycz\u0105ce wszelkich kwestii zwi\u0105zanych z prywatno\u015bci\u0105, skontaktuj si\u0119 z naszym dedykowanym zespo\u0142em wsparcia. Jeste\u015bmy tutaj, aby niezw\u0142ocznie udzieli\u0107 pomocy.<\/p>\n<h2><span class=\"ez-toc-section\" id=\"Retention_of_Data\"><\/span>Przechowywanie danych<span class=\"ez-toc-section-end\"><\/span><\/h2>\n<p>Przechowujemy dane osobowe u\u017cytkownika tylko tak d\u0142ugo, jak jest to konieczne do realizacji cel\u00f3w okre\u015blonych w niniejszej Polityce prywatno\u015bci lub zgodnie z wymogami prawa. Gdy dane u\u017cytkownika nie b\u0119d\u0105 ju\u017c potrzebne, usuniemy je w bezpieczny spos\u00f3b zgodnie z naszymi praktykami przechowywania danych.<\/p>\n<h2><span class=\"ez-toc-section\" id=\"International_Data_Transfers\"><\/span>Mi\u0119dzynarodowe transfery danych<span class=\"ez-toc-section-end\"><\/span><\/h2>\n<p>Jako platforma globalna, LiveCasinoFinder.com mo\u017ce przekazywa\u0107 i przetwarza\u0107 dane osobowe u\u017cytkownik\u00f3w w r\u00f3\u017cnych lokalizacjach na ca\u0142ym \u015bwiecie. Zapewniamy odpowiednie zabezpieczenia w celu ochrony danych podczas mi\u0119dzynarodowych transfer\u00f3w i przestrzegania obowi\u0105zuj\u0105cych przepis\u00f3w o ochronie danych.<\/p>\n<p>W LiveCasinoFinder.com dok\u0142adamy wszelkich stara\u0144, aby zapewni\u0107 bezpieczne, przejrzyste i przyjemne \u015brodowisko gry, jednocze\u015bnie chroni\u0105c Twoj\u0105 prywatno\u015b\u0107. Twoje zaufanie i satysfakcja s\u0105 naszymi priorytetami.<\/p>","protected":false},"excerpt":{"rendered":"<p>W LiveCasinoFinder.com rozumiemy znaczenie ochrony prywatno\u015bci i poufno\u015bci danych osobowych u\u017cytkownik\u00f3w. Niniejsza Polityka prywatno\u015bci okre\u015bla nasze niezachwiane zaanga\u017cowanie w ochron\u0119 danych, zapewniaj\u0105c bezpieczne i przyjemne korzystanie z naszej platformy. Nasze zobowi\u0105zanie do ochrony Twojej prywatno\u015bci Cenimy Twoj\u0105 prywatno\u015b\u0107 i priorytetowo traktujemy ochron\u0119 Twoich danych osobowych. [...]<\/p>","protected":false},"author":1,"featured_media":0,"parent":0,"menu_order":0,"comment_status":"closed","ping_status":"closed","template":"page-no-sidebar.php","meta":{"_lmt_disableupdate":"no","_lmt_disable":"no","footnotes":""},"class_list":["post-2109","page","type-page","status-publish","hentry"],"yoast_head":"<!-- This site is optimized with the Yoast SEO plugin v26.4 - https:\/\/yoast.com\/wordpress\/plugins\/seo\/ -->\n<title>Protecting Your Privacy | LiveCasinoFinder.com Privacy Policy<\/title>\n<meta name=\"description\" content=\"At LiveCasinoFinder.com, we prioritize the protection of your data. Our Privacy Policy outlines our commitment to safeguarding your personal information.\" \/>\n<meta name=\"robots\" content=\"index, follow, max-snippet:-1, max-image-preview:large, max-video-preview:-1\" \/>\n<link rel=\"canonical\" href=\"https:\/\/livecasinofinder.com\/wp-json\/wp\/v2\/pages\/2109\/\" \/>\n<meta property=\"og:locale\" content=\"pl_PL\" \/>\n<meta property=\"og:type\" content=\"article\" \/>\n<meta property=\"og:title\" content=\"Protecting Your Privacy | LiveCasinoFinder.com Privacy Policy\" \/>\n<meta property=\"og:description\" content=\"At LiveCasinoFinder.com, we prioritize the protection of your data. Our Privacy Policy outlines our commitment to safeguarding your personal information.\" \/>\n<meta property=\"og:url\" content=\"https:\/\/livecasinofinder.com\/pl\/privacy-policy\/\" \/>\n<meta property=\"og:site_name\" content=\"livecasinofinder.com\" \/>\n<meta property=\"og:image\" content=\"https:\/\/livecasinofinder.com\/wp-content\/uploads\/2023\/03\/lucasoilraceway-logo-1.png\" \/>\n\t<meta property=\"og:image:width\" content=\"427\" \/>\n\t<meta property=\"og:image:height\" content=\"145\" \/>\n\t<meta property=\"og:image:type\" content=\"image\/png\" \/>\n<meta name=\"twitter:card\" content=\"summary_large_image\" \/>\n<meta name=\"twitter:label1\" content=\"Szacowany czas czytania\" \/>\n\t<meta name=\"twitter:data1\" content=\"4 minuty\" \/>\n<!-- \/ Yoast SEO plugin. -->","yoast_head_json":{"title":"Ochrona prywatno\u015bci | Polityka prywatno\u015bci LiveCasinoFinder.com","description":"W LiveCasinoFinder.com priorytetowo traktujemy ochron\u0119 Twoich danych. Nasza Polityka prywatno\u015bci okre\u015bla nasze zobowi\u0105zanie do ochrony danych osobowych u\u017cytkownik\u00f3w.","robots":{"index":"index","follow":"follow","max-snippet":"max-snippet:-1","max-image-preview":"max-image-preview:large","max-video-preview":"max-video-preview:-1"},"canonical":"https:\/\/livecasinofinder.com\/wp-json\/wp\/v2\/pages\/2109\/","og_locale":"pl_PL","og_type":"article","og_title":"Protecting Your Privacy | LiveCasinoFinder.com Privacy Policy","og_description":"At LiveCasinoFinder.com, we prioritize the protection of your data. Our Privacy Policy outlines our commitment to safeguarding your personal information.","og_url":"https:\/\/livecasinofinder.com\/pl\/privacy-policy\/","og_site_name":"livecasinofinder.com","og_image":[{"width":427,"height":145,"url":"https:\/\/livecasinofinder.com\/wp-content\/uploads\/2023\/03\/lucasoilraceway-logo-1.png","type":"image\/png"}],"twitter_card":"summary_large_image","twitter_misc":{"Szacowany czas czytania":"4 minuty"},"schema":{"@context":"https:\/\/schema.org","@graph":[{"@type":"WebPage","@id":"https:\/\/livecasinofinder.com\/privacy-policy\/","url":"https:\/\/livecasinofinder.com\/privacy-policy\/","name":"Ochrona prywatno\u015bci | Polityka prywatno\u015bci LiveCasinoFinder.com","isPartOf":{"@id":"https:\/\/livecasinofinder.com\/ja\/#website"},"datePublished":"2023-06-20T14:37:04+00:00","description":"W LiveCasinoFinder.com priorytetowo traktujemy ochron\u0119 Twoich danych. Nasza Polityka prywatno\u015bci okre\u015bla nasze zobowi\u0105zanie do ochrony danych osobowych u\u017cytkownik\u00f3w.","breadcrumb":{"@id":"https:\/\/livecasinofinder.com\/privacy-policy\/#breadcrumb"},"inLanguage":"pl-PL","potentialAction":[{"@type":"ReadAction","target":["https:\/\/livecasinofinder.com\/privacy-policy\/"]}]},{"@type":"BreadcrumbList","@id":"https:\/\/livecasinofinder.com\/privacy-policy\/#breadcrumb","itemListElement":[{"@type":"ListItem","position":1,"name":"LiveCasinoFinder.com","item":"https:\/\/livecasinofinder.com\/fr\/"},{"@type":"ListItem","position":2,"name":"Privacy Policy"}]},{"@type":"WebSite","@id":"https:\/\/livecasinofinder.com\/ja\/#website","url":"https:\/\/livecasinofinder.com\/ja\/","name":"livecasinofinder","description":"","publisher":{"@id":"https:\/\/livecasinofinder.com\/ja\/#organization"},"alternateName":"Lucas oil raceway live casino","potentialAction":[{"@type":"SearchAction","target":{"@type":"EntryPoint","urlTemplate":"https:\/\/livecasinofinder.com\/ja\/?s={search_term_string}"},"query-input":{"@type":"PropertyValueSpecification","valueRequired":true,"valueName":"search_term_string"}}],"inLanguage":"pl-PL"},{"@type":"Organization","@id":"https:\/\/livecasinofinder.com\/ja\/#organization","name":"Wyszukiwarka kasyn na \u017cywo","alternateName":"Lucas oil raceway live casino","url":"https:\/\/livecasinofinder.com\/ja\/","logo":{"@type":"ImageObject","inLanguage":"pl-PL","@id":"https:\/\/livecasinofinder.com\/ja\/#\/schema\/logo\/image\/","url":"https:\/\/livecasinofinder.com\/wp-content\/uploads\/2023\/04\/livecasinofinder-logo.png","contentUrl":"https:\/\/livecasinofinder.com\/wp-content\/uploads\/2023\/04\/livecasinofinder-logo.png","width":1600,"height":453,"caption":"Live Casino Finder"},"image":{"@id":"https:\/\/livecasinofinder.com\/ja\/#\/schema\/logo\/image\/"}}]}},"_links":{"self":[{"href":"https:\/\/livecasinofinder.com\/pl\/wp-json\/wp\/v2\/pages\/2109","targetHints":{"allow":["GET"]}}],"collection":[{"href":"https:\/\/livecasinofinder.com\/pl\/wp-json\/wp\/v2\/pages"}],"about":[{"href":"https:\/\/livecasinofinder.com\/pl\/wp-json\/wp\/v2\/types\/page"}],"author":[{"embeddable":true,"href":"https:\/\/livecasinofinder.com\/pl\/wp-json\/wp\/v2\/users\/1"}],"replies":[{"embeddable":true,"href":"https:\/\/livecasinofinder.com\/pl\/wp-json\/wp\/v2\/comments?post=2109"}],"version-history":[{"count":0,"href":"https:\/\/livecasinofinder.com\/pl\/wp-json\/wp\/v2\/pages\/2109\/revisions"}],"wp:attachment":[{"href":"https:\/\/livecasinofinder.com\/pl\/wp-json\/wp\/v2\/media?parent=2109"}],"curies":[{"name":"wp","href":"https:\/\/api.w.org\/{rel}","templated":true}]}}