{"id":2107,"date":"2023-06-20T14:36:44","date_gmt":"2023-06-20T14:36:44","guid":{"rendered":"https:\/\/livecasinofinder.com\/?page_id=2107"},"modified":"2025-06-03T11:09:24","modified_gmt":"2025-06-03T11:09:24","slug":"disclaimer","status":"publish","type":"page","link":"https:\/\/livecasinofinder.com\/pl\/disclaimer\/","title":{"rendered":"Zastrze\u017cenie"},"content":{"rendered":"<p>LiveCasinoFinder.com to kwintesencja przewodnika dla wszystkich entuzjast\u00f3w hazardu!\u00a0<em>Czy kiedykolwiek mia\u0142e\u015b dylemat, kt\u00f3ry live casino wypr\u00f3bowa\u0107?<\/em>\u00a0Nasza strona dzia\u0142a jak latarnia morska, prowadz\u0105c Ci\u0119 przez tajemniczy \u015bwiat kasyn online na \u017cywo. LiveCasinoFinder.com pomaga znale\u017a\u0107 <a href=\"\/pl\/live-casinos\/\">najlepsze live casino<\/a>, por\u00f3wnaj funkcje, a nawet zgarnij s\u0142odkie bonusy super.<\/p>\n<div id=\"ez-toc-container\" class=\"ez-toc-v2_0_63 counter-hierarchy ez-toc-counter ez-toc-grey ez-toc-container-direction\">\n<label for=\"ez-toc-cssicon-toggle-item-69d61f9bb15a4\" class=\"ez-toc-cssicon-toggle-label\"><span class=\"ez-toc-cssicon\"><span class=\"eztoc-hide\" style=\"display:none;\">Toggle<\/span><span class=\"ez-toc-icon-toggle-span\"><svg style=\"fill: #999;color:#999\" xmlns=\"http:\/\/www.w3.org\/2000\/svg\" class=\"list-377408\" width=\"20px\" height=\"20px\" viewbox=\"0 0 24 24\" fill=\"none\"><path d=\"M6 6H4v2h2V6zm14 0H8v2h12V6zM4 11h2v2H4v-2zm16 0H8v2h12v-2zM4 16h2v2H4v-2zm16 0H8v2h12v-2z\" fill=\"currentColor\"><\/path><\/svg><svg style=\"fill: #999;color:#999\" class=\"arrow-unsorted-368013\" xmlns=\"http:\/\/www.w3.org\/2000\/svg\" width=\"10px\" height=\"10px\" viewbox=\"0 0 24 24\" version=\"1.2\" baseprofile=\"tiny\"><path d=\"M18.2 9.3l-6.2-6.3-6.2 6.3c-.2.2-.3.4-.3.7s.1.5.3.7c.2.2.4.3.7.3h11c.3 0 .5-.1.7-.3.2-.2.3-.5.3-.7s-.1-.5-.3-.7zM5.8 14.7l6.2 6.3 6.2-6.3c.2-.2.3-.5.3-.7s-.1-.5-.3-.7c-.2-.2-.4-.3-.7-.3h-11c-.3 0-.5.1-.7.3-.2.2-.3.5-.3.7s.1.5.3.7z\"\/><\/svg><\/span><\/span><\/label><input type=\"checkbox\"  id=\"ez-toc-cssicon-toggle-item-69d61f9bb15a4\" checked aria-label=\"Toggle\" \/><nav><ul class='ez-toc-list ez-toc-list-level-1' ><li class='ez-toc-page-1 ez-toc-heading-level-2'><a class=\"ez-toc-link ez-toc-heading-1\" href=\"https:\/\/livecasinofinder.com\/pl\/disclaimer\/#Objective_of_LiveCasinoFindercom\" title=\"Cel LiveCasinoFinder.com\">Cel LiveCasinoFinder.com<\/a><\/li><li class='ez-toc-page-1 ez-toc-heading-level-2'><a class=\"ez-toc-link ez-toc-heading-2\" href=\"https:\/\/livecasinofinder.com\/pl\/disclaimer\/#Limitations_and_Liability\" title=\"Ograniczenia i odpowiedzialno\u015b\u0107\">Ograniczenia i odpowiedzialno\u015b\u0107<\/a><ul class='ez-toc-list-level-3' ><li class='ez-toc-heading-level-3'><a class=\"ez-toc-link ez-toc-heading-3\" href=\"https:\/\/livecasinofinder.com\/pl\/disclaimer\/#Validity_of_Information\" title=\"Wa\u017cno\u015b\u0107 informacji\">Wa\u017cno\u015b\u0107 informacji<\/a><\/li><li class='ez-toc-page-1 ez-toc-heading-level-3'><a class=\"ez-toc-link ez-toc-heading-4\" href=\"https:\/\/livecasinofinder.com\/pl\/disclaimer\/#User_Responsibilities\" title=\"Obowi\u0105zki u\u017cytkownika\">Obowi\u0105zki u\u017cytkownika<\/a><ul class='ez-toc-list-level-4' ><li class='ez-toc-heading-level-4'><a class=\"ez-toc-link ez-toc-heading-5\" href=\"https:\/\/livecasinofinder.com\/pl\/disclaimer\/#Age_Restrictions\" title=\"Ograniczenia wiekowe\">Ograniczenia wiekowe<\/a><\/li><li class='ez-toc-page-1 ez-toc-heading-level-4'><a class=\"ez-toc-link ez-toc-heading-6\" href=\"https:\/\/livecasinofinder.com\/pl\/disclaimer\/#Responsible_Gambling\" title=\"Odpowiedzialny hazard\">Odpowiedzialny hazard<\/a><\/li><\/ul><\/li><\/ul><\/li><li class='ez-toc-page-1 ez-toc-heading-level-2'><a class=\"ez-toc-link ez-toc-heading-7\" href=\"https:\/\/livecasinofinder.com\/pl\/disclaimer\/#Third-Party_Content_and_Links\" title=\"Tre\u015bci i \u0142\u0105cza stron trzecich\">Tre\u015bci i \u0142\u0105cza stron trzecich<\/a><ul class='ez-toc-list-level-3' ><li class='ez-toc-heading-level-3'><a class=\"ez-toc-link ez-toc-heading-8\" href=\"https:\/\/livecasinofinder.com\/pl\/disclaimer\/#External_Links\" title=\"Linki zewn\u0119trzne\">Linki zewn\u0119trzne<\/a><\/li><li class='ez-toc-page-1 ez-toc-heading-level-3'><a class=\"ez-toc-link ez-toc-heading-9\" href=\"https:\/\/livecasinofinder.com\/pl\/disclaimer\/#Affiliations_and_Partnerships\" title=\"Afiliacje i partnerstwa\">Afiliacje i partnerstwa<\/a><\/li><\/ul><\/li><li class='ez-toc-page-1 ez-toc-heading-level-2'><a class=\"ez-toc-link ez-toc-heading-10\" href=\"https:\/\/livecasinofinder.com\/pl\/disclaimer\/#Intellectual_Property\" title=\"W\u0142asno\u015b\u0107 intelektualna\">W\u0142asno\u015b\u0107 intelektualna<\/a><ul class='ez-toc-list-level-3' ><li class='ez-toc-heading-level-3'><a class=\"ez-toc-link ez-toc-heading-11\" href=\"https:\/\/livecasinofinder.com\/pl\/disclaimer\/#Copyrights\" title=\"Prawa autorskie\">Prawa autorskie<\/a><\/li><li class='ez-toc-page-1 ez-toc-heading-level-3'><a class=\"ez-toc-link ez-toc-heading-12\" href=\"https:\/\/livecasinofinder.com\/pl\/disclaimer\/#Use_of_Content\" title=\"Korzystanie z tre\u015bci\">Korzystanie z tre\u015bci<\/a><\/li><li class='ez-toc-page-1 ez-toc-heading-level-3'><a class=\"ez-toc-link ez-toc-heading-13\" href=\"https:\/\/livecasinofinder.com\/pl\/disclaimer\/#Indemnification\" title=\"Odszkodowanie\">Odszkodowanie<\/a><\/li><\/ul><\/li><li class='ez-toc-page-1 ez-toc-heading-level-2'><a class=\"ez-toc-link ez-toc-heading-14\" href=\"https:\/\/livecasinofinder.com\/pl\/disclaimer\/#Governing_Law_and_Jurisdiction\" title=\"Prawo w\u0142a\u015bciwe i jurysdykcja\">Prawo w\u0142a\u015bciwe i jurysdykcja<\/a><\/li><li class='ez-toc-page-1 ez-toc-heading-level-2'><a class=\"ez-toc-link ez-toc-heading-15\" href=\"https:\/\/livecasinofinder.com\/pl\/disclaimer\/#Updates_to_Disclaimer\" title=\"Aktualizacje wy\u0142\u0105czenia odpowiedzialno\u015bci\">Aktualizacje wy\u0142\u0105czenia odpowiedzialno\u015bci<\/a><\/li><li class='ez-toc-page-1 ez-toc-heading-level-2'><a class=\"ez-toc-link ez-toc-heading-16\" href=\"https:\/\/livecasinofinder.com\/pl\/disclaimer\/#Contact_Information\" title=\"Informacje kontaktowe\">Informacje kontaktowe<\/a><\/li><li class='ez-toc-page-1 ez-toc-heading-level-2'><a class=\"ez-toc-link ez-toc-heading-17\" href=\"https:\/\/livecasinofinder.com\/pl\/disclaimer\/#Conclusion\" title=\"Wniosek\">Wniosek<\/a><\/li><\/ul><\/nav><\/div>\n\n<h2><span class=\"ez-toc-section\" id=\"Objective_of_LiveCasinoFindercom\"><\/span>Cel LiveCasinoFinder.com<span class=\"ez-toc-section-end\"><\/span><\/h2>\n<p>LiveCasinoFinder.com ma jeden cel:\u00a0<em>aby Twoja podr\u00f3\u017c do hazardu online by\u0142a p\u0142ynniejsza ni\u017c kolor strita<\/em>. Dostarczamy wiarygodnych informacji, eksperckich spostrze\u017ce\u0144 i najlepszych strategii. Pami\u0119taj jednak, \u017ce jeste\u015bmy Gandalfem dla Twojego Froda; ostateczne zadanie nale\u017cy do Ciebie.<\/p>\n<h2><span class=\"ez-toc-section\" id=\"Limitations_and_Liability\"><\/span>Ograniczenia i odpowiedzialno\u015b\u0107<span class=\"ez-toc-section-end\"><\/span><\/h2>\n<p>Podobnie jak w przypadku \u015bmia\u0142ej pirackiej przygody, podr\u00f3\u017c tutaj odbywa si\u0119 na w\u0142asne ryzyko. Nie ponosimy odpowiedzialno\u015bci za jakiekolwiek straty lub szkody. Nasze mapy skarb\u00f3w s\u0105 przewodnikami; ryzyko nale\u017cy do Ciebie.<\/p>\n<h3><span class=\"ez-toc-section\" id=\"Validity_of_Information\"><\/span>Wa\u017cno\u015b\u0107 informacji<span class=\"ez-toc-section-end\"><\/span><\/h3>\n<p>W\u0142o\u017cyli\u015bmy ca\u0142e nasze serce i dusz\u0119 w dostarczanie najbardziej dok\u0142adnych i aktualnych informacji. Jednak\u017ce, tak jak w pokerze, czasami rzeczy zmieniaj\u0105 si\u0119 nieprzewidywalnie. W zwi\u0105zku z tym nie mo\u017cemy zagwarantowa\u0107, \u017ce wszystko, co tutaj znajdziesz, b\u0119dzie zawsze \u015bwie\u017ce jak stokrotka.<\/p>\n<h3><span class=\"ez-toc-section\" id=\"User_Responsibilities\"><\/span>Obowi\u0105zki u\u017cytkownika<span class=\"ez-toc-section-end\"><\/span><\/h3>\n<h4><span class=\"ez-toc-section\" id=\"Age_Restrictions\"><\/span>Ograniczenia wiekowe<span class=\"ez-toc-section-end\"><\/span><\/h4>\n<p>Czy jeste\u015b wystarczaj\u0105co doros\u0142y, aby rzuci\u0107 kostk\u0105? Zanim wkroczysz do ekscytuj\u0105cego \u015bwiata LiveCasinoFinder.com, upewnij si\u0119, \u017ce jeste\u015b pe\u0142noletni, aby uprawia\u0107 hazard. Je\u015bli nie, czas si\u0119 st\u0105d wynosi\u0107!<\/p>\n<h4><span class=\"ez-toc-section\" id=\"Responsible_Gambling\"><\/span>Odpowiedzialny hazard<span class=\"ez-toc-section-end\"><\/span><\/h4>\n<p>Hazard powinien by\u0107 jak popijanie dobrego wina - uprawiany w spos\u00f3b odpowiedzialny. Zawsze pami\u0119taj, aby zachowa\u0107 rozs\u0105dek i nigdy nie graj wi\u0119cej, ni\u017c mo\u017cesz straci\u0107. Pomy\u015bl o tym jak o przyjacielskim wieczorze gier; jeste\u015b tu dla zabawy, a nie po to, by opr\u00f3\u017cni\u0107 swoje oszcz\u0119dno\u015bci \u017cycia!<\/p>\n<h2><span class=\"ez-toc-section\" id=\"Third-Party_Content_and_Links\"><\/span>Tre\u015bci i \u0142\u0105cza stron trzecich<span class=\"ez-toc-section-end\"><\/span><\/h2>\n<h3><span class=\"ez-toc-section\" id=\"External_Links\"><\/span>Linki zewn\u0119trzne<span class=\"ez-toc-section-end\"><\/span><\/h3>\n<p><em>Czy kiedykolwiek mia\u0142e\u015b ochot\u0119 odkrywa\u0107 nowe krainy?<\/em>\u00a0Udost\u0119pniamy \u0142\u0105cza do witryn innych firm. St\u0105paj jednak ostro\u017cnie, m\u0142ody odkrywco. Nie ponosimy odpowiedzialno\u015bci za \u017cadne smoki ani tre\u015bci, kt\u00f3re mo\u017cesz tam napotka\u0107.<\/p>\n<h3><span class=\"ez-toc-section\" id=\"Affiliations_and_Partnerships\"><\/span>Afiliacje i partnerstwa<span class=\"ez-toc-section-end\"><\/span><\/h3>\n<p>Jeste\u015bmy dumni, \u017ce mo\u017cemy wsp\u00f3\u0142pracowa\u0107 z niekt\u00f3rymi z cz\u0142onk\u00f3w rodziny kr\u00f3lewskiej bran\u017cy. Jednak nasza uczciwo\u015b\u0107 pozostaje nienaruszona, a nasze opinie niezachwiane. Partnerstwa nie rz\u0105dz\u0105 nami, to my rz\u0105dzimy nimi!<\/p>\n<h2><span class=\"ez-toc-section\" id=\"Intellectual_Property\"><\/span>W\u0142asno\u015b\u0107 intelektualna<span class=\"ez-toc-section-end\"><\/span><\/h2>\n<h3><span class=\"ez-toc-section\" id=\"Copyrights\"><\/span>Prawa autorskie<span class=\"ez-toc-section-end\"><\/span><\/h3>\n<p>Nasza zawarto\u015b\u0107 jest wyj\u0105tkowa jak jednoro\u017cec i chroniona zaczarowan\u0105 tarcz\u0105 praw autorskich. Szanuj kr\u00f3lestwo, nie podkradaj naszych tre\u015bci!<\/p>\n<h3><span class=\"ez-toc-section\" id=\"Use_of_Content\"><\/span>Korzystanie z tre\u015bci<span class=\"ez-toc-section-end\"><\/span><\/h3>\n<p>Zach\u0119camy do korzystania z naszych tre\u015bci, ale pami\u0119taj, aby przypisa\u0107 magiczne \u017ar\u00f3d\u0142o, LiveCasinoFinder.com.\u00a0<em>Czy nie da\u0142by\u015b kredytu zaufania czarodziejowi, kt\u00f3ry wr\u0119czy\u0142 ci map\u0119 skarb\u00f3w?<\/em><\/p>\n<h3><span class=\"ez-toc-section\" id=\"Indemnification\"><\/span>Odszkodowanie<span class=\"ez-toc-section-end\"><\/span><\/h3>\n<p>Je\u015bli twoje dzia\u0142ania doprowadz\u0105 do k\u0142opot\u00f3w prawnych, b\u0119dzie to jak samotne chodzenie po desce; nie podzielimy si\u0119 upadkiem. U\u017cytkownik zabezpieczy nas przed wszelkimi roszczeniami wynikaj\u0105cymi z korzystania z naszych map skarb\u00f3w.<\/p>\n<h2><span class=\"ez-toc-section\" id=\"Governing_Law_and_Jurisdiction\"><\/span>Prawo w\u0142a\u015bciwe i jurysdykcja<span class=\"ez-toc-section-end\"><\/span><\/h2>\n<p>Prawa rz\u0105dz\u0105ce LiveCasinoFinder.com s\u0105 surowe i wi\u0105\u017c\u0105ce. Wszelkie spory b\u0119d\u0105 rozstrzygane pod czujnym okiem or\u0142\u00f3w prawa, zgodnie z prawem obowi\u0105zuj\u0105cym w danym kraju.<\/p>\n<h2><span class=\"ez-toc-section\" id=\"Updates_to_Disclaimer\"><\/span>Aktualizacje wy\u0142\u0105czenia odpowiedzialno\u015bci<span class=\"ez-toc-section-end\"><\/span><\/h2>\n<p>Mo\u017cemy aktualizowa\u0107 to wy\u0142\u0105czenie odpowiedzialno\u015bci jak statek zmieniaj\u0105cy kurs. Obserwuj t\u0119 stron\u0119 przez lornetk\u0119, aby by\u0107 na bie\u017c\u0105co z informacjami stay.<\/p>\n<h2><span class=\"ez-toc-section\" id=\"Contact_Information\"><\/span>Informacje kontaktowe<span class=\"ez-toc-section-end\"><\/span><\/h2>\n<p>Je\u015bli chcesz si\u0119 z nami skontaktowa\u0107, wy\u015blij nam wiadomo\u015b\u0107 w butelce lub skontaktuj si\u0119 z nami za po\u015brednictwem naszej strony internetowej. Cenimy opinie tak, jak piraci ceni\u0105 z\u0142oto!<\/p>\n<h2><span class=\"ez-toc-section\" id=\"Conclusion\"><\/span>Wniosek<span class=\"ez-toc-section-end\"><\/span><\/h2>\n<p>Tak wi\u0119c, koledzy poszukiwacze przyg\u00f3d, to ko\u0144czy oficjalny zw\u00f3j zrzeczenia si\u0119 odpowiedzialno\u015bci LiveCasinoFinder.com. Pami\u0119taj, \u017ce z wielk\u0105 moc\u0105 (lub informacj\u0105, w tym przypadku) wi\u0105\u017ce si\u0119 wielka odpowiedzialno\u015b\u0107. U\u017cywajcie map skarb\u00f3w m\u0105drze i niech wasza wyprawa b\u0119dzie pe\u0142na bogactw!<\/p>","protected":false},"excerpt":{"rendered":"<p>LiveCasinoFinder.com to kwintesencja przewodnika dla wszystkich entuzjast\u00f3w hazardu! Czy kiedykolwiek zastanawia\u0142e\u015b si\u0119, kt\u00f3re kasyno live casino wybra\u0107? Nasza strona dzia\u0142a jak latarnia morska, prowadz\u0105c ci\u0119 przez tajemniczy \u015bwiat kasyn online na \u017cywo. LiveCasinoFinder.com pomaga znale\u017a\u0107 najlepsze live casino, por\u00f3wna\u0107 funkcje, a nawet zgarn\u0105\u0107 s\u0142odkie bonusy super. Cel [...]<\/p>","protected":false},"author":1,"featured_media":0,"parent":0,"menu_order":0,"comment_status":"closed","ping_status":"closed","template":"page-no-sidebar.php","meta":{"_lmt_disableupdate":"no","_lmt_disable":"no","footnotes":""},"class_list":["post-2107","page","type-page","status-publish","hentry"],"yoast_head":"<!-- This site is optimized with the Yoast SEO plugin v26.4 - https:\/\/yoast.com\/wordpress\/plugins\/seo\/ -->\n<title>Disclaimer and Important Information<\/title>\n<meta name=\"description\" content=\"Read Live Casino Finder\u2019s disclaimer to understand our policies and ensure a clear and transparent experience when using our live casino guides and reviews.\" \/>\n<meta name=\"robots\" content=\"index, follow, max-snippet:-1, max-image-preview:large, max-video-preview:-1\" \/>\n<link rel=\"canonical\" href=\"https:\/\/livecasinofinder.com\/wp-json\/wp\/v2\/pages\/2107\/\" \/>\n<meta property=\"og:locale\" content=\"pl_PL\" \/>\n<meta property=\"og:type\" content=\"article\" \/>\n<meta property=\"og:title\" content=\"Disclaimer and Important Information\" \/>\n<meta property=\"og:description\" content=\"Read Live Casino Finder\u2019s disclaimer to understand our policies and ensure a clear and transparent experience when using our live casino guides and reviews.\" \/>\n<meta property=\"og:url\" content=\"https:\/\/livecasinofinder.com\/pl\/disclaimer\/\" \/>\n<meta property=\"og:site_name\" content=\"livecasinofinder.com\" \/>\n<meta property=\"article:modified_time\" content=\"2025-06-03T11:09:24+00:00\" \/>\n<meta property=\"og:image\" content=\"https:\/\/livecasinofinder.com\/wp-content\/uploads\/2023\/03\/lucasoilraceway-logo-1.png\" \/>\n\t<meta property=\"og:image:width\" content=\"427\" \/>\n\t<meta property=\"og:image:height\" content=\"145\" \/>\n\t<meta property=\"og:image:type\" content=\"image\/png\" \/>\n<meta name=\"twitter:card\" content=\"summary_large_image\" \/>\n<meta name=\"twitter:label1\" content=\"Szacowany czas czytania\" \/>\n\t<meta name=\"twitter:data1\" content=\"3 minuty\" \/>\n<!-- \/ Yoast SEO plugin. -->","yoast_head_json":{"title":"Disclaimer and Important Information","description":"Read Live Casino Finder\u2019s disclaimer to understand our policies and ensure a clear and transparent experience when using our live casino guides and reviews.","robots":{"index":"index","follow":"follow","max-snippet":"max-snippet:-1","max-image-preview":"max-image-preview:large","max-video-preview":"max-video-preview:-1"},"canonical":"https:\/\/livecasinofinder.com\/wp-json\/wp\/v2\/pages\/2107\/","og_locale":"pl_PL","og_type":"article","og_title":"Disclaimer and Important Information","og_description":"Read Live Casino Finder\u2019s disclaimer to understand our policies and ensure a clear and transparent experience when using our live casino guides and reviews.","og_url":"https:\/\/livecasinofinder.com\/pl\/disclaimer\/","og_site_name":"livecasinofinder.com","article_modified_time":"2025-06-03T11:09:24+00:00","og_image":[{"width":427,"height":145,"url":"https:\/\/livecasinofinder.com\/wp-content\/uploads\/2023\/03\/lucasoilraceway-logo-1.png","type":"image\/png"}],"twitter_card":"summary_large_image","twitter_misc":{"Szacowany czas czytania":"3 minuty"},"schema":{"@context":"https:\/\/schema.org","@graph":[{"@type":"WebPage","@id":"https:\/\/livecasinofinder.com\/disclaimer\/","url":"https:\/\/livecasinofinder.com\/disclaimer\/","name":"Disclaimer and Important Information","isPartOf":{"@id":"https:\/\/livecasinofinder.com\/ja\/#website"},"datePublished":"2023-06-20T14:36:44+00:00","dateModified":"2025-06-03T11:09:24+00:00","description":"Read Live Casino Finder\u2019s disclaimer to understand our policies and ensure a clear and transparent experience when using our live casino guides and reviews.","breadcrumb":{"@id":"https:\/\/livecasinofinder.com\/disclaimer\/#breadcrumb"},"inLanguage":"pl-PL","potentialAction":[{"@type":"ReadAction","target":["https:\/\/livecasinofinder.com\/disclaimer\/"]}]},{"@type":"BreadcrumbList","@id":"https:\/\/livecasinofinder.com\/disclaimer\/#breadcrumb","itemListElement":[{"@type":"ListItem","position":1,"name":"LiveCasinoFinder.com","item":"https:\/\/livecasinofinder.com\/fr\/"},{"@type":"ListItem","position":2,"name":"Disclaimer"}]},{"@type":"WebSite","@id":"https:\/\/livecasinofinder.com\/ja\/#website","url":"https:\/\/livecasinofinder.com\/ja\/","name":"livecasinofinder","description":"","publisher":{"@id":"https:\/\/livecasinofinder.com\/ja\/#organization"},"alternateName":"Lucas oil raceway live casino","potentialAction":[{"@type":"SearchAction","target":{"@type":"EntryPoint","urlTemplate":"https:\/\/livecasinofinder.com\/ja\/?s={search_term_string}"},"query-input":{"@type":"PropertyValueSpecification","valueRequired":true,"valueName":"search_term_string"}}],"inLanguage":"pl-PL"},{"@type":"Organization","@id":"https:\/\/livecasinofinder.com\/ja\/#organization","name":"Wyszukiwarka kasyn na \u017cywo","alternateName":"Lucas oil raceway live casino","url":"https:\/\/livecasinofinder.com\/ja\/","logo":{"@type":"ImageObject","inLanguage":"pl-PL","@id":"https:\/\/livecasinofinder.com\/ja\/#\/schema\/logo\/image\/","url":"https:\/\/livecasinofinder.com\/wp-content\/uploads\/2023\/04\/livecasinofinder-logo.png","contentUrl":"https:\/\/livecasinofinder.com\/wp-content\/uploads\/2023\/04\/livecasinofinder-logo.png","width":1600,"height":453,"caption":"Live Casino Finder"},"image":{"@id":"https:\/\/livecasinofinder.com\/ja\/#\/schema\/logo\/image\/"}}]}},"_links":{"self":[{"href":"https:\/\/livecasinofinder.com\/pl\/wp-json\/wp\/v2\/pages\/2107","targetHints":{"allow":["GET"]}}],"collection":[{"href":"https:\/\/livecasinofinder.com\/pl\/wp-json\/wp\/v2\/pages"}],"about":[{"href":"https:\/\/livecasinofinder.com\/pl\/wp-json\/wp\/v2\/types\/page"}],"author":[{"embeddable":true,"href":"https:\/\/livecasinofinder.com\/pl\/wp-json\/wp\/v2\/users\/1"}],"replies":[{"embeddable":true,"href":"https:\/\/livecasinofinder.com\/pl\/wp-json\/wp\/v2\/comments?post=2107"}],"version-history":[{"count":0,"href":"https:\/\/livecasinofinder.com\/pl\/wp-json\/wp\/v2\/pages\/2107\/revisions"}],"wp:attachment":[{"href":"https:\/\/livecasinofinder.com\/pl\/wp-json\/wp\/v2\/media?parent=2107"}],"curies":[{"name":"wp","href":"https:\/\/api.w.org\/{rel}","templated":true}]}}