{"id":2105,"date":"2023-06-20T14:36:13","date_gmt":"2023-06-20T14:36:13","guid":{"rendered":"https:\/\/livecasinofinder.com\/?page_id=2105"},"modified":"2025-06-03T11:10:21","modified_gmt":"2025-06-03T11:10:21","slug":"cookie-policy","status":"publish","type":"page","link":"https:\/\/livecasinofinder.com\/pl\/cookie-policy\/","title":{"rendered":"Polityka dotycz\u0105ca plik\u00f3w cookie"},"content":{"rendered":"<p>Witamy w <a href=\"\/pl\/\">Wyszukiwarka kasyn na \u017cywo<\/a>, ostateczne miejsce docelowe dla wszystkich rzeczy zwi\u0105zanych z grami live casino! Naszym celem jest zapewnienie wci\u0105gaj\u0105cych i ekscytuj\u0105cych wra\u017ce\u0144 z gier hazardowych online, jak \u017cadne inne. Wyruszaj\u0105c w t\u0119 ekscytuj\u0105c\u0105 podr\u00f3\u017c do ether, chcemy rzuci\u0107 \u015bwiat\u0142o na nasz\u0105 kompleksow\u0105 polityk\u0119 plik\u00f3w cookie. Nasze zaanga\u017cowanie w przejrzysto\u015b\u0107, prywatno\u015b\u0107 i dostarczanie wyj\u0105tkowych wra\u017ce\u0144 u\u017cytkownikom jest na pierwszym miejscu we wszystkim, co robimy.<\/p>\n<div id=\"ez-toc-container\" class=\"ez-toc-v2_0_63 counter-hierarchy ez-toc-counter ez-toc-grey ez-toc-container-direction\">\n<label for=\"ez-toc-cssicon-toggle-item-69e486e6d62e2\" class=\"ez-toc-cssicon-toggle-label\"><span class=\"ez-toc-cssicon\"><span class=\"eztoc-hide\" style=\"display:none;\">Toggle<\/span><span class=\"ez-toc-icon-toggle-span\"><svg style=\"fill: #999;color:#999\" xmlns=\"http:\/\/www.w3.org\/2000\/svg\" class=\"list-377408\" width=\"20px\" height=\"20px\" viewbox=\"0 0 24 24\" fill=\"none\"><path d=\"M6 6H4v2h2V6zm14 0H8v2h12V6zM4 11h2v2H4v-2zm16 0H8v2h12v-2zM4 16h2v2H4v-2zm16 0H8v2h12v-2z\" fill=\"currentColor\"><\/path><\/svg><svg style=\"fill: #999;color:#999\" class=\"arrow-unsorted-368013\" xmlns=\"http:\/\/www.w3.org\/2000\/svg\" width=\"10px\" height=\"10px\" viewbox=\"0 0 24 24\" version=\"1.2\" baseprofile=\"tiny\"><path d=\"M18.2 9.3l-6.2-6.3-6.2 6.3c-.2.2-.3.4-.3.7s.1.5.3.7c.2.2.4.3.7.3h11c.3 0 .5-.1.7-.3.2-.2.3-.5.3-.7s-.1-.5-.3-.7zM5.8 14.7l6.2 6.3 6.2-6.3c.2-.2.3-.5.3-.7s-.1-.5-.3-.7c-.2-.2-.4-.3-.7-.3h-11c-.3 0-.5.1-.7.3-.2.2-.3.5-.3.7s.1.5.3.7z\"\/><\/svg><\/span><\/span><\/label><input type=\"checkbox\"  id=\"ez-toc-cssicon-toggle-item-69e486e6d62e2\" checked aria-label=\"Toggle\" \/><nav><ul class='ez-toc-list ez-toc-list-level-1' ><li class='ez-toc-page-1 ez-toc-heading-level-2'><a class=\"ez-toc-link ez-toc-heading-1\" href=\"https:\/\/livecasinofinder.com\/pl\/cookie-policy\/#Live_Casino_Finder_Comprehensive_Cookie_Policy\" title=\"Kompleksowa polityka plik\u00f3w cookie Live Casino Finder\">Kompleksowa polityka plik\u00f3w cookie Live Casino Finder<\/a><\/li><li class='ez-toc-page-1 ez-toc-heading-level-2'><a class=\"ez-toc-link ez-toc-heading-2\" href=\"https:\/\/livecasinofinder.com\/pl\/cookie-policy\/#Exploring_the_Concept_of_Cookies\" title=\"Odkrywanie koncepcji plik\u00f3w cookie\">Odkrywanie koncepcji plik\u00f3w cookie<\/a><\/li><li class='ez-toc-page-1 ez-toc-heading-level-2'><a class=\"ez-toc-link ez-toc-heading-3\" href=\"https:\/\/livecasinofinder.com\/pl\/cookie-policy\/#Our_Application_of_Cookies\" title=\"Stosowanie przez nas plik\u00f3w cookie\">Stosowanie przez nas plik\u00f3w cookie<\/a><\/li><li class='ez-toc-page-1 ez-toc-heading-level-2'><a class=\"ez-toc-link ez-toc-heading-4\" href=\"https:\/\/livecasinofinder.com\/pl\/cookie-policy\/#Categories_of_Cookies_We_Use\" title=\"Kategorie u\u017cywanych przez nas plik\u00f3w cookie\">Kategorie u\u017cywanych przez nas plik\u00f3w cookie<\/a><\/li><li class='ez-toc-page-1 ez-toc-heading-level-2'><a class=\"ez-toc-link ez-toc-heading-5\" href=\"https:\/\/livecasinofinder.com\/pl\/cookie-policy\/#Managing_Your_Cookie_Preferences\" title=\"Zarz\u0105dzanie preferencjami dotycz\u0105cymi plik\u00f3w cookie\">Zarz\u0105dzanie preferencjami dotycz\u0105cymi plik\u00f3w cookie<\/a><\/li><\/ul><\/nav><\/div>\n\n<h2><span class=\"ez-toc-section\" id=\"Live_Casino_Finder_Comprehensive_Cookie_Policy\"><\/span>Kompleksowa polityka plik\u00f3w cookie Live Casino Finder<span class=\"ez-toc-section-end\"><\/span><\/h2>\n<p>W Live Casino Finder priorytetowo traktujemy Twoj\u0105 prywatno\u015b\u0107, oferuj\u0105c jednocze\u015bnie spersonalizowane i p\u0142ynne przegl\u0105danie. Nasza kompleksowa polityka plik\u00f3w cookie ma na celu zapewnienie jasno\u015bci i pewno\u015bci, zapewniaj\u0105c, \u017ce Twoja prywatno\u015b\u0107 pozostaje chroniona podczas odkrywania urzekaj\u0105cego \u015bwiata gier live casino.<\/p>\n<h2><span class=\"ez-toc-section\" id=\"Exploring_the_Concept_of_Cookies\"><\/span>Odkrywanie koncepcji plik\u00f3w cookie<span class=\"ez-toc-section-end\"><\/span><\/h2>\n<p>Pliki cookie to ma\u0142e pliki tekstowe wysy\u0142ane do urz\u0105dzenia u\u017cytkownika podczas odwiedzania naszej witryny internetowej. Te cyfrowe cuda odgrywaj\u0105 kluczow\u0105 rol\u0119 w optymalizacji czasu sp\u0119dzanego z nami. Pozwalaj\u0105c nam rozpozna\u0107 i zapami\u0119ta\u0107 u\u017cytkownika, pliki cookie umo\u017cliwiaj\u0105 p\u0142ynn\u0105 i spersonalizowan\u0105 podr\u00f3\u017c dostosowan\u0105 do jego preferencji. W Live Casino Finder wykorzystujemy moc plik\u00f3w cookie, aby uczyni\u0107 twoje do\u015bwiadczenia bardziej przyjemnymi, wydajnymi i interaktywnymi.<\/p>\n<h2><span class=\"ez-toc-section\" id=\"Our_Application_of_Cookies\"><\/span>Stosowanie przez nas plik\u00f3w cookie<span class=\"ez-toc-section-end\"><\/span><\/h2>\n<p>Wykorzystujemy pliki cookie, aby podnie\u015b\u0107 Twoj\u0105 przygod\u0119 z grami live casino na nowy poziom. Te pot\u0119\u017cne narz\u0119dzia pomagaj\u0105 nam w dostarczaniu spersonalizowanych i zorientowanych na u\u017cytkownika do\u015bwiadcze\u0144. Korzystaj\u0105c z plik\u00f3w cookie, mo\u017cemy zapami\u0119ta\u0107 Twoje preferencje, zapewniaj\u0105c, \u017ce ka\u017cda wizyta jest jak skrojone na miar\u0119 zaproszenie do \u015bwiata emocji. Niezale\u017cnie od tego, czy chodzi o spersonalizowanie rekomendacji gier, zapami\u0119tanie preferowanych ustawie\u0144, czy zapewnienie ekskluzywnych promocji, pliki cookie pozwalaj\u0105 nam stworzy\u0107 niezapomniane wra\u017cenia tylko dla Ciebie.<\/p>\n<h2><span class=\"ez-toc-section\" id=\"Categories_of_Cookies_We_Use\"><\/span>Kategorie u\u017cywanych przez nas plik\u00f3w cookie<span class=\"ez-toc-section-end\"><\/span><\/h2>\n<ol>\n<li>Niezb\u0119dne pliki cookie: Te pliki cookie s\u0105 niezb\u0119dne do podstawowego funkcjonowania naszej strony internetowej. Umo\u017cliwiaj\u0105 krytyczne funkcje, takie jak bezpieczne logowanie, zarz\u0105dzanie kontem i p\u0142ynne transakcje, zapewniaj\u0105c p\u0142ynne i nieprzerwane wra\u017cenia z gry.<\/li>\n<li>Wydajne pliki cookie: W Live Casino Finder staramy si\u0119 oferowa\u0107 najlepsze wra\u017cenia z gier live casino. Wydajno\u015bciowe pliki cookie pozwalaj\u0105 nam zbiera\u0107 informacje o tym, jak poruszasz si\u0119 po naszej witrynie, umo\u017cliwiaj\u0105c nam analiz\u0119 i optymalizacj\u0119 wydajno\u015bci naszej platformy. Nieustannie ulepszaj\u0105c nasze us\u0142ugi, zapewniamy, \u017ce twoje wra\u017cenia z gry s\u0105 szybkie, niezawodne i wyj\u0105tkowe.<\/li>\n<li>Funkcjonalne pliki cookie: Nasze zaanga\u017cowanie w personalizacj\u0119 znajduje odzwierciedlenie w korzystaniu z funkcjonalnych plik\u00f3w cookie. Te pliki cookie pozwalaj\u0105 nam zapami\u0119ta\u0107 preferencje u\u017cytkownika, tworz\u0105c dostosowane i wci\u0105gaj\u0105ce \u015brodowisko gry specjalnie dla niego. Od zapami\u0119tywania preferencji j\u0119zykowych po oferowanie odpowiednich opcji gry, funkcjonalne pliki cookie sprawiaj\u0105, \u017ce przygoda z grami live casino jest niezapomniana.<\/li>\n<\/ol>\n<h2><span class=\"ez-toc-section\" id=\"Managing_Your_Cookie_Preferences\"><\/span>Zarz\u0105dzanie preferencjami dotycz\u0105cymi plik\u00f3w cookie<span class=\"ez-toc-section-end\"><\/span><\/h2>\n<p>Uwa\u017camy, \u017ce u\u017cytkownik powinien mie\u0107 kontrol\u0119 nad swoj\u0105 prywatno\u015bci\u0105 i sposobem przegl\u0105dania. Live Casino Finder zapewnia \u0142atwe opcje zarz\u0105dzania preferencjami dotycz\u0105cymi plik\u00f3w cookie zgodnie z w\u0142asnymi preferencjami. Mo\u017cesz dostosowa\u0107 ustawienia za pomoc\u0105 przegl\u0105darki, wybieraj\u0105c akceptowanie lub odrzucanie plik\u00f3w cookie. Nale\u017cy jednak pami\u0119ta\u0107, \u017ce wy\u0142\u0105czenie plik\u00f3w cookie mo\u017ce ograniczy\u0107 niekt\u00f3re funkcje naszej witryny. Staramy si\u0119 zachowa\u0107 idealn\u0105 r\u00f3wnowag\u0119 mi\u0119dzy personalizacj\u0105 a prywatno\u015bci\u0105, zapewniaj\u0105c, \u017ce Twoja podr\u00f3\u017c z Live Casino Finder jest bezpieczna, p\u0142ynna i dostosowana do Twoich potrzeb.<\/p>\n<p>Podsumowuj\u0105c, kompleksowa polityka plik\u00f3w cookie Live Casino Finder pokazuje nasze niezachwiane zaanga\u017cowanie w przejrzysto\u015b\u0107, prywatno\u015b\u0107 i dostarczanie niezwyk\u0142ych wra\u017ce\u0144 z gry live casino. Dzi\u0119ki mocy plik\u00f3w cookie staramy si\u0119 stworzy\u0107 spersonalizowan\u0105 i wci\u0105gaj\u0105c\u0105 podr\u00f3\u017c, dostosowan\u0105 do Twoich preferencji. Do\u0142\u0105cz do nas w odkrywaniu urzekaj\u0105cego \u015bwiata gier live casino, wiedz\u0105c, \u017ce Twoja prywatno\u015b\u0107 jest szanowana, Twoje wra\u017cenia s\u0105 zoptymalizowane, a Twoja satysfakcja jest naszym najwy\u017cszym priorytetem. Witamy w Live Casino Finder, gdzie czeka dreszczyk emocji zwi\u0105zany z grami na \u017cywo!<\/p>","protected":false},"excerpt":{"rendered":"<p>Witamy w Live Casino Finder, miejscu docelowym dla wszystkich gier live casino! Naszym celem jest zapewnienie wci\u0105gaj\u0105cych i ekscytuj\u0105cych wra\u017ce\u0144 z hazardu online, jak \u017cadne inne. Wyruszaj\u0105c w t\u0119 ekscytuj\u0105c\u0105 podr\u00f3\u017c do ether, chcemy rzuci\u0107 \u015bwiat\u0142o na nasz\u0105 kompleksow\u0105 polityk\u0119 plik\u00f3w cookie. Nasze zaanga\u017cowanie w przejrzysto\u015b\u0107, prywatno\u015b\u0107 i [...]<\/p>","protected":false},"author":1,"featured_media":0,"parent":0,"menu_order":0,"comment_status":"closed","ping_status":"closed","template":"page-no-sidebar.php","meta":{"_lmt_disableupdate":"no","_lmt_disable":"no","footnotes":""},"class_list":["post-2105","page","type-page","status-publish","hentry"],"yoast_head":"<!-- This site is optimized with the Yoast SEO plugin v26.4 - https:\/\/yoast.com\/wordpress\/plugins\/seo\/ -->\n<title>Cookie Policy and Data Use<\/title>\n<meta name=\"description\" content=\"Understand how Live Casino Finder uses cookies to improve your experience and provide relevant content while protecting your privacy and data security.\" \/>\n<meta name=\"robots\" content=\"index, follow, max-snippet:-1, max-image-preview:large, max-video-preview:-1\" \/>\n<link rel=\"canonical\" href=\"https:\/\/livecasinofinder.com\/wp-json\/wp\/v2\/pages\/2105\/\" \/>\n<meta property=\"og:locale\" content=\"pl_PL\" \/>\n<meta property=\"og:type\" content=\"article\" \/>\n<meta property=\"og:title\" content=\"Cookie Policy and Data Use\" \/>\n<meta property=\"og:description\" content=\"Understand how Live Casino Finder uses cookies to improve your experience and provide relevant content while protecting your privacy and data security.\" \/>\n<meta property=\"og:url\" content=\"https:\/\/livecasinofinder.com\/pl\/cookie-policy\/\" \/>\n<meta property=\"og:site_name\" content=\"livecasinofinder.com\" \/>\n<meta property=\"article:modified_time\" content=\"2025-06-03T11:10:21+00:00\" \/>\n<meta property=\"og:image\" content=\"https:\/\/livecasinofinder.com\/wp-content\/uploads\/2023\/03\/lucasoilraceway-logo-1.png\" \/>\n\t<meta property=\"og:image:width\" content=\"427\" \/>\n\t<meta property=\"og:image:height\" content=\"145\" \/>\n\t<meta property=\"og:image:type\" content=\"image\/png\" \/>\n<meta name=\"twitter:card\" content=\"summary_large_image\" \/>\n<meta name=\"twitter:label1\" content=\"Szacowany czas czytania\" \/>\n\t<meta name=\"twitter:data1\" content=\"3 minuty\" \/>\n<!-- \/ Yoast SEO plugin. -->","yoast_head_json":{"title":"Cookie Policy and Data Use","description":"Understand how Live Casino Finder uses cookies to improve your experience and provide relevant content while protecting your privacy and data security.","robots":{"index":"index","follow":"follow","max-snippet":"max-snippet:-1","max-image-preview":"max-image-preview:large","max-video-preview":"max-video-preview:-1"},"canonical":"https:\/\/livecasinofinder.com\/wp-json\/wp\/v2\/pages\/2105\/","og_locale":"pl_PL","og_type":"article","og_title":"Cookie Policy and Data Use","og_description":"Understand how Live Casino Finder uses cookies to improve your experience and provide relevant content while protecting your privacy and data security.","og_url":"https:\/\/livecasinofinder.com\/pl\/cookie-policy\/","og_site_name":"livecasinofinder.com","article_modified_time":"2025-06-03T11:10:21+00:00","og_image":[{"width":427,"height":145,"url":"https:\/\/livecasinofinder.com\/wp-content\/uploads\/2023\/03\/lucasoilraceway-logo-1.png","type":"image\/png"}],"twitter_card":"summary_large_image","twitter_misc":{"Szacowany czas czytania":"3 minuty"},"schema":{"@context":"https:\/\/schema.org","@graph":[{"@type":"WebPage","@id":"https:\/\/livecasinofinder.com\/cookie-policy\/","url":"https:\/\/livecasinofinder.com\/cookie-policy\/","name":"Cookie Policy and Data Use","isPartOf":{"@id":"https:\/\/livecasinofinder.com\/ja\/#website"},"datePublished":"2023-06-20T14:36:13+00:00","dateModified":"2025-06-03T11:10:21+00:00","description":"Understand how Live Casino Finder uses cookies to improve your experience and provide relevant content while protecting your privacy and data security.","breadcrumb":{"@id":"https:\/\/livecasinofinder.com\/cookie-policy\/#breadcrumb"},"inLanguage":"pl-PL","potentialAction":[{"@type":"ReadAction","target":["https:\/\/livecasinofinder.com\/cookie-policy\/"]}]},{"@type":"BreadcrumbList","@id":"https:\/\/livecasinofinder.com\/cookie-policy\/#breadcrumb","itemListElement":[{"@type":"ListItem","position":1,"name":"LiveCasinoFinder.com","item":"https:\/\/livecasinofinder.com\/fr\/"},{"@type":"ListItem","position":2,"name":"Cookie Policy"}]},{"@type":"WebSite","@id":"https:\/\/livecasinofinder.com\/ja\/#website","url":"https:\/\/livecasinofinder.com\/ja\/","name":"livecasinofinder","description":"","publisher":{"@id":"https:\/\/livecasinofinder.com\/ja\/#organization"},"alternateName":"Lucas oil raceway live casino","potentialAction":[{"@type":"SearchAction","target":{"@type":"EntryPoint","urlTemplate":"https:\/\/livecasinofinder.com\/ja\/?s={search_term_string}"},"query-input":{"@type":"PropertyValueSpecification","valueRequired":true,"valueName":"search_term_string"}}],"inLanguage":"pl-PL"},{"@type":"Organization","@id":"https:\/\/livecasinofinder.com\/ja\/#organization","name":"Wyszukiwarka kasyn na \u017cywo","alternateName":"Lucas oil raceway live casino","url":"https:\/\/livecasinofinder.com\/ja\/","logo":{"@type":"ImageObject","inLanguage":"pl-PL","@id":"https:\/\/livecasinofinder.com\/ja\/#\/schema\/logo\/image\/","url":"https:\/\/livecasinofinder.com\/wp-content\/uploads\/2023\/04\/livecasinofinder-logo.png","contentUrl":"https:\/\/livecasinofinder.com\/wp-content\/uploads\/2023\/04\/livecasinofinder-logo.png","width":1600,"height":453,"caption":"Live Casino Finder"},"image":{"@id":"https:\/\/livecasinofinder.com\/ja\/#\/schema\/logo\/image\/"}}]}},"_links":{"self":[{"href":"https:\/\/livecasinofinder.com\/pl\/wp-json\/wp\/v2\/pages\/2105","targetHints":{"allow":["GET"]}}],"collection":[{"href":"https:\/\/livecasinofinder.com\/pl\/wp-json\/wp\/v2\/pages"}],"about":[{"href":"https:\/\/livecasinofinder.com\/pl\/wp-json\/wp\/v2\/types\/page"}],"author":[{"embeddable":true,"href":"https:\/\/livecasinofinder.com\/pl\/wp-json\/wp\/v2\/users\/1"}],"replies":[{"embeddable":true,"href":"https:\/\/livecasinofinder.com\/pl\/wp-json\/wp\/v2\/comments?post=2105"}],"version-history":[{"count":0,"href":"https:\/\/livecasinofinder.com\/pl\/wp-json\/wp\/v2\/pages\/2105\/revisions"}],"wp:attachment":[{"href":"https:\/\/livecasinofinder.com\/pl\/wp-json\/wp\/v2\/media?parent=2105"}],"curies":[{"name":"wp","href":"https:\/\/api.w.org\/{rel}","templated":true}]}}