{"id":2115,"date":"2023-06-20T14:24:32","date_gmt":"2023-06-20T14:24:32","guid":{"rendered":"https:\/\/livecasinofinder.com\/?page_id=2115"},"modified":"2025-06-03T11:12:27","modified_gmt":"2025-06-03T11:12:27","slug":"gambling-addiction","status":"publish","type":"page","link":"https:\/\/livecasinofinder.com\/nl\/gambling-addiction\/","title":{"rendered":"Gokverslaving"},"content":{"rendered":"<p>Op <a href=\"\/nl\/\">LiveCasinoFinder.com<\/a>Wij geven prioriteit aan het welzijn van onze gebruikers en zetten ons in om verantwoord gokken te promoten. Deze pagina is bedoeld om waardevolle informatie te verstrekken over gokverslaving, de symptomen ervan en de beschikbare ondersteuning. Ons doel is om iedereen een veilige en plezierige spelervaring te bieden.<\/p>\n<div id=\"ez-toc-container\" class=\"ez-toc-v2_0_63 counter-hierarchy ez-toc-counter ez-toc-grey ez-toc-container-direction\">\n<label for=\"ez-toc-cssicon-toggle-item-69e1621f6ddb4\" class=\"ez-toc-cssicon-toggle-label\"><span class=\"ez-toc-cssicon\"><span class=\"eztoc-hide\" style=\"display:none;\">Schakel<\/span><span class=\"ez-toc-icon-toggle-span\"><svg style=\"fill: #999;color:#999\" xmlns=\"http:\/\/www.w3.org\/2000\/svg\" class=\"list-377408\" width=\"20px\" height=\"20px\" viewbox=\"0 0 24 24\" fill=\"none\"><path d=\"M6 6H4v2h2V6zm14 0H8v2h12V6zM4 11h2v2H4v-2zm16 0H8v2h12v-2zM4 16h2v2H4v-2zm16 0H8v2h12v-2z\" fill=\"currentColor\"><\/path><\/svg><svg style=\"fill: #999;color:#999\" class=\"arrow-unsorted-368013\" xmlns=\"http:\/\/www.w3.org\/2000\/svg\" width=\"10px\" height=\"10px\" viewbox=\"0 0 24 24\" version=\"1.2\" baseprofile=\"tiny\"><path d=\"M18.2 9.3l-6.2-6.3-6.2 6.3c-.2.2-.3.4-.3.7s.1.5.3.7c.2.2.4.3.7.3h11c.3 0 .5-.1.7-.3.2-.2.3-.5.3-.7s-.1-.5-.3-.7zM5.8 14.7l6.2 6.3 6.2-6.3c.2-.2.3-.5.3-.7s-.1-.5-.3-.7c-.2-.2-.4-.3-.7-.3h-11c-.3 0-.5.1-.7.3-.2.2-.3.5-.3.7s.1.5.3.7z\"\/><\/svg><\/span><\/span><\/label><input type=\"checkbox\"  id=\"ez-toc-cssicon-toggle-item-69e1621f6ddb4\" checked aria-label=\"Schakel\" \/><nav><ul class='ez-toc-list ez-toc-list-level-1' ><li class='ez-toc-page-1 ez-toc-heading-level-2'><a class=\"ez-toc-link ez-toc-heading-1\" href=\"https:\/\/livecasinofinder.com\/nl\/gambling-addiction\/#Gambling_Addiction\" title=\"Gokverslaving\">Gokverslaving<\/a><\/li><li class='ez-toc-page-1 ez-toc-heading-level-2'><a class=\"ez-toc-link ez-toc-heading-2\" href=\"https:\/\/livecasinofinder.com\/nl\/gambling-addiction\/#How_to_Understand_That_You_Need_Help_From_Gambling_Addiction\" title=\"Hoe begrijp je dat je hulp nodig hebt bij gokverslaving?\">Hoe begrijp je dat je hulp nodig hebt bij gokverslaving?<\/a><\/li><li class='ez-toc-page-1 ez-toc-heading-level-2'><a class=\"ez-toc-link ez-toc-heading-3\" href=\"https:\/\/livecasinofinder.com\/nl\/gambling-addiction\/#Gambling_Addiction_Help_Worldwide\" title=\"Hulp bij gokverslaving wereldwijd\">Hulp bij gokverslaving wereldwijd<\/a><\/li><li class='ez-toc-page-1 ez-toc-heading-level-2'><a class=\"ez-toc-link ez-toc-heading-4\" href=\"https:\/\/livecasinofinder.com\/nl\/gambling-addiction\/#Gambling_Addiction_Resources\" title=\"Hulpbronnen voor gokverslaving\">Hulpbronnen voor gokverslaving<\/a><ul class='ez-toc-list-level-3' ><li class='ez-toc-heading-level-3'><a class=\"ez-toc-link ez-toc-heading-5\" href=\"https:\/\/livecasinofinder.com\/nl\/gambling-addiction\/#National_Problem_Gambling_Helpline_Network\" title=\"National Hulplijn voor probleemgokken\">National Hulplijn voor probleemgokken<\/a><\/li><li class='ez-toc-page-1 ez-toc-heading-level-3'><a class=\"ez-toc-link ez-toc-heading-6\" href=\"https:\/\/livecasinofinder.com\/nl\/gambling-addiction\/#Gamblers_Anonymous\" title=\"Anonieme gokkers\">Anonieme gokkers<\/a><\/li><li class='ez-toc-page-1 ez-toc-heading-level-3'><a class=\"ez-toc-link ez-toc-heading-7\" href=\"https:\/\/livecasinofinder.com\/nl\/gambling-addiction\/#GamCare\" title=\"GamCare\">GamCare<\/a><\/li><li class='ez-toc-page-1 ez-toc-heading-level-3'><a class=\"ez-toc-link ez-toc-heading-8\" href=\"https:\/\/livecasinofinder.com\/nl\/gambling-addiction\/#Substance_Abuse_and_Mental_Health_Services_Administration_SAMHSA\" title=\"Substance Abuse and Mental Health Services Administration (SAMHSA)\">Substance Abuse and Mental Health Services Administration (SAMHSA)<\/a><\/li><li class='ez-toc-page-1 ez-toc-heading-level-3'><a class=\"ez-toc-link ez-toc-heading-9\" href=\"https:\/\/livecasinofinder.com\/nl\/gambling-addiction\/#The_National_Council_on_Problem_Gambling\" title=\"De National Raad voor Probleem Gokken\">De National Raad voor Probleem Gokken<\/a><\/li><\/ul><\/li><li class='ez-toc-page-1 ez-toc-heading-level-2'><a class=\"ez-toc-link ez-toc-heading-10\" href=\"https:\/\/livecasinofinder.com\/nl\/gambling-addiction\/#Conclusion\" title=\"Live blackjack ervaring - Conclusie\">Live blackjack ervaring - Conclusie<\/a><\/li><\/ul><\/nav><\/div>\n\n<h2><span class=\"ez-toc-section\" id=\"Gambling_Addiction\"><\/span>Gokverslaving<span class=\"ez-toc-section-end\"><\/span><\/h2>\n<p>Gokverslaving is een ernstige aandoening die mensen wereldwijd treft. Het verwijst naar de dwangmatige drang om te gokken ondanks negatieve gevolgen. Het herkennen van de tekenen van gokverslaving is cruciaal om vroegtijdig in te grijpen en hulp te zoeken. Hier zijn enkele veelvoorkomende indicatoren van gokverslaving:<\/p>\n<ul>\n<li>Preoccupatie met gokken: Voortdurend denken aan gokken, de volgende sessie plannen of herinneringen ophalen over winst of verlies in het verleden.<\/li>\n<li>Controleverlies: Het onvermogen om het gokken onder controle te houden of te stoppen, zelfs wanneer men dit probeert.<\/li>\n<li>Inzetbedragen verhogen: Meer geld moeten inzetten om hetzelfde niveau van opwinding of voldoening te bereiken.<\/li>\n<li>Verwaarlozen van verantwoordelijkheden: Gokken voorrang geven boven werk, familie, relaties en andere belangrijke verplichtingen.<\/li>\n<li>Verliezen najagen: Voortdurend gokken in een poging om eerdere verliezen terug te winnen, wat leidt tot diepere financi\u00eble problemen.<\/li>\n<li>Terugtrekken uit sociale activiteiten: Zich terugtrekken van sociale evenementen, hobby's of andere activiteiten om meer tijd te kunnen besteden aan gokken.<\/li>\n<li>Financi\u00eble moeilijkheden: Aanzienlijke schulden opbouwen, geld lenen of financi\u00eble instabiliteit ervaren door gokverliezen.<\/li>\n<li>Stemmingswisselingen: Extreme pieken of dalen ervaren op basis van gokresultaten, wat leidt tot prikkelbaarheid, angst of depressie.<\/li>\n<li>Geheimhouding en bedrog: De omvang van gokactiviteiten verbergen of zich inlaten met bedrieglijk gedrag.<\/li>\n<li>Mislukte pogingen om te stoppen: Herhaalde mislukte pogingen om te minderen met gokken of te stoppen met gokken.<\/li>\n<li>Verlies van interesse: Verlies van interesse in hobby's of activiteiten waar je vroeger van genoot en die niets met gokken te maken hebben.<\/li>\n<li>Ontsnappen door te gokken: Gokken gebruiken als een manier om te ontsnappen aan stress, depressie of andere emotionele problemen.<\/li>\n<li>Geld lenen of stelen: Je toevlucht nemen tot het lenen van geld van anderen of illegale activiteiten om gokgewoonten te financieren.<\/li>\n<li>Relatieproblemen: Conflicten, gespannen relaties of scheiding door gokgerelateerde problemen.<\/li>\n<li>Fysieke en emotionele stress: Fysieke symptomen zoals slapeloosheid, hoofdpijn of angst ervaren die verband houden met gokken.<\/li>\n<\/ul>\n<p>Begrijpen wanneer jij of iemand die je kent hulp nodig heeft bij gokverslaving is van vitaal belang voor herstel en het zoeken naar ondersteuning.<\/p>\n<h2><span class=\"ez-toc-section\" id=\"How_to_Understand_That_You_Need_Help_From_Gambling_Addiction\"><\/span>Hoe begrijp je dat je hulp nodig hebt bij gokverslaving?<span class=\"ez-toc-section-end\"><\/span><\/h2>\n<p>Erkennen dat je hulp nodig hebt is de eerste stap naar het overwinnen van een gokverslaving. Hier zijn enkele indicatoren die erop wijzen dat je misschien hulp nodig hebt:<\/p>\n<ol>\n<li>Controleverlies: Je vindt het moeilijk om je gokgedrag onder controle te houden of te stoppen, zelfs als je wilt stoppen.<\/li>\n<li>Negatieve gevolgen: Gokken heeft geleid tot aanzienlijke financi\u00eble, persoonlijke of emotionele problemen in je leven.<\/li>\n<li>Mislukte pogingen om te stoppen: Ondanks herhaalde pogingen ben je niet in staat geweest om je gokgewoontes te verminderen of uit te bannen.<\/li>\n<li>Ontwenningsverschijnselen: Rusteloosheid, prikkelbaarheid of stemmingswisselingen wanneer je probeert te minderen of te stoppen met gokken.<\/li>\n<li>Preoccupatie met gokken: Gedachten aan gokken nemen een groot deel van je tijd in beslag en be\u00efnvloeden je dagelijkse activiteiten, relaties en algehele welzijn.<\/li>\n<li>Bedrog en geheimhouding: Bedrieglijk gedrag vertonen, zoals de omvang van je gokactiviteiten verbergen voor geliefden.<\/li>\n<li>Financi\u00eble instabiliteit: Financi\u00eble problemen hebben, schulden opbouwen of wanhopige maatregelen nemen om je gokgedrag te financieren.<\/li>\n<\/ol>\n<p>Als je deze tekenen herkent, is het cruciaal om hulp en steun te zoeken bij professionals en ondersteuningsnetwerken die gespecialiseerd zijn in de behandeling van gokverslaving.<\/p>\n<p>Bij LiveCasinoFinder.com zijn we toegewijd aan verantwoordelijk gokken en bieden we hulpmiddelen voor mensen die te maken hebben met gokverslaving. Wij geloven in het bevorderen van een veilige en plezierige spelomgeving.<\/p>\n<h2><span class=\"ez-toc-section\" id=\"Gambling_Addiction_Help_Worldwide\"><\/span>Hulp bij gokverslaving wereldwijd<span class=\"ez-toc-section-end\"><\/span><\/h2>\n<table>\n<tbody>\n<tr>\n<td>GamCare<\/td>\n<td><a href=\"http:\/\/www.gamcare.org.uk\/\">http:\/\/www.gamcare.org.uk\/<\/a><\/td>\n<td>0808 8020 133<\/td>\n<td>Verenigd Koninkrijk<\/td>\n<\/tr>\n<tr>\n<td>Anonieme gokkers<\/td>\n<td><a href=\"https:\/\/www.gamblersanonymous.org\/ga\/\">www.gamblersanonymous.org\/ga\/<\/a><\/td>\n<td>&#8211;<\/td>\n<td>Verenigd Koninkrijk<\/td>\n<\/tr>\n<tr>\n<td>BeGambleAware<\/td>\n<td><a href=\"https:\/\/www.begambleaware.org\/\">www.begambleaware.org<\/a><\/td>\n<td>0808 8020 133<\/td>\n<td>Verenigd Koninkrijk<\/td>\n<\/tr>\n<tr>\n<td>Gioca-Responsabile<\/td>\n<td><a href=\"https:\/\/www.gioca-responsabile.it\/\">www.gioca-responsabile.it<\/a><\/td>\n<td>800 151 000<\/td>\n<td>Itali\u00eb<\/td>\n<\/tr>\n<tr>\n<td>Societ\u00e0 Italiana di Intervento sulle Patologie Compulsive<\/td>\n<td><a href=\"https:\/\/www.siipac.it\/\">www.siipac.it<\/a><\/td>\n<td>800 031 579<\/td>\n<td>Itali\u00eb<\/td>\n<\/tr>\n<tr>\n<td>Nationaal nummer TVNGA<\/td>\n<td>dal luned\u00ec al venerd\u00ec dalle ore 10.00 alle ore 16.00<\/td>\n<td>800 558 822<\/td>\n<td>Itali\u00eb<\/td>\n<\/tr>\n<tr>\n<td>Verenigingen voor sporters<\/td>\n<td><a href=\"https:\/\/lnx.giocatorianonimi.org\/\">www.giocatorianonimi.org<\/a><\/td>\n<td>338-1271215<\/td>\n<td>Itali\u00eb<\/td>\n<\/tr>\n<tr>\n<td>Jogadoren in Brazili\u00eb<\/td>\n<td><a href=\"https:\/\/jogadoresanonimos.com.br\/\">jogadoresanonimos.com.br<\/a><\/td>\n<td>Contato SP: (11) 3229-1023<\/p>\n<p>RJ: (21) 25164672<\/td>\n<td>Brazili\u00eb<\/td>\n<\/tr>\n<tr>\n<td>Bescherming voor joggers<\/td>\n<td><a href=\"https:\/\/www.srij.turismodeportugal.pt\/pt\/jogo-responsavel\/protecao-legal-ao-jogador\">www.srij.turismodeportugal.pt<\/a><\/td>\n<td>Servi\u00e7o de Regula\u00e7\u00e3o e Inspe\u00e7\u00e3o de Jogos, \u00f3rg\u00e3o do Turismo de Portugal.<\/p>\n<p>Aantal inwoners: 1414<\/p>\n<p>1414@sicad.min-saude.pt<\/p>\n<p>De telefonische bereikbaarheid is elke dag beschikbaar, van 10.00 tot 18.00 uur.<\/td>\n<td>Brazili\u00eb<\/td>\n<\/tr>\n<tr>\n<td>Amerikaanse jongleurs<\/td>\n<td><a href=\"https:\/\/www.jugadoresanonimos.org\/\">www.jugadoresanonimos.org<\/a><\/td>\n<td>670 691 513<\/td>\n<td>LATAM<\/td>\n<\/tr>\n<tr>\n<td>Verantwoordelijke speler - Argentini\u00eb<\/td>\n<td><a href=\"https:\/\/juegoresponsable.com.ar\/\">juegoresponsable.com.ar<\/a><\/td>\n<td>LATAM<\/td>\n<\/tr>\n<tr>\n<td>GamCare<\/td>\n<td><a href=\"https:\/\/www.gamcare.org.uk\/\">www.gamcare.org.uk<\/a><\/td>\n<td>0808 8020 133<\/td>\n<td>Japan<\/td>\n<\/tr>\n<tr>\n<td>BeGambleAware<\/td>\n<td><a href=\"https:\/\/www.begambleaware.org\/\">www.begambleaware.org<\/a><\/td>\n<td>0808 8020 133<\/td>\n<td>Japan<\/td>\n<\/tr>\n<tr>\n<td>St\u00f6dlinjen.se<\/td>\n<td><a href=\"https:\/\/stodlinjen.se\/\">www.stodlinjen.se<\/a><\/td>\n<td>020-81 91 00<\/td>\n<td>Japan<\/td>\n<\/tr>\n<\/tbody>\n<\/table>\n<h2><span class=\"ez-toc-section\" id=\"Gambling_Addiction_Resources\"><\/span><span style=\"font-size: 16px;\">Hulpbronnen voor gokverslaving<\/span><span class=\"ez-toc-section-end\"><\/span><\/h2>\n<p>Gokverslaving is een ernstig probleem dat individuen en hun families wereldwijd treft. De destructieve aard van deze verslaving kan leiden tot financi\u00eble ondergang, gespannen relaties en emotioneel leed. Het probleem herkennen en hulp zoeken is cruciaal voor wie vastzit in de cyclus van gokverslaving. Gelukkig zijn er verschillende hulpbronnen beschikbaar om mensen in nood steun en hulp te bieden. In dit artikel worden enkele van de belangrijkste bronnen voor gokverslaving besproken die hulp, begeleiding en een weg naar herstel bieden.<\/p>\n<p>Hulp zoeken voor gokverslaving is essentieel voor individuen om de controle over hun leven terug te krijgen en het destructieve gedrag te overwinnen. Dit artikel is bedoeld om waardevolle informatie te geven over de verschillende hulpbronnen die beschikbaar zijn om probleemgokkers en hun naasten te ondersteunen.<\/p>\n<h3><span class=\"ez-toc-section\" id=\"National_Problem_Gambling_Helpline_Network\"><\/span>National Hulplijn voor probleemgokken<span class=\"ez-toc-section-end\"><\/span><\/h3>\n<p>Het National Problem Gambling Helpline Network, bereikbaar op 800-522-4700, is een cruciale hulpbron voor probleemgokkers en hun families in de Verenigde Staten. Deze hulplijn wordt beheerd door de National Council on Problem Gambling (NCPG), een non-profitorganisatie die zich toelegt op het bijstaan van personen die lijden aan gokverslaving.<\/p>\n<p>De hulplijn biedt informatie, ondersteuning en doorverwijzingen naar lokale hulpbronnen die gespecialiseerd zijn in de behandeling van gokproblemen. Getrainde professionals zijn beschikbaar om vertrouwelijke hulp en begeleiding te bieden aan bellers. Als mensen op zoek zijn naar begeleiding, behandelingsprogramma's of andere ondersteunende diensten, kan de hulplijn hen in contact brengen met de juiste hulpbronnen in hun omgeving.<\/p>\n<h3><span class=\"ez-toc-section\" id=\"Gamblers_Anonymous\"><\/span>Anonieme gokkers<span class=\"ez-toc-section-end\"><\/span><\/h3>\n<p>Gamblers Anonymous (GA) is een wereldwijde gemeenschap van mensen die worstelen met gokverslaving en zich inzetten voor hun herstel. Gamblers Anonymous werd opgericht in 1957 en is uitgegroeid tot een uitgebreid netwerk van lokale groepen in verschillende landen, die een ondersteunende omgeving bieden voor mensen die hulp zoeken (http:\/\/www.gamblersanonymous.org\/ga\/).<\/p>\n<p>De enige vereiste om lid te worden van Gamblers Anonymous is de wens om te stoppen met gokken. Leden nemen deel aan een 12-stappenprogramma dat gebaseerd is op de principes van herstel. Door het delen van persoonlijke ervaringen krijgen mensen steun, aanmoediging en waardevolle inzichten van anderen die voor soortgelijke uitdagingen stonden. De gemeenschap biedt ook aparte steungroepen voor geliefden (Gam-Anon) en de kinderen van probleemgokkers (Gam-A-Teen), omdat de impact van gokverslaving op het hele gezin erkend wordt.<\/p>\n<h3><span class=\"ez-toc-section\" id=\"GamCare\"><\/span>GamCare<span class=\"ez-toc-section-end\"><\/span><\/h3>\n<p>GamCare is een door de gokindustrie gefinancierde liefdadigheidsinstelling die actief is in het Verenigd Koninkrijk en vertrouwelijke advies- en ondersteuningsdiensten aanbiedt voor mensen met gokproblemen. De organisatie zet zich in om niet-oordelende hulp te bieden aan gokkers, hun families en mensen die het risico lopen om een gokverslaving te ontwikkelen.<\/p>\n<p>GamCare biedt een scala aan diensten, waaronder hulplijnondersteuning, face-to-face counseling en online chatondersteuning. De hulplijn (0808 8020 133) (http:\/\/www.gamcare.org.uk\/) is 24 uur per dag, 7 dagen per week beschikbaar en biedt mensen een veilige ruimte om hun zorgen te bespreken en begeleiding te zoeken. De organisatie werkt ook nauw samen met behandelaars, zodat mensen de hulp kunnen krijgen die ze nodig hebben.<\/p>\n<h3><span class=\"ez-toc-section\" id=\"Substance_Abuse_and_Mental_Health_Services_Administration_SAMHSA\"><\/span>Substance Abuse and Mental Health Services Administration (SAMHSA)<span class=\"ez-toc-section-end\"><\/span><\/h3>\n<p>De Substance Abuse and Mental Health Services Administration (SAMHSA) is een agentschap voor de volksgezondheid binnen het Amerikaanse ministerie van Volksgezondheid en Human Services. SAMHSA heeft een gratis, vertrouwelijke en 24\/7 National hulplijn, die het hele jaar door beschikbaar is, om informatie en behandelingsverwijzingen te geven voor verschillende psychische stoornissen, waaronder gokverslaving.<\/p>\n<p>De National-hulplijn (1-800-662-4357) (<a href=\"https:\/\/www.samhsa.gov\/find-help\/national-helpline\/\" target=\"_new\" rel=\"noopener\">https:\/\/www.samhsa.gov\/find-help\/national-helpline\/<\/a>) dient als waardevolle bron voor individuen en hun families die hulp zoeken bij gokverslaving. Getrainde professionals bieden ondersteuning, informatie en verwijzingen naar behandelingen in het Engels en Spaans. De hulplijn zorgt ervoor dat mensen toegang krijgen tot de hulp die ze nodig hebben, ongeacht hun locatie of omstandigheden.<\/p>\n<h3><span class=\"ez-toc-section\" id=\"The_National_Council_on_Problem_Gambling\"><\/span>De National Raad voor Probleem Gokken<span class=\"ez-toc-section-end\"><\/span><\/h3>\n<p>De National Council on Problem Gambling (NCPG) is een onafhankelijke organisatie die zich inzet voor personen en gezinnen die te maken hebben met probleemgokken. De NCPG is niet verbonden aan de gokindustrie, waardoor ze onbevooroordeelde informatie, hulpmiddelen en ondersteunende diensten kan aanbieden.<\/p>\n<p>De website van de NCPG is een uitgebreide bron van informatie over probleemgokken.(<a href=\"http:\/\/www.ncpgambling.org\">http:\/\/www.ncpgambling.org<\/a>) Het biedt waardevolle informatie over het begrijpen van gokverslaving, het herkennen van de tekenen en het vinden van de juiste behandeling. De website biedt ook een lijst van getrainde counselors in de Verenigde Staten die gespecialiseerd zijn in het aanpakken van gokverslaving.<\/p>\n<h2><span class=\"ez-toc-section\" id=\"Conclusion\"><\/span>Live blackjack ervaring - Conclusie<span class=\"ez-toc-section-end\"><\/span><\/h2>\n<p>Gokverslaving is een ernstig probleem dat grote gevolgen kan hebben voor het leven van mensen. Het herkennen van de tekenen van gokverslaving en begrijpen wanneer je hulp moet zoeken is cruciaal om deze uitdaging te overwinnen. Bij LiveCasinoFinder.com geven we prioriteit aan het welzijn van onze gebruikers en moedigen we verantwoord gokken aan.<\/p>\n<p>Bij LiveCasinoFinder.com zijn we toegewijd aan het promoten van verantwoordelijk gokken en het verzekeren van een veilige spelomgeving. We moedigen je aan om gebruik te maken van de beschikbare middelen en ondersteuning om gokverslaving te overwinnen en op verantwoorde wijze van gokken te genieten.<\/p>","protected":false},"excerpt":{"rendered":"<p>Bij LiveCasinoFinder.com geven we prioriteit aan het welzijn van onze gebruikers en zijn we toegewijd aan het promoten van verantwoordelijk gokken. Deze pagina is bedoeld om waardevolle informatie te verstrekken over gokverslaving, de symptomen ervan en de beschikbare ondersteuning. Ons doel is om een veilige en plezierige spelervaring voor iedereen te garanderen. Gokverslaving Gokverslaving is een ernstige aandoening die individuen [...]<\/p>","protected":false},"author":1,"featured_media":0,"parent":0,"menu_order":0,"comment_status":"closed","ping_status":"closed","template":"page-no-sidebar.php","meta":{"_lmt_disableupdate":"no","_lmt_disable":"no","footnotes":""},"class_list":["post-2115","page","type-page","status-publish","hentry"],"yoast_head":"<!-- This site is optimized with the Yoast SEO plugin v26.4 - https:\/\/yoast.com\/wordpress\/plugins\/seo\/ -->\n<title>Support for Gambling Addiction<\/title>\n<meta name=\"description\" content=\"Find helpful resources and advice on managing gambling addiction with Live Casino Finder to stay in control and make safer choices while playing.\" \/>\n<meta name=\"robots\" content=\"index, follow, max-snippet:-1, max-image-preview:large, max-video-preview:-1\" \/>\n<link rel=\"canonical\" href=\"https:\/\/livecasinofinder.com\/wp-json\/wp\/v2\/pages\/2115\/\" \/>\n<meta property=\"og:locale\" content=\"nl_NL\" \/>\n<meta property=\"og:type\" content=\"article\" \/>\n<meta property=\"og:title\" content=\"Support for Gambling Addiction\" \/>\n<meta property=\"og:description\" content=\"Find helpful resources and advice on managing gambling addiction with Live Casino Finder to stay in control and make safer choices while playing.\" \/>\n<meta property=\"og:url\" content=\"https:\/\/livecasinofinder.com\/nl\/gambling-addiction\/\" \/>\n<meta property=\"og:site_name\" content=\"livecasinofinder.com\" \/>\n<meta property=\"article:modified_time\" content=\"2025-06-03T11:12:27+00:00\" \/>\n<meta property=\"og:image\" content=\"https:\/\/livecasinofinder.com\/wp-content\/uploads\/2023\/03\/lucasoilraceway-logo-1.png\" \/>\n\t<meta property=\"og:image:width\" content=\"427\" \/>\n\t<meta property=\"og:image:height\" content=\"145\" \/>\n\t<meta property=\"og:image:type\" content=\"image\/png\" \/>\n<meta name=\"twitter:card\" content=\"summary_large_image\" \/>\n<meta name=\"twitter:label1\" content=\"Geschatte leestijd\" \/>\n\t<meta name=\"twitter:data1\" content=\"7 minuten\" \/>\n<!-- \/ Yoast SEO plugin. -->","yoast_head_json":{"title":"Support for Gambling Addiction","description":"Find helpful resources and advice on managing gambling addiction with Live Casino Finder to stay in control and make safer choices while playing.","robots":{"index":"index","follow":"follow","max-snippet":"max-snippet:-1","max-image-preview":"max-image-preview:large","max-video-preview":"max-video-preview:-1"},"canonical":"https:\/\/livecasinofinder.com\/wp-json\/wp\/v2\/pages\/2115\/","og_locale":"nl_NL","og_type":"article","og_title":"Support for Gambling Addiction","og_description":"Find helpful resources and advice on managing gambling addiction with Live Casino Finder to stay in control and make safer choices while playing.","og_url":"https:\/\/livecasinofinder.com\/nl\/gambling-addiction\/","og_site_name":"livecasinofinder.com","article_modified_time":"2025-06-03T11:12:27+00:00","og_image":[{"width":427,"height":145,"url":"https:\/\/livecasinofinder.com\/wp-content\/uploads\/2023\/03\/lucasoilraceway-logo-1.png","type":"image\/png"}],"twitter_card":"summary_large_image","twitter_misc":{"Geschatte leestijd":"7 minuten"},"schema":{"@context":"https:\/\/schema.org","@graph":[{"@type":"WebPage","@id":"https:\/\/livecasinofinder.com\/gambling-addiction\/","url":"https:\/\/livecasinofinder.com\/gambling-addiction\/","name":"Support for Gambling Addiction","isPartOf":{"@id":"https:\/\/livecasinofinder.com\/ja\/#website"},"datePublished":"2023-06-20T14:24:32+00:00","dateModified":"2025-06-03T11:12:27+00:00","description":"Find helpful resources and advice on managing gambling addiction with Live Casino Finder to stay in control and make safer choices while playing.","breadcrumb":{"@id":"https:\/\/livecasinofinder.com\/gambling-addiction\/#breadcrumb"},"inLanguage":"nl-NL","potentialAction":[{"@type":"ReadAction","target":["https:\/\/livecasinofinder.com\/gambling-addiction\/"]}]},{"@type":"BreadcrumbList","@id":"https:\/\/livecasinofinder.com\/gambling-addiction\/#breadcrumb","itemListElement":[{"@type":"ListItem","position":1,"name":"LiveCasinoFinder.com","item":"https:\/\/livecasinofinder.com\/fr\/"},{"@type":"ListItem","position":2,"name":"Gambling Addiction"}]},{"@type":"WebSite","@id":"https:\/\/livecasinofinder.com\/ja\/#website","url":"https:\/\/livecasinofinder.com\/ja\/","name":"livecasinofinder","description":"","publisher":{"@id":"https:\/\/livecasinofinder.com\/ja\/#organization"},"alternateName":"Lucas oil raceway live casino","potentialAction":[{"@type":"SearchAction","target":{"@type":"EntryPoint","urlTemplate":"https:\/\/livecasinofinder.com\/ja\/?s={search_term_string}"},"query-input":{"@type":"PropertyValueSpecification","valueRequired":true,"valueName":"search_term_string"}}],"inLanguage":"nl-NL"},{"@type":"Organization","@id":"https:\/\/livecasinofinder.com\/ja\/#organization","name":"Live casino zoeken","alternateName":"Lucas oil raceway live casino","url":"https:\/\/livecasinofinder.com\/ja\/","logo":{"@type":"ImageObject","inLanguage":"nl-NL","@id":"https:\/\/livecasinofinder.com\/ja\/#\/schema\/logo\/image\/","url":"https:\/\/livecasinofinder.com\/wp-content\/uploads\/2023\/04\/livecasinofinder-logo.png","contentUrl":"https:\/\/livecasinofinder.com\/wp-content\/uploads\/2023\/04\/livecasinofinder-logo.png","width":1600,"height":453,"caption":"Live Casino Finder"},"image":{"@id":"https:\/\/livecasinofinder.com\/ja\/#\/schema\/logo\/image\/"}}]}},"_links":{"self":[{"href":"https:\/\/livecasinofinder.com\/nl\/wp-json\/wp\/v2\/pages\/2115","targetHints":{"allow":["GET"]}}],"collection":[{"href":"https:\/\/livecasinofinder.com\/nl\/wp-json\/wp\/v2\/pages"}],"about":[{"href":"https:\/\/livecasinofinder.com\/nl\/wp-json\/wp\/v2\/types\/page"}],"author":[{"embeddable":true,"href":"https:\/\/livecasinofinder.com\/nl\/wp-json\/wp\/v2\/users\/1"}],"replies":[{"embeddable":true,"href":"https:\/\/livecasinofinder.com\/nl\/wp-json\/wp\/v2\/comments?post=2115"}],"version-history":[{"count":0,"href":"https:\/\/livecasinofinder.com\/nl\/wp-json\/wp\/v2\/pages\/2115\/revisions"}],"wp:attachment":[{"href":"https:\/\/livecasinofinder.com\/nl\/wp-json\/wp\/v2\/media?parent=2115"}],"curies":[{"name":"wp","href":"https:\/\/api.w.org\/{rel}","templated":true}]}}