{"id":381,"date":"2023-03-15T17:35:24","date_gmt":"2023-03-15T17:35:24","guid":{"rendered":"https:\/\/livecasinofinder.com\/?page_id=381"},"modified":"2025-06-03T11:06:50","modified_gmt":"2025-06-03T11:06:50","slug":"about-us","status":"publish","type":"page","link":"https:\/\/livecasinofinder.com\/lv\/about-us\/","title":{"rendered":"Par mums"},"content":{"rendered":"<p>Laipni l\u016bgti livecasinofinder.com, j\u016bsu uzticamaj\u0101 objekt\u012bvo un informat\u012bvo live casino p\u0101rskatu avot\u0101. M\u016bsu galven\u0101 misija ir sniegt m\u016bsu las\u012bt\u0101jiem prec\u012bzu un aktu\u0101lu inform\u0101ciju par uzticam\u0101kajiem un dro\u0161\u0101kajiem tie\u0161saistes kazino, koncentr\u0113joties uz atbild\u012bgas azartsp\u0113\u013cu prakses veicin\u0101\u0161anu.<\/p>\n<p>L\u012bvkasinofinder.com m\u0113s cen\u0161amies nodro\u0161in\u0101t j\u016bs ar prec\u012bziem un informat\u012bviem p\u0101rskatiem par lab\u0101kajiem live casino, kas pieejami tie\u0161saist\u0113. M\u016bsu galvenais uzdevums ir pal\u012bdz\u0113t jums pie\u0146emt pamatotus l\u0113mumus par to, kur sp\u0113l\u0113t tie\u0161saist\u0113.<\/p>\n<h2>M\u016bsu komanda<\/h2>\n<p><a href=\"\/lv\/recommends\/reg\/\" target=\"_blank\" rel=\"noreferrer noopener nofollow\"><img decoding=\"async\" class=\"wp-image-392 alignright\" src=\"https:\/\/livecasinofinder.com\/wp-content\/uploads\/2023\/03\/team.jpg\" alt=\"Live kazino komanda.\" width=\"346\" height=\"192\" srcset=\"https:\/\/livecasinofinder.com\/wp-content\/uploads\/2023\/03\/team.jpg 597w, https:\/\/livecasinofinder.com\/wp-content\/uploads\/2023\/03\/team-300x166.jpg 300w, https:\/\/livecasinofinder.com\/wp-content\/uploads\/2023\/03\/team-18x10.jpg 18w, https:\/\/livecasinofinder.com\/wp-content\/uploads\/2023\/03\/team-72x40.jpg 72w, https:\/\/livecasinofinder.com\/wp-content\/uploads\/2023\/03\/team-58x32.jpg 58w, https:\/\/livecasinofinder.com\/wp-content\/uploads\/2023\/03\/team-144x80.jpg 144w, https:\/\/livecasinofinder.com\/wp-content\/uploads\/2023\/03\/team-243x135.jpg 243w\" sizes=\"(max-width: 346px) 100vw, 346px\" \/><\/a><\/p>\n<p>M\u016bsu pieredz\u0113ju\u0161u un zino\u0161u recenzentu komanda cen\u0161as sniegt m\u016bsu las\u012bt\u0101jiem vislab\u0101ko iesp\u0113jamo inform\u0101ciju. M\u0113s ticam, ka ir svar\u012bgi veikt pla\u0161u izp\u0113ti un anal\u012bzi, un cen\u0161amies sniegt god\u012bgas un objekt\u012bvas atsauksmes, pamatojoties uz m\u016bsu secin\u0101jumiem.<\/p>\n<h2>M\u016bsu priek\u0161roc\u012bbas<\/h2>\n<p><a href=\"\/lv\/recommends\/reg\/\" target=\"_blank\" rel=\"noreferrer noopener nofollow\"><img decoding=\"async\" class=\"wp-image-384 alignleft\" src=\"https:\/\/livecasinofinder.com\/wp-content\/uploads\/2023\/03\/advantages.jpg\" alt=\"Lucasoilraceway.com priek\u0161roc\u012bbas.\" width=\"496\" height=\"498\" srcset=\"https:\/\/livecasinofinder.com\/wp-content\/uploads\/2023\/03\/advantages.jpg 463w, https:\/\/livecasinofinder.com\/wp-content\/uploads\/2023\/03\/advantages-300x300.jpg 300w, https:\/\/livecasinofinder.com\/wp-content\/uploads\/2023\/03\/advantages-150x150.jpg 150w, https:\/\/livecasinofinder.com\/wp-content\/uploads\/2023\/03\/advantages-12x12.jpg 12w, https:\/\/livecasinofinder.com\/wp-content\/uploads\/2023\/03\/advantages-40x40.jpg 40w, https:\/\/livecasinofinder.com\/wp-content\/uploads\/2023\/03\/advantages-50x50.jpg 50w, https:\/\/livecasinofinder.com\/wp-content\/uploads\/2023\/03\/advantages-100x100.jpg 100w, https:\/\/livecasinofinder.com\/wp-content\/uploads\/2023\/03\/advantages-120x120.jpg 120w, https:\/\/livecasinofinder.com\/wp-content\/uploads\/2023\/03\/advantages-135x135.jpg 135w, https:\/\/livecasinofinder.com\/wp-content\/uploads\/2023\/03\/advantages-270x270.jpg 270w, https:\/\/livecasinofinder.com\/wp-content\/uploads\/2023\/03\/advantages-32x32.jpg 32w, https:\/\/livecasinofinder.com\/wp-content\/uploads\/2023\/03\/advantages-80x80.jpg 80w, https:\/\/livecasinofinder.com\/wp-content\/uploads\/2023\/03\/advantages-134x135.jpg 134w\" sizes=\"(max-width: 496px) 100vw, 496px\" \/><\/a><\/p>\n<p>Viena no livecasinofinder.com izv\u0113les priek\u0161roc\u012bb\u0101m ir m\u016bsu ap\u0146em\u0161an\u0101s sp\u0113l\u0113t atbild\u012bgi. M\u0113s lepojamies ar dro\u0161as un kontrol\u0113tas azartsp\u0113\u013cu prakses veicin\u0101\u0161anu, un m\u016bsu m\u0113r\u0137is ir sniegt m\u016bsu las\u012bt\u0101jiem prec\u012bzu un aktu\u0101lu inform\u0101ciju, lai pal\u012bdz\u0113tu vi\u0146iem pie\u0146emt pamatotus l\u0113mumus par tie\u0161saistes azartsp\u0113l\u0113m.<\/p>\n<p>V\u0113l viena priek\u0161roc\u012bba ir m\u016bsu koncentr\u0113\u0161an\u0101s uz informat\u012bvo saturu. M\u016bsu saturs ir veidots t\u0101, lai b\u016btu noder\u012bgs un informat\u012bvs, sniedzot m\u016bsu las\u012bt\u0101jiem inform\u0101ciju, kas vi\u0146iem nepiecie\u0161ama, lai izlemtu, kur sp\u0113l\u0113t tie\u0161saist\u0113. M\u0113s saprotam, ka tie\u0161saistes azartsp\u0113les var b\u016bt gan aizraujo\u0161as, gan satrauco\u0161as, un m\u0113s cen\u0161amies vienk\u0101r\u0161ot \u0161o procesu, sniedzot detaliz\u0113tas un viegli saprotamas atsauksmes.<\/p>\n<p>K\u0101 neatkar\u012bga vietne m\u0113s neesam saist\u012bti ne ar vienu no tie\u0161saistes kazino, kurus m\u0113s p\u0101rskat\u0101m, kas \u013cauj mums sniegt objekt\u012bvus un objekt\u012bvus p\u0101rskatus, pamatojoties uz pla\u0161u izp\u0113ti un anal\u012bzi. M\u0113s lepojamies ar savu ap\u0146em\u0161anos veicin\u0101t atbild\u012bgu azartsp\u0113\u013cu praksi un koncentr\u0113\u0161anos uz vesel\u012bgu un pat\u012bkamu sp\u0113\u013cu pieredzi.<\/p>\n<p>M\u0113s past\u0101v\u012bgi uzraug\u0101m tie\u0161saistes kazino tirgu un attiec\u012bgi atjaunin\u0101m savus p\u0101rskatus, lai m\u016bsu las\u012bt\u0101ji var\u0113tu b\u016bt soli priek\u0161\u0101 un pie\u0146emt pamatotus l\u0113mumus. M\u0113s esam ap\u0146\u0113mu\u0161ies saviem las\u012bt\u0101jiem un partneriem sniegt p\u0113c iesp\u0113jas lab\u0101kus pakalpojumus, un m\u0113s priec\u0101jamies par atsauksm\u0113m un ieteikumiem. Ja jums ir k\u0101di jaut\u0101jumi vai koment\u0101ri, l\u016bdzu, sazinieties ar mums.<\/p>\n<h2>Secin\u0101jums<\/h2>\n<p>Paldies, ka izv\u0113l\u0113j\u0101ties livecasinofinder.com k\u0101 uzticamu avotu live casino atsauksm\u0113m. M\u0113s esam ap\u0146\u0113mu\u0161ies sniegt vislab\u0101ko iesp\u0113jamo servisu saviem las\u012bt\u0101jiem un partneriem, un m\u0113s priec\u0101jamies par atsauksm\u0113m un ieteikumiem. Ja jums ir k\u0101di jaut\u0101jumi vai koment\u0101ri, l\u016bdzu, sazinieties ar mums. M\u0113s ceram, ka pal\u012bdz\u0113sim jums pie\u0146emt inform\u0113tus l\u0113mumus un g\u016bt pat\u012bkamu un dro\u0161u tie\u0161saistes azartsp\u0113\u013cu pieredzi.<\/p>","protected":false},"excerpt":{"rendered":"<p>Laipni l\u016bgti livecasinofinder.com, j\u016bsu uzticamaj\u0101 objekt\u012bvo un informat\u012bvo live casino p\u0101rskatu avot\u0101. M\u016bsu galven\u0101 misija ir sniegt m\u016bsu las\u012bt\u0101jiem prec\u012bzu un aktu\u0101lu inform\u0101ciju par uzticam\u0101kajiem un dro\u0161\u0101kajiem tie\u0161saistes kazino, koncentr\u0113joties uz atbild\u012bgas azartsp\u0113\u013cu prakses veicin\u0101\u0161anu. L\u012bvecasinofinder.com m\u0113r\u0137is ir sniegt jums prec\u012bzus un informat\u012bvus p\u0101rskatus par kazino, kas [...]<\/p>","protected":false},"author":1,"featured_media":0,"parent":0,"menu_order":0,"comment_status":"closed","ping_status":"closed","template":"page-full-width.php","meta":{"_lmt_disableupdate":"no","_lmt_disable":"no","footnotes":""},"class_list":["post-381","page","type-page","status-publish","hentry"],"yoast_head":"<!-- This site is optimized with the Yoast SEO plugin v26.4 - https:\/\/yoast.com\/wordpress\/plugins\/seo\/ -->\n<title>About Us - Live Casino Finder Team and Mission<\/title>\n<meta name=\"description\" content=\"Learn how Live Casino Finder helps you choose the best live casinos with trusted reviews and expert guidance for a confident gaming experience.\" \/>\n<meta name=\"robots\" content=\"index, follow, max-snippet:-1, max-image-preview:large, max-video-preview:-1\" \/>\n<link rel=\"canonical\" href=\"https:\/\/livecasinofinder.com\/wp-json\/wp\/v2\/pages\/381\/\" \/>\n<meta property=\"og:locale\" content=\"lv_LV\" \/>\n<meta property=\"og:type\" content=\"article\" \/>\n<meta property=\"og:title\" content=\"About Us - Live Casino Finder Team and Mission\" \/>\n<meta property=\"og:description\" content=\"Learn how Live Casino Finder helps you choose the best live casinos with trusted reviews and expert guidance for a confident gaming experience.\" \/>\n<meta property=\"og:url\" content=\"https:\/\/livecasinofinder.com\/lv\/about-us\/\" \/>\n<meta property=\"og:site_name\" content=\"livecasinofinder.com\" \/>\n<meta property=\"article:modified_time\" content=\"2025-06-03T11:06:50+00:00\" \/>\n<meta property=\"og:image\" content=\"https:\/\/livecasinofinder.com\/wp-content\/uploads\/2023\/03\/team.jpg\" \/>\n\t<meta property=\"og:image:width\" content=\"597\" \/>\n\t<meta property=\"og:image:height\" content=\"331\" \/>\n\t<meta property=\"og:image:type\" content=\"image\/jpeg\" \/>\n<meta name=\"twitter:card\" content=\"summary_large_image\" \/>\n<meta name=\"twitter:label1\" content=\"Est. reading time\" \/>\n\t<meta name=\"twitter:data1\" content=\"3 min\u016btes\" \/>\n<!-- \/ Yoast SEO plugin. -->","yoast_head_json":{"title":"About Us - Live Casino Finder Team and Mission","description":"Learn how Live Casino Finder helps you choose the best live casinos with trusted reviews and expert guidance for a confident gaming experience.","robots":{"index":"index","follow":"follow","max-snippet":"max-snippet:-1","max-image-preview":"max-image-preview:large","max-video-preview":"max-video-preview:-1"},"canonical":"https:\/\/livecasinofinder.com\/wp-json\/wp\/v2\/pages\/381\/","og_locale":"lv_LV","og_type":"article","og_title":"About Us - Live Casino Finder Team and Mission","og_description":"Learn how Live Casino Finder helps you choose the best live casinos with trusted reviews and expert guidance for a confident gaming experience.","og_url":"https:\/\/livecasinofinder.com\/lv\/about-us\/","og_site_name":"livecasinofinder.com","article_modified_time":"2025-06-03T11:06:50+00:00","og_image":[{"width":597,"height":331,"url":"https:\/\/livecasinofinder.com\/wp-content\/uploads\/2023\/03\/team.jpg","type":"image\/jpeg"}],"twitter_card":"summary_large_image","twitter_misc":{"Est. reading time":"3 min\u016btes"},"schema":{"@context":"https:\/\/schema.org","@graph":[{"@type":"WebPage","@id":"https:\/\/livecasinofinder.com\/about-us\/","url":"https:\/\/livecasinofinder.com\/about-us\/","name":"About Us - Live Casino Finder Team and Mission","isPartOf":{"@id":"https:\/\/livecasinofinder.com\/ja\/#website"},"primaryImageOfPage":{"@id":"https:\/\/livecasinofinder.com\/about-us\/#primaryimage"},"image":{"@id":"https:\/\/livecasinofinder.com\/about-us\/#primaryimage"},"thumbnailUrl":"https:\/\/livecasinofinder.com\/wp-content\/uploads\/2023\/03\/team.jpg","datePublished":"2023-03-15T17:35:24+00:00","dateModified":"2025-06-03T11:06:50+00:00","description":"Learn how Live Casino Finder helps you choose the best live casinos with trusted reviews and expert guidance for a confident gaming experience.","breadcrumb":{"@id":"https:\/\/livecasinofinder.com\/about-us\/#breadcrumb"},"inLanguage":"lv-LV","potentialAction":[{"@type":"ReadAction","target":["https:\/\/livecasinofinder.com\/about-us\/"]}]},{"@type":"ImageObject","inLanguage":"lv-LV","@id":"https:\/\/livecasinofinder.com\/about-us\/#primaryimage","url":"https:\/\/livecasinofinder.com\/wp-content\/uploads\/2023\/03\/team.jpg","contentUrl":"https:\/\/livecasinofinder.com\/wp-content\/uploads\/2023\/03\/team.jpg"},{"@type":"BreadcrumbList","@id":"https:\/\/livecasinofinder.com\/about-us\/#breadcrumb","itemListElement":[{"@type":"ListItem","position":1,"name":"LiveCasinoFinder.com","item":"https:\/\/livecasinofinder.com\/fr\/"},{"@type":"ListItem","position":2,"name":"About Us"}]},{"@type":"WebSite","@id":"https:\/\/livecasinofinder.com\/ja\/#website","url":"https:\/\/livecasinofinder.com\/ja\/","name":"livecasinofinder","description":"","publisher":{"@id":"https:\/\/livecasinofinder.com\/ja\/#organization"},"alternateName":"Lucas oil raceway live casino","potentialAction":[{"@type":"SearchAction","target":{"@type":"EntryPoint","urlTemplate":"https:\/\/livecasinofinder.com\/ja\/?s={search_term_string}"},"query-input":{"@type":"PropertyValueSpecification","valueRequired":true,"valueName":"search_term_string"}}],"inLanguage":"lv-LV"},{"@type":"Organization","@id":"https:\/\/livecasinofinder.com\/ja\/#organization","name":"\u012astu d\u012bleru kazino mekl\u0113t\u0101js","alternateName":"Lucas oil raceway live casino","url":"https:\/\/livecasinofinder.com\/ja\/","logo":{"@type":"ImageObject","inLanguage":"lv-LV","@id":"https:\/\/livecasinofinder.com\/ja\/#\/schema\/logo\/image\/","url":"https:\/\/livecasinofinder.com\/wp-content\/uploads\/2023\/04\/livecasinofinder-logo.png","contentUrl":"https:\/\/livecasinofinder.com\/wp-content\/uploads\/2023\/04\/livecasinofinder-logo.png","width":1600,"height":453,"caption":"Live Casino Finder"},"image":{"@id":"https:\/\/livecasinofinder.com\/ja\/#\/schema\/logo\/image\/"}}]}},"_links":{"self":[{"href":"https:\/\/livecasinofinder.com\/lv\/wp-json\/wp\/v2\/pages\/381","targetHints":{"allow":["GET"]}}],"collection":[{"href":"https:\/\/livecasinofinder.com\/lv\/wp-json\/wp\/v2\/pages"}],"about":[{"href":"https:\/\/livecasinofinder.com\/lv\/wp-json\/wp\/v2\/types\/page"}],"author":[{"embeddable":true,"href":"https:\/\/livecasinofinder.com\/lv\/wp-json\/wp\/v2\/users\/1"}],"replies":[{"embeddable":true,"href":"https:\/\/livecasinofinder.com\/lv\/wp-json\/wp\/v2\/comments?post=381"}],"version-history":[{"count":0,"href":"https:\/\/livecasinofinder.com\/lv\/wp-json\/wp\/v2\/pages\/381\/revisions"}],"wp:attachment":[{"href":"https:\/\/livecasinofinder.com\/lv\/wp-json\/wp\/v2\/media?parent=381"}],"curies":[{"name":"wp","href":"https:\/\/api.w.org\/{rel}","templated":true}]}}