{"id":2113,"date":"2023-06-20T14:28:59","date_gmt":"2023-06-20T14:28:59","guid":{"rendered":"https:\/\/livecasinofinder.com\/?page_id=2113"},"modified":"2025-06-03T11:11:51","modified_gmt":"2025-06-03T11:11:51","slug":"terms-and-conditions","status":"publish","type":"page","link":"https:\/\/livecasinofinder.com\/lv\/terms-and-conditions\/","title":{"rendered":"Noteikumi un nosac\u012bjumi"},"content":{"rendered":"<p>Laipni l\u016bgti LiveCasinoFinder.com. Turpm\u0101k min\u0113tie noteikumi un nosac\u012bjumi reglament\u0113 t\u012bmek\u013ca vietnes izmanto\u0161anu. <a href=\"\/lv\/\">LiveCasinoFinder.com vietne<\/a>. Pirms m\u016bsu pakalpojumu izmanto\u0161anas ir oblig\u0101ti j\u0101izlasa un j\u0101izprot \u0161ie noteikumi un nosac\u012bjumi.<\/p>\n<div id=\"ez-toc-container\" class=\"ez-toc-v2_0_63 counter-hierarchy ez-toc-counter ez-toc-grey ez-toc-container-direction\">\n<label for=\"ez-toc-cssicon-toggle-item-69d228915620e\" class=\"ez-toc-cssicon-toggle-label\"><span class=\"ez-toc-cssicon\"><span class=\"eztoc-hide\" style=\"display:none;\">P\u0101rsl\u0113gt<\/span><span class=\"ez-toc-icon-toggle-span\"><svg style=\"fill: #999;color:#999\" xmlns=\"http:\/\/www.w3.org\/2000\/svg\" class=\"list-377408\" width=\"20px\" height=\"20px\" viewbox=\"0 0 24 24\" fill=\"none\"><path d=\"M6 6H4v2h2V6zm14 0H8v2h12V6zM4 11h2v2H4v-2zm16 0H8v2h12v-2zM4 16h2v2H4v-2zm16 0H8v2h12v-2z\" fill=\"currentColor\"><\/path><\/svg><svg style=\"fill: #999;color:#999\" class=\"arrow-unsorted-368013\" xmlns=\"http:\/\/www.w3.org\/2000\/svg\" width=\"10px\" height=\"10px\" viewbox=\"0 0 24 24\" version=\"1.2\" baseprofile=\"tiny\"><path d=\"M18.2 9.3l-6.2-6.3-6.2 6.3c-.2.2-.3.4-.3.7s.1.5.3.7c.2.2.4.3.7.3h11c.3 0 .5-.1.7-.3.2-.2.3-.5.3-.7s-.1-.5-.3-.7zM5.8 14.7l6.2 6.3 6.2-6.3c.2-.2.3-.5.3-.7s-.1-.5-.3-.7c-.2-.2-.4-.3-.7-.3h-11c-.3 0-.5.1-.7.3-.2.2-.3.5-.3.7s.1.5.3.7z\"\/><\/svg><\/span><\/span><\/label><input type=\"checkbox\"  id=\"ez-toc-cssicon-toggle-item-69d228915620e\" checked aria-label=\"P\u0101rsl\u0113gt\" \/><nav><ul class='ez-toc-list ez-toc-list-level-1' ><li class='ez-toc-page-1 ez-toc-heading-level-2'><a class=\"ez-toc-link ez-toc-heading-1\" href=\"https:\/\/livecasinofinder.com\/lv\/terms-and-conditions\/#Purpose_of_the_Terms_and_Conditions_and_Information\" title=\"Noteikumu un nosac\u012bjumu m\u0113r\u0137is un inform\u0101cija\">Noteikumu un nosac\u012bjumu m\u0113r\u0137is un inform\u0101cija<\/a><\/li><li class='ez-toc-page-1 ez-toc-heading-level-2'><a class=\"ez-toc-link ez-toc-heading-2\" href=\"https:\/\/livecasinofinder.com\/lv\/terms-and-conditions\/#Disclaimer_and_Legal_Advice\" title=\"Atruna un juridisk\u0101s konsult\u0101cijas\">Atruna un juridisk\u0101s konsult\u0101cijas<\/a><\/li><li class='ez-toc-page-1 ez-toc-heading-level-2'><a class=\"ez-toc-link ez-toc-heading-3\" href=\"https:\/\/livecasinofinder.com\/lv\/terms-and-conditions\/#LiveCasinoFindercom_as_an_Independent_Gambling_Directory_and_Information_Service\" title=\"LiveCasinoFinder.com k\u0101 neatkar\u012bgs azartsp\u0113\u013cu direktorijs un inform\u0101cijas dienests\">LiveCasinoFinder.com k\u0101 neatkar\u012bgs azartsp\u0113\u013cu direktorijs un inform\u0101cijas dienests<\/a><\/li><li class='ez-toc-page-1 ez-toc-heading-level-2'><a class=\"ez-toc-link ez-toc-heading-4\" href=\"https:\/\/livecasinofinder.com\/lv\/terms-and-conditions\/#Accuracy_of_Information\" title=\"Inform\u0101cijas precizit\u0101te\">Inform\u0101cijas precizit\u0101te<\/a><\/li><li class='ez-toc-page-1 ez-toc-heading-level-2'><a class=\"ez-toc-link ez-toc-heading-5\" href=\"https:\/\/livecasinofinder.com\/lv\/terms-and-conditions\/#User_Responsibility_for_Legality_of_Games_and_Wagers\" title=\"Lietot\u0101ja atbild\u012bba par sp\u0113\u013cu un likmju likum\u012bbu\">Lietot\u0101ja atbild\u012bba par sp\u0113\u013cu un likmju likum\u012bbu<\/a><\/li><li class='ez-toc-page-1 ez-toc-heading-level-2'><a class=\"ez-toc-link ez-toc-heading-6\" href=\"https:\/\/livecasinofinder.com\/lv\/terms-and-conditions\/#Limitation_of_Liability\" title=\"Atbild\u012bbas ierobe\u017eo\u0161ana\">Atbild\u012bbas ierobe\u017eo\u0161ana<\/a><\/li><li class='ez-toc-page-1 ez-toc-heading-level-2'><a class=\"ez-toc-link ez-toc-heading-7\" href=\"https:\/\/livecasinofinder.com\/lv\/terms-and-conditions\/#Modification_of_Information_and_Future_Obligations\" title=\"Inform\u0101cijas un n\u0101kotnes saist\u012bbu izmai\u0146as\">Inform\u0101cijas un n\u0101kotnes saist\u012bbu izmai\u0146as<\/a><\/li><li class='ez-toc-page-1 ez-toc-heading-level-2'><a class=\"ez-toc-link ez-toc-heading-8\" href=\"https:\/\/livecasinofinder.com\/lv\/terms-and-conditions\/#Trademarks_and_Copyrights\" title=\"Pre\u010du z\u012bmes un autorties\u012bbas\">Pre\u010du z\u012bmes un autorties\u012bbas<\/a><\/li><li class='ez-toc-page-1 ez-toc-heading-level-2'><a class=\"ez-toc-link ez-toc-heading-9\" href=\"https:\/\/livecasinofinder.com\/lv\/terms-and-conditions\/#Copying_and_Transmission_Restrictions\" title=\"Kop\u0113\u0161anas un p\u0101rs\u016bt\u012b\u0161anas ierobe\u017eojumi\">Kop\u0113\u0161anas un p\u0101rs\u016bt\u012b\u0161anas ierobe\u017eojumi<\/a><\/li><li class='ez-toc-page-1 ez-toc-heading-level-2'><a class=\"ez-toc-link ez-toc-heading-10\" href=\"https:\/\/livecasinofinder.com\/lv\/terms-and-conditions\/#Intellectual_Property_Rights\" title=\"Intelektu\u0101l\u0101 \u012bpa\u0161uma ties\u012bbas\">Intelektu\u0101l\u0101 \u012bpa\u0161uma ties\u012bbas<\/a><\/li><li class='ez-toc-page-1 ez-toc-heading-level-2'><a class=\"ez-toc-link ez-toc-heading-11\" href=\"https:\/\/livecasinofinder.com\/lv\/terms-and-conditions\/#Information_Accuracy_and_Reporting\" title=\"Inform\u0101cijas precizit\u0101te un zi\u0146o\u0161ana\">Inform\u0101cijas precizit\u0101te un zi\u0146o\u0161ana<\/a><\/li><li class='ez-toc-page-1 ez-toc-heading-level-2'><a class=\"ez-toc-link ez-toc-heading-12\" href=\"https:\/\/livecasinofinder.com\/lv\/terms-and-conditions\/#Content_Removal_and_Discretion_of_livecasinofindercom\" title=\"Satura iz\u0146em\u0161ana un livecasinofinder.com r\u012bc\u012bbas br\u012bv\u012bba\">Satura iz\u0146em\u0161ana un livecasinofinder.com r\u012bc\u012bbas br\u012bv\u012bba<\/a><\/li><li class='ez-toc-page-1 ez-toc-heading-level-2'><a class=\"ez-toc-link ez-toc-heading-13\" href=\"https:\/\/livecasinofinder.com\/lv\/terms-and-conditions\/#Live_Casino_Finder_Complaints_Service\" title=\"Live Casino Finder s\u016bdz\u012bbu dienests\">Live Casino Finder s\u016bdz\u012bbu dienests<\/a><\/li><li class='ez-toc-page-1 ez-toc-heading-level-2'><a class=\"ez-toc-link ez-toc-heading-14\" href=\"https:\/\/livecasinofinder.com\/lv\/terms-and-conditions\/#Terms_and_Conditions_of_LiveCasinoFindercom\" title=\"LiveCasinoFinder.com noteikumi un nosac\u012bjumi\">LiveCasinoFinder.com noteikumi un nosac\u012bjumi<\/a><\/li><li class='ez-toc-page-1 ez-toc-heading-level-2'><a class=\"ez-toc-link ez-toc-heading-15\" href=\"https:\/\/livecasinofinder.com\/lv\/terms-and-conditions\/#Conclusion\" title=\"Secin\u0101jums\">Secin\u0101jums<\/a><\/li><\/ul><\/nav><\/div>\n\n<h2><span class=\"ez-toc-section\" id=\"Purpose_of_the_Terms_and_Conditions_and_Information\"><\/span>Noteikumu un nosac\u012bjumu m\u0113r\u0137is un inform\u0101cija<span class=\"ez-toc-section-end\"><\/span><\/h2>\n<p>\u0160eit izkl\u0101st\u012bto noteikumu un nosac\u012bjumu m\u0113r\u0137is ir izkl\u0101st\u012bt noteikumus un normas, kas nosaka attiec\u012bbas starp LiveCasinoFinder.com un t\u0101 lietot\u0101jiem. Lietot\u0101jiem ir svar\u012bgi saprast savas ties\u012bbas, pien\u0101kumus un LiveCasinoFinder.com sniegto pakalpojumu izmanto\u0161anas ierobe\u017eojumus.<\/p>\n<h2><span class=\"ez-toc-section\" id=\"Disclaimer_and_Legal_Advice\"><\/span>Atruna un juridisk\u0101s konsult\u0101cijas<span class=\"ez-toc-section-end\"><\/span><\/h2>\n<p>L\u016bdzu, \u0146emiet v\u0113r\u0101, ka LiveCasinoFinder.com saturs ir tikai informat\u012bvs. Nekas \u0161aj\u0101 vietn\u0113 nav uzskat\u0101ms par juridisku konsult\u0101ciju. Lietot\u0101jiem ir j\u0101konsult\u0113jas ar juristu par juridiskiem jaut\u0101jumiem, jo \u012bpa\u0161i saist\u012bb\u0101 ar tie\u0161saistes azartsp\u0113l\u0113m.<\/p>\n<h2><span class=\"ez-toc-section\" id=\"LiveCasinoFindercom_as_an_Independent_Gambling_Directory_and_Information_Service\"><\/span>LiveCasinoFinder.com k\u0101 neatkar\u012bgs azartsp\u0113\u013cu direktorijs un inform\u0101cijas dienests<span class=\"ez-toc-section-end\"><\/span><\/h2>\n<p>LiveCasinoFinder.com ir neatkar\u012bgs tie\u0161saistes direktorijs un inform\u0101cijas dienests, kas pied\u0101v\u0101 p\u0101rskatus un ieskatu live casino. M\u0113s nesniedzam nek\u0101dus azartsp\u0113\u013cu pakalpojumus un neesam saist\u012bti ne ar vienu kazino operatoru.<\/p>\n<h2><span class=\"ez-toc-section\" id=\"Accuracy_of_Information\"><\/span>Inform\u0101cijas precizit\u0101te<span class=\"ez-toc-section-end\"><\/span><\/h2>\n<p>Lai gan LiveCasinoFinder.com pieliek lielas p\u016bles, lai nodro\u0161in\u0101tu, ka sniegt\u0101 inform\u0101cija ir prec\u012bza un aktu\u0101la, m\u0113s nevaram garant\u0113t t\u0101s piln\u012bgu precizit\u0101ti. Lietot\u0101ji tiek aicin\u0101ti r\u012bkoties apdom\u012bgi un p\u0101rbaud\u012bt inform\u0101ciju patst\u0101v\u012bgi.<\/p>\n<h2><span class=\"ez-toc-section\" id=\"User_Responsibility_for_Legality_of_Games_and_Wagers\"><\/span>Lietot\u0101ja atbild\u012bba par sp\u0113\u013cu un likmju likum\u012bbu<span class=\"ez-toc-section-end\"><\/span><\/h2>\n<p>K\u0101 LiveCasinoFinder.com lietot\u0101js J\u016bs esat piln\u012bb\u0101 atbild\u012bgs par to, lai nodro\u0161in\u0101tu, ka J\u016bs atbilstat J\u016bsu jurisdikcij\u0101 sp\u0113k\u0101 eso\u0161ajiem azartsp\u0113\u013cu likumiem un noteikumiem. Tas ietver ar\u012b sp\u0113\u013cu un likmju, kur\u0101s piedal\u0101ties, likum\u012bbu.<\/p>\n<h2><span class=\"ez-toc-section\" id=\"Limitation_of_Liability\"><\/span>Atbild\u012bbas ierobe\u017eo\u0161ana<span class=\"ez-toc-section-end\"><\/span><\/h2>\n<p>Izmantojot LiveCasinoFinder.com, j\u016bs piekr\u012btat atl\u012bdzin\u0101t vietni, t\u0101s darbiniekus un saist\u012btos uz\u0146\u0113mumus pret jebk\u0101d\u0101m pras\u012bb\u0101m, zaud\u0113jumiem vai cit\u0101m saist\u012bb\u0101m, kas var rasties no sniegt\u0101s inform\u0101cijas vai pakalpojumu izmanto\u0161anas.<\/p>\n<h2><span class=\"ez-toc-section\" id=\"Modification_of_Information_and_Future_Obligations\"><\/span>Inform\u0101cijas un n\u0101kotnes saist\u012bbu izmai\u0146as<span class=\"ez-toc-section-end\"><\/span><\/h2>\n<p>LiveCasinoFinder.com patur ties\u012bbas main\u012bt vai dz\u0113st jebkuru sniegto inform\u0101ciju bez iepriek\u0161\u0113ja br\u012bdin\u0101juma. Lietot\u0101jiem tiek ieteikts regul\u0101ri p\u0101rskat\u012bt Noteikumus un nosac\u012bjumus, lai uzzin\u0101tu, vai tie nav atjaunin\u0101ti.<\/p>\n<h2><span class=\"ez-toc-section\" id=\"Trademarks_and_Copyrights\"><\/span>Pre\u010du z\u012bmes un autorties\u012bbas<span class=\"ez-toc-section-end\"><\/span><\/h2>\n<p>Viss LiveCasinoFinder.com saturs, tostarp teksts, att\u0113li un logotipi, ir vietnes vai t\u0101s satura pieg\u0101d\u0101t\u0101ju \u012bpa\u0161ums, un to aizsarg\u0101 starptautiskie autorties\u012bbu likumi.<\/p>\n<h2><span class=\"ez-toc-section\" id=\"Copying_and_Transmission_Restrictions\"><\/span>Kop\u0113\u0161anas un p\u0101rs\u016bt\u012b\u0161anas ierobe\u017eojumi<span class=\"ez-toc-section-end\"><\/span><\/h2>\n<p>Lietot\u0101jiem ir aizliegts kop\u0113t, izplat\u012bt vai p\u0101rpublic\u0113t jebkuru LiveCasinoFinder.com satura da\u013cu bez skaidras rakstiskas at\u013caujas no vietnes \u012bpa\u0161niekiem.<\/p>\n<h2><span class=\"ez-toc-section\" id=\"Intellectual_Property_Rights\"><\/span>Intelektu\u0101l\u0101 \u012bpa\u0161uma ties\u012bbas<span class=\"ez-toc-section-end\"><\/span><\/h2>\n<p>LiveCasinoFinder.com pieder intelektu\u0101l\u0101 \u012bpa\u0161uma ties\u012bbas uz saturu, pakalpojumiem un pre\u010du z\u012bm\u0113m \u0161aj\u0101 vietn\u0113. Jebkuras no \u0161\u012bm \u012bpa\u0161\u012bb\u0101m neat\u013cauta izmanto\u0161ana ir stingri aizliegta, un par to var tikt ierosin\u0101ta tiesved\u012bba.<\/p>\n<h2><span class=\"ez-toc-section\" id=\"Information_Accuracy_and_Reporting\"><\/span>Inform\u0101cijas precizit\u0101te un zi\u0146o\u0161ana<span class=\"ez-toc-section-end\"><\/span><\/h2>\n<p>Ja vietn\u0113 LiveCasinoFinder.com atrodat neprec\u012bzu vai maldino\u0161u inform\u0101ciju, l\u016bdzu, zi\u0146ojiet mums par to. M\u0113s cen\u0161amies sasniegt izcil\u012bbu un nov\u0113rt\u0113jam m\u016bsu lietot\u0101ju sadarb\u012bbu, lai saglab\u0101tu m\u016bsu vietnes integrit\u0101ti.<\/p>\n<h2><span class=\"ez-toc-section\" id=\"Content_Removal_and_Discretion_of_livecasinofindercom\"><\/span>Satura iz\u0146em\u0161ana un livecasinofinder.com r\u012bc\u012bbas br\u012bv\u012bba<span class=\"ez-toc-section-end\"><\/span><\/h2>\n<p>Saturu var dz\u0113st vai main\u012bt p\u0113c livecasinofinder.com ieskatiem saska\u0146\u0101 ar m\u016bsu noteikumiem un piem\u0113rojamiem ties\u012bbu aktiem.<\/p>\n<h2><span class=\"ez-toc-section\" id=\"Live_Casino_Finder_Complaints_Service\"><\/span>Live Casino Finder s\u016bdz\u012bbu dienests<span class=\"ez-toc-section-end\"><\/span><\/h2>\n<p>Ja Jums ir k\u0101das s\u016bdz\u012bbas vai probl\u0113mas saist\u012bb\u0101 ar LiveCasinoFinder.com sniegtajiem pakalpojumiem, l\u016bdzu, sazinieties ar mums, izmantojot m\u016bsu S\u016bdz\u012bbu dienestu. M\u0113s augstu v\u0113rt\u0113jam j\u016bsu atsauksmes un risin\u0101sim j\u016bsu probl\u0113mas, cik vien labi sp\u0113sim.<\/p>\n<h2><span class=\"ez-toc-section\" id=\"Terms_and_Conditions_of_LiveCasinoFindercom\"><\/span>LiveCasinoFinder.com noteikumi un nosac\u012bjumi<span class=\"ez-toc-section-end\"><\/span><\/h2>\n<p>Izmantojot \u0161o vietni, j\u016bs piekr\u012btat \u0161aj\u0101 dokument\u0101 izkl\u0101st\u012btajiem noteikumiem un nosac\u012bjumiem. Turpm\u0101ka vietnes lieto\u0161ana p\u0113c jebk\u0101diem \u0161o Noteikumu un nosac\u012bjumu atjaunin\u0101jumiem noz\u012bm\u0113, ka j\u016bs piekr\u012btat izmai\u0146\u0101m.<\/p>\n<h2><span class=\"ez-toc-section\" id=\"Conclusion\"><\/span>Secin\u0101jums<span class=\"ez-toc-section-end\"><\/span><\/h2>\n<p>Izmantojot LiveCasinoFinder.com, J\u016bs piekr\u012btat \u0161aj\u0101 dokument\u0101 izkl\u0101st\u012btajiem noteikumiem un nosac\u012bjumiem. J\u016bsu pien\u0101kums ir b\u016bt inform\u0113tam par \u0161iem Noteikumiem un nosac\u012bjumiem un izmantot \u0161o vietni un t\u0101s inform\u0101ciju atbild\u012bgi un saska\u0146\u0101 ar likumu.<\/p>","protected":false},"excerpt":{"rendered":"<p>Laipni l\u016bgti LiveCasinoFinder.com. \u0160ie noteikumi un nosac\u012bjumi reglament\u0113 LiveCasinoFinder.com vietnes izmanto\u0161anu. Pirms m\u016bsu pakalpojumu izmanto\u0161anas jums ir oblig\u0101ti j\u0101izlasa un j\u0101izprot \u0161ie Noteikumi un nosac\u012bjumi. Noteikumu un nosac\u012bjumu m\u0113r\u0137is un inform\u0101cija \u0160eit izkl\u0101st\u012bto Noteikumu un nosac\u012bjumu m\u0113r\u0137is ir izkl\u0101st\u012bt noteikumus un normas, kas nosaka [...]<\/p>","protected":false},"author":1,"featured_media":0,"parent":0,"menu_order":0,"comment_status":"closed","ping_status":"closed","template":"page-no-sidebar.php","meta":{"_lmt_disableupdate":"no","_lmt_disable":"no","footnotes":""},"class_list":["post-2113","page","type-page","status-publish","hentry"],"yoast_head":"<!-- This site is optimized with the Yoast SEO plugin v26.4 - https:\/\/yoast.com\/wordpress\/plugins\/seo\/ -->\n<title>Terms and Conditions Overview<\/title>\n<meta name=\"description\" content=\"Review the terms and conditions of Live Casino Finder to understand your rights and responsibilities while using our site and services.\" \/>\n<meta name=\"robots\" content=\"index, follow, max-snippet:-1, max-image-preview:large, max-video-preview:-1\" \/>\n<link rel=\"canonical\" href=\"https:\/\/livecasinofinder.com\/wp-json\/wp\/v2\/pages\/2113\/\" \/>\n<meta property=\"og:locale\" content=\"lv_LV\" \/>\n<meta property=\"og:type\" content=\"article\" \/>\n<meta property=\"og:title\" content=\"Terms and Conditions Overview\" \/>\n<meta property=\"og:description\" content=\"Review the terms and conditions of Live Casino Finder to understand your rights and responsibilities while using our site and services.\" \/>\n<meta property=\"og:url\" content=\"https:\/\/livecasinofinder.com\/lv\/terms-and-conditions\/\" \/>\n<meta property=\"og:site_name\" content=\"livecasinofinder.com\" \/>\n<meta property=\"article:modified_time\" content=\"2025-06-03T11:11:51+00:00\" \/>\n<meta property=\"og:image\" content=\"https:\/\/livecasinofinder.com\/wp-content\/uploads\/2023\/03\/lucasoilraceway-logo-1.png\" \/>\n\t<meta property=\"og:image:width\" content=\"427\" \/>\n\t<meta property=\"og:image:height\" content=\"145\" \/>\n\t<meta property=\"og:image:type\" content=\"image\/png\" \/>\n<meta name=\"twitter:card\" content=\"summary_large_image\" \/>\n<meta name=\"twitter:label1\" content=\"Est. reading time\" \/>\n\t<meta name=\"twitter:data1\" content=\"3 min\u016btes\" \/>\n<!-- \/ Yoast SEO plugin. -->","yoast_head_json":{"title":"Terms and Conditions Overview","description":"Review the terms and conditions of Live Casino Finder to understand your rights and responsibilities while using our site and services.","robots":{"index":"index","follow":"follow","max-snippet":"max-snippet:-1","max-image-preview":"max-image-preview:large","max-video-preview":"max-video-preview:-1"},"canonical":"https:\/\/livecasinofinder.com\/wp-json\/wp\/v2\/pages\/2113\/","og_locale":"lv_LV","og_type":"article","og_title":"Terms and Conditions Overview","og_description":"Review the terms and conditions of Live Casino Finder to understand your rights and responsibilities while using our site and services.","og_url":"https:\/\/livecasinofinder.com\/lv\/terms-and-conditions\/","og_site_name":"livecasinofinder.com","article_modified_time":"2025-06-03T11:11:51+00:00","og_image":[{"width":427,"height":145,"url":"https:\/\/livecasinofinder.com\/wp-content\/uploads\/2023\/03\/lucasoilraceway-logo-1.png","type":"image\/png"}],"twitter_card":"summary_large_image","twitter_misc":{"Est. reading time":"3 min\u016btes"},"schema":{"@context":"https:\/\/schema.org","@graph":[{"@type":"WebPage","@id":"https:\/\/livecasinofinder.com\/terms-and-conditions\/","url":"https:\/\/livecasinofinder.com\/terms-and-conditions\/","name":"Terms and Conditions Overview","isPartOf":{"@id":"https:\/\/livecasinofinder.com\/ja\/#website"},"datePublished":"2023-06-20T14:28:59+00:00","dateModified":"2025-06-03T11:11:51+00:00","description":"Review the terms and conditions of Live Casino Finder to understand your rights and responsibilities while using our site and services.","breadcrumb":{"@id":"https:\/\/livecasinofinder.com\/terms-and-conditions\/#breadcrumb"},"inLanguage":"lv-LV","potentialAction":[{"@type":"ReadAction","target":["https:\/\/livecasinofinder.com\/terms-and-conditions\/"]}]},{"@type":"BreadcrumbList","@id":"https:\/\/livecasinofinder.com\/terms-and-conditions\/#breadcrumb","itemListElement":[{"@type":"ListItem","position":1,"name":"LiveCasinoFinder.com","item":"https:\/\/livecasinofinder.com\/fr\/"},{"@type":"ListItem","position":2,"name":"Terms and Conditions"}]},{"@type":"WebSite","@id":"https:\/\/livecasinofinder.com\/ja\/#website","url":"https:\/\/livecasinofinder.com\/ja\/","name":"livecasinofinder","description":"","publisher":{"@id":"https:\/\/livecasinofinder.com\/ja\/#organization"},"alternateName":"Lucas oil raceway live casino","potentialAction":[{"@type":"SearchAction","target":{"@type":"EntryPoint","urlTemplate":"https:\/\/livecasinofinder.com\/ja\/?s={search_term_string}"},"query-input":{"@type":"PropertyValueSpecification","valueRequired":true,"valueName":"search_term_string"}}],"inLanguage":"lv-LV"},{"@type":"Organization","@id":"https:\/\/livecasinofinder.com\/ja\/#organization","name":"\u012astu d\u012bleru kazino mekl\u0113t\u0101js","alternateName":"Lucas oil raceway live casino","url":"https:\/\/livecasinofinder.com\/ja\/","logo":{"@type":"ImageObject","inLanguage":"lv-LV","@id":"https:\/\/livecasinofinder.com\/ja\/#\/schema\/logo\/image\/","url":"https:\/\/livecasinofinder.com\/wp-content\/uploads\/2023\/04\/livecasinofinder-logo.png","contentUrl":"https:\/\/livecasinofinder.com\/wp-content\/uploads\/2023\/04\/livecasinofinder-logo.png","width":1600,"height":453,"caption":"Live Casino Finder"},"image":{"@id":"https:\/\/livecasinofinder.com\/ja\/#\/schema\/logo\/image\/"}}]}},"_links":{"self":[{"href":"https:\/\/livecasinofinder.com\/lv\/wp-json\/wp\/v2\/pages\/2113","targetHints":{"allow":["GET"]}}],"collection":[{"href":"https:\/\/livecasinofinder.com\/lv\/wp-json\/wp\/v2\/pages"}],"about":[{"href":"https:\/\/livecasinofinder.com\/lv\/wp-json\/wp\/v2\/types\/page"}],"author":[{"embeddable":true,"href":"https:\/\/livecasinofinder.com\/lv\/wp-json\/wp\/v2\/users\/1"}],"replies":[{"embeddable":true,"href":"https:\/\/livecasinofinder.com\/lv\/wp-json\/wp\/v2\/comments?post=2113"}],"version-history":[{"count":0,"href":"https:\/\/livecasinofinder.com\/lv\/wp-json\/wp\/v2\/pages\/2113\/revisions"}],"wp:attachment":[{"href":"https:\/\/livecasinofinder.com\/lv\/wp-json\/wp\/v2\/media?parent=2113"}],"curies":[{"name":"wp","href":"https:\/\/api.w.org\/{rel}","templated":true}]}}