{"id":2111,"date":"2023-06-20T14:33:04","date_gmt":"2023-06-20T14:33:04","guid":{"rendered":"https:\/\/livecasinofinder.com\/?page_id=2111"},"modified":"2025-06-03T11:11:12","modified_gmt":"2025-06-03T11:11:12","slug":"responsible-gaming","status":"publish","type":"page","link":"https:\/\/livecasinofinder.com\/lv\/responsible-gaming\/","title":{"rendered":"Atbild\u012bga sp\u0113l\u0113\u0161ana"},"content":{"rendered":"<p>Laipni l\u016bdzam <a href=\"\/lv\/live-casinos\/\">\u012astu d\u012bleru kazino<\/a> Finder, kur m\u016bsu platformas st\u016brakmens ir atbild\u012bgas sp\u0113les. M\u0113s esam ap\u0146\u0113mu\u0161ies aizst\u0101v\u0113t atbild\u012bgu azartsp\u0113\u013cu praksi un rad\u012bt dro\u0161u un pat\u012bkamu vidi m\u016bsu lietot\u0101jiem. Dzi\u013ci izprotot azartsp\u0113\u013cu risku sare\u017e\u0123\u012bt\u012bbu un iesp\u0113jamo ietekmi uz gar\u012bgo vesel\u012bbu, m\u0113s cen\u0161amies dot iesp\u0113ju sp\u0113l\u0113t\u0101jiem iesaist\u012bties atbild\u012bg\u0101 azartsp\u0113\u013cu sp\u0113l\u0113\u0161anas praks\u0113.<\/p>\n<div id=\"ez-toc-container\" class=\"ez-toc-v2_0_63 counter-hierarchy ez-toc-counter ez-toc-grey ez-toc-container-direction\">\n<label for=\"ez-toc-cssicon-toggle-item-69d5d2093b09b\" class=\"ez-toc-cssicon-toggle-label\"><span class=\"ez-toc-cssicon\"><span class=\"eztoc-hide\" style=\"display:none;\">P\u0101rsl\u0113gt<\/span><span class=\"ez-toc-icon-toggle-span\"><svg style=\"fill: #999;color:#999\" xmlns=\"http:\/\/www.w3.org\/2000\/svg\" class=\"list-377408\" width=\"20px\" height=\"20px\" viewbox=\"0 0 24 24\" fill=\"none\"><path d=\"M6 6H4v2h2V6zm14 0H8v2h12V6zM4 11h2v2H4v-2zm16 0H8v2h12v-2zM4 16h2v2H4v-2zm16 0H8v2h12v-2z\" fill=\"currentColor\"><\/path><\/svg><svg style=\"fill: #999;color:#999\" class=\"arrow-unsorted-368013\" xmlns=\"http:\/\/www.w3.org\/2000\/svg\" width=\"10px\" height=\"10px\" viewbox=\"0 0 24 24\" version=\"1.2\" baseprofile=\"tiny\"><path d=\"M18.2 9.3l-6.2-6.3-6.2 6.3c-.2.2-.3.4-.3.7s.1.5.3.7c.2.2.4.3.7.3h11c.3 0 .5-.1.7-.3.2-.2.3-.5.3-.7s-.1-.5-.3-.7zM5.8 14.7l6.2 6.3 6.2-6.3c.2-.2.3-.5.3-.7s-.1-.5-.3-.7c-.2-.2-.4-.3-.7-.3h-11c-.3 0-.5.1-.7.3-.2.2-.3.5-.3.7s.1.5.3.7z\"\/><\/svg><\/span><\/span><\/label><input type=\"checkbox\"  id=\"ez-toc-cssicon-toggle-item-69d5d2093b09b\" checked aria-label=\"P\u0101rsl\u0113gt\" \/><nav><ul class='ez-toc-list ez-toc-list-level-1' ><li class='ez-toc-page-1 ez-toc-heading-level-2'><a class=\"ez-toc-link ez-toc-heading-1\" href=\"https:\/\/livecasinofinder.com\/lv\/responsible-gaming\/#The_Imperative_of_Responsible_Gaming\" title=\"Atbild\u012bgas sp\u0113l\u0113\u0161anas nepiecie\u0161am\u012bba\">Atbild\u012bgas sp\u0113l\u0113\u0161anas nepiecie\u0161am\u012bba<\/a><\/li><li class='ez-toc-page-1 ez-toc-heading-level-2'><a class=\"ez-toc-link ez-toc-heading-2\" href=\"https:\/\/livecasinofinder.com\/lv\/responsible-gaming\/#The_Intricacies_of_Gambling_Risks\" title=\"Azartsp\u0113\u013cu risku sare\u017e\u0123\u012bt\u012bba\">Azartsp\u0113\u013cu risku sare\u017e\u0123\u012bt\u012bba<\/a><\/li><li class='ez-toc-page-1 ez-toc-heading-level-2'><a class=\"ez-toc-link ez-toc-heading-3\" href=\"https:\/\/livecasinofinder.com\/lv\/responsible-gaming\/#Recognizing_Gambling_Addiction\" title=\"Azartsp\u0113\u013cu atkar\u012bbas atpaz\u012b\u0161ana\">Azartsp\u0113\u013cu atkar\u012bbas atpaz\u012b\u0161ana<\/a><\/li><li class='ez-toc-page-1 ez-toc-heading-level-2'><a class=\"ez-toc-link ez-toc-heading-4\" href=\"https:\/\/livecasinofinder.com\/lv\/responsible-gaming\/#Gambling_and_Mental_Health\" title=\"Azartsp\u0113les un gar\u012bg\u0101 vesel\u012bba\">Azartsp\u0113les un gar\u012bg\u0101 vesel\u012bba<\/a><\/li><li class='ez-toc-page-1 ez-toc-heading-level-2'><a class=\"ez-toc-link ez-toc-heading-5\" href=\"https:\/\/livecasinofinder.com\/lv\/responsible-gaming\/#Effective_Strategies_for_Responsible_Gambling\" title=\"Efekt\u012bvas strat\u0113\u0123ijas atbild\u012bgam azartsp\u0113\u013cu sp\u0113l\u0113\u0161anai\">Efekt\u012bvas strat\u0113\u0123ijas atbild\u012bgam azartsp\u0113\u013cu sp\u0113l\u0113\u0161anai<\/a><\/li><li class='ez-toc-page-1 ez-toc-heading-level-2'><a class=\"ez-toc-link ez-toc-heading-6\" href=\"https:\/\/livecasinofinder.com\/lv\/responsible-gaming\/#Tools_and_Resources_for_Responsible_Gambling\" title=\"Atbild\u012bgu azartsp\u0113\u013cu r\u012bki un resursi\">Atbild\u012bgu azartsp\u0113\u013cu r\u012bki un resursi<\/a><\/li><li class='ez-toc-page-1 ez-toc-heading-level-2'><a class=\"ez-toc-link ez-toc-heading-7\" href=\"https:\/\/livecasinofinder.com\/lv\/responsible-gaming\/#The_Role_of_Online_Gaming_Operators_in_Responsible_Gambling\" title=\"Tie\u0161saistes azartsp\u0113\u013cu operatoru loma atbild\u012bg\u0101 sp\u0113l\u0113\u0161an\u0101\">Tie\u0161saistes azartsp\u0113\u013cu operatoru loma atbild\u012bg\u0101 sp\u0113l\u0113\u0161an\u0101<\/a><\/li><li class='ez-toc-page-1 ez-toc-heading-level-2'><a class=\"ez-toc-link ez-toc-heading-8\" href=\"https:\/\/livecasinofinder.com\/lv\/responsible-gaming\/#Preventative_Measures_for_Player_Protection\" title=\"Prevent\u012bvi pas\u0101kumi sp\u0113l\u0113t\u0101ju aizsardz\u012bbai\">Prevent\u012bvi pas\u0101kumi sp\u0113l\u0113t\u0101ju aizsardz\u012bbai<\/a><\/li><\/ul><\/nav><\/div>\n\n<h2><span class=\"ez-toc-section\" id=\"The_Imperative_of_Responsible_Gaming\"><\/span>Atbild\u012bgas sp\u0113l\u0113\u0161anas nepiecie\u0161am\u012bba<span class=\"ez-toc-section-end\"><\/span><\/h2>\n<p>Uz\u0146\u0113mum\u0101 Live Casino Finder atbild\u012bgas sp\u0113les nav tikai koncepcija, bet gan pamatv\u0113rt\u012bba, kas ir m\u016bsu darb\u012bbas pamat\u0101. M\u0113s uzskat\u0101m, ka, lai gan azartsp\u0113les var b\u016bt aizraujo\u0161as, ir svar\u012bgi nodro\u0161in\u0101t, ka t\u0101s tiek izmantotas atbild\u012bgi. M\u016bsu m\u0113r\u0137is ir nodro\u0161in\u0101t vidi, kur\u0101 sp\u0113l\u0113t\u0101ji var pie\u0146emt apzin\u0101tus l\u0113mumus un atbild\u012bgi izbaud\u012bt live casino sp\u0113\u013cu azartu.<\/p>\n<h2><span class=\"ez-toc-section\" id=\"The_Intricacies_of_Gambling_Risks\"><\/span>Azartsp\u0113\u013cu risku sare\u017e\u0123\u012bt\u012bba<span class=\"ez-toc-section-end\"><\/span><\/h2>\n<p>M\u0113s apzin\u0101mies, cik svar\u012bgi ir sniegt saviem lietot\u0101jiem zin\u0101\u0161anas par azartsp\u0113\u013cu risku nians\u0113m. Izpratne par \u0161iem riskiem, tostarp par iesp\u0113jamiem finansi\u0101liem zaud\u0113jumiem, ir \u013coti svar\u012bga, lai izdar\u012btu apzin\u0101tu izv\u0113li. Apzinoties \u0161o sare\u017e\u0123\u012bt\u012bbu, sp\u0113l\u0113t\u0101ji var iesaist\u012bties live casino sp\u0113l\u0113s atbild\u012bgi un saglab\u0101t kontroli p\u0101r sav\u0101m der\u012bbu darb\u012bb\u0101m.<\/p>\n<h2><span class=\"ez-toc-section\" id=\"Recognizing_Gambling_Addiction\"><\/span>Azartsp\u0113\u013cu atkar\u012bbas atpaz\u012b\u0161ana<span class=\"ez-toc-section-end\"><\/span><\/h2>\n<p>Uz\u0146\u0113mum\u0101 Live Casino Finder m\u0113s cen\u0161amies atpaz\u012bt un risin\u0101t azartsp\u0113\u013cu atkar\u012bbas probl\u0113mu. M\u0113s saprotam, ka azartsp\u0113les da\u017eiem cilv\u0113kiem var k\u013c\u016bt par nopietnu probl\u0113mu, kas ietekm\u0113 vi\u0146u person\u012bgo un finansi\u0101lo labkl\u0101j\u012bbu. M\u0113s aicin\u0101m m\u016bsu lietot\u0101jus apzin\u0101ties sevi un nekav\u0113joties mekl\u0113t pal\u012bdz\u012bbu, ja vi\u0146iem ir aizdomas par azartsp\u0113\u013cu atkar\u012bbu.<\/p>\n<h2><span class=\"ez-toc-section\" id=\"Gambling_and_Mental_Health\"><\/span>Azartsp\u0113les un gar\u012bg\u0101 vesel\u012bba<span class=\"ez-toc-section-end\"><\/span><\/h2>\n<p>M\u0113s saprotam, ka azartsp\u0113les un gar\u012bg\u0101 vesel\u012bba ir b\u016btiski saist\u012btas. T\u0101p\u0113c m\u0113s esam ap\u0146\u0113mu\u0161ies veicin\u0101t pozit\u012bvu un vesel\u012bgu dom\u0101\u0161anu m\u016bsu lietot\u0101ju vid\u016b. M\u016bsu m\u0113r\u0137is ir rad\u012bt vidi, kur\u0101 sp\u0113l\u0113t\u0101ji var atbild\u012bgi baud\u012bt live casino azartsp\u0113les, neapdraudot savu gar\u012bgo labsaj\u016btu.<\/p>\n<h2><span class=\"ez-toc-section\" id=\"Effective_Strategies_for_Responsible_Gambling\"><\/span>Efekt\u012bvas strat\u0113\u0123ijas atbild\u012bgam azartsp\u0113\u013cu sp\u0113l\u0113\u0161anai<span class=\"ez-toc-section-end\"><\/span><\/h2>\n<p>Lai veicin\u0101tu atbild\u012bgu azartsp\u0113\u013cu sp\u0113l\u0113\u0161anu, m\u0113s iest\u0101jamies par efekt\u012bvu strat\u0113\u0123iju \u012bsteno\u0161anu, kas sp\u0113l\u0113t\u0101jiem dod iesp\u0113ju saglab\u0101t kontroli p\u0101r sav\u0101m der\u012bb\u0101m. Turpm\u0101k ir izkl\u0101st\u012btas da\u017eas galven\u0101s prakses, kuras m\u0113s atbalst\u0101m:<\/p>\n<p>Noteikta bud\u017eeta iev\u0113ro\u0161ana: Nosakiet live casino sp\u0113\u013cu bud\u017eetu un iev\u0113rojiet to. St\u0101viet tikai uz t\u0101du summu, kas jums ir pie\u0146emama, nodro\u0161inot, ka t\u0101 neietekm\u0113 j\u016bsu finansi\u0101lo stabilit\u0101ti.<\/p>\n<p>Regul\u0101ri p\u0101rtraukumi no azartsp\u0113l\u0113m: Lai nodro\u0161in\u0101tu, ka live casino sp\u0113l\u0113\u0161ana joproj\u0101m ir izklaid\u0113jo\u0161a nodarbe un neaiz\u0146em p\u0101r\u0101k daudz laika vai ener\u0123ijas, veiciet p\u0101rtraukumus.<\/p>\n<p>Pretoties v\u0113lmei izvair\u012bties no zaud\u0113jumiem: Pie\u0146emiet, ka zaud\u0113jumi ir da\u013ca no azartsp\u0113l\u0113m, un izvairieties no zaud\u0113jumu vaj\u0101\u0161anas, palielinot likmes. T\u0101 viet\u0101 speriet soli atpaka\u013c un p\u0101rv\u0113rt\u0113jiet savu pieeju.<\/p>\n<p>Savlaic\u012bgas pal\u012bdz\u012bbas mekl\u0113\u0161ana: Ja jums ir aizdomas, ka jums vai k\u0101dam no j\u016bsu pazi\u0146\u0101m ir atkar\u012bba no azartsp\u0113l\u0113m, nekav\u0113joties mekl\u0113jiet pal\u012bdz\u012bbu. Lai efekt\u012bvi risin\u0101tu \u0161o probl\u0113mu, ir svar\u012bgi savlaic\u012bgi iejaukties.<\/p>\n<h2><span class=\"ez-toc-section\" id=\"Tools_and_Resources_for_Responsible_Gambling\"><\/span>Atbild\u012bgu azartsp\u0113\u013cu r\u012bki un resursi<span class=\"ez-toc-section-end\"><\/span><\/h2>\n<p>M\u0113s pied\u0101v\u0101jam da\u017e\u0101dus r\u012bkus un resursus, lai atbalst\u012btu atbild\u012bgu azartsp\u0113\u013cu praksi:<\/p>\n<p>National un viet\u0113j\u0101s pal\u012bdz\u012bbas l\u012bnijas: Piek\u013cuve pal\u012bdz\u012bbas l\u012bnij\u0101m, kas pal\u012bdz cilv\u0113kiem, kurus sk\u0101ru\u0161as azartsp\u0113\u013cu probl\u0113mas. Pal\u012bdz\u012bba ir tikai viena t\u0101lru\u0146a zvana att\u0101lum\u0101.<\/p>\n<p>Pa\u0161izsl\u0113g\u0161an\u0101s sh\u0113mas: Izmantojiet pa\u0161izsl\u0113g\u0161an\u0101s iesp\u0113jas, kas \u013cauj jums atp\u016bsties no live casino sp\u0113l\u0113m, ja uzskat\u0101t, ka tas ir nepiecie\u0161ams. \u0160\u012bs sh\u0113mas \u013cauj cilv\u0113kiem atg\u016bt kontroli p\u0101r sav\u0101m der\u012bbu darb\u012bb\u0101m.<\/p>\n<p>Azartsp\u0113\u013cu terapijas programmas: M\u0113s atbalst\u0101m un veicin\u0101m azartsp\u0113\u013cu terapijas programmas, kas paredz\u0113tas, lai pal\u012bdz\u0113tu tiem, kam tas ir nepiecie\u0161ams. \u0160\u012bs programmas sniedz profesion\u0101las konsult\u0101cijas un atbalstu person\u0101m, kas c\u012bn\u0101s ar azartsp\u0113\u013cu probl\u0113m\u0101m.<\/p>\n<h2><span class=\"ez-toc-section\" id=\"The_Role_of_Online_Gaming_Operators_in_Responsible_Gambling\"><\/span>Tie\u0161saistes azartsp\u0113\u013cu operatoru loma atbild\u012bg\u0101 sp\u0113l\u0113\u0161an\u0101<span class=\"ez-toc-section-end\"><\/span><\/h2>\n<p>K\u0101 tie\u0161saistes azartsp\u0113\u013cu operators m\u0113s saprotam savu atbild\u012bbu par dro\u0161as un atbild\u012bgas azartsp\u0113\u013cu vides nodro\u0161in\u0101\u0161anu. L\u016bk, k\u0101 m\u0113s nodro\u0161in\u0101m sp\u0113l\u0113t\u0101ju aizsardz\u012bbu:<\/p>\n<p>Stingri nozares noteikumi un standarti: M\u0113s iev\u0113rojam stingrus nozares noteikumus un standartus, lai nodro\u0161in\u0101tu god\u012bgu sp\u0113li, sp\u0113l\u0113t\u0101ju dro\u0161\u012bbu un atbild\u012bgu azartsp\u0113\u013cu praksi. \u0160ie pas\u0101kumi ir ieviesti, lai aizsarg\u0101tu m\u016bsu lietot\u0101jus un saglab\u0101tu m\u016bsu platformas integrit\u0101ti.<\/p>\n<p>Korporat\u012bv\u0101 soci\u0101l\u0101 atbild\u012bba: M\u0113s nopietni izturamies pret korporat\u012bvo soci\u0101lo atbild\u012bbu. M\u0113s akt\u012bvi sadarbojamies ar organiz\u0101cij\u0101m un iniciat\u012bv\u0101m, kas veicina atbild\u012bgu azartsp\u0113\u013cu sp\u0113l\u0113\u0161anu un atbalsta tos, kurus sk\u0101rusi azartsp\u0113\u013cu atkar\u012bba.<\/p>\n<h2><span class=\"ez-toc-section\" id=\"Preventative_Measures_for_Player_Protection\"><\/span>Prevent\u012bvi pas\u0101kumi sp\u0113l\u0113t\u0101ju aizsardz\u012bbai<span class=\"ez-toc-section-end\"><\/span><\/h2>\n<p>M\u0113s \u012bstenojam prevent\u012bvus pas\u0101kumus, lai aizsarg\u0101tu savus sp\u0113l\u0113t\u0101jus, tostarp stingrus vecuma p\u0101rbaudes procesus, dro\u0161us dar\u012bjumus un stingrus datu aizsardz\u012bbas protokolus. \u0160ie pas\u0101kumi ir izstr\u0101d\u0101ti, lai visiem rad\u012btu dro\u0161u un atbild\u012bgu der\u012bbu vidi.<\/p>\n<p>Live Casino Finder m\u0113s uzskat\u0101m, ka atbild\u012bga sp\u0113l\u0113\u0161ana ir atsl\u0113ga uz neaizmirstamu live casino pieredzi. Pievienojieties mums jau \u0161odien un dodieties aizraujo\u0161\u0101 un atbild\u012bg\u0101 azartsp\u0113\u013cu ce\u013cojum\u0101.<\/p>","protected":false},"excerpt":{"rendered":"<p>Laipni l\u016bgti Live Casino Finder, kur m\u016bsu platformas st\u016brakmens ir atbild\u012bgas sp\u0113les. M\u0113s esam ap\u0146\u0113mu\u0161ies aizst\u0101v\u0113t atbild\u012bgu azartsp\u0113\u013cu praksi un rad\u012bt dro\u0161u un pat\u012bkamu vidi m\u016bsu lietot\u0101jiem. Dzi\u013ci izprotot azartsp\u0113\u013cu risku sare\u017e\u0123\u012bt\u012bbu un iesp\u0113jamo ietekmi uz gar\u012bgo vesel\u012bbu, m\u0113s cen\u0161amies dot iesp\u0113ju [...]<\/p>","protected":false},"author":1,"featured_media":0,"parent":0,"menu_order":0,"comment_status":"closed","ping_status":"closed","template":"page-no-sidebar.php","meta":{"_lmt_disableupdate":"no","_lmt_disable":"no","footnotes":""},"class_list":["post-2111","page","type-page","status-publish","hentry"],"yoast_head":"<!-- This site is optimized with the Yoast SEO plugin v26.4 - https:\/\/yoast.com\/wordpress\/plugins\/seo\/ -->\n<title>Responsible Gaming Guidelines<\/title>\n<meta name=\"description\" content=\"Learn about responsible gaming practices with Live Casino Finder to help you enjoy live casinos safely and make informed decisions while playing.\" \/>\n<meta name=\"robots\" content=\"index, follow, max-snippet:-1, max-image-preview:large, max-video-preview:-1\" \/>\n<link rel=\"canonical\" href=\"https:\/\/livecasinofinder.com\/wp-json\/wp\/v2\/pages\/2111\/\" \/>\n<meta property=\"og:locale\" content=\"lv_LV\" \/>\n<meta property=\"og:type\" content=\"article\" \/>\n<meta property=\"og:title\" content=\"Responsible Gaming Guidelines\" \/>\n<meta property=\"og:description\" content=\"Learn about responsible gaming practices with Live Casino Finder to help you enjoy live casinos safely and make informed decisions while playing.\" \/>\n<meta property=\"og:url\" content=\"https:\/\/livecasinofinder.com\/lv\/responsible-gaming\/\" \/>\n<meta property=\"og:site_name\" content=\"livecasinofinder.com\" \/>\n<meta property=\"article:modified_time\" content=\"2025-06-03T11:11:12+00:00\" \/>\n<meta property=\"og:image\" content=\"https:\/\/livecasinofinder.com\/wp-content\/uploads\/2023\/03\/lucasoilraceway-logo-1.png\" \/>\n\t<meta property=\"og:image:width\" content=\"427\" \/>\n\t<meta property=\"og:image:height\" content=\"145\" \/>\n\t<meta property=\"og:image:type\" content=\"image\/png\" \/>\n<meta name=\"twitter:card\" content=\"summary_large_image\" \/>\n<meta name=\"twitter:label1\" content=\"Est. reading time\" \/>\n\t<meta name=\"twitter:data1\" content=\"4 min\u016btes\" \/>\n<!-- \/ Yoast SEO plugin. -->","yoast_head_json":{"title":"Responsible Gaming Guidelines","description":"Learn about responsible gaming practices with Live Casino Finder to help you enjoy live casinos safely and make informed decisions while playing.","robots":{"index":"index","follow":"follow","max-snippet":"max-snippet:-1","max-image-preview":"max-image-preview:large","max-video-preview":"max-video-preview:-1"},"canonical":"https:\/\/livecasinofinder.com\/wp-json\/wp\/v2\/pages\/2111\/","og_locale":"lv_LV","og_type":"article","og_title":"Responsible Gaming Guidelines","og_description":"Learn about responsible gaming practices with Live Casino Finder to help you enjoy live casinos safely and make informed decisions while playing.","og_url":"https:\/\/livecasinofinder.com\/lv\/responsible-gaming\/","og_site_name":"livecasinofinder.com","article_modified_time":"2025-06-03T11:11:12+00:00","og_image":[{"width":427,"height":145,"url":"https:\/\/livecasinofinder.com\/wp-content\/uploads\/2023\/03\/lucasoilraceway-logo-1.png","type":"image\/png"}],"twitter_card":"summary_large_image","twitter_misc":{"Est. reading time":"4 min\u016btes"},"schema":{"@context":"https:\/\/schema.org","@graph":[{"@type":"WebPage","@id":"https:\/\/livecasinofinder.com\/responsible-gaming\/","url":"https:\/\/livecasinofinder.com\/responsible-gaming\/","name":"Responsible Gaming Guidelines","isPartOf":{"@id":"https:\/\/livecasinofinder.com\/ja\/#website"},"datePublished":"2023-06-20T14:33:04+00:00","dateModified":"2025-06-03T11:11:12+00:00","description":"Learn about responsible gaming practices with Live Casino Finder to help you enjoy live casinos safely and make informed decisions while playing.","breadcrumb":{"@id":"https:\/\/livecasinofinder.com\/responsible-gaming\/#breadcrumb"},"inLanguage":"lv-LV","potentialAction":[{"@type":"ReadAction","target":["https:\/\/livecasinofinder.com\/responsible-gaming\/"]}]},{"@type":"BreadcrumbList","@id":"https:\/\/livecasinofinder.com\/responsible-gaming\/#breadcrumb","itemListElement":[{"@type":"ListItem","position":1,"name":"LiveCasinoFinder.com","item":"https:\/\/livecasinofinder.com\/fr\/"},{"@type":"ListItem","position":2,"name":"Responsible Gaming"}]},{"@type":"WebSite","@id":"https:\/\/livecasinofinder.com\/ja\/#website","url":"https:\/\/livecasinofinder.com\/ja\/","name":"livecasinofinder","description":"","publisher":{"@id":"https:\/\/livecasinofinder.com\/ja\/#organization"},"alternateName":"Lucas oil raceway live casino","potentialAction":[{"@type":"SearchAction","target":{"@type":"EntryPoint","urlTemplate":"https:\/\/livecasinofinder.com\/ja\/?s={search_term_string}"},"query-input":{"@type":"PropertyValueSpecification","valueRequired":true,"valueName":"search_term_string"}}],"inLanguage":"lv-LV"},{"@type":"Organization","@id":"https:\/\/livecasinofinder.com\/ja\/#organization","name":"\u012astu d\u012bleru kazino mekl\u0113t\u0101js","alternateName":"Lucas oil raceway live casino","url":"https:\/\/livecasinofinder.com\/ja\/","logo":{"@type":"ImageObject","inLanguage":"lv-LV","@id":"https:\/\/livecasinofinder.com\/ja\/#\/schema\/logo\/image\/","url":"https:\/\/livecasinofinder.com\/wp-content\/uploads\/2023\/04\/livecasinofinder-logo.png","contentUrl":"https:\/\/livecasinofinder.com\/wp-content\/uploads\/2023\/04\/livecasinofinder-logo.png","width":1600,"height":453,"caption":"Live Casino Finder"},"image":{"@id":"https:\/\/livecasinofinder.com\/ja\/#\/schema\/logo\/image\/"}}]}},"_links":{"self":[{"href":"https:\/\/livecasinofinder.com\/lv\/wp-json\/wp\/v2\/pages\/2111","targetHints":{"allow":["GET"]}}],"collection":[{"href":"https:\/\/livecasinofinder.com\/lv\/wp-json\/wp\/v2\/pages"}],"about":[{"href":"https:\/\/livecasinofinder.com\/lv\/wp-json\/wp\/v2\/types\/page"}],"author":[{"embeddable":true,"href":"https:\/\/livecasinofinder.com\/lv\/wp-json\/wp\/v2\/users\/1"}],"replies":[{"embeddable":true,"href":"https:\/\/livecasinofinder.com\/lv\/wp-json\/wp\/v2\/comments?post=2111"}],"version-history":[{"count":0,"href":"https:\/\/livecasinofinder.com\/lv\/wp-json\/wp\/v2\/pages\/2111\/revisions"}],"wp:attachment":[{"href":"https:\/\/livecasinofinder.com\/lv\/wp-json\/wp\/v2\/media?parent=2111"}],"curies":[{"name":"wp","href":"https:\/\/api.w.org\/{rel}","templated":true}]}}