{"id":2109,"date":"2023-06-20T14:37:04","date_gmt":"2023-06-20T14:37:04","guid":{"rendered":"https:\/\/livecasinofinder.com\/?page_id=2109"},"modified":"2023-06-20T14:37:04","modified_gmt":"2023-06-20T14:37:04","slug":"privacy-policy","status":"publish","type":"page","link":"https:\/\/livecasinofinder.com\/lv\/privacy-policy\/","title":{"rendered":"Konfidencialit\u0101tes politika"},"content":{"rendered":"<p>vietn\u0113 <a href=\"\/lv\/\">LiveCasinoFinder.com<\/a>, m\u0113s saprotam, cik svar\u012bgi ir aizsarg\u0101t j\u016bsu priv\u0101tumu un aizsarg\u0101t j\u016bsu personisk\u0101s inform\u0101cijas konfidencialit\u0101ti. \u0160aj\u0101 konfidencialit\u0101tes politik\u0101 izkl\u0101st\u012bta m\u016bsu nelok\u0101m\u0101 ap\u0146em\u0161an\u0101s aizsarg\u0101t datus, nodro\u0161inot dro\u0161u un pat\u012bkamu pieredzi m\u016bsu platform\u0101.<\/p>\n<div id=\"ez-toc-container\" class=\"ez-toc-v2_0_63 counter-hierarchy ez-toc-counter ez-toc-grey ez-toc-container-direction\">\n<label for=\"ez-toc-cssicon-toggle-item-69d38a49342bb\" class=\"ez-toc-cssicon-toggle-label\"><span class=\"ez-toc-cssicon\"><span class=\"eztoc-hide\" style=\"display:none;\">P\u0101rsl\u0113gt<\/span><span class=\"ez-toc-icon-toggle-span\"><svg style=\"fill: #999;color:#999\" xmlns=\"http:\/\/www.w3.org\/2000\/svg\" class=\"list-377408\" width=\"20px\" height=\"20px\" viewbox=\"0 0 24 24\" fill=\"none\"><path d=\"M6 6H4v2h2V6zm14 0H8v2h12V6zM4 11h2v2H4v-2zm16 0H8v2h12v-2zM4 16h2v2H4v-2zm16 0H8v2h12v-2z\" fill=\"currentColor\"><\/path><\/svg><svg style=\"fill: #999;color:#999\" class=\"arrow-unsorted-368013\" xmlns=\"http:\/\/www.w3.org\/2000\/svg\" width=\"10px\" height=\"10px\" viewbox=\"0 0 24 24\" version=\"1.2\" baseprofile=\"tiny\"><path d=\"M18.2 9.3l-6.2-6.3-6.2 6.3c-.2.2-.3.4-.3.7s.1.5.3.7c.2.2.4.3.7.3h11c.3 0 .5-.1.7-.3.2-.2.3-.5.3-.7s-.1-.5-.3-.7zM5.8 14.7l6.2 6.3 6.2-6.3c.2-.2.3-.5.3-.7s-.1-.5-.3-.7c-.2-.2-.4-.3-.7-.3h-11c-.3 0-.5.1-.7.3-.2.2-.3.5-.3.7s.1.5.3.7z\"\/><\/svg><\/span><\/span><\/label><input type=\"checkbox\"  id=\"ez-toc-cssicon-toggle-item-69d38a49342bb\" checked aria-label=\"P\u0101rsl\u0113gt\" \/><nav><ul class='ez-toc-list ez-toc-list-level-1' ><li class='ez-toc-page-1 ez-toc-heading-level-2'><a class=\"ez-toc-link ez-toc-heading-1\" href=\"https:\/\/livecasinofinder.com\/lv\/privacy-policy\/#Our_Pledge_to_Safeguard_Your_Privacy\" title=\"M\u016bsu ap\u0146em\u0161an\u0101s aizsarg\u0101t j\u016bsu konfidencialit\u0101ti\">M\u016bsu ap\u0146em\u0161an\u0101s aizsarg\u0101t j\u016bsu konfidencialit\u0101ti<\/a><\/li><li class='ez-toc-page-1 ez-toc-heading-level-2'><a class=\"ez-toc-link ez-toc-heading-2\" href=\"https:\/\/livecasinofinder.com\/lv\/privacy-policy\/#Data_Collection_Our_Practices\" title=\"Datu v\u0101k\u0161ana: M\u016bsu prakse\">Datu v\u0101k\u0161ana: M\u016bsu prakse<\/a><\/li><li class='ez-toc-page-1 ez-toc-heading-level-2'><a class=\"ez-toc-link ez-toc-heading-3\" href=\"https:\/\/livecasinofinder.com\/lv\/privacy-policy\/#The_Use_of_Your_Information\" title=\"J\u016bsu inform\u0101cijas izmanto\u0161ana\">J\u016bsu inform\u0101cijas izmanto\u0161ana<\/a><\/li><li class='ez-toc-page-1 ez-toc-heading-level-2'><a class=\"ez-toc-link ez-toc-heading-4\" href=\"https:\/\/livecasinofinder.com\/lv\/privacy-policy\/#Information_Disclosure_and_Sharing\" title=\"Inform\u0101cijas izpau\u0161ana un kop\u012bgo\u0161ana\">Inform\u0101cijas izpau\u0161ana un kop\u012bgo\u0161ana<\/a><\/li><li class='ez-toc-page-1 ez-toc-heading-level-2'><a class=\"ez-toc-link ez-toc-heading-5\" href=\"https:\/\/livecasinofinder.com\/lv\/privacy-policy\/#Our_Security_Measures\" title=\"M\u016bsu dro\u0161\u012bbas pas\u0101kumi\">M\u016bsu dro\u0161\u012bbas pas\u0101kumi<\/a><\/li><li class='ez-toc-page-1 ez-toc-heading-level-2'><a class=\"ez-toc-link ez-toc-heading-6\" href=\"https:\/\/livecasinofinder.com\/lv\/privacy-policy\/#The_Role_of_Cookies\" title=\"S\u012bkfailu noz\u012bme\">S\u012bkfailu noz\u012bme<\/a><\/li><li class='ez-toc-page-1 ez-toc-heading-level-2'><a class=\"ez-toc-link ez-toc-heading-7\" href=\"https:\/\/livecasinofinder.com\/lv\/privacy-policy\/#Third-Party_Links\" title=\"Tre\u0161o pu\u0161u saites\">Tre\u0161o pu\u0161u saites<\/a><\/li><li class='ez-toc-page-1 ez-toc-heading-level-2'><a class=\"ez-toc-link ez-toc-heading-8\" href=\"https:\/\/livecasinofinder.com\/lv\/privacy-policy\/#Policy_on_Childrens_Privacy\" title=\"B\u0113rnu priv\u0101tuma politika\">B\u0113rnu priv\u0101tuma politika<\/a><\/li><li class='ez-toc-page-1 ez-toc-heading-level-2'><a class=\"ez-toc-link ez-toc-heading-9\" href=\"https:\/\/livecasinofinder.com\/lv\/privacy-policy\/#Changes_to_This_Privacy_Policy\" title=\"Izmai\u0146as \u0161aj\u0101 konfidencialit\u0101tes politik\u0101\">Izmai\u0146as \u0161aj\u0101 konfidencialit\u0101tes politik\u0101<\/a><\/li><li class='ez-toc-page-1 ez-toc-heading-level-2'><a class=\"ez-toc-link ez-toc-heading-10\" href=\"https:\/\/livecasinofinder.com\/lv\/privacy-policy\/#Your_Rights_to_Your_Personal_Information\" title=\"J\u016bsu ties\u012bbas uz personisko inform\u0101ciju\">J\u016bsu ties\u012bbas uz personisko inform\u0101ciju<\/a><\/li><li class='ez-toc-page-1 ez-toc-heading-level-2'><a class=\"ez-toc-link ez-toc-heading-11\" href=\"https:\/\/livecasinofinder.com\/lv\/privacy-policy\/#Retention_of_Data\" title=\"Datu saglab\u0101\u0161ana\">Datu saglab\u0101\u0161ana<\/a><\/li><li class='ez-toc-page-1 ez-toc-heading-level-2'><a class=\"ez-toc-link ez-toc-heading-12\" href=\"https:\/\/livecasinofinder.com\/lv\/privacy-policy\/#International_Data_Transfers\" title=\"Starptautiskie datu p\u0101rs\u016bt\u012bjumi\">Starptautiskie datu p\u0101rs\u016bt\u012bjumi<\/a><\/li><\/ul><\/nav><\/div>\n\n<h2><span class=\"ez-toc-section\" id=\"Our_Pledge_to_Safeguard_Your_Privacy\"><\/span>M\u016bsu ap\u0146em\u0161an\u0101s aizsarg\u0101t j\u016bsu konfidencialit\u0101ti<span class=\"ez-toc-section-end\"><\/span><\/h2>\n<p>M\u0113s augstu v\u0113rt\u0113jam j\u016bsu konfidencialit\u0101ti un par priorit\u0101ti izvirz\u0101m j\u016bsu personisk\u0101s inform\u0101cijas aizsardz\u012bbu. M\u0113s esam ieviesu\u0161i stingru priv\u0101tuma aizsardz\u012bbas praksi un iev\u0113rojam piem\u0113rojamos datu aizsardz\u012bbas likumus, lai nodro\u0161in\u0101tu, ka j\u016bsu dati ir dro\u0161i un konfidenci\u0101li.<\/p>\n<h2><span class=\"ez-toc-section\" id=\"Data_Collection_Our_Practices\"><\/span>Datu v\u0101k\u0161ana: M\u016bsu prakse<span class=\"ez-toc-section-end\"><\/span><\/h2>\n<p>Lai sniegtu jums nep\u0101rtrauktu un personaliz\u0113tu pieredzi, m\u0113s varam no jums v\u0101kt noteiktu inform\u0101ciju. \u0160\u012b inform\u0101cija var ietvert j\u016bsu v\u0101rdu, kontaktinform\u0101ciju un p\u0101rl\u016bko\u0161anas paradumus m\u016bsu platform\u0101. Esiet dro\u0161i, ka m\u0113s apkopojam tikai nepiecie\u0161amos datus, kas nepiecie\u0161ami, lai uzlabotu j\u016bsu pieredzi un uzlabotu m\u016bsu pakalpojumus.<\/p>\n<h2><span class=\"ez-toc-section\" id=\"The_Use_of_Your_Information\"><\/span>J\u016bsu inform\u0101cijas izmanto\u0161ana<span class=\"ez-toc-section-end\"><\/span><\/h2>\n<p>No jums ieg\u016bto inform\u0101ciju m\u0113s izmantojam da\u017e\u0101diem m\u0113r\u0137iem, tostarp, bet ne tikai:<\/p>\n<ol>\n<li>Savas pieredzes personaliz\u0113\u0161ana vietn\u0113 LiveCasinoFinder.com<\/li>\n<li>efekt\u012bvi apstr\u0101d\u0101t j\u016bsu piepras\u012bjumus un dar\u012bjumus.<\/li>\n<li>Sazi\u0146a par svar\u012bgiem atjaunin\u0101jumiem un akcij\u0101m<\/li>\n<li>Datu anal\u012bze, lai uzlabotu m\u016bsu pakalpojumus un piel\u0101gotu tos j\u016bsu v\u0113lm\u0113m.<\/li>\n<\/ol>\n<h2><span class=\"ez-toc-section\" id=\"Information_Disclosure_and_Sharing\"><\/span>Inform\u0101cijas izpau\u0161ana un kop\u012bgo\u0161ana<span class=\"ez-toc-section-end\"><\/span><\/h2>\n<p>LiveCasinoFinder.com iev\u0113ro j\u016bsu inform\u0101cijas konfidencialit\u0101ti. M\u0113s nep\u0101rdodam, netirgojam un nedal\u0101mies ar j\u016bsu personas datiem ar tre\u0161aj\u0101m pus\u0113m, ja vien tas nav nepiecie\u0161ams m\u016bsu pakalpojumu snieg\u0161anai vai to nepieprasa likums. M\u0113s varam sniegt j\u016bsu inform\u0101ciju uzticamiem partneriem, piem\u0113ram, maks\u0101jumu apstr\u0101d\u0101t\u0101jiem, tikai un vien\u012bgi, lai sniegtu jums m\u016bsu pakalpojumus.<\/p>\n<h2><span class=\"ez-toc-section\" id=\"Our_Security_Measures\"><\/span>M\u016bsu dro\u0161\u012bbas pas\u0101kumi<span class=\"ez-toc-section-end\"><\/span><\/h2>\n<p>M\u0113s esam ieviesu\u0161i stingrus dro\u0161\u012bbas pas\u0101kumus, lai aizsarg\u0101tu j\u016bsu personisko inform\u0101ciju no nesankcion\u0113tas piek\u013cuves, izpau\u0161anas, p\u0101rveido\u0161anas vai izn\u012bcin\u0101\u0161anas. M\u016bsu modern\u0101s dro\u0161\u012bbas sist\u0113mas, \u0161ifr\u0113\u0161anas protokoli un stingra piek\u013cuves kontrole nodro\u0161ina maksim\u0101lu j\u016bsu datu aizsardz\u012bbu. M\u0113s regul\u0101ri p\u0101rskat\u0101m un atjaunin\u0101m savus dro\u0161\u012bbas pas\u0101kumus, lai stay apsteigtu jaunos draudus un uztur\u0113tu dro\u0161u vidi saviem lietot\u0101jiem.<\/p>\n<h2><span class=\"ez-toc-section\" id=\"The_Role_of_Cookies\"><\/span>S\u012bkfailu noz\u012bme<span class=\"ez-toc-section-end\"><\/span><\/h2>\n<p>LiveCasinoFinder.com izmanto s\u012bkfailus, lai uzlabotu j\u016bsu p\u0101rl\u016bko\u0161anas pieredzi m\u016bsu platform\u0101. S\u012bkdatnes ir nelieli teksta faili, kas tiek saglab\u0101ti j\u016bsu ier\u012bc\u0113, \u013caujot mums atpaz\u012bt j\u016bs un piel\u0101got j\u016bsu pieredzi, pamatojoties uz j\u016bsu v\u0113lm\u0113m. Jums ir iesp\u0113ja p\u0101rvald\u012bt s\u012bkfailu preferences, izmantojot p\u0101rl\u016bkprogrammas iestat\u012bjumus. Tom\u0113r \u0146emiet v\u0113r\u0101, ka s\u012bkfailu atsp\u0113jo\u0161ana var ierobe\u017eot noteiktas m\u016bsu vietnes funkcijas vai funkcionalit\u0101ti.<\/p>\n<h2><span class=\"ez-toc-section\" id=\"Third-Party_Links\"><\/span>Tre\u0161o pu\u0161u saites<span class=\"ez-toc-section-end\"><\/span><\/h2>\n<p>M\u016bsu platform\u0101 var b\u016bt saites uz tre\u0161o pu\u0161u vietn\u0113m vai pakalpojumiem. M\u0113s aicin\u0101m j\u016bs apzin\u0101ties, ka \u0161\u012bm vietn\u0113m ir savas priv\u0101tuma politikas, kas var at\u0161\u0137irties no m\u016bsu priv\u0101tuma politikas. M\u0113s iesak\u0101m iepaz\u012bties ar tre\u0161o pu\u0161u t\u012bmek\u013ca viet\u0146u, kuras apmekl\u0113jat, izmantojot m\u016bsu platformu, konfidencialit\u0101tes praksi, jo m\u0113s nekontrol\u0113jam to datu v\u0101k\u0161anu vai izmanto\u0161anu.<\/p>\n<h2><span class=\"ez-toc-section\" id=\"Policy_on_Childrens_Privacy\"><\/span>B\u0113rnu priv\u0101tuma politika<span class=\"ez-toc-section-end\"><\/span><\/h2>\n<p>LiveCasinoFinder.com ir paredz\u0113ts person\u0101m, kuras ir vismaz 18 gadus vecas vai ir sasniegu\u0161as likum\u0101 noteikto vecumu, no kura dr\u012bkst sp\u0113l\u0113t tie\u0161saistes azartsp\u0113les sav\u0101 jurisdikcij\u0101. M\u0113s apzin\u0101ti nev\u0101cam un neglab\u0101jam personas inform\u0101ciju no person\u0101m, kas ir jaun\u0101kas par likum\u0101 noteikto vecumu. Ja m\u0113s uzzin\u0101m par \u0161\u0101du inform\u0101ciju, m\u0113s nekav\u0113joties dz\u0113\u0161am to no saviem ierakstiem.<\/p>\n<h2><span class=\"ez-toc-section\" id=\"Changes_to_This_Privacy_Policy\"><\/span>Izmai\u0146as \u0161aj\u0101 konfidencialit\u0101tes politik\u0101<span class=\"ez-toc-section-end\"><\/span><\/h2>\n<p>M\u0113s varam periodiski atjaunin\u0101t savu konfidencialit\u0101tes politiku, lai atspogu\u013cotu izmai\u0146as m\u016bsu praks\u0113, juridiskaj\u0101s pras\u012bb\u0101s vai pakalpojumos. Par jebk\u0101d\u0101m izmai\u0146\u0101m \u0161aj\u0101 politik\u0101 j\u016bs tiksiet inform\u0113ti, izmantojot redzamus pazi\u0146ojumus m\u016bsu platform\u0101. M\u0113s aicin\u0101m j\u016bs regul\u0101ri p\u0101rskat\u012bt m\u016bsu konfidencialit\u0101tes politiku, lai stay b\u016btu inform\u0113ti par to, k\u0101 m\u0113s aizsarg\u0101jam j\u016bsu priv\u0101tumu.<\/p>\n<h2><span class=\"ez-toc-section\" id=\"Your_Rights_to_Your_Personal_Information\"><\/span>J\u016bsu ties\u012bbas uz personisko inform\u0101ciju<span class=\"ez-toc-section-end\"><\/span><\/h2>\n<p>K\u0101 LiveCasinoFinder.com lietot\u0101jam jums ir noteiktas ties\u012bbas attiec\u012bb\u0101 uz j\u016bsu personisko inform\u0101ciju. \u0160\u012bs ties\u012bbas var ietvert:<\/p>\n<ol>\n<li>Piek\u013cuve m\u016bsu r\u012bc\u012bb\u0101 eso\u0161ajai personiskajai inform\u0101cijai par jums<\/li>\n<li>Iesp\u0113ja labot vai atjaunin\u0101t savu inform\u0101ciju<\/li>\n<li>Ties\u012bbas noteiktos apst\u0101k\u013cos piepras\u012bt savu personas datu dz\u0113\u0161anu.<\/li>\n<li>Ties\u012bbas ierobe\u017eot savu datu apstr\u0101di vai iebilst pret to.<\/li>\n<li>ties\u012bbas uz datu p\u0101rnesam\u012bbu, kas \u013cauj jums sa\u0146emt savu datu kopiju struktur\u0113t\u0101, pla\u0161i izmantot\u0101 un ma\u0161\u012bnlas\u0101m\u0101 form\u0101t\u0101.<\/li>\n<\/ol>\n<p>Lai izmantotu savas ties\u012bbas vai sa\u0146emtu skaidrojumus par jebk\u0101diem ar konfidencialit\u0101ti saist\u012btiem jaut\u0101jumiem, l\u016bdzu, sazinieties ar m\u016bsu atbalsta komandu. M\u0113s esam gatavi nekav\u0113joties jums pal\u012bdz\u0113t.<\/p>\n<h2><span class=\"ez-toc-section\" id=\"Retention_of_Data\"><\/span>Datu saglab\u0101\u0161ana<span class=\"ez-toc-section-end\"><\/span><\/h2>\n<p>M\u0113s saglab\u0101jam j\u016bsu personisko inform\u0101ciju tikai tik ilgi, cik nepiecie\u0161ams, lai izpild\u012btu \u0161aj\u0101 konfidencialit\u0101tes politik\u0101 izkl\u0101st\u012btos m\u0113r\u0137us vai k\u0101 to nosaka likums. Kad j\u016bsu dati vairs neb\u016bs nepiecie\u0161ami, m\u0113s tos dro\u0161i izn\u012bcin\u0101sim saska\u0146\u0101 ar m\u016bsu datu glab\u0101\u0161anas praksi.<\/p>\n<h2><span class=\"ez-toc-section\" id=\"International_Data_Transfers\"><\/span>Starptautiskie datu p\u0101rs\u016bt\u012bjumi<span class=\"ez-toc-section-end\"><\/span><\/h2>\n<p>T\u0101 k\u0101 LiveCasinoFinder.com ir glob\u0101la platforma, t\u0101 var p\u0101rs\u016bt\u012bt un apstr\u0101d\u0101t j\u016bsu personisko inform\u0101ciju da\u017e\u0101d\u0101s pasaules viet\u0101s. M\u0113s nodro\u0161in\u0101m, ka ir ieviesti atbilsto\u0161i dro\u0161\u012bbas pas\u0101kumi, lai aizsarg\u0101tu j\u016bsu datus starptautisk\u0101s p\u0101rs\u016bt\u012b\u0161anas laik\u0101 un iev\u0113rotu piem\u0113rojamos datu aizsardz\u012bbas likumus.<\/p>\n<p>LiveCasinoFinder.com m\u0113s esam ap\u0146\u0113mu\u0161ies nodro\u0161in\u0101t dro\u0161u, p\u0101rredzamu un pat\u012bkamu sp\u0113\u013cu vidi, vienlaikus aizsarg\u0101jot j\u016bsu priv\u0101tumu. J\u016bsu uztic\u012bba un apmierin\u0101t\u012bba ir m\u016bsu galven\u0101s priorit\u0101tes.<\/p>","protected":false},"excerpt":{"rendered":"<p>LiveCasinoFinder.com m\u0113s saprotam, cik svar\u012bgi ir aizsarg\u0101t j\u016bsu priv\u0101tumu un aizsarg\u0101t j\u016bsu personisk\u0101s inform\u0101cijas konfidencialit\u0101ti. \u0160aj\u0101 konfidencialit\u0101tes politik\u0101 ir izkl\u0101st\u012bta m\u016bsu nelok\u0101m\u0101 ap\u0146em\u0161an\u0101s aizsarg\u0101t datus, nodro\u0161inot dro\u0161u un pat\u012bkamu pieredzi m\u016bsu platform\u0101. M\u016bsu ap\u0146em\u0161an\u0101s aizsarg\u0101t j\u016bsu priv\u0101tumu M\u0113s augstu v\u0113rt\u0113jam j\u016bsu priv\u0101tumu un par priorit\u0101ti izvirz\u0101m j\u016bsu personisk\u0101s inform\u0101cijas aizsardz\u012bbu. [...]<\/p>","protected":false},"author":1,"featured_media":0,"parent":0,"menu_order":0,"comment_status":"closed","ping_status":"closed","template":"page-no-sidebar.php","meta":{"_lmt_disableupdate":"no","_lmt_disable":"no","footnotes":""},"class_list":["post-2109","page","type-page","status-publish","hentry"],"yoast_head":"<!-- This site is optimized with the Yoast SEO plugin v26.4 - https:\/\/yoast.com\/wordpress\/plugins\/seo\/ -->\n<title>Protecting Your Privacy | LiveCasinoFinder.com Privacy Policy<\/title>\n<meta name=\"description\" content=\"At LiveCasinoFinder.com, we prioritize the protection of your data. Our Privacy Policy outlines our commitment to safeguarding your personal information.\" \/>\n<meta name=\"robots\" content=\"index, follow, max-snippet:-1, max-image-preview:large, max-video-preview:-1\" \/>\n<link rel=\"canonical\" href=\"https:\/\/livecasinofinder.com\/wp-json\/wp\/v2\/pages\/2109\/\" \/>\n<meta property=\"og:locale\" content=\"lv_LV\" \/>\n<meta property=\"og:type\" content=\"article\" \/>\n<meta property=\"og:title\" content=\"Protecting Your Privacy | LiveCasinoFinder.com Privacy Policy\" \/>\n<meta property=\"og:description\" content=\"At LiveCasinoFinder.com, we prioritize the protection of your data. Our Privacy Policy outlines our commitment to safeguarding your personal information.\" \/>\n<meta property=\"og:url\" content=\"https:\/\/livecasinofinder.com\/lv\/privacy-policy\/\" \/>\n<meta property=\"og:site_name\" content=\"livecasinofinder.com\" \/>\n<meta property=\"og:image\" content=\"https:\/\/livecasinofinder.com\/wp-content\/uploads\/2023\/03\/lucasoilraceway-logo-1.png\" \/>\n\t<meta property=\"og:image:width\" content=\"427\" \/>\n\t<meta property=\"og:image:height\" content=\"145\" \/>\n\t<meta property=\"og:image:type\" content=\"image\/png\" \/>\n<meta name=\"twitter:card\" content=\"summary_large_image\" \/>\n<meta name=\"twitter:label1\" content=\"Est. reading time\" \/>\n\t<meta name=\"twitter:data1\" content=\"4 min\u016btes\" \/>\n<!-- \/ Yoast SEO plugin. -->","yoast_head_json":{"title":"J\u016bsu priv\u0101tuma aizsardz\u012bba | LiveCasinoFinder.com priv\u0101tuma politika","description":"LiveCasinoFinder.com m\u0113s pie\u0161\u0137iram priorit\u0101ti j\u016bsu datu aizsardz\u012bbai. M\u016bsu priv\u0101tuma politik\u0101 ir izkl\u0101st\u012bta m\u016bsu ap\u0146em\u0161an\u0101s aizsarg\u0101t j\u016bsu personisko inform\u0101ciju.","robots":{"index":"index","follow":"follow","max-snippet":"max-snippet:-1","max-image-preview":"max-image-preview:large","max-video-preview":"max-video-preview:-1"},"canonical":"https:\/\/livecasinofinder.com\/wp-json\/wp\/v2\/pages\/2109\/","og_locale":"lv_LV","og_type":"article","og_title":"Protecting Your Privacy | LiveCasinoFinder.com Privacy Policy","og_description":"At LiveCasinoFinder.com, we prioritize the protection of your data. Our Privacy Policy outlines our commitment to safeguarding your personal information.","og_url":"https:\/\/livecasinofinder.com\/lv\/privacy-policy\/","og_site_name":"livecasinofinder.com","og_image":[{"width":427,"height":145,"url":"https:\/\/livecasinofinder.com\/wp-content\/uploads\/2023\/03\/lucasoilraceway-logo-1.png","type":"image\/png"}],"twitter_card":"summary_large_image","twitter_misc":{"Est. reading time":"4 min\u016btes"},"schema":{"@context":"https:\/\/schema.org","@graph":[{"@type":"WebPage","@id":"https:\/\/livecasinofinder.com\/privacy-policy\/","url":"https:\/\/livecasinofinder.com\/privacy-policy\/","name":"J\u016bsu priv\u0101tuma aizsardz\u012bba | LiveCasinoFinder.com priv\u0101tuma politika","isPartOf":{"@id":"https:\/\/livecasinofinder.com\/ja\/#website"},"datePublished":"2023-06-20T14:37:04+00:00","description":"LiveCasinoFinder.com m\u0113s pie\u0161\u0137iram priorit\u0101ti j\u016bsu datu aizsardz\u012bbai. M\u016bsu priv\u0101tuma politik\u0101 ir izkl\u0101st\u012bta m\u016bsu ap\u0146em\u0161an\u0101s aizsarg\u0101t j\u016bsu personisko inform\u0101ciju.","breadcrumb":{"@id":"https:\/\/livecasinofinder.com\/privacy-policy\/#breadcrumb"},"inLanguage":"lv-LV","potentialAction":[{"@type":"ReadAction","target":["https:\/\/livecasinofinder.com\/privacy-policy\/"]}]},{"@type":"BreadcrumbList","@id":"https:\/\/livecasinofinder.com\/privacy-policy\/#breadcrumb","itemListElement":[{"@type":"ListItem","position":1,"name":"LiveCasinoFinder.com","item":"https:\/\/livecasinofinder.com\/fr\/"},{"@type":"ListItem","position":2,"name":"Privacy Policy"}]},{"@type":"WebSite","@id":"https:\/\/livecasinofinder.com\/ja\/#website","url":"https:\/\/livecasinofinder.com\/ja\/","name":"livecasinofinder","description":"","publisher":{"@id":"https:\/\/livecasinofinder.com\/ja\/#organization"},"alternateName":"Lucas oil raceway live casino","potentialAction":[{"@type":"SearchAction","target":{"@type":"EntryPoint","urlTemplate":"https:\/\/livecasinofinder.com\/ja\/?s={search_term_string}"},"query-input":{"@type":"PropertyValueSpecification","valueRequired":true,"valueName":"search_term_string"}}],"inLanguage":"lv-LV"},{"@type":"Organization","@id":"https:\/\/livecasinofinder.com\/ja\/#organization","name":"\u012astu d\u012bleru kazino mekl\u0113t\u0101js","alternateName":"Lucas oil raceway live casino","url":"https:\/\/livecasinofinder.com\/ja\/","logo":{"@type":"ImageObject","inLanguage":"lv-LV","@id":"https:\/\/livecasinofinder.com\/ja\/#\/schema\/logo\/image\/","url":"https:\/\/livecasinofinder.com\/wp-content\/uploads\/2023\/04\/livecasinofinder-logo.png","contentUrl":"https:\/\/livecasinofinder.com\/wp-content\/uploads\/2023\/04\/livecasinofinder-logo.png","width":1600,"height":453,"caption":"Live Casino Finder"},"image":{"@id":"https:\/\/livecasinofinder.com\/ja\/#\/schema\/logo\/image\/"}}]}},"_links":{"self":[{"href":"https:\/\/livecasinofinder.com\/lv\/wp-json\/wp\/v2\/pages\/2109","targetHints":{"allow":["GET"]}}],"collection":[{"href":"https:\/\/livecasinofinder.com\/lv\/wp-json\/wp\/v2\/pages"}],"about":[{"href":"https:\/\/livecasinofinder.com\/lv\/wp-json\/wp\/v2\/types\/page"}],"author":[{"embeddable":true,"href":"https:\/\/livecasinofinder.com\/lv\/wp-json\/wp\/v2\/users\/1"}],"replies":[{"embeddable":true,"href":"https:\/\/livecasinofinder.com\/lv\/wp-json\/wp\/v2\/comments?post=2109"}],"version-history":[{"count":0,"href":"https:\/\/livecasinofinder.com\/lv\/wp-json\/wp\/v2\/pages\/2109\/revisions"}],"wp:attachment":[{"href":"https:\/\/livecasinofinder.com\/lv\/wp-json\/wp\/v2\/media?parent=2109"}],"curies":[{"name":"wp","href":"https:\/\/api.w.org\/{rel}","templated":true}]}}