{"id":2107,"date":"2023-06-20T14:36:44","date_gmt":"2023-06-20T14:36:44","guid":{"rendered":"https:\/\/livecasinofinder.com\/?page_id=2107"},"modified":"2025-06-03T11:09:24","modified_gmt":"2025-06-03T11:09:24","slug":"disclaimer","status":"publish","type":"page","link":"https:\/\/livecasinofinder.com\/lv\/disclaimer\/","title":{"rendered":"Atruna"},"content":{"rendered":"<p>LiveCasinoFinder.com ir kvintesenci\u0101ls ce\u013cvedis visiem azartsp\u0113\u013cu entuziastiem!\u00a0<em>Vai esat k\u0101dreiz non\u0101cis galvu reibum\u0101, kuru live casino izm\u0113\u0123in\u0101t?<\/em>\u00a0M\u016bsu vietne darbojas k\u0101 b\u0101ka, kas pal\u012bdz\u0113s jums izprast nosl\u0113pumaino tie\u0161saistes kazino pasauli. LiveCasinoFinder.com pal\u012bdz jums atrast <a href=\"\/lv\/live-casinos\/\">lab\u0101kais live casinos<\/a>, sal\u012bdziniet funkcijas un pat sa\u0146emiet da\u017eus super saldus bonusus.<\/p>\n<div id=\"ez-toc-container\" class=\"ez-toc-v2_0_63 counter-hierarchy ez-toc-counter ez-toc-grey ez-toc-container-direction\">\n<label for=\"ez-toc-cssicon-toggle-item-69d80d3bc4a7b\" class=\"ez-toc-cssicon-toggle-label\"><span class=\"ez-toc-cssicon\"><span class=\"eztoc-hide\" style=\"display:none;\">P\u0101rsl\u0113gt<\/span><span class=\"ez-toc-icon-toggle-span\"><svg style=\"fill: #999;color:#999\" xmlns=\"http:\/\/www.w3.org\/2000\/svg\" class=\"list-377408\" width=\"20px\" height=\"20px\" viewbox=\"0 0 24 24\" fill=\"none\"><path d=\"M6 6H4v2h2V6zm14 0H8v2h12V6zM4 11h2v2H4v-2zm16 0H8v2h12v-2zM4 16h2v2H4v-2zm16 0H8v2h12v-2z\" fill=\"currentColor\"><\/path><\/svg><svg style=\"fill: #999;color:#999\" class=\"arrow-unsorted-368013\" xmlns=\"http:\/\/www.w3.org\/2000\/svg\" width=\"10px\" height=\"10px\" viewbox=\"0 0 24 24\" version=\"1.2\" baseprofile=\"tiny\"><path d=\"M18.2 9.3l-6.2-6.3-6.2 6.3c-.2.2-.3.4-.3.7s.1.5.3.7c.2.2.4.3.7.3h11c.3 0 .5-.1.7-.3.2-.2.3-.5.3-.7s-.1-.5-.3-.7zM5.8 14.7l6.2 6.3 6.2-6.3c.2-.2.3-.5.3-.7s-.1-.5-.3-.7c-.2-.2-.4-.3-.7-.3h-11c-.3 0-.5.1-.7.3-.2.2-.3.5-.3.7s.1.5.3.7z\"\/><\/svg><\/span><\/span><\/label><input type=\"checkbox\"  id=\"ez-toc-cssicon-toggle-item-69d80d3bc4a7b\" checked aria-label=\"P\u0101rsl\u0113gt\" \/><nav><ul class='ez-toc-list ez-toc-list-level-1' ><li class='ez-toc-page-1 ez-toc-heading-level-2'><a class=\"ez-toc-link ez-toc-heading-1\" href=\"https:\/\/livecasinofinder.com\/lv\/disclaimer\/#Objective_of_LiveCasinoFindercom\" title=\"LiveCasinoFinder.com m\u0113r\u0137is\">LiveCasinoFinder.com m\u0113r\u0137is<\/a><\/li><li class='ez-toc-page-1 ez-toc-heading-level-2'><a class=\"ez-toc-link ez-toc-heading-2\" href=\"https:\/\/livecasinofinder.com\/lv\/disclaimer\/#Limitations_and_Liability\" title=\"Ierobe\u017eojumi un atbild\u012bba\">Ierobe\u017eojumi un atbild\u012bba<\/a><ul class='ez-toc-list-level-3' ><li class='ez-toc-heading-level-3'><a class=\"ez-toc-link ez-toc-heading-3\" href=\"https:\/\/livecasinofinder.com\/lv\/disclaimer\/#Validity_of_Information\" title=\"Inform\u0101cijas der\u012bgums\">Inform\u0101cijas der\u012bgums<\/a><\/li><li class='ez-toc-page-1 ez-toc-heading-level-3'><a class=\"ez-toc-link ez-toc-heading-4\" href=\"https:\/\/livecasinofinder.com\/lv\/disclaimer\/#User_Responsibilities\" title=\"Lietot\u0101ja pien\u0101kumi\">Lietot\u0101ja pien\u0101kumi<\/a><ul class='ez-toc-list-level-4' ><li class='ez-toc-heading-level-4'><a class=\"ez-toc-link ez-toc-heading-5\" href=\"https:\/\/livecasinofinder.com\/lv\/disclaimer\/#Age_Restrictions\" title=\"Vecuma ierobe\u017eojumi\">Vecuma ierobe\u017eojumi<\/a><\/li><li class='ez-toc-page-1 ez-toc-heading-level-4'><a class=\"ez-toc-link ez-toc-heading-6\" href=\"https:\/\/livecasinofinder.com\/lv\/disclaimer\/#Responsible_Gambling\" title=\"Atbild\u012bgas azartsp\u0113les\">Atbild\u012bgas azartsp\u0113les<\/a><\/li><\/ul><\/li><\/ul><\/li><li class='ez-toc-page-1 ez-toc-heading-level-2'><a class=\"ez-toc-link ez-toc-heading-7\" href=\"https:\/\/livecasinofinder.com\/lv\/disclaimer\/#Third-Party_Content_and_Links\" title=\"Tre\u0161o pu\u0161u saturs un saites\">Tre\u0161o pu\u0161u saturs un saites<\/a><ul class='ez-toc-list-level-3' ><li class='ez-toc-heading-level-3'><a class=\"ez-toc-link ez-toc-heading-8\" href=\"https:\/\/livecasinofinder.com\/lv\/disclaimer\/#External_Links\" title=\"\u0100r\u0113j\u0101s saites\">\u0100r\u0113j\u0101s saites<\/a><\/li><li class='ez-toc-page-1 ez-toc-heading-level-3'><a class=\"ez-toc-link ez-toc-heading-9\" href=\"https:\/\/livecasinofinder.com\/lv\/disclaimer\/#Affiliations_and_Partnerships\" title=\"Saist\u012bbas un partner\u012bbas\">Saist\u012bbas un partner\u012bbas<\/a><\/li><\/ul><\/li><li class='ez-toc-page-1 ez-toc-heading-level-2'><a class=\"ez-toc-link ez-toc-heading-10\" href=\"https:\/\/livecasinofinder.com\/lv\/disclaimer\/#Intellectual_Property\" title=\"Intelektu\u0101lais \u012bpa\u0161ums\">Intelektu\u0101lais \u012bpa\u0161ums<\/a><ul class='ez-toc-list-level-3' ><li class='ez-toc-heading-level-3'><a class=\"ez-toc-link ez-toc-heading-11\" href=\"https:\/\/livecasinofinder.com\/lv\/disclaimer\/#Copyrights\" title=\"Autorties\u012bbas\">Autorties\u012bbas<\/a><\/li><li class='ez-toc-page-1 ez-toc-heading-level-3'><a class=\"ez-toc-link ez-toc-heading-12\" href=\"https:\/\/livecasinofinder.com\/lv\/disclaimer\/#Use_of_Content\" title=\"Satura izmanto\u0161ana\">Satura izmanto\u0161ana<\/a><\/li><li class='ez-toc-page-1 ez-toc-heading-level-3'><a class=\"ez-toc-link ez-toc-heading-13\" href=\"https:\/\/livecasinofinder.com\/lv\/disclaimer\/#Indemnification\" title=\"Atl\u012bdz\u012bba\">Atl\u012bdz\u012bba<\/a><\/li><\/ul><\/li><li class='ez-toc-page-1 ez-toc-heading-level-2'><a class=\"ez-toc-link ez-toc-heading-14\" href=\"https:\/\/livecasinofinder.com\/lv\/disclaimer\/#Governing_Law_and_Jurisdiction\" title=\"Piem\u0113rojamie ties\u012bbu akti un jurisdikcija\">Piem\u0113rojamie ties\u012bbu akti un jurisdikcija<\/a><\/li><li class='ez-toc-page-1 ez-toc-heading-level-2'><a class=\"ez-toc-link ez-toc-heading-15\" href=\"https:\/\/livecasinofinder.com\/lv\/disclaimer\/#Updates_to_Disclaimer\" title=\"Atbilst\u012bbas atruna atjaunin\u0101jumi\">Atbilst\u012bbas atruna atjaunin\u0101jumi<\/a><\/li><li class='ez-toc-page-1 ez-toc-heading-level-2'><a class=\"ez-toc-link ez-toc-heading-16\" href=\"https:\/\/livecasinofinder.com\/lv\/disclaimer\/#Contact_Information\" title=\"Kontaktinform\u0101cija\">Kontaktinform\u0101cija<\/a><\/li><li class='ez-toc-page-1 ez-toc-heading-level-2'><a class=\"ez-toc-link ez-toc-heading-17\" href=\"https:\/\/livecasinofinder.com\/lv\/disclaimer\/#Conclusion\" title=\"Secin\u0101jums\">Secin\u0101jums<\/a><\/li><\/ul><\/nav><\/div>\n\n<h2><span class=\"ez-toc-section\" id=\"Objective_of_LiveCasinoFindercom\"><\/span>LiveCasinoFinder.com m\u0113r\u0137is<span class=\"ez-toc-section-end\"><\/span><\/h2>\n<p>LiveCasinoFinder.com ir viens m\u0113r\u0137is:\u00a0<em>lai padar\u012btu j\u016bsu tie\u0161saistes azartsp\u0113\u013cu ce\u013cojumu rait\u0101ku nek\u0101 Straight Flush.<\/em>. M\u0113s nodro\u0161in\u0101m jums uzticamu inform\u0101ciju, ekspertu ieskatu un augst\u0101k\u0101s klases strat\u0113\u0123ijas. Tom\u0113r atcerieties, ka m\u0113s esam Gandalfs j\u016bsu Frodo; p\u0113d\u0113jais uzdevums ir j\u016bsu zi\u0146\u0101.<\/p>\n<h2><span class=\"ez-toc-section\" id=\"Limitations_and_Liability\"><\/span>Ierobe\u017eojumi un atbild\u012bba<span class=\"ez-toc-section-end\"><\/span><\/h2>\n<p>L\u012bdz\u012bgi k\u0101 drosm\u012bg\u0101 pir\u0101tu piedz\u012bvojum\u0101, ce\u013cojums \u0161eit ir uz j\u016bsu pa\u0161u risku. M\u0113s neesam atbild\u012bgi par jebk\u0101diem zaud\u0113jumiem vai boj\u0101jumiem. M\u016bsu d\u0101rgumu kartes ir ce\u013cve\u017ei, bet risk\u0113jat pa\u0161i.<\/p>\n<h3><span class=\"ez-toc-section\" id=\"Validity_of_Information\"><\/span>Inform\u0101cijas der\u012bgums<span class=\"ez-toc-section-end\"><\/span><\/h3>\n<p>M\u0113s esam ieguld\u012bju\u0161i savu sirdi un dv\u0113seli, lai sniegtu jums visprec\u012bz\u0101ko un aktu\u0101l\u0101ko inform\u0101ciju. Tom\u0113r, glu\u017ei k\u0101 pokera sp\u0113l\u0113, da\u017ek\u0101rt situ\u0101cija main\u0101s neparedz\u0113ti. L\u012bdz ar to m\u0113s nevaram garant\u0113t, ka viss, ko \u0161eit atrad\u012bsiet, vienm\u0113r b\u016bs svaigs k\u0101 margrieti\u0146a.<\/p>\n<h3><span class=\"ez-toc-section\" id=\"User_Responsibilities\"><\/span>Lietot\u0101ja pien\u0101kumi<span class=\"ez-toc-section-end\"><\/span><\/h3>\n<h4><span class=\"ez-toc-section\" id=\"Age_Restrictions\"><\/span>Vecuma ierobe\u017eojumi<span class=\"ez-toc-section-end\"><\/span><\/h4>\n<p>Vai esat pietiekami vecs, lai sp\u0113l\u0113tu ar kauli\u0146iem? Pirms ieejat aizraujo\u0161aj\u0101 LiveCasinoFinder.com pasaul\u0113, p\u0101rliecinieties, ka esat pilngad\u012bgs, lai sp\u0113l\u0113tu. Ja neesat, ir pien\u0101cis laiks doties prom no \u0161ejienes!<\/p>\n<h4><span class=\"ez-toc-section\" id=\"Responsible_Gambling\"><\/span>Atbild\u012bgas azartsp\u0113les<span class=\"ez-toc-section-end\"><\/span><\/h4>\n<p>Azartsp\u0113l\u0113m ir j\u0101b\u016bt t\u0101d\u0101m pa\u0161\u0101m k\u0101 laba v\u012bna malko\u0161anai - t\u0101s ir j\u0101r\u012bkojas atbild\u012bgi. Vienm\u0113r atcerieties saglab\u0101t pr\u0101tu un nekad nesp\u0113l\u0113iet vair\u0101k, nek\u0101 varat at\u013cauties zaud\u0113t. Uztveriet to k\u0101 draudz\u012bgu sp\u0113\u013cu vakaru; j\u016bs esat \u0161eit, lai izklaid\u0113tos, nevis lai iztuk\u0161otu savus m\u016b\u017ea uzkr\u0101jumus!<\/p>\n<h2><span class=\"ez-toc-section\" id=\"Third-Party_Content_and_Links\"><\/span>Tre\u0161o pu\u0161u saturs un saites<span class=\"ez-toc-section-end\"><\/span><\/h2>\n<h3><span class=\"ez-toc-section\" id=\"External_Links\"><\/span>\u0100r\u0113j\u0101s saites<span class=\"ez-toc-section-end\"><\/span><\/h3>\n<p><em>Vai jums k\u0101dreiz ir bijusi v\u0113lme izp\u0113t\u012bt jaunas sf\u0113ras?<\/em>\u00a0M\u0113s pied\u0101v\u0101jam saites uz tre\u0161o pu\u0161u vietn\u0113m. Tom\u0113r esi uzman\u012bgs, jaunais p\u0113tniek. M\u0113s neesam atbild\u012bgi par p\u016b\u0137iem vai saturu, ar ko j\u016bs tur var\u0113tu sastapties.<\/p>\n<h3><span class=\"ez-toc-section\" id=\"Affiliations_and_Partnerships\"><\/span>Saist\u012bbas un partner\u012bbas<span class=\"ez-toc-section-end\"><\/span><\/h3>\n<p>M\u0113s lepojamies ar to, ka esam saist\u012bti ar da\u017eiem no nozares kara\u013cnamiem. Tom\u0113r m\u016bsu integrit\u0101te ir neskarta, un m\u016bsu viedok\u013ci nav main\u012bju\u0161ies. Partnerattiec\u012bbas nevalda p\u0101r mums, bet m\u0113s valda p\u0101r t\u0101m!<\/p>\n<h2><span class=\"ez-toc-section\" id=\"Intellectual_Property\"><\/span>Intelektu\u0101lais \u012bpa\u0161ums<span class=\"ez-toc-section-end\"><\/span><\/h2>\n<h3><span class=\"ez-toc-section\" id=\"Copyrights\"><\/span>Autorties\u012bbas<span class=\"ez-toc-section-end\"><\/span><\/h3>\n<p>M\u016bsu saturs ir unik\u0101ls k\u0101 vienradzis, un tas ir aizsarg\u0101ts ar autorties\u012bbu likumu burv\u012bgo vairogu. Cieniet \u0161o sf\u0113ru, nelaupiet m\u016bsu saturu!<\/p>\n<h3><span class=\"ez-toc-section\" id=\"Use_of_Content\"><\/span>Satura izmanto\u0161ana<span class=\"ez-toc-section-end\"><\/span><\/h3>\n<p>Izmantojiet m\u016bsu saturu, bet neaizmirstiet nor\u0101d\u012bt burvju avotu - LiveCasinoFinder.com.\u00a0<em>Vai j\u016bs nedotu kred\u012btu burvim, kur\u0161 jums iedod d\u0101rgumu karti?<\/em><\/p>\n<h3><span class=\"ez-toc-section\" id=\"Indemnification\"><\/span>Atl\u012bdz\u012bba<span class=\"ez-toc-section-end\"><\/span><\/h3>\n<p>Ja j\u016bsu r\u012bc\u012bba noved pie juridisk\u0101m nepatik\u0161an\u0101m, tas ir t\u0101pat k\u0101 staig\u0101t pa d\u0113li vienatn\u0113; m\u0113s nedal\u012bsimies kritien\u0101. Jums ir j\u0101atl\u012bdzina mums visas pras\u012bbas, kas radu\u0161\u0101s m\u016bsu d\u0101rgumu kar\u0161u izmanto\u0161anas d\u0113\u013c.<\/p>\n<h2><span class=\"ez-toc-section\" id=\"Governing_Law_and_Jurisdiction\"><\/span>Piem\u0113rojamie ties\u012bbu akti un jurisdikcija<span class=\"ez-toc-section-end\"><\/span><\/h2>\n<p>Likumi, kas reglament\u0113 LiveCasinoFinder.com teritoriju, ir stingri un saisto\u0161i. Jebk\u0101di str\u012bdi tiek risin\u0101ti saska\u0146\u0101 ar valst\u012b sp\u0113k\u0101 eso\u0161ajiem likumiem, un tos risina tiesiskie \u0113rg\u013ci, kas ir modri un uzman\u012bgi.<\/p>\n<h2><span class=\"ez-toc-section\" id=\"Updates_to_Disclaimer\"><\/span>Atbilst\u012bbas atruna atjaunin\u0101jumi<span class=\"ez-toc-section-end\"><\/span><\/h2>\n<p>M\u0113s varam atjaunin\u0101t \u0161o atrunu, t\u0101pat k\u0101 ku\u0123is maina kursu. Turiet uz \u0161\u012bs lapas v\u0113rstu spoguli, lai stay b\u016btu inform\u0113ti.<\/p>\n<h2><span class=\"ez-toc-section\" id=\"Contact_Information\"><\/span>Kontaktinform\u0101cija<span class=\"ez-toc-section-end\"><\/span><\/h2>\n<p>Ja v\u0113laties sazin\u0101ties, nos\u016btiet mums zi\u0146u pudel\u0113 vai sazinieties ar mums, izmantojot m\u016bsu vietni. M\u0113s nov\u0113rt\u0113jam atsauksmes k\u0101 pir\u0101ts v\u0113rt\u0113 zeltu!<\/p>\n<h2><span class=\"ez-toc-section\" id=\"Conclusion\"><\/span>Secin\u0101jums<span class=\"ez-toc-section-end\"><\/span><\/h2>\n<p>T\u0101tad, kol\u0113\u0123i piedz\u012bvojumu mekl\u0113t\u0101ji, tas nosl\u0113dz ofici\u0101lo atrunu par LiveCasinoFinder.com. Atcerieties, ka ar lielu varu (vai inform\u0101ciju, \u0161aj\u0101 gad\u012bjum\u0101) n\u0101k ar\u012b liela atbild\u012bba. Izmantojiet d\u0101rgumu kartes gudri, un lai j\u016bsu mekl\u0113jumi ir bag\u0101ti!<\/p>","protected":false},"excerpt":{"rendered":"<p>LiveCasinoFinder.com ir kvintesenci\u0101ls ce\u013cvedis visiem azartsp\u0113\u013cu entuziastiem! Vai k\u0101dreiz esat bijis m\u012bklu, kuru live casino izm\u0113\u0123in\u0101t? M\u016bsu t\u012bmek\u013ca vietne darbojas k\u0101 b\u0101ka, vadot j\u016bs cauri mistific\u0113tajai tie\u0161saistes kazino pasaulei. LiveCasinoFinder.com pal\u012bdz\u0113s jums atrast lab\u0101kos live casino, sal\u012bdzin\u0101t iesp\u0113jas un pat ieg\u016bt da\u017eus super saldus bonusus. M\u0113r\u0137is [...]<\/p>","protected":false},"author":1,"featured_media":0,"parent":0,"menu_order":0,"comment_status":"closed","ping_status":"closed","template":"page-no-sidebar.php","meta":{"_lmt_disableupdate":"no","_lmt_disable":"no","footnotes":""},"class_list":["post-2107","page","type-page","status-publish","hentry"],"yoast_head":"<!-- This site is optimized with the Yoast SEO plugin v26.4 - https:\/\/yoast.com\/wordpress\/plugins\/seo\/ -->\n<title>Disclaimer and Important Information<\/title>\n<meta name=\"description\" content=\"Read Live Casino Finder\u2019s disclaimer to understand our policies and ensure a clear and transparent experience when using our live casino guides and reviews.\" \/>\n<meta name=\"robots\" content=\"index, follow, max-snippet:-1, max-image-preview:large, max-video-preview:-1\" \/>\n<link rel=\"canonical\" href=\"https:\/\/livecasinofinder.com\/wp-json\/wp\/v2\/pages\/2107\/\" \/>\n<meta property=\"og:locale\" content=\"lv_LV\" \/>\n<meta property=\"og:type\" content=\"article\" \/>\n<meta property=\"og:title\" content=\"Disclaimer and Important Information\" \/>\n<meta property=\"og:description\" content=\"Read Live Casino Finder\u2019s disclaimer to understand our policies and ensure a clear and transparent experience when using our live casino guides and reviews.\" \/>\n<meta property=\"og:url\" content=\"https:\/\/livecasinofinder.com\/lv\/disclaimer\/\" \/>\n<meta property=\"og:site_name\" content=\"livecasinofinder.com\" \/>\n<meta property=\"article:modified_time\" content=\"2025-06-03T11:09:24+00:00\" \/>\n<meta property=\"og:image\" content=\"https:\/\/livecasinofinder.com\/wp-content\/uploads\/2023\/03\/lucasoilraceway-logo-1.png\" \/>\n\t<meta property=\"og:image:width\" content=\"427\" \/>\n\t<meta property=\"og:image:height\" content=\"145\" \/>\n\t<meta property=\"og:image:type\" content=\"image\/png\" \/>\n<meta name=\"twitter:card\" content=\"summary_large_image\" \/>\n<meta name=\"twitter:label1\" content=\"Est. reading time\" \/>\n\t<meta name=\"twitter:data1\" content=\"3 min\u016btes\" \/>\n<!-- \/ Yoast SEO plugin. -->","yoast_head_json":{"title":"Disclaimer and Important Information","description":"Read Live Casino Finder\u2019s disclaimer to understand our policies and ensure a clear and transparent experience when using our live casino guides and reviews.","robots":{"index":"index","follow":"follow","max-snippet":"max-snippet:-1","max-image-preview":"max-image-preview:large","max-video-preview":"max-video-preview:-1"},"canonical":"https:\/\/livecasinofinder.com\/wp-json\/wp\/v2\/pages\/2107\/","og_locale":"lv_LV","og_type":"article","og_title":"Disclaimer and Important Information","og_description":"Read Live Casino Finder\u2019s disclaimer to understand our policies and ensure a clear and transparent experience when using our live casino guides and reviews.","og_url":"https:\/\/livecasinofinder.com\/lv\/disclaimer\/","og_site_name":"livecasinofinder.com","article_modified_time":"2025-06-03T11:09:24+00:00","og_image":[{"width":427,"height":145,"url":"https:\/\/livecasinofinder.com\/wp-content\/uploads\/2023\/03\/lucasoilraceway-logo-1.png","type":"image\/png"}],"twitter_card":"summary_large_image","twitter_misc":{"Est. reading time":"3 min\u016btes"},"schema":{"@context":"https:\/\/schema.org","@graph":[{"@type":"WebPage","@id":"https:\/\/livecasinofinder.com\/disclaimer\/","url":"https:\/\/livecasinofinder.com\/disclaimer\/","name":"Disclaimer and Important Information","isPartOf":{"@id":"https:\/\/livecasinofinder.com\/ja\/#website"},"datePublished":"2023-06-20T14:36:44+00:00","dateModified":"2025-06-03T11:09:24+00:00","description":"Read Live Casino Finder\u2019s disclaimer to understand our policies and ensure a clear and transparent experience when using our live casino guides and reviews.","breadcrumb":{"@id":"https:\/\/livecasinofinder.com\/disclaimer\/#breadcrumb"},"inLanguage":"lv-LV","potentialAction":[{"@type":"ReadAction","target":["https:\/\/livecasinofinder.com\/disclaimer\/"]}]},{"@type":"BreadcrumbList","@id":"https:\/\/livecasinofinder.com\/disclaimer\/#breadcrumb","itemListElement":[{"@type":"ListItem","position":1,"name":"LiveCasinoFinder.com","item":"https:\/\/livecasinofinder.com\/fr\/"},{"@type":"ListItem","position":2,"name":"Disclaimer"}]},{"@type":"WebSite","@id":"https:\/\/livecasinofinder.com\/ja\/#website","url":"https:\/\/livecasinofinder.com\/ja\/","name":"livecasinofinder","description":"","publisher":{"@id":"https:\/\/livecasinofinder.com\/ja\/#organization"},"alternateName":"Lucas oil raceway live casino","potentialAction":[{"@type":"SearchAction","target":{"@type":"EntryPoint","urlTemplate":"https:\/\/livecasinofinder.com\/ja\/?s={search_term_string}"},"query-input":{"@type":"PropertyValueSpecification","valueRequired":true,"valueName":"search_term_string"}}],"inLanguage":"lv-LV"},{"@type":"Organization","@id":"https:\/\/livecasinofinder.com\/ja\/#organization","name":"\u012astu d\u012bleru kazino mekl\u0113t\u0101js","alternateName":"Lucas oil raceway live casino","url":"https:\/\/livecasinofinder.com\/ja\/","logo":{"@type":"ImageObject","inLanguage":"lv-LV","@id":"https:\/\/livecasinofinder.com\/ja\/#\/schema\/logo\/image\/","url":"https:\/\/livecasinofinder.com\/wp-content\/uploads\/2023\/04\/livecasinofinder-logo.png","contentUrl":"https:\/\/livecasinofinder.com\/wp-content\/uploads\/2023\/04\/livecasinofinder-logo.png","width":1600,"height":453,"caption":"Live Casino Finder"},"image":{"@id":"https:\/\/livecasinofinder.com\/ja\/#\/schema\/logo\/image\/"}}]}},"_links":{"self":[{"href":"https:\/\/livecasinofinder.com\/lv\/wp-json\/wp\/v2\/pages\/2107","targetHints":{"allow":["GET"]}}],"collection":[{"href":"https:\/\/livecasinofinder.com\/lv\/wp-json\/wp\/v2\/pages"}],"about":[{"href":"https:\/\/livecasinofinder.com\/lv\/wp-json\/wp\/v2\/types\/page"}],"author":[{"embeddable":true,"href":"https:\/\/livecasinofinder.com\/lv\/wp-json\/wp\/v2\/users\/1"}],"replies":[{"embeddable":true,"href":"https:\/\/livecasinofinder.com\/lv\/wp-json\/wp\/v2\/comments?post=2107"}],"version-history":[{"count":0,"href":"https:\/\/livecasinofinder.com\/lv\/wp-json\/wp\/v2\/pages\/2107\/revisions"}],"wp:attachment":[{"href":"https:\/\/livecasinofinder.com\/lv\/wp-json\/wp\/v2\/media?parent=2107"}],"curies":[{"name":"wp","href":"https:\/\/api.w.org\/{rel}","templated":true}]}}