{"id":2105,"date":"2023-06-20T14:36:13","date_gmt":"2023-06-20T14:36:13","guid":{"rendered":"https:\/\/livecasinofinder.com\/?page_id=2105"},"modified":"2025-06-03T11:10:21","modified_gmt":"2025-06-03T11:10:21","slug":"cookie-policy","status":"publish","type":"page","link":"https:\/\/livecasinofinder.com\/lv\/cookie-policy\/","title":{"rendered":"S\u012bkfailu politika"},"content":{"rendered":"<p>Laipni l\u016bdzam <a href=\"\/lv\/\">\u012astu d\u012bleru kazino mekl\u0113t\u0101js<\/a>, j\u016bsu gal\u012bgais galam\u0113r\u0137is vis\u0101m live casino sp\u0113\u013cu liet\u0101m! M\u016bsu m\u0113r\u0137is ir nodro\u0161in\u0101t jums aizraujo\u0161u un aizraujo\u0161u tie\u0161saistes azartsp\u0113\u013cu pieredzi, k\u0101das nav citur. Uzs\u0101kot \u0161o aizraujo\u0161o ce\u013cojumu kop\u0101 ar ether, m\u0113s v\u0113lamies inform\u0113t par m\u016bsu visaptvero\u0161o s\u012bkfailu politiku. M\u016bsu ap\u0146em\u0161an\u0101s nodro\u0161in\u0101t p\u0101rredzam\u012bbu, priv\u0101tumu un izcilu lietot\u0101ja pieredzi ir visa m\u016bsu darb\u012bbas priek\u0161pl\u0101n\u0101.<\/p>\n<div id=\"ez-toc-container\" class=\"ez-toc-v2_0_63 counter-hierarchy ez-toc-counter ez-toc-grey ez-toc-container-direction\">\n<label for=\"ez-toc-cssicon-toggle-item-69d03e29abb9c\" class=\"ez-toc-cssicon-toggle-label\"><span class=\"ez-toc-cssicon\"><span class=\"eztoc-hide\" style=\"display:none;\">P\u0101rsl\u0113gt<\/span><span class=\"ez-toc-icon-toggle-span\"><svg style=\"fill: #999;color:#999\" xmlns=\"http:\/\/www.w3.org\/2000\/svg\" class=\"list-377408\" width=\"20px\" height=\"20px\" viewbox=\"0 0 24 24\" fill=\"none\"><path d=\"M6 6H4v2h2V6zm14 0H8v2h12V6zM4 11h2v2H4v-2zm16 0H8v2h12v-2zM4 16h2v2H4v-2zm16 0H8v2h12v-2z\" fill=\"currentColor\"><\/path><\/svg><svg style=\"fill: #999;color:#999\" class=\"arrow-unsorted-368013\" xmlns=\"http:\/\/www.w3.org\/2000\/svg\" width=\"10px\" height=\"10px\" viewbox=\"0 0 24 24\" version=\"1.2\" baseprofile=\"tiny\"><path d=\"M18.2 9.3l-6.2-6.3-6.2 6.3c-.2.2-.3.4-.3.7s.1.5.3.7c.2.2.4.3.7.3h11c.3 0 .5-.1.7-.3.2-.2.3-.5.3-.7s-.1-.5-.3-.7zM5.8 14.7l6.2 6.3 6.2-6.3c.2-.2.3-.5.3-.7s-.1-.5-.3-.7c-.2-.2-.4-.3-.7-.3h-11c-.3 0-.5.1-.7.3-.2.2-.3.5-.3.7s.1.5.3.7z\"\/><\/svg><\/span><\/span><\/label><input type=\"checkbox\"  id=\"ez-toc-cssicon-toggle-item-69d03e29abb9c\" checked aria-label=\"P\u0101rsl\u0113gt\" \/><nav><ul class='ez-toc-list ez-toc-list-level-1' ><li class='ez-toc-page-1 ez-toc-heading-level-2'><a class=\"ez-toc-link ez-toc-heading-1\" href=\"https:\/\/livecasinofinder.com\/lv\/cookie-policy\/#Live_Casino_Finder_Comprehensive_Cookie_Policy\" title=\"Live Casino Finder Visaptvero\u0161a s\u012bkfailu politika\">Live Casino Finder Visaptvero\u0161a s\u012bkfailu politika<\/a><\/li><li class='ez-toc-page-1 ez-toc-heading-level-2'><a class=\"ez-toc-link ez-toc-heading-2\" href=\"https:\/\/livecasinofinder.com\/lv\/cookie-policy\/#Exploring_the_Concept_of_Cookies\" title=\"S\u012bkfailu j\u0113dziena izp\u0113te\">S\u012bkfailu j\u0113dziena izp\u0113te<\/a><\/li><li class='ez-toc-page-1 ez-toc-heading-level-2'><a class=\"ez-toc-link ez-toc-heading-3\" href=\"https:\/\/livecasinofinder.com\/lv\/cookie-policy\/#Our_Application_of_Cookies\" title=\"M\u016bsu s\u012bkfailu izmanto\u0161ana\">M\u016bsu s\u012bkfailu izmanto\u0161ana<\/a><\/li><li class='ez-toc-page-1 ez-toc-heading-level-2'><a class=\"ez-toc-link ez-toc-heading-4\" href=\"https:\/\/livecasinofinder.com\/lv\/cookie-policy\/#Categories_of_Cookies_We_Use\" title=\"M\u016bsu izmantoto s\u012bkfailu kategorijas\">M\u016bsu izmantoto s\u012bkfailu kategorijas<\/a><\/li><li class='ez-toc-page-1 ez-toc-heading-level-2'><a class=\"ez-toc-link ez-toc-heading-5\" href=\"https:\/\/livecasinofinder.com\/lv\/cookie-policy\/#Managing_Your_Cookie_Preferences\" title=\"S\u012bkfailu preferen\u010du p\u0101rvald\u012bba\">S\u012bkfailu preferen\u010du p\u0101rvald\u012bba<\/a><\/li><\/ul><\/nav><\/div>\n\n<h2><span class=\"ez-toc-section\" id=\"Live_Casino_Finder_Comprehensive_Cookie_Policy\"><\/span>Live Casino Finder Visaptvero\u0161a s\u012bkfailu politika<span class=\"ez-toc-section-end\"><\/span><\/h2>\n<p>Live Casino Finder m\u0113s uzskat\u0101m par priorit\u0101ti J\u016bsu priv\u0101tumu, vienlaikus pied\u0101v\u0101jot personaliz\u0113tu un nevainojamu p\u0101rl\u016bko\u0161anas pieredzi. M\u016bsu visaptvero\u0161\u0101 s\u012bkfailu politika ir izstr\u0101d\u0101ta, lai sniegtu Jums skaidr\u012bbu un p\u0101rliec\u012bbu, nodro\u0161inot, ka J\u016bsu priv\u0101tums ir aizsarg\u0101ts, kam\u0113r J\u016bs iepaz\u012bstat aizraujo\u0161o live casino sp\u0113\u013cu pasauli.<\/p>\n<h2><span class=\"ez-toc-section\" id=\"Exploring_the_Concept_of_Cookies\"><\/span>S\u012bkfailu j\u0113dziena izp\u0113te<span class=\"ez-toc-section-end\"><\/span><\/h2>\n<p>S\u012bkfaili ir nelieli teksta faili, kas tiek nos\u016bt\u012bti uz j\u016bsu ier\u012bci, kad apmekl\u0113jat m\u016bsu vietni. \u0160iem digit\u0101lajiem br\u012bnumiem ir iz\u0161\u0137iro\u0161a noz\u012bme, lai optimiz\u0113tu j\u016bsu laiku, ko pavad\u0101t pie mums. \u013baujot mums atpaz\u012bt un atcer\u0113ties j\u016bs, s\u012bkfaili \u013cauj nodro\u0161in\u0101t j\u016bsu v\u0113lm\u0113m piel\u0101gotu un personaliz\u0113tu ce\u013cojumu. Live Casino Finder m\u0113s izmantojam s\u012bkfailu iesp\u0113jas, lai padar\u012btu J\u016bsu pieredzi pat\u012bkam\u0101ku, efekt\u012bv\u0101ku un interakt\u012bv\u0101ku.<\/p>\n<h2><span class=\"ez-toc-section\" id=\"Our_Application_of_Cookies\"><\/span>M\u016bsu s\u012bkfailu izmanto\u0161ana<span class=\"ez-toc-section-end\"><\/span><\/h2>\n<p>M\u0113s izmantojam s\u012bkfailus, lai j\u016bsu live casino sp\u0113\u013cu piedz\u012bvojumu paceltu jaun\u0101 l\u012bmen\u012b. \u0160ie jaud\u012bgie r\u012bki pal\u012bdz mums nodro\u0161in\u0101t piel\u0101gotu un uz lietot\u0101ju orient\u0113tu pieredzi. Izmantojot s\u012bkfailus, m\u0113s varam atcer\u0113ties j\u016bsu preferences, nodro\u0161inot, ka katrs apmekl\u0113jums ir k\u0101 \u012bpa\u0161i piel\u0101gots iel\u016bgums uz aizraujo\u0161u pasauli. Whethai ir sp\u0113\u013cu ieteikumu personaliz\u0113\u0161ana, j\u016bsu v\u0113lamo iestat\u012bjumu atcer\u0113\u0161an\u0101s vai ekskluz\u012bvu akciju nodro\u0161in\u0101\u0161ana, s\u012bkfaili \u013cauj mums rad\u012bt neaizmirstamu pieredzi tie\u0161i jums.<\/p>\n<h2><span class=\"ez-toc-section\" id=\"Categories_of_Cookies_We_Use\"><\/span>M\u016bsu izmantoto s\u012bkfailu kategorijas<span class=\"ez-toc-section-end\"><\/span><\/h2>\n<ol>\n<li>Nepiecie\u0161am\u0101s s\u012bkdatnes: \u0160\u012bs s\u012bkdatnes ir \u013coti svar\u012bgas m\u016bsu t\u012bmek\u013ca vietnes pamatfunkcij\u0101m. T\u0101s nodro\u0161ina t\u0101das svar\u012bgas funkcijas k\u0101 dro\u0161a pieteik\u0161an\u0101s, konta p\u0101rvald\u012bba un netrauc\u0113ti veicami dar\u012bjumi, t\u0101d\u0113j\u0101di nodro\u0161inot, ka j\u016bsu sp\u0113\u013cu pieredze ir vienm\u0113r\u012bga un nep\u0101rtraukta.<\/li>\n<li>Veiktsp\u0113jas s\u012bkfaili: Tie\u0161saistes kazino Finder m\u0113s cen\u0161amies pied\u0101v\u0101t Jums vislab\u0101ko live casino sp\u0113\u013cu pieredzi. Veiktsp\u0113jas s\u012bkfaili \u013cauj mums apkopot inform\u0101ciju par to, k\u0101 j\u016bs p\u0101rvietojaties m\u016bsu t\u012bmek\u013ca vietn\u0113, \u013caujot mums analiz\u0113t un optimiz\u0113t m\u016bsu platformas darb\u012bbu. Nep\u0101rtraukti uzlabojot savus pakalpojumus, m\u0113s nodro\u0161in\u0101m, ka J\u016bsu sp\u0113\u013cu pieredze ir \u0101tra, uzticama un izcila.<\/li>\n<li>Funkcionalit\u0101te S\u012bkfaili: M\u016bsu ap\u0146em\u0161an\u0101s personaliz\u0113t atspogu\u013cojas funkcionalit\u0101tes s\u012bkfailu izmanto\u0161an\u0101. \u0160\u012bs s\u012bkdatnes \u013cauj mums atcer\u0113ties j\u016bsu preferences, radot tie\u0161i jums piel\u0101gotu un aizraujo\u0161u sp\u0113\u013cu vidi. Funkcionalit\u0101tes s\u012bkfaili, s\u0101kot no j\u016bsu valodas preferen\u010du atcer\u0113\u0161an\u0101s un beidzot ar atbilsto\u0161u sp\u0113les iesp\u0113ju pied\u0101v\u0101\u0161anu, padara j\u016bsu live casino sp\u0113\u013cu piedz\u012bvojumu neaizmirstamu.<\/li>\n<\/ol>\n<h2><span class=\"ez-toc-section\" id=\"Managing_Your_Cookie_Preferences\"><\/span>S\u012bkfailu preferen\u010du p\u0101rvald\u012bba<span class=\"ez-toc-section-end\"><\/span><\/h2>\n<p>M\u0113s uzskat\u0101m, ka jums ir j\u0101kontrol\u0113 sava konfidencialit\u0101te un p\u0101rl\u016bko\u0161anas pieredze. Live Casino Finder nodro\u0161ina jums vienk\u0101r\u0161as iesp\u0113jas p\u0101rvald\u012bt s\u012bkfailu preferences atbilsto\u0161i j\u016bsu v\u0113lm\u0113m. J\u016bs varat piel\u0101got iestat\u012bjumus, izmantojot p\u0101rl\u016bkprogrammu, izv\u0113loties pie\u0146emt vai noraid\u012bt s\u012bkfailus. Tom\u0113r \u0146emiet v\u0113r\u0101, ka s\u012bkfailu atsp\u0113jo\u0161ana var ierobe\u017eot da\u017eas m\u016bsu vietnes funkcijas un funkcionalit\u0101ti. M\u0113s cen\u0161amies pan\u0101kt perfektu l\u012bdzsvaru starp personaliz\u0101ciju un priv\u0101tumu, nodro\u0161inot, ka J\u016bsu ce\u013cojums ar Live Casino Finder ir dro\u0161s, nevainojams un piel\u0101gots J\u016bsu v\u0113lm\u0113m.<\/p>\n<p>Nosl\u0113gum\u0101 j\u0101secina, ka Live Casino Finder visaptvero\u0161\u0101 s\u012bkfailu politika apliecina m\u016bsu nelok\u0101mo ap\u0146em\u0161anos iev\u0113rot p\u0101rredzam\u012bbu, priv\u0101tumu un nodro\u0161in\u0101t izcilu live casino sp\u0113\u013cu pieredzi. Izmantojot s\u012bkfailu iesp\u0113jas, m\u016bsu m\u0113r\u0137is ir rad\u012bt personaliz\u0113tu un aizraujo\u0161u ce\u013cojumu, kas piel\u0101gots j\u016bsu v\u0113lm\u0113m. Pievienojieties mums, iepaz\u012bstot aizraujo\u0161o live casino sp\u0113\u013cu pasauli, zinot, ka j\u016bsu priv\u0101tums tiek iev\u0113rots, j\u016bsu pieredze tiek optimiz\u0113ta un j\u016bsu apmierin\u0101t\u012bba ir m\u016bsu galven\u0101 priorit\u0101te. Laipni l\u016bgti Live Casino Finder, kur j\u016bs gaida aizraujo\u0161as dz\u012bv\u0101s sp\u0113les!<\/p>","protected":false},"excerpt":{"rendered":"<p>Laipni l\u016bgti Live Casino Finder, j\u016bsu galam\u0113r\u0137is vis\u0101m live casino sp\u0113l\u0113m! M\u016bsu m\u0113r\u0137is ir nodro\u0161in\u0101t jums aizraujo\u0161u un aizraujo\u0161u tie\u0161saistes azartsp\u0113\u013cu pieredzi, k\u0101das nav citur. Uzs\u0101kot \u0161o aizraujo\u0161o ce\u013cojumu uz ether, m\u0113s v\u0113lamies iepaz\u012bstin\u0101t ar m\u016bsu visaptvero\u0161o s\u012bkfailu politiku. M\u016bsu ap\u0146em\u0161an\u0101s nodro\u0161in\u0101t p\u0101rredzam\u012bbu, priv\u0101tumu un [...]<\/p>","protected":false},"author":1,"featured_media":0,"parent":0,"menu_order":0,"comment_status":"closed","ping_status":"closed","template":"page-no-sidebar.php","meta":{"_lmt_disableupdate":"no","_lmt_disable":"no","footnotes":""},"class_list":["post-2105","page","type-page","status-publish","hentry"],"yoast_head":"<!-- This site is optimized with the Yoast SEO plugin v26.4 - https:\/\/yoast.com\/wordpress\/plugins\/seo\/ -->\n<title>Cookie Policy and Data Use<\/title>\n<meta name=\"description\" content=\"Understand how Live Casino Finder uses cookies to improve your experience and provide relevant content while protecting your privacy and data security.\" \/>\n<meta name=\"robots\" content=\"index, follow, max-snippet:-1, max-image-preview:large, max-video-preview:-1\" \/>\n<link rel=\"canonical\" href=\"https:\/\/livecasinofinder.com\/wp-json\/wp\/v2\/pages\/2105\/\" \/>\n<meta property=\"og:locale\" content=\"lv_LV\" \/>\n<meta property=\"og:type\" content=\"article\" \/>\n<meta property=\"og:title\" content=\"Cookie Policy and Data Use\" \/>\n<meta property=\"og:description\" content=\"Understand how Live Casino Finder uses cookies to improve your experience and provide relevant content while protecting your privacy and data security.\" \/>\n<meta property=\"og:url\" content=\"https:\/\/livecasinofinder.com\/lv\/cookie-policy\/\" \/>\n<meta property=\"og:site_name\" content=\"livecasinofinder.com\" \/>\n<meta property=\"article:modified_time\" content=\"2025-06-03T11:10:21+00:00\" \/>\n<meta property=\"og:image\" content=\"https:\/\/livecasinofinder.com\/wp-content\/uploads\/2023\/03\/lucasoilraceway-logo-1.png\" \/>\n\t<meta property=\"og:image:width\" content=\"427\" \/>\n\t<meta property=\"og:image:height\" content=\"145\" \/>\n\t<meta property=\"og:image:type\" content=\"image\/png\" \/>\n<meta name=\"twitter:card\" content=\"summary_large_image\" \/>\n<meta name=\"twitter:label1\" content=\"Est. reading time\" \/>\n\t<meta name=\"twitter:data1\" content=\"3 min\u016btes\" \/>\n<!-- \/ Yoast SEO plugin. -->","yoast_head_json":{"title":"Cookie Policy and Data Use","description":"Understand how Live Casino Finder uses cookies to improve your experience and provide relevant content while protecting your privacy and data security.","robots":{"index":"index","follow":"follow","max-snippet":"max-snippet:-1","max-image-preview":"max-image-preview:large","max-video-preview":"max-video-preview:-1"},"canonical":"https:\/\/livecasinofinder.com\/wp-json\/wp\/v2\/pages\/2105\/","og_locale":"lv_LV","og_type":"article","og_title":"Cookie Policy and Data Use","og_description":"Understand how Live Casino Finder uses cookies to improve your experience and provide relevant content while protecting your privacy and data security.","og_url":"https:\/\/livecasinofinder.com\/lv\/cookie-policy\/","og_site_name":"livecasinofinder.com","article_modified_time":"2025-06-03T11:10:21+00:00","og_image":[{"width":427,"height":145,"url":"https:\/\/livecasinofinder.com\/wp-content\/uploads\/2023\/03\/lucasoilraceway-logo-1.png","type":"image\/png"}],"twitter_card":"summary_large_image","twitter_misc":{"Est. reading time":"3 min\u016btes"},"schema":{"@context":"https:\/\/schema.org","@graph":[{"@type":"WebPage","@id":"https:\/\/livecasinofinder.com\/cookie-policy\/","url":"https:\/\/livecasinofinder.com\/cookie-policy\/","name":"Cookie Policy and Data Use","isPartOf":{"@id":"https:\/\/livecasinofinder.com\/ja\/#website"},"datePublished":"2023-06-20T14:36:13+00:00","dateModified":"2025-06-03T11:10:21+00:00","description":"Understand how Live Casino Finder uses cookies to improve your experience and provide relevant content while protecting your privacy and data security.","breadcrumb":{"@id":"https:\/\/livecasinofinder.com\/cookie-policy\/#breadcrumb"},"inLanguage":"lv-LV","potentialAction":[{"@type":"ReadAction","target":["https:\/\/livecasinofinder.com\/cookie-policy\/"]}]},{"@type":"BreadcrumbList","@id":"https:\/\/livecasinofinder.com\/cookie-policy\/#breadcrumb","itemListElement":[{"@type":"ListItem","position":1,"name":"LiveCasinoFinder.com","item":"https:\/\/livecasinofinder.com\/fr\/"},{"@type":"ListItem","position":2,"name":"Cookie Policy"}]},{"@type":"WebSite","@id":"https:\/\/livecasinofinder.com\/ja\/#website","url":"https:\/\/livecasinofinder.com\/ja\/","name":"livecasinofinder","description":"","publisher":{"@id":"https:\/\/livecasinofinder.com\/ja\/#organization"},"alternateName":"Lucas oil raceway live casino","potentialAction":[{"@type":"SearchAction","target":{"@type":"EntryPoint","urlTemplate":"https:\/\/livecasinofinder.com\/ja\/?s={search_term_string}"},"query-input":{"@type":"PropertyValueSpecification","valueRequired":true,"valueName":"search_term_string"}}],"inLanguage":"lv-LV"},{"@type":"Organization","@id":"https:\/\/livecasinofinder.com\/ja\/#organization","name":"\u012astu d\u012bleru kazino mekl\u0113t\u0101js","alternateName":"Lucas oil raceway live casino","url":"https:\/\/livecasinofinder.com\/ja\/","logo":{"@type":"ImageObject","inLanguage":"lv-LV","@id":"https:\/\/livecasinofinder.com\/ja\/#\/schema\/logo\/image\/","url":"https:\/\/livecasinofinder.com\/wp-content\/uploads\/2023\/04\/livecasinofinder-logo.png","contentUrl":"https:\/\/livecasinofinder.com\/wp-content\/uploads\/2023\/04\/livecasinofinder-logo.png","width":1600,"height":453,"caption":"Live Casino Finder"},"image":{"@id":"https:\/\/livecasinofinder.com\/ja\/#\/schema\/logo\/image\/"}}]}},"_links":{"self":[{"href":"https:\/\/livecasinofinder.com\/lv\/wp-json\/wp\/v2\/pages\/2105","targetHints":{"allow":["GET"]}}],"collection":[{"href":"https:\/\/livecasinofinder.com\/lv\/wp-json\/wp\/v2\/pages"}],"about":[{"href":"https:\/\/livecasinofinder.com\/lv\/wp-json\/wp\/v2\/types\/page"}],"author":[{"embeddable":true,"href":"https:\/\/livecasinofinder.com\/lv\/wp-json\/wp\/v2\/users\/1"}],"replies":[{"embeddable":true,"href":"https:\/\/livecasinofinder.com\/lv\/wp-json\/wp\/v2\/comments?post=2105"}],"version-history":[{"count":0,"href":"https:\/\/livecasinofinder.com\/lv\/wp-json\/wp\/v2\/pages\/2105\/revisions"}],"wp:attachment":[{"href":"https:\/\/livecasinofinder.com\/lv\/wp-json\/wp\/v2\/media?parent=2105"}],"curies":[{"name":"wp","href":"https:\/\/api.w.org\/{rel}","templated":true}]}}