{"id":381,"date":"2023-03-15T17:35:24","date_gmt":"2023-03-15T17:35:24","guid":{"rendered":"https:\/\/livecasinofinder.com\/?page_id=381"},"modified":"2025-06-03T11:06:50","modified_gmt":"2025-06-03T11:06:50","slug":"about-us","status":"publish","type":"page","link":"https:\/\/livecasinofinder.com\/lt\/about-us\/","title":{"rendered":"Apie mus"},"content":{"rendered":"<p>Sveiki atvyk\u0119 \u012f livecasinofinder.com, j\u016bs\u0173 patikim\u0105 \u0161altin\u012f ne\u0161ali\u0161kiems ir informatyviems live casino atsiliepimams. Pagrindin\u0117 m\u016bs\u0173 misija - teikti savo skaitytojams tiksli\u0105 ir naujausi\u0105 informacij\u0105 apie patikimiausius ir patikimiausius internetinius kazino, daugiausia d\u0117mesio skiriant atsakingo lo\u0161imo praktikos skatinimui.<\/p>\n<p>At livecasinofinder.com mes siekiame pateikti jums tikslias ir informatyvias geriausi\u0173 internete prieinam\u0173 live casino ap\u017evalgas. M\u016bs\u0173 pagrindin\u0117 misija - pad\u0117ti jums priimti pagr\u012fstus sprendimus, kur \u017eaisti internete.<\/p>\n<h2>M\u016bs\u0173 komanda<\/h2>\n<p><a href=\"\/lt\/recommends\/reg\/\" target=\"_blank\" rel=\"noreferrer noopener nofollow\"><img decoding=\"async\" class=\"wp-image-392 alignright\" src=\"https:\/\/livecasinofinder.com\/wp-content\/uploads\/2023\/03\/team.jpg\" alt=\"Live Casino komanda.\" width=\"346\" height=\"192\" srcset=\"https:\/\/livecasinofinder.com\/wp-content\/uploads\/2023\/03\/team.jpg 597w, https:\/\/livecasinofinder.com\/wp-content\/uploads\/2023\/03\/team-300x166.jpg 300w, https:\/\/livecasinofinder.com\/wp-content\/uploads\/2023\/03\/team-18x10.jpg 18w, https:\/\/livecasinofinder.com\/wp-content\/uploads\/2023\/03\/team-72x40.jpg 72w, https:\/\/livecasinofinder.com\/wp-content\/uploads\/2023\/03\/team-58x32.jpg 58w, https:\/\/livecasinofinder.com\/wp-content\/uploads\/2023\/03\/team-144x80.jpg 144w, https:\/\/livecasinofinder.com\/wp-content\/uploads\/2023\/03\/team-243x135.jpg 243w\" sizes=\"(max-width: 346px) 100vw, 346px\" \/><\/a><\/p>\n<p>M\u016bs\u0173 patyrusi\u0173 ir kompetenting\u0173 ap\u017evalginink\u0173 komanda siekia, kad m\u016bs\u0173 skaitytojai gaut\u0173 kuo daugiau informacijos. Tikime i\u0161sami\u0173 tyrim\u0173 ir analiz\u0117s svarba ir stengiam\u0117s pateikti s\u0105\u017einingas ir ne\u0161ali\u0161kas ap\u017evalgas, paremtas m\u016bs\u0173 i\u0161vadomis.<\/p>\n<h2>M\u016bs\u0173 privalumai<\/h2>\n<p><a href=\"\/lt\/recommends\/reg\/\" target=\"_blank\" rel=\"noreferrer noopener nofollow\"><img decoding=\"async\" class=\"wp-image-384 alignleft\" src=\"https:\/\/livecasinofinder.com\/wp-content\/uploads\/2023\/03\/advantages.jpg\" alt=\"Lucasoilraceway.com privalumai.\" width=\"496\" height=\"498\" srcset=\"https:\/\/livecasinofinder.com\/wp-content\/uploads\/2023\/03\/advantages.jpg 463w, https:\/\/livecasinofinder.com\/wp-content\/uploads\/2023\/03\/advantages-300x300.jpg 300w, https:\/\/livecasinofinder.com\/wp-content\/uploads\/2023\/03\/advantages-150x150.jpg 150w, https:\/\/livecasinofinder.com\/wp-content\/uploads\/2023\/03\/advantages-12x12.jpg 12w, https:\/\/livecasinofinder.com\/wp-content\/uploads\/2023\/03\/advantages-40x40.jpg 40w, https:\/\/livecasinofinder.com\/wp-content\/uploads\/2023\/03\/advantages-50x50.jpg 50w, https:\/\/livecasinofinder.com\/wp-content\/uploads\/2023\/03\/advantages-100x100.jpg 100w, https:\/\/livecasinofinder.com\/wp-content\/uploads\/2023\/03\/advantages-120x120.jpg 120w, https:\/\/livecasinofinder.com\/wp-content\/uploads\/2023\/03\/advantages-135x135.jpg 135w, https:\/\/livecasinofinder.com\/wp-content\/uploads\/2023\/03\/advantages-270x270.jpg 270w, https:\/\/livecasinofinder.com\/wp-content\/uploads\/2023\/03\/advantages-32x32.jpg 32w, https:\/\/livecasinofinder.com\/wp-content\/uploads\/2023\/03\/advantages-80x80.jpg 80w, https:\/\/livecasinofinder.com\/wp-content\/uploads\/2023\/03\/advantages-134x135.jpg 134w\" sizes=\"(max-width: 496px) 100vw, 496px\" \/><\/a><\/p>\n<p>Vienas i\u0161 livecasinofinder.com pasirinkimo privalum\u0173 yra m\u016bs\u0173 \u012fsipareigojimas atsakingai lo\u0161ti. Did\u017eiuojam\u0117s skatindami saugi\u0105 ir kontroliuojam\u0105 lo\u0161im\u0173 praktik\u0105, o savo skaitytojams siekiame pateikti tiksli\u0105 ir naujausi\u0105 informacij\u0105, kad jie gal\u0117t\u0173 priimti pagr\u012fstus sprendimus d\u0117l lo\u0161im\u0173 internete.<\/p>\n<p>Kitas privalumas - m\u016bs\u0173 d\u0117mesys informatyviam turiniui. M\u016bs\u0173 turinys sukurtas taip, kad b\u016bt\u0173 naudingas ir informatyvus, o skaitytojai gaut\u0173 reikiam\u0105 informacij\u0105, kad gal\u0117t\u0173 nuspr\u0119sti, kur lo\u0161ti internete. Suprantame, kad lo\u0161imai internete gali b\u016bti ir \u012fdom\u016bs, ir priblo\u0161kiantys, tod\u0117l stengiam\u0117s supaprastinti \u0161\u012f proces\u0105 pateikdami i\u0161samias ir lengvai suprantamas ap\u017evalgas.<\/p>\n<p>Kaip nepriklausoma svetain\u0117, mes nesame susij\u0119 su jokiais internetiniais kazino, kuriuos per\u017ei\u016brime, tod\u0117l galime pateikti ne\u0161ali\u0161kas ir objektyvias ap\u017evalgas, pagr\u012fstas i\u0161samiais tyrimais ir analize. Did\u017eiuojam\u0117s savo \u012fsipareigojimu propaguoti atsaking\u0105 lo\u0161imo praktik\u0105 ir orientuojam\u0117s \u012f sveikos ir malonios lo\u0161imo patirties skatinim\u0105.<\/p>\n<p>Nuolat stebime internetini\u0173 kazino rink\u0105 ir atitinkamai atnaujiname savo ap\u017evalgas, kad m\u016bs\u0173 skaitytojai gal\u0117t\u0173 b\u016bti priekyje ir priimti pagr\u012fstus sprendimus. Esame pasiry\u017e\u0119 teikti kuo geresnes paslaugas savo skaitytojams ir partneriams, tod\u0117l laukiame atsiliepim\u0173 ir pasi\u016blym\u0173. Jei turite klausim\u0173 ar pastab\u0173, nedvejodami kreipkit\u0117s \u012f mus.<\/p>\n<h2>I\u0161vada<\/h2>\n<p>D\u0117kojame, kad pasirinkote livecasinofinder.com kaip patikim\u0105 live casino atsiliepim\u0173 \u0161altin\u012f. Esame \u012fsipareigoj\u0119 teikti geriausias \u012fmanomas paslaugas savo skaitytojams ir partneriams, tod\u0117l laukiame atsiliepim\u0173 ir pasi\u016blym\u0173. Jei turite klausim\u0173 ar pastab\u0173, nedvejodami susisiekite su mumis. Tikim\u0117s, kad pad\u0117sime jums priimti informacija pagr\u012fstus sprendimus ir suteikti maloni\u0105 bei saugi\u0105 lo\u0161imo internete patirt\u012f.<\/p>","protected":false},"excerpt":{"rendered":"<p>Sveiki atvyk\u0119 \u012f livecasinofinder.com, j\u016bs\u0173 patikim\u0105 \u0161altin\u012f ne\u0161ali\u0161kiems ir informatyviems live casino atsiliepimams. Pagrindin\u0117 m\u016bs\u0173 misija - teikti savo skaitytojams tiksli\u0105 ir naujausi\u0105 informacij\u0105 apie patikimiausius ir patikimiausius internetinius kazino, daugiausia d\u0117mesio skiriant atsakingo lo\u0161imo praktikos skatinimui. Svetain\u0117je livecasinofinder.com mes siekiame pateikti tikslias ir informatyvias ap\u017evalgas apie [...]<\/p>","protected":false},"author":1,"featured_media":0,"parent":0,"menu_order":0,"comment_status":"closed","ping_status":"closed","template":"page-full-width.php","meta":{"_lmt_disableupdate":"no","_lmt_disable":"no","footnotes":""},"class_list":["post-381","page","type-page","status-publish","hentry"],"yoast_head":"<!-- This site is optimized with the Yoast SEO plugin v26.4 - https:\/\/yoast.com\/wordpress\/plugins\/seo\/ -->\n<title>About Us - Live Casino Finder Team and Mission<\/title>\n<meta name=\"description\" content=\"Learn how Live Casino Finder helps you choose the best live casinos with trusted reviews and expert guidance for a confident gaming experience.\" \/>\n<meta name=\"robots\" content=\"index, follow, max-snippet:-1, max-image-preview:large, max-video-preview:-1\" \/>\n<link rel=\"canonical\" href=\"https:\/\/livecasinofinder.com\/wp-json\/wp\/v2\/pages\/381\/\" \/>\n<meta property=\"og:locale\" content=\"lt_LT\" \/>\n<meta property=\"og:type\" content=\"article\" \/>\n<meta property=\"og:title\" content=\"About Us - Live Casino Finder Team and Mission\" \/>\n<meta property=\"og:description\" content=\"Learn how Live Casino Finder helps you choose the best live casinos with trusted reviews and expert guidance for a confident gaming experience.\" \/>\n<meta property=\"og:url\" content=\"https:\/\/livecasinofinder.com\/lt\/about-us\/\" \/>\n<meta property=\"og:site_name\" content=\"livecasinofinder.com\" \/>\n<meta property=\"article:modified_time\" content=\"2025-06-03T11:06:50+00:00\" \/>\n<meta property=\"og:image\" content=\"https:\/\/livecasinofinder.com\/wp-content\/uploads\/2023\/03\/team.jpg\" \/>\n\t<meta property=\"og:image:width\" content=\"597\" \/>\n\t<meta property=\"og:image:height\" content=\"331\" \/>\n\t<meta property=\"og:image:type\" content=\"image\/jpeg\" \/>\n<meta name=\"twitter:card\" content=\"summary_large_image\" \/>\n<meta name=\"twitter:label1\" content=\"Est. reading time\" \/>\n\t<meta name=\"twitter:data1\" content=\"3 minut\u0117s\" \/>\n<!-- \/ Yoast SEO plugin. -->","yoast_head_json":{"title":"About Us - Live Casino Finder Team and Mission","description":"Learn how Live Casino Finder helps you choose the best live casinos with trusted reviews and expert guidance for a confident gaming experience.","robots":{"index":"index","follow":"follow","max-snippet":"max-snippet:-1","max-image-preview":"max-image-preview:large","max-video-preview":"max-video-preview:-1"},"canonical":"https:\/\/livecasinofinder.com\/wp-json\/wp\/v2\/pages\/381\/","og_locale":"lt_LT","og_type":"article","og_title":"About Us - Live Casino Finder Team and Mission","og_description":"Learn how Live Casino Finder helps you choose the best live casinos with trusted reviews and expert guidance for a confident gaming experience.","og_url":"https:\/\/livecasinofinder.com\/lt\/about-us\/","og_site_name":"livecasinofinder.com","article_modified_time":"2025-06-03T11:06:50+00:00","og_image":[{"width":597,"height":331,"url":"https:\/\/livecasinofinder.com\/wp-content\/uploads\/2023\/03\/team.jpg","type":"image\/jpeg"}],"twitter_card":"summary_large_image","twitter_misc":{"Est. reading time":"3 minut\u0117s"},"schema":{"@context":"https:\/\/schema.org","@graph":[{"@type":"WebPage","@id":"https:\/\/livecasinofinder.com\/about-us\/","url":"https:\/\/livecasinofinder.com\/about-us\/","name":"About Us - Live Casino Finder Team and Mission","isPartOf":{"@id":"https:\/\/livecasinofinder.com\/ja\/#website"},"primaryImageOfPage":{"@id":"https:\/\/livecasinofinder.com\/about-us\/#primaryimage"},"image":{"@id":"https:\/\/livecasinofinder.com\/about-us\/#primaryimage"},"thumbnailUrl":"https:\/\/livecasinofinder.com\/wp-content\/uploads\/2023\/03\/team.jpg","datePublished":"2023-03-15T17:35:24+00:00","dateModified":"2025-06-03T11:06:50+00:00","description":"Learn how Live Casino Finder helps you choose the best live casinos with trusted reviews and expert guidance for a confident gaming experience.","breadcrumb":{"@id":"https:\/\/livecasinofinder.com\/about-us\/#breadcrumb"},"inLanguage":"lt-LT","potentialAction":[{"@type":"ReadAction","target":["https:\/\/livecasinofinder.com\/about-us\/"]}]},{"@type":"ImageObject","inLanguage":"lt-LT","@id":"https:\/\/livecasinofinder.com\/about-us\/#primaryimage","url":"https:\/\/livecasinofinder.com\/wp-content\/uploads\/2023\/03\/team.jpg","contentUrl":"https:\/\/livecasinofinder.com\/wp-content\/uploads\/2023\/03\/team.jpg"},{"@type":"BreadcrumbList","@id":"https:\/\/livecasinofinder.com\/about-us\/#breadcrumb","itemListElement":[{"@type":"ListItem","position":1,"name":"LiveCasinoFinder.com","item":"https:\/\/livecasinofinder.com\/fr\/"},{"@type":"ListItem","position":2,"name":"About Us"}]},{"@type":"WebSite","@id":"https:\/\/livecasinofinder.com\/ja\/#website","url":"https:\/\/livecasinofinder.com\/ja\/","name":"Livecasinofinder","description":"","publisher":{"@id":"https:\/\/livecasinofinder.com\/ja\/#organization"},"alternateName":"Lucas oil raceway live casino","potentialAction":[{"@type":"SearchAction","target":{"@type":"EntryPoint","urlTemplate":"https:\/\/livecasinofinder.com\/ja\/?s={search_term_string}"},"query-input":{"@type":"PropertyValueSpecification","valueRequired":true,"valueName":"search_term_string"}}],"inLanguage":"lt-LT"},{"@type":"Organization","@id":"https:\/\/livecasinofinder.com\/ja\/#organization","name":"Live Casino ie\u0161kiklis","alternateName":"Lucas oil raceway live casino","url":"https:\/\/livecasinofinder.com\/ja\/","logo":{"@type":"ImageObject","inLanguage":"lt-LT","@id":"https:\/\/livecasinofinder.com\/ja\/#\/schema\/logo\/image\/","url":"https:\/\/livecasinofinder.com\/wp-content\/uploads\/2023\/04\/livecasinofinder-logo.png","contentUrl":"https:\/\/livecasinofinder.com\/wp-content\/uploads\/2023\/04\/livecasinofinder-logo.png","width":1600,"height":453,"caption":"Live Casino Finder"},"image":{"@id":"https:\/\/livecasinofinder.com\/ja\/#\/schema\/logo\/image\/"}}]}},"_links":{"self":[{"href":"https:\/\/livecasinofinder.com\/lt\/wp-json\/wp\/v2\/pages\/381","targetHints":{"allow":["GET"]}}],"collection":[{"href":"https:\/\/livecasinofinder.com\/lt\/wp-json\/wp\/v2\/pages"}],"about":[{"href":"https:\/\/livecasinofinder.com\/lt\/wp-json\/wp\/v2\/types\/page"}],"author":[{"embeddable":true,"href":"https:\/\/livecasinofinder.com\/lt\/wp-json\/wp\/v2\/users\/1"}],"replies":[{"embeddable":true,"href":"https:\/\/livecasinofinder.com\/lt\/wp-json\/wp\/v2\/comments?post=381"}],"version-history":[{"count":0,"href":"https:\/\/livecasinofinder.com\/lt\/wp-json\/wp\/v2\/pages\/381\/revisions"}],"wp:attachment":[{"href":"https:\/\/livecasinofinder.com\/lt\/wp-json\/wp\/v2\/media?parent=381"}],"curies":[{"name":"wp","href":"https:\/\/api.w.org\/{rel}","templated":true}]}}