{"id":2113,"date":"2023-06-20T14:28:59","date_gmt":"2023-06-20T14:28:59","guid":{"rendered":"https:\/\/livecasinofinder.com\/?page_id=2113"},"modified":"2025-06-03T11:11:51","modified_gmt":"2025-06-03T11:11:51","slug":"terms-and-conditions","status":"publish","type":"page","link":"https:\/\/livecasinofinder.com\/lt\/terms-and-conditions\/","title":{"rendered":"Taisykl\u0117s ir s\u0105lygos"},"content":{"rendered":"<p>Sveiki atvyk\u0119 \u012f LiveCasinoFinder.com. Toliau pateiktos Taisykl\u0117s ir s\u0105lygos reglamentuoja naudojim\u0105si <a href=\"\/lt\/\">LiveCasinoFinder.com svetain\u0117<\/a>. Prie\u0161 naudodamiesi m\u016bs\u0173 paslaugomis, b\u016btinai perskaitykite ir supraskite \u0161ias Taisykles ir s\u0105lygas.<\/p>\n<div id=\"ez-toc-container\" class=\"ez-toc-v2_0_63 counter-hierarchy ez-toc-counter ez-toc-grey ez-toc-container-direction\">\n<label for=\"ez-toc-cssicon-toggle-item-69e90a6f3982f\" class=\"ez-toc-cssicon-toggle-label\"><span class=\"ez-toc-cssicon\"><span class=\"eztoc-hide\" style=\"display:none;\">Perjungti<\/span><span class=\"ez-toc-icon-toggle-span\"><svg style=\"fill: #999;color:#999\" xmlns=\"http:\/\/www.w3.org\/2000\/svg\" class=\"list-377408\" width=\"20px\" height=\"20px\" viewbox=\"0 0 24 24\" fill=\"none\"><path d=\"M6 6H4v2h2V6zm14 0H8v2h12V6zM4 11h2v2H4v-2zm16 0H8v2h12v-2zM4 16h2v2H4v-2zm16 0H8v2h12v-2z\" fill=\"currentColor\"><\/path><\/svg><svg style=\"fill: #999;color:#999\" class=\"arrow-unsorted-368013\" xmlns=\"http:\/\/www.w3.org\/2000\/svg\" width=\"10px\" height=\"10px\" viewbox=\"0 0 24 24\" version=\"1.2\" baseprofile=\"tiny\"><path d=\"M18.2 9.3l-6.2-6.3-6.2 6.3c-.2.2-.3.4-.3.7s.1.5.3.7c.2.2.4.3.7.3h11c.3 0 .5-.1.7-.3.2-.2.3-.5.3-.7s-.1-.5-.3-.7zM5.8 14.7l6.2 6.3 6.2-6.3c.2-.2.3-.5.3-.7s-.1-.5-.3-.7c-.2-.2-.4-.3-.7-.3h-11c-.3 0-.5.1-.7.3-.2.2-.3.5-.3.7s.1.5.3.7z\"\/><\/svg><\/span><\/span><\/label><input type=\"checkbox\"  id=\"ez-toc-cssicon-toggle-item-69e90a6f3982f\" checked aria-label=\"Perjungti\" \/><nav><ul class='ez-toc-list ez-toc-list-level-1' ><li class='ez-toc-page-1 ez-toc-heading-level-2'><a class=\"ez-toc-link ez-toc-heading-1\" href=\"https:\/\/livecasinofinder.com\/lt\/terms-and-conditions\/#Purpose_of_the_Terms_and_Conditions_and_Information\" title=\"S\u0105lyg\u0173 ir informacijos paskirtis\">S\u0105lyg\u0173 ir informacijos paskirtis<\/a><\/li><li class='ez-toc-page-1 ez-toc-heading-level-2'><a class=\"ez-toc-link ez-toc-heading-2\" href=\"https:\/\/livecasinofinder.com\/lt\/terms-and-conditions\/#Disclaimer_and_Legal_Advice\" title=\"Atsakomyb\u0117s atsisakymas ir teisin\u0117s konsultacijos\">Atsakomyb\u0117s atsisakymas ir teisin\u0117s konsultacijos<\/a><\/li><li class='ez-toc-page-1 ez-toc-heading-level-2'><a class=\"ez-toc-link ez-toc-heading-3\" href=\"https:\/\/livecasinofinder.com\/lt\/terms-and-conditions\/#LiveCasinoFindercom_as_an_Independent_Gambling_Directory_and_Information_Service\" title=\"LiveCasinoFinder.com kaip nepriklausoma azartini\u0173 lo\u0161im\u0173 katalogo ir informacijos tarnyba\">LiveCasinoFinder.com kaip nepriklausoma azartini\u0173 lo\u0161im\u0173 katalogo ir informacijos tarnyba<\/a><\/li><li class='ez-toc-page-1 ez-toc-heading-level-2'><a class=\"ez-toc-link ez-toc-heading-4\" href=\"https:\/\/livecasinofinder.com\/lt\/terms-and-conditions\/#Accuracy_of_Information\" title=\"Informacijos tikslumas\">Informacijos tikslumas<\/a><\/li><li class='ez-toc-page-1 ez-toc-heading-level-2'><a class=\"ez-toc-link ez-toc-heading-5\" href=\"https:\/\/livecasinofinder.com\/lt\/terms-and-conditions\/#User_Responsibility_for_Legality_of_Games_and_Wagers\" title=\"Naudotojo atsakomyb\u0117 u\u017e \u017eaidim\u0173 ir statym\u0173 teis\u0117tum\u0105\">Naudotojo atsakomyb\u0117 u\u017e \u017eaidim\u0173 ir statym\u0173 teis\u0117tum\u0105<\/a><\/li><li class='ez-toc-page-1 ez-toc-heading-level-2'><a class=\"ez-toc-link ez-toc-heading-6\" href=\"https:\/\/livecasinofinder.com\/lt\/terms-and-conditions\/#Limitation_of_Liability\" title=\"Atsakomyb\u0117s apribojimas\">Atsakomyb\u0117s apribojimas<\/a><\/li><li class='ez-toc-page-1 ez-toc-heading-level-2'><a class=\"ez-toc-link ez-toc-heading-7\" href=\"https:\/\/livecasinofinder.com\/lt\/terms-and-conditions\/#Modification_of_Information_and_Future_Obligations\" title=\"Informacijos keitimas ir b\u016bsimi \u012fsipareigojimai\">Informacijos keitimas ir b\u016bsimi \u012fsipareigojimai<\/a><\/li><li class='ez-toc-page-1 ez-toc-heading-level-2'><a class=\"ez-toc-link ez-toc-heading-8\" href=\"https:\/\/livecasinofinder.com\/lt\/terms-and-conditions\/#Trademarks_and_Copyrights\" title=\"Preki\u0173 \u017eenklai ir autori\u0173 teis\u0117s\">Preki\u0173 \u017eenklai ir autori\u0173 teis\u0117s<\/a><\/li><li class='ez-toc-page-1 ez-toc-heading-level-2'><a class=\"ez-toc-link ez-toc-heading-9\" href=\"https:\/\/livecasinofinder.com\/lt\/terms-and-conditions\/#Copying_and_Transmission_Restrictions\" title=\"Kopijavimo ir perdavimo apribojimai\">Kopijavimo ir perdavimo apribojimai<\/a><\/li><li class='ez-toc-page-1 ez-toc-heading-level-2'><a class=\"ez-toc-link ez-toc-heading-10\" href=\"https:\/\/livecasinofinder.com\/lt\/terms-and-conditions\/#Intellectual_Property_Rights\" title=\"Intelektin\u0117s nuosavyb\u0117s teis\u0117s\">Intelektin\u0117s nuosavyb\u0117s teis\u0117s<\/a><\/li><li class='ez-toc-page-1 ez-toc-heading-level-2'><a class=\"ez-toc-link ez-toc-heading-11\" href=\"https:\/\/livecasinofinder.com\/lt\/terms-and-conditions\/#Information_Accuracy_and_Reporting\" title=\"Informacijos tikslumas ir pateikimas\">Informacijos tikslumas ir pateikimas<\/a><\/li><li class='ez-toc-page-1 ez-toc-heading-level-2'><a class=\"ez-toc-link ez-toc-heading-12\" href=\"https:\/\/livecasinofinder.com\/lt\/terms-and-conditions\/#Content_Removal_and_Discretion_of_livecasinofindercom\" title=\"Turinio pa\u0161alinimas ir livecasinofinder.com diskrecija\">Turinio pa\u0161alinimas ir livecasinofinder.com diskrecija<\/a><\/li><li class='ez-toc-page-1 ez-toc-heading-level-2'><a class=\"ez-toc-link ez-toc-heading-13\" href=\"https:\/\/livecasinofinder.com\/lt\/terms-and-conditions\/#Live_Casino_Finder_Complaints_Service\" title=\"Live Casino Finder skund\u0173 tarnyba\">Live Casino Finder skund\u0173 tarnyba<\/a><\/li><li class='ez-toc-page-1 ez-toc-heading-level-2'><a class=\"ez-toc-link ez-toc-heading-14\" href=\"https:\/\/livecasinofinder.com\/lt\/terms-and-conditions\/#Terms_and_Conditions_of_LiveCasinoFindercom\" title=\"LiveCasinoFinder.com taisykl\u0117s ir s\u0105lygos\">LiveCasinoFinder.com taisykl\u0117s ir s\u0105lygos<\/a><\/li><li class='ez-toc-page-1 ez-toc-heading-level-2'><a class=\"ez-toc-link ez-toc-heading-15\" href=\"https:\/\/livecasinofinder.com\/lt\/terms-and-conditions\/#Conclusion\" title=\"I\u0161vada\">I\u0161vada<\/a><\/li><\/ul><\/nav><\/div>\n\n<h2><span class=\"ez-toc-section\" id=\"Purpose_of_the_Terms_and_Conditions_and_Information\"><\/span>S\u0105lyg\u0173 ir informacijos paskirtis<span class=\"ez-toc-section-end\"><\/span><\/h2>\n<p>\u010cia pateiktomis Taisykl\u0117mis ir s\u0105lygomis siekiama apibr\u0117\u017eti taisykles ir nuostatus, kuriais grind\u017eiami LiveCasinoFinder.com ir jos naudotoj\u0173 santykiai. Naudotojams svarbu suprasti savo teises, pareigas ir naudojimosi LiveCasinoFinder.com teikiamomis paslaugomis apribojimus.<\/p>\n<h2><span class=\"ez-toc-section\" id=\"Disclaimer_and_Legal_Advice\"><\/span>Atsakomyb\u0117s atsisakymas ir teisin\u0117s konsultacijos<span class=\"ez-toc-section-end\"><\/span><\/h2>\n<p>Atkreipkite d\u0117mes\u012f, kad LiveCasinoFinder.com turinys yra tik informacinio pob\u016bd\u017eio. Jokia \u0161ios svetain\u0117s informacija netur\u0117t\u0173 b\u016bti laikoma teisine konsultacija. Vartotojai tur\u0117t\u0173 konsultuotis su teisininku d\u0117l teisini\u0173 klausim\u0173, ypa\u010d susijusi\u0173 su internetiniais lo\u0161imais.<\/p>\n<h2><span class=\"ez-toc-section\" id=\"LiveCasinoFindercom_as_an_Independent_Gambling_Directory_and_Information_Service\"><\/span>LiveCasinoFinder.com kaip nepriklausoma azartini\u0173 lo\u0161im\u0173 katalogo ir informacijos tarnyba<span class=\"ez-toc-section-end\"><\/span><\/h2>\n<p>LiveCasinoFinder.com yra nepriklausomas internetinis katalogas ir informacijos tarnyba, kuri si\u016blo ap\u017evalgas ir \u012f\u017evalgas apie live casino. Mes neteikiame joki\u0173 azartini\u0173 lo\u0161im\u0173 paslaug\u0173 ir nesame susij\u0119 su jokiais kazino operatoriais.<\/p>\n<h2><span class=\"ez-toc-section\" id=\"Accuracy_of_Information\"><\/span>Informacijos tikslumas<span class=\"ez-toc-section-end\"><\/span><\/h2>\n<p>Nors LiveCasinoFinder.com deda daug pastang\u0173 u\u017etikrinti, kad pateikta informacija b\u016bt\u0173 tiksli ir naujausia, mes negalime garantuoti jos absoliutaus tikslumo. Naudotojai raginami elgtis apdairiai ir savaranki\u0161kai patikrinti informacij\u0105.<\/p>\n<h2><span class=\"ez-toc-section\" id=\"User_Responsibility_for_Legality_of_Games_and_Wagers\"><\/span>Naudotojo atsakomyb\u0117 u\u017e \u017eaidim\u0173 ir statym\u0173 teis\u0117tum\u0105<span class=\"ez-toc-section-end\"><\/span><\/h2>\n<p>Kaip LiveCasinoFinder.com naudotojas, j\u016bs esate atsakingas u\u017e tai, kad laikytum\u0117t\u0117s j\u016bs\u0173 jurisdikcijoje galiojan\u010di\u0173 \u012fstatym\u0173 ir taisykli\u0173, susijusi\u0173 su azartiniais lo\u0161imais. Tai apima \u017eaidim\u0173 ir statym\u0173, kuriuose dalyvaujate, teis\u0117tum\u0105.<\/p>\n<h2><span class=\"ez-toc-section\" id=\"Limitation_of_Liability\"><\/span>Atsakomyb\u0117s apribojimas<span class=\"ez-toc-section-end\"><\/span><\/h2>\n<p>Naudodamiesi LiveCasinoFinder.com, j\u016bs sutinkate atlyginti svetain\u0117s, jos darbuotoj\u0173 ir filial\u0173 nuostolius d\u0117l bet koki\u0173 pretenzij\u0173, nuostoli\u0173 ar kit\u0173 \u012fsipareigojim\u0173, kurie gali atsirasti d\u0117l informacijos ar teikiam\u0173 paslaug\u0173 naudojimo.<\/p>\n<h2><span class=\"ez-toc-section\" id=\"Modification_of_Information_and_Future_Obligations\"><\/span>Informacijos keitimas ir b\u016bsimi \u012fsipareigojimai<span class=\"ez-toc-section-end\"><\/span><\/h2>\n<p>LiveCasinoFinder.com pasilieka teis\u0119 keisti arba pa\u0161alinti bet koki\u0105 pateikt\u0105 informacij\u0105 be i\u0161ankstinio \u012fsp\u0117jimo. Vartotojams rekomenduojama reguliariai per\u017ei\u016br\u0117ti Taisykles ir s\u0105lygas, kad su\u017einot\u0173 apie bet kokius atnaujinimus.<\/p>\n<h2><span class=\"ez-toc-section\" id=\"Trademarks_and_Copyrights\"><\/span>Preki\u0173 \u017eenklai ir autori\u0173 teis\u0117s<span class=\"ez-toc-section-end\"><\/span><\/h2>\n<p>Visas LiveCasinoFinder.com turinys, \u012fskaitant tekst\u0105, paveiksl\u0117lius ir logotipus, yra svetain\u0117s arba jos turinio tiek\u0117j\u0173 nuosavyb\u0117 ir yra saugomas pagal tarptautinius autori\u0173 teisi\u0173 \u012fstatymus.<\/p>\n<h2><span class=\"ez-toc-section\" id=\"Copying_and_Transmission_Restrictions\"><\/span>Kopijavimo ir perdavimo apribojimai<span class=\"ez-toc-section-end\"><\/span><\/h2>\n<p>Vartotojams draud\u017eiama kopijuoti, platinti ar perspausdinti bet kuri\u0105 LiveCasinoFinder.com turinio dal\u012f be ai\u0161kaus ra\u0161ti\u0161ko svetain\u0117s savinink\u0173 leidimo.<\/p>\n<h2><span class=\"ez-toc-section\" id=\"Intellectual_Property_Rights\"><\/span>Intelektin\u0117s nuosavyb\u0117s teis\u0117s<span class=\"ez-toc-section-end\"><\/span><\/h2>\n<p>LiveCasinoFinder.com turi intelektin\u0117s nuosavyb\u0117s teises \u012f \u0161ios svetain\u0117s turin\u012f, paslaugas ir preki\u0173 \u017eenklus. Neteis\u0117tas bet kurios i\u0161 \u0161i\u0173 savybi\u0173 naudojimas yra grie\u017etai draud\u017eiamas ir u\u017e tai gali b\u016bti taikoma teisin\u0117 atsakomyb\u0117.<\/p>\n<h2><span class=\"ez-toc-section\" id=\"Information_Accuracy_and_Reporting\"><\/span>Informacijos tikslumas ir pateikimas<span class=\"ez-toc-section-end\"><\/span><\/h2>\n<p>Jei LiveCasinoFinder.com rasite netiksli\u0105 ar klaidinan\u010di\u0105 informacij\u0105, prane\u0161kite mums apie tai. Mes siekiame tobulumo ir vertiname savo naudotoj\u0173 bendradarbiavim\u0105 i\u0161laikant m\u016bs\u0173 svetain\u0117s vientisum\u0105.<\/p>\n<h2><span class=\"ez-toc-section\" id=\"Content_Removal_and_Discretion_of_livecasinofindercom\"><\/span>Turinio pa\u0161alinimas ir livecasinofinder.com diskrecija<span class=\"ez-toc-section-end\"><\/span><\/h2>\n<p>Turinys gali b\u016bti pa\u0161alintas arba pakeistas livecasinofinder.com nuo\u017ei\u016bra, laikantis m\u016bs\u0173 politikos ir galiojan\u010di\u0173 \u012fstatym\u0173.<\/p>\n<h2><span class=\"ez-toc-section\" id=\"Live_Casino_Finder_Complaints_Service\"><\/span>Live Casino Finder skund\u0173 tarnyba<span class=\"ez-toc-section-end\"><\/span><\/h2>\n<p>Jei turite koki\u0173 nors nusiskundim\u0173 ar klausim\u0173 d\u0117l LiveCasinoFinder.com teikiam\u0173 paslaug\u0173, susisiekite su mumis per m\u016bs\u0173 Skund\u0173 tarnyb\u0105. Mes vertiname j\u016bs\u0173 atsiliepimus ir pagal galimybes spr\u0119sime jums r\u016bpimus klausimus.<\/p>\n<h2><span class=\"ez-toc-section\" id=\"Terms_and_Conditions_of_LiveCasinoFindercom\"><\/span>LiveCasinoFinder.com taisykl\u0117s ir s\u0105lygos<span class=\"ez-toc-section-end\"><\/span><\/h2>\n<p>Naudodamiesi \u0161ia svetaine sutinkate su \u0161iame dokumente i\u0161d\u0117stytomis s\u0105lygomis ir nuostatomis. Tolesnis naudojimasis svetaine po bet koki\u0173 \u0161i\u0173 S\u0105lyg\u0173 ir nuostat\u0173 atnaujinim\u0173 rei\u0161kia, kad sutinkate su pakeitimais.<\/p>\n<h2><span class=\"ez-toc-section\" id=\"Conclusion\"><\/span>I\u0161vada<span class=\"ez-toc-section-end\"><\/span><\/h2>\n<p>Naudodamiesi LiveCasinoFinder.com, J\u016bs sutinkate su \u0161iame dokumente i\u0161d\u0117stytomis taisykl\u0117mis ir s\u0105lygomis. J\u016bs privalote b\u016bti informuoti apie \u0161ias S\u0105lygas ir naudotis \u0161ia svetaine ir joje esan\u010dia informacija atsakingai ir laikydamiesi \u012fstatym\u0173.<\/p>","protected":false},"excerpt":{"rendered":"<p>Sveiki atvyk\u0119 \u012f LiveCasinoFinder.com. \u0160ios Taisykl\u0117s ir s\u0105lygos reglamentuoja LiveCasinoFinder.com svetain\u0117s naudojim\u0105. Prie\u0161 naudodamiesi m\u016bs\u0173 paslaugomis, b\u016btinai perskaitykite ir supraskite \u0161ias Taisykles ir s\u0105lygas. Taisykli\u0173 ir s\u0105lyg\u0173 paskirtis ir informacija \u010cia pateikiam\u0173 Taisykli\u0173 ir s\u0105lyg\u0173 tikslas - i\u0161d\u0117styti taisykles ir nuostatus, kurie lemia [...]<\/p>","protected":false},"author":1,"featured_media":0,"parent":0,"menu_order":0,"comment_status":"closed","ping_status":"closed","template":"page-no-sidebar.php","meta":{"_lmt_disableupdate":"no","_lmt_disable":"no","footnotes":""},"class_list":["post-2113","page","type-page","status-publish","hentry"],"yoast_head":"<!-- This site is optimized with the Yoast SEO plugin v26.4 - https:\/\/yoast.com\/wordpress\/plugins\/seo\/ -->\n<title>Terms and Conditions Overview<\/title>\n<meta name=\"description\" content=\"Review the terms and conditions of Live Casino Finder to understand your rights and responsibilities while using our site and services.\" \/>\n<meta name=\"robots\" content=\"index, follow, max-snippet:-1, max-image-preview:large, max-video-preview:-1\" \/>\n<link rel=\"canonical\" href=\"https:\/\/livecasinofinder.com\/wp-json\/wp\/v2\/pages\/2113\/\" \/>\n<meta property=\"og:locale\" content=\"lt_LT\" \/>\n<meta property=\"og:type\" content=\"article\" \/>\n<meta property=\"og:title\" content=\"Terms and Conditions Overview\" \/>\n<meta property=\"og:description\" content=\"Review the terms and conditions of Live Casino Finder to understand your rights and responsibilities while using our site and services.\" \/>\n<meta property=\"og:url\" content=\"https:\/\/livecasinofinder.com\/lt\/terms-and-conditions\/\" \/>\n<meta property=\"og:site_name\" content=\"livecasinofinder.com\" \/>\n<meta property=\"article:modified_time\" content=\"2025-06-03T11:11:51+00:00\" \/>\n<meta property=\"og:image\" content=\"https:\/\/livecasinofinder.com\/wp-content\/uploads\/2023\/03\/lucasoilraceway-logo-1.png\" \/>\n\t<meta property=\"og:image:width\" content=\"427\" \/>\n\t<meta property=\"og:image:height\" content=\"145\" \/>\n\t<meta property=\"og:image:type\" content=\"image\/png\" \/>\n<meta name=\"twitter:card\" content=\"summary_large_image\" \/>\n<meta name=\"twitter:label1\" content=\"Est. reading time\" \/>\n\t<meta name=\"twitter:data1\" content=\"3 minut\u0117s\" \/>\n<!-- \/ Yoast SEO plugin. -->","yoast_head_json":{"title":"Terms and Conditions Overview","description":"Review the terms and conditions of Live Casino Finder to understand your rights and responsibilities while using our site and services.","robots":{"index":"index","follow":"follow","max-snippet":"max-snippet:-1","max-image-preview":"max-image-preview:large","max-video-preview":"max-video-preview:-1"},"canonical":"https:\/\/livecasinofinder.com\/wp-json\/wp\/v2\/pages\/2113\/","og_locale":"lt_LT","og_type":"article","og_title":"Terms and Conditions Overview","og_description":"Review the terms and conditions of Live Casino Finder to understand your rights and responsibilities while using our site and services.","og_url":"https:\/\/livecasinofinder.com\/lt\/terms-and-conditions\/","og_site_name":"livecasinofinder.com","article_modified_time":"2025-06-03T11:11:51+00:00","og_image":[{"width":427,"height":145,"url":"https:\/\/livecasinofinder.com\/wp-content\/uploads\/2023\/03\/lucasoilraceway-logo-1.png","type":"image\/png"}],"twitter_card":"summary_large_image","twitter_misc":{"Est. reading time":"3 minut\u0117s"},"schema":{"@context":"https:\/\/schema.org","@graph":[{"@type":"WebPage","@id":"https:\/\/livecasinofinder.com\/terms-and-conditions\/","url":"https:\/\/livecasinofinder.com\/terms-and-conditions\/","name":"Terms and Conditions Overview","isPartOf":{"@id":"https:\/\/livecasinofinder.com\/ja\/#website"},"datePublished":"2023-06-20T14:28:59+00:00","dateModified":"2025-06-03T11:11:51+00:00","description":"Review the terms and conditions of Live Casino Finder to understand your rights and responsibilities while using our site and services.","breadcrumb":{"@id":"https:\/\/livecasinofinder.com\/terms-and-conditions\/#breadcrumb"},"inLanguage":"lt-LT","potentialAction":[{"@type":"ReadAction","target":["https:\/\/livecasinofinder.com\/terms-and-conditions\/"]}]},{"@type":"BreadcrumbList","@id":"https:\/\/livecasinofinder.com\/terms-and-conditions\/#breadcrumb","itemListElement":[{"@type":"ListItem","position":1,"name":"LiveCasinoFinder.com","item":"https:\/\/livecasinofinder.com\/fr\/"},{"@type":"ListItem","position":2,"name":"Terms and Conditions"}]},{"@type":"WebSite","@id":"https:\/\/livecasinofinder.com\/ja\/#website","url":"https:\/\/livecasinofinder.com\/ja\/","name":"Livecasinofinder","description":"","publisher":{"@id":"https:\/\/livecasinofinder.com\/ja\/#organization"},"alternateName":"Lucas oil raceway live casino","potentialAction":[{"@type":"SearchAction","target":{"@type":"EntryPoint","urlTemplate":"https:\/\/livecasinofinder.com\/ja\/?s={search_term_string}"},"query-input":{"@type":"PropertyValueSpecification","valueRequired":true,"valueName":"search_term_string"}}],"inLanguage":"lt-LT"},{"@type":"Organization","@id":"https:\/\/livecasinofinder.com\/ja\/#organization","name":"Live Casino ie\u0161kiklis","alternateName":"Lucas oil raceway live casino","url":"https:\/\/livecasinofinder.com\/ja\/","logo":{"@type":"ImageObject","inLanguage":"lt-LT","@id":"https:\/\/livecasinofinder.com\/ja\/#\/schema\/logo\/image\/","url":"https:\/\/livecasinofinder.com\/wp-content\/uploads\/2023\/04\/livecasinofinder-logo.png","contentUrl":"https:\/\/livecasinofinder.com\/wp-content\/uploads\/2023\/04\/livecasinofinder-logo.png","width":1600,"height":453,"caption":"Live Casino Finder"},"image":{"@id":"https:\/\/livecasinofinder.com\/ja\/#\/schema\/logo\/image\/"}}]}},"_links":{"self":[{"href":"https:\/\/livecasinofinder.com\/lt\/wp-json\/wp\/v2\/pages\/2113","targetHints":{"allow":["GET"]}}],"collection":[{"href":"https:\/\/livecasinofinder.com\/lt\/wp-json\/wp\/v2\/pages"}],"about":[{"href":"https:\/\/livecasinofinder.com\/lt\/wp-json\/wp\/v2\/types\/page"}],"author":[{"embeddable":true,"href":"https:\/\/livecasinofinder.com\/lt\/wp-json\/wp\/v2\/users\/1"}],"replies":[{"embeddable":true,"href":"https:\/\/livecasinofinder.com\/lt\/wp-json\/wp\/v2\/comments?post=2113"}],"version-history":[{"count":0,"href":"https:\/\/livecasinofinder.com\/lt\/wp-json\/wp\/v2\/pages\/2113\/revisions"}],"wp:attachment":[{"href":"https:\/\/livecasinofinder.com\/lt\/wp-json\/wp\/v2\/media?parent=2113"}],"curies":[{"name":"wp","href":"https:\/\/api.w.org\/{rel}","templated":true}]}}