{"id":2111,"date":"2023-06-20T14:33:04","date_gmt":"2023-06-20T14:33:04","guid":{"rendered":"https:\/\/livecasinofinder.com\/?page_id=2111"},"modified":"2025-06-03T11:11:12","modified_gmt":"2025-06-03T11:11:12","slug":"responsible-gaming","status":"publish","type":"page","link":"https:\/\/livecasinofinder.com\/lt\/responsible-gaming\/","title":{"rendered":"Atsakingi \u017eaidimai"},"content":{"rendered":"<p>Sveiki atvyk\u0119 \u012f <a href=\"\/lt\/live-casinos\/\">Live Casino<\/a> \"Finder\", kur m\u016bs\u0173 platformos kertinis akmuo - atsakingi \u017eaidimai. Esame \u012fsipareigoj\u0119 propaguoti atsaking\u0105 lo\u0161imo praktik\u0105 ir kurti saugi\u0105 bei maloni\u0105 aplink\u0105 savo naudotojams. Puikiai suprasdami lo\u0161im\u0173 rizikos subtilybes ir galim\u0105 poveik\u012f psichikos sveikatai, stengiam\u0117s suteikti \u017eaid\u0117jams galimyb\u0119 \u012fsitraukti \u012f atsakingo lo\u0161imo praktik\u0105.<\/p>\n<div id=\"ez-toc-container\" class=\"ez-toc-v2_0_63 counter-hierarchy ez-toc-counter ez-toc-grey ez-toc-container-direction\">\n<label for=\"ez-toc-cssicon-toggle-item-69e0a4af2c866\" class=\"ez-toc-cssicon-toggle-label\"><span class=\"ez-toc-cssicon\"><span class=\"eztoc-hide\" style=\"display:none;\">Perjungti<\/span><span class=\"ez-toc-icon-toggle-span\"><svg style=\"fill: #999;color:#999\" xmlns=\"http:\/\/www.w3.org\/2000\/svg\" class=\"list-377408\" width=\"20px\" height=\"20px\" viewbox=\"0 0 24 24\" fill=\"none\"><path d=\"M6 6H4v2h2V6zm14 0H8v2h12V6zM4 11h2v2H4v-2zm16 0H8v2h12v-2zM4 16h2v2H4v-2zm16 0H8v2h12v-2z\" fill=\"currentColor\"><\/path><\/svg><svg style=\"fill: #999;color:#999\" class=\"arrow-unsorted-368013\" xmlns=\"http:\/\/www.w3.org\/2000\/svg\" width=\"10px\" height=\"10px\" viewbox=\"0 0 24 24\" version=\"1.2\" baseprofile=\"tiny\"><path d=\"M18.2 9.3l-6.2-6.3-6.2 6.3c-.2.2-.3.4-.3.7s.1.5.3.7c.2.2.4.3.7.3h11c.3 0 .5-.1.7-.3.2-.2.3-.5.3-.7s-.1-.5-.3-.7zM5.8 14.7l6.2 6.3 6.2-6.3c.2-.2.3-.5.3-.7s-.1-.5-.3-.7c-.2-.2-.4-.3-.7-.3h-11c-.3 0-.5.1-.7.3-.2.2-.3.5-.3.7s.1.5.3.7z\"\/><\/svg><\/span><\/span><\/label><input type=\"checkbox\"  id=\"ez-toc-cssicon-toggle-item-69e0a4af2c866\" checked aria-label=\"Perjungti\" \/><nav><ul class='ez-toc-list ez-toc-list-level-1' ><li class='ez-toc-page-1 ez-toc-heading-level-2'><a class=\"ez-toc-link ez-toc-heading-1\" href=\"https:\/\/livecasinofinder.com\/lt\/responsible-gaming\/#The_Imperative_of_Responsible_Gaming\" title=\"Atsaking\u0173 lo\u0161im\u0173 b\u016btinyb\u0117\">Atsaking\u0173 lo\u0161im\u0173 b\u016btinyb\u0117<\/a><\/li><li class='ez-toc-page-1 ez-toc-heading-level-2'><a class=\"ez-toc-link ez-toc-heading-2\" href=\"https:\/\/livecasinofinder.com\/lt\/responsible-gaming\/#The_Intricacies_of_Gambling_Risks\" title=\"Azartini\u0173 lo\u0161im\u0173 rizikos subtilyb\u0117s\">Azartini\u0173 lo\u0161im\u0173 rizikos subtilyb\u0117s<\/a><\/li><li class='ez-toc-page-1 ez-toc-heading-level-2'><a class=\"ez-toc-link ez-toc-heading-3\" href=\"https:\/\/livecasinofinder.com\/lt\/responsible-gaming\/#Recognizing_Gambling_Addiction\" title=\"Priklausomyb\u0117s nuo azartini\u0173 lo\u0161im\u0173 atpa\u017einimas\">Priklausomyb\u0117s nuo azartini\u0173 lo\u0161im\u0173 atpa\u017einimas<\/a><\/li><li class='ez-toc-page-1 ez-toc-heading-level-2'><a class=\"ez-toc-link ez-toc-heading-4\" href=\"https:\/\/livecasinofinder.com\/lt\/responsible-gaming\/#Gambling_and_Mental_Health\" title=\"Azartiniai lo\u0161imai ir psichikos sveikata\">Azartiniai lo\u0161imai ir psichikos sveikata<\/a><\/li><li class='ez-toc-page-1 ez-toc-heading-level-2'><a class=\"ez-toc-link ez-toc-heading-5\" href=\"https:\/\/livecasinofinder.com\/lt\/responsible-gaming\/#Effective_Strategies_for_Responsible_Gambling\" title=\"Veiksmingos atsakingo lo\u0161imo strategijos\">Veiksmingos atsakingo lo\u0161imo strategijos<\/a><\/li><li class='ez-toc-page-1 ez-toc-heading-level-2'><a class=\"ez-toc-link ez-toc-heading-6\" href=\"https:\/\/livecasinofinder.com\/lt\/responsible-gaming\/#Tools_and_Resources_for_Responsible_Gambling\" title=\"Atsakingo lo\u0161imo priemon\u0117s ir i\u0161tekliai\">Atsakingo lo\u0161imo priemon\u0117s ir i\u0161tekliai<\/a><\/li><li class='ez-toc-page-1 ez-toc-heading-level-2'><a class=\"ez-toc-link ez-toc-heading-7\" href=\"https:\/\/livecasinofinder.com\/lt\/responsible-gaming\/#The_Role_of_Online_Gaming_Operators_in_Responsible_Gambling\" title=\"Internetini\u0173 lo\u0161im\u0173 operatori\u0173 vaidmuo atsakingo lo\u0161imo srityje\">Internetini\u0173 lo\u0161im\u0173 operatori\u0173 vaidmuo atsakingo lo\u0161imo srityje<\/a><\/li><li class='ez-toc-page-1 ez-toc-heading-level-2'><a class=\"ez-toc-link ez-toc-heading-8\" href=\"https:\/\/livecasinofinder.com\/lt\/responsible-gaming\/#Preventative_Measures_for_Player_Protection\" title=\"Prevencin\u0117s \u017eaid\u0117j\u0173 apsaugos priemon\u0117s\">Prevencin\u0117s \u017eaid\u0117j\u0173 apsaugos priemon\u0117s<\/a><\/li><\/ul><\/nav><\/div>\n\n<h2><span class=\"ez-toc-section\" id=\"The_Imperative_of_Responsible_Gaming\"><\/span>Atsaking\u0173 lo\u0161im\u0173 b\u016btinyb\u0117<span class=\"ez-toc-section-end\"><\/span><\/h2>\n<p>\"Live Casino Finder\" atsakingi lo\u0161imai yra ne tik s\u0105voka, bet ir pagrindin\u0117 vertyb\u0117, kuria grind\u017eiama m\u016bs\u0173 veikla. Mes tikime, kad nors lo\u0161imas gali b\u016bti jaudinantis, b\u016btina u\u017etikrinti, kad juo b\u016bt\u0173 m\u0117gaujamasi laikantis atsakomyb\u0117s rib\u0173. M\u016bs\u0173 tikslas - sukurti aplink\u0105, kurioje \u017eaid\u0117jai gal\u0117t\u0173 priimti pagr\u012fstus sprendimus ir atsakingai patirti live casino \u017eaidim\u0173 jaudul\u012f.<\/p>\n<h2><span class=\"ez-toc-section\" id=\"The_Intricacies_of_Gambling_Risks\"><\/span>Azartini\u0173 lo\u0161im\u0173 rizikos subtilyb\u0117s<span class=\"ez-toc-section-end\"><\/span><\/h2>\n<p>Pripa\u017e\u012fstame, kad svarbu suteikti naudotojams \u017eini\u0173 apie azartini\u0173 lo\u0161im\u0173 rizik\u0105. Suprasti \u0161i\u0105 rizik\u0105, \u012fskaitant galimus finansinius nuostolius, yra labai svarbu norint priimti informacija pagr\u012fstus sprendimus. \u017dinodami apie \u0161iuos sud\u0117tingus dalykus, \u017eaid\u0117jai gali atsakingai \u012fsitraukti \u012f live casino lo\u0161imus ir i\u0161laikyti savo la\u017eyb\u0173 veiklos kontrol\u0119.<\/p>\n<h2><span class=\"ez-toc-section\" id=\"Recognizing_Gambling_Addiction\"><\/span>Priklausomyb\u0117s nuo azartini\u0173 lo\u0161im\u0173 atpa\u017einimas<span class=\"ez-toc-section-end\"><\/span><\/h2>\n<p>\"Live Casino Finder\" esame pasiry\u017e\u0119 atpa\u017einti priklausomyb\u0119 nuo azartini\u0173 lo\u0161im\u0173 ir j\u0105 spr\u0119sti. Suprantame, kad lo\u0161imas kai kuriems \u017emon\u0117ms gali tapti rimta problema, kuri turi \u012ftakos j\u0173 asmeninei ir finansinei gerovei. Raginame savo naudotojus b\u016bti s\u0105moningais ir nedelsiant kreiptis pagalbos, jei \u012ftaria, kad gali tur\u0117ti priklausomyb\u0119 nuo azartini\u0173 lo\u0161im\u0173.<\/p>\n<h2><span class=\"ez-toc-section\" id=\"Gambling_and_Mental_Health\"><\/span>Azartiniai lo\u0161imai ir psichikos sveikata<span class=\"ez-toc-section-end\"><\/span><\/h2>\n<p>Suprantame, kad azartiniai lo\u0161imai ir psichikos sveikata yra labai susij\u0119. Tod\u0117l esame \u012fsipareigoj\u0119 skatinti teigiam\u0105 ir sveik\u0105 savo naudotoj\u0173 m\u0105stysen\u0105. M\u016bs\u0173 tikslas - sukurti aplink\u0105, kurioje \u017eaid\u0117jai gal\u0117t\u0173 atsakingai m\u0117gautis live casino lo\u0161imais, nepakenkdami savo psichinei gerovei.<\/p>\n<h2><span class=\"ez-toc-section\" id=\"Effective_Strategies_for_Responsible_Gambling\"><\/span>Veiksmingos atsakingo lo\u0161imo strategijos<span class=\"ez-toc-section-end\"><\/span><\/h2>\n<p>Siekdami skatinti atsaking\u0105 lo\u0161im\u0105, pasisakome u\u017e veiksming\u0173 strategij\u0173, kurios suteikia \u017eaid\u0117jams galimyb\u0119 kontroliuoti savo la\u017eyb\u0173 veikl\u0105, \u012fgyvendinim\u0105. \u0160tai keletas pagrindini\u0173 praktik\u0173, kurias skatiname:<\/p>\n<p>Nustatyto biud\u017eeto laikymasis: Nustatykite live casino \u017eaidim\u0173 biud\u017eet\u0105 ir jo laikykit\u0117s. Statykite tik toki\u0105 sum\u0105, kuri jums yra priimtina, kad ji netur\u0117t\u0173 \u012ftakos j\u016bs\u0173 finansiniam stabilumui.<\/p>\n<p>Reguliarios pertraukos nuo azartini\u0173 lo\u0161im\u0173: live casino, kad \u017eaidimas i\u0161likt\u0173 \u012fdomia veikla ir nereikalaut\u0173 pernelyg daug laiko ar energijos.<\/p>\n<p>Atsispirkite norui persekioti nuostolius: Sutikite, kad pralaim\u0117jimai yra azartini\u0173 lo\u0161im\u0173 dalis, ir venkite persekioti pralaim\u0117jimus didindami statymus. Vietoj to \u017eenkite \u017eingsn\u012f atgal ir i\u0161 naujo \u012fvertinkite savo po\u017ei\u016br\u012f.<\/p>\n<p>Savalaik\u0117s pagalbos paie\u0161ka: Jei \u012ftariate, kad j\u016bs arba j\u016bs\u0173 pa\u017e\u012fstamas asmuo susiduria su priklausomybe nuo azartini\u0173 lo\u0161im\u0173, nedelsdami kreipkit\u0117s pagalbos. Ankstyva intervencija yra labai svarbi norint veiksmingai spr\u0119sti \u0161i\u0105 problem\u0105.<\/p>\n<h2><span class=\"ez-toc-section\" id=\"Tools_and_Resources_for_Responsible_Gambling\"><\/span>Atsakingo lo\u0161imo priemon\u0117s ir i\u0161tekliai<span class=\"ez-toc-section-end\"><\/span><\/h2>\n<p>Teikiame \u012fvairias priemones ir i\u0161teklius, padedan\u010dius taikyti atsakingo lo\u0161imo praktik\u0105:<\/p>\n<p>National ir vietin\u0117s pagalbos linijos: Prieiga prie pagalbos linij\u0173, skirt\u0173 pad\u0117ti asmenims, ken\u010diantiems nuo azartini\u0173 lo\u0161im\u0173. Pagalba teikiama vos paskambinus telefonu.<\/p>\n<p>Savaranki\u0161ko pa\u0161alinimo schemos: Pasinaudokite sav\u0119s pa\u0161alinimo galimyb\u0117mis, leid\u017eian\u010diomis padaryti pertrauk\u0105 nuo live casino \u017eaidim\u0173, jei manote, kad tai b\u016btina. \u0160ios schemos suteikia asmenims galimyb\u0119 susigr\u0105\u017einti savo la\u017eyb\u0173 veiklos kontrol\u0119.<\/p>\n<p>Azartini\u0173 lo\u0161im\u0173 terapijos programos: Mes remiame ir skatiname lo\u0161im\u0173 terapijos programas, skirtas pad\u0117ti tiems, kuriems to reikia. \u0160iose programose teikiamos profesionalios konsultacijos ir parama asmenims, kovojantiems su su lo\u0161imu susijusiomis problemomis.<\/p>\n<h2><span class=\"ez-toc-section\" id=\"The_Role_of_Online_Gaming_Operators_in_Responsible_Gambling\"><\/span>Internetini\u0173 lo\u0161im\u0173 operatori\u0173 vaidmuo atsakingo lo\u0161imo srityje<span class=\"ez-toc-section-end\"><\/span><\/h2>\n<p>Kaip internetini\u0173 lo\u0161im\u0173 operatorius suprantame savo atsakomyb\u0119 u\u017etikrinti saugi\u0105 ir atsaking\u0105 lo\u0161im\u0173 aplink\u0105. \u0160tai kaip u\u017etikriname \u017eaid\u0117j\u0173 apsaug\u0105:<\/p>\n<p>Grie\u017etos pramon\u0117s taisykl\u0117s ir standartai: Mes laikom\u0117s grie\u017et\u0173 pramon\u0117s taisykli\u0173 ir standart\u0173, kad u\u017etikrintume s\u0105\u017eining\u0105 \u017eaidim\u0105, \u017eaid\u0117j\u0173 saugum\u0105 ir atsaking\u0105 lo\u0161imo praktik\u0105. \u0160ios priemon\u0117s taikomos siekiant apsaugoti m\u016bs\u0173 naudotojus ir i\u0161laikyti m\u016bs\u0173 platformos vientisum\u0105.<\/p>\n<p>\u012emoni\u0173 socialin\u0117 atsakomyb\u0117: Mes rimtai \u017ei\u016brime \u012f savo socialin\u0119 atsakomyb\u0119. Aktyviai bendradarbiaujame su organizacijomis ir iniciatyvomis, skatinan\u010diomis atsaking\u0105 lo\u0161im\u0105 ir padedan\u010diomis tiems, kurie ken\u010dia nuo priklausomyb\u0117s nuo lo\u0161im\u0173.<\/p>\n<h2><span class=\"ez-toc-section\" id=\"Preventative_Measures_for_Player_Protection\"><\/span>Prevencin\u0117s \u017eaid\u0117j\u0173 apsaugos priemon\u0117s<span class=\"ez-toc-section-end\"><\/span><\/h2>\n<p>\u012egyvendiname prevencines priemones, kad apsaugotume savo \u017eaid\u0117jus, \u012fskaitant patikimus am\u017eiaus patikrinimo procesus, saugius sandorius ir grie\u017etus duomen\u0173 apsaugos protokolus. \u0160ios priemon\u0117s skirtos sukurti saugi\u0105 ir atsaking\u0105 la\u017eyb\u0173 aplink\u0105 visiems.<\/p>\n<p>\"Live Casino Finder\" tikime, kad atsakingi \u017eaidimai yra raktas \u012f nepamir\u0161tam\u0105 live casino patirt\u012f. Prisijunkite prie m\u016bs\u0173 \u0161iandien ir leiskit\u0117s \u012f jaudinan\u010di\u0105 ir atsaking\u0105 lo\u0161imo kelion\u0119.<\/p>","protected":false},"excerpt":{"rendered":"<p>Sveiki atvyk\u0119 \u012f Live Casino Finder, kur m\u016bs\u0173 platformos kertinis akmuo - atsakingi \u017eaidimai. Esame \u012fsipareigoj\u0119 propaguoti atsaking\u0105 lo\u0161imo praktik\u0105 ir kurti saugi\u0105 bei maloni\u0105 aplink\u0105 savo naudotojams. Puikiai suprasdami lo\u0161im\u0173 rizikos subtilybes ir galim\u0105 poveik\u012f psichikos sveikatai, stengiam\u0117s \u012fgalinti [...]<\/p>","protected":false},"author":1,"featured_media":0,"parent":0,"menu_order":0,"comment_status":"closed","ping_status":"closed","template":"page-no-sidebar.php","meta":{"_lmt_disableupdate":"no","_lmt_disable":"no","footnotes":""},"class_list":["post-2111","page","type-page","status-publish","hentry"],"yoast_head":"<!-- This site is optimized with the Yoast SEO plugin v26.4 - https:\/\/yoast.com\/wordpress\/plugins\/seo\/ -->\n<title>Responsible Gaming Guidelines<\/title>\n<meta name=\"description\" content=\"Learn about responsible gaming practices with Live Casino Finder to help you enjoy live casinos safely and make informed decisions while playing.\" \/>\n<meta name=\"robots\" content=\"index, follow, max-snippet:-1, max-image-preview:large, max-video-preview:-1\" \/>\n<link rel=\"canonical\" href=\"https:\/\/livecasinofinder.com\/wp-json\/wp\/v2\/pages\/2111\/\" \/>\n<meta property=\"og:locale\" content=\"lt_LT\" \/>\n<meta property=\"og:type\" content=\"article\" \/>\n<meta property=\"og:title\" content=\"Responsible Gaming Guidelines\" \/>\n<meta property=\"og:description\" content=\"Learn about responsible gaming practices with Live Casino Finder to help you enjoy live casinos safely and make informed decisions while playing.\" \/>\n<meta property=\"og:url\" content=\"https:\/\/livecasinofinder.com\/lt\/responsible-gaming\/\" \/>\n<meta property=\"og:site_name\" content=\"livecasinofinder.com\" \/>\n<meta property=\"article:modified_time\" content=\"2025-06-03T11:11:12+00:00\" \/>\n<meta property=\"og:image\" content=\"https:\/\/livecasinofinder.com\/wp-content\/uploads\/2023\/03\/lucasoilraceway-logo-1.png\" \/>\n\t<meta property=\"og:image:width\" content=\"427\" \/>\n\t<meta property=\"og:image:height\" content=\"145\" \/>\n\t<meta property=\"og:image:type\" content=\"image\/png\" \/>\n<meta name=\"twitter:card\" content=\"summary_large_image\" \/>\n<meta name=\"twitter:label1\" content=\"Est. reading time\" \/>\n\t<meta name=\"twitter:data1\" content=\"4 minut\u0117s\" \/>\n<!-- \/ Yoast SEO plugin. -->","yoast_head_json":{"title":"Responsible Gaming Guidelines","description":"Learn about responsible gaming practices with Live Casino Finder to help you enjoy live casinos safely and make informed decisions while playing.","robots":{"index":"index","follow":"follow","max-snippet":"max-snippet:-1","max-image-preview":"max-image-preview:large","max-video-preview":"max-video-preview:-1"},"canonical":"https:\/\/livecasinofinder.com\/wp-json\/wp\/v2\/pages\/2111\/","og_locale":"lt_LT","og_type":"article","og_title":"Responsible Gaming Guidelines","og_description":"Learn about responsible gaming practices with Live Casino Finder to help you enjoy live casinos safely and make informed decisions while playing.","og_url":"https:\/\/livecasinofinder.com\/lt\/responsible-gaming\/","og_site_name":"livecasinofinder.com","article_modified_time":"2025-06-03T11:11:12+00:00","og_image":[{"width":427,"height":145,"url":"https:\/\/livecasinofinder.com\/wp-content\/uploads\/2023\/03\/lucasoilraceway-logo-1.png","type":"image\/png"}],"twitter_card":"summary_large_image","twitter_misc":{"Est. reading time":"4 minut\u0117s"},"schema":{"@context":"https:\/\/schema.org","@graph":[{"@type":"WebPage","@id":"https:\/\/livecasinofinder.com\/responsible-gaming\/","url":"https:\/\/livecasinofinder.com\/responsible-gaming\/","name":"Responsible Gaming Guidelines","isPartOf":{"@id":"https:\/\/livecasinofinder.com\/ja\/#website"},"datePublished":"2023-06-20T14:33:04+00:00","dateModified":"2025-06-03T11:11:12+00:00","description":"Learn about responsible gaming practices with Live Casino Finder to help you enjoy live casinos safely and make informed decisions while playing.","breadcrumb":{"@id":"https:\/\/livecasinofinder.com\/responsible-gaming\/#breadcrumb"},"inLanguage":"lt-LT","potentialAction":[{"@type":"ReadAction","target":["https:\/\/livecasinofinder.com\/responsible-gaming\/"]}]},{"@type":"BreadcrumbList","@id":"https:\/\/livecasinofinder.com\/responsible-gaming\/#breadcrumb","itemListElement":[{"@type":"ListItem","position":1,"name":"LiveCasinoFinder.com","item":"https:\/\/livecasinofinder.com\/fr\/"},{"@type":"ListItem","position":2,"name":"Responsible Gaming"}]},{"@type":"WebSite","@id":"https:\/\/livecasinofinder.com\/ja\/#website","url":"https:\/\/livecasinofinder.com\/ja\/","name":"Livecasinofinder","description":"","publisher":{"@id":"https:\/\/livecasinofinder.com\/ja\/#organization"},"alternateName":"Lucas oil raceway live casino","potentialAction":[{"@type":"SearchAction","target":{"@type":"EntryPoint","urlTemplate":"https:\/\/livecasinofinder.com\/ja\/?s={search_term_string}"},"query-input":{"@type":"PropertyValueSpecification","valueRequired":true,"valueName":"search_term_string"}}],"inLanguage":"lt-LT"},{"@type":"Organization","@id":"https:\/\/livecasinofinder.com\/ja\/#organization","name":"Live Casino ie\u0161kiklis","alternateName":"Lucas oil raceway live casino","url":"https:\/\/livecasinofinder.com\/ja\/","logo":{"@type":"ImageObject","inLanguage":"lt-LT","@id":"https:\/\/livecasinofinder.com\/ja\/#\/schema\/logo\/image\/","url":"https:\/\/livecasinofinder.com\/wp-content\/uploads\/2023\/04\/livecasinofinder-logo.png","contentUrl":"https:\/\/livecasinofinder.com\/wp-content\/uploads\/2023\/04\/livecasinofinder-logo.png","width":1600,"height":453,"caption":"Live Casino Finder"},"image":{"@id":"https:\/\/livecasinofinder.com\/ja\/#\/schema\/logo\/image\/"}}]}},"_links":{"self":[{"href":"https:\/\/livecasinofinder.com\/lt\/wp-json\/wp\/v2\/pages\/2111","targetHints":{"allow":["GET"]}}],"collection":[{"href":"https:\/\/livecasinofinder.com\/lt\/wp-json\/wp\/v2\/pages"}],"about":[{"href":"https:\/\/livecasinofinder.com\/lt\/wp-json\/wp\/v2\/types\/page"}],"author":[{"embeddable":true,"href":"https:\/\/livecasinofinder.com\/lt\/wp-json\/wp\/v2\/users\/1"}],"replies":[{"embeddable":true,"href":"https:\/\/livecasinofinder.com\/lt\/wp-json\/wp\/v2\/comments?post=2111"}],"version-history":[{"count":0,"href":"https:\/\/livecasinofinder.com\/lt\/wp-json\/wp\/v2\/pages\/2111\/revisions"}],"wp:attachment":[{"href":"https:\/\/livecasinofinder.com\/lt\/wp-json\/wp\/v2\/media?parent=2111"}],"curies":[{"name":"wp","href":"https:\/\/api.w.org\/{rel}","templated":true}]}}