{"id":2109,"date":"2023-06-20T14:37:04","date_gmt":"2023-06-20T14:37:04","guid":{"rendered":"https:\/\/livecasinofinder.com\/?page_id=2109"},"modified":"2023-06-20T14:37:04","modified_gmt":"2023-06-20T14:37:04","slug":"privacy-policy","status":"publish","type":"page","link":"https:\/\/livecasinofinder.com\/lt\/privacy-policy\/","title":{"rendered":"Privatumo politika"},"content":{"rendered":"<p>Svetain\u0117je <a href=\"\/lt\/\">LiveCasinoFinder.com<\/a>, suprantame, kaip svarbu u\u017etikrinti j\u016bs\u0173 privatum\u0105 ir apsaugoti j\u016bs\u0173 asmenin\u0117s informacijos konfidencialum\u0105. \u0160ioje privatumo politikoje apra\u0161omas m\u016bs\u0173 nepajudinamas \u012fsipareigojimas saugoti duomenis, u\u017etikrinant saugi\u0105 ir maloni\u0105 patirt\u012f m\u016bs\u0173 platformoje.<\/p>\n<div id=\"ez-toc-container\" class=\"ez-toc-v2_0_63 counter-hierarchy ez-toc-counter ez-toc-grey ez-toc-container-direction\">\n<label for=\"ez-toc-cssicon-toggle-item-69d4d0102bf94\" class=\"ez-toc-cssicon-toggle-label\"><span class=\"ez-toc-cssicon\"><span class=\"eztoc-hide\" style=\"display:none;\">Perjungti<\/span><span class=\"ez-toc-icon-toggle-span\"><svg style=\"fill: #999;color:#999\" xmlns=\"http:\/\/www.w3.org\/2000\/svg\" class=\"list-377408\" width=\"20px\" height=\"20px\" viewbox=\"0 0 24 24\" fill=\"none\"><path d=\"M6 6H4v2h2V6zm14 0H8v2h12V6zM4 11h2v2H4v-2zm16 0H8v2h12v-2zM4 16h2v2H4v-2zm16 0H8v2h12v-2z\" fill=\"currentColor\"><\/path><\/svg><svg style=\"fill: #999;color:#999\" class=\"arrow-unsorted-368013\" xmlns=\"http:\/\/www.w3.org\/2000\/svg\" width=\"10px\" height=\"10px\" viewbox=\"0 0 24 24\" version=\"1.2\" baseprofile=\"tiny\"><path d=\"M18.2 9.3l-6.2-6.3-6.2 6.3c-.2.2-.3.4-.3.7s.1.5.3.7c.2.2.4.3.7.3h11c.3 0 .5-.1.7-.3.2-.2.3-.5.3-.7s-.1-.5-.3-.7zM5.8 14.7l6.2 6.3 6.2-6.3c.2-.2.3-.5.3-.7s-.1-.5-.3-.7c-.2-.2-.4-.3-.7-.3h-11c-.3 0-.5.1-.7.3-.2.2-.3.5-.3.7s.1.5.3.7z\"\/><\/svg><\/span><\/span><\/label><input type=\"checkbox\"  id=\"ez-toc-cssicon-toggle-item-69d4d0102bf94\" checked aria-label=\"Perjungti\" \/><nav><ul class='ez-toc-list ez-toc-list-level-1' ><li class='ez-toc-page-1 ez-toc-heading-level-2'><a class=\"ez-toc-link ez-toc-heading-1\" href=\"https:\/\/livecasinofinder.com\/lt\/privacy-policy\/#Our_Pledge_to_Safeguard_Your_Privacy\" title=\"M\u016bs\u0173 \u012fsipareigojimas saugoti j\u016bs\u0173 privatum\u0105\">M\u016bs\u0173 \u012fsipareigojimas saugoti j\u016bs\u0173 privatum\u0105<\/a><\/li><li class='ez-toc-page-1 ez-toc-heading-level-2'><a class=\"ez-toc-link ez-toc-heading-2\" href=\"https:\/\/livecasinofinder.com\/lt\/privacy-policy\/#Data_Collection_Our_Practices\" title=\"Duomen\u0173 rinkimas: M\u016bs\u0173 praktika\">Duomen\u0173 rinkimas: M\u016bs\u0173 praktika<\/a><\/li><li class='ez-toc-page-1 ez-toc-heading-level-2'><a class=\"ez-toc-link ez-toc-heading-3\" href=\"https:\/\/livecasinofinder.com\/lt\/privacy-policy\/#The_Use_of_Your_Information\" title=\"J\u016bs\u0173 informacijos naudojimas\">J\u016bs\u0173 informacijos naudojimas<\/a><\/li><li class='ez-toc-page-1 ez-toc-heading-level-2'><a class=\"ez-toc-link ez-toc-heading-4\" href=\"https:\/\/livecasinofinder.com\/lt\/privacy-policy\/#Information_Disclosure_and_Sharing\" title=\"Informacijos atskleidimas ir dalijimasis ja\">Informacijos atskleidimas ir dalijimasis ja<\/a><\/li><li class='ez-toc-page-1 ez-toc-heading-level-2'><a class=\"ez-toc-link ez-toc-heading-5\" href=\"https:\/\/livecasinofinder.com\/lt\/privacy-policy\/#Our_Security_Measures\" title=\"M\u016bs\u0173 saugumo priemon\u0117s\">M\u016bs\u0173 saugumo priemon\u0117s<\/a><\/li><li class='ez-toc-page-1 ez-toc-heading-level-2'><a class=\"ez-toc-link ez-toc-heading-6\" href=\"https:\/\/livecasinofinder.com\/lt\/privacy-policy\/#The_Role_of_Cookies\" title=\"Slapuk\u0173 vaidmuo\">Slapuk\u0173 vaidmuo<\/a><\/li><li class='ez-toc-page-1 ez-toc-heading-level-2'><a class=\"ez-toc-link ez-toc-heading-7\" href=\"https:\/\/livecasinofinder.com\/lt\/privacy-policy\/#Third-Party_Links\" title=\"Tre\u010di\u0173j\u0173 \u0161ali\u0173 nuorodos\">Tre\u010di\u0173j\u0173 \u0161ali\u0173 nuorodos<\/a><\/li><li class='ez-toc-page-1 ez-toc-heading-level-2'><a class=\"ez-toc-link ez-toc-heading-8\" href=\"https:\/\/livecasinofinder.com\/lt\/privacy-policy\/#Policy_on_Childrens_Privacy\" title=\"Vaik\u0173 privatumo politika\">Vaik\u0173 privatumo politika<\/a><\/li><li class='ez-toc-page-1 ez-toc-heading-level-2'><a class=\"ez-toc-link ez-toc-heading-9\" href=\"https:\/\/livecasinofinder.com\/lt\/privacy-policy\/#Changes_to_This_Privacy_Policy\" title=\"\u0160ios privatumo politikos pakeitimai\">\u0160ios privatumo politikos pakeitimai<\/a><\/li><li class='ez-toc-page-1 ez-toc-heading-level-2'><a class=\"ez-toc-link ez-toc-heading-10\" href=\"https:\/\/livecasinofinder.com\/lt\/privacy-policy\/#Your_Rights_to_Your_Personal_Information\" title=\"J\u016bs\u0173 teis\u0117s \u012f asmenin\u0119 informacij\u0105\">J\u016bs\u0173 teis\u0117s \u012f asmenin\u0119 informacij\u0105<\/a><\/li><li class='ez-toc-page-1 ez-toc-heading-level-2'><a class=\"ez-toc-link ez-toc-heading-11\" href=\"https:\/\/livecasinofinder.com\/lt\/privacy-policy\/#Retention_of_Data\" title=\"Duomen\u0173 saugojimas\">Duomen\u0173 saugojimas<\/a><\/li><li class='ez-toc-page-1 ez-toc-heading-level-2'><a class=\"ez-toc-link ez-toc-heading-12\" href=\"https:\/\/livecasinofinder.com\/lt\/privacy-policy\/#International_Data_Transfers\" title=\"Tarptautinis duomen\u0173 perdavimas\">Tarptautinis duomen\u0173 perdavimas<\/a><\/li><\/ul><\/nav><\/div>\n\n<h2><span class=\"ez-toc-section\" id=\"Our_Pledge_to_Safeguard_Your_Privacy\"><\/span>M\u016bs\u0173 \u012fsipareigojimas saugoti j\u016bs\u0173 privatum\u0105<span class=\"ez-toc-section-end\"><\/span><\/h2>\n<p>Vertiname j\u016bs\u0173 privatum\u0105 ir teikiame pirmenyb\u0119 j\u016bs\u0173 asmenin\u0117s informacijos apsaugai. Taikome grie\u017et\u0105 privatumo praktik\u0105 ir laikom\u0117s galiojan\u010di\u0173 duomen\u0173 apsaugos \u012fstatym\u0173, kad u\u017etikrintume j\u016bs\u0173 duomen\u0173 saugum\u0105 ir konfidencialum\u0105.<\/p>\n<h2><span class=\"ez-toc-section\" id=\"Data_Collection_Our_Practices\"><\/span>Duomen\u0173 rinkimas: M\u016bs\u0173 praktika<span class=\"ez-toc-section-end\"><\/span><\/h2>\n<p>Nor\u0117dami suteikti jums skland\u017ei\u0105 ir asmeni\u0161kai pritaikyt\u0105 patirt\u012f, galime rinkti tam tikr\u0105 informacij\u0105 i\u0161 j\u016bs\u0173. \u0160i informacija gali apimti j\u016bs\u0173 vard\u0105 ir pavard\u0119, kontaktinius duomenis ir nar\u0161ymo m\u016bs\u0173 platformoje elgsen\u0105. B\u016bkite tikri, kad renkame tik b\u016btinus duomenis, reikalingus j\u016bs\u0173 patir\u010diai pagerinti ir m\u016bs\u0173 paslaugoms tobulinti.<\/p>\n<h2><span class=\"ez-toc-section\" id=\"The_Use_of_Your_Information\"><\/span>J\u016bs\u0173 informacijos naudojimas<span class=\"ez-toc-section-end\"><\/span><\/h2>\n<p>I\u0161 j\u016bs\u0173 surinkta informacija naudojama \u012fvairiais tikslais, \u012fskaitant, bet neapsiribojant:<\/p>\n<ol>\n<li>LiveCasinoFinder.com patirties pritaikymas<\/li>\n<li>efektyviai tvarkyti j\u016bs\u0173 u\u017eklausas ir sandorius.<\/li>\n<li>Svarbi\u0173 atnaujinim\u0173 ir akcij\u0173 skelbimas<\/li>\n<li>Duomen\u0173 analiz\u0117 siekiant pagerinti m\u016bs\u0173 paslaugas ir pritaikyti jas prie j\u016bs\u0173 pageidavim\u0173.<\/li>\n<\/ol>\n<h2><span class=\"ez-toc-section\" id=\"Information_Disclosure_and_Sharing\"><\/span>Informacijos atskleidimas ir dalijimasis ja<span class=\"ez-toc-section-end\"><\/span><\/h2>\n<p>LiveCasinoFinder.com gerbia j\u016bs\u0173 informacijos konfidencialum\u0105. Mes neparduodame, nekei\u010diame ir nesidalijame j\u016bs\u0173 asmeniniais duomenimis su tre\u010diosiomis \u0161alimis, nebent tai b\u016btina m\u016bs\u0173 paslaugoms teikti arba to reikalauja \u012fstatymai. J\u016bs\u0173 informacija galime dalytis su patikimais partneriais, tokiais kaip mok\u0117jim\u0173 tvarkytojai, tik tam, kad gal\u0117tume teikti jums savo paslaugas.<\/p>\n<h2><span class=\"ez-toc-section\" id=\"Our_Security_Measures\"><\/span>M\u016bs\u0173 saugumo priemon\u0117s<span class=\"ez-toc-section-end\"><\/span><\/h2>\n<p>\u012edieg\u0117me patikimas saugumo priemones, kad apsaugotume j\u016bs\u0173 asmenin\u0119 informacij\u0105 nuo neteis\u0117tos prieigos, atskleidimo, pakeitimo ar sunaikinimo. M\u016bs\u0173 pa\u017eangios saugumo sistemos, \u0161ifravimo protokolai ir grie\u017eta prieigos kontrol\u0117 u\u017etikrina auk\u0161\u010diausi\u0105 j\u016bs\u0173 duomen\u0173 apsaug\u0105. Reguliariai per\u017ei\u016brime ir atnaujiname savo saugumo priemones, kad gal\u0117tume stay aplenkti kylan\u010dias gr\u0117smes ir palaikyti saugi\u0105 aplink\u0105 savo naudotojams.<\/p>\n<h2><span class=\"ez-toc-section\" id=\"The_Role_of_Cookies\"><\/span>Slapuk\u0173 vaidmuo<span class=\"ez-toc-section-end\"><\/span><\/h2>\n<p>LiveCasinoFinder.com naudoja slapukus, kad pagerint\u0173 j\u016bs\u0173 nar\u0161ymo patirt\u012f m\u016bs\u0173 platformoje. Slapukai - tai ma\u017ei tekstiniai failai, saugomi j\u016bs\u0173 \u012frenginyje, leid\u017eiantys mums atpa\u017einti jus ir pritaikyti j\u016bs\u0173 patirt\u012f pagal j\u016bs\u0173 pageidavimus. J\u016bs turite galimyb\u0119 tvarkyti savo slapuk\u0173 nustatymus per nar\u0161ykl\u0117s nustatymus. Ta\u010diau atkreipkite d\u0117mes\u012f, kad slapuk\u0173 i\u0161jungimas gali apriboti tam tikras m\u016bs\u0173 svetain\u0117s funkcijas ar veikim\u0105.<\/p>\n<h2><span class=\"ez-toc-section\" id=\"Third-Party_Links\"><\/span>Tre\u010di\u0173j\u0173 \u0161ali\u0173 nuorodos<span class=\"ez-toc-section-end\"><\/span><\/h2>\n<p>M\u016bs\u0173 platformoje gali b\u016bti nuorod\u0173 \u012f tre\u010di\u0173j\u0173 \u0161ali\u0173 svetaines ar paslaugas. Raginame \u017einoti, kad \u0161ios svetain\u0117s turi savo privatumo politik\u0105, kuri gali skirtis nuo m\u016bs\u0173 privatumo politikos. Rekomenduojame susipa\u017einti su vis\u0173 tre\u010di\u0173j\u0173 \u0161ali\u0173 svetaini\u0173, kuriose lankot\u0117s per m\u016bs\u0173 platform\u0105, privatumo praktika, nes mes nekontroliuojame j\u0173 duomen\u0173 rinkimo ar naudojimo.<\/p>\n<h2><span class=\"ez-toc-section\" id=\"Policy_on_Childrens_Privacy\"><\/span>Vaik\u0173 privatumo politika<span class=\"ez-toc-section-end\"><\/span><\/h2>\n<p>LiveCasinoFinder.com skirtas asmenims, kurie yra ne jaunesni kaip 18 met\u0173 arba yra sulauk\u0119 am\u017eiaus, nuo kurio j\u0173 jurisdikcijoje leid\u017eiama lo\u0161ti internete. Mes s\u0105moningai nerenkame ir nesaugome asmenin\u0117s informacijos i\u0161 jaunesni\u0173 nei \u012fstatymo leid\u017eiamas am\u017eius asmen\u0173. Jei su\u017einotume apie toki\u0105 informacij\u0105, nedelsdami i\u0161trintume j\u0105 i\u0161 savo \u012fra\u0161\u0173.<\/p>\n<h2><span class=\"ez-toc-section\" id=\"Changes_to_This_Privacy_Policy\"><\/span>\u0160ios privatumo politikos pakeitimai<span class=\"ez-toc-section-end\"><\/span><\/h2>\n<p>Galime periodi\u0161kai atnaujinti savo privatumo politik\u0105, kad ji atspind\u0117t\u0173 m\u016bs\u0173 praktikos, teisini\u0173 reikalavim\u0173 ar paslaug\u0173 poky\u010dius. Apie bet kokius \u0161ios politikos pakeitimus jums bus prane\u0161ta per m\u016bs\u0173 platformoje matomus prane\u0161imus. Raginame jus reguliariai per\u017ei\u016br\u0117ti m\u016bs\u0173 privatumo politik\u0105, kad stay b\u016btum\u0117te informuoti apie tai, kaip saugome j\u016bs\u0173 privatum\u0105.<\/p>\n<h2><span class=\"ez-toc-section\" id=\"Your_Rights_to_Your_Personal_Information\"><\/span>J\u016bs\u0173 teis\u0117s \u012f asmenin\u0119 informacij\u0105<span class=\"ez-toc-section-end\"><\/span><\/h2>\n<p>Kaip LiveCasinoFinder.com naudotojas turite tam tikras teises, susijusias su j\u016bs\u0173 asmenine informacija. \u0160ios teis\u0117s gali apimti:<\/p>\n<ol>\n<li>Galimyb\u0117 susipa\u017einti su m\u016bs\u0173 turima asmenine informacija apie jus<\/li>\n<li>Galimyb\u0117 i\u0161taisyti arba atnaujinti savo informacij\u0105<\/li>\n<li>Teis\u0117 tam tikromis aplinkyb\u0117mis pra\u0161yti i\u0161trinti j\u016bs\u0173 asmens duomenis.<\/li>\n<li>Teis\u0117 apriboti savo duomen\u0173 tvarkym\u0105 arba nesutikti, kad jie b\u016bt\u0173 tvarkomi.<\/li>\n<li>Teis\u0117 \u012f duomen\u0173 perkeliamum\u0105, leid\u017eianti jums gauti savo duomen\u0173 kopij\u0105 strukt\u016brizuotu, \u012fprastai naudojamu ir kompiuterio skaitomu formatu.<\/li>\n<\/ol>\n<p>Nor\u0117dami pasinaudoti savo teis\u0117mis arba gauti paai\u0161kinim\u0173 bet kokiais su privatumu susijusiais klausimais, kreipkit\u0117s \u012f m\u016bs\u0173 speciali\u0105 palaikymo komand\u0105. Esame pasireng\u0119 greitai jums pad\u0117ti.<\/p>\n<h2><span class=\"ez-toc-section\" id=\"Retention_of_Data\"><\/span>Duomen\u0173 saugojimas<span class=\"ez-toc-section-end\"><\/span><\/h2>\n<p>J\u016bs\u0173 asmenin\u0119 informacij\u0105 saugome tik tiek laiko, kiek reikia \u0161ioje privatumo politikoje nurodytiems tikslams \u012fgyvendinti arba kiek to reikalauja \u012fstatymai. Kai j\u016bs\u0173 duomen\u0173 nebereik\u0117s, juos saugiai sunaikinsime pagal savo duomen\u0173 saugojimo praktik\u0105.<\/p>\n<h2><span class=\"ez-toc-section\" id=\"International_Data_Transfers\"><\/span>Tarptautinis duomen\u0173 perdavimas<span class=\"ez-toc-section-end\"><\/span><\/h2>\n<p>Kaip pasaulin\u0117 platforma, LiveCasinoFinder.com gali perduoti ir apdoroti j\u016bs\u0173 asmenin\u0119 informacij\u0105 \u012fvairiose pasaulio vietose. U\u017etikriname, kad tarptautinio duomen\u0173 perdavimo metu b\u016bt\u0173 taikomos tinkamos apsaugos priemon\u0117s j\u016bs\u0173 duomenims apsaugoti ir laikomasi galiojan\u010di\u0173 duomen\u0173 apsaugos \u012fstatym\u0173.<\/p>\n<p>LiveCasinoFinder.com esame \u012fsipareigoj\u0119 u\u017etikrinti saugi\u0105, skaidri\u0105 ir maloni\u0105 \u017eaidim\u0173 aplink\u0105, kartu saugodami j\u016bs\u0173 privatum\u0105. J\u016bs\u0173 pasitik\u0117jimas ir pasitenkinimas yra m\u016bs\u0173 svarbiausi prioritetai.<\/p>","protected":false},"excerpt":{"rendered":"<p>LiveCasinoFinder.com supranta, kaip svarbu u\u017etikrinti j\u016bs\u0173 privatum\u0105 ir apsaugoti j\u016bs\u0173 asmenin\u0117s informacijos konfidencialum\u0105. \u0160ioje privatumo politikoje apra\u0161omas m\u016bs\u0173 neabejotinas \u012fsipareigojimas saugoti duomenis, u\u017etikrinant saugi\u0105 ir maloni\u0105 patirt\u012f m\u016bs\u0173 platformoje. M\u016bs\u0173 \u012fsipareigojimas saugoti j\u016bs\u0173 privatum\u0105 Vertiname j\u016bs\u0173 privatum\u0105 ir teikiame pirmenyb\u0119 j\u016bs\u0173 asmenin\u0117s informacijos apsaugai. [...]<\/p>","protected":false},"author":1,"featured_media":0,"parent":0,"menu_order":0,"comment_status":"closed","ping_status":"closed","template":"page-no-sidebar.php","meta":{"_lmt_disableupdate":"no","_lmt_disable":"no","footnotes":""},"class_list":["post-2109","page","type-page","status-publish","hentry"],"yoast_head":"<!-- This site is optimized with the Yoast SEO plugin v26.4 - https:\/\/yoast.com\/wordpress\/plugins\/seo\/ -->\n<title>Protecting Your Privacy | LiveCasinoFinder.com Privacy Policy<\/title>\n<meta name=\"description\" content=\"At LiveCasinoFinder.com, we prioritize the protection of your data. Our Privacy Policy outlines our commitment to safeguarding your personal information.\" \/>\n<meta name=\"robots\" content=\"index, follow, max-snippet:-1, max-image-preview:large, max-video-preview:-1\" \/>\n<link rel=\"canonical\" href=\"https:\/\/livecasinofinder.com\/wp-json\/wp\/v2\/pages\/2109\/\" \/>\n<meta property=\"og:locale\" content=\"lt_LT\" \/>\n<meta property=\"og:type\" content=\"article\" \/>\n<meta property=\"og:title\" content=\"Protecting Your Privacy | LiveCasinoFinder.com Privacy Policy\" \/>\n<meta property=\"og:description\" content=\"At LiveCasinoFinder.com, we prioritize the protection of your data. Our Privacy Policy outlines our commitment to safeguarding your personal information.\" \/>\n<meta property=\"og:url\" content=\"https:\/\/livecasinofinder.com\/lt\/privacy-policy\/\" \/>\n<meta property=\"og:site_name\" content=\"livecasinofinder.com\" \/>\n<meta property=\"og:image\" content=\"https:\/\/livecasinofinder.com\/wp-content\/uploads\/2023\/03\/lucasoilraceway-logo-1.png\" \/>\n\t<meta property=\"og:image:width\" content=\"427\" \/>\n\t<meta property=\"og:image:height\" content=\"145\" \/>\n\t<meta property=\"og:image:type\" content=\"image\/png\" \/>\n<meta name=\"twitter:card\" content=\"summary_large_image\" \/>\n<meta name=\"twitter:label1\" content=\"Est. reading time\" \/>\n\t<meta name=\"twitter:data1\" content=\"4 minut\u0117s\" \/>\n<!-- \/ Yoast SEO plugin. -->","yoast_head_json":{"title":"J\u016bs\u0173 privatumo apsauga | LiveCasinoFinder.com privatumo politika","description":"LiveCasinoFinder.com teikiame pirmenyb\u0119 j\u016bs\u0173 duomen\u0173 apsaugai. M\u016bs\u0173 privatumo politikoje apra\u0161ytas m\u016bs\u0173 \u012fsipareigojimas saugoti j\u016bs\u0173 asmenin\u0119 informacij\u0105.","robots":{"index":"index","follow":"follow","max-snippet":"max-snippet:-1","max-image-preview":"max-image-preview:large","max-video-preview":"max-video-preview:-1"},"canonical":"https:\/\/livecasinofinder.com\/wp-json\/wp\/v2\/pages\/2109\/","og_locale":"lt_LT","og_type":"article","og_title":"Protecting Your Privacy | LiveCasinoFinder.com Privacy Policy","og_description":"At LiveCasinoFinder.com, we prioritize the protection of your data. Our Privacy Policy outlines our commitment to safeguarding your personal information.","og_url":"https:\/\/livecasinofinder.com\/lt\/privacy-policy\/","og_site_name":"livecasinofinder.com","og_image":[{"width":427,"height":145,"url":"https:\/\/livecasinofinder.com\/wp-content\/uploads\/2023\/03\/lucasoilraceway-logo-1.png","type":"image\/png"}],"twitter_card":"summary_large_image","twitter_misc":{"Est. reading time":"4 minut\u0117s"},"schema":{"@context":"https:\/\/schema.org","@graph":[{"@type":"WebPage","@id":"https:\/\/livecasinofinder.com\/privacy-policy\/","url":"https:\/\/livecasinofinder.com\/privacy-policy\/","name":"J\u016bs\u0173 privatumo apsauga | LiveCasinoFinder.com privatumo politika","isPartOf":{"@id":"https:\/\/livecasinofinder.com\/ja\/#website"},"datePublished":"2023-06-20T14:37:04+00:00","description":"LiveCasinoFinder.com teikiame pirmenyb\u0119 j\u016bs\u0173 duomen\u0173 apsaugai. M\u016bs\u0173 privatumo politikoje apra\u0161ytas m\u016bs\u0173 \u012fsipareigojimas saugoti j\u016bs\u0173 asmenin\u0119 informacij\u0105.","breadcrumb":{"@id":"https:\/\/livecasinofinder.com\/privacy-policy\/#breadcrumb"},"inLanguage":"lt-LT","potentialAction":[{"@type":"ReadAction","target":["https:\/\/livecasinofinder.com\/privacy-policy\/"]}]},{"@type":"BreadcrumbList","@id":"https:\/\/livecasinofinder.com\/privacy-policy\/#breadcrumb","itemListElement":[{"@type":"ListItem","position":1,"name":"LiveCasinoFinder.com","item":"https:\/\/livecasinofinder.com\/fr\/"},{"@type":"ListItem","position":2,"name":"Privacy Policy"}]},{"@type":"WebSite","@id":"https:\/\/livecasinofinder.com\/ja\/#website","url":"https:\/\/livecasinofinder.com\/ja\/","name":"Livecasinofinder","description":"","publisher":{"@id":"https:\/\/livecasinofinder.com\/ja\/#organization"},"alternateName":"Lucas oil raceway live casino","potentialAction":[{"@type":"SearchAction","target":{"@type":"EntryPoint","urlTemplate":"https:\/\/livecasinofinder.com\/ja\/?s={search_term_string}"},"query-input":{"@type":"PropertyValueSpecification","valueRequired":true,"valueName":"search_term_string"}}],"inLanguage":"lt-LT"},{"@type":"Organization","@id":"https:\/\/livecasinofinder.com\/ja\/#organization","name":"Live Casino ie\u0161kiklis","alternateName":"Lucas oil raceway live casino","url":"https:\/\/livecasinofinder.com\/ja\/","logo":{"@type":"ImageObject","inLanguage":"lt-LT","@id":"https:\/\/livecasinofinder.com\/ja\/#\/schema\/logo\/image\/","url":"https:\/\/livecasinofinder.com\/wp-content\/uploads\/2023\/04\/livecasinofinder-logo.png","contentUrl":"https:\/\/livecasinofinder.com\/wp-content\/uploads\/2023\/04\/livecasinofinder-logo.png","width":1600,"height":453,"caption":"Live Casino Finder"},"image":{"@id":"https:\/\/livecasinofinder.com\/ja\/#\/schema\/logo\/image\/"}}]}},"_links":{"self":[{"href":"https:\/\/livecasinofinder.com\/lt\/wp-json\/wp\/v2\/pages\/2109","targetHints":{"allow":["GET"]}}],"collection":[{"href":"https:\/\/livecasinofinder.com\/lt\/wp-json\/wp\/v2\/pages"}],"about":[{"href":"https:\/\/livecasinofinder.com\/lt\/wp-json\/wp\/v2\/types\/page"}],"author":[{"embeddable":true,"href":"https:\/\/livecasinofinder.com\/lt\/wp-json\/wp\/v2\/users\/1"}],"replies":[{"embeddable":true,"href":"https:\/\/livecasinofinder.com\/lt\/wp-json\/wp\/v2\/comments?post=2109"}],"version-history":[{"count":0,"href":"https:\/\/livecasinofinder.com\/lt\/wp-json\/wp\/v2\/pages\/2109\/revisions"}],"wp:attachment":[{"href":"https:\/\/livecasinofinder.com\/lt\/wp-json\/wp\/v2\/media?parent=2109"}],"curies":[{"name":"wp","href":"https:\/\/api.w.org\/{rel}","templated":true}]}}