{"id":2107,"date":"2023-06-20T14:36:44","date_gmt":"2023-06-20T14:36:44","guid":{"rendered":"https:\/\/livecasinofinder.com\/?page_id=2107"},"modified":"2025-06-03T11:09:24","modified_gmt":"2025-06-03T11:09:24","slug":"disclaimer","status":"publish","type":"page","link":"https:\/\/livecasinofinder.com\/lt\/disclaimer\/","title":{"rendered":"Atsakomyb\u0117s apribojimas"},"content":{"rendered":"<p>LiveCasinoFinder.com yra pagrindinis vadovas visiems lo\u0161imo entuziastams!\u00a0<em>Ar kada nors teko spr\u0119sti galvos\u016bk\u012f, kur\u012f live casino i\u0161bandyti?<\/em>\u00a0M\u016bs\u0173 svetain\u0117 yra tarsi \u0161vyturys, vedantis jus per m\u012fsling\u0105 gyv\u0173 internetini\u0173 kazino pasaul\u012f. LiveCasinoFinder.com padeda jums rasti <a href=\"\/lt\/live-casinos\/\">geriausias live casinos<\/a>, palyginkite funkcijas ir net gaukite kelet\u0105 super sald\u017ei\u0173 premij\u0173.<\/p>\n<div id=\"ez-toc-container\" class=\"ez-toc-v2_0_63 counter-hierarchy ez-toc-counter ez-toc-grey ez-toc-container-direction\">\n<label for=\"ez-toc-cssicon-toggle-item-69d4e09b233e0\" class=\"ez-toc-cssicon-toggle-label\"><span class=\"ez-toc-cssicon\"><span class=\"eztoc-hide\" style=\"display:none;\">Perjungti<\/span><span class=\"ez-toc-icon-toggle-span\"><svg style=\"fill: #999;color:#999\" xmlns=\"http:\/\/www.w3.org\/2000\/svg\" class=\"list-377408\" width=\"20px\" height=\"20px\" viewbox=\"0 0 24 24\" fill=\"none\"><path d=\"M6 6H4v2h2V6zm14 0H8v2h12V6zM4 11h2v2H4v-2zm16 0H8v2h12v-2zM4 16h2v2H4v-2zm16 0H8v2h12v-2z\" fill=\"currentColor\"><\/path><\/svg><svg style=\"fill: #999;color:#999\" class=\"arrow-unsorted-368013\" xmlns=\"http:\/\/www.w3.org\/2000\/svg\" width=\"10px\" height=\"10px\" viewbox=\"0 0 24 24\" version=\"1.2\" baseprofile=\"tiny\"><path d=\"M18.2 9.3l-6.2-6.3-6.2 6.3c-.2.2-.3.4-.3.7s.1.5.3.7c.2.2.4.3.7.3h11c.3 0 .5-.1.7-.3.2-.2.3-.5.3-.7s-.1-.5-.3-.7zM5.8 14.7l6.2 6.3 6.2-6.3c.2-.2.3-.5.3-.7s-.1-.5-.3-.7c-.2-.2-.4-.3-.7-.3h-11c-.3 0-.5.1-.7.3-.2.2-.3.5-.3.7s.1.5.3.7z\"\/><\/svg><\/span><\/span><\/label><input type=\"checkbox\"  id=\"ez-toc-cssicon-toggle-item-69d4e09b233e0\" checked aria-label=\"Perjungti\" \/><nav><ul class='ez-toc-list ez-toc-list-level-1' ><li class='ez-toc-page-1 ez-toc-heading-level-2'><a class=\"ez-toc-link ez-toc-heading-1\" href=\"https:\/\/livecasinofinder.com\/lt\/disclaimer\/#Objective_of_LiveCasinoFindercom\" title=\"LiveCasinoFinder.com tikslas\">LiveCasinoFinder.com tikslas<\/a><\/li><li class='ez-toc-page-1 ez-toc-heading-level-2'><a class=\"ez-toc-link ez-toc-heading-2\" href=\"https:\/\/livecasinofinder.com\/lt\/disclaimer\/#Limitations_and_Liability\" title=\"Apribojimai ir atsakomyb\u0117\">Apribojimai ir atsakomyb\u0117<\/a><ul class='ez-toc-list-level-3' ><li class='ez-toc-heading-level-3'><a class=\"ez-toc-link ez-toc-heading-3\" href=\"https:\/\/livecasinofinder.com\/lt\/disclaimer\/#Validity_of_Information\" title=\"Informacijos pagr\u012fstumas\">Informacijos pagr\u012fstumas<\/a><\/li><li class='ez-toc-page-1 ez-toc-heading-level-3'><a class=\"ez-toc-link ez-toc-heading-4\" href=\"https:\/\/livecasinofinder.com\/lt\/disclaimer\/#User_Responsibilities\" title=\"Naudotojo pareigos\">Naudotojo pareigos<\/a><ul class='ez-toc-list-level-4' ><li class='ez-toc-heading-level-4'><a class=\"ez-toc-link ez-toc-heading-5\" href=\"https:\/\/livecasinofinder.com\/lt\/disclaimer\/#Age_Restrictions\" title=\"Am\u017eiaus apribojimai\">Am\u017eiaus apribojimai<\/a><\/li><li class='ez-toc-page-1 ez-toc-heading-level-4'><a class=\"ez-toc-link ez-toc-heading-6\" href=\"https:\/\/livecasinofinder.com\/lt\/disclaimer\/#Responsible_Gambling\" title=\"Atsakingi lo\u0161imai\">Atsakingi lo\u0161imai<\/a><\/li><\/ul><\/li><\/ul><\/li><li class='ez-toc-page-1 ez-toc-heading-level-2'><a class=\"ez-toc-link ez-toc-heading-7\" href=\"https:\/\/livecasinofinder.com\/lt\/disclaimer\/#Third-Party_Content_and_Links\" title=\"Tre\u010di\u0173j\u0173 \u0161ali\u0173 turinys ir nuorodos\">Tre\u010di\u0173j\u0173 \u0161ali\u0173 turinys ir nuorodos<\/a><ul class='ez-toc-list-level-3' ><li class='ez-toc-heading-level-3'><a class=\"ez-toc-link ez-toc-heading-8\" href=\"https:\/\/livecasinofinder.com\/lt\/disclaimer\/#External_Links\" title=\"I\u0161orin\u0117s nuorodos\">I\u0161orin\u0117s nuorodos<\/a><\/li><li class='ez-toc-page-1 ez-toc-heading-level-3'><a class=\"ez-toc-link ez-toc-heading-9\" href=\"https:\/\/livecasinofinder.com\/lt\/disclaimer\/#Affiliations_and_Partnerships\" title=\"Priklausomyb\u0117s ir partneryst\u0117\">Priklausomyb\u0117s ir partneryst\u0117<\/a><\/li><\/ul><\/li><li class='ez-toc-page-1 ez-toc-heading-level-2'><a class=\"ez-toc-link ez-toc-heading-10\" href=\"https:\/\/livecasinofinder.com\/lt\/disclaimer\/#Intellectual_Property\" title=\"Intelektin\u0117 nuosavyb\u0117\">Intelektin\u0117 nuosavyb\u0117<\/a><ul class='ez-toc-list-level-3' ><li class='ez-toc-heading-level-3'><a class=\"ez-toc-link ez-toc-heading-11\" href=\"https:\/\/livecasinofinder.com\/lt\/disclaimer\/#Copyrights\" title=\"Autori\u0173 teis\u0117s\">Autori\u0173 teis\u0117s<\/a><\/li><li class='ez-toc-page-1 ez-toc-heading-level-3'><a class=\"ez-toc-link ez-toc-heading-12\" href=\"https:\/\/livecasinofinder.com\/lt\/disclaimer\/#Use_of_Content\" title=\"Turinio naudojimas\">Turinio naudojimas<\/a><\/li><li class='ez-toc-page-1 ez-toc-heading-level-3'><a class=\"ez-toc-link ez-toc-heading-13\" href=\"https:\/\/livecasinofinder.com\/lt\/disclaimer\/#Indemnification\" title=\"\u017dalos atlyginimas\">\u017dalos atlyginimas<\/a><\/li><\/ul><\/li><li class='ez-toc-page-1 ez-toc-heading-level-2'><a class=\"ez-toc-link ez-toc-heading-14\" href=\"https:\/\/livecasinofinder.com\/lt\/disclaimer\/#Governing_Law_and_Jurisdiction\" title=\"Taikytina teis\u0117 ir jurisdikcija\">Taikytina teis\u0117 ir jurisdikcija<\/a><\/li><li class='ez-toc-page-1 ez-toc-heading-level-2'><a class=\"ez-toc-link ez-toc-heading-15\" href=\"https:\/\/livecasinofinder.com\/lt\/disclaimer\/#Updates_to_Disclaimer\" title=\"Atsakomyb\u0117s apribojimo atnaujinimai\">Atsakomyb\u0117s apribojimo atnaujinimai<\/a><\/li><li class='ez-toc-page-1 ez-toc-heading-level-2'><a class=\"ez-toc-link ez-toc-heading-16\" href=\"https:\/\/livecasinofinder.com\/lt\/disclaimer\/#Contact_Information\" title=\"Kontaktin\u0117 informacija\">Kontaktin\u0117 informacija<\/a><\/li><li class='ez-toc-page-1 ez-toc-heading-level-2'><a class=\"ez-toc-link ez-toc-heading-17\" href=\"https:\/\/livecasinofinder.com\/lt\/disclaimer\/#Conclusion\" title=\"I\u0161vada\">I\u0161vada<\/a><\/li><\/ul><\/nav><\/div>\n\n<h2><span class=\"ez-toc-section\" id=\"Objective_of_LiveCasinoFindercom\"><\/span>LiveCasinoFinder.com tikslas<span class=\"ez-toc-section-end\"><\/span><\/h2>\n<p>LiveCasinoFinder.com turi vien\u0105 tiksl\u0105:\u00a0<em>kad j\u016bs\u0173 lo\u0161im\u0173 internete kelion\u0117 b\u016bt\u0173 sklandesn\u0117 nei straight flush.<\/em>. Mes teikiame patikim\u0105 informacij\u0105, ekspert\u0173 \u012f\u017evalgas ir auk\u0161\u010diausio lygio strategijas. Ta\u010diau nepamir\u0161kite, kad mes esame Gandalfas j\u016bs\u0173 Frodui; galutin\u0119 u\u017eduot\u012f turite atlikti j\u016bs.<\/p>\n<h2><span class=\"ez-toc-section\" id=\"Limitations_and_Liability\"><\/span>Apribojimai ir atsakomyb\u0117<span class=\"ez-toc-section-end\"><\/span><\/h2>\n<p>Kaip ir dr\u0105sus pirat\u0173 nuotykis, \u010dia keliaujate savo rizika. Mes neatsakome u\u017e jokius nuostolius ar \u017eal\u0105. M\u016bs\u0173 lobi\u0173 \u017eem\u0117lapiai yra tik gidai, o rizikuoti galite patys.<\/p>\n<h3><span class=\"ez-toc-section\" id=\"Validity_of_Information\"><\/span>Informacijos pagr\u012fstumas<span class=\"ez-toc-section-end\"><\/span><\/h3>\n<p>\u012ed\u0117jome savo \u0161ird\u012f ir siel\u0105, kad pateiktume jums pa\u010di\u0105 tiksliausi\u0105 ir naujausi\u0105 informacij\u0105. Ta\u010diau, kaip ir pokeryje, kartais viskas nenusp\u0117jamai kei\u010diasi. Tod\u0117l negalime garantuoti, kad viskas, k\u0105 \u010dia rasite, visada bus \u0161vie\u017eia kaip ant delno.<\/p>\n<h3><span class=\"ez-toc-section\" id=\"User_Responsibilities\"><\/span>Naudotojo pareigos<span class=\"ez-toc-section-end\"><\/span><\/h3>\n<h4><span class=\"ez-toc-section\" id=\"Age_Restrictions\"><\/span>Am\u017eiaus apribojimai<span class=\"ez-toc-section-end\"><\/span><\/h4>\n<p>Ar esate pakankamai suaug\u0119s, kad gal\u0117tum\u0117te mesti kauliukus? Prie\u0161 \u017eengdami \u012f jaudinant\u012f LiveCasinoFinder.com pasaul\u012f, \u012fsitikinkite, kad esate pilnametis ir galite lo\u0161ti. Jei ne, metas dingti i\u0161 \u010dia!<\/p>\n<h4><span class=\"ez-toc-section\" id=\"Responsible_Gambling\"><\/span>Atsakingi lo\u0161imai<span class=\"ez-toc-section-end\"><\/span><\/h4>\n<p>Azartiniai lo\u0161imai tur\u0117t\u0173 b\u016bti tarsi gero vyno gurk\u0161nojimas - atliekami atsakingai. Visada nepamir\u0161kite i\u0161laikyti sveik\u0105 prot\u0105 ir niekada ne\u017eaiskite daugiau, nei galite sau leisti prarasti. Galvokite apie tai kaip apie draugi\u0161k\u0105 \u017eaidim\u0173 vakar\u0105; \u010dia at\u0117jote pasilinksminti, o ne i\u0161leisti savo santaupas!<\/p>\n<h2><span class=\"ez-toc-section\" id=\"Third-Party_Content_and_Links\"><\/span>Tre\u010di\u0173j\u0173 \u0161ali\u0173 turinys ir nuorodos<span class=\"ez-toc-section-end\"><\/span><\/h2>\n<h3><span class=\"ez-toc-section\" id=\"External_Links\"><\/span>I\u0161orin\u0117s nuorodos<span class=\"ez-toc-section-end\"><\/span><\/h3>\n<p><em>Ar kada nors nor\u0117jote tyrin\u0117ti naujas sritis?<\/em>\u00a0Pateikiame nuorodas \u012f tre\u010di\u0173j\u0173 \u0161ali\u0173 svetaines. Ta\u010diau elkit\u0117s atsargiai, jaunasis tyrin\u0117tojau. Mes neatsakome u\u017e drakonus ar turin\u012f, su kuriuo ten galite susidurti.<\/p>\n<h3><span class=\"ez-toc-section\" id=\"Affiliations_and_Partnerships\"><\/span>Priklausomyb\u0117s ir partneryst\u0117<span class=\"ez-toc-section-end\"><\/span><\/h3>\n<p>Did\u017eiuojam\u0117s, kad esame susij\u0119 su kai kuriais \u0161ios pramon\u0117s \u0161akos karali\u0161kaisiais atstovais. Ta\u010diau m\u016bs\u0173 s\u0105\u017einingumas i\u0161lieka nepaliestas, o m\u016bs\u0173 nuomon\u0117 nesikei\u010dia. Partneryst\u0117 nevaldo m\u016bs\u0173, mes valdome j\u0105!<\/p>\n<h2><span class=\"ez-toc-section\" id=\"Intellectual_Property\"><\/span>Intelektin\u0117 nuosavyb\u0117<span class=\"ez-toc-section-end\"><\/span><\/h2>\n<h3><span class=\"ez-toc-section\" id=\"Copyrights\"><\/span>Autori\u0173 teis\u0117s<span class=\"ez-toc-section-end\"><\/span><\/h3>\n<p>M\u016bs\u0173 turinys yra unikalus kaip vienaragis ir j\u012f saugo u\u017eburtas autori\u0173 teisi\u0173 \u012fstatym\u0173 skydas. Gerbkite \u0161i\u0105 srit\u012f, nesik\u0117sinkite \u012f m\u016bs\u0173 turin\u012f!<\/p>\n<h3><span class=\"ez-toc-section\" id=\"Use_of_Content\"><\/span>Turinio naudojimas<span class=\"ez-toc-section-end\"><\/span><\/h3>\n<p>Dr\u0105siai naudokit\u0117s m\u016bs\u0173 turiniu, bet nepamir\u0161kite nurodyti stebuklingo \u0161altinio - LiveCasinoFinder.com.\u00a0<em>Argi nesuteiktum\u0117te pagarbos burtininkui, kuris jums \u012fteik\u0117 lobio \u017eem\u0117lap\u012f?<\/em><\/p>\n<h3><span class=\"ez-toc-section\" id=\"Indemnification\"><\/span>\u017dalos atlyginimas<span class=\"ez-toc-section-end\"><\/span><\/h3>\n<p>Jei d\u0117l j\u016bs\u0173 veiksm\u0173 kyla teisini\u0173 problem\u0173, tai tas pats, kas eiti vienam; mes nepasidalysime kritimu. J\u016bs privalote atlyginti mums nuostolius d\u0117l bet koki\u0173 pretenzij\u0173, kylan\u010di\u0173 d\u0117l j\u016bs\u0173 naudojimosi m\u016bs\u0173 lobi\u0173 \u017eem\u0117lapiais.<\/p>\n<h2><span class=\"ez-toc-section\" id=\"Governing_Law_and_Jurisdiction\"><\/span>Taikytina teis\u0117 ir jurisdikcija<span class=\"ez-toc-section-end\"><\/span><\/h2>\n<p>\u012estatymai, kuriais vadovaujasi LiveCasinoFinder.com \u017eem\u0117, yra grie\u017eti ir privalomi. Bet kokie gin\u010dai sprend\u017eiami budriai stebint teisiniams ereliams, vadovaujantis \u0161alies \u012fstatymais.<\/p>\n<h2><span class=\"ez-toc-section\" id=\"Updates_to_Disclaimer\"><\/span>Atsakomyb\u0117s apribojimo atnaujinimai<span class=\"ez-toc-section-end\"><\/span><\/h2>\n<p>Galime atnaujinti \u0161i\u0105 i\u0161lyg\u0105 kaip laivas, kei\u010diantis kurs\u0105. Steb\u0117kite \u0161\u012f puslap\u012f, kad stay b\u016btum\u0117te informuoti.<\/p>\n<h2><span class=\"ez-toc-section\" id=\"Contact_Information\"><\/span>Kontaktin\u0117 informacija<span class=\"ez-toc-section-end\"><\/span><\/h2>\n<p>Jei norite susisiekti, atsi\u0173skite mums \u017einut\u0119 butelyje arba susisiekite su mumis per m\u016bs\u0173 svetain\u0119. Gr\u012f\u017etam\u0105j\u012f ry\u0161\u012f vertiname kaip piratas auks\u0105!<\/p>\n<h2><span class=\"ez-toc-section\" id=\"Conclusion\"><\/span>I\u0161vada<span class=\"ez-toc-section-end\"><\/span><\/h2>\n<p>Taigi, bi\u010diuliai nuotyki\u0173 ie\u0161kotojai, tai u\u017ebaigia oficial\u0173 LiveCasinoFinder.com atsakomyb\u0117s atsisakymo ritin\u012f. Atminkite, kad su didele galia (arba \u0161iuo atveju su informacija) ateina ir didel\u0117 atsakomyb\u0117. Naudokit\u0117s lobi\u0173 \u017eem\u0117lapiais i\u0161mintingai ir tegul j\u016bs\u0173 paie\u0161kos b\u016bna kupinos turt\u0173!<\/p>","protected":false},"excerpt":{"rendered":"<p>LiveCasinoFinder.com yra pagrindinis vadovas visiems lo\u0161imo entuziastams! Ar kada nors susid\u016br\u0117te su galvos\u016bkiu, kur\u012f live casino i\u0161bandyti? M\u016bs\u0173 svetain\u0117 veikia kaip \u0161vyturys, vedantis jus per mistifikuot\u0105 gyv\u0173 internetini\u0173 kazino pasaul\u012f. LiveCasinoFinder.com pad\u0117s jums rasti geriausius live casino, palyginti funkcijas ir net gauti kelet\u0105 sald\u017ei\u0173 super premij\u0173. Tikslas [...]<\/p>","protected":false},"author":1,"featured_media":0,"parent":0,"menu_order":0,"comment_status":"closed","ping_status":"closed","template":"page-no-sidebar.php","meta":{"_lmt_disableupdate":"no","_lmt_disable":"no","footnotes":""},"class_list":["post-2107","page","type-page","status-publish","hentry"],"yoast_head":"<!-- This site is optimized with the Yoast SEO plugin v26.4 - https:\/\/yoast.com\/wordpress\/plugins\/seo\/ -->\n<title>Disclaimer and Important Information<\/title>\n<meta name=\"description\" content=\"Read Live Casino Finder\u2019s disclaimer to understand our policies and ensure a clear and transparent experience when using our live casino guides and reviews.\" \/>\n<meta name=\"robots\" content=\"index, follow, max-snippet:-1, max-image-preview:large, max-video-preview:-1\" \/>\n<link rel=\"canonical\" href=\"https:\/\/livecasinofinder.com\/wp-json\/wp\/v2\/pages\/2107\/\" \/>\n<meta property=\"og:locale\" content=\"lt_LT\" \/>\n<meta property=\"og:type\" content=\"article\" \/>\n<meta property=\"og:title\" content=\"Disclaimer and Important Information\" \/>\n<meta property=\"og:description\" content=\"Read Live Casino Finder\u2019s disclaimer to understand our policies and ensure a clear and transparent experience when using our live casino guides and reviews.\" \/>\n<meta property=\"og:url\" content=\"https:\/\/livecasinofinder.com\/lt\/disclaimer\/\" \/>\n<meta property=\"og:site_name\" content=\"livecasinofinder.com\" \/>\n<meta property=\"article:modified_time\" content=\"2025-06-03T11:09:24+00:00\" \/>\n<meta property=\"og:image\" content=\"https:\/\/livecasinofinder.com\/wp-content\/uploads\/2023\/03\/lucasoilraceway-logo-1.png\" \/>\n\t<meta property=\"og:image:width\" content=\"427\" \/>\n\t<meta property=\"og:image:height\" content=\"145\" \/>\n\t<meta property=\"og:image:type\" content=\"image\/png\" \/>\n<meta name=\"twitter:card\" content=\"summary_large_image\" \/>\n<meta name=\"twitter:label1\" content=\"Est. reading time\" \/>\n\t<meta name=\"twitter:data1\" content=\"3 minut\u0117s\" \/>\n<!-- \/ Yoast SEO plugin. -->","yoast_head_json":{"title":"Disclaimer and Important Information","description":"Read Live Casino Finder\u2019s disclaimer to understand our policies and ensure a clear and transparent experience when using our live casino guides and reviews.","robots":{"index":"index","follow":"follow","max-snippet":"max-snippet:-1","max-image-preview":"max-image-preview:large","max-video-preview":"max-video-preview:-1"},"canonical":"https:\/\/livecasinofinder.com\/wp-json\/wp\/v2\/pages\/2107\/","og_locale":"lt_LT","og_type":"article","og_title":"Disclaimer and Important Information","og_description":"Read Live Casino Finder\u2019s disclaimer to understand our policies and ensure a clear and transparent experience when using our live casino guides and reviews.","og_url":"https:\/\/livecasinofinder.com\/lt\/disclaimer\/","og_site_name":"livecasinofinder.com","article_modified_time":"2025-06-03T11:09:24+00:00","og_image":[{"width":427,"height":145,"url":"https:\/\/livecasinofinder.com\/wp-content\/uploads\/2023\/03\/lucasoilraceway-logo-1.png","type":"image\/png"}],"twitter_card":"summary_large_image","twitter_misc":{"Est. reading time":"3 minut\u0117s"},"schema":{"@context":"https:\/\/schema.org","@graph":[{"@type":"WebPage","@id":"https:\/\/livecasinofinder.com\/disclaimer\/","url":"https:\/\/livecasinofinder.com\/disclaimer\/","name":"Disclaimer and Important Information","isPartOf":{"@id":"https:\/\/livecasinofinder.com\/ja\/#website"},"datePublished":"2023-06-20T14:36:44+00:00","dateModified":"2025-06-03T11:09:24+00:00","description":"Read Live Casino Finder\u2019s disclaimer to understand our policies and ensure a clear and transparent experience when using our live casino guides and reviews.","breadcrumb":{"@id":"https:\/\/livecasinofinder.com\/disclaimer\/#breadcrumb"},"inLanguage":"lt-LT","potentialAction":[{"@type":"ReadAction","target":["https:\/\/livecasinofinder.com\/disclaimer\/"]}]},{"@type":"BreadcrumbList","@id":"https:\/\/livecasinofinder.com\/disclaimer\/#breadcrumb","itemListElement":[{"@type":"ListItem","position":1,"name":"LiveCasinoFinder.com","item":"https:\/\/livecasinofinder.com\/fr\/"},{"@type":"ListItem","position":2,"name":"Disclaimer"}]},{"@type":"WebSite","@id":"https:\/\/livecasinofinder.com\/ja\/#website","url":"https:\/\/livecasinofinder.com\/ja\/","name":"Livecasinofinder","description":"","publisher":{"@id":"https:\/\/livecasinofinder.com\/ja\/#organization"},"alternateName":"Lucas oil raceway live casino","potentialAction":[{"@type":"SearchAction","target":{"@type":"EntryPoint","urlTemplate":"https:\/\/livecasinofinder.com\/ja\/?s={search_term_string}"},"query-input":{"@type":"PropertyValueSpecification","valueRequired":true,"valueName":"search_term_string"}}],"inLanguage":"lt-LT"},{"@type":"Organization","@id":"https:\/\/livecasinofinder.com\/ja\/#organization","name":"Live Casino ie\u0161kiklis","alternateName":"Lucas oil raceway live casino","url":"https:\/\/livecasinofinder.com\/ja\/","logo":{"@type":"ImageObject","inLanguage":"lt-LT","@id":"https:\/\/livecasinofinder.com\/ja\/#\/schema\/logo\/image\/","url":"https:\/\/livecasinofinder.com\/wp-content\/uploads\/2023\/04\/livecasinofinder-logo.png","contentUrl":"https:\/\/livecasinofinder.com\/wp-content\/uploads\/2023\/04\/livecasinofinder-logo.png","width":1600,"height":453,"caption":"Live Casino Finder"},"image":{"@id":"https:\/\/livecasinofinder.com\/ja\/#\/schema\/logo\/image\/"}}]}},"_links":{"self":[{"href":"https:\/\/livecasinofinder.com\/lt\/wp-json\/wp\/v2\/pages\/2107","targetHints":{"allow":["GET"]}}],"collection":[{"href":"https:\/\/livecasinofinder.com\/lt\/wp-json\/wp\/v2\/pages"}],"about":[{"href":"https:\/\/livecasinofinder.com\/lt\/wp-json\/wp\/v2\/types\/page"}],"author":[{"embeddable":true,"href":"https:\/\/livecasinofinder.com\/lt\/wp-json\/wp\/v2\/users\/1"}],"replies":[{"embeddable":true,"href":"https:\/\/livecasinofinder.com\/lt\/wp-json\/wp\/v2\/comments?post=2107"}],"version-history":[{"count":0,"href":"https:\/\/livecasinofinder.com\/lt\/wp-json\/wp\/v2\/pages\/2107\/revisions"}],"wp:attachment":[{"href":"https:\/\/livecasinofinder.com\/lt\/wp-json\/wp\/v2\/media?parent=2107"}],"curies":[{"name":"wp","href":"https:\/\/api.w.org\/{rel}","templated":true}]}}