{"id":2105,"date":"2023-06-20T14:36:13","date_gmt":"2023-06-20T14:36:13","guid":{"rendered":"https:\/\/livecasinofinder.com\/?page_id=2105"},"modified":"2025-06-03T11:10:21","modified_gmt":"2025-06-03T11:10:21","slug":"cookie-policy","status":"publish","type":"page","link":"https:\/\/livecasinofinder.com\/lt\/cookie-policy\/","title":{"rendered":"Slapuk\u0173 politika"},"content":{"rendered":"<p>Sveiki atvyk\u0119 \u012f <a href=\"\/lt\/\">Live Casino ie\u0161kiklis<\/a>, j\u016bs\u0173 galutin\u0117 paskirties vieta visiems live casino \u017eaidimams! Esame pasiry\u017e\u0119 suteikti jums svaiginan\u010di\u0105 ir jaudinan\u010di\u0105 internetini\u0173 lo\u0161im\u0173 patirt\u012f kaip niekas kitas. Prad\u0117dami \u0161i\u0105 jaudinan\u010di\u0105 kelion\u0119 kartu suether, norime nu\u0161viesti savo i\u0161sami\u0105 slapuk\u0173 politik\u0105. M\u016bs\u0173 \u012fsipareigojimas u\u017etikrinti skaidrum\u0105, privatum\u0105 ir i\u0161skirtin\u0119 naudotoj\u0173 patirt\u012f yra svarbiausias visame, k\u0105 darome.<\/p>\n<div id=\"ez-toc-container\" class=\"ez-toc-v2_0_63 counter-hierarchy ez-toc-counter ez-toc-grey ez-toc-container-direction\">\n<label for=\"ez-toc-cssicon-toggle-item-69d3d036d97aa\" class=\"ez-toc-cssicon-toggle-label\"><span class=\"ez-toc-cssicon\"><span class=\"eztoc-hide\" style=\"display:none;\">Perjungti<\/span><span class=\"ez-toc-icon-toggle-span\"><svg style=\"fill: #999;color:#999\" xmlns=\"http:\/\/www.w3.org\/2000\/svg\" class=\"list-377408\" width=\"20px\" height=\"20px\" viewbox=\"0 0 24 24\" fill=\"none\"><path d=\"M6 6H4v2h2V6zm14 0H8v2h12V6zM4 11h2v2H4v-2zm16 0H8v2h12v-2zM4 16h2v2H4v-2zm16 0H8v2h12v-2z\" fill=\"currentColor\"><\/path><\/svg><svg style=\"fill: #999;color:#999\" class=\"arrow-unsorted-368013\" xmlns=\"http:\/\/www.w3.org\/2000\/svg\" width=\"10px\" height=\"10px\" viewbox=\"0 0 24 24\" version=\"1.2\" baseprofile=\"tiny\"><path d=\"M18.2 9.3l-6.2-6.3-6.2 6.3c-.2.2-.3.4-.3.7s.1.5.3.7c.2.2.4.3.7.3h11c.3 0 .5-.1.7-.3.2-.2.3-.5.3-.7s-.1-.5-.3-.7zM5.8 14.7l6.2 6.3 6.2-6.3c.2-.2.3-.5.3-.7s-.1-.5-.3-.7c-.2-.2-.4-.3-.7-.3h-11c-.3 0-.5.1-.7.3-.2.2-.3.5-.3.7s.1.5.3.7z\"\/><\/svg><\/span><\/span><\/label><input type=\"checkbox\"  id=\"ez-toc-cssicon-toggle-item-69d3d036d97aa\" checked aria-label=\"Perjungti\" \/><nav><ul class='ez-toc-list ez-toc-list-level-1' ><li class='ez-toc-page-1 ez-toc-heading-level-2'><a class=\"ez-toc-link ez-toc-heading-1\" href=\"https:\/\/livecasinofinder.com\/lt\/cookie-policy\/#Live_Casino_Finder_Comprehensive_Cookie_Policy\" title=\"Live Casino Finder I\u0161sami slapuk\u0173 politika\">Live Casino Finder I\u0161sami slapuk\u0173 politika<\/a><\/li><li class='ez-toc-page-1 ez-toc-heading-level-2'><a class=\"ez-toc-link ez-toc-heading-2\" href=\"https:\/\/livecasinofinder.com\/lt\/cookie-policy\/#Exploring_the_Concept_of_Cookies\" title=\"Slapuk\u0173 s\u0105vokos nagrin\u0117jimas\">Slapuk\u0173 s\u0105vokos nagrin\u0117jimas<\/a><\/li><li class='ez-toc-page-1 ez-toc-heading-level-2'><a class=\"ez-toc-link ez-toc-heading-3\" href=\"https:\/\/livecasinofinder.com\/lt\/cookie-policy\/#Our_Application_of_Cookies\" title=\"M\u016bs\u0173 slapuk\u0173 taikymas\">M\u016bs\u0173 slapuk\u0173 taikymas<\/a><\/li><li class='ez-toc-page-1 ez-toc-heading-level-2'><a class=\"ez-toc-link ez-toc-heading-4\" href=\"https:\/\/livecasinofinder.com\/lt\/cookie-policy\/#Categories_of_Cookies_We_Use\" title=\"M\u016bs\u0173 naudojam\u0173 slapuk\u0173 kategorijos\">M\u016bs\u0173 naudojam\u0173 slapuk\u0173 kategorijos<\/a><\/li><li class='ez-toc-page-1 ez-toc-heading-level-2'><a class=\"ez-toc-link ez-toc-heading-5\" href=\"https:\/\/livecasinofinder.com\/lt\/cookie-policy\/#Managing_Your_Cookie_Preferences\" title=\"Slapuk\u0173 nuostat\u0173 tvarkymas\">Slapuk\u0173 nuostat\u0173 tvarkymas<\/a><\/li><\/ul><\/nav><\/div>\n\n<h2><span class=\"ez-toc-section\" id=\"Live_Casino_Finder_Comprehensive_Cookie_Policy\"><\/span>Live Casino Finder I\u0161sami slapuk\u0173 politika<span class=\"ez-toc-section-end\"><\/span><\/h2>\n<p>\"Live Casino Finder\" teikiame pirmenyb\u0119 j\u016bs\u0173 privatumui ir kartu si\u016blome asmenin\u0119 ir skland\u017ei\u0105 nar\u0161ymo patirt\u012f. M\u016bs\u0173 i\u0161sami slapuk\u0173 politika sukurta taip, kad b\u016bt\u0173 ai\u0161ki ir u\u017etikrinta, jog j\u016bs\u0173 privatumas i\u0161liks apsaugotas jums tyrin\u0117jant \u017eav\u0173 live casino \u017eaidim\u0173 pasaul\u012f.<\/p>\n<h2><span class=\"ez-toc-section\" id=\"Exploring_the_Concept_of_Cookies\"><\/span>Slapuk\u0173 s\u0105vokos nagrin\u0117jimas<span class=\"ez-toc-section-end\"><\/span><\/h2>\n<p>Slapukai - tai nedideli tekstiniai failai, siun\u010diami \u012f j\u016bs\u0173 \u012frengin\u012f, kai lankot\u0117s m\u016bs\u0173 svetain\u0117je. \u0160ie skaitmeniniai stebuklai atlieka svarb\u0173 vaidmen\u012f optimizuojant j\u016bs\u0173 laik\u0105, praleist\u0105 su mumis. Slapukai leid\u017eia mums jus atpa\u017einti ir \u012fsiminti, tod\u0117l kelion\u0117 tampa sklandi ir asmeni\u0161kai pritaikyta pagal j\u016bs\u0173 pageidavimus. \"Live Casino Finder\" naudojame slapuk\u0173 gali\u0105, kad j\u016bs\u0173 patirtis b\u016bt\u0173 malonesn\u0117, efektyvesn\u0117 ir interaktyvesn\u0117.<\/p>\n<h2><span class=\"ez-toc-section\" id=\"Our_Application_of_Cookies\"><\/span>M\u016bs\u0173 slapuk\u0173 taikymas<span class=\"ez-toc-section-end\"><\/span><\/h2>\n<p>Naudojame slapukus, kad j\u016bs\u0173 live casino \u017eaidim\u0173 nuotykiai pasiekt\u0173 nauj\u0173 auk\u0161tum\u0173. \u0160ie galingi \u012frankiai padeda mums u\u017etikrinti individualiai pritaikyt\u0105 ir \u012f naudotoj\u0105 orientuot\u0105 patirt\u012f. Naudodami slapukus galime \u012fsiminti j\u016bs\u0173 nuostatas ir u\u017etikrinti, kad kiekvienas apsilankymas b\u016bt\u0173 tarsi individualus kvietimas \u012f \u012fsp\u016bd\u017ei\u0173 pasaul\u012f. Whethik suasmenindami j\u016bs\u0173 \u017eaidim\u0173 rekomendacijas, \u012fsimindami j\u016bs\u0173 pageidaujamus nustatymus ar teikdami jums i\u0161skirtines akcijas, slapukai suteikia mums galimyb\u0119 sukurti nepamir\u0161tam\u0105 patirt\u012f tik jums.<\/p>\n<h2><span class=\"ez-toc-section\" id=\"Categories_of_Cookies_We_Use\"><\/span>M\u016bs\u0173 naudojam\u0173 slapuk\u0173 kategorijos<span class=\"ez-toc-section-end\"><\/span><\/h2>\n<ol>\n<li>B\u016btini slapukai: \u0160ie slapukai yra b\u016btini pagrindiniam m\u016bs\u0173 svetain\u0117s veikimui. Jie \u012fgalina tokias svarbias funkcijas kaip saugus prisijungimas, paskyros valdymas ir skland\u016bs sandoriai, u\u017etikrindami, kad j\u016bs\u0173 \u017eaidim\u0173 patirtis i\u0161likt\u0173 sklandi ir nepertraukiama.<\/li>\n<li>Veiklos slapukai: Siekiame, kad Live Casino Finder pasi\u016blyt\u0173 jums geriausi\u0105 live casino \u017eaidim\u0173 patirt\u012f. Veikimo slapukai leid\u017eia mums rinkti informacij\u0105 apie tai, kaip nar\u0161ote m\u016bs\u0173 svetain\u0117je, tod\u0117l galime analizuoti ir optimizuoti m\u016bs\u0173 platformos veikim\u0105. Nuolat tobulindami savo paslaugas, u\u017etikriname, kad j\u016bs\u0173 \u017eaidim\u0173 patirtis b\u016bt\u0173 greita, patikima ir i\u0161skirtin\u0117.<\/li>\n<li>Funkciniai slapukai: M\u016bs\u0173 \u012fsipareigojimas personalizuoti atsispindi naudojant funkcinius slapukus. \u0160ie slapukai leid\u017eia mums \u012fsiminti j\u016bs\u0173 pageidavimus ir sukurti tik jums pritaikyt\u0105 ir \u012ftraukian\u010di\u0105 \u017eaidim\u0173 aplink\u0105. Funkcionalumo slapukai - nuo j\u016bs\u0173 kalbos nuostat\u0173 \u012fsiminimo iki atitinkam\u0173 \u017eaidimo parink\u010di\u0173 si\u016blymo - padaro j\u016bs\u0173 live casino \u017eaidim\u0173 nuotyk\u012f nepamir\u0161tam\u0105.<\/li>\n<\/ol>\n<h2><span class=\"ez-toc-section\" id=\"Managing_Your_Cookie_Preferences\"><\/span>Slapuk\u0173 nuostat\u0173 tvarkymas<span class=\"ez-toc-section-end\"><\/span><\/h2>\n<p>Manome, kad tur\u0117tum\u0117te tur\u0117ti galimyb\u0119 kontroliuoti savo privatum\u0105 ir nar\u0161ymo patirt\u012f. \"Live Casino Finder\" suteikia jums paprastas galimybes valdyti slapuk\u0173 nuostatas pagal savo pageidavimus. Nustatymus galite koreguoti nar\u0161ykl\u0117je, pasirinkdami priimti arba atmesti slapukus. Ta\u010diau atkreipkite d\u0117mes\u012f, kad slapuk\u0173 i\u0161jungimas gali apriboti tam tikras m\u016bs\u0173 svetain\u0117s funkcijas ir ypatybes. Mes siekiame rasti puiki\u0105 pusiausvyr\u0105 tarp personalizavimo ir privatumo, u\u017etikrindami, kad j\u016bs\u0173 kelion\u0117 su \"Live Casino Finder\" b\u016bt\u0173 saugi, sklandi ir pritaikyta j\u016bs\u0173 norams.<\/p>\n<p>Apibendrinant galima pasakyti, kad Live Casino Finder i\u0161sami slapuk\u0173 politika rodo m\u016bs\u0173 nepalau\u017eiam\u0105 \u012fsipareigojim\u0105 u\u017etikrinti skaidrum\u0105, privatum\u0105 ir nepaprast\u0105 live casino \u017eaidim\u0173 patirt\u012f. Pasitelkdami slapuk\u0173 gali\u0105, siekiame sukurti individualizuot\u0105 ir \u012ftraukian\u010di\u0105 kelion\u0119, pritaikyt\u0105 j\u016bs\u0173 pageidavimams. Prisijunkite prie m\u016bs\u0173 tyrin\u0117dami u\u017eburiant\u012f live casino \u017eaidim\u0173 pasaul\u012f, \u017einodami, kad j\u016bs\u0173 privatumas yra gerbiamas, patirtis optimizuojama, o j\u016bs\u0173 pasitenkinimas yra m\u016bs\u0173 svarbiausias prioritetas. Sveiki atvyk\u0119 \u012f \"Live Casino Finder\", kur j\u016bs\u0173 laukia jaudinantis gyv\u0173 \u017eaidim\u0173 azartas!<\/p>","protected":false},"excerpt":{"rendered":"<p>Sveiki atvyk\u0119 \u012f Live Casino Finder, j\u016bs\u0173 galutin\u0119 viet\u0105, kur rasite visk\u0105, kas susij\u0119 su live casino \u017eaidimais! M\u016bs\u0173 tikslas - suteikti jums svaiginan\u010di\u0105 ir jaudinan\u010di\u0105 azartini\u0173 lo\u0161im\u0173 internete patirt\u012f, kokios dar n\u0117ra buv\u0119. Prad\u0117dami \u0161i\u0105 jaudinan\u010di\u0105 kelion\u0119 suether, norime paai\u0161kinti savo i\u0161sami\u0105 slapuk\u0173 politik\u0105. M\u016bs\u0173 \u012fsipareigojimas u\u017etikrinti skaidrum\u0105, privatum\u0105 ir [...]<\/p>","protected":false},"author":1,"featured_media":0,"parent":0,"menu_order":0,"comment_status":"closed","ping_status":"closed","template":"page-no-sidebar.php","meta":{"_lmt_disableupdate":"no","_lmt_disable":"no","footnotes":""},"class_list":["post-2105","page","type-page","status-publish","hentry"],"yoast_head":"<!-- This site is optimized with the Yoast SEO plugin v26.4 - https:\/\/yoast.com\/wordpress\/plugins\/seo\/ -->\n<title>Cookie Policy and Data Use<\/title>\n<meta name=\"description\" content=\"Understand how Live Casino Finder uses cookies to improve your experience and provide relevant content while protecting your privacy and data security.\" \/>\n<meta name=\"robots\" content=\"index, follow, max-snippet:-1, max-image-preview:large, max-video-preview:-1\" \/>\n<link rel=\"canonical\" href=\"https:\/\/livecasinofinder.com\/wp-json\/wp\/v2\/pages\/2105\/\" \/>\n<meta property=\"og:locale\" content=\"lt_LT\" \/>\n<meta property=\"og:type\" content=\"article\" \/>\n<meta property=\"og:title\" content=\"Cookie Policy and Data Use\" \/>\n<meta property=\"og:description\" content=\"Understand how Live Casino Finder uses cookies to improve your experience and provide relevant content while protecting your privacy and data security.\" \/>\n<meta property=\"og:url\" content=\"https:\/\/livecasinofinder.com\/lt\/cookie-policy\/\" \/>\n<meta property=\"og:site_name\" content=\"livecasinofinder.com\" \/>\n<meta property=\"article:modified_time\" content=\"2025-06-03T11:10:21+00:00\" \/>\n<meta property=\"og:image\" content=\"https:\/\/livecasinofinder.com\/wp-content\/uploads\/2023\/03\/lucasoilraceway-logo-1.png\" \/>\n\t<meta property=\"og:image:width\" content=\"427\" \/>\n\t<meta property=\"og:image:height\" content=\"145\" \/>\n\t<meta property=\"og:image:type\" content=\"image\/png\" \/>\n<meta name=\"twitter:card\" content=\"summary_large_image\" \/>\n<meta name=\"twitter:label1\" content=\"Est. reading time\" \/>\n\t<meta name=\"twitter:data1\" content=\"3 minut\u0117s\" \/>\n<!-- \/ Yoast SEO plugin. -->","yoast_head_json":{"title":"Cookie Policy and Data Use","description":"Understand how Live Casino Finder uses cookies to improve your experience and provide relevant content while protecting your privacy and data security.","robots":{"index":"index","follow":"follow","max-snippet":"max-snippet:-1","max-image-preview":"max-image-preview:large","max-video-preview":"max-video-preview:-1"},"canonical":"https:\/\/livecasinofinder.com\/wp-json\/wp\/v2\/pages\/2105\/","og_locale":"lt_LT","og_type":"article","og_title":"Cookie Policy and Data Use","og_description":"Understand how Live Casino Finder uses cookies to improve your experience and provide relevant content while protecting your privacy and data security.","og_url":"https:\/\/livecasinofinder.com\/lt\/cookie-policy\/","og_site_name":"livecasinofinder.com","article_modified_time":"2025-06-03T11:10:21+00:00","og_image":[{"width":427,"height":145,"url":"https:\/\/livecasinofinder.com\/wp-content\/uploads\/2023\/03\/lucasoilraceway-logo-1.png","type":"image\/png"}],"twitter_card":"summary_large_image","twitter_misc":{"Est. reading time":"3 minut\u0117s"},"schema":{"@context":"https:\/\/schema.org","@graph":[{"@type":"WebPage","@id":"https:\/\/livecasinofinder.com\/cookie-policy\/","url":"https:\/\/livecasinofinder.com\/cookie-policy\/","name":"Cookie Policy and Data Use","isPartOf":{"@id":"https:\/\/livecasinofinder.com\/ja\/#website"},"datePublished":"2023-06-20T14:36:13+00:00","dateModified":"2025-06-03T11:10:21+00:00","description":"Understand how Live Casino Finder uses cookies to improve your experience and provide relevant content while protecting your privacy and data security.","breadcrumb":{"@id":"https:\/\/livecasinofinder.com\/cookie-policy\/#breadcrumb"},"inLanguage":"lt-LT","potentialAction":[{"@type":"ReadAction","target":["https:\/\/livecasinofinder.com\/cookie-policy\/"]}]},{"@type":"BreadcrumbList","@id":"https:\/\/livecasinofinder.com\/cookie-policy\/#breadcrumb","itemListElement":[{"@type":"ListItem","position":1,"name":"LiveCasinoFinder.com","item":"https:\/\/livecasinofinder.com\/fr\/"},{"@type":"ListItem","position":2,"name":"Cookie Policy"}]},{"@type":"WebSite","@id":"https:\/\/livecasinofinder.com\/ja\/#website","url":"https:\/\/livecasinofinder.com\/ja\/","name":"Livecasinofinder","description":"","publisher":{"@id":"https:\/\/livecasinofinder.com\/ja\/#organization"},"alternateName":"Lucas oil raceway live casino","potentialAction":[{"@type":"SearchAction","target":{"@type":"EntryPoint","urlTemplate":"https:\/\/livecasinofinder.com\/ja\/?s={search_term_string}"},"query-input":{"@type":"PropertyValueSpecification","valueRequired":true,"valueName":"search_term_string"}}],"inLanguage":"lt-LT"},{"@type":"Organization","@id":"https:\/\/livecasinofinder.com\/ja\/#organization","name":"Live Casino ie\u0161kiklis","alternateName":"Lucas oil raceway live casino","url":"https:\/\/livecasinofinder.com\/ja\/","logo":{"@type":"ImageObject","inLanguage":"lt-LT","@id":"https:\/\/livecasinofinder.com\/ja\/#\/schema\/logo\/image\/","url":"https:\/\/livecasinofinder.com\/wp-content\/uploads\/2023\/04\/livecasinofinder-logo.png","contentUrl":"https:\/\/livecasinofinder.com\/wp-content\/uploads\/2023\/04\/livecasinofinder-logo.png","width":1600,"height":453,"caption":"Live Casino Finder"},"image":{"@id":"https:\/\/livecasinofinder.com\/ja\/#\/schema\/logo\/image\/"}}]}},"_links":{"self":[{"href":"https:\/\/livecasinofinder.com\/lt\/wp-json\/wp\/v2\/pages\/2105","targetHints":{"allow":["GET"]}}],"collection":[{"href":"https:\/\/livecasinofinder.com\/lt\/wp-json\/wp\/v2\/pages"}],"about":[{"href":"https:\/\/livecasinofinder.com\/lt\/wp-json\/wp\/v2\/types\/page"}],"author":[{"embeddable":true,"href":"https:\/\/livecasinofinder.com\/lt\/wp-json\/wp\/v2\/users\/1"}],"replies":[{"embeddable":true,"href":"https:\/\/livecasinofinder.com\/lt\/wp-json\/wp\/v2\/comments?post=2105"}],"version-history":[{"count":0,"href":"https:\/\/livecasinofinder.com\/lt\/wp-json\/wp\/v2\/pages\/2105\/revisions"}],"wp:attachment":[{"href":"https:\/\/livecasinofinder.com\/lt\/wp-json\/wp\/v2\/media?parent=2105"}],"curies":[{"name":"wp","href":"https:\/\/api.w.org\/{rel}","templated":true}]}}