{"id":2115,"date":"2023-06-20T14:24:32","date_gmt":"2023-06-20T14:24:32","guid":{"rendered":"https:\/\/livecasinofinder.com\/?page_id=2115"},"modified":"2025-06-03T11:12:27","modified_gmt":"2025-06-03T11:12:27","slug":"gambling-addiction","status":"publish","type":"page","link":"https:\/\/livecasinofinder.com\/it\/gambling-addiction\/","title":{"rendered":"Dipendenza dal gioco d'azzardo"},"content":{"rendered":"<p>A <a href=\"\/it\/\">LiveCasinoFinder.com<\/a>Il nostro obiettivo \u00e8 quello di dare priorit\u00e0 al benessere dei nostri utenti e ci impegniamo a promuovere il gioco d'azzardo responsabile. Questa pagina ha lo scopo di fornire informazioni preziose sulla dipendenza dal gioco d'azzardo, sui suoi segnali e sul supporto disponibile. Il nostro obiettivo \u00e8 quello di garantire a tutti un'esperienza di gioco sicura e divertente.<\/p>\n<div id=\"ez-toc-container\" class=\"ez-toc-v2_0_63 counter-hierarchy ez-toc-counter ez-toc-grey ez-toc-container-direction\">\n<label for=\"ez-toc-cssicon-toggle-item-69e4816721f80\" class=\"ez-toc-cssicon-toggle-label\"><span class=\"ez-toc-cssicon\"><span class=\"eztoc-hide\" style=\"display:none;\">Toggle<\/span><span class=\"ez-toc-icon-toggle-span\"><svg style=\"fill: #999;color:#999\" xmlns=\"http:\/\/www.w3.org\/2000\/svg\" class=\"list-377408\" width=\"20px\" height=\"20px\" viewbox=\"0 0 24 24\" fill=\"none\"><path d=\"M6 6H4v2h2V6zm14 0H8v2h12V6zM4 11h2v2H4v-2zm16 0H8v2h12v-2zM4 16h2v2H4v-2zm16 0H8v2h12v-2z\" fill=\"currentColor\"><\/path><\/svg><svg style=\"fill: #999;color:#999\" class=\"arrow-unsorted-368013\" xmlns=\"http:\/\/www.w3.org\/2000\/svg\" width=\"10px\" height=\"10px\" viewbox=\"0 0 24 24\" version=\"1.2\" baseprofile=\"tiny\"><path d=\"M18.2 9.3l-6.2-6.3-6.2 6.3c-.2.2-.3.4-.3.7s.1.5.3.7c.2.2.4.3.7.3h11c.3 0 .5-.1.7-.3.2-.2.3-.5.3-.7s-.1-.5-.3-.7zM5.8 14.7l6.2 6.3 6.2-6.3c.2-.2.3-.5.3-.7s-.1-.5-.3-.7c-.2-.2-.4-.3-.7-.3h-11c-.3 0-.5.1-.7.3-.2.2-.3.5-.3.7s.1.5.3.7z\"\/><\/svg><\/span><\/span><\/label><input type=\"checkbox\"  id=\"ez-toc-cssicon-toggle-item-69e4816721f80\" checked aria-label=\"Toggle\" \/><nav><ul class='ez-toc-list ez-toc-list-level-1' ><li class='ez-toc-page-1 ez-toc-heading-level-2'><a class=\"ez-toc-link ez-toc-heading-1\" href=\"https:\/\/livecasinofinder.com\/it\/gambling-addiction\/#Gambling_Addiction\" title=\"Dipendenza dal gioco d&#039;azzardo\">Dipendenza dal gioco d'azzardo<\/a><\/li><li class='ez-toc-page-1 ez-toc-heading-level-2'><a class=\"ez-toc-link ez-toc-heading-2\" href=\"https:\/\/livecasinofinder.com\/it\/gambling-addiction\/#How_to_Understand_That_You_Need_Help_From_Gambling_Addiction\" title=\"Come capire che si ha bisogno di aiuto per la dipendenza dal gioco d&#039;azzardo?\">Come capire che si ha bisogno di aiuto per la dipendenza dal gioco d'azzardo?<\/a><\/li><li class='ez-toc-page-1 ez-toc-heading-level-2'><a class=\"ez-toc-link ez-toc-heading-3\" href=\"https:\/\/livecasinofinder.com\/it\/gambling-addiction\/#Gambling_Addiction_Help_Worldwide\" title=\"Aiuto per la dipendenza dal gioco d&#039;azzardo in tutto il mondo\">Aiuto per la dipendenza dal gioco d'azzardo in tutto il mondo<\/a><\/li><li class='ez-toc-page-1 ez-toc-heading-level-2'><a class=\"ez-toc-link ez-toc-heading-4\" href=\"https:\/\/livecasinofinder.com\/it\/gambling-addiction\/#Gambling_Addiction_Resources\" title=\"Risorse per la dipendenza dal gioco d&#039;azzardo\">Risorse per la dipendenza dal gioco d'azzardo<\/a><ul class='ez-toc-list-level-3' ><li class='ez-toc-heading-level-3'><a class=\"ez-toc-link ez-toc-heading-5\" href=\"https:\/\/livecasinofinder.com\/it\/gambling-addiction\/#National_Problem_Gambling_Helpline_Network\" title=\"National Rete di assistenza per i problemi di gioco d&#039;azzardo\">National Rete di assistenza per i problemi di gioco d'azzardo<\/a><\/li><li class='ez-toc-page-1 ez-toc-heading-level-3'><a class=\"ez-toc-link ez-toc-heading-6\" href=\"https:\/\/livecasinofinder.com\/it\/gambling-addiction\/#Gamblers_Anonymous\" title=\"Giocatori Anonimi\">Giocatori Anonimi<\/a><\/li><li class='ez-toc-page-1 ez-toc-heading-level-3'><a class=\"ez-toc-link ez-toc-heading-7\" href=\"https:\/\/livecasinofinder.com\/it\/gambling-addiction\/#GamCare\" title=\"GamCare\">GamCare<\/a><\/li><li class='ez-toc-page-1 ez-toc-heading-level-3'><a class=\"ez-toc-link ez-toc-heading-8\" href=\"https:\/\/livecasinofinder.com\/it\/gambling-addiction\/#Substance_Abuse_and_Mental_Health_Services_Administration_SAMHSA\" title=\"Amministrazione dei servizi per l&#039;abuso di sostanze e la salute mentale (SAMHSA)\">Amministrazione dei servizi per l'abuso di sostanze e la salute mentale (SAMHSA)<\/a><\/li><li class='ez-toc-page-1 ez-toc-heading-level-3'><a class=\"ez-toc-link ez-toc-heading-9\" href=\"https:\/\/livecasinofinder.com\/it\/gambling-addiction\/#The_National_Council_on_Problem_Gambling\" title=\"Il Consiglio National sul gioco d&#039;azzardo problematico\">Il Consiglio National sul gioco d'azzardo problematico<\/a><\/li><\/ul><\/li><li class='ez-toc-page-1 ez-toc-heading-level-2'><a class=\"ez-toc-link ez-toc-heading-10\" href=\"https:\/\/livecasinofinder.com\/it\/gambling-addiction\/#Conclusion\" title=\"Live Casin\u00f2 online che accettano bonifico bancario - Conclusione\">Live Casin\u00f2 online che accettano bonifico bancario - Conclusione<\/a><\/li><\/ul><\/nav><\/div>\n\n<h2><span class=\"ez-toc-section\" id=\"Gambling_Addiction\"><\/span>Dipendenza dal gioco d'azzardo<span class=\"ez-toc-section-end\"><\/span><\/h2>\n<p>La dipendenza da gioco d'azzardo \u00e8 una condizione grave che colpisce individui in tutto il mondo. Si riferisce all'impulso compulsivo di giocare d'azzardo nonostante le conseguenze negative. Riconoscere i segnali della dipendenza da gioco d'azzardo \u00e8 fondamentale per intervenire tempestivamente e cercare aiuto. Ecco alcuni indicatori comuni di dipendenza dal gioco d'azzardo:<\/p>\n<ul>\n<li>Preoccupazione per il gioco d'azzardo: Pensare costantemente al gioco d'azzardo, pianificare la prossima sessione o ricordare le vincite o le perdite passate.<\/li>\n<li>Perdita di controllo: Incapacit\u00e0 di controllare o interrompere il gioco d'azzardo, anche quando si cerca di farlo.<\/li>\n<li>Aumento dell'importo della scommessa: Necessit\u00e0 di scommettere pi\u00f9 denaro per ottenere lo stesso livello di eccitazione o soddisfazione.<\/li>\n<li>Trascurare le responsabilit\u00e0: Dare priorit\u00e0 al gioco d'azzardo rispetto al lavoro, alla famiglia, alle relazioni e ad altri obblighi importanti.<\/li>\n<li>Inseguire le perdite: Gioco d'azzardo continuo nel tentativo di recuperare le perdite precedenti, con conseguente aggravamento dei problemi finanziari.<\/li>\n<li>Ritiro dalle attivit\u00e0 sociali: Ritiro da eventi sociali, hobby o altre attivit\u00e0 per dedicare pi\u00f9 tempo al gioco d'azzardo.<\/li>\n<li>Difficolt\u00e0 finanziarie: Accumulare debiti significativi, chiedere prestiti o subire un'instabilit\u00e0 finanziaria dovuta a perdite di gioco.<\/li>\n<li>Sbalzi d'umore: Sperimentare alti o bassi estremi in base ai risultati del gioco d'azzardo, con conseguente irritabilit\u00e0, ansia o depressione.<\/li>\n<li>Segretezza e inganno: Nascondere l'entit\u00e0 delle attivit\u00e0 di gioco o assumere un comportamento ingannevole.<\/li>\n<li>Tentativi falliti di smettere: Tentativi ripetuti e infruttuosi di ridurre o abbandonare il gioco d'azzardo.<\/li>\n<li>Perdita di interesse: Perdita di interesse per hobby o attivit\u00e0 precedentemente apprezzate che non coinvolgono il gioco d'azzardo.<\/li>\n<li>Fuga attraverso il gioco d'azzardo: Usare il gioco d'azzardo per sfuggire allo stress, alla depressione o ad altre difficolt\u00e0 emotive.<\/li>\n<li>Prendere in prestito o rubare denaro: Ricorrere al prestito di denaro da altri o impegnarsi in attivit\u00e0 illegali per finanziare le abitudini di gioco.<\/li>\n<li>Tensione relazionale: Conflitti, relazioni tese o separazioni a causa di problemi legati al gioco d'azzardo.<\/li>\n<li>Disagio fisico ed emotivo: Sperimentare sintomi fisici come insonnia, mal di testa o ansia legati al gioco d'azzardo.<\/li>\n<\/ul>\n<p>Capire quando voi o qualcuno che conoscete ha bisogno di aiuto per la dipendenza dal gioco d'azzardo \u00e8 fondamentale per la guarigione e la ricerca di supporto.<\/p>\n<h2><span class=\"ez-toc-section\" id=\"How_to_Understand_That_You_Need_Help_From_Gambling_Addiction\"><\/span>Come capire che si ha bisogno di aiuto per la dipendenza dal gioco d'azzardo?<span class=\"ez-toc-section-end\"><\/span><\/h2>\n<p>Riconoscere la necessit\u00e0 di aiuto \u00e8 il primo passo per superare la dipendenza dal gioco d'azzardo. Ecco alcuni indicatori che suggeriscono che potreste aver bisogno di assistenza:<\/p>\n<ol>\n<li>Perdita di controllo: \u00c8 difficile controllare o interrompere il proprio comportamento di gioco d'azzardo, anche quando si vuole smettere.<\/li>\n<li>Conseguenze negative: Il gioco d'azzardo ha causato problemi finanziari, personali o emotivi significativi nella vostra vita.<\/li>\n<li>Tentativi falliti di smettere: Nonostante i ripetuti sforzi, non siete riusciti a ridurre o eliminare le vostre abitudini di gioco.<\/li>\n<li>Sintomi di astinenza: Irrequietezza, irritabilit\u00e0 o sbalzi d'umore quando si cerca di ridurre o smettere di giocare.<\/li>\n<li>Preoccupazione per il gioco d'azzardo: I pensieri sul gioco d'azzardo consumano una quantit\u00e0 significativa di tempo, influenzando le attivit\u00e0 quotidiane, le relazioni e il benessere generale.<\/li>\n<li>Inganno e segretezza: Comportamento ingannevole, come nascondere ai propri cari la portata delle proprie attivit\u00e0 di gioco.<\/li>\n<li>Instabilit\u00e0 finanziaria: Affrontare difficolt\u00e0 finanziarie, accumulare debiti o ricorrere a misure disperate per finanziare le proprie abitudini di gioco.<\/li>\n<\/ol>\n<p>Se si riscontrano questi segnali, \u00e8 fondamentale cercare aiuto e supporto da parte di professionisti e reti di sostegno specializzati nel trattamento della dipendenza da gioco d'azzardo.<\/p>\n<p>Noi di LiveCasinoFinder.com ci dedichiamo al gioco d'azzardo responsabile e forniamo risorse agli individui che devono affrontare la dipendenza dal gioco d'azzardo. Crediamo nella promozione di un ambiente di gioco sicuro e divertente.<\/p>\n<h2><span class=\"ez-toc-section\" id=\"Gambling_Addiction_Help_Worldwide\"><\/span>Aiuto per la dipendenza dal gioco d'azzardo in tutto il mondo<span class=\"ez-toc-section-end\"><\/span><\/h2>\n<table>\n<tbody>\n<tr>\n<td>GamCare<\/td>\n<td><a href=\"http:\/\/www.gamcare.org.uk\/\">http:\/\/www.gamcare.org.uk\/<\/a><\/td>\n<td>0808 8020 133<\/td>\n<td>Regno Unito<\/td>\n<\/tr>\n<tr>\n<td>Giocatori Anonimi<\/td>\n<td><a href=\"https:\/\/www.gamblersanonymous.org\/ga\/\">www.gamblersanonymous.org\/ga\/<\/a><\/td>\n<td>&#8211;<\/td>\n<td>Regno Unito<\/td>\n<\/tr>\n<tr>\n<td>Siate consapevoli del gioco d'azzardo<\/td>\n<td><a href=\"https:\/\/www.begambleaware.org\/\">www.begambleaware.org<\/a><\/td>\n<td>0808 8020 133<\/td>\n<td>Regno Unito<\/td>\n<\/tr>\n<tr>\n<td>Gioca-Responsabile<\/td>\n<td><a href=\"https:\/\/www.gioca-responsabile.it\/\">www.gioca-responsabile.it<\/a><\/td>\n<td>800 151 000<\/td>\n<td>Italia<\/td>\n<\/tr>\n<tr>\n<td>Societ\u00e0 Italiana di Intervento sulle Patologie Compulsive<\/td>\n<td><a href=\"https:\/\/www.siipac.it\/\">www.siipac.it<\/a><\/td>\n<td>800 031 579<\/td>\n<td>Italia<\/td>\n<\/tr>\n<tr>\n<td>Numero verde nazionale TVNGA<\/td>\n<td>dal luned\u00ec al venerd\u00ec dalle ore 10.00 alle ore 16.00<\/td>\n<td>800 558 822<\/td>\n<td>Italia<\/td>\n<\/tr>\n<tr>\n<td>Associazione Giocatori Anonimi<\/td>\n<td><a href=\"https:\/\/lnx.giocatorianonimi.org\/\">www.giocatorianonimi.org<\/a><\/td>\n<td>338-1271215<\/td>\n<td>Italia<\/td>\n<\/tr>\n<tr>\n<td>Giocatori anonimo in Brasile<\/td>\n<td><a href=\"https:\/\/jogadoresanonimos.com.br\/\">jogadoresanonimos.com.br<\/a><\/td>\n<td>Contato SP: (11) 3229-1023<\/p>\n<p>Contato RJ: (21) 25164672<\/td>\n<td>Brasile<\/td>\n<\/tr>\n<tr>\n<td>Protezione per il pilota<\/td>\n<td><a href=\"https:\/\/www.srij.turismodeportugal.pt\/pt\/jogo-responsavel\/protecao-legal-ao-jogador\">www.srij.turismodeportugal.pt<\/a><\/td>\n<td>Servi\u00e7o de Regula\u00e7\u00e3o e Inspe\u00e7\u00e3o de Jogos, Org\u00e3o do Turismo de Portugal.<\/p>\n<p>Numero di telefono di Linha Vida: 1414<\/p>\n<p>1414@sicad.min-saude.pt<\/p>\n<p>L'accesso telefonico \u00e8 attivo tutti i giorni, dalle 10 alle 18.<\/td>\n<td>Brasile<\/td>\n<\/tr>\n<tr>\n<td>Giocatori Anonimi<\/td>\n<td><a href=\"https:\/\/www.jugadoresanonimos.org\/\">www.jugadoresanonimos.org<\/a><\/td>\n<td>670 691 513<\/td>\n<td>LATAM<\/td>\n<\/tr>\n<tr>\n<td>Juego Responsable - Argentina<\/td>\n<td><a href=\"https:\/\/juegoresponsable.com.ar\/\">juegoresponsable.com.ar<\/a><\/td>\n<td>LATAM<\/td>\n<\/tr>\n<tr>\n<td>GamCare<\/td>\n<td><a href=\"https:\/\/www.gamcare.org.uk\/\">www.gamcare.org.uk<\/a><\/td>\n<td>0808 8020 133<\/td>\n<td>Giappone<\/td>\n<\/tr>\n<tr>\n<td>Siate consapevoli del gioco d'azzardo<\/td>\n<td><a href=\"https:\/\/www.begambleaware.org\/\">www.begambleaware.org<\/a><\/td>\n<td>0808 8020 133<\/td>\n<td>Giappone<\/td>\n<\/tr>\n<tr>\n<td>St\u00f6dlinjen.se<\/td>\n<td><a href=\"https:\/\/stodlinjen.se\/\">www.stodlinjen.se<\/a><\/td>\n<td>020-81 91 00<\/td>\n<td>Giappone<\/td>\n<\/tr>\n<\/tbody>\n<\/table>\n<h2><span class=\"ez-toc-section\" id=\"Gambling_Addiction_Resources\"><\/span><span style=\"font-size: 16px;\">Risorse per la dipendenza dal gioco d'azzardo<\/span><span class=\"ez-toc-section-end\"><\/span><\/h2>\n<p>La dipendenza dal gioco d'azzardo \u00e8 un problema serio che colpisce gli individui e le loro famiglie in tutto il mondo. La natura distruttiva di questa dipendenza pu\u00f2 portare alla rovina finanziaria, a relazioni tese e a disagi emotivi. Riconoscere il problema e cercare aiuto \u00e8 fondamentale per coloro che sono intrappolati nel ciclo della dipendenza dal gioco d'azzardo. Fortunatamente, esistono diverse risorse disponibili per fornire supporto e assistenza a chi ne ha bisogno. Questo articolo esplorer\u00e0 alcune delle principali risorse per la dipendenza da gioco d'azzardo che offrono aiuto, orientamento e un percorso di recupero.<\/p>\n<p>Cercare aiuto per la dipendenza da gioco d'azzardo \u00e8 essenziale per gli individui che vogliono riprendere il controllo della propria vita e superare questo comportamento distruttivo. Questo articolo si propone di fornire informazioni preziose sulle varie risorse disponibili per sostenere i giocatori problematici e i loro cari.<\/p>\n<h3><span class=\"ez-toc-section\" id=\"National_Problem_Gambling_Helpline_Network\"><\/span>National Rete di assistenza per i problemi di gioco d'azzardo<span class=\"ez-toc-section-end\"><\/span><\/h3>\n<p>La linea telefonica National Problem Gambling Helpline Network, accessibile al numero 800-522-4700, \u00e8 una risorsa fondamentale per i giocatori problematici e le loro famiglie negli Stati Uniti. Questa linea telefonica \u00e8 gestita dall'National Council on Problem Gambling (NCPG), un'organizzazione senza scopo di lucro che si occupa di assistere le persone affette da dipendenza da gioco d'azzardo.<\/p>\n<p>La linea telefonica fornisce informazioni, supporto e rimandi a risorse locali specializzate nel trattamento del gioco d'azzardo problematico. Professionisti qualificati sono a disposizione per offrire assistenza e orientamento riservati a chi chiama. Se le persone cercano consulenza, programmi di trattamento o altri servizi di supporto, la linea telefonica pu\u00f2 metterle in contatto con le risorse appropriate nella loro zona.<\/p>\n<h3><span class=\"ez-toc-section\" id=\"Gamblers_Anonymous\"><\/span>Giocatori Anonimi<span class=\"ez-toc-section-end\"><\/span><\/h3>\n<p>I Giocatori Anonimi (GA) sono una comunit\u00e0 globale di persone che hanno lottato contro la dipendenza dal gioco d'azzardo e che sono impegnate nel loro recupero. Fondata nel 1957, Gamblers Anonymous si \u00e8 sviluppata in una vasta rete di gruppi locali in diversi Paesi, fornendo un ambiente di supporto a chi cerca aiuto (http:\/\/www.gamblersanonymous.org\/ga\/).<\/p>\n<p>Per diventare un membro dei Giocatori Anonimi, l'unico requisito \u00e8 il desiderio di smettere di giocare. I membri partecipano a un programma in 12 fasi basato sui principi del recupero. Attraverso la condivisione di esperienze personali, gli individui ottengono sostegno, incoraggiamento e preziose intuizioni da altri che hanno affrontato sfide simili. Il sodalizio offre anche gruppi di sostegno separati per i propri cari (Gam-Anon) e per i figli di giocatori problematici (Gam-A-Teen), riconoscendo l'impatto della dipendenza dal gioco d'azzardo sull'intera famiglia.<\/p>\n<h3><span class=\"ez-toc-section\" id=\"GamCare\"><\/span>GamCare<span class=\"ez-toc-section-end\"><\/span><\/h3>\n<p>GamCare \u00e8 un ente di beneficenza finanziato dall'industria che opera nel Regno Unito e che offre servizi di consulenza e supporto confidenziali alle persone affette da problemi di gioco. L'organizzazione si impegna a fornire un'assistenza non giudicante ai giocatori d'azzardo, alle loro famiglie e a coloro che sono a rischio di sviluppare una dipendenza da gioco.<\/p>\n<p>GamCare offre una serie di servizi, tra cui assistenza telefonica, consulenza faccia a faccia e supporto via chat online. La linea telefonica (0808 8020 133) (http:\/\/www.gamcare.org.uk\/) \u00e8 disponibile 24 ore su 24, 7 giorni su 7, e offre uno spazio sicuro per discutere delle proprie preoccupazioni e cercare una guida. L'organizzazione lavora anche a stretto contatto con i fornitori di trattamenti, assicurando che le persone possano accedere all'aiuto di cui hanno bisogno.<\/p>\n<h3><span class=\"ez-toc-section\" id=\"Substance_Abuse_and_Mental_Health_Services_Administration_SAMHSA\"><\/span>Amministrazione dei servizi per l'abuso di sostanze e la salute mentale (SAMHSA)<span class=\"ez-toc-section-end\"><\/span><\/h3>\n<p>La Substance Abuse and Mental Health Services Administration (SAMHSA) \u00e8 un'agenzia di salute pubblica del Dipartimento della Salute e dei Servizi Umani degli Stati Uniti. La SAMHSA gestisce una linea telefonica National gratuita, confidenziale e disponibile 24 ore su 24, 7 giorni su 7, tutto l'anno, per fornire informazioni e riferimenti terapeutici per vari disturbi della salute mentale, tra cui la dipendenza dal gioco d'azzardo.<\/p>\n<p>Il numero verde National (1-800-662-4357) (<a href=\"https:\/\/www.samhsa.gov\/find-help\/national-helpline\/\" target=\"_new\" rel=\"noopener\">https:\/\/www.samhsa.gov\/find-help\/national-helpline\/<\/a>) \u00e8 una risorsa preziosa per le persone e le loro famiglie che cercano assistenza per la dipendenza dal gioco d'azzardo. Professionisti qualificati offrono supporto, informazioni e riferimenti terapeutici sia in inglese che in spagnolo. La linea telefonica assicura che le persone possano accedere all'aiuto di cui hanno bisogno, indipendentemente dalla loro posizione o dalle circostanze.<\/p>\n<h3><span class=\"ez-toc-section\" id=\"The_National_Council_on_Problem_Gambling\"><\/span>Il Consiglio National sul gioco d'azzardo problematico<span class=\"ez-toc-section-end\"><\/span><\/h3>\n<p>L'National Council on Problem Gambling (NCPG) \u00e8 un'organizzazione indipendente che si dedica alla difesa delle persone e delle famiglie colpite dal gioco d'azzardo problematico. Il NCPG non \u00e8 affiliato all'industria del gioco d'azzardo e pu\u00f2 quindi fornire informazioni, risorse e servizi di supporto imparziali.<\/p>\n<p>Il sito web dell'NCPG \u00e8 una fonte completa di informazioni sul gioco d'azzardo problematico.(<a href=\"http:\/\/www.ncpgambling.org\">http:\/\/www.ncpgambling.org<\/a>) Offre risorse preziose per comprendere la dipendenza dal gioco d'azzardo, identificare i segnali e trovare un trattamento adeguato. Il sito fornisce anche un elenco di consulenti qualificati in tutti gli Stati Uniti, specializzati nell'affrontare i problemi legati al gioco d'azzardo compulsivo.<\/p>\n<h2><span class=\"ez-toc-section\" id=\"Conclusion\"><\/span>Live Casin\u00f2 online che accettano bonifico bancario - Conclusione<span class=\"ez-toc-section-end\"><\/span><\/h2>\n<p>La dipendenza dal gioco d'azzardo \u00e8 un problema serio che pu\u00f2 avere ripercussioni significative sulla vita delle persone. Riconoscere i segni della dipendenza da gioco d'azzardo e capire quando cercare aiuto \u00e8 fondamentale per superare questa sfida. Noi di LiveCasinoFinder.com diamo priorit\u00e0 al benessere dei nostri utenti e incoraggiamo pratiche di gioco responsabili.<\/p>\n<p>Noi di LiveCasinoFinder.com ci impegniamo a promuovere il gioco d'azzardo responsabile e a garantire un ambiente di gioco sicuro. Vi incoraggiamo a sfruttare le risorse e il supporto disponibili per superare la dipendenza dal gioco d'azzardo e divertirvi in modo responsabile.<\/p>","protected":false},"excerpt":{"rendered":"<p>Noi di LiveCasinoFinder.com diamo priorit\u00e0 al benessere dei nostri utenti e ci impegniamo a promuovere il gioco d'azzardo responsabile. Questa pagina ha lo scopo di fornire informazioni preziose sulla dipendenza dal gioco d'azzardo, sui suoi segnali e sul supporto disponibile. Il nostro obiettivo \u00e8 garantire a tutti un'esperienza di gioco sicura e divertente. Dipendenza da gioco d'azzardo La dipendenza da gioco d'azzardo \u00e8 una condizione grave che colpisce gli individui [...]<\/p>","protected":false},"author":1,"featured_media":0,"parent":0,"menu_order":0,"comment_status":"closed","ping_status":"closed","template":"page-no-sidebar.php","meta":{"_lmt_disableupdate":"no","_lmt_disable":"no","footnotes":""},"class_list":["post-2115","page","type-page","status-publish","hentry"],"yoast_head":"<!-- This site is optimized with the Yoast SEO plugin v26.4 - https:\/\/yoast.com\/wordpress\/plugins\/seo\/ -->\n<title>Support for Gambling Addiction<\/title>\n<meta name=\"description\" content=\"Find helpful resources and advice on managing gambling addiction with Live Casino Finder to stay in control and make safer choices while playing.\" \/>\n<meta name=\"robots\" content=\"index, follow, max-snippet:-1, max-image-preview:large, max-video-preview:-1\" \/>\n<link rel=\"canonical\" href=\"https:\/\/livecasinofinder.com\/wp-json\/wp\/v2\/pages\/2115\/\" \/>\n<meta property=\"og:locale\" content=\"it_IT\" \/>\n<meta property=\"og:type\" content=\"article\" \/>\n<meta property=\"og:title\" content=\"Support for Gambling Addiction\" \/>\n<meta property=\"og:description\" content=\"Find helpful resources and advice on managing gambling addiction with Live Casino Finder to stay in control and make safer choices while playing.\" \/>\n<meta property=\"og:url\" content=\"https:\/\/livecasinofinder.com\/it\/gambling-addiction\/\" \/>\n<meta property=\"og:site_name\" content=\"livecasinofinder.com\" \/>\n<meta property=\"article:modified_time\" content=\"2025-06-03T11:12:27+00:00\" \/>\n<meta property=\"og:image\" content=\"https:\/\/livecasinofinder.com\/wp-content\/uploads\/2023\/03\/lucasoilraceway-logo-1.png\" \/>\n\t<meta property=\"og:image:width\" content=\"427\" \/>\n\t<meta property=\"og:image:height\" content=\"145\" \/>\n\t<meta property=\"og:image:type\" content=\"image\/png\" \/>\n<meta name=\"twitter:card\" content=\"summary_large_image\" \/>\n<meta name=\"twitter:label1\" content=\"Tempo di lettura stimato\" \/>\n\t<meta name=\"twitter:data1\" content=\"7 minuti\" \/>\n<!-- \/ Yoast SEO plugin. -->","yoast_head_json":{"title":"Support for Gambling Addiction","description":"Find helpful resources and advice on managing gambling addiction with Live Casino Finder to stay in control and make safer choices while playing.","robots":{"index":"index","follow":"follow","max-snippet":"max-snippet:-1","max-image-preview":"max-image-preview:large","max-video-preview":"max-video-preview:-1"},"canonical":"https:\/\/livecasinofinder.com\/wp-json\/wp\/v2\/pages\/2115\/","og_locale":"it_IT","og_type":"article","og_title":"Support for Gambling Addiction","og_description":"Find helpful resources and advice on managing gambling addiction with Live Casino Finder to stay in control and make safer choices while playing.","og_url":"https:\/\/livecasinofinder.com\/it\/gambling-addiction\/","og_site_name":"livecasinofinder.com","article_modified_time":"2025-06-03T11:12:27+00:00","og_image":[{"width":427,"height":145,"url":"https:\/\/livecasinofinder.com\/wp-content\/uploads\/2023\/03\/lucasoilraceway-logo-1.png","type":"image\/png"}],"twitter_card":"summary_large_image","twitter_misc":{"Tempo di lettura stimato":"7 minuti"},"schema":{"@context":"https:\/\/schema.org","@graph":[{"@type":"WebPage","@id":"https:\/\/livecasinofinder.com\/gambling-addiction\/","url":"https:\/\/livecasinofinder.com\/gambling-addiction\/","name":"Support for Gambling Addiction","isPartOf":{"@id":"https:\/\/livecasinofinder.com\/ja\/#website"},"datePublished":"2023-06-20T14:24:32+00:00","dateModified":"2025-06-03T11:12:27+00:00","description":"Find helpful resources and advice on managing gambling addiction with Live Casino Finder to stay in control and make safer choices while playing.","breadcrumb":{"@id":"https:\/\/livecasinofinder.com\/gambling-addiction\/#breadcrumb"},"inLanguage":"it-IT","potentialAction":[{"@type":"ReadAction","target":["https:\/\/livecasinofinder.com\/gambling-addiction\/"]}]},{"@type":"BreadcrumbList","@id":"https:\/\/livecasinofinder.com\/gambling-addiction\/#breadcrumb","itemListElement":[{"@type":"ListItem","position":1,"name":"LiveCasinoFinder.com","item":"https:\/\/livecasinofinder.com\/fr\/"},{"@type":"ListItem","position":2,"name":"Gambling Addiction"}]},{"@type":"WebSite","@id":"https:\/\/livecasinofinder.com\/ja\/#website","url":"https:\/\/livecasinofinder.com\/ja\/","name":"livecasinofinder","description":"","publisher":{"@id":"https:\/\/livecasinofinder.com\/ja\/#organization"},"alternateName":"Lucas oil raceway live casino","potentialAction":[{"@type":"SearchAction","target":{"@type":"EntryPoint","urlTemplate":"https:\/\/livecasinofinder.com\/ja\/?s={search_term_string}"},"query-input":{"@type":"PropertyValueSpecification","valueRequired":true,"valueName":"search_term_string"}}],"inLanguage":"it-IT"},{"@type":"Organization","@id":"https:\/\/livecasinofinder.com\/ja\/#organization","name":"Trova casin\u00f2 dal vivo","alternateName":"Lucas oil raceway live casino","url":"https:\/\/livecasinofinder.com\/ja\/","logo":{"@type":"ImageObject","inLanguage":"it-IT","@id":"https:\/\/livecasinofinder.com\/ja\/#\/schema\/logo\/image\/","url":"https:\/\/livecasinofinder.com\/wp-content\/uploads\/2023\/04\/livecasinofinder-logo.png","contentUrl":"https:\/\/livecasinofinder.com\/wp-content\/uploads\/2023\/04\/livecasinofinder-logo.png","width":1600,"height":453,"caption":"Live Casino Finder"},"image":{"@id":"https:\/\/livecasinofinder.com\/ja\/#\/schema\/logo\/image\/"}}]}},"_links":{"self":[{"href":"https:\/\/livecasinofinder.com\/it\/wp-json\/wp\/v2\/pages\/2115","targetHints":{"allow":["GET"]}}],"collection":[{"href":"https:\/\/livecasinofinder.com\/it\/wp-json\/wp\/v2\/pages"}],"about":[{"href":"https:\/\/livecasinofinder.com\/it\/wp-json\/wp\/v2\/types\/page"}],"author":[{"embeddable":true,"href":"https:\/\/livecasinofinder.com\/it\/wp-json\/wp\/v2\/users\/1"}],"replies":[{"embeddable":true,"href":"https:\/\/livecasinofinder.com\/it\/wp-json\/wp\/v2\/comments?post=2115"}],"version-history":[{"count":0,"href":"https:\/\/livecasinofinder.com\/it\/wp-json\/wp\/v2\/pages\/2115\/revisions"}],"wp:attachment":[{"href":"https:\/\/livecasinofinder.com\/it\/wp-json\/wp\/v2\/media?parent=2115"}],"curies":[{"name":"wp","href":"https:\/\/api.w.org\/{rel}","templated":true}]}}