{"id":2113,"date":"2023-06-20T14:28:59","date_gmt":"2023-06-20T14:28:59","guid":{"rendered":"https:\/\/livecasinofinder.com\/?page_id=2113"},"modified":"2025-06-03T11:11:51","modified_gmt":"2025-06-03T11:11:51","slug":"terms-and-conditions","status":"publish","type":"page","link":"https:\/\/livecasinofinder.com\/it\/terms-and-conditions\/","title":{"rendered":"Termini e condizioni"},"content":{"rendered":"<p>Benvenuti su LiveCasinoFinder.com. I seguenti termini e condizioni regolano l'uso del sito web di LiveCasinoFinder.com. <a href=\"\/it\/\">Sito web di LiveCasinoFinder.com<\/a>. Prima di utilizzare i nostri servizi, \u00e8 indispensabile leggere e comprendere i presenti Termini e condizioni.<\/p>\n<div id=\"ez-toc-container\" class=\"ez-toc-v2_0_63 counter-hierarchy ez-toc-counter ez-toc-grey ez-toc-container-direction\">\n<label for=\"ez-toc-cssicon-toggle-item-69e47d6a01bbc\" class=\"ez-toc-cssicon-toggle-label\"><span class=\"ez-toc-cssicon\"><span class=\"eztoc-hide\" style=\"display:none;\">Toggle<\/span><span class=\"ez-toc-icon-toggle-span\"><svg style=\"fill: #999;color:#999\" xmlns=\"http:\/\/www.w3.org\/2000\/svg\" class=\"list-377408\" width=\"20px\" height=\"20px\" viewbox=\"0 0 24 24\" fill=\"none\"><path d=\"M6 6H4v2h2V6zm14 0H8v2h12V6zM4 11h2v2H4v-2zm16 0H8v2h12v-2zM4 16h2v2H4v-2zm16 0H8v2h12v-2z\" fill=\"currentColor\"><\/path><\/svg><svg style=\"fill: #999;color:#999\" class=\"arrow-unsorted-368013\" xmlns=\"http:\/\/www.w3.org\/2000\/svg\" width=\"10px\" height=\"10px\" viewbox=\"0 0 24 24\" version=\"1.2\" baseprofile=\"tiny\"><path d=\"M18.2 9.3l-6.2-6.3-6.2 6.3c-.2.2-.3.4-.3.7s.1.5.3.7c.2.2.4.3.7.3h11c.3 0 .5-.1.7-.3.2-.2.3-.5.3-.7s-.1-.5-.3-.7zM5.8 14.7l6.2 6.3 6.2-6.3c.2-.2.3-.5.3-.7s-.1-.5-.3-.7c-.2-.2-.4-.3-.7-.3h-11c-.3 0-.5.1-.7.3-.2.2-.3.5-.3.7s.1.5.3.7z\"\/><\/svg><\/span><\/span><\/label><input type=\"checkbox\"  id=\"ez-toc-cssicon-toggle-item-69e47d6a01bbc\" checked aria-label=\"Toggle\" \/><nav><ul class='ez-toc-list ez-toc-list-level-1' ><li class='ez-toc-page-1 ez-toc-heading-level-2'><a class=\"ez-toc-link ez-toc-heading-1\" href=\"https:\/\/livecasinofinder.com\/it\/terms-and-conditions\/#Purpose_of_the_Terms_and_Conditions_and_Information\" title=\"Scopo dei Termini e condizioni e delle informazioni\">Scopo dei Termini e condizioni e delle informazioni<\/a><\/li><li class='ez-toc-page-1 ez-toc-heading-level-2'><a class=\"ez-toc-link ez-toc-heading-2\" href=\"https:\/\/livecasinofinder.com\/it\/terms-and-conditions\/#Disclaimer_and_Legal_Advice\" title=\"Esclusione di responsabilit\u00e0 e consulenza legale\">Esclusione di responsabilit\u00e0 e consulenza legale<\/a><\/li><li class='ez-toc-page-1 ez-toc-heading-level-2'><a class=\"ez-toc-link ez-toc-heading-3\" href=\"https:\/\/livecasinofinder.com\/it\/terms-and-conditions\/#LiveCasinoFindercom_as_an_Independent_Gambling_Directory_and_Information_Service\" title=\"LiveCasinoFinder.com \u00e8 una directory e un servizio di informazione indipendente sul gioco d&#039;azzardo.\">LiveCasinoFinder.com \u00e8 una directory e un servizio di informazione indipendente sul gioco d'azzardo.<\/a><\/li><li class='ez-toc-page-1 ez-toc-heading-level-2'><a class=\"ez-toc-link ez-toc-heading-4\" href=\"https:\/\/livecasinofinder.com\/it\/terms-and-conditions\/#Accuracy_of_Information\" title=\"Accuratezza delle informazioni\">Accuratezza delle informazioni<\/a><\/li><li class='ez-toc-page-1 ez-toc-heading-level-2'><a class=\"ez-toc-link ez-toc-heading-5\" href=\"https:\/\/livecasinofinder.com\/it\/terms-and-conditions\/#User_Responsibility_for_Legality_of_Games_and_Wagers\" title=\"Responsabilit\u00e0 dell&#039;utente per la legalit\u00e0 dei giochi e delle scommesse\">Responsabilit\u00e0 dell'utente per la legalit\u00e0 dei giochi e delle scommesse<\/a><\/li><li class='ez-toc-page-1 ez-toc-heading-level-2'><a class=\"ez-toc-link ez-toc-heading-6\" href=\"https:\/\/livecasinofinder.com\/it\/terms-and-conditions\/#Limitation_of_Liability\" title=\"Limitazione di responsabilit\u00e0\">Limitazione di responsabilit\u00e0<\/a><\/li><li class='ez-toc-page-1 ez-toc-heading-level-2'><a class=\"ez-toc-link ez-toc-heading-7\" href=\"https:\/\/livecasinofinder.com\/it\/terms-and-conditions\/#Modification_of_Information_and_Future_Obligations\" title=\"Modifica delle informazioni e degli obblighi futuri\">Modifica delle informazioni e degli obblighi futuri<\/a><\/li><li class='ez-toc-page-1 ez-toc-heading-level-2'><a class=\"ez-toc-link ez-toc-heading-8\" href=\"https:\/\/livecasinofinder.com\/it\/terms-and-conditions\/#Trademarks_and_Copyrights\" title=\"Marchi e copyright\">Marchi e copyright<\/a><\/li><li class='ez-toc-page-1 ez-toc-heading-level-2'><a class=\"ez-toc-link ez-toc-heading-9\" href=\"https:\/\/livecasinofinder.com\/it\/terms-and-conditions\/#Copying_and_Transmission_Restrictions\" title=\"Limitazioni alla copia e alla trasmissione\">Limitazioni alla copia e alla trasmissione<\/a><\/li><li class='ez-toc-page-1 ez-toc-heading-level-2'><a class=\"ez-toc-link ez-toc-heading-10\" href=\"https:\/\/livecasinofinder.com\/it\/terms-and-conditions\/#Intellectual_Property_Rights\" title=\"Diritti di propriet\u00e0 intellettuale\">Diritti di propriet\u00e0 intellettuale<\/a><\/li><li class='ez-toc-page-1 ez-toc-heading-level-2'><a class=\"ez-toc-link ez-toc-heading-11\" href=\"https:\/\/livecasinofinder.com\/it\/terms-and-conditions\/#Information_Accuracy_and_Reporting\" title=\"Accuratezza delle informazioni e reportistica\">Accuratezza delle informazioni e reportistica<\/a><\/li><li class='ez-toc-page-1 ez-toc-heading-level-2'><a class=\"ez-toc-link ez-toc-heading-12\" href=\"https:\/\/livecasinofinder.com\/it\/terms-and-conditions\/#Content_Removal_and_Discretion_of_livecasinofindercom\" title=\"Rimozione dei contenuti e discrezione di livecasinofinder.com\">Rimozione dei contenuti e discrezione di livecasinofinder.com<\/a><\/li><li class='ez-toc-page-1 ez-toc-heading-level-2'><a class=\"ez-toc-link ez-toc-heading-13\" href=\"https:\/\/livecasinofinder.com\/it\/terms-and-conditions\/#Live_Casino_Finder_Complaints_Service\" title=\"Servizio reclami di Live Casino Finder\">Servizio reclami di Live Casino Finder<\/a><\/li><li class='ez-toc-page-1 ez-toc-heading-level-2'><a class=\"ez-toc-link ez-toc-heading-14\" href=\"https:\/\/livecasinofinder.com\/it\/terms-and-conditions\/#Terms_and_Conditions_of_LiveCasinoFindercom\" title=\"Termini e condizioni di LiveCasinoFinder.com\">Termini e condizioni di LiveCasinoFinder.com<\/a><\/li><li class='ez-toc-page-1 ez-toc-heading-level-2'><a class=\"ez-toc-link ez-toc-heading-15\" href=\"https:\/\/livecasinofinder.com\/it\/terms-and-conditions\/#Conclusion\" title=\"Live Casin\u00f2 online che accettano bonifico bancario - Conclusione\">Live Casin\u00f2 online che accettano bonifico bancario - Conclusione<\/a><\/li><\/ul><\/nav><\/div>\n\n<h2><span class=\"ez-toc-section\" id=\"Purpose_of_the_Terms_and_Conditions_and_Information\"><\/span>Scopo dei Termini e condizioni e delle informazioni<span class=\"ez-toc-section-end\"><\/span><\/h2>\n<p>I Termini e Condizioni qui stipulati hanno lo scopo di delineare le norme e i regolamenti che regolano il rapporto tra LiveCasinoFinder.com e i suoi utenti. \u00c8 essenziale che gli utenti comprendano i loro diritti, obblighi e limitazioni nell'utilizzo dei servizi forniti da LiveCasinoFinder.com.<\/p>\n<h2><span class=\"ez-toc-section\" id=\"Disclaimer_and_Legal_Advice\"><\/span>Esclusione di responsabilit\u00e0 e consulenza legale<span class=\"ez-toc-section-end\"><\/span><\/h2>\n<p>Si prega di notare che il contenuto di LiveCasinoFinder.com \u00e8 solo a scopo informativo. Nulla di quanto contenuto in questo sito deve essere considerato come consulenza legale. Gli utenti devono consultare un legale per le questioni legali, in particolare per quanto riguarda il gioco d'azzardo online.<\/p>\n<h2><span class=\"ez-toc-section\" id=\"LiveCasinoFindercom_as_an_Independent_Gambling_Directory_and_Information_Service\"><\/span>LiveCasinoFinder.com \u00e8 una directory e un servizio di informazione indipendente sul gioco d'azzardo.<span class=\"ez-toc-section-end\"><\/span><\/h2>\n<p>LiveCasinoFinder.com \u00e8 una directory online indipendente e un servizio di informazione che offre recensioni e approfondimenti sui live casino. Non gestiamo alcun servizio di gioco d'azzardo e non siamo affiliati ad alcun operatore di casin\u00f2.<\/p>\n<h2><span class=\"ez-toc-section\" id=\"Accuracy_of_Information\"><\/span>Accuratezza delle informazioni<span class=\"ez-toc-section-end\"><\/span><\/h2>\n<p>Sebbene LiveCasinoFinder.com compia notevoli sforzi per assicurare che le informazioni fornite siano accurate e aggiornate, non possiamo garantirne l'assoluta accuratezza. Gli utenti sono invitati ad esercitare la massima discrezione e a verificare le informazioni in modo indipendente.<\/p>\n<h2><span class=\"ez-toc-section\" id=\"User_Responsibility_for_Legality_of_Games_and_Wagers\"><\/span>Responsabilit\u00e0 dell'utente per la legalit\u00e0 dei giochi e delle scommesse<span class=\"ez-toc-section-end\"><\/span><\/h2>\n<p>In qualit\u00e0 di utente di LiveCasinoFinder.com, l'utente \u00e8 l'unico responsabile della conformit\u00e0 alle leggi e ai regolamenti relativi al gioco d'azzardo nella propria giurisdizione. Ci\u00f2 include la legalit\u00e0 dei giochi e delle scommesse a cui si partecipa.<\/p>\n<h2><span class=\"ez-toc-section\" id=\"Limitation_of_Liability\"><\/span>Limitazione di responsabilit\u00e0<span class=\"ez-toc-section-end\"><\/span><\/h2>\n<p>Utilizzando LiveCasinoFinder.com, l'utente accetta di indennizzare il sito, i suoi dipendenti e i suoi affiliati da qualsiasi reclamo, danno o altra responsabilit\u00e0 che possa derivare dall'uso delle informazioni o dei servizi forniti.<\/p>\n<h2><span class=\"ez-toc-section\" id=\"Modification_of_Information_and_Future_Obligations\"><\/span>Modifica delle informazioni e degli obblighi futuri<span class=\"ez-toc-section-end\"><\/span><\/h2>\n<p>LiveCasinoFinder.com si riserva il diritto di modificare o rimuovere qualsiasi informazione fornita senza preavviso. Si consiglia agli utenti di rivedere regolarmente i Termini e Condizioni per verificare la presenza di eventuali aggiornamenti.<\/p>\n<h2><span class=\"ez-toc-section\" id=\"Trademarks_and_Copyrights\"><\/span>Marchi e copyright<span class=\"ez-toc-section-end\"><\/span><\/h2>\n<p>Tutti i contenuti, compresi testi, immagini e loghi presenti su LiveCasinoFinder.com, sono di propriet\u00e0 del sito o dei suoi fornitori di contenuti e sono protetti dalle leggi internazionali sul copyright.<\/p>\n<h2><span class=\"ez-toc-section\" id=\"Copying_and_Transmission_Restrictions\"><\/span>Limitazioni alla copia e alla trasmissione<span class=\"ez-toc-section-end\"><\/span><\/h2>\n<p>Agli utenti \u00e8 vietato copiare, ridistribuire o ripubblicare qualsiasi parte del contenuto di LiveCasinoFinder.com senza l'esplicito permesso scritto dei proprietari del sito.<\/p>\n<h2><span class=\"ez-toc-section\" id=\"Intellectual_Property_Rights\"><\/span>Diritti di propriet\u00e0 intellettuale<span class=\"ez-toc-section-end\"><\/span><\/h2>\n<p>LiveCasinoFinder.com detiene i diritti di propriet\u00e0 intellettuale sui contenuti, i servizi e i marchi di fabbrica di questo sito web. L'uso non autorizzato di tali propriet\u00e0 \u00e8 severamente vietato e pu\u00f2 essere soggetto ad azioni legali.<\/p>\n<h2><span class=\"ez-toc-section\" id=\"Information_Accuracy_and_Reporting\"><\/span>Accuratezza delle informazioni e reportistica<span class=\"ez-toc-section-end\"><\/span><\/h2>\n<p>Se trovate su LiveCasinoFinder.com informazioni inesatte o fuorvianti, vi preghiamo di segnalarcele. Ci impegniamo per l'eccellenza e apprezziamo la collaborazione dei nostri utenti nel mantenere l'integrit\u00e0 del nostro sito.<\/p>\n<h2><span class=\"ez-toc-section\" id=\"Content_Removal_and_Discretion_of_livecasinofindercom\"><\/span>Rimozione dei contenuti e discrezione di livecasinofinder.com<span class=\"ez-toc-section-end\"><\/span><\/h2>\n<p>I contenuti possono essere rimossi o modificati a discrezione di livecasinofinder.com in conformit\u00e0 alle nostre politiche e a qualsiasi legge applicabile.<\/p>\n<h2><span class=\"ez-toc-section\" id=\"Live_Casino_Finder_Complaints_Service\"><\/span>Servizio reclami di Live Casino Finder<span class=\"ez-toc-section-end\"><\/span><\/h2>\n<p>In caso di reclami o problemi relativi ai servizi forniti da LiveCasinoFinder.com, vi invitiamo a contattarci attraverso il nostro Servizio Reclami. Apprezziamo il vostro feedback e affronteremo i vostri problemi al meglio delle nostre possibilit\u00e0.<\/p>\n<h2><span class=\"ez-toc-section\" id=\"Terms_and_Conditions_of_LiveCasinoFindercom\"><\/span>Termini e condizioni di LiveCasinoFinder.com<span class=\"ez-toc-section-end\"><\/span><\/h2>\n<p>Utilizzando questo sito, l'utente accetta i Termini e le Condizioni indicati nel presente documento. L'uso continuato del sito in seguito ad eventuali aggiornamenti di questi Termini e condizioni implica l'accettazione delle modifiche.<\/p>\n<h2><span class=\"ez-toc-section\" id=\"Conclusion\"><\/span>Live Casin\u00f2 online che accettano bonifico bancario - Conclusione<span class=\"ez-toc-section-end\"><\/span><\/h2>\n<p>Utilizzando LiveCasinoFinder.com, l'utente accetta i Termini e le Condizioni stabiliti in questo documento. \u00c8 vostra responsabilit\u00e0 rimanere informati su questi Termini e Condizioni e utilizzare questo sito e le sue informazioni in modo responsabile ed entro i limiti della legge.<\/p>","protected":false},"excerpt":{"rendered":"<p>Benvenuti a LiveCasinoFinder.com. I seguenti Termini e Condizioni regolano l'uso del sito web LiveCasinoFinder.com. \u00c8 indispensabile che leggiate e comprendiate questi Termini e Condizioni prima di utilizzare i nostri servizi. Scopo dei Termini e Condizioni e delle informazioni I Termini e Condizioni qui stipulati hanno lo scopo di delineare le regole e i regolamenti che dettano [...]<\/p>","protected":false},"author":1,"featured_media":0,"parent":0,"menu_order":0,"comment_status":"closed","ping_status":"closed","template":"page-no-sidebar.php","meta":{"_lmt_disableupdate":"no","_lmt_disable":"no","footnotes":""},"class_list":["post-2113","page","type-page","status-publish","hentry"],"yoast_head":"<!-- This site is optimized with the Yoast SEO plugin v26.4 - https:\/\/yoast.com\/wordpress\/plugins\/seo\/ -->\n<title>Terms and Conditions Overview<\/title>\n<meta name=\"description\" content=\"Review the terms and conditions of Live Casino Finder to understand your rights and responsibilities while using our site and services.\" \/>\n<meta name=\"robots\" content=\"index, follow, max-snippet:-1, max-image-preview:large, max-video-preview:-1\" \/>\n<link rel=\"canonical\" href=\"https:\/\/livecasinofinder.com\/wp-json\/wp\/v2\/pages\/2113\/\" \/>\n<meta property=\"og:locale\" content=\"it_IT\" \/>\n<meta property=\"og:type\" content=\"article\" \/>\n<meta property=\"og:title\" content=\"Terms and Conditions Overview\" \/>\n<meta property=\"og:description\" content=\"Review the terms and conditions of Live Casino Finder to understand your rights and responsibilities while using our site and services.\" \/>\n<meta property=\"og:url\" content=\"https:\/\/livecasinofinder.com\/it\/terms-and-conditions\/\" \/>\n<meta property=\"og:site_name\" content=\"livecasinofinder.com\" \/>\n<meta property=\"article:modified_time\" content=\"2025-06-03T11:11:51+00:00\" \/>\n<meta property=\"og:image\" content=\"https:\/\/livecasinofinder.com\/wp-content\/uploads\/2023\/03\/lucasoilraceway-logo-1.png\" \/>\n\t<meta property=\"og:image:width\" content=\"427\" \/>\n\t<meta property=\"og:image:height\" content=\"145\" \/>\n\t<meta property=\"og:image:type\" content=\"image\/png\" \/>\n<meta name=\"twitter:card\" content=\"summary_large_image\" \/>\n<meta name=\"twitter:label1\" content=\"Tempo di lettura stimato\" \/>\n\t<meta name=\"twitter:data1\" content=\"3 minuti\" \/>\n<!-- \/ Yoast SEO plugin. -->","yoast_head_json":{"title":"Terms and Conditions Overview","description":"Review the terms and conditions of Live Casino Finder to understand your rights and responsibilities while using our site and services.","robots":{"index":"index","follow":"follow","max-snippet":"max-snippet:-1","max-image-preview":"max-image-preview:large","max-video-preview":"max-video-preview:-1"},"canonical":"https:\/\/livecasinofinder.com\/wp-json\/wp\/v2\/pages\/2113\/","og_locale":"it_IT","og_type":"article","og_title":"Terms and Conditions Overview","og_description":"Review the terms and conditions of Live Casino Finder to understand your rights and responsibilities while using our site and services.","og_url":"https:\/\/livecasinofinder.com\/it\/terms-and-conditions\/","og_site_name":"livecasinofinder.com","article_modified_time":"2025-06-03T11:11:51+00:00","og_image":[{"width":427,"height":145,"url":"https:\/\/livecasinofinder.com\/wp-content\/uploads\/2023\/03\/lucasoilraceway-logo-1.png","type":"image\/png"}],"twitter_card":"summary_large_image","twitter_misc":{"Tempo di lettura stimato":"3 minuti"},"schema":{"@context":"https:\/\/schema.org","@graph":[{"@type":"WebPage","@id":"https:\/\/livecasinofinder.com\/terms-and-conditions\/","url":"https:\/\/livecasinofinder.com\/terms-and-conditions\/","name":"Terms and Conditions Overview","isPartOf":{"@id":"https:\/\/livecasinofinder.com\/ja\/#website"},"datePublished":"2023-06-20T14:28:59+00:00","dateModified":"2025-06-03T11:11:51+00:00","description":"Review the terms and conditions of Live Casino Finder to understand your rights and responsibilities while using our site and services.","breadcrumb":{"@id":"https:\/\/livecasinofinder.com\/terms-and-conditions\/#breadcrumb"},"inLanguage":"it-IT","potentialAction":[{"@type":"ReadAction","target":["https:\/\/livecasinofinder.com\/terms-and-conditions\/"]}]},{"@type":"BreadcrumbList","@id":"https:\/\/livecasinofinder.com\/terms-and-conditions\/#breadcrumb","itemListElement":[{"@type":"ListItem","position":1,"name":"LiveCasinoFinder.com","item":"https:\/\/livecasinofinder.com\/fr\/"},{"@type":"ListItem","position":2,"name":"Terms and Conditions"}]},{"@type":"WebSite","@id":"https:\/\/livecasinofinder.com\/ja\/#website","url":"https:\/\/livecasinofinder.com\/ja\/","name":"livecasinofinder","description":"","publisher":{"@id":"https:\/\/livecasinofinder.com\/ja\/#organization"},"alternateName":"Lucas oil raceway live casino","potentialAction":[{"@type":"SearchAction","target":{"@type":"EntryPoint","urlTemplate":"https:\/\/livecasinofinder.com\/ja\/?s={search_term_string}"},"query-input":{"@type":"PropertyValueSpecification","valueRequired":true,"valueName":"search_term_string"}}],"inLanguage":"it-IT"},{"@type":"Organization","@id":"https:\/\/livecasinofinder.com\/ja\/#organization","name":"Trova casin\u00f2 dal vivo","alternateName":"Lucas oil raceway live casino","url":"https:\/\/livecasinofinder.com\/ja\/","logo":{"@type":"ImageObject","inLanguage":"it-IT","@id":"https:\/\/livecasinofinder.com\/ja\/#\/schema\/logo\/image\/","url":"https:\/\/livecasinofinder.com\/wp-content\/uploads\/2023\/04\/livecasinofinder-logo.png","contentUrl":"https:\/\/livecasinofinder.com\/wp-content\/uploads\/2023\/04\/livecasinofinder-logo.png","width":1600,"height":453,"caption":"Live Casino Finder"},"image":{"@id":"https:\/\/livecasinofinder.com\/ja\/#\/schema\/logo\/image\/"}}]}},"_links":{"self":[{"href":"https:\/\/livecasinofinder.com\/it\/wp-json\/wp\/v2\/pages\/2113","targetHints":{"allow":["GET"]}}],"collection":[{"href":"https:\/\/livecasinofinder.com\/it\/wp-json\/wp\/v2\/pages"}],"about":[{"href":"https:\/\/livecasinofinder.com\/it\/wp-json\/wp\/v2\/types\/page"}],"author":[{"embeddable":true,"href":"https:\/\/livecasinofinder.com\/it\/wp-json\/wp\/v2\/users\/1"}],"replies":[{"embeddable":true,"href":"https:\/\/livecasinofinder.com\/it\/wp-json\/wp\/v2\/comments?post=2113"}],"version-history":[{"count":0,"href":"https:\/\/livecasinofinder.com\/it\/wp-json\/wp\/v2\/pages\/2113\/revisions"}],"wp:attachment":[{"href":"https:\/\/livecasinofinder.com\/it\/wp-json\/wp\/v2\/media?parent=2113"}],"curies":[{"name":"wp","href":"https:\/\/api.w.org\/{rel}","templated":true}]}}