{"id":2105,"date":"2023-06-20T14:36:13","date_gmt":"2023-06-20T14:36:13","guid":{"rendered":"https:\/\/livecasinofinder.com\/?page_id=2105"},"modified":"2025-06-03T11:10:21","modified_gmt":"2025-06-03T11:10:21","slug":"cookie-policy","status":"publish","type":"page","link":"https:\/\/livecasinofinder.com\/it\/cookie-policy\/","title":{"rendered":"Informativa sui cookie"},"content":{"rendered":"<p>Benvenuti a <a href=\"\/it\/\">Trova casin\u00f2 dal vivo<\/a>la tua destinazione definitiva per tutto ci\u00f2 che riguarda il gioco d'azzardo live casino! Ci impegniamo a fornirvi un'esperienza di gioco online coinvolgente ed emozionante come nessun'altra. Nell'intraprendere questo esaltante viaggio verso ether, vogliamo far luce sulla nostra politica completa sui cookie. Il nostro impegno per la trasparenza, la privacy e l'offerta di un'esperienza utente eccezionale \u00e8 in prima linea in tutto ci\u00f2 che facciamo.<\/p>\n<div id=\"ez-toc-container\" class=\"ez-toc-v2_0_63 counter-hierarchy ez-toc-counter ez-toc-grey ez-toc-container-direction\">\n<label for=\"ez-toc-cssicon-toggle-item-69ed40797c8fc\" class=\"ez-toc-cssicon-toggle-label\"><span class=\"ez-toc-cssicon\"><span class=\"eztoc-hide\" style=\"display:none;\">Toggle<\/span><span class=\"ez-toc-icon-toggle-span\"><svg style=\"fill: #999;color:#999\" xmlns=\"http:\/\/www.w3.org\/2000\/svg\" class=\"list-377408\" width=\"20px\" height=\"20px\" viewbox=\"0 0 24 24\" fill=\"none\"><path d=\"M6 6H4v2h2V6zm14 0H8v2h12V6zM4 11h2v2H4v-2zm16 0H8v2h12v-2zM4 16h2v2H4v-2zm16 0H8v2h12v-2z\" fill=\"currentColor\"><\/path><\/svg><svg style=\"fill: #999;color:#999\" class=\"arrow-unsorted-368013\" xmlns=\"http:\/\/www.w3.org\/2000\/svg\" width=\"10px\" height=\"10px\" viewbox=\"0 0 24 24\" version=\"1.2\" baseprofile=\"tiny\"><path d=\"M18.2 9.3l-6.2-6.3-6.2 6.3c-.2.2-.3.4-.3.7s.1.5.3.7c.2.2.4.3.7.3h11c.3 0 .5-.1.7-.3.2-.2.3-.5.3-.7s-.1-.5-.3-.7zM5.8 14.7l6.2 6.3 6.2-6.3c.2-.2.3-.5.3-.7s-.1-.5-.3-.7c-.2-.2-.4-.3-.7-.3h-11c-.3 0-.5.1-.7.3-.2.2-.3.5-.3.7s.1.5.3.7z\"\/><\/svg><\/span><\/span><\/label><input type=\"checkbox\"  id=\"ez-toc-cssicon-toggle-item-69ed40797c8fc\" checked aria-label=\"Toggle\" \/><nav><ul class='ez-toc-list ez-toc-list-level-1' ><li class='ez-toc-page-1 ez-toc-heading-level-2'><a class=\"ez-toc-link ez-toc-heading-1\" href=\"https:\/\/livecasinofinder.com\/it\/cookie-policy\/#Live_Casino_Finder_Comprehensive_Cookie_Policy\" title=\"Informativa completa sui cookie di Live Casino Finder\">Informativa completa sui cookie di Live Casino Finder<\/a><\/li><li class='ez-toc-page-1 ez-toc-heading-level-2'><a class=\"ez-toc-link ez-toc-heading-2\" href=\"https:\/\/livecasinofinder.com\/it\/cookie-policy\/#Exploring_the_Concept_of_Cookies\" title=\"Esplorare il concetto di cookie\">Esplorare il concetto di cookie<\/a><\/li><li class='ez-toc-page-1 ez-toc-heading-level-2'><a class=\"ez-toc-link ez-toc-heading-3\" href=\"https:\/\/livecasinofinder.com\/it\/cookie-policy\/#Our_Application_of_Cookies\" title=\"La nostra applicazione dei cookie\">La nostra applicazione dei cookie<\/a><\/li><li class='ez-toc-page-1 ez-toc-heading-level-2'><a class=\"ez-toc-link ez-toc-heading-4\" href=\"https:\/\/livecasinofinder.com\/it\/cookie-policy\/#Categories_of_Cookies_We_Use\" title=\"Categorie di cookie che utilizziamo\">Categorie di cookie che utilizziamo<\/a><\/li><li class='ez-toc-page-1 ez-toc-heading-level-2'><a class=\"ez-toc-link ez-toc-heading-5\" href=\"https:\/\/livecasinofinder.com\/it\/cookie-policy\/#Managing_Your_Cookie_Preferences\" title=\"Gestione delle preferenze sui cookie\">Gestione delle preferenze sui cookie<\/a><\/li><\/ul><\/nav><\/div>\n\n<h2><span class=\"ez-toc-section\" id=\"Live_Casino_Finder_Comprehensive_Cookie_Policy\"><\/span>Informativa completa sui cookie di Live Casino Finder<span class=\"ez-toc-section-end\"><\/span><\/h2>\n<p>Noi di Live Casino Finder diamo priorit\u00e0 alla vostra privacy, offrendovi un'esperienza di navigazione personalizzata e senza interruzioni. La nostra politica completa sui cookie \u00e8 stata concepita per fornire chiarezza e garanzia, assicurando che la vostra privacy rimanga protetta mentre esplorate l'affascinante mondo del gioco live casino.<\/p>\n<h2><span class=\"ez-toc-section\" id=\"Exploring_the_Concept_of_Cookies\"><\/span>Esplorare il concetto di cookie<span class=\"ez-toc-section-end\"><\/span><\/h2>\n<p>I cookie sono piccoli file di testo che vengono inviati al vostro dispositivo quando visitate il nostro sito web. Queste meraviglie digitali svolgono un ruolo fondamentale nell'ottimizzare il tempo trascorso con noi. Permettendoci di riconoscere e ricordare l'utente, i cookie consentono un viaggio personalizzato e senza interruzioni, adattato alle sue preferenze. Noi di Live Casino Finder sfruttiamo la potenza dei cookie per rendere la vostra esperienza pi\u00f9 piacevole, efficiente e interattiva.<\/p>\n<h2><span class=\"ez-toc-section\" id=\"Our_Application_of_Cookies\"><\/span>La nostra applicazione dei cookie<span class=\"ez-toc-section-end\"><\/span><\/h2>\n<p>Sfruttiamo i cookie per portare la vostra avventura di gioco live casino a nuovi livelli. Questi potenti strumenti ci aiutano a offrire un'esperienza personalizzata e incentrata sull'utente. Utilizzando i cookie, possiamo ricordare le vostre preferenze, assicurando che ogni visita sia un invito su misura a un mondo di emozioni. Che si tratti di personalizzare i consigli di gioco, di ricordare le impostazioni preferite o di offrire promozioni esclusive, i cookie ci permettono di creare un'esperienza indimenticabile solo per voi.<\/p>\n<h2><span class=\"ez-toc-section\" id=\"Categories_of_Cookies_We_Use\"><\/span>Categorie di cookie che utilizziamo<span class=\"ez-toc-section-end\"><\/span><\/h2>\n<ol>\n<li>Cookie necessari: Questi cookie sono fondamentali per il funzionamento del nostro sito web. Permettono di attivare funzioni fondamentali come il login sicuro, la gestione del conto e le transazioni senza interruzioni, assicurando che la vostra esperienza di gioco rimanga fluida e ininterrotta.<\/li>\n<li>Cookie di prestazione: Noi di Live Casino Finder ci sforziamo di offrirvi la migliore esperienza di gioco live casino. I cookie di prestazione ci permettono di raccogliere informazioni sulle modalit\u00e0 di navigazione sul nostro sito web, consentendoci di analizzare e ottimizzare le prestazioni della nostra piattaforma. Migliorando continuamente i nostri servizi, garantiamo che la vostra esperienza di gioco sia veloce, affidabile ed eccezionale.<\/li>\n<li>Cookie di funzionalit\u00e0: Il nostro impegno per la personalizzazione si riflette nell'uso di cookie di funzionalit\u00e0. Questi cookie ci consentono di ricordare le preferenze dell'utente, creando un ambiente di gioco personalizzato e coinvolgente solo per lui. Dal ricordo delle preferenze linguistiche all'offerta di opzioni di gioco pertinenti, i cookie di funzionalit\u00e0 rendono la vostra avventura di gioco live casino indimenticabile.<\/li>\n<\/ol>\n<h2><span class=\"ez-toc-section\" id=\"Managing_Your_Cookie_Preferences\"><\/span>Gestione delle preferenze sui cookie<span class=\"ez-toc-section-end\"><\/span><\/h2>\n<p>Crediamo che l'utente debba avere il controllo sulla propria privacy e sulla propria esperienza di navigazione. Live Casino Finder vi offre opzioni semplici per gestire le preferenze sui cookie in base alle vostre preferenze. \u00c8 possibile regolare le impostazioni attraverso il proprio browser, scegliendo di accettare o rifiutare i cookie. Tuttavia, si prega di notare che la disabilitazione dei cookie pu\u00f2 limitare alcune caratteristiche e funzionalit\u00e0 del nostro sito web. Ci sforziamo di trovare il perfetto equilibrio tra personalizzazione e privacy, assicurando che il vostro viaggio con Live Casino Finder sia sicuro, senza interruzioni e su misura per i vostri desideri.<\/p>\n<p>In conclusione, la politica completa sui cookie di Live Casino Finder dimostra il nostro impegno incondizionato per la trasparenza, la privacy e l'offerta di un'esperienza di gioco straordinaria. Con il potere dei cookie, ci proponiamo di creare un viaggio personalizzato e coinvolgente, fatto su misura per le vostre preferenze. Unitevi a noi nell'esplorazione dell'affascinante mondo del gioco live casino, sapendo che la vostra privacy \u00e8 rispettata, la vostra esperienza \u00e8 ottimizzata e la vostra soddisfazione \u00e8 la nostra massima priorit\u00e0. Benvenuti su Live Casino Finder, dove l'emozione del gioco dal vivo vi aspetta!<\/p>","protected":false},"excerpt":{"rendered":"<p>Benvenuti su Live Casino Finder, la vostra destinazione definitiva per tutto ci\u00f2 che riguarda il gioco live casino! Ci dedichiamo a fornirvi un'esperienza di gioco online coinvolgente ed emozionante come nessun'altra. Nell'intraprendere questo esaltante viaggio verso ether, vogliamo far luce sulla nostra politica completa sui cookie. Il nostro impegno per la trasparenza, la privacy e [...]<\/p>","protected":false},"author":1,"featured_media":0,"parent":0,"menu_order":0,"comment_status":"closed","ping_status":"closed","template":"page-no-sidebar.php","meta":{"_lmt_disableupdate":"no","_lmt_disable":"no","footnotes":""},"class_list":["post-2105","page","type-page","status-publish","hentry"],"yoast_head":"<!-- This site is optimized with the Yoast SEO plugin v26.4 - https:\/\/yoast.com\/wordpress\/plugins\/seo\/ -->\n<title>Cookie Policy and Data Use<\/title>\n<meta name=\"description\" content=\"Understand how Live Casino Finder uses cookies to improve your experience and provide relevant content while protecting your privacy and data security.\" \/>\n<meta name=\"robots\" content=\"index, follow, max-snippet:-1, max-image-preview:large, max-video-preview:-1\" \/>\n<link rel=\"canonical\" href=\"https:\/\/livecasinofinder.com\/wp-json\/wp\/v2\/pages\/2105\/\" \/>\n<meta property=\"og:locale\" content=\"it_IT\" \/>\n<meta property=\"og:type\" content=\"article\" \/>\n<meta property=\"og:title\" content=\"Cookie Policy and Data Use\" \/>\n<meta property=\"og:description\" content=\"Understand how Live Casino Finder uses cookies to improve your experience and provide relevant content while protecting your privacy and data security.\" \/>\n<meta property=\"og:url\" content=\"https:\/\/livecasinofinder.com\/it\/cookie-policy\/\" \/>\n<meta property=\"og:site_name\" content=\"livecasinofinder.com\" \/>\n<meta property=\"article:modified_time\" content=\"2025-06-03T11:10:21+00:00\" \/>\n<meta property=\"og:image\" content=\"https:\/\/livecasinofinder.com\/wp-content\/uploads\/2023\/03\/lucasoilraceway-logo-1.png\" \/>\n\t<meta property=\"og:image:width\" content=\"427\" \/>\n\t<meta property=\"og:image:height\" content=\"145\" \/>\n\t<meta property=\"og:image:type\" content=\"image\/png\" \/>\n<meta name=\"twitter:card\" content=\"summary_large_image\" \/>\n<meta name=\"twitter:label1\" content=\"Tempo di lettura stimato\" \/>\n\t<meta name=\"twitter:data1\" content=\"3 minuti\" \/>\n<!-- \/ Yoast SEO plugin. -->","yoast_head_json":{"title":"Cookie Policy and Data Use","description":"Understand how Live Casino Finder uses cookies to improve your experience and provide relevant content while protecting your privacy and data security.","robots":{"index":"index","follow":"follow","max-snippet":"max-snippet:-1","max-image-preview":"max-image-preview:large","max-video-preview":"max-video-preview:-1"},"canonical":"https:\/\/livecasinofinder.com\/wp-json\/wp\/v2\/pages\/2105\/","og_locale":"it_IT","og_type":"article","og_title":"Cookie Policy and Data Use","og_description":"Understand how Live Casino Finder uses cookies to improve your experience and provide relevant content while protecting your privacy and data security.","og_url":"https:\/\/livecasinofinder.com\/it\/cookie-policy\/","og_site_name":"livecasinofinder.com","article_modified_time":"2025-06-03T11:10:21+00:00","og_image":[{"width":427,"height":145,"url":"https:\/\/livecasinofinder.com\/wp-content\/uploads\/2023\/03\/lucasoilraceway-logo-1.png","type":"image\/png"}],"twitter_card":"summary_large_image","twitter_misc":{"Tempo di lettura stimato":"3 minuti"},"schema":{"@context":"https:\/\/schema.org","@graph":[{"@type":"WebPage","@id":"https:\/\/livecasinofinder.com\/cookie-policy\/","url":"https:\/\/livecasinofinder.com\/cookie-policy\/","name":"Cookie Policy and Data Use","isPartOf":{"@id":"https:\/\/livecasinofinder.com\/ja\/#website"},"datePublished":"2023-06-20T14:36:13+00:00","dateModified":"2025-06-03T11:10:21+00:00","description":"Understand how Live Casino Finder uses cookies to improve your experience and provide relevant content while protecting your privacy and data security.","breadcrumb":{"@id":"https:\/\/livecasinofinder.com\/cookie-policy\/#breadcrumb"},"inLanguage":"it-IT","potentialAction":[{"@type":"ReadAction","target":["https:\/\/livecasinofinder.com\/cookie-policy\/"]}]},{"@type":"BreadcrumbList","@id":"https:\/\/livecasinofinder.com\/cookie-policy\/#breadcrumb","itemListElement":[{"@type":"ListItem","position":1,"name":"LiveCasinoFinder.com","item":"https:\/\/livecasinofinder.com\/fr\/"},{"@type":"ListItem","position":2,"name":"Cookie Policy"}]},{"@type":"WebSite","@id":"https:\/\/livecasinofinder.com\/ja\/#website","url":"https:\/\/livecasinofinder.com\/ja\/","name":"livecasinofinder","description":"","publisher":{"@id":"https:\/\/livecasinofinder.com\/ja\/#organization"},"alternateName":"Lucas oil raceway live casino","potentialAction":[{"@type":"SearchAction","target":{"@type":"EntryPoint","urlTemplate":"https:\/\/livecasinofinder.com\/ja\/?s={search_term_string}"},"query-input":{"@type":"PropertyValueSpecification","valueRequired":true,"valueName":"search_term_string"}}],"inLanguage":"it-IT"},{"@type":"Organization","@id":"https:\/\/livecasinofinder.com\/ja\/#organization","name":"Trova casin\u00f2 dal vivo","alternateName":"Lucas oil raceway live casino","url":"https:\/\/livecasinofinder.com\/ja\/","logo":{"@type":"ImageObject","inLanguage":"it-IT","@id":"https:\/\/livecasinofinder.com\/ja\/#\/schema\/logo\/image\/","url":"https:\/\/livecasinofinder.com\/wp-content\/uploads\/2023\/04\/livecasinofinder-logo.png","contentUrl":"https:\/\/livecasinofinder.com\/wp-content\/uploads\/2023\/04\/livecasinofinder-logo.png","width":1600,"height":453,"caption":"Live Casino Finder"},"image":{"@id":"https:\/\/livecasinofinder.com\/ja\/#\/schema\/logo\/image\/"}}]}},"_links":{"self":[{"href":"https:\/\/livecasinofinder.com\/it\/wp-json\/wp\/v2\/pages\/2105","targetHints":{"allow":["GET"]}}],"collection":[{"href":"https:\/\/livecasinofinder.com\/it\/wp-json\/wp\/v2\/pages"}],"about":[{"href":"https:\/\/livecasinofinder.com\/it\/wp-json\/wp\/v2\/types\/page"}],"author":[{"embeddable":true,"href":"https:\/\/livecasinofinder.com\/it\/wp-json\/wp\/v2\/users\/1"}],"replies":[{"embeddable":true,"href":"https:\/\/livecasinofinder.com\/it\/wp-json\/wp\/v2\/comments?post=2105"}],"version-history":[{"count":0,"href":"https:\/\/livecasinofinder.com\/it\/wp-json\/wp\/v2\/pages\/2105\/revisions"}],"wp:attachment":[{"href":"https:\/\/livecasinofinder.com\/it\/wp-json\/wp\/v2\/media?parent=2105"}],"curies":[{"name":"wp","href":"https:\/\/api.w.org\/{rel}","templated":true}]}}